{"id":1064,"date":"2020-03-10T11:16:09","date_gmt":"2020-03-10T10:16:09","guid":{"rendered":"https:\/\/www.ih.com.pl\/bielsko-biala\/?page_id=1064"},"modified":"2025-10-29T10:43:23","modified_gmt":"2025-10-29T09:43:23","slug":"bezplatne-warsztaty-do-egzaminow-cambridge","status":"publish","type":"page","link":"https:\/\/www.ih.com.pl\/bielsko-biala\/bezplatne-warsztaty-do-egzaminow-cambridge\/","title":{"rendered":"Bezp\u0142atne warsztaty do egzamin\u00f3w Cambridge"},"content":{"rendered":"<div class=\"wpb-content-wrapper\"><p>[vc_row][vc_column width=&#8221;1\/1&#8243;][vc_custom_heading auto_text=&#8221;yes&#8221; separator=&#8221;yes&#8221; separator_color=&#8221;yes&#8221;]<\/p>\n<p style=\"text-align: left\"><strong>Exam Clubs, czyli jak skutecznie przygotowa\u0107 si\u0119 do egzamin\u00f3w.<\/strong><\/p>\n<p>[\/vc_custom_heading][\/vc_column][\/vc_row][vc_row][vc_column width=&#8221;1\/2&#8243;][vc_column_text]Exam Cluby to dla s\u0142uchaczy IH bezp\u0142atne, cykliczne warsztaty pomagaj\u0105ce przygotowa\u0107 si\u0119 do egzamin\u00f3w Cambridge. Podczas zaj\u0119\u0107 szkolimy techniki egzaminacyjne oraz zg\u0142\u0119biamy tajniki poszczeg\u00f3lnych cz\u0119\u015bci egzaminacyjnych.<br \/>\nZaj\u0119cia prowadzone s\u0105 zdalnie przez platform\u0119 Zoom. Link do zapis\u00f3w udost\u0119pniamy na dwa tygodnie przed terminem zaj\u0119\u0107. Dane do logowania otrzymuj\u0105 s\u0142uchacze, kt\u00f3rzy zarejestrowali si\u0119 poprzez formularz.<br \/>\nOsoby, kt\u00f3re nie s\u0105 s\u0142uchaczami naszej szko\u0142y IH mog\u0105 skorzysta\u0107 z powy\u017cszych warsztat\u00f3w pod warunkiem, \u017ce s\u0105 wolne miejsca. Koszt jednorazowych zaj\u0119\u0107 wynosi 50 z\u0142.[\/vc_column_text][\/vc_column][vc_column width=&#8221;1\/2&#8243;][vc_single_image media=&#8221;23&#8243; media_width_percent=&#8221;70&#8243; shape=&#8221;img-circle&#8221;][\/vc_column][\/vc_row][vc_row row_height_percent=&#8221;0&#8243; back_color=&#8221;color-gyho&#8221; overlay_alpha=&#8221;50&#8243; gutter_size=&#8221;3&#8243; column_width_percent=&#8221;100&#8243; shift_y=&#8221;0&#8243; z_index=&#8221;0&#8243;][vc_column width=&#8221;1\/2&#8243;][vc_column_text]Terminy warsztat\u00f3w przygotowuj\u0105cych do B2 First:<\/p>\n<p>20.10.2025<\/p>\n<p>20.11.2025<\/p>\n<p>11.12.2025<\/p>\n<p>15.01.2026<\/p>\n<p>05.02.2026<\/p>\n<p>19.03.2026<\/p>\n<p>23.04.2026<\/p>\n<p>14.05.2026[\/vc_column_text][\/vc_column][vc_column width=&#8221;1\/2&#8243;][vc_column_text]Terminy warsztat\u00f3w egzaminacyjnych C1 Advanced:<\/p>\n<p>27.10.2025<\/p>\n<p>24.11.2025<\/p>\n<p>15.12.2025<\/p>\n<p>19.01.2026<\/p>\n<p>09.03.2026<\/p>\n<p>13.04.2026<\/p>\n<p>04.05.2026<\/p>\n<p>18.05.2026[\/vc_column_text][\/vc_column][\/vc_row]<\/p>\n<\/div>","protected":false},"excerpt":{"rendered":"<p>[vc_row][vc_column width=&#8221;1\/1&#8243;][vc_custom_heading auto_text=&#8221;yes&#8221; separator=&#8221;yes&#8221; separator_color=&#8221;yes&#8221;] Exam Clubs, czyli jak skutecznie przygotowa\u0107 si\u0119 do egzamin\u00f3w. [\/vc_custom_heading][\/vc_column][\/vc_row][vc_row][vc_column width=&#8221;1\/2&#8243;][vc_column_text]Exam Cluby to dla s\u0142uchaczy [&hellip;]<\/p>\n","protected":false},"author":4,"featured_media":0,"parent":0,"menu_order":0,"comment_status":"closed","ping_status":"closed","template":"","meta":{"footnotes":""},"class_list":["post-1064","page","type-page","status-publish","hentry"],"yoast_head":"<!-- This site is optimized with the Yoast SEO plugin v26.8 - https:\/\/yoast.com\/product\/yoast-seo-wordpress\/ -->\n<title>Bezp\u0142atne warsztaty do egzamin\u00f3w Cambridge - IH Bielsko - Bia\u0142a<\/title>\n<meta name=\"robots\" content=\"index, follow, max-snippet:-1, max-image-preview:large, max-video-preview:-1\" \/>\n<link rel=\"canonical\" href=\"https:\/\/www.ih.com.pl\/bielsko-biala\/bezplatne-warsztaty-do-egzaminow-cambridge\/\" \/>\n<meta property=\"og:locale\" content=\"pl_PL\" \/>\n<meta property=\"og:type\" content=\"article\" \/>\n<meta property=\"og:title\" content=\"Bezp\u0142atne warsztaty do egzamin\u00f3w Cambridge - IH Bielsko - Bia\u0142a\" \/>\n<meta property=\"og:description\" content=\"[vc_row][vc_column width=&#8221;1\/1&#8243;][vc_custom_heading auto_text=&#8221;yes&#8221; separator=&#8221;yes&#8221; separator_color=&#8221;yes&#8221;] Exam Clubs, czyli jak skutecznie przygotowa\u0107 si\u0119 do egzamin\u00f3w. [\/vc_custom_heading][\/vc_column][\/vc_row][vc_row][vc_column width=&#8221;1\/2&#8243;][vc_column_text]Exam Cluby to dla s\u0142uchaczy [&hellip;]\" \/>\n<meta property=\"og:url\" content=\"https:\/\/www.ih.com.pl\/bielsko-biala\/bezplatne-warsztaty-do-egzaminow-cambridge\/\" \/>\n<meta property=\"og:site_name\" content=\"IH Bielsko - Bia\u0142a\" \/>\n<meta property=\"article:modified_time\" content=\"2025-10-29T09:43:23+00:00\" \/>\n<meta name=\"twitter:card\" content=\"summary_large_image\" \/>\n<meta name=\"twitter:label1\" content=\"Szacowany czas czytania\" \/>\n\t<meta name=\"twitter:data1\" content=\"1 minuta\" \/>\n<script type=\"application\/ld+json\" class=\"yoast-schema-graph\">{\"@context\":\"https:\/\/schema.org\",\"@graph\":[{\"@type\":\"WebPage\",\"@id\":\"https:\/\/www.ih.com.pl\/bielsko-biala\/bezplatne-warsztaty-do-egzaminow-cambridge\/\",\"url\":\"https:\/\/www.ih.com.pl\/bielsko-biala\/bezplatne-warsztaty-do-egzaminow-cambridge\/\",\"name\":\"Bezp\u0142atne warsztaty do egzamin\u00f3w Cambridge - IH Bielsko - Bia\u0142a\",\"isPartOf\":{\"@id\":\"https:\/\/www.ih.com.pl\/bielsko-biala\/#website\"},\"datePublished\":\"2020-03-10T10:16:09+00:00\",\"dateModified\":\"2025-10-29T09:43:23+00:00\",\"breadcrumb\":{\"@id\":\"https:\/\/www.ih.com.pl\/bielsko-biala\/bezplatne-warsztaty-do-egzaminow-cambridge\/#breadcrumb\"},\"inLanguage\":\"pl-PL\",\"potentialAction\":[{\"@type\":\"ReadAction\",\"target\":[\"https:\/\/www.ih.com.pl\/bielsko-biala\/bezplatne-warsztaty-do-egzaminow-cambridge\/\"]}]},{\"@type\":\"BreadcrumbList\",\"@id\":\"https:\/\/www.ih.com.pl\/bielsko-biala\/bezplatne-warsztaty-do-egzaminow-cambridge\/#breadcrumb\",\"itemListElement\":[{\"@type\":\"ListItem\",\"position\":1,\"name\":\"Strona g\u0142\u00f3wna\",\"item\":\"https:\/\/www.ih.com.pl\/bielsko-biala\/\"},{\"@type\":\"ListItem\",\"position\":2,\"name\":\"Bezp\u0142atne warsztaty do egzamin\u00f3w Cambridge\"}]},{\"@type\":\"WebSite\",\"@id\":\"https:\/\/www.ih.com.pl\/bielsko-biala\/#website\",\"url\":\"https:\/\/www.ih.com.pl\/bielsko-biala\/\",\"name\":\"IH Bielsko - Bia\u0142a\",\"description\":\"\",\"potentialAction\":[{\"@type\":\"SearchAction\",\"target\":{\"@type\":\"EntryPoint\",\"urlTemplate\":\"https:\/\/www.ih.com.pl\/bielsko-biala\/?s={search_term_string}\"},\"query-input\":{\"@type\":\"PropertyValueSpecification\",\"valueRequired\":true,\"valueName\":\"search_term_string\"}}],\"inLanguage\":\"pl-PL\"}]}<\/script>\n<!-- \/ Yoast SEO plugin. -->","yoast_head_json":{"title":"Bezp\u0142atne warsztaty do egzamin\u00f3w Cambridge - IH Bielsko - Bia\u0142a","robots":{"index":"index","follow":"follow","max-snippet":"max-snippet:-1","max-image-preview":"max-image-preview:large","max-video-preview":"max-video-preview:-1"},"canonical":"https:\/\/www.ih.com.pl\/bielsko-biala\/bezplatne-warsztaty-do-egzaminow-cambridge\/","og_locale":"pl_PL","og_type":"article","og_title":"Bezp\u0142atne warsztaty do egzamin\u00f3w Cambridge - IH Bielsko - Bia\u0142a","og_description":"[vc_row][vc_column width=&#8221;1\/1&#8243;][vc_custom_heading auto_text=&#8221;yes&#8221; separator=&#8221;yes&#8221; separator_color=&#8221;yes&#8221;] Exam Clubs, czyli jak skutecznie przygotowa\u0107 si\u0119 do egzamin\u00f3w. [\/vc_custom_heading][\/vc_column][\/vc_row][vc_row][vc_column width=&#8221;1\/2&#8243;][vc_column_text]Exam Cluby to dla s\u0142uchaczy [&hellip;]","og_url":"https:\/\/www.ih.com.pl\/bielsko-biala\/bezplatne-warsztaty-do-egzaminow-cambridge\/","og_site_name":"IH Bielsko - Bia\u0142a","article_modified_time":"2025-10-29T09:43:23+00:00","twitter_card":"summary_large_image","twitter_misc":{"Szacowany czas czytania":"1 minuta"},"schema":{"@context":"https:\/\/schema.org","@graph":[{"@type":"WebPage","@id":"https:\/\/www.ih.com.pl\/bielsko-biala\/bezplatne-warsztaty-do-egzaminow-cambridge\/","url":"https:\/\/www.ih.com.pl\/bielsko-biala\/bezplatne-warsztaty-do-egzaminow-cambridge\/","name":"Bezp\u0142atne warsztaty do egzamin\u00f3w Cambridge - IH Bielsko - Bia\u0142a","isPartOf":{"@id":"https:\/\/www.ih.com.pl\/bielsko-biala\/#website"},"datePublished":"2020-03-10T10:16:09+00:00","dateModified":"2025-10-29T09:43:23+00:00","breadcrumb":{"@id":"https:\/\/www.ih.com.pl\/bielsko-biala\/bezplatne-warsztaty-do-egzaminow-cambridge\/#breadcrumb"},"inLanguage":"pl-PL","potentialAction":[{"@type":"ReadAction","target":["https:\/\/www.ih.com.pl\/bielsko-biala\/bezplatne-warsztaty-do-egzaminow-cambridge\/"]}]},{"@type":"BreadcrumbList","@id":"https:\/\/www.ih.com.pl\/bielsko-biala\/bezplatne-warsztaty-do-egzaminow-cambridge\/#breadcrumb","itemListElement":[{"@type":"ListItem","position":1,"name":"Strona g\u0142\u00f3wna","item":"https:\/\/www.ih.com.pl\/bielsko-biala\/"},{"@type":"ListItem","position":2,"name":"Bezp\u0142atne warsztaty do egzamin\u00f3w Cambridge"}]},{"@type":"WebSite","@id":"https:\/\/www.ih.com.pl\/bielsko-biala\/#website","url":"https:\/\/www.ih.com.pl\/bielsko-biala\/","name":"IH Bielsko - Bia\u0142a","description":"","potentialAction":[{"@type":"SearchAction","target":{"@type":"EntryPoint","urlTemplate":"https:\/\/www.ih.com.pl\/bielsko-biala\/?s={search_term_string}"},"query-input":{"@type":"PropertyValueSpecification","valueRequired":true,"valueName":"search_term_string"}}],"inLanguage":"pl-PL"}]}},"_links":{"self":[{"href":"https:\/\/www.ih.com.pl\/bielsko-biala\/wp-json\/wp\/v2\/pages\/1064","targetHints":{"allow":["GET"]}}],"collection":[{"href":"https:\/\/www.ih.com.pl\/bielsko-biala\/wp-json\/wp\/v2\/pages"}],"about":[{"href":"https:\/\/www.ih.com.pl\/bielsko-biala\/wp-json\/wp\/v2\/types\/page"}],"author":[{"embeddable":true,"href":"https:\/\/www.ih.com.pl\/bielsko-biala\/wp-json\/wp\/v2\/users\/4"}],"replies":[{"embeddable":true,"href":"https:\/\/www.ih.com.pl\/bielsko-biala\/wp-json\/wp\/v2\/comments?post=1064"}],"version-history":[{"count":44,"href":"https:\/\/www.ih.com.pl\/bielsko-biala\/wp-json\/wp\/v2\/pages\/1064\/revisions"}],"predecessor-version":[{"id":5383,"href":"https:\/\/www.ih.com.pl\/bielsko-biala\/wp-json\/wp\/v2\/pages\/1064\/revisions\/5383"}],"wp:attachment":[{"href":"https:\/\/www.ih.com.pl\/bielsko-biala\/wp-json\/wp\/v2\/media?parent=1064"}],"curies":[{"name":"wp","href":"https:\/\/api.w.org\/{rel}","templated":true}]}}