{"id":1116,"date":"2020-03-16T08:46:24","date_gmt":"2020-03-16T07:46:24","guid":{"rendered":"https:\/\/www.ih.com.pl\/bielsko-biala\/?page_id=1116"},"modified":"2025-07-28T23:16:53","modified_gmt":"2025-07-28T21:16:53","slug":"zajecia-online-jak-uczestniczyc-w-zajeciach-przy-uzyciu-programu-zoom","status":"publish","type":"page","link":"https:\/\/www.ih.com.pl\/bielsko-biala\/zajecia-online-jak-uczestniczyc-w-zajeciach-przy-uzyciu-programu-zoom\/","title":{"rendered":"Grupowe i indywidualne zaj\u0119cia online"},"content":{"rendered":"<div class=\"wpb-content-wrapper\"><p>[vc_row][vc_column width=&#8221;1\/1&#8243;][vc_custom_heading]<strong>Prowadzimy r\u00f3wnie\u017c zaj\u0119cia grupowe i indywidualne online przy wykorzystaniu platformy Zoom.<\/strong>[\/vc_custom_heading][\/vc_column][\/vc_row][vc_row][vc_column width=&#8221;1\/2&#8243;][vc_column_text]Kursy angielskiego online ? Dlaczego nie! W naszej ofercie mo\u017cna znale\u017a\u0107 takie zaj\u0119cia zar\u00f3wno dla dzieci, m\u0142odzie\u017cy jak i doros\u0142ych.<br \/>\nNauka angielskiego online jest doskona\u0142ym rozwi\u0105zaniem dla os\u00f3b, kt\u00f3re nie chc\u0105 traci\u0107 czasu na dojazdy, ceni\u0105 sobie nauk\u0119 i prac\u0119 w zaciszu domowym.<br \/>\nW IH prowadzimy je przy wykorzystaniu platformy Zoom. Jak to dzia\u0142a ? Kliknij i sprawd\u017a jakie to proste <a href=\"https:\/\/www.ih.com.pl\/bielsko-biala\/instrukcja-uzytkowania-komunikatora-zoom\/\" target=\"_blank\" rel=\"noopener noreferrer\">https:\/\/www.ih.com.pl\/bielsko-biala\/instrukcja-uzytkowania-komunikatora-zoom\/<\/a>[\/vc_column_text][vc_separator sep_color=&#8221;color-210407&#8243;][vc_column_text]Zoom to program, kt\u00f3ry pozwala si\u0119 na zdalne komunikowanie si\u0119 u\u017cytkownik\u00f3w z r\u00f3\u017cnych miejsc.\u00a0 Wybrali\u015bmy go do prowadzenia naszych lekcji, bo jest prosty, czytelny, a daje mn\u00f3stwo mo\u017cliwo\u015bci.<\/p>\n<p><u><\/u>Program mo\u017ce by\u0107 zainstalowany na laptopie, komputerze stacjonarnym, ewentualnie tablecie lub smartphonie (korzystanie z zaj\u0119\u0107 online na ostatnich dw\u00f3ch urz\u0105dzeniach daje mniejsze mo\u017cliwo\u015bci dla s\u0142uchacza) \u2013 wa\u017cne, aby <u>urz\u0105dzenie by\u0142o wyposa\u017cone w dzia\u0142aj\u0105c\u0105 kamer\u0119 i mikrofon<\/u>.<\/p>\n<p>Potrzebny jest jeszcze tylko stabilny dost\u0119p do Internetu oraz zeszyt, podr\u0119czniki, pi\u00f3rnik &#8211; to b\u0119d\u0105 normalne zaj\u0119cia.<\/p>\n<p><strong>Przed pierwsz\u0105 lekcj\u0105:<\/strong><\/p>\n<p>1.\u00a0 Nale\u017cy pobra\u0107 aplikacj\u0119 Zoom. Je\u015bli instalacj\u0119 przeprowadzamy na smartfonie po klikni\u0119ciu w link nale\u017cy przej\u015b\u0107 do sklepu Google Play lub AppStore.<\/p>\n<p>2. Nale\u017cy zaakceptowa\u0107 pliki cookies i wyrazi\u0107 zgod\u0119 na u\u017cywanie przez aplikacj\u0119 mikrofonu \u00a0i kamery.<\/p>\n<p>3. Nast\u0119pnie nale\u017cy do\u0142\u0105czy\u0107 do spotkania klikaj\u0105c \u201eJoin meeting\u201d . ID meetingu i has\u0142o otrzymujecie od nas.<\/p>\n<p>4. Nale\u017cy sprawdzi\u0107 czy zar\u00f3wno mikrofon jak i kamera s\u0105 aktywne (obie ikony znajduj\u0105 si\u0119 w lewej, dolnej cz\u0119\u015bci okna programu).<\/p>\n<p>5. I gotowe \u2013 mo\u017cemy zaczyna\u0107!<\/p>\n<p>[\/vc_column_text][vc_separator sep_color=&#8221;color-210407&#8243;][vc_column_text]W okresie pandemii wszystkie zaj\u0119cia grupowe i indywidualne prowadzili\u015bmy zdalnie poprzez Zoom. W opinii naszych s\u0142uchaczy, kt\u00f3rzy podj\u0119li z nami to wyzwanie, to by\u0142a bardzo dobra decyzja. Program sprosta\u0142 oczekiwaniom zar\u00f3wno nauczycieli jak i uczni\u00f3w na tyle, \u017ce od tego roku szkolnego do naszej oferty na sta\u0142e wchodz\u0105 zaj\u0119cia online, zar\u00f3wno grupowe jak i indywidualne.<strong><br \/>\n<\/strong><\/p>\n<p>Masz pytania \u2013 skontaktuj si\u0119 z naszym biurem mailowo <a href=\"mailto:bielsko@ih.com.pl\">bielsko@ih.com.pl<\/a> lub telefonicznie: <a href=\"tel:338223330\">33\u00a0822 33 30<\/a>.[\/vc_column_text][\/vc_column][vc_column width=&#8221;1\/2&#8243;][vc_column_text]https:\/\/www.youtube.com\/watch?v=uKm8zIMuSfs&amp;feature=youtu.be[\/vc_column_text][vc_empty_space empty_h=&#8221;4&#8243;][vc_single_image media=&#8221;1787&#8243; media_width_percent=&#8221;100&#8243;][\/vc_column][\/vc_row][vc_row][vc_column width=&#8221;1\/1&#8243;][vc_gallery el_id=&#8221;gallery-181176&#8243; medias=&#8221;1262,1263,1264,1265,1266,1267,1268,1269&#8243; gutter_size=&#8221;3&#8243; screen_lg=&#8221;1000&#8243; screen_md=&#8221;600&#8243; screen_sm=&#8221;480&#8243; single_overlay_opacity=&#8221;50&#8243; single_padding=&#8221;2&#8243;][\/vc_column][\/vc_row]<\/p>\n<\/div>","protected":false},"excerpt":{"rendered":"<p>[vc_row][vc_column width=&#8221;1\/1&#8243;][vc_custom_heading]Prowadzimy r\u00f3wnie\u017c zaj\u0119cia grupowe i indywidualne online przy wykorzystaniu platformy Zoom.[\/vc_custom_heading][\/vc_column][\/vc_row][vc_row][vc_column width=&#8221;1\/2&#8243;][vc_column_text]Kursy angielskiego online ? Dlaczego nie! W naszej [&hellip;]<\/p>\n","protected":false},"author":4,"featured_media":0,"parent":0,"menu_order":0,"comment_status":"closed","ping_status":"closed","template":"","meta":{"footnotes":""},"class_list":["post-1116","page","type-page","status-publish","hentry"],"yoast_head":"<!-- This site is optimized with the Yoast SEO plugin v26.8 - https:\/\/yoast.com\/product\/yoast-seo-wordpress\/ -->\n<title>Grupowe i indywidualne zaj\u0119cia online - IH Bielsko - Bia\u0142a<\/title>\n<meta name=\"robots\" content=\"index, follow, max-snippet:-1, max-image-preview:large, max-video-preview:-1\" \/>\n<link rel=\"canonical\" href=\"https:\/\/www.ih.com.pl\/bielsko-biala\/zajecia-online-jak-uczestniczyc-w-zajeciach-przy-uzyciu-programu-zoom\/\" \/>\n<meta property=\"og:locale\" content=\"pl_PL\" \/>\n<meta property=\"og:type\" content=\"article\" \/>\n<meta property=\"og:title\" content=\"Grupowe i indywidualne zaj\u0119cia online - IH Bielsko - Bia\u0142a\" \/>\n<meta property=\"og:description\" content=\"[vc_row][vc_column width=&#8221;1\/1&#8243;][vc_custom_heading]Prowadzimy r\u00f3wnie\u017c zaj\u0119cia grupowe i indywidualne online przy wykorzystaniu platformy Zoom.[\/vc_custom_heading][\/vc_column][\/vc_row][vc_row][vc_column width=&#8221;1\/2&#8243;][vc_column_text]Kursy angielskiego online ? Dlaczego nie! W naszej [&hellip;]\" \/>\n<meta property=\"og:url\" content=\"https:\/\/www.ih.com.pl\/bielsko-biala\/zajecia-online-jak-uczestniczyc-w-zajeciach-przy-uzyciu-programu-zoom\/\" \/>\n<meta property=\"og:site_name\" content=\"IH Bielsko - Bia\u0142a\" \/>\n<meta property=\"article:modified_time\" content=\"2025-07-28T21:16:53+00:00\" \/>\n<meta name=\"twitter:card\" content=\"summary_large_image\" \/>\n<meta name=\"twitter:label1\" content=\"Szacowany czas czytania\" \/>\n\t<meta name=\"twitter:data1\" content=\"2 minuty\" \/>\n<script type=\"application\/ld+json\" class=\"yoast-schema-graph\">{\"@context\":\"https:\/\/schema.org\",\"@graph\":[{\"@type\":\"WebPage\",\"@id\":\"https:\/\/www.ih.com.pl\/bielsko-biala\/zajecia-online-jak-uczestniczyc-w-zajeciach-przy-uzyciu-programu-zoom\/\",\"url\":\"https:\/\/www.ih.com.pl\/bielsko-biala\/zajecia-online-jak-uczestniczyc-w-zajeciach-przy-uzyciu-programu-zoom\/\",\"name\":\"Grupowe i indywidualne zaj\u0119cia online - IH Bielsko - Bia\u0142a\",\"isPartOf\":{\"@id\":\"https:\/\/www.ih.com.pl\/bielsko-biala\/#website\"},\"datePublished\":\"2020-03-16T07:46:24+00:00\",\"dateModified\":\"2025-07-28T21:16:53+00:00\",\"breadcrumb\":{\"@id\":\"https:\/\/www.ih.com.pl\/bielsko-biala\/zajecia-online-jak-uczestniczyc-w-zajeciach-przy-uzyciu-programu-zoom\/#breadcrumb\"},\"inLanguage\":\"pl-PL\",\"potentialAction\":[{\"@type\":\"ReadAction\",\"target\":[\"https:\/\/www.ih.com.pl\/bielsko-biala\/zajecia-online-jak-uczestniczyc-w-zajeciach-przy-uzyciu-programu-zoom\/\"]}]},{\"@type\":\"BreadcrumbList\",\"@id\":\"https:\/\/www.ih.com.pl\/bielsko-biala\/zajecia-online-jak-uczestniczyc-w-zajeciach-przy-uzyciu-programu-zoom\/#breadcrumb\",\"itemListElement\":[{\"@type\":\"ListItem\",\"position\":1,\"name\":\"Strona g\u0142\u00f3wna\",\"item\":\"https:\/\/www.ih.com.pl\/bielsko-biala\/\"},{\"@type\":\"ListItem\",\"position\":2,\"name\":\"Grupowe i indywidualne zaj\u0119cia online\"}]},{\"@type\":\"WebSite\",\"@id\":\"https:\/\/www.ih.com.pl\/bielsko-biala\/#website\",\"url\":\"https:\/\/www.ih.com.pl\/bielsko-biala\/\",\"name\":\"IH Bielsko - Bia\u0142a\",\"description\":\"\",\"potentialAction\":[{\"@type\":\"SearchAction\",\"target\":{\"@type\":\"EntryPoint\",\"urlTemplate\":\"https:\/\/www.ih.com.pl\/bielsko-biala\/?s={search_term_string}\"},\"query-input\":{\"@type\":\"PropertyValueSpecification\",\"valueRequired\":true,\"valueName\":\"search_term_string\"}}],\"inLanguage\":\"pl-PL\"}]}<\/script>\n<!-- \/ Yoast SEO plugin. -->","yoast_head_json":{"title":"Grupowe i indywidualne zaj\u0119cia online - IH Bielsko - Bia\u0142a","robots":{"index":"index","follow":"follow","max-snippet":"max-snippet:-1","max-image-preview":"max-image-preview:large","max-video-preview":"max-video-preview:-1"},"canonical":"https:\/\/www.ih.com.pl\/bielsko-biala\/zajecia-online-jak-uczestniczyc-w-zajeciach-przy-uzyciu-programu-zoom\/","og_locale":"pl_PL","og_type":"article","og_title":"Grupowe i indywidualne zaj\u0119cia online - IH Bielsko - Bia\u0142a","og_description":"[vc_row][vc_column width=&#8221;1\/1&#8243;][vc_custom_heading]Prowadzimy r\u00f3wnie\u017c zaj\u0119cia grupowe i indywidualne online przy wykorzystaniu platformy Zoom.[\/vc_custom_heading][\/vc_column][\/vc_row][vc_row][vc_column width=&#8221;1\/2&#8243;][vc_column_text]Kursy angielskiego online ? Dlaczego nie! W naszej [&hellip;]","og_url":"https:\/\/www.ih.com.pl\/bielsko-biala\/zajecia-online-jak-uczestniczyc-w-zajeciach-przy-uzyciu-programu-zoom\/","og_site_name":"IH Bielsko - Bia\u0142a","article_modified_time":"2025-07-28T21:16:53+00:00","twitter_card":"summary_large_image","twitter_misc":{"Szacowany czas czytania":"2 minuty"},"schema":{"@context":"https:\/\/schema.org","@graph":[{"@type":"WebPage","@id":"https:\/\/www.ih.com.pl\/bielsko-biala\/zajecia-online-jak-uczestniczyc-w-zajeciach-przy-uzyciu-programu-zoom\/","url":"https:\/\/www.ih.com.pl\/bielsko-biala\/zajecia-online-jak-uczestniczyc-w-zajeciach-przy-uzyciu-programu-zoom\/","name":"Grupowe i indywidualne zaj\u0119cia online - IH Bielsko - Bia\u0142a","isPartOf":{"@id":"https:\/\/www.ih.com.pl\/bielsko-biala\/#website"},"datePublished":"2020-03-16T07:46:24+00:00","dateModified":"2025-07-28T21:16:53+00:00","breadcrumb":{"@id":"https:\/\/www.ih.com.pl\/bielsko-biala\/zajecia-online-jak-uczestniczyc-w-zajeciach-przy-uzyciu-programu-zoom\/#breadcrumb"},"inLanguage":"pl-PL","potentialAction":[{"@type":"ReadAction","target":["https:\/\/www.ih.com.pl\/bielsko-biala\/zajecia-online-jak-uczestniczyc-w-zajeciach-przy-uzyciu-programu-zoom\/"]}]},{"@type":"BreadcrumbList","@id":"https:\/\/www.ih.com.pl\/bielsko-biala\/zajecia-online-jak-uczestniczyc-w-zajeciach-przy-uzyciu-programu-zoom\/#breadcrumb","itemListElement":[{"@type":"ListItem","position":1,"name":"Strona g\u0142\u00f3wna","item":"https:\/\/www.ih.com.pl\/bielsko-biala\/"},{"@type":"ListItem","position":2,"name":"Grupowe i indywidualne zaj\u0119cia online"}]},{"@type":"WebSite","@id":"https:\/\/www.ih.com.pl\/bielsko-biala\/#website","url":"https:\/\/www.ih.com.pl\/bielsko-biala\/","name":"IH Bielsko - Bia\u0142a","description":"","potentialAction":[{"@type":"SearchAction","target":{"@type":"EntryPoint","urlTemplate":"https:\/\/www.ih.com.pl\/bielsko-biala\/?s={search_term_string}"},"query-input":{"@type":"PropertyValueSpecification","valueRequired":true,"valueName":"search_term_string"}}],"inLanguage":"pl-PL"}]}},"_links":{"self":[{"href":"https:\/\/www.ih.com.pl\/bielsko-biala\/wp-json\/wp\/v2\/pages\/1116","targetHints":{"allow":["GET"]}}],"collection":[{"href":"https:\/\/www.ih.com.pl\/bielsko-biala\/wp-json\/wp\/v2\/pages"}],"about":[{"href":"https:\/\/www.ih.com.pl\/bielsko-biala\/wp-json\/wp\/v2\/types\/page"}],"author":[{"embeddable":true,"href":"https:\/\/www.ih.com.pl\/bielsko-biala\/wp-json\/wp\/v2\/users\/4"}],"replies":[{"embeddable":true,"href":"https:\/\/www.ih.com.pl\/bielsko-biala\/wp-json\/wp\/v2\/comments?post=1116"}],"version-history":[{"count":20,"href":"https:\/\/www.ih.com.pl\/bielsko-biala\/wp-json\/wp\/v2\/pages\/1116\/revisions"}],"predecessor-version":[{"id":5207,"href":"https:\/\/www.ih.com.pl\/bielsko-biala\/wp-json\/wp\/v2\/pages\/1116\/revisions\/5207"}],"wp:attachment":[{"href":"https:\/\/www.ih.com.pl\/bielsko-biala\/wp-json\/wp\/v2\/media?parent=1116"}],"curies":[{"name":"wp","href":"https:\/\/api.w.org\/{rel}","templated":true}]}}