{"id":1485,"date":"2020-07-08T09:39:35","date_gmt":"2020-07-08T07:39:35","guid":{"rendered":"https:\/\/www.ih.com.pl\/bielsko-biala\/?page_id=1485"},"modified":"2025-07-28T23:13:51","modified_gmt":"2025-07-28T21:13:51","slug":"kursy-dla-doroslych","status":"publish","type":"page","link":"https:\/\/www.ih.com.pl\/bielsko-biala\/kursy-dla-doroslych\/","title":{"rendered":"Kursy dla doros\u0142ych"},"content":{"rendered":"<div class=\"wpb-content-wrapper\"><p>[vc_row row_height_percent=&#8221;0&#8243; back_image=&#8221;4278&#8243; overlay_color=&#8221;color-210407&#8243; overlay_alpha=&#8221;50&#8243; gutter_size=&#8221;3&#8243; column_width_percent=&#8221;100&#8243; shift_y=&#8221;0&#8243; z_index=&#8221;0&#8243; row_height_pixel=&#8221;300&#8243;][vc_column width=&#8221;1\/1&#8243;][vc_empty_space empty_h=&#8221;4&#8243;][vc_custom_heading text_color=&#8221;color-xsdn&#8221;]Kursy angielskiego dla doros\u0142ych (19 lat +)[\/vc_custom_heading][\/vc_column][\/vc_row][vc_row][vc_column width=&#8221;1\/2&#8243;][vc_empty_space empty_h=&#8221;3&#8243;][vc_column_text]<\/p>\n<ul>\n<li>KURSY STANDARDOWE na poziomach od 1 do 6 trwaj\u0105 od pa\u017adziernika do maja i obejmuj\u0105 110 godzin. Zaj\u0119cia odbywaj\u0105 si\u0119 dwa razy w tygodniu po 90 minut, w grupach od 5 do 10 os\u00f3b.<\/li>\n<li>KURSY EGZAMINACYJNE na poziomach FCE i CAE ( poziom 7 i 9). Trwaj\u0105 od pa\u017adziernika do czerwca i obejmuj\u0105 120 godzin, zaj\u0119cia odbywaj\u0105 si\u0119 dwa razy w tygodniu po 90 minut, w grupach od 5 do 10 os\u00f3b.<\/li>\n<li><strong>NOWO\u015a\u0106 COMMUNICATIVE BUSINESS ENGLISH<\/strong> na poziomach 5 , 7 i 9 obejmuj\u0105ce s\u0142ownictwo biznesowe. Trwaj\u0105 od pa\u017adziernika do czerwca, zaj\u0119cia raz w tygodniu po 90 minut w ma\u0142ych grupach (4-6 os\u00f3b).<\/li>\n<\/ul>\n<p>[\/vc_column_text][\/vc_column][vc_column width=&#8221;1\/2&#8243;][vc_single_image media=&#8221;4233&#8243; media_width_percent=&#8221;100&#8243; media_link=&#8221;url:https%3A%2F%2Fwww.ih.com.pl%2Fbielsko-biala%2Fwp-content%2Fuploads%2Fsites%2F2%2F2023%2F06%2Fm%C5%82odzie%C5%BC-i-doro%C5%9Bli-2023_2024-scaled.jpg||target:%20_blank|&#8221;][\/vc_column][\/vc_row][vc_row row_height_percent=&#8221;0&#8243; back_color=&#8221;color-lxmt&#8221; overlay_alpha=&#8221;50&#8243; gutter_size=&#8221;3&#8243; column_width_percent=&#8221;100&#8243; shift_y=&#8221;0&#8243; z_index=&#8221;0&#8243;][vc_column width=&#8221;1\/3&#8243;][vc_column_text]<strong>Roczne kursy og\u00f3lnoj\u0119zykowe-standardowe<\/strong> adresowane s\u0105 do os\u00f3b nastawionych na systematyczn\u0105 nauk\u0119. Kurs prowadzony jest w oparciu o praktyczn\u0105 metod\u0119 komunikacyjn\u0105, w ramach kt\u00f3rej \u0107wiczone s\u0105 umiej\u0119tno\u015bci swobodnego porozumiewania si\u0119 we wsp\u00f3\u0142czesnym \u015bwiecie, przy jednoczesnym rozwijaniu umiej\u0119tno\u015bci pisania, czytania, a tak\u017ce praktycznego stosowania zasad gramatycznych.<br \/>\nWykorzystujemy autorskie programy nauczania prezentuj\u0105ce najwy\u017cszy poziom merytoryczny. Stawiamy sobie za cel metodyczne, konsekwentne i skuteczne pog\u0142\u0119bianie wiedzy j\u0119zykowej naszych S\u0142uchaczy, a w rezultacie osi\u0105gni\u0119cie przez nich za\u0142o\u017conego poziomu bieg\u0142o\u015bci j\u0119zykowej.[\/vc_column_text][vc_single_image media=&#8221;2525&#8243; media_width_percent=&#8221;100&#8243;][\/vc_column][vc_column width=&#8221;1\/3&#8243;][vc_column_text]<strong>Roczne kursy egzaminacyjne,<\/strong> kt\u00f3rych celem jest przygotowanie do egzamin\u00f3w Cambridge English, obejmuj\u0105 zagadnienia gramatyczne i s\u0142ownictwo, systematycznie rozwijaj\u0105 sprawno\u015b\u0107 pisania i rozumienia ze s\u0142uchu. K\u0142ad\u0105 tak\u017ce nacisk na umiej\u0119tno\u015b\u0107 wypowiadania si\u0119 w j\u0119zyku angielskim. Du\u017c\u0105 uwag\u0119 przyk\u0142ada si\u0119 do poznania technik zdawania egzaminu: rozwi\u0105zywanie test\u00f3w, oswajanie si\u0119 z materia\u0142ami audio, poznawanie zasad pisania wypracowa\u0144, \u0107wiczenie sp\u00f3jno\u015bci wypowiedzi ustnej z zadanym tematem. Daje to gwarancj\u0119 bieg\u0142o\u015bci we wszystkich dziedzinach sprawdzanych na egzaminie, a tak\u017ce umo\u017cliwia poznanie sposobu przeprowadzania samego egzaminu.[\/vc_column_text][vc_single_image media=&#8221;5164&#8243; media_width_percent=&#8221;100&#8243;][\/vc_column][vc_column width=&#8221;1\/3&#8243;][vc_column_text]<strong>COMMUNICATIVE BUSINESS ENGLISH<\/strong> to kursy rozwinijaj\u0105ce umiej\u0119tno\u015bci swobodnej komunikacji w mi\u0119dzynarodowym \u015brodowisku pracy. Dzi\u0119ki opanowaniu specjalistycznego s\u0142ownictwa oraz strategii komunikacyjnych, uczestnicy zyskaj\u0105 poprawno\u015b\u0107 i pewno\u015b\u0107 w kontaktach z klientami, partnerami biznesowymi i wsp\u00f3\u0142pracownikami. Kurs przygotuje do formu\u0142owania z\u0142o\u017conych wypowiedzi, pisania i czytania w j\u0119zyku angielskim z wykorzystaniem element\u00f3w j\u0119zyka biznesu.[\/vc_column_text][vc_empty_space empty_h=&#8221;4&#8243;][vc_single_image media=&#8221;2572&#8243; media_width_percent=&#8221;100&#8243;][\/vc_column][\/vc_row][vc_row][vc_column width=&#8221;1\/1&#8243;][vc_column_text]Na zako\u0144czenie ka\u017cdego roku nauki, ka\u017cdy uczestnik kursu w International House otrzymuje certyfikat oraz indywidualny raport lektora oceniaj\u0105cy poczynione post\u0119py i zawieraj\u0105cy rekomendacje dotycz\u0105ce dalszej edukacji.<\/p>\n<p>System poziom\u00f3w funkcjonuj\u0105cy w International House pomy\u015blany jest w spos\u00f3b gwarantuj\u0105cy kontynuacj\u0119 nauki w naszej szkole na kolejnych poziomach zaawansowania.<\/p>\n<p>S\u0142uchacze IH mog\u0105 te\u017c korzysta\u0107 z bogatego programu zaj\u0119\u0107 pozalekcyjnych, b\u0119d\u0105cych doskona\u0142ym uzupe\u0142nieniem naszej oferty edukacyjnej.<\/p>\n<p>Masz pytania \u2013 skontaktuj si\u0119 z naszym biurem mailowo <a href=\"mailto:bielsko@ih.com.pl\">bielsko@ih.com.pl<\/a> lub telefonicznie: <a href=\"tel:338223330\">33\u00a0822 33 30<\/a>.[\/vc_column_text][\/vc_column][\/vc_row]<\/p>\n<\/div>","protected":false},"excerpt":{"rendered":"<p>[vc_row row_height_percent=&#8221;0&#8243; back_image=&#8221;4278&#8243; overlay_color=&#8221;color-210407&#8243; overlay_alpha=&#8221;50&#8243; gutter_size=&#8221;3&#8243; column_width_percent=&#8221;100&#8243; shift_y=&#8221;0&#8243; z_index=&#8221;0&#8243; row_height_pixel=&#8221;300&#8243;][vc_column width=&#8221;1\/1&#8243;][vc_empty_space empty_h=&#8221;4&#8243;][vc_custom_heading text_color=&#8221;color-xsdn&#8221;]Kursy angielskiego dla doros\u0142ych (19 lat +)[\/vc_custom_heading][\/vc_column][\/vc_row][vc_row][vc_column width=&#8221;1\/2&#8243;][vc_empty_space [&hellip;]<\/p>\n","protected":false},"author":4,"featured_media":0,"parent":0,"menu_order":0,"comment_status":"closed","ping_status":"closed","template":"","meta":{"footnotes":""},"class_list":["post-1485","page","type-page","status-publish","hentry"],"yoast_head":"<!-- This site is optimized with the Yoast SEO plugin v26.8 - https:\/\/yoast.com\/product\/yoast-seo-wordpress\/ -->\n<title>Kursy dla doros\u0142ych - IH Bielsko - Bia\u0142a<\/title>\n<meta name=\"robots\" content=\"index, follow, max-snippet:-1, max-image-preview:large, max-video-preview:-1\" \/>\n<link rel=\"canonical\" href=\"https:\/\/www.ih.com.pl\/bielsko-biala\/kursy-dla-doroslych\/\" \/>\n<meta property=\"og:locale\" content=\"pl_PL\" \/>\n<meta property=\"og:type\" content=\"article\" \/>\n<meta property=\"og:title\" content=\"Kursy dla doros\u0142ych - IH Bielsko - Bia\u0142a\" \/>\n<meta property=\"og:description\" content=\"[vc_row row_height_percent=&#8221;0&#8243; back_image=&#8221;4278&#8243; overlay_color=&#8221;color-210407&#8243; overlay_alpha=&#8221;50&#8243; gutter_size=&#8221;3&#8243; column_width_percent=&#8221;100&#8243; shift_y=&#8221;0&#8243; z_index=&#8221;0&#8243; row_height_pixel=&#8221;300&#8243;][vc_column width=&#8221;1\/1&#8243;][vc_empty_space empty_h=&#8221;4&#8243;][vc_custom_heading text_color=&#8221;color-xsdn&#8221;]Kursy angielskiego dla doros\u0142ych (19 lat +)[\/vc_custom_heading][\/vc_column][\/vc_row][vc_row][vc_column width=&#8221;1\/2&#8243;][vc_empty_space [&hellip;]\" \/>\n<meta property=\"og:url\" content=\"https:\/\/www.ih.com.pl\/bielsko-biala\/kursy-dla-doroslych\/\" \/>\n<meta property=\"og:site_name\" content=\"IH Bielsko - Bia\u0142a\" \/>\n<meta property=\"article:modified_time\" content=\"2025-07-28T21:13:51+00:00\" \/>\n<meta name=\"twitter:card\" content=\"summary_large_image\" \/>\n<meta name=\"twitter:label1\" content=\"Szacowany czas czytania\" \/>\n\t<meta name=\"twitter:data1\" content=\"3 minuty\" \/>\n<script type=\"application\/ld+json\" class=\"yoast-schema-graph\">{\"@context\":\"https:\/\/schema.org\",\"@graph\":[{\"@type\":\"WebPage\",\"@id\":\"https:\/\/www.ih.com.pl\/bielsko-biala\/kursy-dla-doroslych\/\",\"url\":\"https:\/\/www.ih.com.pl\/bielsko-biala\/kursy-dla-doroslych\/\",\"name\":\"Kursy dla doros\u0142ych - IH Bielsko - Bia\u0142a\",\"isPartOf\":{\"@id\":\"https:\/\/www.ih.com.pl\/bielsko-biala\/#website\"},\"datePublished\":\"2020-07-08T07:39:35+00:00\",\"dateModified\":\"2025-07-28T21:13:51+00:00\",\"breadcrumb\":{\"@id\":\"https:\/\/www.ih.com.pl\/bielsko-biala\/kursy-dla-doroslych\/#breadcrumb\"},\"inLanguage\":\"pl-PL\",\"potentialAction\":[{\"@type\":\"ReadAction\",\"target\":[\"https:\/\/www.ih.com.pl\/bielsko-biala\/kursy-dla-doroslych\/\"]}]},{\"@type\":\"BreadcrumbList\",\"@id\":\"https:\/\/www.ih.com.pl\/bielsko-biala\/kursy-dla-doroslych\/#breadcrumb\",\"itemListElement\":[{\"@type\":\"ListItem\",\"position\":1,\"name\":\"Strona g\u0142\u00f3wna\",\"item\":\"https:\/\/www.ih.com.pl\/bielsko-biala\/\"},{\"@type\":\"ListItem\",\"position\":2,\"name\":\"Kursy dla doros\u0142ych\"}]},{\"@type\":\"WebSite\",\"@id\":\"https:\/\/www.ih.com.pl\/bielsko-biala\/#website\",\"url\":\"https:\/\/www.ih.com.pl\/bielsko-biala\/\",\"name\":\"IH Bielsko - Bia\u0142a\",\"description\":\"\",\"potentialAction\":[{\"@type\":\"SearchAction\",\"target\":{\"@type\":\"EntryPoint\",\"urlTemplate\":\"https:\/\/www.ih.com.pl\/bielsko-biala\/?s={search_term_string}\"},\"query-input\":{\"@type\":\"PropertyValueSpecification\",\"valueRequired\":true,\"valueName\":\"search_term_string\"}}],\"inLanguage\":\"pl-PL\"}]}<\/script>\n<!-- \/ Yoast SEO plugin. -->","yoast_head_json":{"title":"Kursy dla doros\u0142ych - IH Bielsko - Bia\u0142a","robots":{"index":"index","follow":"follow","max-snippet":"max-snippet:-1","max-image-preview":"max-image-preview:large","max-video-preview":"max-video-preview:-1"},"canonical":"https:\/\/www.ih.com.pl\/bielsko-biala\/kursy-dla-doroslych\/","og_locale":"pl_PL","og_type":"article","og_title":"Kursy dla doros\u0142ych - IH Bielsko - Bia\u0142a","og_description":"[vc_row row_height_percent=&#8221;0&#8243; back_image=&#8221;4278&#8243; overlay_color=&#8221;color-210407&#8243; overlay_alpha=&#8221;50&#8243; gutter_size=&#8221;3&#8243; column_width_percent=&#8221;100&#8243; shift_y=&#8221;0&#8243; z_index=&#8221;0&#8243; row_height_pixel=&#8221;300&#8243;][vc_column width=&#8221;1\/1&#8243;][vc_empty_space empty_h=&#8221;4&#8243;][vc_custom_heading text_color=&#8221;color-xsdn&#8221;]Kursy angielskiego dla doros\u0142ych (19 lat +)[\/vc_custom_heading][\/vc_column][\/vc_row][vc_row][vc_column width=&#8221;1\/2&#8243;][vc_empty_space [&hellip;]","og_url":"https:\/\/www.ih.com.pl\/bielsko-biala\/kursy-dla-doroslych\/","og_site_name":"IH Bielsko - Bia\u0142a","article_modified_time":"2025-07-28T21:13:51+00:00","twitter_card":"summary_large_image","twitter_misc":{"Szacowany czas czytania":"3 minuty"},"schema":{"@context":"https:\/\/schema.org","@graph":[{"@type":"WebPage","@id":"https:\/\/www.ih.com.pl\/bielsko-biala\/kursy-dla-doroslych\/","url":"https:\/\/www.ih.com.pl\/bielsko-biala\/kursy-dla-doroslych\/","name":"Kursy dla doros\u0142ych - IH Bielsko - Bia\u0142a","isPartOf":{"@id":"https:\/\/www.ih.com.pl\/bielsko-biala\/#website"},"datePublished":"2020-07-08T07:39:35+00:00","dateModified":"2025-07-28T21:13:51+00:00","breadcrumb":{"@id":"https:\/\/www.ih.com.pl\/bielsko-biala\/kursy-dla-doroslych\/#breadcrumb"},"inLanguage":"pl-PL","potentialAction":[{"@type":"ReadAction","target":["https:\/\/www.ih.com.pl\/bielsko-biala\/kursy-dla-doroslych\/"]}]},{"@type":"BreadcrumbList","@id":"https:\/\/www.ih.com.pl\/bielsko-biala\/kursy-dla-doroslych\/#breadcrumb","itemListElement":[{"@type":"ListItem","position":1,"name":"Strona g\u0142\u00f3wna","item":"https:\/\/www.ih.com.pl\/bielsko-biala\/"},{"@type":"ListItem","position":2,"name":"Kursy dla doros\u0142ych"}]},{"@type":"WebSite","@id":"https:\/\/www.ih.com.pl\/bielsko-biala\/#website","url":"https:\/\/www.ih.com.pl\/bielsko-biala\/","name":"IH Bielsko - Bia\u0142a","description":"","potentialAction":[{"@type":"SearchAction","target":{"@type":"EntryPoint","urlTemplate":"https:\/\/www.ih.com.pl\/bielsko-biala\/?s={search_term_string}"},"query-input":{"@type":"PropertyValueSpecification","valueRequired":true,"valueName":"search_term_string"}}],"inLanguage":"pl-PL"}]}},"_links":{"self":[{"href":"https:\/\/www.ih.com.pl\/bielsko-biala\/wp-json\/wp\/v2\/pages\/1485","targetHints":{"allow":["GET"]}}],"collection":[{"href":"https:\/\/www.ih.com.pl\/bielsko-biala\/wp-json\/wp\/v2\/pages"}],"about":[{"href":"https:\/\/www.ih.com.pl\/bielsko-biala\/wp-json\/wp\/v2\/types\/page"}],"author":[{"embeddable":true,"href":"https:\/\/www.ih.com.pl\/bielsko-biala\/wp-json\/wp\/v2\/users\/4"}],"replies":[{"embeddable":true,"href":"https:\/\/www.ih.com.pl\/bielsko-biala\/wp-json\/wp\/v2\/comments?post=1485"}],"version-history":[{"count":35,"href":"https:\/\/www.ih.com.pl\/bielsko-biala\/wp-json\/wp\/v2\/pages\/1485\/revisions"}],"predecessor-version":[{"id":5206,"href":"https:\/\/www.ih.com.pl\/bielsko-biala\/wp-json\/wp\/v2\/pages\/1485\/revisions\/5206"}],"wp:attachment":[{"href":"https:\/\/www.ih.com.pl\/bielsko-biala\/wp-json\/wp\/v2\/media?parent=1485"}],"curies":[{"name":"wp","href":"https:\/\/api.w.org\/{rel}","templated":true}]}}