{"id":1558,"date":"2020-08-25T13:16:27","date_gmt":"2020-08-25T11:16:27","guid":{"rendered":"https:\/\/www.ih.com.pl\/bielsko-biala\/?page_id=1558"},"modified":"2025-09-11T12:57:10","modified_gmt":"2025-09-11T10:57:10","slug":"zapisy-na-kursy-angielskiego","status":"publish","type":"page","link":"https:\/\/www.ih.com.pl\/bielsko-biala\/zapisy-na-kursy-angielskiego\/","title":{"rendered":"Zapisy na kursy na rok 2025\/2026"},"content":{"rendered":"<div class=\"wpb-content-wrapper\"><p>[vc_row][vc_column width=&#8221;1\/1&#8243;][vc_column_text]Szko\u0142a J\u0119zykowa International House w Bielsku-Bia\u0142ej od ponad 30 lat niezmiennie prowadzi kursy angielskiego. Wykwalifikowani nauczyciele angloj\u0119zyczni, nad kt\u00f3rymi czuwa metodyk, starannie dobierane grupy z uwagi na wiek i poziom zaawansowania, ale przede wszystkim stuprocentowa brytyjska atmosfera &#8211; tego nie znajdziesz w innym miejscu! Do\u0142\u0105cz do nas i przekonaj si\u0119! Zadzwo\u0144 pod nr 514 752 620 lub 33 822 33 30, a my zajmiemy si\u0119 reszt\u0105![\/vc_column_text][vc_separator sep_color=&#8221;color-210407&#8243;][\/vc_column][\/vc_row][vc_row][vc_column width=&#8221;1\/2&#8243;][vc_single_image media=&#8221;5260&#8243; media_width_percent=&#8221;100&#8243; media_link=&#8221;url:https%3A%2F%2Fwww.ih.com.pl%2Fbielsko-biala%2Fkursy-dla-dzieci-4-9-lat%2F||target:%20_blank|&#8221;][\/vc_column][vc_column width=&#8221;1\/2&#8243;][vc_single_image media=&#8221;5261&#8243; media_width_percent=&#8221;100&#8243; media_link=&#8221;url:https%3A%2F%2Fwww.ih.com.pl%2Fbielsko-biala%2Fkursy-dla-dzieci-4-9-lat%2F||target:%20_blank|&#8221;][\/vc_column][\/vc_row][vc_row][vc_column width=&#8221;1\/2&#8243;][vc_single_image media=&#8221;5262&#8243; media_width_percent=&#8221;100&#8243; media_link=&#8221;url:https%3A%2F%2Fwww.ih.com.pl%2Fbielsko-biala%2Fkursy-dla-dzieci-z-klas-4-6%2F||target:%20_blank|&#8221;][\/vc_column][vc_column width=&#8221;1\/2&#8243;][vc_single_image media=&#8221;5264&#8243; media_width_percent=&#8221;100&#8243; media_link=&#8221;url:https%3A%2F%2Fwww.ih.com.pl%2Fbielsko-biala%2Fkursy-dla-starszych-dzieci-mlodziezy%2F||target:%20_blank|&#8221;][\/vc_column][\/vc_row][vc_row][vc_column width=&#8221;1\/2&#8243;][vc_single_image media=&#8221;5282&#8243; media_width_percent=&#8221;100&#8243; media_link=&#8221;url:https%3A%2F%2Fwww.ih.com.pl%2Fbielsko-biala%2Fkursy-egzaminacyjne%2F||target:%20_blank|&#8221;][\/vc_column][vc_column width=&#8221;1\/2&#8243;][vc_single_image media=&#8221;5265&#8243; media_width_percent=&#8221;100&#8243; media_link=&#8221;url:https%3A%2F%2Fwww.ih.com.pl%2Fbielsko-biala%2Fkursy-dla-doroslych%2F||target:%20_blank|&#8221;][\/vc_column][\/vc_row][vc_row][vc_column width=&#8221;1\/2&#8243;][vc_single_image media=&#8221;5267&#8243; media_width_percent=&#8221;100&#8243; media_link=&#8221;url:https%3A%2F%2Fwww.ih.com.pl%2Fbielsko-biala%2Fzajecia-online-jak-uczestniczyc-w-zajeciach-przy-uzyciu-programu-zoom%2F||target:%20_blank|&#8221;][\/vc_column][vc_column width=&#8221;1\/2&#8243;][vc_single_image media=&#8221;5268&#8243; media_width_percent=&#8221;100&#8243; media_link=&#8221;url:https%3A%2F%2Fwww.ih.com.pl%2Fbielsko-biala%2Fkursy-indywdualne-oraz-dla-firm%2F||target:%20_blank|&#8221;][\/vc_column][\/vc_row][vc_row][vc_column width=&#8221;1\/2&#8243;][vc_single_image media=&#8221;5274&#8243; media_width_percent=&#8221;100&#8243; media_link=&#8221;url:https%3A%2F%2Fwww.ih.com.pl%2Fbielsko-biala%2Fkursy-indywdualne-oraz-dla-firm%2F||target:%20_blank|&#8221;][\/vc_column][vc_column width=&#8221;1\/2&#8243;][vc_single_image media=&#8221;5269&#8243; media_width_percent=&#8221;100&#8243; media_link=&#8221;url:https%3A%2F%2Fwww.ih.com.pl%2Fbielsko-biala%2Fkursy-z-dofinansowaniem-unijnym%2F||target:%20_blank|&#8221;][\/vc_column][\/vc_row][vc_row][vc_column width=&#8221;1\/1&#8243;][vc_custom_heading]<strong>Zapisy na kursy w naszej szkole IH na nowy rok szkolny 2025\/2026 &#8211; kilka zasad w pigu\u0142ce.<\/strong>[\/vc_custom_heading][\/vc_column][\/vc_row][vc_row][vc_column column_width_percent=&#8221;100&#8243; gutter_size=&#8221;3&#8243; overlay_alpha=&#8221;50&#8243; shift_x=&#8221;0&#8243; shift_y=&#8221;0&#8243; shift_y_down=&#8221;0&#8243; z_index=&#8221;0&#8243; medium_width=&#8221;0&#8243; mobile_width=&#8221;0&#8243; width=&#8221;1\/3&#8243;][vc_single_image media=&#8221;1002&#8243; media_width_percent=&#8221;40&#8243;][\/vc_column][vc_column width=&#8221;1\/3&#8243;][vc_column_text]Napisz test poziomuj\u0105cy w szkole (pracujemy od poniedzia\u0142ku do pi\u0105tku w godz. 10:00 do 17:00) lub skontaktuj si\u0119 z nami telefonicznie pod nr <a href=\"tel:33 833 33 30\">33 822 33 30<\/a>, a prze\u015blemy link do testu online.[\/vc_column_text][\/vc_column][vc_column width=&#8221;1\/3&#8243;][vc_single_image media=&#8221;1549&#8243; media_width_percent=&#8221;100&#8243;][\/vc_column][\/vc_row][vc_row][vc_column width=&#8221;1\/3&#8243;][vc_single_image media=&#8221;1004&#8243; media_width_percent=&#8221;40&#8243;][\/vc_column][vc_column width=&#8221;1\/3&#8243;][vc_column_text]Kiedy napiszesz ju\u017c test, zweryfikujemy jego wynik poprzez rozmow\u0119 z lektorem. Rozmowa ta mo\u017ce odby\u0107 si\u0119 w siedzibie szko\u0142y \u00a0lub zdalnie z domu \u2013 w jednym i drugim przypadku po\u0142\u0105czymy si\u0119 z lektorem poprzez platform\u0119 Zoom. Podczas rozmowy lektor wska\u017ce w\u0142a\u015bciwy dla Ciebie poziom zaawansowania i rodzaj kursu.[\/vc_column_text][\/vc_column][vc_column width=&#8221;1\/3&#8243;][vc_single_image media=&#8221;1585&#8243; media_width_percent=&#8221;100&#8243;][\/vc_column][\/vc_row][vc_row][vc_column width=&#8221;1\/3&#8243;][vc_single_image media=&#8221;1003&#8243; media_width_percent=&#8221;40&#8243;][\/vc_column][vc_column width=&#8221;1\/3&#8243;][vc_column_text]Znaj\u0105c wyniki testu i rozmowy, \u00a0pomo\u017cemy Ci dobra\u0107 najlepsze zaj\u0119cia z naszej oferty.[\/vc_column_text][\/vc_column][vc_column width=&#8221;1\/3&#8243;][vc_single_image media=&#8221;1588&#8243; media_width_percent=&#8221;100&#8243;][\/vc_column][\/vc_row][vc_row][vc_column width=&#8221;1\/1&#8243;][vc_column_text]Masz pytania &#8211; skontaktuj si\u0119 z naszym biurem mailowo <a href=\"mailto:bielsko@ih.com.pl\">bielsko@ih.com.pl<\/a> lub telefonicznie: <a href=\"tel:338223330\">33\u00a0822 33 30<\/a>.<\/p>\n<p>Mo\u017cesz te\u017c odwiedzi\u0107 nas osobi\u015bcie w siedzibie szko\u0142y przy ul. Zielonej 32 w Bielsku-Bia\u0142ej od poniedzia\u0142ku do pi\u0105tku w godz. 10:00 \u2013 17.00<\/p>\n<p>Zapraszamy![\/vc_column_text][\/vc_column][\/vc_row]<\/p>\n<\/div>","protected":false},"excerpt":{"rendered":"<p>[vc_row][vc_column width=&#8221;1\/1&#8243;][vc_column_text]Szko\u0142a J\u0119zykowa International House w Bielsku-Bia\u0142ej od ponad 30 lat niezmiennie prowadzi kursy angielskiego. Wykwalifikowani nauczyciele angloj\u0119zyczni, nad kt\u00f3rymi [&hellip;]<\/p>\n","protected":false},"author":4,"featured_media":0,"parent":0,"menu_order":0,"comment_status":"closed","ping_status":"closed","template":"","meta":{"footnotes":""},"class_list":["post-1558","page","type-page","status-publish","hentry"],"yoast_head":"<!-- This site is optimized with the Yoast SEO plugin v26.8 - https:\/\/yoast.com\/product\/yoast-seo-wordpress\/ -->\n<title>Zapisy na kursy na rok 2025\/2026 - IH Bielsko - Bia\u0142a<\/title>\n<meta name=\"robots\" content=\"index, follow, max-snippet:-1, max-image-preview:large, max-video-preview:-1\" \/>\n<link rel=\"canonical\" href=\"https:\/\/www.ih.com.pl\/bielsko-biala\/zapisy-na-kursy-angielskiego\/\" \/>\n<meta property=\"og:locale\" content=\"pl_PL\" \/>\n<meta property=\"og:type\" content=\"article\" \/>\n<meta property=\"og:title\" content=\"Zapisy na kursy na rok 2025\/2026 - IH Bielsko - Bia\u0142a\" \/>\n<meta property=\"og:description\" content=\"[vc_row][vc_column width=&#8221;1\/1&#8243;][vc_column_text]Szko\u0142a J\u0119zykowa International House w Bielsku-Bia\u0142ej od ponad 30 lat niezmiennie prowadzi kursy angielskiego. Wykwalifikowani nauczyciele angloj\u0119zyczni, nad kt\u00f3rymi [&hellip;]\" \/>\n<meta property=\"og:url\" content=\"https:\/\/www.ih.com.pl\/bielsko-biala\/zapisy-na-kursy-angielskiego\/\" \/>\n<meta property=\"og:site_name\" content=\"IH Bielsko - Bia\u0142a\" \/>\n<meta property=\"article:modified_time\" content=\"2025-09-11T10:57:10+00:00\" \/>\n<meta name=\"twitter:card\" content=\"summary_large_image\" \/>\n<meta name=\"twitter:label1\" content=\"Szacowany czas czytania\" \/>\n\t<meta name=\"twitter:data1\" content=\"4 minuty\" \/>\n<script type=\"application\/ld+json\" class=\"yoast-schema-graph\">{\"@context\":\"https:\/\/schema.org\",\"@graph\":[{\"@type\":\"WebPage\",\"@id\":\"https:\/\/www.ih.com.pl\/bielsko-biala\/zapisy-na-kursy-angielskiego\/\",\"url\":\"https:\/\/www.ih.com.pl\/bielsko-biala\/zapisy-na-kursy-angielskiego\/\",\"name\":\"Zapisy na kursy na rok 2025\/2026 - IH Bielsko - Bia\u0142a\",\"isPartOf\":{\"@id\":\"https:\/\/www.ih.com.pl\/bielsko-biala\/#website\"},\"datePublished\":\"2020-08-25T11:16:27+00:00\",\"dateModified\":\"2025-09-11T10:57:10+00:00\",\"breadcrumb\":{\"@id\":\"https:\/\/www.ih.com.pl\/bielsko-biala\/zapisy-na-kursy-angielskiego\/#breadcrumb\"},\"inLanguage\":\"pl-PL\",\"potentialAction\":[{\"@type\":\"ReadAction\",\"target\":[\"https:\/\/www.ih.com.pl\/bielsko-biala\/zapisy-na-kursy-angielskiego\/\"]}]},{\"@type\":\"BreadcrumbList\",\"@id\":\"https:\/\/www.ih.com.pl\/bielsko-biala\/zapisy-na-kursy-angielskiego\/#breadcrumb\",\"itemListElement\":[{\"@type\":\"ListItem\",\"position\":1,\"name\":\"Strona g\u0142\u00f3wna\",\"item\":\"https:\/\/www.ih.com.pl\/bielsko-biala\/\"},{\"@type\":\"ListItem\",\"position\":2,\"name\":\"Zapisy na kursy na rok 2025\/2026\"}]},{\"@type\":\"WebSite\",\"@id\":\"https:\/\/www.ih.com.pl\/bielsko-biala\/#website\",\"url\":\"https:\/\/www.ih.com.pl\/bielsko-biala\/\",\"name\":\"IH Bielsko - Bia\u0142a\",\"description\":\"\",\"potentialAction\":[{\"@type\":\"SearchAction\",\"target\":{\"@type\":\"EntryPoint\",\"urlTemplate\":\"https:\/\/www.ih.com.pl\/bielsko-biala\/?s={search_term_string}\"},\"query-input\":{\"@type\":\"PropertyValueSpecification\",\"valueRequired\":true,\"valueName\":\"search_term_string\"}}],\"inLanguage\":\"pl-PL\"}]}<\/script>\n<!-- \/ Yoast SEO plugin. -->","yoast_head_json":{"title":"Zapisy na kursy na rok 2025\/2026 - IH Bielsko - Bia\u0142a","robots":{"index":"index","follow":"follow","max-snippet":"max-snippet:-1","max-image-preview":"max-image-preview:large","max-video-preview":"max-video-preview:-1"},"canonical":"https:\/\/www.ih.com.pl\/bielsko-biala\/zapisy-na-kursy-angielskiego\/","og_locale":"pl_PL","og_type":"article","og_title":"Zapisy na kursy na rok 2025\/2026 - IH Bielsko - Bia\u0142a","og_description":"[vc_row][vc_column width=&#8221;1\/1&#8243;][vc_column_text]Szko\u0142a J\u0119zykowa International House w Bielsku-Bia\u0142ej od ponad 30 lat niezmiennie prowadzi kursy angielskiego. Wykwalifikowani nauczyciele angloj\u0119zyczni, nad kt\u00f3rymi [&hellip;]","og_url":"https:\/\/www.ih.com.pl\/bielsko-biala\/zapisy-na-kursy-angielskiego\/","og_site_name":"IH Bielsko - Bia\u0142a","article_modified_time":"2025-09-11T10:57:10+00:00","twitter_card":"summary_large_image","twitter_misc":{"Szacowany czas czytania":"4 minuty"},"schema":{"@context":"https:\/\/schema.org","@graph":[{"@type":"WebPage","@id":"https:\/\/www.ih.com.pl\/bielsko-biala\/zapisy-na-kursy-angielskiego\/","url":"https:\/\/www.ih.com.pl\/bielsko-biala\/zapisy-na-kursy-angielskiego\/","name":"Zapisy na kursy na rok 2025\/2026 - IH Bielsko - Bia\u0142a","isPartOf":{"@id":"https:\/\/www.ih.com.pl\/bielsko-biala\/#website"},"datePublished":"2020-08-25T11:16:27+00:00","dateModified":"2025-09-11T10:57:10+00:00","breadcrumb":{"@id":"https:\/\/www.ih.com.pl\/bielsko-biala\/zapisy-na-kursy-angielskiego\/#breadcrumb"},"inLanguage":"pl-PL","potentialAction":[{"@type":"ReadAction","target":["https:\/\/www.ih.com.pl\/bielsko-biala\/zapisy-na-kursy-angielskiego\/"]}]},{"@type":"BreadcrumbList","@id":"https:\/\/www.ih.com.pl\/bielsko-biala\/zapisy-na-kursy-angielskiego\/#breadcrumb","itemListElement":[{"@type":"ListItem","position":1,"name":"Strona g\u0142\u00f3wna","item":"https:\/\/www.ih.com.pl\/bielsko-biala\/"},{"@type":"ListItem","position":2,"name":"Zapisy na kursy na rok 2025\/2026"}]},{"@type":"WebSite","@id":"https:\/\/www.ih.com.pl\/bielsko-biala\/#website","url":"https:\/\/www.ih.com.pl\/bielsko-biala\/","name":"IH Bielsko - Bia\u0142a","description":"","potentialAction":[{"@type":"SearchAction","target":{"@type":"EntryPoint","urlTemplate":"https:\/\/www.ih.com.pl\/bielsko-biala\/?s={search_term_string}"},"query-input":{"@type":"PropertyValueSpecification","valueRequired":true,"valueName":"search_term_string"}}],"inLanguage":"pl-PL"}]}},"_links":{"self":[{"href":"https:\/\/www.ih.com.pl\/bielsko-biala\/wp-json\/wp\/v2\/pages\/1558","targetHints":{"allow":["GET"]}}],"collection":[{"href":"https:\/\/www.ih.com.pl\/bielsko-biala\/wp-json\/wp\/v2\/pages"}],"about":[{"href":"https:\/\/www.ih.com.pl\/bielsko-biala\/wp-json\/wp\/v2\/types\/page"}],"author":[{"embeddable":true,"href":"https:\/\/www.ih.com.pl\/bielsko-biala\/wp-json\/wp\/v2\/users\/4"}],"replies":[{"embeddable":true,"href":"https:\/\/www.ih.com.pl\/bielsko-biala\/wp-json\/wp\/v2\/comments?post=1558"}],"version-history":[{"count":73,"href":"https:\/\/www.ih.com.pl\/bielsko-biala\/wp-json\/wp\/v2\/pages\/1558\/revisions"}],"predecessor-version":[{"id":5284,"href":"https:\/\/www.ih.com.pl\/bielsko-biala\/wp-json\/wp\/v2\/pages\/1558\/revisions\/5284"}],"wp:attachment":[{"href":"https:\/\/www.ih.com.pl\/bielsko-biala\/wp-json\/wp\/v2\/media?parent=1558"}],"curies":[{"name":"wp","href":"https:\/\/api.w.org\/{rel}","templated":true}]}}