{"id":1633,"date":"2020-09-01T13:16:26","date_gmt":"2020-09-01T11:16:26","guid":{"rendered":"https:\/\/www.ih.com.pl\/bielsko-biala\/?page_id=1633"},"modified":"2022-08-26T08:58:29","modified_gmt":"2022-08-26T06:58:29","slug":"organizacja-kursow-w-czasie-covid-19","status":"publish","type":"page","link":"https:\/\/www.ih.com.pl\/bielsko-biala\/organizacja-kursow-w-czasie-covid-19\/","title":{"rendered":"Organizacja kurs\u00f3w w czasie trwania epidemii Covid-19"},"content":{"rendered":"<div class=\"wpb-content-wrapper\"><p>[vc_row][vc_column width=&#8221;1\/2&#8243;][vc_empty_space empty_h=&#8221;3&#8243;][vc_column_text]Informujemy, \u017ce wszelkie dzia\u0142ania i decyzje dotycz\u0105ce sposobu prowadzenia zaj\u0119\u0107, jakie podejmujemy, podporz\u0105dkowane s\u0105 wytycznym Ministerstwa Edukacji Narodowej i maj\u0105 na celu zapewnienie bezpiecznych i komfortowych warunk\u00f3w do nauki naszym s\u0142uchaczom. O wszelkich zmianach, je\u015bli tylko zaistnieje potrzeba ich wprowadzenia, b\u0119dziemy Pa\u0144stwa na bie\u017c\u0105co informowa\u0107.[\/vc_column_text][\/vc_column][vc_column width=&#8221;1\/2&#8243;][vc_single_image media=&#8221;1634&#8243; media_width_percent=&#8221;100&#8243; alignment=&#8221;center&#8221;][\/vc_column][\/vc_row][vc_row][vc_column width=&#8221;1\/2&#8243;][vc_empty_space empty_h=&#8221;2&#8243;][vc_column_text]Dla tych z Pa\u0144stwa, kt\u00f3rzy nie zdecyduj\u0105 si\u0119 na zaj\u0119cia stacjonarne, proponujemy zaj\u0119cia grupowe i indywidualne w wersji online, bez wychodzenia z domu, przy wykorzystaniu aplikacji Zoom. Szczeg\u00f3\u0142owe informacje, grafik grupowych zaj\u0119\u0107 online, dost\u0119pno\u015b\u0107 grup i poziom\u00f3w zaawansowania mo\u017cna uzyska\u0107 kontaktuj\u0105c si\u0119 z nami telefonicznie 33\u00a0822 33 30 lub emailowo <a href=\"mailto:bielsko@ih.com.pl\">bielsko@ih.com.pl<\/a>. Wi\u0119cej informacji o nauczaniu online na naszej stronie <a href=\"http:\/\/www.ih.com.pl\">www.ih.com.pl<\/a>[\/vc_column_text][\/vc_column][vc_column width=&#8221;1\/2&#8243;][vc_single_image media=&#8221;1640&#8243; media_width_percent=&#8221;100&#8243;][\/vc_column][\/vc_row]<\/p>\n<\/div>","protected":false},"excerpt":{"rendered":"<p>[vc_row][vc_column width=&#8221;1\/2&#8243;][vc_empty_space empty_h=&#8221;3&#8243;][vc_column_text]Informujemy, \u017ce wszelkie dzia\u0142ania i decyzje dotycz\u0105ce sposobu prowadzenia zaj\u0119\u0107, jakie podejmujemy, podporz\u0105dkowane s\u0105 wytycznym Ministerstwa Edukacji Narodowej [&hellip;]<\/p>\n","protected":false},"author":4,"featured_media":0,"parent":0,"menu_order":0,"comment_status":"closed","ping_status":"closed","template":"","meta":{"footnotes":""},"class_list":["post-1633","page","type-page","status-publish","hentry"],"yoast_head":"<!-- This site is optimized with the Yoast SEO plugin v26.8 - https:\/\/yoast.com\/product\/yoast-seo-wordpress\/ -->\n<title>Organizacja kurs\u00f3w w czasie trwania epidemii Covid-19 - IH Bielsko - Bia\u0142a<\/title>\n<meta name=\"robots\" content=\"index, follow, max-snippet:-1, max-image-preview:large, max-video-preview:-1\" \/>\n<link rel=\"canonical\" href=\"https:\/\/www.ih.com.pl\/bielsko-biala\/organizacja-kursow-w-czasie-covid-19\/\" \/>\n<meta property=\"og:locale\" content=\"pl_PL\" \/>\n<meta property=\"og:type\" content=\"article\" \/>\n<meta property=\"og:title\" content=\"Organizacja kurs\u00f3w w czasie trwania epidemii Covid-19 - IH Bielsko - Bia\u0142a\" \/>\n<meta property=\"og:description\" content=\"[vc_row][vc_column width=&#8221;1\/2&#8243;][vc_empty_space empty_h=&#8221;3&#8243;][vc_column_text]Informujemy, \u017ce wszelkie dzia\u0142ania i decyzje dotycz\u0105ce sposobu prowadzenia zaj\u0119\u0107, jakie podejmujemy, podporz\u0105dkowane s\u0105 wytycznym Ministerstwa Edukacji Narodowej [&hellip;]\" \/>\n<meta property=\"og:url\" content=\"https:\/\/www.ih.com.pl\/bielsko-biala\/organizacja-kursow-w-czasie-covid-19\/\" \/>\n<meta property=\"og:site_name\" content=\"IH Bielsko - Bia\u0142a\" \/>\n<meta property=\"article:modified_time\" content=\"2022-08-26T06:58:29+00:00\" \/>\n<meta name=\"twitter:card\" content=\"summary_large_image\" \/>\n<meta name=\"twitter:label1\" content=\"Szacowany czas czytania\" \/>\n\t<meta name=\"twitter:data1\" content=\"1 minuta\" \/>\n<script type=\"application\/ld+json\" class=\"yoast-schema-graph\">{\"@context\":\"https:\/\/schema.org\",\"@graph\":[{\"@type\":\"WebPage\",\"@id\":\"https:\/\/www.ih.com.pl\/bielsko-biala\/organizacja-kursow-w-czasie-covid-19\/\",\"url\":\"https:\/\/www.ih.com.pl\/bielsko-biala\/organizacja-kursow-w-czasie-covid-19\/\",\"name\":\"Organizacja kurs\u00f3w w czasie trwania epidemii Covid-19 - IH Bielsko - Bia\u0142a\",\"isPartOf\":{\"@id\":\"https:\/\/www.ih.com.pl\/bielsko-biala\/#website\"},\"datePublished\":\"2020-09-01T11:16:26+00:00\",\"dateModified\":\"2022-08-26T06:58:29+00:00\",\"breadcrumb\":{\"@id\":\"https:\/\/www.ih.com.pl\/bielsko-biala\/organizacja-kursow-w-czasie-covid-19\/#breadcrumb\"},\"inLanguage\":\"pl-PL\",\"potentialAction\":[{\"@type\":\"ReadAction\",\"target\":[\"https:\/\/www.ih.com.pl\/bielsko-biala\/organizacja-kursow-w-czasie-covid-19\/\"]}]},{\"@type\":\"BreadcrumbList\",\"@id\":\"https:\/\/www.ih.com.pl\/bielsko-biala\/organizacja-kursow-w-czasie-covid-19\/#breadcrumb\",\"itemListElement\":[{\"@type\":\"ListItem\",\"position\":1,\"name\":\"Strona g\u0142\u00f3wna\",\"item\":\"https:\/\/www.ih.com.pl\/bielsko-biala\/\"},{\"@type\":\"ListItem\",\"position\":2,\"name\":\"Organizacja kurs\u00f3w w czasie trwania epidemii Covid-19\"}]},{\"@type\":\"WebSite\",\"@id\":\"https:\/\/www.ih.com.pl\/bielsko-biala\/#website\",\"url\":\"https:\/\/www.ih.com.pl\/bielsko-biala\/\",\"name\":\"IH Bielsko - Bia\u0142a\",\"description\":\"\",\"potentialAction\":[{\"@type\":\"SearchAction\",\"target\":{\"@type\":\"EntryPoint\",\"urlTemplate\":\"https:\/\/www.ih.com.pl\/bielsko-biala\/?s={search_term_string}\"},\"query-input\":{\"@type\":\"PropertyValueSpecification\",\"valueRequired\":true,\"valueName\":\"search_term_string\"}}],\"inLanguage\":\"pl-PL\"}]}<\/script>\n<!-- \/ Yoast SEO plugin. -->","yoast_head_json":{"title":"Organizacja kurs\u00f3w w czasie trwania epidemii Covid-19 - IH Bielsko - Bia\u0142a","robots":{"index":"index","follow":"follow","max-snippet":"max-snippet:-1","max-image-preview":"max-image-preview:large","max-video-preview":"max-video-preview:-1"},"canonical":"https:\/\/www.ih.com.pl\/bielsko-biala\/organizacja-kursow-w-czasie-covid-19\/","og_locale":"pl_PL","og_type":"article","og_title":"Organizacja kurs\u00f3w w czasie trwania epidemii Covid-19 - IH Bielsko - Bia\u0142a","og_description":"[vc_row][vc_column width=&#8221;1\/2&#8243;][vc_empty_space empty_h=&#8221;3&#8243;][vc_column_text]Informujemy, \u017ce wszelkie dzia\u0142ania i decyzje dotycz\u0105ce sposobu prowadzenia zaj\u0119\u0107, jakie podejmujemy, podporz\u0105dkowane s\u0105 wytycznym Ministerstwa Edukacji Narodowej [&hellip;]","og_url":"https:\/\/www.ih.com.pl\/bielsko-biala\/organizacja-kursow-w-czasie-covid-19\/","og_site_name":"IH Bielsko - Bia\u0142a","article_modified_time":"2022-08-26T06:58:29+00:00","twitter_card":"summary_large_image","twitter_misc":{"Szacowany czas czytania":"1 minuta"},"schema":{"@context":"https:\/\/schema.org","@graph":[{"@type":"WebPage","@id":"https:\/\/www.ih.com.pl\/bielsko-biala\/organizacja-kursow-w-czasie-covid-19\/","url":"https:\/\/www.ih.com.pl\/bielsko-biala\/organizacja-kursow-w-czasie-covid-19\/","name":"Organizacja kurs\u00f3w w czasie trwania epidemii Covid-19 - IH Bielsko - Bia\u0142a","isPartOf":{"@id":"https:\/\/www.ih.com.pl\/bielsko-biala\/#website"},"datePublished":"2020-09-01T11:16:26+00:00","dateModified":"2022-08-26T06:58:29+00:00","breadcrumb":{"@id":"https:\/\/www.ih.com.pl\/bielsko-biala\/organizacja-kursow-w-czasie-covid-19\/#breadcrumb"},"inLanguage":"pl-PL","potentialAction":[{"@type":"ReadAction","target":["https:\/\/www.ih.com.pl\/bielsko-biala\/organizacja-kursow-w-czasie-covid-19\/"]}]},{"@type":"BreadcrumbList","@id":"https:\/\/www.ih.com.pl\/bielsko-biala\/organizacja-kursow-w-czasie-covid-19\/#breadcrumb","itemListElement":[{"@type":"ListItem","position":1,"name":"Strona g\u0142\u00f3wna","item":"https:\/\/www.ih.com.pl\/bielsko-biala\/"},{"@type":"ListItem","position":2,"name":"Organizacja kurs\u00f3w w czasie trwania epidemii Covid-19"}]},{"@type":"WebSite","@id":"https:\/\/www.ih.com.pl\/bielsko-biala\/#website","url":"https:\/\/www.ih.com.pl\/bielsko-biala\/","name":"IH Bielsko - Bia\u0142a","description":"","potentialAction":[{"@type":"SearchAction","target":{"@type":"EntryPoint","urlTemplate":"https:\/\/www.ih.com.pl\/bielsko-biala\/?s={search_term_string}"},"query-input":{"@type":"PropertyValueSpecification","valueRequired":true,"valueName":"search_term_string"}}],"inLanguage":"pl-PL"}]}},"_links":{"self":[{"href":"https:\/\/www.ih.com.pl\/bielsko-biala\/wp-json\/wp\/v2\/pages\/1633","targetHints":{"allow":["GET"]}}],"collection":[{"href":"https:\/\/www.ih.com.pl\/bielsko-biala\/wp-json\/wp\/v2\/pages"}],"about":[{"href":"https:\/\/www.ih.com.pl\/bielsko-biala\/wp-json\/wp\/v2\/types\/page"}],"author":[{"embeddable":true,"href":"https:\/\/www.ih.com.pl\/bielsko-biala\/wp-json\/wp\/v2\/users\/4"}],"replies":[{"embeddable":true,"href":"https:\/\/www.ih.com.pl\/bielsko-biala\/wp-json\/wp\/v2\/comments?post=1633"}],"version-history":[{"count":19,"href":"https:\/\/www.ih.com.pl\/bielsko-biala\/wp-json\/wp\/v2\/pages\/1633\/revisions"}],"predecessor-version":[{"id":3658,"href":"https:\/\/www.ih.com.pl\/bielsko-biala\/wp-json\/wp\/v2\/pages\/1633\/revisions\/3658"}],"wp:attachment":[{"href":"https:\/\/www.ih.com.pl\/bielsko-biala\/wp-json\/wp\/v2\/media?parent=1633"}],"curies":[{"name":"wp","href":"https:\/\/api.w.org\/{rel}","templated":true}]}}