{"id":2,"date":"2019-11-29T11:27:41","date_gmt":"2019-11-29T10:27:41","guid":{"rendered":"https:\/\/ih.wizjanet.pl\/bielsko-biala\/?page_id=2"},"modified":"2026-01-20T15:48:10","modified_gmt":"2026-01-20T14:48:10","slug":"przykladowa-strona","status":"publish","type":"page","link":"https:\/\/www.ih.com.pl\/bielsko-biala\/","title":{"rendered":"Strona g\u0142\u00f3wna"},"content":{"rendered":"<div class=\"wpb-content-wrapper\"><p>[vc_row row_height_percent=&#8221;0&#8243; override_padding=&#8221;yes&#8221; h_padding=&#8221;2&#8243; top_padding=&#8221;3&#8243; bottom_padding=&#8221;2&#8243; overlay_alpha=&#8221;50&#8243; gutter_size=&#8221;3&#8243; column_width_percent=&#8221;100&#8243; shift_y=&#8221;0&#8243; z_index=&#8221;0&#8243;][vc_column width=&#8221;1\/1&#8243;][vc_custom_heading text_size=&#8221;h3&#8243; text_color=&#8221;color-210407&#8243;]Zapisz si\u0119 na kurs[\/vc_custom_heading][\/vc_column][\/vc_row][vc_row row_height_percent=&#8221;0&#8243; override_padding=&#8221;yes&#8221; h_padding=&#8221;2&#8243; top_padding=&#8221;1&#8243; bottom_padding=&#8221;2&#8243; overlay_alpha=&#8221;50&#8243; gutter_size=&#8221;3&#8243; column_width_percent=&#8221;100&#8243; shift_y=&#8221;0&#8243; z_index=&#8221;0&#8243;][vc_column width=&#8221;1\/3&#8243;][vc_single_image media=&#8221;5260&#8243; media_width_percent=&#8221;100&#8243; media_link=&#8221;url:https%3A%2F%2Fwww.ih.com.pl%2Fbielsko-biala%2Fkursy-dla-dzieci-4-9-lat%2F||target:%20_blank|&#8221;][\/vc_column][vc_column width=&#8221;1\/3&#8243;][vc_single_image media=&#8221;5261&#8243; media_width_percent=&#8221;100&#8243; media_link=&#8221;url:https%3A%2F%2Fwww.ih.com.pl%2Fbielsko-biala%2Fkursy-dla-dzieci-4-9-lat%2F||target:%20_blank|&#8221;][\/vc_column][vc_column width=&#8221;1\/3&#8243;][vc_single_image media=&#8221;5262&#8243; media_width_percent=&#8221;100&#8243; media_link=&#8221;url:https%3A%2F%2Fwww.ih.com.pl%2Fbielsko-biala%2Fkursy-dla-dzieci-z-klas-4-6%2F||target:%20_blank|&#8221;][\/vc_column][\/vc_row][vc_row row_height_percent=&#8221;0&#8243; override_padding=&#8221;yes&#8221; h_padding=&#8221;2&#8243; top_padding=&#8221;1&#8243; bottom_padding=&#8221;2&#8243; overlay_alpha=&#8221;50&#8243; gutter_size=&#8221;3&#8243; column_width_percent=&#8221;100&#8243; shift_y=&#8221;0&#8243; z_index=&#8221;0&#8243;][vc_column width=&#8221;1\/3&#8243;][vc_single_image media=&#8221;5264&#8243; media_width_percent=&#8221;100&#8243; media_link=&#8221;url:https%3A%2F%2Fwww.ih.com.pl%2Fbielsko-biala%2Fkursy-dla-starszych-dzieci-mlodziezy%2F||target:%20_blank|&#8221;][\/vc_column][vc_column width=&#8221;1\/3&#8243;][vc_single_image media=&#8221;5282&#8243; media_width_percent=&#8221;100&#8243; media_link=&#8221;url:https%3A%2F%2Fwww.ih.com.pl%2Fbielsko-biala%2Fkursy-egzaminacyjne%2F||target:%20_blank|&#8221;][\/vc_column][vc_column width=&#8221;1\/3&#8243;][vc_single_image media=&#8221;5265&#8243; media_width_percent=&#8221;100&#8243; media_link=&#8221;url:https%3A%2F%2Fwww.ih.com.pl%2Fbielsko-biala%2Fkursy-dla-doroslych%2F||target:%20_blank|&#8221;][\/vc_column][\/vc_row][vc_row row_height_percent=&#8221;0&#8243; override_padding=&#8221;yes&#8221; h_padding=&#8221;2&#8243; top_padding=&#8221;1&#8243; bottom_padding=&#8221;2&#8243; overlay_alpha=&#8221;50&#8243; gutter_size=&#8221;3&#8243; column_width_percent=&#8221;100&#8243; shift_y=&#8221;0&#8243; z_index=&#8221;0&#8243;][vc_column width=&#8221;1\/3&#8243;][vc_single_image media=&#8221;5267&#8243; media_width_percent=&#8221;100&#8243; media_link=&#8221;url:https%3A%2F%2Fwww.ih.com.pl%2Fbielsko-biala%2Fzajecia-online-jak-uczestniczyc-w-zajeciach-przy-uzyciu-programu-zoom%2F||target:%20_blank|&#8221;][\/vc_column][vc_column width=&#8221;1\/3&#8243;][vc_single_image media=&#8221;5268&#8243; media_width_percent=&#8221;100&#8243; media_link=&#8221;url:https%3A%2F%2Fwww.ih.com.pl%2Fbielsko-biala%2Fkursy-indywdualne-oraz-dla-firm%2F||target:%20_blank|&#8221;][\/vc_column][vc_column width=&#8221;1\/3&#8243;][vc_single_image media=&#8221;5274&#8243; media_width_percent=&#8221;100&#8243; media_link=&#8221;url:https%3A%2F%2Fwww.ih.com.pl%2Fbielsko-biala%2Fkursy-indywdualne-oraz-dla-firm%2F||target:%20_blank|&#8221;][\/vc_column][\/vc_row][vc_row row_height_percent=&#8221;0&#8243; override_padding=&#8221;yes&#8221; h_padding=&#8221;2&#8243; top_padding=&#8221;1&#8243; bottom_padding=&#8221;2&#8243; overlay_alpha=&#8221;50&#8243; gutter_size=&#8221;3&#8243; column_width_percent=&#8221;100&#8243; shift_y=&#8221;0&#8243; z_index=&#8221;0&#8243;][vc_column width=&#8221;1\/3&#8243;][vc_single_image media=&#8221;5269&#8243; media_width_percent=&#8221;100&#8243; media_link=&#8221;url:https%3A%2F%2Fwww.ih.com.pl%2Fbielsko-biala%2Fkursy-z-dofinansowaniem-unijnym%2F||target:%20_blank|&#8221;][\/vc_column][vc_column width=&#8221;1\/3&#8243;][\/vc_column][vc_column width=&#8221;1\/3&#8243;][\/vc_column][\/vc_row][vc_row][vc_column width=&#8221;2\/3&#8243;][vc_custom_heading text_size=&#8221;h3&#8243; text_color=&#8221;color-210407&#8243;]Aktualno\u015bci[\/vc_custom_heading][uncode_index el_id=&#8221;index-176783&#8243; index_type=&#8221;carousel&#8221; loop=&#8221;size:3|order_by:date|post_type:post|categories:6&#8243; carousel_lg=&#8221;2&#8243; carousel_md=&#8221;2&#8243; carousel_sm=&#8221;1&#8243; thumb_size=&#8221;twentyone-nine&#8221; gutter_size=&#8221;3&#8243; post_items=&#8221;media|featured|onpost|original,title,date,text|full|450,spacer|half,link|circle|small_size|WI\u0118CEJ&#8221; carousel_height=&#8221;equal&#8221; carousel_interval=&#8221;5000&#8243; carousel_navspeed=&#8221;400&#8243; carousel_loop=&#8221;yes&#8221; carousel_nav=&#8221;yes&#8221; carousel_nav_mobile=&#8221;yes&#8221; carousel_dots=&#8221;yes&#8221; carousel_autoh=&#8221;yes&#8221; stage_padding=&#8221;0&#8243; single_back_color=&#8221;color-lxmt&#8221; single_overlay_color=&#8221;color-vyce&#8221; single_overlay_opacity=&#8221;80&#8243; single_padding=&#8221;2&#8243; single_title_dimension=&#8221;h4&#8243; single_shadow=&#8221;yes&#8221; shadow_weight=&#8221;sm&#8221; single_css_animation=&#8221;bottom-t-top&#8221; single_animation_delay=&#8221;400&#8243; single_icon=&#8221;fa fa-search&#8221;][\/vc_column][vc_column column_width_percent=&#8221;100&#8243; position_vertical=&#8221;middle&#8221; align_horizontal=&#8221;align_center&#8221; gutter_size=&#8221;3&#8243; override_padding=&#8221;yes&#8221; column_padding=&#8221;1&#8243; overlay_alpha=&#8221;50&#8243; shift_x=&#8221;0&#8243; shift_y=&#8221;0&#8243; shift_y_down=&#8221;0&#8243; z_index=&#8221;0&#8243; medium_width=&#8221;0&#8243; mobile_width=&#8221;0&#8243; width=&#8221;1\/3&#8243;][vc_empty_space empty_h=&#8221;2&#8243;][vc_button button_color=&#8221;color-vyce&#8221; size=&#8221;btn-xl&#8221; radius=&#8221;btn-circle&#8221; border_animation=&#8221;btn-ripple-out&#8221; wide=&#8221;yes&#8221; hover_fx=&#8221;outlined&#8221; outline=&#8221;yes&#8221; shadow=&#8221;yes&#8221; shadow_weight=&#8221;std&#8221; border_width=&#8221;2&#8243; link=&#8221;url:https%3A%2F%2Fihworld.com%2Flearn%2Fih-english-language-level-test%2F||target:%20_blank|&#8221; el_class=&#8221;bigb&#8221;]Przetestuj si\u0119[\/vc_button][vc_button button_color=&#8221;color-210407&#8243; size=&#8221;btn-xl&#8221; radius=&#8221;btn-circle&#8221; border_animation=&#8221;btn-ripple-out&#8221; wide=&#8221;yes&#8221; hover_fx=&#8221;outlined&#8221; outline=&#8221;yes&#8221; shadow=&#8221;yes&#8221; shadow_weight=&#8221;std&#8221; border_width=&#8221;2&#8243; link=&#8221;url:https%3A%2F%2Fwww.sekretariat.bielsko-biala.ih.com.pl%2F||target:%20_blank|&#8221; el_class=&#8221;bigb&#8221;]Internetowy sekretariat[\/vc_button][vc_button button_color=&#8221;color-174087&#8243; size=&#8221;btn-xl&#8221; radius=&#8221;btn-circle&#8221; border_animation=&#8221;btn-ripple-out&#8221; wide=&#8221;yes&#8221; hover_fx=&#8221;outlined&#8221; outline=&#8221;yes&#8221; shadow=&#8221;yes&#8221; shadow_weight=&#8221;std&#8221; border_width=&#8221;2&#8243; link=&#8221;url:%2Fbielsko-biala%2Fteachers-zone%2F|||&#8221; el_class=&#8221;bigb&#8221;]TEACHERS ZONE[\/vc_button][\/vc_column][\/vc_row][vc_row row_height_percent=&#8221;0&#8243; override_padding=&#8221;yes&#8221; h_padding=&#8221;0&#8243; top_padding=&#8221;2&#8243; bottom_padding=&#8221;2&#8243; overlay_alpha=&#8221;50&#8243; equal_height=&#8221;yes&#8221; gutter_size=&#8221;3&#8243; column_width_percent=&#8221;100&#8243; shift_y=&#8221;0&#8243; z_index=&#8221;0&#8243;][vc_column column_width_percent=&#8221;100&#8243; position_vertical=&#8221;middle&#8221; align_horizontal=&#8221;align_center&#8221; gutter_size=&#8221;3&#8243; override_padding=&#8221;yes&#8221; column_padding=&#8221;2&#8243; style=&#8221;dark&#8221; back_color=&#8221;color-210407&#8243; overlay_alpha=&#8221;50&#8243; border_color=&#8221;color-vyce&#8221; border_style=&#8221;dashed&#8221; shift_x=&#8221;0&#8243; shift_y=&#8221;0&#8243; shift_y_down=&#8221;0&#8243; z_index=&#8221;0&#8243; medium_width=&#8221;0&#8243; mobile_width=&#8221;0&#8243; css_animation=&#8221;bottom-t-top&#8221; width=&#8221;1\/2&#8243; css=&#8221;.vc_custom_1576217364228{border-top-width: 12px !important;border-right-width: 12px !important;border-bottom-width: 12px !important;border-left-width: 12px !important;}&#8221;][vc_row_inner][vc_column_inner column_width_percent=&#8221;100&#8243; position_vertical=&#8221;middle&#8221; align_horizontal=&#8221;align_center&#8221; gutter_size=&#8221;3&#8243; overlay_alpha=&#8221;50&#8243; shift_x=&#8221;0&#8243; shift_y=&#8221;0&#8243; shift_y_down=&#8221;0&#8243; z_index=&#8221;0&#8243; medium_width=&#8221;0&#8243; mobile_width=&#8221;4&#8243; width=&#8221;1\/3&#8243;][vc_single_image media=&#8221;97&#8243; media_width_percent=&#8221;100&#8243; alignment=&#8221;center&#8221;][\/vc_column_inner][vc_column_inner column_width_percent=&#8221;100&#8243; position_vertical=&#8221;middle&#8221; gutter_size=&#8221;2&#8243; style=&#8221;dark&#8221; overlay_alpha=&#8221;50&#8243; shift_x=&#8221;0&#8243; shift_y=&#8221;0&#8243; shift_y_down=&#8221;0&#8243; z_index=&#8221;0&#8243; medium_width=&#8221;0&#8243; mobile_width=&#8221;4&#8243; width=&#8221;2\/3&#8243;][vc_column_text]Angloj\u0119zyczny \u017b\u0142obek i Przedszkole &#8222;First Steps&#8221;<br \/>\nBielsko-Bia\u0142a, ul. Czecha 5<br \/>\ntel: 33 81-81-262[\/vc_column_text][vc_button button_color=&#8221;color-vyce&#8221; size=&#8221;btn-sm&#8221; radius=&#8221;btn-circle&#8221; outline=&#8221;yes&#8221; border_width=&#8221;2&#8243; link=&#8221;url:https%3A%2F%2Fwww.przedszkole.anglojezyczne.pl%2F||target:%20_blank|&#8221;]WI\u0118CEJ[\/vc_button][\/vc_column_inner][\/vc_row_inner][\/vc_column][vc_column column_width_percent=&#8221;100&#8243; position_vertical=&#8221;middle&#8221; gutter_size=&#8221;3&#8243; override_padding=&#8221;yes&#8221; column_padding=&#8221;2&#8243; back_color=&#8221;color-wvjs&#8221; overlay_alpha=&#8221;50&#8243; border_color=&#8221;color-vyce&#8221; border_style=&#8221;dashed&#8221; shift_x=&#8221;0&#8243; shift_y=&#8221;0&#8243; shift_y_down=&#8221;0&#8243; z_index=&#8221;0&#8243; medium_width=&#8221;0&#8243; mobile_width=&#8221;0&#8243; css_animation=&#8221;bottom-t-top&#8221; animation_delay=&#8221;500&#8243; width=&#8221;1\/2&#8243; css=&#8221;.vc_custom_1576217094053{border-top-width: 12px !important;border-right-width: 12px !important;border-bottom-width: 12px !important;border-left-width: 12px !important;}&#8221;][vc_row_inner][vc_column_inner column_width_percent=&#8221;100&#8243; position_vertical=&#8221;middle&#8221; gutter_size=&#8221;3&#8243; overlay_alpha=&#8221;50&#8243; shift_x=&#8221;0&#8243; shift_y=&#8221;0&#8243; shift_y_down=&#8221;0&#8243; z_index=&#8221;0&#8243; medium_width=&#8221;0&#8243; mobile_width=&#8221;4&#8243; width=&#8221;1\/3&#8243;][vc_single_image media=&#8221;493&#8243; media_width_percent=&#8221;100&#8243; alignment=&#8221;center&#8221;][\/vc_column_inner][vc_column_inner column_width_percent=&#8221;100&#8243; position_vertical=&#8221;middle&#8221; gutter_size=&#8221;2&#8243; style=&#8221;dark&#8221; overlay_alpha=&#8221;50&#8243; shift_x=&#8221;0&#8243; shift_y=&#8221;0&#8243; shift_y_down=&#8221;0&#8243; z_index=&#8221;0&#8243; medium_width=&#8221;0&#8243; mobile_width=&#8221;4&#8243; width=&#8221;2\/3&#8243;][vc_column_text]Angloj\u0119zyczna Szko\u0142a Podstawowa &#8222;Primary Steps&#8221;<br \/>\nBielsko-Bia\u0142a, ul. Lotnicza 15<br \/>\ntel: 33 50-65-599[\/vc_column_text][vc_button button_color=&#8221;color-vyce&#8221; size=&#8221;btn-sm&#8221; radius=&#8221;btn-circle&#8221; outline=&#8221;yes&#8221; border_width=&#8221;2&#8243; link=&#8221;url:https%3A%2F%2Fwww.szkola-anglojezyczna.pl%2F||target:%20_blank|&#8221;]WI\u0118CEJ[\/vc_button][\/vc_column_inner][\/vc_row_inner][\/vc_column][\/vc_row][vc_row][vc_column width=&#8221;1\/1&#8243;][vc_column_text]<\/p>\n<h1>J\u0119zyk angielski Bielsko-Bia\u0142a w International House<\/h1>\n<p>Gdy potrafisz m\u00f3wi\u0107 po angielsku, ca\u0142y \u015bwiat stoi przed Tob\u0105 otworem. Angielski jest obecnie g\u0142\u00f3wnym j\u0119zykiem mi\u0119dzynarodowym, wykorzystywanym w biznesie, nauce, przemy\u015ble czy sztuce. To uniwersalne narz\u0119dzie komunikacji stosowane na ka\u017cdym kontynencie. J\u0119zyk angielski pozwala rozwin\u0105\u0107 karier\u0119, pomaga w zdobyciu znajomych na ca\u0142ym globie i umo\u017cliwia lepsze zrozumienie wszelkich tekst\u00f3w kultury. Ju\u017c dzi\u015b zapisz si\u0119 do International House w Bielsku-Bia\u0142ej na kurs angielskiego odpowiadaj\u0105cy Twoim potrzebom i naucz si\u0119 tego j\u0119zyka od podstaw albo przygotuj do jednego z egzamin\u00f3w Cambridge English.<\/p>\n<p>International House Bielsko-Bia\u0142a posiada szeroki wyb\u00f3r kurs\u00f3w j\u0119zyka angielskiego, opartych na sprawdzonych metodach edukacyjnych, opracowywanych i udoskonalanych od niemal 70 lat. Prowadzimy zaj\u0119cia z j\u0119zyka angielskiego dla wszystkich grup wiekowych. Z angielskim zapoznajemy dzieci ju\u017c od czwartego roku \u017cycia, pomagamy przygotowa\u0107 si\u0119 uczniom do mi\u0119dzynarodowych egzamin\u00f3w. Doros\u0142ym i firmom proponujemy specjalnie przygotowane kursy bazuj\u0105ce na wykorzystaniu angielskiego w biznesie. J\u0119zyk angielski Bielsko-Bia\u0142a w International House to najwy\u017csza jako\u015b\u0107 nauczania dzi\u0119ki wyszkolonej kadrze i innowacyjnym metodom dydaktycznym.<\/p>\n<p>W IH nie znamy poj\u0119cia \u201cnuda\u201d, dlatego nawet po godzinach zapraszamy na Pub Quiz po angielsku w lu\u017anej atmosferze. Na najm\u0142odszych<\/p>\n<p>w wybrane soboty czekaj\u0105 gry i zabawy w j\u0119zyku Szekspira, w ramach Kids\u2019 Club.<\/p>\n<p>Zadzwo\u0144 lub napisz do International House Bielsko-Bia\u0142a i sprawd\u017a nasze kreatywne podej\u015bcie do nauczania j\u0119zyka angielskiego.<\/p>\n<p>[\/vc_column_text][\/vc_column][\/vc_row]<\/p>\n<\/div>","protected":false},"excerpt":{"rendered":"<p>[vc_row row_height_percent=&#8221;0&#8243; override_padding=&#8221;yes&#8221; h_padding=&#8221;2&#8243; top_padding=&#8221;3&#8243; bottom_padding=&#8221;2&#8243; overlay_alpha=&#8221;50&#8243; gutter_size=&#8221;3&#8243; column_width_percent=&#8221;100&#8243; shift_y=&#8221;0&#8243; z_index=&#8221;0&#8243;][vc_column width=&#8221;1\/1&#8243;][vc_custom_heading text_size=&#8221;h3&#8243; text_color=&#8221;color-210407&#8243;]Zapisz si\u0119 na kurs[\/vc_custom_heading][\/vc_column][\/vc_row][vc_row row_height_percent=&#8221;0&#8243; override_padding=&#8221;yes&#8221; h_padding=&#8221;2&#8243; [&hellip;]<\/p>\n","protected":false},"author":1,"featured_media":5141,"parent":0,"menu_order":0,"comment_status":"closed","ping_status":"open","template":"","meta":{"footnotes":""},"class_list":["post-2","page","type-page","status-publish","has-post-thumbnail","hentry"],"yoast_head":"<!-- This site is optimized with the Yoast SEO plugin v26.8 - https:\/\/yoast.com\/product\/yoast-seo-wordpress\/ -->\n<title>J\u0119zyk angielski Bielsko | szko\u0142a j\u0119zykowa w Bielsku-Bia\u0142ej - International House<\/title>\n<meta name=\"description\" content=\"International House to szko\u0142a angielskiego z wieloletnim do\u015bwidczeniem prowadz\u0105ca zaj\u0119cia dla dzieci, m\u0142odzie\u017cy i doros\u0142ych w Bielsku. Sprawd\u017a nasz\u0105 ofert\u0119!\" \/>\n<meta name=\"robots\" content=\"index, follow, max-snippet:-1, max-image-preview:large, max-video-preview:-1\" \/>\n<link rel=\"canonical\" href=\"https:\/\/www.ih.com.pl\/bielsko-biala\/\" \/>\n<meta property=\"og:locale\" content=\"pl_PL\" \/>\n<meta property=\"og:type\" content=\"article\" \/>\n<meta property=\"og:title\" content=\"J\u0119zyk angielski Bielsko | szko\u0142a j\u0119zykowa w Bielsku-Bia\u0142ej - International House\" \/>\n<meta property=\"og:description\" content=\"International House to szko\u0142a angielskiego z wieloletnim do\u015bwidczeniem prowadz\u0105ca zaj\u0119cia dla dzieci, m\u0142odzie\u017cy i doros\u0142ych w Bielsku. Sprawd\u017a nasz\u0105 ofert\u0119!\" \/>\n<meta property=\"og:url\" content=\"https:\/\/www.ih.com.pl\/bielsko-biala\/\" \/>\n<meta property=\"og:site_name\" content=\"IH Bielsko - Bia\u0142a\" \/>\n<meta property=\"article:modified_time\" content=\"2026-01-20T14:48:10+00:00\" \/>\n<meta property=\"og:image\" content=\"https:\/\/www.ih.com.pl\/bielsko-biala\/wp-content\/uploads\/sites\/2\/2025\/07\/superbohater2-scaled.jpeg\" \/>\n\t<meta property=\"og:image:width\" content=\"2560\" \/>\n\t<meta property=\"og:image:height\" content=\"1139\" \/>\n\t<meta property=\"og:image:type\" content=\"image\/jpeg\" \/>\n<meta name=\"twitter:card\" content=\"summary_large_image\" \/>\n<meta name=\"twitter:label1\" content=\"Szacowany czas czytania\" \/>\n\t<meta name=\"twitter:data1\" content=\"7 minut\" \/>\n<script type=\"application\/ld+json\" class=\"yoast-schema-graph\">{\"@context\":\"https:\/\/schema.org\",\"@graph\":[{\"@type\":\"WebPage\",\"@id\":\"https:\/\/www.ih.com.pl\/bielsko-biala\/\",\"url\":\"https:\/\/www.ih.com.pl\/bielsko-biala\/\",\"name\":\"J\u0119zyk angielski Bielsko | szko\u0142a j\u0119zykowa w Bielsku-Bia\u0142ej - International House\",\"isPartOf\":{\"@id\":\"https:\/\/www.ih.com.pl\/bielsko-biala\/#website\"},\"primaryImageOfPage\":{\"@id\":\"https:\/\/www.ih.com.pl\/bielsko-biala\/#primaryimage\"},\"image\":{\"@id\":\"https:\/\/www.ih.com.pl\/bielsko-biala\/#primaryimage\"},\"thumbnailUrl\":\"https:\/\/www.ih.com.pl\/bielsko-biala\/wp-content\/uploads\/sites\/2\/2025\/07\/superbohater2-scaled.jpeg\",\"datePublished\":\"2019-11-29T10:27:41+00:00\",\"dateModified\":\"2026-01-20T14:48:10+00:00\",\"description\":\"International House to szko\u0142a angielskiego z wieloletnim do\u015bwidczeniem prowadz\u0105ca zaj\u0119cia dla dzieci, m\u0142odzie\u017cy i doros\u0142ych w Bielsku. Sprawd\u017a nasz\u0105 ofert\u0119!\",\"breadcrumb\":{\"@id\":\"https:\/\/www.ih.com.pl\/bielsko-biala\/#breadcrumb\"},\"inLanguage\":\"pl-PL\",\"potentialAction\":[{\"@type\":\"ReadAction\",\"target\":[\"https:\/\/www.ih.com.pl\/bielsko-biala\/\"]}]},{\"@type\":\"ImageObject\",\"inLanguage\":\"pl-PL\",\"@id\":\"https:\/\/www.ih.com.pl\/bielsko-biala\/#primaryimage\",\"url\":\"https:\/\/www.ih.com.pl\/bielsko-biala\/wp-content\/uploads\/sites\/2\/2025\/07\/superbohater2-scaled.jpeg\",\"contentUrl\":\"https:\/\/www.ih.com.pl\/bielsko-biala\/wp-content\/uploads\/sites\/2\/2025\/07\/superbohater2-scaled.jpeg\",\"width\":2560,\"height\":1139,\"caption\":\"Cute smiling superhero boy posing with arms akimbo and wearing a British flag as a cape, learning languages concept\"},{\"@type\":\"BreadcrumbList\",\"@id\":\"https:\/\/www.ih.com.pl\/bielsko-biala\/#breadcrumb\",\"itemListElement\":[{\"@type\":\"ListItem\",\"position\":1,\"name\":\"Strona g\u0142\u00f3wna\",\"item\":\"https:\/\/www.ih.com.pl\/bielsko-biala\/\"},{\"@type\":\"ListItem\",\"position\":2,\"name\":\"Strona g\u0142\u00f3wna\"}]},{\"@type\":\"WebSite\",\"@id\":\"https:\/\/www.ih.com.pl\/bielsko-biala\/#website\",\"url\":\"https:\/\/www.ih.com.pl\/bielsko-biala\/\",\"name\":\"IH Bielsko - Bia\u0142a\",\"description\":\"\",\"potentialAction\":[{\"@type\":\"SearchAction\",\"target\":{\"@type\":\"EntryPoint\",\"urlTemplate\":\"https:\/\/www.ih.com.pl\/bielsko-biala\/?s={search_term_string}\"},\"query-input\":{\"@type\":\"PropertyValueSpecification\",\"valueRequired\":true,\"valueName\":\"search_term_string\"}}],\"inLanguage\":\"pl-PL\"}]}<\/script>\n<!-- \/ Yoast SEO plugin. -->","yoast_head_json":{"title":"J\u0119zyk angielski Bielsko | szko\u0142a j\u0119zykowa w Bielsku-Bia\u0142ej - International House","description":"International House to szko\u0142a angielskiego z wieloletnim do\u015bwidczeniem prowadz\u0105ca zaj\u0119cia dla dzieci, m\u0142odzie\u017cy i doros\u0142ych w Bielsku. Sprawd\u017a nasz\u0105 ofert\u0119!","robots":{"index":"index","follow":"follow","max-snippet":"max-snippet:-1","max-image-preview":"max-image-preview:large","max-video-preview":"max-video-preview:-1"},"canonical":"https:\/\/www.ih.com.pl\/bielsko-biala\/","og_locale":"pl_PL","og_type":"article","og_title":"J\u0119zyk angielski Bielsko | szko\u0142a j\u0119zykowa w Bielsku-Bia\u0142ej - International House","og_description":"International House to szko\u0142a angielskiego z wieloletnim do\u015bwidczeniem prowadz\u0105ca zaj\u0119cia dla dzieci, m\u0142odzie\u017cy i doros\u0142ych w Bielsku. Sprawd\u017a nasz\u0105 ofert\u0119!","og_url":"https:\/\/www.ih.com.pl\/bielsko-biala\/","og_site_name":"IH Bielsko - Bia\u0142a","article_modified_time":"2026-01-20T14:48:10+00:00","og_image":[{"width":2560,"height":1139,"url":"https:\/\/www.ih.com.pl\/bielsko-biala\/wp-content\/uploads\/sites\/2\/2025\/07\/superbohater2-scaled.jpeg","type":"image\/jpeg"}],"twitter_card":"summary_large_image","twitter_misc":{"Szacowany czas czytania":"7 minut"},"schema":{"@context":"https:\/\/schema.org","@graph":[{"@type":"WebPage","@id":"https:\/\/www.ih.com.pl\/bielsko-biala\/","url":"https:\/\/www.ih.com.pl\/bielsko-biala\/","name":"J\u0119zyk angielski Bielsko | szko\u0142a j\u0119zykowa w Bielsku-Bia\u0142ej - International House","isPartOf":{"@id":"https:\/\/www.ih.com.pl\/bielsko-biala\/#website"},"primaryImageOfPage":{"@id":"https:\/\/www.ih.com.pl\/bielsko-biala\/#primaryimage"},"image":{"@id":"https:\/\/www.ih.com.pl\/bielsko-biala\/#primaryimage"},"thumbnailUrl":"https:\/\/www.ih.com.pl\/bielsko-biala\/wp-content\/uploads\/sites\/2\/2025\/07\/superbohater2-scaled.jpeg","datePublished":"2019-11-29T10:27:41+00:00","dateModified":"2026-01-20T14:48:10+00:00","description":"International House to szko\u0142a angielskiego z wieloletnim do\u015bwidczeniem prowadz\u0105ca zaj\u0119cia dla dzieci, m\u0142odzie\u017cy i doros\u0142ych w Bielsku. Sprawd\u017a nasz\u0105 ofert\u0119!","breadcrumb":{"@id":"https:\/\/www.ih.com.pl\/bielsko-biala\/#breadcrumb"},"inLanguage":"pl-PL","potentialAction":[{"@type":"ReadAction","target":["https:\/\/www.ih.com.pl\/bielsko-biala\/"]}]},{"@type":"ImageObject","inLanguage":"pl-PL","@id":"https:\/\/www.ih.com.pl\/bielsko-biala\/#primaryimage","url":"https:\/\/www.ih.com.pl\/bielsko-biala\/wp-content\/uploads\/sites\/2\/2025\/07\/superbohater2-scaled.jpeg","contentUrl":"https:\/\/www.ih.com.pl\/bielsko-biala\/wp-content\/uploads\/sites\/2\/2025\/07\/superbohater2-scaled.jpeg","width":2560,"height":1139,"caption":"Cute smiling superhero boy posing with arms akimbo and wearing a British flag as a cape, learning languages concept"},{"@type":"BreadcrumbList","@id":"https:\/\/www.ih.com.pl\/bielsko-biala\/#breadcrumb","itemListElement":[{"@type":"ListItem","position":1,"name":"Strona g\u0142\u00f3wna","item":"https:\/\/www.ih.com.pl\/bielsko-biala\/"},{"@type":"ListItem","position":2,"name":"Strona g\u0142\u00f3wna"}]},{"@type":"WebSite","@id":"https:\/\/www.ih.com.pl\/bielsko-biala\/#website","url":"https:\/\/www.ih.com.pl\/bielsko-biala\/","name":"IH Bielsko - Bia\u0142a","description":"","potentialAction":[{"@type":"SearchAction","target":{"@type":"EntryPoint","urlTemplate":"https:\/\/www.ih.com.pl\/bielsko-biala\/?s={search_term_string}"},"query-input":{"@type":"PropertyValueSpecification","valueRequired":true,"valueName":"search_term_string"}}],"inLanguage":"pl-PL"}]}},"_links":{"self":[{"href":"https:\/\/www.ih.com.pl\/bielsko-biala\/wp-json\/wp\/v2\/pages\/2","targetHints":{"allow":["GET"]}}],"collection":[{"href":"https:\/\/www.ih.com.pl\/bielsko-biala\/wp-json\/wp\/v2\/pages"}],"about":[{"href":"https:\/\/www.ih.com.pl\/bielsko-biala\/wp-json\/wp\/v2\/types\/page"}],"author":[{"embeddable":true,"href":"https:\/\/www.ih.com.pl\/bielsko-biala\/wp-json\/wp\/v2\/users\/1"}],"replies":[{"embeddable":true,"href":"https:\/\/www.ih.com.pl\/bielsko-biala\/wp-json\/wp\/v2\/comments?post=2"}],"version-history":[{"count":142,"href":"https:\/\/www.ih.com.pl\/bielsko-biala\/wp-json\/wp\/v2\/pages\/2\/revisions"}],"predecessor-version":[{"id":5430,"href":"https:\/\/www.ih.com.pl\/bielsko-biala\/wp-json\/wp\/v2\/pages\/2\/revisions\/5430"}],"wp:featuredmedia":[{"embeddable":true,"href":"https:\/\/www.ih.com.pl\/bielsko-biala\/wp-json\/wp\/v2\/media\/5141"}],"wp:attachment":[{"href":"https:\/\/www.ih.com.pl\/bielsko-biala\/wp-json\/wp\/v2\/media?parent=2"}],"curies":[{"name":"wp","href":"https:\/\/api.w.org\/{rel}","templated":true}]}}