{"id":202,"date":"2019-12-10T14:00:43","date_gmt":"2019-12-10T13:00:43","guid":{"rendered":"https:\/\/ih.wizjanet.pl\/bielsko-biala\/?page_id=202"},"modified":"2025-11-12T18:58:40","modified_gmt":"2025-11-12T17:58:40","slug":"egzaminy-cambridge-english","status":"publish","type":"page","link":"https:\/\/www.ih.com.pl\/bielsko-biala\/egzaminy-cambridge-english\/","title":{"rendered":"Egzaminy Cambridge English"},"content":{"rendered":"<div class=\"wpb-content-wrapper\"><p>[vc_row row_height_percent=&#8221;0&#8243; override_padding=&#8221;yes&#8221; h_padding=&#8221;2&#8243; top_padding=&#8221;2&#8243; bottom_padding=&#8221;1&#8243; overlay_alpha=&#8221;50&#8243; gutter_size=&#8221;3&#8243; column_width_percent=&#8221;100&#8243; shift_y=&#8221;0&#8243; z_index=&#8221;0&#8243;][vc_column column_width_percent=&#8221;100&#8243; align_horizontal=&#8221;align_center&#8221; gutter_size=&#8221;3&#8243; overlay_alpha=&#8221;50&#8243; shift_x=&#8221;0&#8243; shift_y=&#8221;0&#8243; shift_y_down=&#8221;0&#8243; z_index=&#8221;0&#8243; medium_width=&#8221;0&#8243; mobile_width=&#8221;0&#8243; width=&#8221;1\/2&#8243;][vc_column_text][\/vc_column_text][vc_custom_heading text_size=&#8221;h4&#8243;]Nasza szko\u0142a posiada status<br \/>\n<em>Centrum Przygotowuj\u0105cego do Egzamin\u00f3w Cambridge English Qualifications<\/em>[\/vc_custom_heading][vc_custom_heading text_size=&#8221;h4&#8243;]Jeste\u015bmy Partnerem<br \/>\n<em>Autoryzowanego Centrum Egzaminacyjnego nr PL277 Clan City w Gliwicach.<\/em><\/p>\n<p>[\/vc_custom_heading][\/vc_column][vc_column width=&#8221;1\/2&#8243;][vc_single_image media=&#8221;5400&#8243; media_width_percent=&#8221;100&#8243;][\/vc_column][\/vc_row][vc_row][vc_column width=&#8221;1\/1&#8243;][vc_custom_heading]<\/p>\n<h3 style=\"text-align: center\">Oferujemy mo\u017cliwo\u015b\u0107 zdawania w Bielsku-Bia\u0142ej nast\u0119puj\u0105cych egzamin\u00f3w Cambridge English Qualifications:<\/h3>\n<p>[\/vc_custom_heading][\/vc_column][\/vc_row][vc_row row_height_percent=&#8221;0&#8243; override_padding=&#8221;yes&#8221; h_padding=&#8221;2&#8243; top_padding=&#8221;2&#8243; bottom_padding=&#8221;0&#8243; overlay_alpha=&#8221;50&#8243; equal_height=&#8221;yes&#8221; gutter_size=&#8221;0&#8243; column_width_percent=&#8221;100&#8243; shift_y=&#8221;0&#8243; z_index=&#8221;0&#8243;][vc_column column_width_percent=&#8221;100&#8243; gutter_size=&#8221;3&#8243; override_padding=&#8221;yes&#8221; column_padding=&#8221;2&#8243; back_color=&#8221;color-lxmt&#8221; overlay_alpha=&#8221;50&#8243; shift_x=&#8221;0&#8243; shift_y=&#8221;0&#8243; shift_y_down=&#8221;0&#8243; z_index=&#8221;0&#8243; medium_width=&#8221;0&#8243; mobile_width=&#8221;0&#8243; width=&#8221;1\/2&#8243;][vc_custom_heading text_size=&#8221;h4&#8243;]Egzaminy z j\u0119zyka angielskiego og\u00f3lnego dla doros\u0142ych[\/vc_custom_heading][vc_column_text]G\u0142\u00f3wna grupa egzamin\u00f3w oferowanych przez Uniwersytet Cambridge. Najpopularniejsze egzaminy z j\u0119zyka angielskiego w Polsce i na \u015bwiecie. Ka\u017cdego roku setki tysi\u0119cy kandydat\u00f3w na ca\u0142ym \u015bwiecie przyst\u0119puj\u0105 do egzamin\u00f3w Cambridge English:[\/vc_column_text][uncode_list]<\/p>\n<ul>\n<li><a href=\"https:\/\/www.cambridgeenglish.org\/pl\/exams-and-tests\/key\/\">Cambridge English: A2 Key (KET)<\/a> &#8211; poziom podstawowy<\/li>\n<li><a href=\"https:\/\/www.cambridgeenglish.org\/pl\/exams-and-tests\/preliminary\/\">Cambridge English: B1 Preliminary (PET)<\/a> &#8211; poziom ponadpodstawowy<\/li>\n<li><a href=\"https:\/\/www.cambridgeenglish.org\/pl\/exams-and-tests\/first\/\">Cambridge English: B2 First (FCE)<\/a> &#8211; poziom \u015bredniozaawansowany<\/li>\n<li><a href=\"https:\/\/www.cambridgeenglish.org\/pl\/exams-and-tests\/advanced\/\">Cambridge English: C1 Advanced (CAE)<\/a> &#8211; poziom zaawansowany<\/li>\n<li><a href=\"https:\/\/www.cambridgeenglish.org\/pl\/exams-and-tests\/proficiency\/\">Cambridge English: C2 Proficiency (CPE)<\/a> &#8211; poziom bieg\u0142o\u015bci<\/li>\n<\/ul>\n<p>[\/uncode_list][\/vc_column][vc_column column_width_percent=&#8221;100&#8243; gutter_size=&#8221;3&#8243; override_padding=&#8221;yes&#8221; column_padding=&#8221;2&#8243; back_color=&#8221;color-gyho&#8221; overlay_alpha=&#8221;50&#8243; shift_x=&#8221;0&#8243; shift_y=&#8221;0&#8243; shift_y_down=&#8221;0&#8243; z_index=&#8221;0&#8243; medium_width=&#8221;0&#8243; mobile_width=&#8221;0&#8243; width=&#8221;1\/2&#8243;][vc_custom_heading text_size=&#8221;h4&#8243;]Egzaminy z j\u0119zyka angielskiego og\u00f3lnego dla m\u0142odzie\u017cy szkolnej[\/vc_custom_heading][vc_column_text]Egzaminy polecane dla m\u0142odzie\u017cy w wieku 11-17 lat. Zagadnienia i uj\u0119cie temat\u00f3w s\u0105 dostosowane do zainteresowa\u0144 i do\u015bwiadcze\u0144 tej grupy wiekowej. Oferowane na trzech poziomach:[\/vc_column_text][uncode_list]<\/p>\n<ul>\n<li><a href=\"https:\/\/www.cambridgeenglish.org\/pl\/exams-and-tests\/key-for-schools\/\">Cambridge English: A2 Key for Schools (KET for Schools)<\/a> &#8211; poziom podstawowy<\/li>\n<li><a href=\"https:\/\/www.cambridgeenglish.org\/pl\/exams-and-tests\/preliminary-for-schools\/\">Cambridge English: B1 Preliminary for Schools (PET for Schools)<\/a> &#8211; poziom ponadpodstawowy<\/li>\n<li><a href=\"https:\/\/www.cambridgeenglish.org\/pl\/exams-and-tests\/first-for-schools\/\">Cambridge English: B2 First for Schools (FCE for Schools)<\/a> &#8211; poziom \u015bredniozaawansowany<\/li>\n<\/ul>\n<p>[\/uncode_list][\/vc_column][\/vc_row][vc_row row_height_percent=&#8221;0&#8243; override_padding=&#8221;yes&#8221; h_padding=&#8221;2&#8243; top_padding=&#8221;0&#8243; bottom_padding=&#8221;0&#8243; overlay_alpha=&#8221;50&#8243; equal_height=&#8221;yes&#8221; gutter_size=&#8221;0&#8243; column_width_percent=&#8221;100&#8243; shift_y=&#8221;0&#8243; z_index=&#8221;0&#8243;][vc_column column_width_percent=&#8221;100&#8243; gutter_size=&#8221;3&#8243; override_padding=&#8221;yes&#8221; column_padding=&#8221;2&#8243; back_color=&#8221;color-vyce&#8221; overlay_alpha=&#8221;50&#8243; border_color=&#8221;color-gyho&#8221; border_style=&#8221;solid&#8221; shift_x=&#8221;0&#8243; shift_y=&#8221;0&#8243; shift_y_down=&#8221;0&#8243; z_index=&#8221;0&#8243; medium_width=&#8221;0&#8243; mobile_width=&#8221;0&#8243; width=&#8221;1\/2&#8243;][vc_custom_heading text_size=&#8221;h4&#8243;]Egzaminy z j\u0119zyka angielskiego dla dzieci[\/vc_custom_heading][vc_column_text]Cambridge English: Young Learners (YLE) to testy dla dzieci w wieku 7 &#8211; 12 lat, kompleksowo oceniaj\u0105ce znajomo\u015b\u0107 j\u0119zyka angielskiego uczni\u00f3w szk\u00f3\u0142 podstawowych. Oferowane na trzech poziomach:[\/vc_column_text][uncode_list]<\/p>\n<ul>\n<li><a href=\"https:\/\/www.cambridgeenglish.org\/pl\/exams-and-tests\/young-learners\/starters\/\">Cambridge English: Pre A1 Starters (YLE Starters)<\/a><\/li>\n<li><a href=\"https:\/\/www.cambridgeenglish.org\/pl\/exams-and-tests\/young-learners\/movers\/\">Cambridge English: A1 Movers (YLE Movers)<\/a><\/li>\n<li><a href=\"https:\/\/www.cambridgeenglish.org\/pl\/exams-and-tests\/young-learners\/flyers\/\">Cambridge English: A2 Flyers (YLE Flyers)<\/a><\/li>\n<\/ul>\n<p>[\/uncode_list][\/vc_column][\/vc_row]<\/p>\n<\/div>","protected":false},"excerpt":{"rendered":"<p>[vc_row row_height_percent=&#8221;0&#8243; override_padding=&#8221;yes&#8221; h_padding=&#8221;2&#8243; top_padding=&#8221;2&#8243; bottom_padding=&#8221;1&#8243; overlay_alpha=&#8221;50&#8243; gutter_size=&#8221;3&#8243; column_width_percent=&#8221;100&#8243; shift_y=&#8221;0&#8243; z_index=&#8221;0&#8243;][vc_column column_width_percent=&#8221;100&#8243; align_horizontal=&#8221;align_center&#8221; gutter_size=&#8221;3&#8243; overlay_alpha=&#8221;50&#8243; shift_x=&#8221;0&#8243; shift_y=&#8221;0&#8243; shift_y_down=&#8221;0&#8243; z_index=&#8221;0&#8243; medium_width=&#8221;0&#8243; [&hellip;]<\/p>\n","protected":false},"author":1,"featured_media":0,"parent":0,"menu_order":0,"comment_status":"closed","ping_status":"closed","template":"","meta":{"footnotes":""},"class_list":["post-202","page","type-page","status-publish","hentry"],"yoast_head":"<!-- This site is optimized with the Yoast SEO plugin v26.8 - https:\/\/yoast.com\/product\/yoast-seo-wordpress\/ -->\n<title>Egzaminy Cambridge English - IH Bielsko - Bia\u0142a<\/title>\n<meta name=\"robots\" content=\"index, follow, max-snippet:-1, max-image-preview:large, max-video-preview:-1\" \/>\n<link rel=\"canonical\" href=\"https:\/\/www.ih.com.pl\/bielsko-biala\/egzaminy-cambridge-english\/\" \/>\n<meta property=\"og:locale\" content=\"pl_PL\" \/>\n<meta property=\"og:type\" content=\"article\" \/>\n<meta property=\"og:title\" content=\"Egzaminy Cambridge English - IH Bielsko - Bia\u0142a\" \/>\n<meta property=\"og:description\" content=\"[vc_row row_height_percent=&#8221;0&#8243; override_padding=&#8221;yes&#8221; h_padding=&#8221;2&#8243; top_padding=&#8221;2&#8243; bottom_padding=&#8221;1&#8243; overlay_alpha=&#8221;50&#8243; gutter_size=&#8221;3&#8243; column_width_percent=&#8221;100&#8243; shift_y=&#8221;0&#8243; z_index=&#8221;0&#8243;][vc_column column_width_percent=&#8221;100&#8243; align_horizontal=&#8221;align_center&#8221; gutter_size=&#8221;3&#8243; overlay_alpha=&#8221;50&#8243; shift_x=&#8221;0&#8243; shift_y=&#8221;0&#8243; shift_y_down=&#8221;0&#8243; z_index=&#8221;0&#8243; medium_width=&#8221;0&#8243; [&hellip;]\" \/>\n<meta property=\"og:url\" content=\"https:\/\/www.ih.com.pl\/bielsko-biala\/egzaminy-cambridge-english\/\" \/>\n<meta property=\"og:site_name\" content=\"IH Bielsko - Bia\u0142a\" \/>\n<meta property=\"article:modified_time\" content=\"2025-11-12T17:58:40+00:00\" \/>\n<meta name=\"twitter:card\" content=\"summary_large_image\" \/>\n<meta name=\"twitter:label1\" content=\"Szacowany czas czytania\" \/>\n\t<meta name=\"twitter:data1\" content=\"3 minuty\" \/>\n<script type=\"application\/ld+json\" class=\"yoast-schema-graph\">{\"@context\":\"https:\/\/schema.org\",\"@graph\":[{\"@type\":\"WebPage\",\"@id\":\"https:\/\/www.ih.com.pl\/bielsko-biala\/egzaminy-cambridge-english\/\",\"url\":\"https:\/\/www.ih.com.pl\/bielsko-biala\/egzaminy-cambridge-english\/\",\"name\":\"Egzaminy Cambridge English - IH Bielsko - Bia\u0142a\",\"isPartOf\":{\"@id\":\"https:\/\/www.ih.com.pl\/bielsko-biala\/#website\"},\"datePublished\":\"2019-12-10T13:00:43+00:00\",\"dateModified\":\"2025-11-12T17:58:40+00:00\",\"breadcrumb\":{\"@id\":\"https:\/\/www.ih.com.pl\/bielsko-biala\/egzaminy-cambridge-english\/#breadcrumb\"},\"inLanguage\":\"pl-PL\",\"potentialAction\":[{\"@type\":\"ReadAction\",\"target\":[\"https:\/\/www.ih.com.pl\/bielsko-biala\/egzaminy-cambridge-english\/\"]}]},{\"@type\":\"BreadcrumbList\",\"@id\":\"https:\/\/www.ih.com.pl\/bielsko-biala\/egzaminy-cambridge-english\/#breadcrumb\",\"itemListElement\":[{\"@type\":\"ListItem\",\"position\":1,\"name\":\"Strona g\u0142\u00f3wna\",\"item\":\"https:\/\/www.ih.com.pl\/bielsko-biala\/\"},{\"@type\":\"ListItem\",\"position\":2,\"name\":\"Egzaminy Cambridge English\"}]},{\"@type\":\"WebSite\",\"@id\":\"https:\/\/www.ih.com.pl\/bielsko-biala\/#website\",\"url\":\"https:\/\/www.ih.com.pl\/bielsko-biala\/\",\"name\":\"IH Bielsko - Bia\u0142a\",\"description\":\"\",\"potentialAction\":[{\"@type\":\"SearchAction\",\"target\":{\"@type\":\"EntryPoint\",\"urlTemplate\":\"https:\/\/www.ih.com.pl\/bielsko-biala\/?s={search_term_string}\"},\"query-input\":{\"@type\":\"PropertyValueSpecification\",\"valueRequired\":true,\"valueName\":\"search_term_string\"}}],\"inLanguage\":\"pl-PL\"}]}<\/script>\n<!-- \/ Yoast SEO plugin. -->","yoast_head_json":{"title":"Egzaminy Cambridge English - IH Bielsko - Bia\u0142a","robots":{"index":"index","follow":"follow","max-snippet":"max-snippet:-1","max-image-preview":"max-image-preview:large","max-video-preview":"max-video-preview:-1"},"canonical":"https:\/\/www.ih.com.pl\/bielsko-biala\/egzaminy-cambridge-english\/","og_locale":"pl_PL","og_type":"article","og_title":"Egzaminy Cambridge English - IH Bielsko - Bia\u0142a","og_description":"[vc_row row_height_percent=&#8221;0&#8243; override_padding=&#8221;yes&#8221; h_padding=&#8221;2&#8243; top_padding=&#8221;2&#8243; bottom_padding=&#8221;1&#8243; overlay_alpha=&#8221;50&#8243; gutter_size=&#8221;3&#8243; column_width_percent=&#8221;100&#8243; shift_y=&#8221;0&#8243; z_index=&#8221;0&#8243;][vc_column column_width_percent=&#8221;100&#8243; align_horizontal=&#8221;align_center&#8221; gutter_size=&#8221;3&#8243; overlay_alpha=&#8221;50&#8243; shift_x=&#8221;0&#8243; shift_y=&#8221;0&#8243; shift_y_down=&#8221;0&#8243; z_index=&#8221;0&#8243; medium_width=&#8221;0&#8243; [&hellip;]","og_url":"https:\/\/www.ih.com.pl\/bielsko-biala\/egzaminy-cambridge-english\/","og_site_name":"IH Bielsko - Bia\u0142a","article_modified_time":"2025-11-12T17:58:40+00:00","twitter_card":"summary_large_image","twitter_misc":{"Szacowany czas czytania":"3 minuty"},"schema":{"@context":"https:\/\/schema.org","@graph":[{"@type":"WebPage","@id":"https:\/\/www.ih.com.pl\/bielsko-biala\/egzaminy-cambridge-english\/","url":"https:\/\/www.ih.com.pl\/bielsko-biala\/egzaminy-cambridge-english\/","name":"Egzaminy Cambridge English - IH Bielsko - Bia\u0142a","isPartOf":{"@id":"https:\/\/www.ih.com.pl\/bielsko-biala\/#website"},"datePublished":"2019-12-10T13:00:43+00:00","dateModified":"2025-11-12T17:58:40+00:00","breadcrumb":{"@id":"https:\/\/www.ih.com.pl\/bielsko-biala\/egzaminy-cambridge-english\/#breadcrumb"},"inLanguage":"pl-PL","potentialAction":[{"@type":"ReadAction","target":["https:\/\/www.ih.com.pl\/bielsko-biala\/egzaminy-cambridge-english\/"]}]},{"@type":"BreadcrumbList","@id":"https:\/\/www.ih.com.pl\/bielsko-biala\/egzaminy-cambridge-english\/#breadcrumb","itemListElement":[{"@type":"ListItem","position":1,"name":"Strona g\u0142\u00f3wna","item":"https:\/\/www.ih.com.pl\/bielsko-biala\/"},{"@type":"ListItem","position":2,"name":"Egzaminy Cambridge English"}]},{"@type":"WebSite","@id":"https:\/\/www.ih.com.pl\/bielsko-biala\/#website","url":"https:\/\/www.ih.com.pl\/bielsko-biala\/","name":"IH Bielsko - Bia\u0142a","description":"","potentialAction":[{"@type":"SearchAction","target":{"@type":"EntryPoint","urlTemplate":"https:\/\/www.ih.com.pl\/bielsko-biala\/?s={search_term_string}"},"query-input":{"@type":"PropertyValueSpecification","valueRequired":true,"valueName":"search_term_string"}}],"inLanguage":"pl-PL"}]}},"_links":{"self":[{"href":"https:\/\/www.ih.com.pl\/bielsko-biala\/wp-json\/wp\/v2\/pages\/202","targetHints":{"allow":["GET"]}}],"collection":[{"href":"https:\/\/www.ih.com.pl\/bielsko-biala\/wp-json\/wp\/v2\/pages"}],"about":[{"href":"https:\/\/www.ih.com.pl\/bielsko-biala\/wp-json\/wp\/v2\/types\/page"}],"author":[{"embeddable":true,"href":"https:\/\/www.ih.com.pl\/bielsko-biala\/wp-json\/wp\/v2\/users\/1"}],"replies":[{"embeddable":true,"href":"https:\/\/www.ih.com.pl\/bielsko-biala\/wp-json\/wp\/v2\/comments?post=202"}],"version-history":[{"count":29,"href":"https:\/\/www.ih.com.pl\/bielsko-biala\/wp-json\/wp\/v2\/pages\/202\/revisions"}],"predecessor-version":[{"id":5401,"href":"https:\/\/www.ih.com.pl\/bielsko-biala\/wp-json\/wp\/v2\/pages\/202\/revisions\/5401"}],"wp:attachment":[{"href":"https:\/\/www.ih.com.pl\/bielsko-biala\/wp-json\/wp\/v2\/media?parent=202"}],"curies":[{"name":"wp","href":"https:\/\/api.w.org\/{rel}","templated":true}]}}