{"id":2020,"date":"2021-02-04T20:28:18","date_gmt":"2021-02-04T19:28:18","guid":{"rendered":"https:\/\/www.ih.com.pl\/bielsko-biala\/?page_id=2020"},"modified":"2025-04-15T17:06:09","modified_gmt":"2025-04-15T15:06:09","slug":"students-feedback","status":"publish","type":"page","link":"https:\/\/www.ih.com.pl\/bielsko-biala\/students-feedback\/","title":{"rendered":"Students&#8217; feedback"},"content":{"rendered":"<div class=\"wpb-content-wrapper\"><p>[vc_row][vc_column width=&#8221;1\/1&#8243;][vc_column_text]Opinia naszych s\u0142uchaczy jest dla nas bardzo wa\u017cna. Ka\u017cdego roku pytamy zatem Was o zdanie, licz\u0105c na pozytywne komentarze, ale tak\u017ce i na konstruktywn\u0105 krytyk\u0119. Dzi\u0119kujemy za to, \u017ce chcecie dzieli\u0107 si\u0119 z nami swoimi opiniami.<\/p>\n<div>\n<div id=\"content\">\n<div>\n<p>Zobowi\u0105zujemy si\u0119 dba\u0107 o jak najwy\u017csz\u0105 jako\u015b\u0107, a jednocze\u015bnie poprawi\u0107 to co nie dzia\u0142a,\u00a0 wyci\u0105ga\u0107 wnioski, szuka\u0107 nowych rozwi\u0105za\u0144, by nadal m\u00f3c uczy\u0107 kolejne pokolenia dzieci, m\u0142odzie\u017cy i doros\u0142ych!<\/p>\n<\/div>\n<\/div>\n<\/div>\n<p>[\/vc_column_text][\/vc_column][\/vc_row][vc_row][vc_column width=&#8221;1\/1&#8243;][vc_gallery el_id=&#8221;gallery-165958&#8243; medias=&#8221;5058,5059,5063,5060,5061,5062&#8243; gutter_size=&#8221;3&#8243; screen_lg=&#8221;1000&#8243; screen_md=&#8221;600&#8243; screen_sm=&#8221;480&#8243; single_overlay_opacity=&#8221;50&#8243; single_padding=&#8221;2&#8243; title=&#8221;Wyniki ankiet 2024&#8243;][vc_separator sep_color=&#8221;color-210407&#8243;][\/vc_column][\/vc_row][vc_row][vc_column width=&#8221;1\/1&#8243;][vc_column_text]<\/p>\n<div>\n<div id=\"content\">\n<div>\n<p>W po\u0142owie marca 2025 nasza szko\u0142a IH Bielsko przechodzi\u0142a kolejn\u0105, okresow\u0105 inspekcj\u0119 z ramienia International House World Organisation.<\/p>\n<p>Inspektor &#8211; Glenn Standish tak rozpocz\u0105\u0142 podsumowanie:<\/p>\n<p><i>The inspection was very successful. Thank you so much for the outstanding organisational skills and advanced planning in organising the visit of IH Bielsko-Biala. What was seen was very impressive and it has been inspirational. It is a very friendly and yet totally professional school which has cemented itself as the leading language school in the local area.<\/i><\/p>\n<p><i>Inspekcja zako\u0144czy\u0142a si\u0119 du\u017cym sukcesem. Bardzo dzi\u0119kuj\u0119 za doskona\u0142\u0105 organizacj\u0119 oraz zaplanowanie wizyty w IH Bielsko-Bia\u0142a. To, co zosta\u0142o zaprezentowane, by\u0142o niezwykle imponuj\u0105ce i inspiruj\u0105ce. Jest to bardzo przyjazna, a jednocze\u015bnie w pe\u0142ni profesjonalna szko\u0142a, kt\u00f3ra ugruntowa\u0142a swoj\u0105 pozycj\u0119 jako wiod\u0105ca szko\u0142a j\u0119zykowa w regionie.<\/i><\/p>\n<div>\n<div id=\"content\">\n<div>\n<p>Jednym z element\u00f3w inspekcji by\u0142a <u>ankieta przeznaczona dla s\u0142uchaczy,<\/u> o kt\u00f3rej wype\u0142nienie prosili\u015bmy Pa\u0144stwa. Wraz z raportem otrzymali\u015bmy jej rezultaty. Wg standardu NPS (Net Promoter Score), <u>kt\u00f3ry s\u0142u\u017cy do mierzenia satysfakcji i lojalno\u015bci, uzyskali\u015bmy wynik 69%<\/u>, gdzie \u015bredni wynik w ca\u0142ej sieci IH World w 2024 roku wynosi\u0142 63% &#8211; jeste\u015bmy zatem powy\u017cej \u015bredniej je\u015bli chodzi o poziom satysfakcji naszych s\u0142uchaczy z poziomu \u015bwiadczonych przez nas us\u0142ug.<\/p>\n<p>W ankiecie mo\u017cna by\u0142o przyznawa\u0107 3 oceny: Great- najwy\u017csza, OK &#8211; \u015brednia, Poor &#8211; s\u0142aba<br \/>\n* 74% ankietowanych na poziomie &#8222;Great&#8221; ocenia profesjonalizm i wiedz\u0119 swoich nauczycieli,<br data-start=\"125\" data-end=\"128\" \/>* 72% ankietowanych ocen\u0119 &#8222;Great&#8221; przyzna\u0142o za organizacj\u0119 szko\u0142y, dost\u0119pnych zasob\u00f3w i \u015brodowiska nauki,<br data-start=\"212\" data-end=\"215\" \/>* 78% przyzna\u0142o ocen\u0119 &#8222;Great&#8221; za to,\u017ce otrzyma\u0142o jasne i dok\u0142adne informacje dotycz\u0105ce swojego kursu,<br data-start=\"269\" data-end=\"272\" \/>* 69% ankietowanych uwa\u017ca, \u017ce mo\u017ce przekazywa\u0107 szkole swoje opinie, w tym te krytyczne, przyznaj\u0105c ocen\u0119 &#8222;Great&#8221;<br data-start=\"325\" data-end=\"328\" \/>* 60% ankietowanych wierzy, \u017ce ich potrzeby zosta\u0142y wys\u0142uchane lub \u017ce ich poziom j\u0119zykowy zosta\u0142 odpowiednio przetestowany\/zdiagnozowany przyznaj\u0105c ocen\u0119 &#8222;Great&#8221;<br data-start=\"425\" data-end=\"428\" \/>* tylko 40% czuje si\u0119 wspieranych w zakresie test\u00f3w, ocen i dodatkowych spotka\u0144 na poziomie &#8222;Great&#8221;, podczas gdy 12% nie odczuwa takiego wsparcia przyznaj\u0105c ocen\u0119 &#8222;Poor&#8221;,<br data-start=\"542\" data-end=\"545\" \/>* 25% ankietowanych uwa\u017ca, \u017ce \u015bwietnie si\u0119 uczy i takie s\u0105 ich post\u0119py, natomiast 70% ocenia sw\u00f3j post\u0119p jako \u201eOK\u201d.<\/p>\n<\/div>\n<\/div>\n<\/div>\n<\/div>\n<\/div>\n<\/div>\n<p>[\/vc_column_text][vc_single_image media=&#8221;5065&#8243; media_width_percent=&#8221;100&#8243;][\/vc_column][\/vc_row]<\/p>\n<\/div>","protected":false},"excerpt":{"rendered":"<p>[vc_row][vc_column width=&#8221;1\/1&#8243;][vc_column_text]Opinia naszych s\u0142uchaczy jest dla nas bardzo wa\u017cna. Ka\u017cdego roku pytamy zatem Was o zdanie, licz\u0105c na pozytywne komentarze, [&hellip;]<\/p>\n","protected":false},"author":4,"featured_media":0,"parent":0,"menu_order":0,"comment_status":"closed","ping_status":"closed","template":"","meta":{"footnotes":""},"class_list":["post-2020","page","type-page","status-publish","hentry"],"yoast_head":"<!-- This site is optimized with the Yoast SEO plugin v26.8 - https:\/\/yoast.com\/product\/yoast-seo-wordpress\/ -->\n<title>Students&#039; feedback - IH Bielsko - Bia\u0142a<\/title>\n<meta name=\"robots\" content=\"index, follow, max-snippet:-1, max-image-preview:large, max-video-preview:-1\" \/>\n<link rel=\"canonical\" href=\"https:\/\/www.ih.com.pl\/bielsko-biala\/students-feedback\/\" \/>\n<meta property=\"og:locale\" content=\"pl_PL\" \/>\n<meta property=\"og:type\" content=\"article\" \/>\n<meta property=\"og:title\" content=\"Students&#039; feedback - IH Bielsko - Bia\u0142a\" \/>\n<meta property=\"og:description\" content=\"[vc_row][vc_column width=&#8221;1\/1&#8243;][vc_column_text]Opinia naszych s\u0142uchaczy jest dla nas bardzo wa\u017cna. Ka\u017cdego roku pytamy zatem Was o zdanie, licz\u0105c na pozytywne komentarze, [&hellip;]\" \/>\n<meta property=\"og:url\" content=\"https:\/\/www.ih.com.pl\/bielsko-biala\/students-feedback\/\" \/>\n<meta property=\"og:site_name\" content=\"IH Bielsko - Bia\u0142a\" \/>\n<meta property=\"article:modified_time\" content=\"2025-04-15T15:06:09+00:00\" \/>\n<meta name=\"twitter:card\" content=\"summary_large_image\" \/>\n<meta name=\"twitter:label1\" content=\"Szacowany czas czytania\" \/>\n\t<meta name=\"twitter:data1\" content=\"3 minuty\" \/>\n<script type=\"application\/ld+json\" class=\"yoast-schema-graph\">{\"@context\":\"https:\/\/schema.org\",\"@graph\":[{\"@type\":\"WebPage\",\"@id\":\"https:\/\/www.ih.com.pl\/bielsko-biala\/students-feedback\/\",\"url\":\"https:\/\/www.ih.com.pl\/bielsko-biala\/students-feedback\/\",\"name\":\"Students' feedback - IH Bielsko - Bia\u0142a\",\"isPartOf\":{\"@id\":\"https:\/\/www.ih.com.pl\/bielsko-biala\/#website\"},\"datePublished\":\"2021-02-04T19:28:18+00:00\",\"dateModified\":\"2025-04-15T15:06:09+00:00\",\"breadcrumb\":{\"@id\":\"https:\/\/www.ih.com.pl\/bielsko-biala\/students-feedback\/#breadcrumb\"},\"inLanguage\":\"pl-PL\",\"potentialAction\":[{\"@type\":\"ReadAction\",\"target\":[\"https:\/\/www.ih.com.pl\/bielsko-biala\/students-feedback\/\"]}]},{\"@type\":\"BreadcrumbList\",\"@id\":\"https:\/\/www.ih.com.pl\/bielsko-biala\/students-feedback\/#breadcrumb\",\"itemListElement\":[{\"@type\":\"ListItem\",\"position\":1,\"name\":\"Strona g\u0142\u00f3wna\",\"item\":\"https:\/\/www.ih.com.pl\/bielsko-biala\/\"},{\"@type\":\"ListItem\",\"position\":2,\"name\":\"Students&#8217; feedback\"}]},{\"@type\":\"WebSite\",\"@id\":\"https:\/\/www.ih.com.pl\/bielsko-biala\/#website\",\"url\":\"https:\/\/www.ih.com.pl\/bielsko-biala\/\",\"name\":\"IH Bielsko - Bia\u0142a\",\"description\":\"\",\"potentialAction\":[{\"@type\":\"SearchAction\",\"target\":{\"@type\":\"EntryPoint\",\"urlTemplate\":\"https:\/\/www.ih.com.pl\/bielsko-biala\/?s={search_term_string}\"},\"query-input\":{\"@type\":\"PropertyValueSpecification\",\"valueRequired\":true,\"valueName\":\"search_term_string\"}}],\"inLanguage\":\"pl-PL\"}]}<\/script>\n<!-- \/ Yoast SEO plugin. -->","yoast_head_json":{"title":"Students' feedback - IH Bielsko - Bia\u0142a","robots":{"index":"index","follow":"follow","max-snippet":"max-snippet:-1","max-image-preview":"max-image-preview:large","max-video-preview":"max-video-preview:-1"},"canonical":"https:\/\/www.ih.com.pl\/bielsko-biala\/students-feedback\/","og_locale":"pl_PL","og_type":"article","og_title":"Students' feedback - IH Bielsko - Bia\u0142a","og_description":"[vc_row][vc_column width=&#8221;1\/1&#8243;][vc_column_text]Opinia naszych s\u0142uchaczy jest dla nas bardzo wa\u017cna. Ka\u017cdego roku pytamy zatem Was o zdanie, licz\u0105c na pozytywne komentarze, [&hellip;]","og_url":"https:\/\/www.ih.com.pl\/bielsko-biala\/students-feedback\/","og_site_name":"IH Bielsko - Bia\u0142a","article_modified_time":"2025-04-15T15:06:09+00:00","twitter_card":"summary_large_image","twitter_misc":{"Szacowany czas czytania":"3 minuty"},"schema":{"@context":"https:\/\/schema.org","@graph":[{"@type":"WebPage","@id":"https:\/\/www.ih.com.pl\/bielsko-biala\/students-feedback\/","url":"https:\/\/www.ih.com.pl\/bielsko-biala\/students-feedback\/","name":"Students' feedback - IH Bielsko - Bia\u0142a","isPartOf":{"@id":"https:\/\/www.ih.com.pl\/bielsko-biala\/#website"},"datePublished":"2021-02-04T19:28:18+00:00","dateModified":"2025-04-15T15:06:09+00:00","breadcrumb":{"@id":"https:\/\/www.ih.com.pl\/bielsko-biala\/students-feedback\/#breadcrumb"},"inLanguage":"pl-PL","potentialAction":[{"@type":"ReadAction","target":["https:\/\/www.ih.com.pl\/bielsko-biala\/students-feedback\/"]}]},{"@type":"BreadcrumbList","@id":"https:\/\/www.ih.com.pl\/bielsko-biala\/students-feedback\/#breadcrumb","itemListElement":[{"@type":"ListItem","position":1,"name":"Strona g\u0142\u00f3wna","item":"https:\/\/www.ih.com.pl\/bielsko-biala\/"},{"@type":"ListItem","position":2,"name":"Students&#8217; feedback"}]},{"@type":"WebSite","@id":"https:\/\/www.ih.com.pl\/bielsko-biala\/#website","url":"https:\/\/www.ih.com.pl\/bielsko-biala\/","name":"IH Bielsko - Bia\u0142a","description":"","potentialAction":[{"@type":"SearchAction","target":{"@type":"EntryPoint","urlTemplate":"https:\/\/www.ih.com.pl\/bielsko-biala\/?s={search_term_string}"},"query-input":{"@type":"PropertyValueSpecification","valueRequired":true,"valueName":"search_term_string"}}],"inLanguage":"pl-PL"}]}},"_links":{"self":[{"href":"https:\/\/www.ih.com.pl\/bielsko-biala\/wp-json\/wp\/v2\/pages\/2020","targetHints":{"allow":["GET"]}}],"collection":[{"href":"https:\/\/www.ih.com.pl\/bielsko-biala\/wp-json\/wp\/v2\/pages"}],"about":[{"href":"https:\/\/www.ih.com.pl\/bielsko-biala\/wp-json\/wp\/v2\/types\/page"}],"author":[{"embeddable":true,"href":"https:\/\/www.ih.com.pl\/bielsko-biala\/wp-json\/wp\/v2\/users\/4"}],"replies":[{"embeddable":true,"href":"https:\/\/www.ih.com.pl\/bielsko-biala\/wp-json\/wp\/v2\/comments?post=2020"}],"version-history":[{"count":19,"href":"https:\/\/www.ih.com.pl\/bielsko-biala\/wp-json\/wp\/v2\/pages\/2020\/revisions"}],"predecessor-version":[{"id":5070,"href":"https:\/\/www.ih.com.pl\/bielsko-biala\/wp-json\/wp\/v2\/pages\/2020\/revisions\/5070"}],"wp:attachment":[{"href":"https:\/\/www.ih.com.pl\/bielsko-biala\/wp-json\/wp\/v2\/media?parent=2020"}],"curies":[{"name":"wp","href":"https:\/\/api.w.org\/{rel}","templated":true}]}}