{"id":221,"date":"2019-12-10T14:28:24","date_gmt":"2019-12-10T13:28:24","guid":{"rendered":"https:\/\/ih.wizjanet.pl\/bielsko-biala\/?page_id=221"},"modified":"2022-09-20T15:54:24","modified_gmt":"2022-09-20T13:54:24","slug":"sesja-zimowa-2022","status":"publish","type":"page","link":"https:\/\/www.ih.com.pl\/bielsko-biala\/sesja-zimowa-2022\/","title":{"rendered":"Sesja zimowa 2022"},"content":{"rendered":"<div class=\"wpb-content-wrapper\"><p>[vc_row][vc_column column_width_percent=&#8221;100&#8243; position_vertical=&#8221;middle&#8221; align_horizontal=&#8221;align_center&#8221; gutter_size=&#8221;3&#8243; style=&#8221;light&#8221; overlay_alpha=&#8221;50&#8243; shift_x=&#8221;0&#8243; shift_y=&#8221;0&#8243; shift_y_down=&#8221;0&#8243; z_index=&#8221;0&#8243; medium_width=&#8221;0&#8243; mobile_width=&#8221;0&#8243; width=&#8221;1\/1&#8243;][vc_custom_heading separator=&#8221;yes&#8221;]Sesja zimowa 2022[\/vc_custom_heading][vc_message message_color=&#8221;color-vyce&#8221;]Informujemy, \u017ce sesja zimowa 2022 nie odb\u0119dzie si\u0119 &#8211; kolejne sesje egzamin\u00f3w Cambridge zaplanowane s\u0105 na rok 2023[\/vc_message][vc_custom_heading text_size=&#8221;h5&#8243; text_color=&#8221;color-jevc&#8221;]<strong>Szczeg\u00f3\u0142owe informacje o kolejnych sesjach egzaminacyjnych zamie\u015bcimy w 2023 r.<\/strong>[\/vc_custom_heading][vc_column_text]Szczeg\u00f3\u0142owe informacje dotycz\u0105ce rejestracji, cen oraz dat egzamin\u00f3w, jak r\u00f3wnie\u017c dokumenty rejestracyjne na egzaminy Cambridge w roku 2023 znajd\u0105 Pa\u0144stwo na naszej stronie w styczniu 2023 r.[\/vc_column_text][\/vc_column][\/vc_row][vc_row][vc_column column_width_percent=&#8221;100&#8243; gutter_size=&#8221;3&#8243; overlay_alpha=&#8221;50&#8243; shift_x=&#8221;0&#8243; shift_y=&#8221;0&#8243; shift_y_down=&#8221;0&#8243; z_index=&#8221;0&#8243; medium_width=&#8221;0&#8243; mobile_width=&#8221;0&#8243; width=&#8221;1\/1&#8243;][vc_tabs history=&#8221;yes&#8221;][vc_tab title=&#8221;Kalendarz&#8221; tab_id=&#8221;1575984699-1-52&#8243; slug=&#8221;kalendarz&#8221;][vc_custom_heading heading_semantic=&#8221;h4&#8243; text_size=&#8221;h4&#8243; separator=&#8221;yes&#8221;]KALENDARZ SESJI ZIMOWEJ 2022[\/vc_custom_heading][vc_empty_space empty_h=&#8221;1&#8243;][vc_empty_space empty_h=&#8221;1&#8243;][vc_custom_heading heading_semantic=&#8221;h5&#8243; text_size=&#8221;h5&#8243; text_color=&#8221;color-jevc&#8221;]Informujemy, \u017ce nie uruchamiamy zapis\u00f3w na sesj\u0119 zimow\u0105 2022.[\/vc_custom_heading][vc_empty_space empty_h=&#8221;1&#8243;][vc_column_text]Informacje o kolejnych sesjach egzaminacyjnych w roku 2023 pojawi\u0105 si\u0119 w styczniu.[\/vc_column_text][vc_empty_space empty_h=&#8221;1&#8243;][vc_column_text][\/vc_column_text][vc_empty_space empty_h=&#8221;2&#8243;][vc_custom_heading heading_semantic=&#8221;h5&#8243; text_size=&#8221;h5&#8243; text_color=&#8221;color-jevc&#8221;]Terminy egzamin\u00f3w w sesji zimowej 2022 r.[\/vc_custom_heading][vc_empty_space empty_h=&#8221;1&#8243;][vc_column_text]Informujemy, \u017ce nie organizujemy egzamin\u00f3w Cambridge w sesji zimowej 2022 r.<br \/>\nKolejne sesje zaplanowane zostan\u0105 w 2023 roku.[\/vc_column_text][vc_empty_space empty_h=&#8221;1&#8243;][\/vc_tab][vc_tab title=&#8221;Cennik&#8221; tab_id=&#8221;1575984699-2-54&#8243; slug=&#8221;cennik&#8221;][vc_custom_heading heading_semantic=&#8221;h4&#8243; text_size=&#8221;h4&#8243; separator=&#8221;yes&#8221;]CENNIK EGZAMIN\u00d3W W SESJI ZIMOWEJ 2022[\/vc_custom_heading][vc_empty_space empty_h=&#8221;1&#8243;][vc_custom_heading heading_semantic=&#8221;h5&#8243; text_size=&#8221;h5&#8243; text_color=&#8221;color-jevc&#8221;]Ceny obowi\u0105zuj\u0105ce podczas rejestracji w trybie zwyk\u0142ym (normal entry)[\/vc_custom_heading][vc_empty_space empty_h=&#8221;1&#8243;][vc_empty_space empty_h=&#8221;1&#8243;][vc_column_text]Informujemy, \u017ce nie organizujemy egzamin\u00f3w Cambridge w sesji zimowej 2022[\/vc_column_text][vc_empty_space empty_h=&#8221;2&#8243;][vc_custom_heading heading_semantic=&#8221;h5&#8243; text_size=&#8221;h5&#8243; text_color=&#8221;color-jevc&#8221;]Ceny obowi\u0105zuj\u0105ce podczas rejestracji w trybie p\u00f3\u017anym (late entry)[\/vc_custom_heading][vc_empty_space empty_h=&#8221;1&#8243;][vc_column_text]Kolejne sesje zaplanowane zostan\u0105 na rok 2023.[\/vc_column_text][vc_empty_space empty_h=&#8221;1&#8243;][\/vc_tab][vc_tab title=&#8221;Rejestracja grupowa&#8221; tab_id=&#8221;1575984776216-2-7&#8243; slug=&#8221;grupowa&#8221;][vc_custom_heading heading_semantic=&#8221;h5&#8243; text_size=&#8221;h5&#8243; text_color=&#8221;color-rgdb&#8221;]<strong>UWAGA:<\/strong><br \/>\nZe wzgl\u0119du na zaostrzenie przez Cambridge English Language Assesment zasad dotycz\u0105cych bezpiecze\u0144stwa egzamin\u00f3w prosimy aby nie przynosi\u0107 na egzamin telefon\u00f3w kom\u00f3rkowych lub innych urz\u0105dze\u0144 elektronicznych za pomoc\u0105 kt\u00f3rych mo\u017cna robi\u0107 zdj\u0119cia, nagrywa\u0107 lub przekazywa\u0107 dane, gdy\u017c wnoszenie ich do sali egzaminacynej lub korzystanie z nich podczas przerw jest zabronione. [\/vc_custom_heading][vc_empty_space empty_h=&#8221;2&#8243;][vc_column_text]Do sali egzaminacyjnej nie mo\u017cna te\u017c wnosi\u0107 zegark\u00f3w. W czasie egzaminu musz\u0105 pozosta\u0107 poza sal\u0105, w kt\u00f3rej si\u0119 on odbywa.<\/p>\n<p>Szko\u0142y i instytucje zg\u0142aszaj\u0105ce kandydat\u00f3w na egzamin zobowi\u0105zane s\u0105 &#8211; w terminie rejestracji &#8211; dostarczy\u0107 do Centrum Egzaminacyjnego formularz rejestracyjny wraz z wymaganymi o\u015bwiadczeniami kandydat\u00f3w (w tym zgoda na wykonanie zdj\u0119cia), jak r\u00f3wnie\u017c potwierdzenie wp\u0142aty za egzamin.<\/p>\n<p>Szko\u0142a\/instytucja rejestruj\u0105ca kandydat\u00f3w zobowi\u0105zana jest r\u00f3wnie\u017c do przekazania kandydatom Regulaminu egzamin\u00f3w Cambridge English wraz z Za\u0142\u0105cznikiem nr 1 jak i wszelkich innych istotnych informacji zwi\u0105zanych z egzaminami.<\/p>\n<p>Przypominamy r\u00f3wnie\u017c o naszych cenach promocyjnych dla szk\u00f3\u0142 i instytucji oraz o dodatkowym rabacie w przypadku zarejestrowania powy\u017cej 10 kandydat\u00f3w w danej sesji.<\/p>\n<p>Wi\u0119cej informacji na temat sesji egzaminacyjnej i procedur rejestracyjnych znajd\u0105 Pa\u0144stwo w &#8222;Regulaminie egzamin\u00f3w Cambridge English&#8221; oraz Za\u0142\u0105czniku nr 1 do Regulaminu.[\/vc_column_text][vc_empty_space empty_h=&#8221;2&#8243;][uncode_list icon=&#8221;fa fa-file-pdf-o&#8221; icon_color=&#8221;color-vyce&#8221;]<strong>DOKUMENTY ZG\u0141OSZENIOWE DO POBRANIA:<\/strong><\/p>\n<ul>\n<li>Regulamin egzamin\u00f3w Cambridge English w sesji zimowej 2022 <strong>&#8211; nie prowadzimy rejestracji w sesji zimowej 2022<\/strong><\/li>\n<li><a href=\"https:\/\/www.ih.com.pl\/bielsko-biala\/wp-content\/uploads\/sites\/2\/2020\/02\/2019-Summary-Regulations-PL.pdf\">Skr\u00f3t zasad dla kandydat\u00f3w (2021)<\/a><\/li>\n<li><a href=\"https:\/\/www.ih.com.pl\/bielsko-biala\/wp-content\/uploads\/sites\/2\/2020\/12\/CER_3931_V3_b_NOV20_Summary_Regulations.pdf\">Summary Regulations (2021)<\/a><\/li>\n<li><a href=\"https:\/\/www.ih.com.pl\/bielsko-biala\/wp-content\/uploads\/sites\/2\/2022\/01\/CER_6071b_V2_OCT21_Notice-to-Candidates_A4.pdf\">Notice to Candidates (2022)<\/a><\/li>\n<li><a href=\"https:\/\/www.ih.com.pl\/bielsko-biala\/wp-content\/uploads\/sites\/2\/2022\/01\/formularz_rejestracyjny_dla_szko\u0142y_instytucji_2022.pdf\">Formularz rejestracyjny dla szk\u00f3\u0142 i instytucji<\/a><\/li>\n<li><a href=\"https:\/\/www.ih.com.pl\/bielsko-biala\/wp-content\/uploads\/sites\/2\/2022\/01\/o\u015bw_kand_rejestr_przez_szko\u0142\u0119_Mar_2022.pdf\">O\u015bwiadczenie kandydata rejestruj\u0105cego si\u0119 za po\u015brednictwem szko\u0142y lub instytucji<\/a><\/li>\n<li><a href=\"https:\/\/www.ih.com.pl\/bielsko-biala\/wp-content\/uploads\/sites\/2\/2022\/01\/Zgoda_foto_pe\u0142noletni_2022.pdf\">Zgoda na wykonanie fotografii &#8211; o\u015bwiadczenie kandydata pe\u0142noletniego<\/a><\/li>\n<li><a href=\"https:\/\/www.ih.com.pl\/bielsko-biala\/wp-content\/uploads\/sites\/2\/2022\/01\/Zgoda_foto_niepe\u0142noletni_2022.pdf\">Zgoda na wykonanie fotografii &#8211; o\u015bwiadczenie rodzica\/opiekuna prawnego<\/a><a href=\"https:\/\/www.ih.com.pl\/bielsko-biala\/wp-content\/uploads\/sites\/2\/2021\/01\/Zgoda_foto_niepe\u0142noletni_2021.pdf\"> kandydata niepe\u0142noletniego<\/a><\/li>\n<li><a href=\"https:\/\/www.cambridgeenglish.org\/pl\/footer\/data-protection\/candidates\/\">Polityka prywatno\u015bci kandydat\u00f3w<\/a><\/li>\n<li><a href=\"https:\/\/www.ih.com.pl\/bielsko-biala\/wp-content\/uploads\/sites\/2\/2022\/01\/O\u015aWIADCZENIE-do-formularza-2022.pdf\">O\u015bwiadczenie dotycz\u0105ce ochrony danych osobowych<\/a><\/li>\n<li><a href=\"https:\/\/www.ih.com.pl\/bielsko-biala\/wp-content\/uploads\/sites\/2\/2022\/01\/upow_dla_szk\u00f3\u0142_do_odbioru_cert_2022.pdf\">Upowa\u017cnienie dla szko\u0142y\/instytucji do odbioru certyfikatu<\/a><\/li>\n<\/ul>\n<p>[\/uncode_list][vc_empty_space empty_h=&#8221;1&#8243;][vc_column_text]W razie pyta\u0144, prosimy o kontakt z biurem Centrum Egzaminacyjnego pod numerem telefonu 33\/ 8223330 lub drog\u0105 e-mailow\u0105: bielsko.exams@ih.com.pl.[\/vc_column_text][\/vc_tab][vc_tab title=&#8221;Rejestracja indywidualna&#8221; tab_id=&#8221;1575984788783-3-9&#8243; slug=&#8221;indywidualna&#8221;][vc_row_inner][vc_column_inner width=&#8221;1\/2&#8243;][vc_custom_heading heading_semantic=&#8221;h5&#8243; text_size=&#8221;h5&#8243;]UWAGA:<br \/>\nZe wzgl\u0119du na zaostrzenie przez Cambridge English Language Assessment zasad dotycz\u0105cych bezpiecze\u0144stwa egzamin\u00f3w prosimy aby nie przynosi\u0107 na egzamin telefon\u00f3w kom\u00f3rkowych lub innych urz\u0105dze\u0144 elektronicznych za pomoc\u0105 kt\u00f3rych mo\u017cna robi\u0107 zdj\u0119cia, nagrywa\u0107 lub przekazywa\u0107 dane, gdy\u017c wnoszenie ich do sali egzaminacyjnej lub korzystanie z nich podczas przerw jest zabronione. Do sali nie mo\u017cna te\u017c wnosi\u0107 zegark\u00f3w.[\/vc_custom_heading][vc_empty_space empty_h=&#8221;2&#8243;][uncode_list icon=&#8221;fa fa-file-pdf-o&#8221; icon_color=&#8221;color-vyce&#8221;]Przed wype\u0142nieniem formularza, prosimy o dok\u0142adne zapoznanie si\u0119 z poni\u017cszymi dokumentami, kt\u00f3re zawieraj\u0105 istotne informacje dotycz\u0105ce aktualnej sesji oraz z zakresu ochrony danych osobowych:<\/p>\n<ul>\n<li>Regulamin egzamin\u00f3w Cambridge English w sesji zimowej 2022 <strong>&#8211; nie prowadzimy rejestracji w sesji zimowej 2022\u00a0<\/strong><\/li>\n<li><a href=\"https:\/\/www.ih.com.pl\/bielsko-biala\/wp-content\/uploads\/sites\/2\/2022\/01\/O\u015bwiadczenie-na-egzamin-Cambridge-w-dobie-COVID-19-wiosna-2022.pdf\">O\u015bwiadczenie zdaj\u0105cego\/rodzica lub opiekuna prawnego zdaj\u0105cego przyst\u0119puj\u0105cego do egzaminu w warunkach zagro\u017cenia epidemicznego\u00a0<\/a><\/li>\n<li><a href=\"https:\/\/www.ih.com.pl\/bielsko-biala\/wp-content\/uploads\/sites\/2\/2020\/02\/2019-Summary-Regulations-PL.pdf\">Skr\u00f3t zasad dla kandydat\u00f3w (2021)<\/a><\/li>\n<li><a href=\"https:\/\/www.ih.com.pl\/bielsko-biala\/wp-content\/uploads\/sites\/2\/2020\/12\/CER_3931_V3_b_NOV20_Summary_Regulations.pdf\">Summary Regulations (2021)<\/a><\/li>\n<li><a href=\"https:\/\/www.ih.com.pl\/bielsko-biala\/wp-content\/uploads\/sites\/2\/2022\/01\/CER_6071b_V2_OCT21_Notice-to-Candidates_A4.pdf\">Notice to Candidates (2022)<\/a><\/li>\n<li><a href=\"https:\/\/www.cambridgeenglish.org\/pl\/footer\/data-protection\/\">O\u015bwiadczenie o ochronie danych i polityce prywatno\u015bci Cambridge Assessment English<\/a><\/li>\n<li><a href=\"https:\/\/www.cambridgeenglish.org\/pl\/footer\/data-protection\/candidates\/\">Polityka prywatno\u015bci Kandydata<\/a><\/li>\n<\/ul>\n<p>[\/uncode_list][\/vc_column_inner][vc_column_inner column_width_percent=&#8221;100&#8243; gutter_size=&#8221;3&#8243; override_padding=&#8221;yes&#8221; column_padding=&#8221;2&#8243; back_color=&#8221;color-lxmt&#8221; overlay_alpha=&#8221;50&#8243; shift_x=&#8221;0&#8243; shift_y=&#8221;0&#8243; shift_y_down=&#8221;0&#8243; z_index=&#8221;0&#8243; medium_width=&#8221;0&#8243; mobile_width=&#8221;0&#8243; width=&#8221;1\/2&#8243;][vc_custom_heading heading_semantic=&#8221;h3&#8243; text_size=&#8221;h3&#8243; text_color=&#8221;color-210407&#8243;]Formularz zg\u0142oszenia[\/vc_custom_heading][vc_column_text]Informujemy, \u017ce nie prowadzimy rejestracji na egzaminy Cambridge w sesji zimowej 2022.[\/vc_column_text][vc_column_text][\/vc_column_text][\/vc_column_inner][\/vc_row_inner][\/vc_tab][vc_tab title=&#8221;Dokumenty do pobrania&#8221; tab_id=&#8221;1575984797406-4-6&#8243; slug=&#8221;dopobrania&#8221;][vc_custom_heading heading_semantic=&#8221;h4&#8243; text_size=&#8221;h4&#8243; separator=&#8221;yes&#8221;]DOKUMENTY DO POBRANIA, DOTYCZ\u0104CE KANDYDAT\u00d3W INDYWIDUALNYCH ORAZ KANDYDAT\u00d3W REJESTROWANYCH PRZEZ SZKO\u0141Y I INSTYTUCJE:[\/vc_custom_heading][vc_empty_space empty_h=&#8221;1&#8243;][uncode_list icon=&#8221;fa fa-file-pdf-o&#8221; icon_color=&#8221;color-vyce&#8221;]<\/p>\n<ul>\n<li>Regulamin egzamin\u00f3w Cambridge English w sesji zimowej 2022 <strong>&#8211; nie prowadzimy rejestracji na egzaminy w sesji zimowej 2022<\/strong><\/li>\n<li>Za\u0142\u0105cznik nr 1 do Regulaminu &#8211; Kalendarz i cennik egzamin\u00f3w w sesji zimowej 2022<\/li>\n<li><a href=\"https:\/\/www.ih.com.pl\/bielsko-biala\/wp-content\/uploads\/sites\/2\/2022\/01\/O\u015bwiadczenie-na-egzamin-Cambridge-w-dobie-COVID-19-wiosna-2022.pdf\">O\u015bwiadczenie zdaj\u0105cego\/ rodzica lub opiekuna prawnego zdaj\u0105cego przyst\u0119puj\u0105cego do egzaminu w warunkach zagro\u017cenia epidemicznego<\/a><\/li>\n<li><a href=\"https:\/\/www.ih.com.pl\/bielsko-biala\/wp-content\/uploads\/sites\/2\/2020\/02\/2019-Summary-Regulations-PL.pdf\">Skr\u00f3t zasad dla kandydat\u00f3w (2021)<\/a><\/li>\n<li><a href=\"https:\/\/www.ih.com.pl\/bielsko-biala\/wp-content\/uploads\/sites\/2\/2020\/12\/CER_3931_V3_b_NOV20_Summary_Regulations.pdf\">Summary regulations for candidates (2021)<\/a><\/li>\n<li><a href=\"https:\/\/www.ih.com.pl\/bielsko-biala\/wp-content\/uploads\/sites\/2\/2022\/01\/CER_6071b_V2_OCT21_Notice-to-Candidates_A4.pdf\">Notice to Candidates 2022<\/a><\/li>\n<li><a href=\"https:\/\/www.ih.com.pl\/bielsko-biala\/wp-content\/uploads\/sites\/2\/2022\/01\/Zgoda_foto_pe\u0142noletni_2022.pdf\">O\u015bwiadczenie o wyra\u017ceniu zgody na wykonanie fotografii (kandydat pe\u0142noletni)<\/a><\/li>\n<li><a href=\"https:\/\/www.ih.com.pl\/bielsko-biala\/wp-content\/uploads\/sites\/2\/2022\/01\/Zgoda_foto_niepe\u0142noletni_2022.pdf\">O\u015bwiadczenie o wyra\u017ceniu zgody na wykonanie fotografii (kandydat niepe\u0142noletni)<\/a><\/li>\n<li><a href=\"https:\/\/www.ih.com.pl\/bielsko-biala\/wp-content\/uploads\/sites\/2\/2022\/01\/CER_6119a_V2_JAN21_Test_Day_Photo_poster.pdf\">Informacje dotycz\u0105ce wykonania zdj\u0119cia podczas egzaminu<\/a><\/li>\n<li><a href=\"https:\/\/www.ih.com.pl\/bielsko-biala\/wp-content\/uploads\/sites\/2\/2022\/01\/wniosek_o-_szczeg_udogodn_2022.pdf\">Wniosek o przyznanie szczeg\u00f3lnych udogodnie\u0144<\/a><\/li>\n<li><a href=\"https:\/\/www.ih.com.pl\/bielsko-biala\/wp-content\/uploads\/sites\/2\/2022\/01\/wniosek_o_wystawienie_faktury_2022.pdf\">Wniosek o wystawienie faktury<\/a><\/li>\n<li><a href=\"https:\/\/www.ih.com.pl\/bielsko-biala\/wp-content\/uploads\/sites\/2\/2022\/01\/wniosek-_o_zwrot_op\u0142aty_egzam_2022.pdf\">Wniosek o zwrot op\u0142aty egzaminacyjnej<\/a><\/li>\n<li><a href=\"https:\/\/www.ih.com.pl\/bielsko-biala\/wp-content\/uploads\/sites\/2\/2022\/01\/formularz_za\u015bwiadczenia_lekarskiego_2022.pdf\">Formularz za\u015bwiadczenia lekarskiego<\/a><\/li>\n<li><a href=\"https:\/\/www.ih.com.pl\/bielsko-biala\/wp-content\/uploads\/sites\/2\/2022\/01\/upow_indywid_do_odbioru_cert_2022.pdf\">Upowa\u017cnienie indywidualne do odbioru dyplom\u00f3w<\/a><\/li>\n<\/ul>\n<p>[\/uncode_list][vc_empty_space empty_h=&#8221;1&#8243;][vc_custom_heading heading_semantic=&#8221;h4&#8243; text_size=&#8221;h4&#8243; separator=&#8221;yes&#8221;]POZOSTA\u0141E DOKUMENTY, DOTYCZ\u0104CE TYLKO KANDYDAT\u00d3W REJESTROWANYCH PRZEZ SZKO\u0141Y I INSTYTUCJE (NIE DOTYCZ\u0104 KANDYDAT\u00d3W INDYWIDUALNYCH):[\/vc_custom_heading][vc_empty_space empty_h=&#8221;1&#8243;][uncode_list icon=&#8221;fa fa-file-pdf-o&#8221; icon_color=&#8221;color-vyce&#8221;]<\/p>\n<ul>\n<li><a href=\"https:\/\/www.ih.com.pl\/bielsko-biala\/wp-content\/uploads\/sites\/2\/2022\/01\/formularz_rejestracyjny_dla_szko\u0142y_instytucji_2022.pdf\">Formularz rejestracyjny dla szk\u00f3\u0142 i instytucji<\/a><\/li>\n<li><a href=\"https:\/\/www.ih.com.pl\/bielsko-biala\/wp-content\/uploads\/sites\/2\/2022\/01\/o\u015bw_kand_rejestr_przez_szko\u0142\u0119_Mar_2022.pdf\">O\u015bwiadczenie kandydata rejestruj\u0105cego si\u0119 za po\u015brednictwem szko\u0142y lub instytucji<\/a><\/li>\n<li><a href=\"https:\/\/www.cambridgeenglish.org\/pl\/footer\/data-protection\/candidates\/\">Polityka prywatno\u015bci kandydat\u00f3w na egzaminy Cambridge<\/a><\/li>\n<li><a href=\"https:\/\/www.ih.com.pl\/bielsko-biala\/wp-content\/uploads\/sites\/2\/2022\/01\/O\u015aWIADCZENIE-do-formularza-2022.pdf\">O\u015bwiadczenie dotycz\u0105ce ochrony danych osobowych<\/a><\/li>\n<li><a href=\"https:\/\/www.ih.com.pl\/bielsko-biala\/wp-content\/uploads\/sites\/2\/2022\/01\/upow_dla_szk\u00f3\u0142_do_odbioru_cert_2022.pdf\">Upowa\u017cnienie dla szko\u0142y\/instytucji do odbioru dyplom\u00f3w<\/a><\/li>\n<\/ul>\n<p>[\/uncode_list][\/vc_tab][\/vc_tabs][\/vc_column][\/vc_row]<\/p>\n<\/div>","protected":false},"excerpt":{"rendered":"<p>[vc_row][vc_column column_width_percent=&#8221;100&#8243; position_vertical=&#8221;middle&#8221; align_horizontal=&#8221;align_center&#8221; gutter_size=&#8221;3&#8243; style=&#8221;light&#8221; overlay_alpha=&#8221;50&#8243; shift_x=&#8221;0&#8243; shift_y=&#8221;0&#8243; shift_y_down=&#8221;0&#8243; z_index=&#8221;0&#8243; medium_width=&#8221;0&#8243; mobile_width=&#8221;0&#8243; width=&#8221;1\/1&#8243;][vc_custom_heading separator=&#8221;yes&#8221;]Sesja zimowa 2022[\/vc_custom_heading][vc_message message_color=&#8221;color-vyce&#8221;]Informujemy, \u017ce sesja [&hellip;]<\/p>\n","protected":false},"author":1,"featured_media":0,"parent":0,"menu_order":0,"comment_status":"closed","ping_status":"closed","template":"","meta":{"footnotes":""},"class_list":["post-221","page","type-page","status-publish","hentry"],"yoast_head":"<!-- This site is optimized with the Yoast SEO plugin v26.8 - https:\/\/yoast.com\/product\/yoast-seo-wordpress\/ -->\n<title>Sesja zimowa 2022 - IH Bielsko - Bia\u0142a<\/title>\n<meta name=\"robots\" content=\"index, follow, max-snippet:-1, max-image-preview:large, max-video-preview:-1\" \/>\n<link rel=\"canonical\" href=\"https:\/\/www.ih.com.pl\/bielsko-biala\/sesja-zimowa-2022\/\" \/>\n<meta property=\"og:locale\" content=\"pl_PL\" \/>\n<meta property=\"og:type\" content=\"article\" \/>\n<meta property=\"og:title\" content=\"Sesja zimowa 2022 - IH Bielsko - Bia\u0142a\" \/>\n<meta property=\"og:description\" content=\"[vc_row][vc_column column_width_percent=&#8221;100&#8243; position_vertical=&#8221;middle&#8221; align_horizontal=&#8221;align_center&#8221; gutter_size=&#8221;3&#8243; style=&#8221;light&#8221; overlay_alpha=&#8221;50&#8243; shift_x=&#8221;0&#8243; shift_y=&#8221;0&#8243; shift_y_down=&#8221;0&#8243; z_index=&#8221;0&#8243; medium_width=&#8221;0&#8243; mobile_width=&#8221;0&#8243; width=&#8221;1\/1&#8243;][vc_custom_heading separator=&#8221;yes&#8221;]Sesja zimowa 2022[\/vc_custom_heading][vc_message message_color=&#8221;color-vyce&#8221;]Informujemy, \u017ce sesja [&hellip;]\" \/>\n<meta property=\"og:url\" content=\"https:\/\/www.ih.com.pl\/bielsko-biala\/sesja-zimowa-2022\/\" \/>\n<meta property=\"og:site_name\" content=\"IH Bielsko - Bia\u0142a\" \/>\n<meta property=\"article:modified_time\" content=\"2022-09-20T13:54:24+00:00\" \/>\n<meta name=\"twitter:card\" content=\"summary_large_image\" \/>\n<meta name=\"twitter:label1\" content=\"Szacowany czas czytania\" \/>\n\t<meta name=\"twitter:data1\" content=\"7 minut\" \/>\n<script type=\"application\/ld+json\" class=\"yoast-schema-graph\">{\"@context\":\"https:\/\/schema.org\",\"@graph\":[{\"@type\":\"WebPage\",\"@id\":\"https:\/\/www.ih.com.pl\/bielsko-biala\/sesja-zimowa-2022\/\",\"url\":\"https:\/\/www.ih.com.pl\/bielsko-biala\/sesja-zimowa-2022\/\",\"name\":\"Sesja zimowa 2022 - IH Bielsko - Bia\u0142a\",\"isPartOf\":{\"@id\":\"https:\/\/www.ih.com.pl\/bielsko-biala\/#website\"},\"datePublished\":\"2019-12-10T13:28:24+00:00\",\"dateModified\":\"2022-09-20T13:54:24+00:00\",\"breadcrumb\":{\"@id\":\"https:\/\/www.ih.com.pl\/bielsko-biala\/sesja-zimowa-2022\/#breadcrumb\"},\"inLanguage\":\"pl-PL\",\"potentialAction\":[{\"@type\":\"ReadAction\",\"target\":[\"https:\/\/www.ih.com.pl\/bielsko-biala\/sesja-zimowa-2022\/\"]}]},{\"@type\":\"BreadcrumbList\",\"@id\":\"https:\/\/www.ih.com.pl\/bielsko-biala\/sesja-zimowa-2022\/#breadcrumb\",\"itemListElement\":[{\"@type\":\"ListItem\",\"position\":1,\"name\":\"Strona g\u0142\u00f3wna\",\"item\":\"https:\/\/www.ih.com.pl\/bielsko-biala\/\"},{\"@type\":\"ListItem\",\"position\":2,\"name\":\"Sesja zimowa 2022\"}]},{\"@type\":\"WebSite\",\"@id\":\"https:\/\/www.ih.com.pl\/bielsko-biala\/#website\",\"url\":\"https:\/\/www.ih.com.pl\/bielsko-biala\/\",\"name\":\"IH Bielsko - Bia\u0142a\",\"description\":\"\",\"potentialAction\":[{\"@type\":\"SearchAction\",\"target\":{\"@type\":\"EntryPoint\",\"urlTemplate\":\"https:\/\/www.ih.com.pl\/bielsko-biala\/?s={search_term_string}\"},\"query-input\":{\"@type\":\"PropertyValueSpecification\",\"valueRequired\":true,\"valueName\":\"search_term_string\"}}],\"inLanguage\":\"pl-PL\"}]}<\/script>\n<!-- \/ Yoast SEO plugin. -->","yoast_head_json":{"title":"Sesja zimowa 2022 - IH Bielsko - Bia\u0142a","robots":{"index":"index","follow":"follow","max-snippet":"max-snippet:-1","max-image-preview":"max-image-preview:large","max-video-preview":"max-video-preview:-1"},"canonical":"https:\/\/www.ih.com.pl\/bielsko-biala\/sesja-zimowa-2022\/","og_locale":"pl_PL","og_type":"article","og_title":"Sesja zimowa 2022 - IH Bielsko - Bia\u0142a","og_description":"[vc_row][vc_column column_width_percent=&#8221;100&#8243; position_vertical=&#8221;middle&#8221; align_horizontal=&#8221;align_center&#8221; gutter_size=&#8221;3&#8243; style=&#8221;light&#8221; overlay_alpha=&#8221;50&#8243; shift_x=&#8221;0&#8243; shift_y=&#8221;0&#8243; shift_y_down=&#8221;0&#8243; z_index=&#8221;0&#8243; medium_width=&#8221;0&#8243; mobile_width=&#8221;0&#8243; width=&#8221;1\/1&#8243;][vc_custom_heading separator=&#8221;yes&#8221;]Sesja zimowa 2022[\/vc_custom_heading][vc_message message_color=&#8221;color-vyce&#8221;]Informujemy, \u017ce sesja [&hellip;]","og_url":"https:\/\/www.ih.com.pl\/bielsko-biala\/sesja-zimowa-2022\/","og_site_name":"IH Bielsko - Bia\u0142a","article_modified_time":"2022-09-20T13:54:24+00:00","twitter_card":"summary_large_image","twitter_misc":{"Szacowany czas czytania":"7 minut"},"schema":{"@context":"https:\/\/schema.org","@graph":[{"@type":"WebPage","@id":"https:\/\/www.ih.com.pl\/bielsko-biala\/sesja-zimowa-2022\/","url":"https:\/\/www.ih.com.pl\/bielsko-biala\/sesja-zimowa-2022\/","name":"Sesja zimowa 2022 - IH Bielsko - Bia\u0142a","isPartOf":{"@id":"https:\/\/www.ih.com.pl\/bielsko-biala\/#website"},"datePublished":"2019-12-10T13:28:24+00:00","dateModified":"2022-09-20T13:54:24+00:00","breadcrumb":{"@id":"https:\/\/www.ih.com.pl\/bielsko-biala\/sesja-zimowa-2022\/#breadcrumb"},"inLanguage":"pl-PL","potentialAction":[{"@type":"ReadAction","target":["https:\/\/www.ih.com.pl\/bielsko-biala\/sesja-zimowa-2022\/"]}]},{"@type":"BreadcrumbList","@id":"https:\/\/www.ih.com.pl\/bielsko-biala\/sesja-zimowa-2022\/#breadcrumb","itemListElement":[{"@type":"ListItem","position":1,"name":"Strona g\u0142\u00f3wna","item":"https:\/\/www.ih.com.pl\/bielsko-biala\/"},{"@type":"ListItem","position":2,"name":"Sesja zimowa 2022"}]},{"@type":"WebSite","@id":"https:\/\/www.ih.com.pl\/bielsko-biala\/#website","url":"https:\/\/www.ih.com.pl\/bielsko-biala\/","name":"IH Bielsko - Bia\u0142a","description":"","potentialAction":[{"@type":"SearchAction","target":{"@type":"EntryPoint","urlTemplate":"https:\/\/www.ih.com.pl\/bielsko-biala\/?s={search_term_string}"},"query-input":{"@type":"PropertyValueSpecification","valueRequired":true,"valueName":"search_term_string"}}],"inLanguage":"pl-PL"}]}},"_links":{"self":[{"href":"https:\/\/www.ih.com.pl\/bielsko-biala\/wp-json\/wp\/v2\/pages\/221","targetHints":{"allow":["GET"]}}],"collection":[{"href":"https:\/\/www.ih.com.pl\/bielsko-biala\/wp-json\/wp\/v2\/pages"}],"about":[{"href":"https:\/\/www.ih.com.pl\/bielsko-biala\/wp-json\/wp\/v2\/types\/page"}],"author":[{"embeddable":true,"href":"https:\/\/www.ih.com.pl\/bielsko-biala\/wp-json\/wp\/v2\/users\/1"}],"replies":[{"embeddable":true,"href":"https:\/\/www.ih.com.pl\/bielsko-biala\/wp-json\/wp\/v2\/comments?post=221"}],"version-history":[{"count":185,"href":"https:\/\/www.ih.com.pl\/bielsko-biala\/wp-json\/wp\/v2\/pages\/221\/revisions"}],"predecessor-version":[{"id":3721,"href":"https:\/\/www.ih.com.pl\/bielsko-biala\/wp-json\/wp\/v2\/pages\/221\/revisions\/3721"}],"wp:attachment":[{"href":"https:\/\/www.ih.com.pl\/bielsko-biala\/wp-json\/wp\/v2\/media?parent=221"}],"curies":[{"name":"wp","href":"https:\/\/api.w.org\/{rel}","templated":true}]}}