{"id":2336,"date":"2021-06-07T16:17:27","date_gmt":"2021-06-07T14:17:27","guid":{"rendered":"https:\/\/www.ih.com.pl\/bielsko-biala\/?page_id=2336"},"modified":"2021-06-07T16:25:50","modified_gmt":"2021-06-07T14:25:50","slug":"polkolonie-dla-przedszkolakow","status":"publish","type":"page","link":"https:\/\/www.ih.com.pl\/bielsko-biala\/polkolonie-dla-przedszkolakow\/","title":{"rendered":"P\u00f3\u0142kolonie dla przedszkolak\u00f3w"},"content":{"rendered":"<div class=\"wpb-content-wrapper\"><p>[vc_row][vc_column width=&#8221;1\/2&#8243;][vc_column_text]Jak co roku nasze Przedszkole Angloj\u0119zyczne &#8222;First Steps&#8221; organizuje p\u00f3\u0142kolonie dla przedszkolak\u00f3w. Wi\u0119cej informacji <a href=\"https:\/\/www.przedszkole.anglojezyczne.pl\/oferta-wakacyjna\/\" target=\"_blank\" rel=\"noopener noreferrer\">https:\/\/www.przedszkole.anglojezyczne.pl\/oferta-wakacyjna\/<\/a>[\/vc_column_text][\/vc_column][vc_column width=&#8221;1\/2&#8243;][vc_single_image media=&#8221;2337&#8243; media_width_percent=&#8221;100&#8243;][\/vc_column][\/vc_row]<\/p>\n<\/div>","protected":false},"excerpt":{"rendered":"<p>[vc_row][vc_column width=&#8221;1\/2&#8243;][vc_column_text]Jak co roku nasze Przedszkole Angloj\u0119zyczne &#8222;First Steps&#8221; organizuje p\u00f3\u0142kolonie dla przedszkolak\u00f3w. Wi\u0119cej informacji https:\/\/www.przedszkole.anglojezyczne.pl\/oferta-wakacyjna\/[\/vc_column_text][\/vc_column][vc_column width=&#8221;1\/2&#8243;][vc_single_image media=&#8221;2337&#8243; media_width_percent=&#8221;100&#8243;][\/vc_column][\/vc_row]<\/p>\n","protected":false},"author":4,"featured_media":2337,"parent":0,"menu_order":0,"comment_status":"closed","ping_status":"closed","template":"","meta":{"footnotes":""},"class_list":["post-2336","page","type-page","status-publish","has-post-thumbnail","hentry"],"yoast_head":"<!-- This site is optimized with the Yoast SEO plugin v26.8 - https:\/\/yoast.com\/product\/yoast-seo-wordpress\/ -->\n<title>P\u00f3\u0142kolonie dla przedszkolak\u00f3w - IH Bielsko - Bia\u0142a<\/title>\n<meta name=\"robots\" content=\"index, follow, max-snippet:-1, max-image-preview:large, max-video-preview:-1\" \/>\n<link rel=\"canonical\" href=\"https:\/\/www.ih.com.pl\/bielsko-biala\/polkolonie-dla-przedszkolakow\/\" \/>\n<meta property=\"og:locale\" content=\"pl_PL\" \/>\n<meta property=\"og:type\" content=\"article\" \/>\n<meta property=\"og:title\" content=\"P\u00f3\u0142kolonie dla przedszkolak\u00f3w - IH Bielsko - Bia\u0142a\" \/>\n<meta property=\"og:description\" content=\"[vc_row][vc_column width=&#8221;1\/2&#8243;][vc_column_text]Jak co roku nasze Przedszkole Angloj\u0119zyczne &#8222;First Steps&#8221; organizuje p\u00f3\u0142kolonie dla przedszkolak\u00f3w. Wi\u0119cej informacji https:\/\/www.przedszkole.anglojezyczne.pl\/oferta-wakacyjna\/[\/vc_column_text][\/vc_column][vc_column width=&#8221;1\/2&#8243;][vc_single_image media=&#8221;2337&#8243; media_width_percent=&#8221;100&#8243;][\/vc_column][\/vc_row]\" \/>\n<meta property=\"og:url\" content=\"https:\/\/www.ih.com.pl\/bielsko-biala\/polkolonie-dla-przedszkolakow\/\" \/>\n<meta property=\"og:site_name\" content=\"IH Bielsko - Bia\u0142a\" \/>\n<meta property=\"article:modified_time\" content=\"2021-06-07T14:25:50+00:00\" \/>\n<meta property=\"og:image\" content=\"https:\/\/www.ih.com.pl\/bielsko-biala\/wp-content\/uploads\/sites\/2\/2021\/06\/przedszkole-summer.jpg\" \/>\n\t<meta property=\"og:image:width\" content=\"720\" \/>\n\t<meta property=\"og:image:height\" content=\"524\" \/>\n\t<meta property=\"og:image:type\" content=\"image\/jpeg\" \/>\n<meta name=\"twitter:card\" content=\"summary_large_image\" \/>\n<script type=\"application\/ld+json\" class=\"yoast-schema-graph\">{\"@context\":\"https:\/\/schema.org\",\"@graph\":[{\"@type\":\"WebPage\",\"@id\":\"https:\/\/www.ih.com.pl\/bielsko-biala\/polkolonie-dla-przedszkolakow\/\",\"url\":\"https:\/\/www.ih.com.pl\/bielsko-biala\/polkolonie-dla-przedszkolakow\/\",\"name\":\"P\u00f3\u0142kolonie dla przedszkolak\u00f3w - IH Bielsko - Bia\u0142a\",\"isPartOf\":{\"@id\":\"https:\/\/www.ih.com.pl\/bielsko-biala\/#website\"},\"primaryImageOfPage\":{\"@id\":\"https:\/\/www.ih.com.pl\/bielsko-biala\/polkolonie-dla-przedszkolakow\/#primaryimage\"},\"image\":{\"@id\":\"https:\/\/www.ih.com.pl\/bielsko-biala\/polkolonie-dla-przedszkolakow\/#primaryimage\"},\"thumbnailUrl\":\"https:\/\/www.ih.com.pl\/bielsko-biala\/wp-content\/uploads\/sites\/2\/2021\/06\/przedszkole-summer.jpg\",\"datePublished\":\"2021-06-07T14:17:27+00:00\",\"dateModified\":\"2021-06-07T14:25:50+00:00\",\"breadcrumb\":{\"@id\":\"https:\/\/www.ih.com.pl\/bielsko-biala\/polkolonie-dla-przedszkolakow\/#breadcrumb\"},\"inLanguage\":\"pl-PL\",\"potentialAction\":[{\"@type\":\"ReadAction\",\"target\":[\"https:\/\/www.ih.com.pl\/bielsko-biala\/polkolonie-dla-przedszkolakow\/\"]}]},{\"@type\":\"ImageObject\",\"inLanguage\":\"pl-PL\",\"@id\":\"https:\/\/www.ih.com.pl\/bielsko-biala\/polkolonie-dla-przedszkolakow\/#primaryimage\",\"url\":\"https:\/\/www.ih.com.pl\/bielsko-biala\/wp-content\/uploads\/sites\/2\/2021\/06\/przedszkole-summer.jpg\",\"contentUrl\":\"https:\/\/www.ih.com.pl\/bielsko-biala\/wp-content\/uploads\/sites\/2\/2021\/06\/przedszkole-summer.jpg\",\"width\":720,\"height\":524},{\"@type\":\"BreadcrumbList\",\"@id\":\"https:\/\/www.ih.com.pl\/bielsko-biala\/polkolonie-dla-przedszkolakow\/#breadcrumb\",\"itemListElement\":[{\"@type\":\"ListItem\",\"position\":1,\"name\":\"Strona g\u0142\u00f3wna\",\"item\":\"https:\/\/www.ih.com.pl\/bielsko-biala\/\"},{\"@type\":\"ListItem\",\"position\":2,\"name\":\"P\u00f3\u0142kolonie dla przedszkolak\u00f3w\"}]},{\"@type\":\"WebSite\",\"@id\":\"https:\/\/www.ih.com.pl\/bielsko-biala\/#website\",\"url\":\"https:\/\/www.ih.com.pl\/bielsko-biala\/\",\"name\":\"IH Bielsko - Bia\u0142a\",\"description\":\"\",\"potentialAction\":[{\"@type\":\"SearchAction\",\"target\":{\"@type\":\"EntryPoint\",\"urlTemplate\":\"https:\/\/www.ih.com.pl\/bielsko-biala\/?s={search_term_string}\"},\"query-input\":{\"@type\":\"PropertyValueSpecification\",\"valueRequired\":true,\"valueName\":\"search_term_string\"}}],\"inLanguage\":\"pl-PL\"}]}<\/script>\n<!-- \/ Yoast SEO plugin. -->","yoast_head_json":{"title":"P\u00f3\u0142kolonie dla przedszkolak\u00f3w - IH Bielsko - Bia\u0142a","robots":{"index":"index","follow":"follow","max-snippet":"max-snippet:-1","max-image-preview":"max-image-preview:large","max-video-preview":"max-video-preview:-1"},"canonical":"https:\/\/www.ih.com.pl\/bielsko-biala\/polkolonie-dla-przedszkolakow\/","og_locale":"pl_PL","og_type":"article","og_title":"P\u00f3\u0142kolonie dla przedszkolak\u00f3w - IH Bielsko - Bia\u0142a","og_description":"[vc_row][vc_column width=&#8221;1\/2&#8243;][vc_column_text]Jak co roku nasze Przedszkole Angloj\u0119zyczne &#8222;First Steps&#8221; organizuje p\u00f3\u0142kolonie dla przedszkolak\u00f3w. Wi\u0119cej informacji https:\/\/www.przedszkole.anglojezyczne.pl\/oferta-wakacyjna\/[\/vc_column_text][\/vc_column][vc_column width=&#8221;1\/2&#8243;][vc_single_image media=&#8221;2337&#8243; media_width_percent=&#8221;100&#8243;][\/vc_column][\/vc_row]","og_url":"https:\/\/www.ih.com.pl\/bielsko-biala\/polkolonie-dla-przedszkolakow\/","og_site_name":"IH Bielsko - Bia\u0142a","article_modified_time":"2021-06-07T14:25:50+00:00","og_image":[{"width":720,"height":524,"url":"https:\/\/www.ih.com.pl\/bielsko-biala\/wp-content\/uploads\/sites\/2\/2021\/06\/przedszkole-summer.jpg","type":"image\/jpeg"}],"twitter_card":"summary_large_image","schema":{"@context":"https:\/\/schema.org","@graph":[{"@type":"WebPage","@id":"https:\/\/www.ih.com.pl\/bielsko-biala\/polkolonie-dla-przedszkolakow\/","url":"https:\/\/www.ih.com.pl\/bielsko-biala\/polkolonie-dla-przedszkolakow\/","name":"P\u00f3\u0142kolonie dla przedszkolak\u00f3w - IH Bielsko - Bia\u0142a","isPartOf":{"@id":"https:\/\/www.ih.com.pl\/bielsko-biala\/#website"},"primaryImageOfPage":{"@id":"https:\/\/www.ih.com.pl\/bielsko-biala\/polkolonie-dla-przedszkolakow\/#primaryimage"},"image":{"@id":"https:\/\/www.ih.com.pl\/bielsko-biala\/polkolonie-dla-przedszkolakow\/#primaryimage"},"thumbnailUrl":"https:\/\/www.ih.com.pl\/bielsko-biala\/wp-content\/uploads\/sites\/2\/2021\/06\/przedszkole-summer.jpg","datePublished":"2021-06-07T14:17:27+00:00","dateModified":"2021-06-07T14:25:50+00:00","breadcrumb":{"@id":"https:\/\/www.ih.com.pl\/bielsko-biala\/polkolonie-dla-przedszkolakow\/#breadcrumb"},"inLanguage":"pl-PL","potentialAction":[{"@type":"ReadAction","target":["https:\/\/www.ih.com.pl\/bielsko-biala\/polkolonie-dla-przedszkolakow\/"]}]},{"@type":"ImageObject","inLanguage":"pl-PL","@id":"https:\/\/www.ih.com.pl\/bielsko-biala\/polkolonie-dla-przedszkolakow\/#primaryimage","url":"https:\/\/www.ih.com.pl\/bielsko-biala\/wp-content\/uploads\/sites\/2\/2021\/06\/przedszkole-summer.jpg","contentUrl":"https:\/\/www.ih.com.pl\/bielsko-biala\/wp-content\/uploads\/sites\/2\/2021\/06\/przedszkole-summer.jpg","width":720,"height":524},{"@type":"BreadcrumbList","@id":"https:\/\/www.ih.com.pl\/bielsko-biala\/polkolonie-dla-przedszkolakow\/#breadcrumb","itemListElement":[{"@type":"ListItem","position":1,"name":"Strona g\u0142\u00f3wna","item":"https:\/\/www.ih.com.pl\/bielsko-biala\/"},{"@type":"ListItem","position":2,"name":"P\u00f3\u0142kolonie dla przedszkolak\u00f3w"}]},{"@type":"WebSite","@id":"https:\/\/www.ih.com.pl\/bielsko-biala\/#website","url":"https:\/\/www.ih.com.pl\/bielsko-biala\/","name":"IH Bielsko - Bia\u0142a","description":"","potentialAction":[{"@type":"SearchAction","target":{"@type":"EntryPoint","urlTemplate":"https:\/\/www.ih.com.pl\/bielsko-biala\/?s={search_term_string}"},"query-input":{"@type":"PropertyValueSpecification","valueRequired":true,"valueName":"search_term_string"}}],"inLanguage":"pl-PL"}]}},"_links":{"self":[{"href":"https:\/\/www.ih.com.pl\/bielsko-biala\/wp-json\/wp\/v2\/pages\/2336","targetHints":{"allow":["GET"]}}],"collection":[{"href":"https:\/\/www.ih.com.pl\/bielsko-biala\/wp-json\/wp\/v2\/pages"}],"about":[{"href":"https:\/\/www.ih.com.pl\/bielsko-biala\/wp-json\/wp\/v2\/types\/page"}],"author":[{"embeddable":true,"href":"https:\/\/www.ih.com.pl\/bielsko-biala\/wp-json\/wp\/v2\/users\/4"}],"replies":[{"embeddable":true,"href":"https:\/\/www.ih.com.pl\/bielsko-biala\/wp-json\/wp\/v2\/comments?post=2336"}],"version-history":[{"count":2,"href":"https:\/\/www.ih.com.pl\/bielsko-biala\/wp-json\/wp\/v2\/pages\/2336\/revisions"}],"predecessor-version":[{"id":2348,"href":"https:\/\/www.ih.com.pl\/bielsko-biala\/wp-json\/wp\/v2\/pages\/2336\/revisions\/2348"}],"wp:featuredmedia":[{"embeddable":true,"href":"https:\/\/www.ih.com.pl\/bielsko-biala\/wp-json\/wp\/v2\/media\/2337"}],"wp:attachment":[{"href":"https:\/\/www.ih.com.pl\/bielsko-biala\/wp-json\/wp\/v2\/media?parent=2336"}],"curies":[{"name":"wp","href":"https:\/\/api.w.org\/{rel}","templated":true}]}}