{"id":2712,"date":"2021-10-03T22:35:32","date_gmt":"2021-10-03T20:35:32","guid":{"rendered":"https:\/\/www.ih.com.pl\/bielsko-biala\/?page_id=2712"},"modified":"2021-10-03T22:35:32","modified_gmt":"2021-10-03T20:35:32","slug":"oferta-limitowana-dla-mlodziezy","status":"publish","type":"page","link":"https:\/\/www.ih.com.pl\/bielsko-biala\/oferta-limitowana-dla-mlodziezy\/","title":{"rendered":"Oferta limitowana dla m\u0142odzie\u017cy"},"content":{"rendered":"<div class=\"wpb-content-wrapper\"><p>[vc_row][vc_column width=&#8221;1\/2&#8243;][vc_column_text]<\/p>\n<div class=\"\" dir=\"auto\">\n<div id=\"jsc_c_5n\" class=\"ecm0bbzt hv4rvrfc ihqw7lf3 dati1w0a\" data-ad-comet-preview=\"message\" data-ad-preview=\"message\">\n<div class=\"j83agx80 cbu4d94t ew0dbk1b irj2b8pg\">\n<div class=\"qzhwtbm6 knvmm38d\">\n<div class=\"kvgmc6g5 cxmmr5t8 oygrvhab hcukyx3x c1et5uql ii04i59q\">\n<div dir=\"auto\">Je\u015bli w ci\u0105gu dnia Twoje nastoletnie dziecko ma du\u017co zaj\u0119\u0107, wiecz\u00f3r staje si\u0119 idealn\u0105 por\u0105 na j\u0119zyk angielski!<\/div>\n<div dir=\"auto\">Wed\u0142ug naukowc\u00f3w, umys\u0142 w czasie snu dba o utrwalenie wiadomo\u015bci przyswojonych w ci\u0105gu dnia, a szczeg\u00f3lnie tych przed snem.<\/div>\n<div dir=\"auto\">Wypr\u00f3buj nas i sprawd\u017a, jak to dzia\u0142a!<\/div>\n<div dir=\"auto\">W ramach tej limitowanej oferty proponujemy:<\/div>\n<div dir=\"auto\">&#8211; lekcje indywidualne online o d\u0142ugo\u015bci 45 minut &#8211; bez wychodzenia z dom, uci\u0105\u017cliwych, czasoch\u0142onnych dojazd\u00f3w i kork\u00f3w,<\/div>\n<div dir=\"auto\">&#8211; tylko w poniedzia\u0142ki, wtorki, \u015brody lub czwartki od 19:00<\/div>\n<div dir=\"auto\">Oferta limitowa &#8211; zapisz si\u0119 ju\u017c dzi\u015b nim zrobi\u0105 to inni !<\/div>\n<div dir=\"auto\">Masz pytania \u2013 skontaktuj si\u0119 z naszym biurem mailowo <a href=\"mailto:bielsko@ih.com.pl\">bielsko@ih.com.pl<\/a> lub telefonicznie: <a href=\"tel:338223330\">33\u00a0822 33 30<\/a>.<\/div>\n<div dir=\"auto\">Startujemy od 5 pa\u017adziernika !<\/div>\n<\/div>\n<\/div>\n<\/div>\n<\/div>\n<\/div>\n<p>[\/vc_column_text][\/vc_column][vc_column width=&#8221;1\/2&#8243;][vc_single_image media=&#8221;2713&#8243; media_width_percent=&#8221;100&#8243;][\/vc_column][\/vc_row]<\/p>\n<\/div>","protected":false},"excerpt":{"rendered":"<p>[vc_row][vc_column width=&#8221;1\/2&#8243;][vc_column_text] Je\u015bli w ci\u0105gu dnia Twoje nastoletnie dziecko ma du\u017co zaj\u0119\u0107, wiecz\u00f3r staje si\u0119 idealn\u0105 por\u0105 na j\u0119zyk angielski! [&hellip;]<\/p>\n","protected":false},"author":4,"featured_media":0,"parent":0,"menu_order":0,"comment_status":"closed","ping_status":"closed","template":"","meta":{"footnotes":""},"class_list":["post-2712","page","type-page","status-publish","hentry"],"yoast_head":"<!-- This site is optimized with the Yoast SEO plugin v26.8 - https:\/\/yoast.com\/product\/yoast-seo-wordpress\/ -->\n<title>Oferta limitowana dla m\u0142odzie\u017cy - IH Bielsko - Bia\u0142a<\/title>\n<meta name=\"robots\" content=\"index, follow, max-snippet:-1, max-image-preview:large, max-video-preview:-1\" \/>\n<link rel=\"canonical\" href=\"https:\/\/www.ih.com.pl\/bielsko-biala\/oferta-limitowana-dla-mlodziezy\/\" \/>\n<meta property=\"og:locale\" content=\"pl_PL\" \/>\n<meta property=\"og:type\" content=\"article\" \/>\n<meta property=\"og:title\" content=\"Oferta limitowana dla m\u0142odzie\u017cy - IH Bielsko - Bia\u0142a\" \/>\n<meta property=\"og:description\" content=\"[vc_row][vc_column width=&#8221;1\/2&#8243;][vc_column_text] Je\u015bli w ci\u0105gu dnia Twoje nastoletnie dziecko ma du\u017co zaj\u0119\u0107, wiecz\u00f3r staje si\u0119 idealn\u0105 por\u0105 na j\u0119zyk angielski! [&hellip;]\" \/>\n<meta property=\"og:url\" content=\"https:\/\/www.ih.com.pl\/bielsko-biala\/oferta-limitowana-dla-mlodziezy\/\" \/>\n<meta property=\"og:site_name\" content=\"IH Bielsko - Bia\u0142a\" \/>\n<meta name=\"twitter:card\" content=\"summary_large_image\" \/>\n<meta name=\"twitter:label1\" content=\"Szacowany czas czytania\" \/>\n\t<meta name=\"twitter:data1\" content=\"1 minuta\" \/>\n<script type=\"application\/ld+json\" class=\"yoast-schema-graph\">{\"@context\":\"https:\/\/schema.org\",\"@graph\":[{\"@type\":\"WebPage\",\"@id\":\"https:\/\/www.ih.com.pl\/bielsko-biala\/oferta-limitowana-dla-mlodziezy\/\",\"url\":\"https:\/\/www.ih.com.pl\/bielsko-biala\/oferta-limitowana-dla-mlodziezy\/\",\"name\":\"Oferta limitowana dla m\u0142odzie\u017cy - IH Bielsko - Bia\u0142a\",\"isPartOf\":{\"@id\":\"https:\/\/www.ih.com.pl\/bielsko-biala\/#website\"},\"datePublished\":\"2021-10-03T20:35:32+00:00\",\"breadcrumb\":{\"@id\":\"https:\/\/www.ih.com.pl\/bielsko-biala\/oferta-limitowana-dla-mlodziezy\/#breadcrumb\"},\"inLanguage\":\"pl-PL\",\"potentialAction\":[{\"@type\":\"ReadAction\",\"target\":[\"https:\/\/www.ih.com.pl\/bielsko-biala\/oferta-limitowana-dla-mlodziezy\/\"]}]},{\"@type\":\"BreadcrumbList\",\"@id\":\"https:\/\/www.ih.com.pl\/bielsko-biala\/oferta-limitowana-dla-mlodziezy\/#breadcrumb\",\"itemListElement\":[{\"@type\":\"ListItem\",\"position\":1,\"name\":\"Strona g\u0142\u00f3wna\",\"item\":\"https:\/\/www.ih.com.pl\/bielsko-biala\/\"},{\"@type\":\"ListItem\",\"position\":2,\"name\":\"Oferta limitowana dla m\u0142odzie\u017cy\"}]},{\"@type\":\"WebSite\",\"@id\":\"https:\/\/www.ih.com.pl\/bielsko-biala\/#website\",\"url\":\"https:\/\/www.ih.com.pl\/bielsko-biala\/\",\"name\":\"IH Bielsko - Bia\u0142a\",\"description\":\"\",\"potentialAction\":[{\"@type\":\"SearchAction\",\"target\":{\"@type\":\"EntryPoint\",\"urlTemplate\":\"https:\/\/www.ih.com.pl\/bielsko-biala\/?s={search_term_string}\"},\"query-input\":{\"@type\":\"PropertyValueSpecification\",\"valueRequired\":true,\"valueName\":\"search_term_string\"}}],\"inLanguage\":\"pl-PL\"}]}<\/script>\n<!-- \/ Yoast SEO plugin. -->","yoast_head_json":{"title":"Oferta limitowana dla m\u0142odzie\u017cy - IH Bielsko - Bia\u0142a","robots":{"index":"index","follow":"follow","max-snippet":"max-snippet:-1","max-image-preview":"max-image-preview:large","max-video-preview":"max-video-preview:-1"},"canonical":"https:\/\/www.ih.com.pl\/bielsko-biala\/oferta-limitowana-dla-mlodziezy\/","og_locale":"pl_PL","og_type":"article","og_title":"Oferta limitowana dla m\u0142odzie\u017cy - IH Bielsko - Bia\u0142a","og_description":"[vc_row][vc_column width=&#8221;1\/2&#8243;][vc_column_text] Je\u015bli w ci\u0105gu dnia Twoje nastoletnie dziecko ma du\u017co zaj\u0119\u0107, wiecz\u00f3r staje si\u0119 idealn\u0105 por\u0105 na j\u0119zyk angielski! [&hellip;]","og_url":"https:\/\/www.ih.com.pl\/bielsko-biala\/oferta-limitowana-dla-mlodziezy\/","og_site_name":"IH Bielsko - Bia\u0142a","twitter_card":"summary_large_image","twitter_misc":{"Szacowany czas czytania":"1 minuta"},"schema":{"@context":"https:\/\/schema.org","@graph":[{"@type":"WebPage","@id":"https:\/\/www.ih.com.pl\/bielsko-biala\/oferta-limitowana-dla-mlodziezy\/","url":"https:\/\/www.ih.com.pl\/bielsko-biala\/oferta-limitowana-dla-mlodziezy\/","name":"Oferta limitowana dla m\u0142odzie\u017cy - IH Bielsko - Bia\u0142a","isPartOf":{"@id":"https:\/\/www.ih.com.pl\/bielsko-biala\/#website"},"datePublished":"2021-10-03T20:35:32+00:00","breadcrumb":{"@id":"https:\/\/www.ih.com.pl\/bielsko-biala\/oferta-limitowana-dla-mlodziezy\/#breadcrumb"},"inLanguage":"pl-PL","potentialAction":[{"@type":"ReadAction","target":["https:\/\/www.ih.com.pl\/bielsko-biala\/oferta-limitowana-dla-mlodziezy\/"]}]},{"@type":"BreadcrumbList","@id":"https:\/\/www.ih.com.pl\/bielsko-biala\/oferta-limitowana-dla-mlodziezy\/#breadcrumb","itemListElement":[{"@type":"ListItem","position":1,"name":"Strona g\u0142\u00f3wna","item":"https:\/\/www.ih.com.pl\/bielsko-biala\/"},{"@type":"ListItem","position":2,"name":"Oferta limitowana dla m\u0142odzie\u017cy"}]},{"@type":"WebSite","@id":"https:\/\/www.ih.com.pl\/bielsko-biala\/#website","url":"https:\/\/www.ih.com.pl\/bielsko-biala\/","name":"IH Bielsko - Bia\u0142a","description":"","potentialAction":[{"@type":"SearchAction","target":{"@type":"EntryPoint","urlTemplate":"https:\/\/www.ih.com.pl\/bielsko-biala\/?s={search_term_string}"},"query-input":{"@type":"PropertyValueSpecification","valueRequired":true,"valueName":"search_term_string"}}],"inLanguage":"pl-PL"}]}},"_links":{"self":[{"href":"https:\/\/www.ih.com.pl\/bielsko-biala\/wp-json\/wp\/v2\/pages\/2712","targetHints":{"allow":["GET"]}}],"collection":[{"href":"https:\/\/www.ih.com.pl\/bielsko-biala\/wp-json\/wp\/v2\/pages"}],"about":[{"href":"https:\/\/www.ih.com.pl\/bielsko-biala\/wp-json\/wp\/v2\/types\/page"}],"author":[{"embeddable":true,"href":"https:\/\/www.ih.com.pl\/bielsko-biala\/wp-json\/wp\/v2\/users\/4"}],"replies":[{"embeddable":true,"href":"https:\/\/www.ih.com.pl\/bielsko-biala\/wp-json\/wp\/v2\/comments?post=2712"}],"version-history":[{"count":1,"href":"https:\/\/www.ih.com.pl\/bielsko-biala\/wp-json\/wp\/v2\/pages\/2712\/revisions"}],"predecessor-version":[{"id":2714,"href":"https:\/\/www.ih.com.pl\/bielsko-biala\/wp-json\/wp\/v2\/pages\/2712\/revisions\/2714"}],"wp:attachment":[{"href":"https:\/\/www.ih.com.pl\/bielsko-biala\/wp-json\/wp\/v2\/media?parent=2712"}],"curies":[{"name":"wp","href":"https:\/\/api.w.org\/{rel}","templated":true}]}}