{"id":276,"date":"2019-12-11T11:51:45","date_gmt":"2019-12-11T10:51:45","guid":{"rendered":"https:\/\/ih.wizjanet.pl\/bielsko-biala\/?page_id=276"},"modified":"2025-02-05T20:19:11","modified_gmt":"2025-02-05T19:19:11","slug":"o-szkole","status":"publish","type":"page","link":"https:\/\/www.ih.com.pl\/bielsko-biala\/o-szkole\/","title":{"rendered":"O szkole"},"content":{"rendered":"<div class=\"wpb-content-wrapper\"><p>[vc_row][vc_column width=&#8221;1\/1&#8243;][vc_custom_heading]O szkole[\/vc_custom_heading][vc_custom_heading heading_semantic=&#8221;h4&#8243; text_size=&#8221;h4&#8243; separator=&#8221;yes&#8221;]Renoma[\/vc_custom_heading][vc_row_inner][vc_column_inner width=&#8221;2\/3&#8243;][vc_column_text css_animation=&#8221;left-t-right&#8221; animation_speed=&#8221;600&#8243;]Szko\u0142a IH Bielsko-Bia\u0142a cieszy si\u0119 opini\u0105 jednej z najlepszych szk\u00f3\u0142 w rejonie Podbeskidzia. Utworzona w 1993 roku niezmiennie od ponad 30 lat uczy j\u0119zyka angielskiego. Do tej pory wykszta\u0142ci\u0142a ju\u017c ponad 15 tysi\u0119cy s\u0142uchaczy: pocz\u0105wszy od dzieci, kt\u00f3rych rodzicom zale\u017cy na najwy\u017cszym poziomie i skuteczno\u015bci nauczania &#8211; po m\u0142odzie\u017c i osoby doros\u0142e, kt\u00f3re chc\u0105 szybko prze\u0142ama\u0107 bariery j\u0119zykowe i dobrze przygotowa\u0107 si\u0119 do mi\u0119dzynarodowych egzamin\u00f3w. Doskona\u0142e wyniki osi\u0105gane przez s\u0142uchaczy szko\u0142y, ci\u0105g\u0142y nap\u0142yw nowych student\u00f3w i stale powi\u0119kszaj\u0105ce si\u0119 grono os\u00f3b kontynuuj\u0105cych nauk\u0119 \u015bwiadcz\u0105 o wysokiej skuteczno\u015bci nauczania.[\/vc_column_text][vc_column_text css_animation=&#8221;left-t-right&#8221; animation_speed=&#8221;600&#8243; animation_delay=&#8221;400&#8243;]Szko\u0142a IH Bielsko-Bia\u0142a wyr\u00f3\u017cnia si\u0119 nowoczesnym budynkiem zaprojektowanym i wybudowanym, aby stworzy\u0107 komfortowe warunki do nauki. Do dyspozycji s\u0142uchaczy pozostaje 14 wygodnych i przestronnych sal lekcyjnych. Na parterze mie\u015bci si\u0119 recepcja oraz otwarta przestrze\u0144, w kt\u00f3rej rodzice mog\u0105 czeka\u0107 na swoje dzieci. W ca\u0142ym budynku mo\u017cna korzysta\u0107 z internetu. Dodatkowym atutem szko\u0142y s\u0105 bezp\u0142atne miejsca parkingowe.[\/vc_column_text][\/vc_column_inner][vc_column_inner width=&#8221;1\/3&#8243;][vc_single_image media=&#8221;3981&#8243; media_width_percent=&#8221;80&#8243; css_animation=&#8221;right-t-left&#8221; animation_delay=&#8221;800&#8243;][\/vc_column_inner][\/vc_row_inner][vc_row_inner][vc_column_inner width=&#8221;2\/3&#8243;][vc_custom_heading heading_semantic=&#8221;h4&#8243; text_size=&#8221;h4&#8243; separator=&#8221;yes&#8221;]Mi\u0119dzynarodowa sie\u0107[\/vc_custom_heading][vc_column_text css_animation=&#8221;left-t-right&#8221; animation_speed=&#8221;600&#8243; animation_delay=&#8221;400&#8243;]Jako cz\u0119\u015b\u0107 mi\u0119dzynarodowej organizacji szko\u0142a podlega regularnym inspekcjom i wizytacjom. Jedynie pozytywna opinia wizytator\u00f3w z Londynu daje mo\u017cliwo\u015b\u0107 pozostania w mi\u0119dzynarodowej sieci IH, czerpania z do\u015bwiadcze\u0144 sztabu najlepszych specjalist\u00f3w i prawo do pos\u0142ugiwania si\u0119 nazw\u0105 International House.[\/vc_column_text][\/vc_column_inner][vc_column_inner width=&#8221;1\/3&#8243;][vc_empty_space empty_h=&#8221;2&#8243;][vc_single_image media=&#8221;5010&#8243; media_width_percent=&#8221;100&#8243; css_animation=&#8221;right-t-left&#8221; animation_speed=&#8221;600&#8243; animation_delay=&#8221;800&#8243;][\/vc_column_inner][\/vc_row_inner][vc_row_inner][vc_column_inner width=&#8221;2\/3&#8243;][vc_custom_heading heading_semantic=&#8221;h4&#8243; text_size=&#8221;h4&#8243; separator=&#8221;yes&#8221;]Egzaminy Cambridge English Qualifications &#8211; Preparation Centre[\/vc_custom_heading][vc_column_text css_animation=&#8221;left-t-right&#8221; animation_speed=&#8221;600&#8243; animation_delay=&#8221;400&#8243;]Nasza szko\u0142a posiada status Centrum Przygotowuj\u0105cego do egzamin\u00f3w Cambridge English Qualification i jest partnerem Autoryzowanego Centrum Egzaminacyjnego Cambridge English PL277 umo\u017cliwiaj\u0105c uzyskanie renomowanych, uznawanych na ca\u0142ym \u015bwiecie certyfikat\u00f3w znajomo\u015bci j\u0119zyka angielskiego.[\/vc_column_text][\/vc_column_inner][vc_column_inner width=&#8221;1\/3&#8243;][vc_empty_space empty_h=&#8221;2&#8243;][vc_single_image media=&#8221;4334&#8243; media_width_percent=&#8221;100&#8243;][\/vc_column_inner][\/vc_row_inner][vc_row_inner][vc_column_inner width=&#8221;1\/1&#8243;][vc_custom_heading heading_semantic=&#8221;h4&#8243; text_size=&#8221;h4&#8243; separator=&#8221;yes&#8221;]Plac\u00f3wka o\u015bwiatowa[\/vc_custom_heading][vc_column_text css_animation=&#8221;left-t-right&#8221; animation_speed=&#8221;600&#8243; animation_delay=&#8221;400&#8243;]Szko\u0142a J\u0119zykowa International House jest plac\u00f3wk\u0105 o\u015bwiatow\u0105 wpisan\u0105 do ewidencji szk\u00f3\u0142 i plac\u00f3wek niepublicznych prowadzonej przez Miasto Bielsko-Bia\u0142a.[\/vc_column_text][\/vc_column_inner][\/vc_row_inner][vc_custom_heading heading_semantic=&#8221;h4&#8243; text_size=&#8221;h4&#8243; separator=&#8221;yes&#8221;]Szko\u0142a International House jest Organem Prowadz\u0105cym<\/p>\n<p>Przedszkole Angloj\u0119zyczne &#8222;First Steps&#8221; oraz Dwuj\u0119zyczn\u0105 Szko\u0142\u0119 Podstawow\u0105 &#8222;Primary Steps&#8221;[\/vc_custom_heading][vc_row_inner][vc_column_inner width=&#8221;1\/2&#8243;][vc_column_text css_animation=&#8221;left-t-right&#8221; animation_speed=&#8221;600&#8243; animation_delay=&#8221;400&#8243;]Od 2002 roku prowadzimy jedyne na Podbeskidziu Angloj\u0119zyczne Przedszkole &#8222;First Steps&#8221;, w kt\u00f3rym zaj\u0119cia prowadzone s\u0105 w j\u0119zyku angielskim przez wykwalifikowan\u0105 kadr\u0119 angloj\u0119zyczn\u0105 i polsk\u0105. Nasza propozycja skierowana jest do rodzic\u00f3w, kt\u00f3rzy chc\u0105, by ich dzieci jak najwcze\u015bniej podj\u0119\u0142y nauk\u0119 j\u0119zyka angielskiego &#8211; w spos\u00f3b, kt\u00f3ry nie stanowi nadmiernego obci\u0105\u017cenia i oparty jest na zabawie.[\/vc_column_text][vc_single_image media=&#8221;97&#8243; media_width_percent=&#8221;30&#8243; css_animation=&#8221;bottom-t-top&#8221; animation_speed=&#8221;600&#8243; animation_delay=&#8221;500&#8243; media_link=&#8221;url:https%3A%2F%2Fwww.przedszkole.anglojezyczne.pl%2F|||&#8221;][\/vc_column_inner][vc_column_inner width=&#8221;1\/2&#8243;][vc_column_text css_animation=&#8221;right-t-left&#8221; animation_speed=&#8221;600&#8243; animation_delay=&#8221;400&#8243;]Dwuj\u0119zyczna Szko\u0142a Podstawowa \u201ePrimary Steps\u201d powsta\u0142a z my\u015bl\u0105 o zapewnieniu naturalnej kontynuacji edukacji dwuj\u0119zycznej, prowadzonej od 2001 roku w Przedszkolu Angloj\u0119zycznym \u201eFirst Steps\u201d. Stanowi propozycj\u0119 zar\u00f3wno dla wychowank\u00f3w naszego przedszkola, jak i uczni\u00f3w nie znaj\u0105cych j\u0119zyka angielskiego, a kt\u00f3rych rodzice chcieliby, aby ich pociechy uczone by\u0142y dwuj\u0119zycznie.[\/vc_column_text][vc_single_image media=&#8221;951&#8243; media_width_percent=&#8221;20&#8243; css_animation=&#8221;bottom-t-top&#8221; animation_speed=&#8221;600&#8243; animation_delay=&#8221;500&#8243; media_link=&#8221;url:https%3A%2F%2Fwww.szkola-anglojezyczna.pl%2F|||&#8221;][\/vc_column_inner][\/vc_row_inner][\/vc_column][\/vc_row]<\/p>\n<\/div>","protected":false},"excerpt":{"rendered":"<p>[vc_row][vc_column width=&#8221;1\/1&#8243;][vc_custom_heading]O szkole[\/vc_custom_heading][vc_custom_heading heading_semantic=&#8221;h4&#8243; text_size=&#8221;h4&#8243; separator=&#8221;yes&#8221;]Renoma[\/vc_custom_heading][vc_row_inner][vc_column_inner width=&#8221;2\/3&#8243;][vc_column_text css_animation=&#8221;left-t-right&#8221; animation_speed=&#8221;600&#8243;]Szko\u0142a IH Bielsko-Bia\u0142a cieszy si\u0119 opini\u0105 jednej z najlepszych szk\u00f3\u0142 w rejonie [&hellip;]<\/p>\n","protected":false},"author":1,"featured_media":0,"parent":0,"menu_order":0,"comment_status":"closed","ping_status":"closed","template":"","meta":{"footnotes":""},"class_list":["post-276","page","type-page","status-publish","hentry"],"yoast_head":"<!-- This site is optimized with the Yoast SEO plugin v26.8 - https:\/\/yoast.com\/product\/yoast-seo-wordpress\/ -->\n<title>O szkole - IH Bielsko - Bia\u0142a<\/title>\n<meta name=\"robots\" content=\"index, follow, max-snippet:-1, max-image-preview:large, max-video-preview:-1\" \/>\n<link rel=\"canonical\" href=\"https:\/\/www.ih.com.pl\/bielsko-biala\/o-szkole\/\" \/>\n<meta property=\"og:locale\" content=\"pl_PL\" \/>\n<meta property=\"og:type\" content=\"article\" \/>\n<meta property=\"og:title\" content=\"O szkole - IH Bielsko - Bia\u0142a\" \/>\n<meta property=\"og:description\" content=\"[vc_row][vc_column width=&#8221;1\/1&#8243;][vc_custom_heading]O szkole[\/vc_custom_heading][vc_custom_heading heading_semantic=&#8221;h4&#8243; text_size=&#8221;h4&#8243; separator=&#8221;yes&#8221;]Renoma[\/vc_custom_heading][vc_row_inner][vc_column_inner width=&#8221;2\/3&#8243;][vc_column_text css_animation=&#8221;left-t-right&#8221; animation_speed=&#8221;600&#8243;]Szko\u0142a IH Bielsko-Bia\u0142a cieszy si\u0119 opini\u0105 jednej z najlepszych szk\u00f3\u0142 w rejonie [&hellip;]\" \/>\n<meta property=\"og:url\" content=\"https:\/\/www.ih.com.pl\/bielsko-biala\/o-szkole\/\" \/>\n<meta property=\"og:site_name\" content=\"IH Bielsko - Bia\u0142a\" \/>\n<meta property=\"article:modified_time\" content=\"2025-02-05T19:19:11+00:00\" \/>\n<meta name=\"twitter:card\" content=\"summary_large_image\" \/>\n<meta name=\"twitter:label1\" content=\"Szacowany czas czytania\" \/>\n\t<meta name=\"twitter:data1\" content=\"4 minuty\" \/>\n<script type=\"application\/ld+json\" class=\"yoast-schema-graph\">{\"@context\":\"https:\/\/schema.org\",\"@graph\":[{\"@type\":\"WebPage\",\"@id\":\"https:\/\/www.ih.com.pl\/bielsko-biala\/o-szkole\/\",\"url\":\"https:\/\/www.ih.com.pl\/bielsko-biala\/o-szkole\/\",\"name\":\"O szkole - IH Bielsko - Bia\u0142a\",\"isPartOf\":{\"@id\":\"https:\/\/www.ih.com.pl\/bielsko-biala\/#website\"},\"datePublished\":\"2019-12-11T10:51:45+00:00\",\"dateModified\":\"2025-02-05T19:19:11+00:00\",\"breadcrumb\":{\"@id\":\"https:\/\/www.ih.com.pl\/bielsko-biala\/o-szkole\/#breadcrumb\"},\"inLanguage\":\"pl-PL\",\"potentialAction\":[{\"@type\":\"ReadAction\",\"target\":[\"https:\/\/www.ih.com.pl\/bielsko-biala\/o-szkole\/\"]}]},{\"@type\":\"BreadcrumbList\",\"@id\":\"https:\/\/www.ih.com.pl\/bielsko-biala\/o-szkole\/#breadcrumb\",\"itemListElement\":[{\"@type\":\"ListItem\",\"position\":1,\"name\":\"Strona g\u0142\u00f3wna\",\"item\":\"https:\/\/www.ih.com.pl\/bielsko-biala\/\"},{\"@type\":\"ListItem\",\"position\":2,\"name\":\"O szkole\"}]},{\"@type\":\"WebSite\",\"@id\":\"https:\/\/www.ih.com.pl\/bielsko-biala\/#website\",\"url\":\"https:\/\/www.ih.com.pl\/bielsko-biala\/\",\"name\":\"IH Bielsko - Bia\u0142a\",\"description\":\"\",\"potentialAction\":[{\"@type\":\"SearchAction\",\"target\":{\"@type\":\"EntryPoint\",\"urlTemplate\":\"https:\/\/www.ih.com.pl\/bielsko-biala\/?s={search_term_string}\"},\"query-input\":{\"@type\":\"PropertyValueSpecification\",\"valueRequired\":true,\"valueName\":\"search_term_string\"}}],\"inLanguage\":\"pl-PL\"}]}<\/script>\n<!-- \/ Yoast SEO plugin. -->","yoast_head_json":{"title":"O szkole - IH Bielsko - Bia\u0142a","robots":{"index":"index","follow":"follow","max-snippet":"max-snippet:-1","max-image-preview":"max-image-preview:large","max-video-preview":"max-video-preview:-1"},"canonical":"https:\/\/www.ih.com.pl\/bielsko-biala\/o-szkole\/","og_locale":"pl_PL","og_type":"article","og_title":"O szkole - IH Bielsko - Bia\u0142a","og_description":"[vc_row][vc_column width=&#8221;1\/1&#8243;][vc_custom_heading]O szkole[\/vc_custom_heading][vc_custom_heading heading_semantic=&#8221;h4&#8243; text_size=&#8221;h4&#8243; separator=&#8221;yes&#8221;]Renoma[\/vc_custom_heading][vc_row_inner][vc_column_inner width=&#8221;2\/3&#8243;][vc_column_text css_animation=&#8221;left-t-right&#8221; animation_speed=&#8221;600&#8243;]Szko\u0142a IH Bielsko-Bia\u0142a cieszy si\u0119 opini\u0105 jednej z najlepszych szk\u00f3\u0142 w rejonie [&hellip;]","og_url":"https:\/\/www.ih.com.pl\/bielsko-biala\/o-szkole\/","og_site_name":"IH Bielsko - Bia\u0142a","article_modified_time":"2025-02-05T19:19:11+00:00","twitter_card":"summary_large_image","twitter_misc":{"Szacowany czas czytania":"4 minuty"},"schema":{"@context":"https:\/\/schema.org","@graph":[{"@type":"WebPage","@id":"https:\/\/www.ih.com.pl\/bielsko-biala\/o-szkole\/","url":"https:\/\/www.ih.com.pl\/bielsko-biala\/o-szkole\/","name":"O szkole - IH Bielsko - Bia\u0142a","isPartOf":{"@id":"https:\/\/www.ih.com.pl\/bielsko-biala\/#website"},"datePublished":"2019-12-11T10:51:45+00:00","dateModified":"2025-02-05T19:19:11+00:00","breadcrumb":{"@id":"https:\/\/www.ih.com.pl\/bielsko-biala\/o-szkole\/#breadcrumb"},"inLanguage":"pl-PL","potentialAction":[{"@type":"ReadAction","target":["https:\/\/www.ih.com.pl\/bielsko-biala\/o-szkole\/"]}]},{"@type":"BreadcrumbList","@id":"https:\/\/www.ih.com.pl\/bielsko-biala\/o-szkole\/#breadcrumb","itemListElement":[{"@type":"ListItem","position":1,"name":"Strona g\u0142\u00f3wna","item":"https:\/\/www.ih.com.pl\/bielsko-biala\/"},{"@type":"ListItem","position":2,"name":"O szkole"}]},{"@type":"WebSite","@id":"https:\/\/www.ih.com.pl\/bielsko-biala\/#website","url":"https:\/\/www.ih.com.pl\/bielsko-biala\/","name":"IH Bielsko - Bia\u0142a","description":"","potentialAction":[{"@type":"SearchAction","target":{"@type":"EntryPoint","urlTemplate":"https:\/\/www.ih.com.pl\/bielsko-biala\/?s={search_term_string}"},"query-input":{"@type":"PropertyValueSpecification","valueRequired":true,"valueName":"search_term_string"}}],"inLanguage":"pl-PL"}]}},"_links":{"self":[{"href":"https:\/\/www.ih.com.pl\/bielsko-biala\/wp-json\/wp\/v2\/pages\/276","targetHints":{"allow":["GET"]}}],"collection":[{"href":"https:\/\/www.ih.com.pl\/bielsko-biala\/wp-json\/wp\/v2\/pages"}],"about":[{"href":"https:\/\/www.ih.com.pl\/bielsko-biala\/wp-json\/wp\/v2\/types\/page"}],"author":[{"embeddable":true,"href":"https:\/\/www.ih.com.pl\/bielsko-biala\/wp-json\/wp\/v2\/users\/1"}],"replies":[{"embeddable":true,"href":"https:\/\/www.ih.com.pl\/bielsko-biala\/wp-json\/wp\/v2\/comments?post=276"}],"version-history":[{"count":51,"href":"https:\/\/www.ih.com.pl\/bielsko-biala\/wp-json\/wp\/v2\/pages\/276\/revisions"}],"predecessor-version":[{"id":5014,"href":"https:\/\/www.ih.com.pl\/bielsko-biala\/wp-json\/wp\/v2\/pages\/276\/revisions\/5014"}],"wp:attachment":[{"href":"https:\/\/www.ih.com.pl\/bielsko-biala\/wp-json\/wp\/v2\/media?parent=276"}],"curies":[{"name":"wp","href":"https:\/\/api.w.org\/{rel}","templated":true}]}}