{"id":284,"date":"2019-12-11T12:05:56","date_gmt":"2019-12-11T11:05:56","guid":{"rendered":"https:\/\/ih.wizjanet.pl\/bielsko-biala\/?page_id=284"},"modified":"2020-02-28T13:23:47","modified_gmt":"2020-02-28T12:23:47","slug":"metoda-ih","status":"publish","type":"page","link":"https:\/\/www.ih.com.pl\/bielsko-biala\/metoda-ih\/","title":{"rendered":"Metoda IH"},"content":{"rendered":"<div class=\"wpb-content-wrapper\"><p>[vc_row][vc_column width=&#8221;1\/1&#8243;][vc_custom_heading]Metoda IH[\/vc_custom_heading][\/vc_column][\/vc_row][vc_row][vc_column column_width_percent=&#8221;100&#8243; gutter_size=&#8221;3&#8243; back_color=&#8221;color-gyho&#8221; overlay_alpha=&#8221;50&#8243; shift_x=&#8221;0&#8243; shift_y=&#8221;0&#8243; shift_y_down=&#8221;0&#8243; z_index=&#8221;0&#8243; medium_width=&#8221;0&#8243; mobile_width=&#8221;0&#8243; width=&#8221;1\/1&#8243;][vc_custom_heading heading_semantic=&#8221;h5&#8243; text_size=&#8221;h5&#8243; text_color=&#8221;color-210407&#8243;]Uczymy metod\u0105 IH, kt\u00f3ra, kiedy\u015b innowacyjna i w\u0142a\u015bciwie jedyna, zosta\u0142a spopularyzowana przez kursy metodyczne CELTA i dzi\u015b jest sprawdzon\u0105 podstaw\u0105 wi\u0119kszo\u015bci kurs\u00f3w j\u0119zyka angielskiego na \u015bwiecie.[\/vc_custom_heading][\/vc_column][\/vc_row][vc_row][vc_column column_width_percent=&#8221;100&#8243; position_vertical=&#8221;middle&#8221; gutter_size=&#8221;3&#8243; overlay_alpha=&#8221;50&#8243; shift_x=&#8221;0&#8243; shift_y=&#8221;0&#8243; shift_y_down=&#8221;0&#8243; z_index=&#8221;0&#8243; medium_width=&#8221;0&#8243; mobile_width=&#8221;0&#8243; width=&#8221;1\/6&#8243;][vc_single_image media=&#8221;985&#8243; media_width_percent=&#8221;30&#8243; alignment=&#8221;center&#8221; css_animation=&#8221;left-t-right&#8221;][\/vc_column][vc_column width=&#8221;5\/6&#8243;][vc_column_text]Jednym z podstawowych element\u00f3w metody IH\/CELTA jest tzw. <strong>\u201epodej\u015bcie komunikatywne\u201d<\/strong>, k\u0142ad\u0105ce nacisk na umiej\u0119tno\u015b\u0107 swobodnego porozumiewania si\u0119, przy jednoczesnym rozwijaniu umiej\u0119tno\u015bci pisania, czytania a tak\u017ce praktycznego stosowania zasad gramatycznych.[\/vc_column_text][\/vc_column][\/vc_row][vc_row row_height_percent=&#8221;0&#8243; overlay_alpha=&#8221;50&#8243; equal_height=&#8221;yes&#8221; gutter_size=&#8221;3&#8243; column_width_percent=&#8221;100&#8243; shift_y=&#8221;0&#8243; z_index=&#8221;0&#8243; shape_dividers=&#8221;&#8221;][vc_column column_width_percent=&#8221;100&#8243; position_vertical=&#8221;middle&#8221; gutter_size=&#8221;3&#8243; overlay_alpha=&#8221;50&#8243; shift_x=&#8221;0&#8243; shift_y=&#8221;0&#8243; shift_y_down=&#8221;0&#8243; z_index=&#8221;0&#8243; medium_width=&#8221;0&#8243; mobile_width=&#8221;0&#8243; width=&#8221;1\/6&#8243;][vc_single_image media=&#8221;985&#8243; media_width_percent=&#8221;30&#8243; alignment=&#8221;center&#8221; css_animation=&#8221;left-t-right&#8221; animation_delay=&#8221;400&#8243;][\/vc_column][vc_column column_width_percent=&#8221;100&#8243; gutter_size=&#8221;3&#8243; back_color=&#8221;color-gyho&#8221; overlay_alpha=&#8221;50&#8243; shift_x=&#8221;0&#8243; shift_y=&#8221;0&#8243; shift_y_down=&#8221;0&#8243; z_index=&#8221;0&#8243; medium_width=&#8221;0&#8243; mobile_width=&#8221;0&#8243; width=&#8221;5\/6&#8243;][vc_column_text]Zaj\u0119cia prowadzimy <strong>w niedu\u017cych grupach, jednolitych pod wzgl\u0119dem zaawansowania i wieku<\/strong>. Kwalifikacje do grup odbywaj\u0105 si\u0119 na podstawie wyniku uzyskanego na te\u015bcie i w trakcie rozmowy kwalifikacyjnej.[\/vc_column_text][\/vc_column][\/vc_row][vc_row][vc_column column_width_percent=&#8221;100&#8243; position_vertical=&#8221;middle&#8221; gutter_size=&#8221;3&#8243; overlay_alpha=&#8221;50&#8243; shift_x=&#8221;0&#8243; shift_y=&#8221;0&#8243; shift_y_down=&#8221;0&#8243; z_index=&#8221;0&#8243; medium_width=&#8221;0&#8243; mobile_width=&#8221;0&#8243; width=&#8221;1\/6&#8243;][vc_single_image media=&#8221;985&#8243; media_width_percent=&#8221;30&#8243; alignment=&#8221;center&#8221; css_animation=&#8221;left-t-right&#8221;][\/vc_column][vc_column width=&#8221;5\/6&#8243;][vc_column_text]Ju\u017c od pierwszej lekcji nauka przebiega wy\u0142\u0105cznie po angielsku. Najcz\u0119\u015bciej jest to wynikiem narodowo\u015bci lektora, jednak zasada ta obowi\u0105zuje r\u00f3wnie\u017c lektor\u00f3w polskich. Nie \u201et\u0142umaczymy\u201d na j\u0119zyk angielski. <strong>Stosujemy j\u0119zyk angielski w naturalny spos\u00f3b, komunikuj\u0105c si\u0119<\/strong>. Gramatyka jest traktowana jako \u015brodek, a nie cel. Nacisk na gramatyk\u0119 k\u0142adziemy szczeg\u00f3lnie w grupach przygotowuj\u0105cych do egzamin\u00f3w.[\/vc_column_text][\/vc_column][\/vc_row][vc_row][vc_column column_width_percent=&#8221;100&#8243; position_vertical=&#8221;middle&#8221; gutter_size=&#8221;3&#8243; overlay_alpha=&#8221;50&#8243; shift_x=&#8221;0&#8243; shift_y=&#8221;0&#8243; shift_y_down=&#8221;0&#8243; z_index=&#8221;0&#8243; medium_width=&#8221;0&#8243; mobile_width=&#8221;0&#8243; width=&#8221;1\/6&#8243;][vc_single_image media=&#8221;985&#8243; media_width_percent=&#8221;30&#8243; alignment=&#8221;center&#8221; css_animation=&#8221;left-t-right&#8221;][\/vc_column][vc_column column_width_percent=&#8221;100&#8243; gutter_size=&#8221;3&#8243; back_color=&#8221;color-gyho&#8221; overlay_alpha=&#8221;50&#8243; shift_x=&#8221;0&#8243; shift_y=&#8221;0&#8243; shift_y_down=&#8221;0&#8243; z_index=&#8221;0&#8243; medium_width=&#8221;0&#8243; mobile_width=&#8221;0&#8243; width=&#8221;5\/6&#8243;][vc_column_text]W grupach pocz\u0105tkuj\u0105cych stosujemy po\u0142\u0105czenie szeregu technik metodycznych umo\u017cliwiaj\u0105cych realizacj\u0119 zasady \u201ewy\u0142\u0105czno\u015bci angielskiego\u201d i podej\u015bcia komunikatywnego. Wykorzystywane s\u0105 obrazki i prawdziwe obiekty, muzyka i piosenki, elementy strategii \u201ekinaesthetic learning\u201d, mini-scenki, gry i zabawy edukacyjne, w tym zabawy ruchowe w m\u0142odszych grupach. Zaj\u0119cia s\u0105 wspomagane elementami wykorzystania komputer\u00f3w oraz tablic interaktywnych i podr\u0119cznik\u00f3w cyfrowych. <strong>Pozwala to szybko i bezstresowo prze\u0142ama\u0107 barier\u0119 j\u0119zykow\u0105.<\/strong> Radz\u0105 sobie z tym doskonale zar\u00f3wno dzieci, jak i pozosta\u0142e grupy wiekowe.[\/vc_column_text][\/vc_column][\/vc_row][vc_row][vc_column column_width_percent=&#8221;100&#8243; position_vertical=&#8221;middle&#8221; gutter_size=&#8221;3&#8243; overlay_alpha=&#8221;50&#8243; shift_x=&#8221;0&#8243; shift_y=&#8221;0&#8243; shift_y_down=&#8221;0&#8243; z_index=&#8221;0&#8243; medium_width=&#8221;0&#8243; mobile_width=&#8221;0&#8243; width=&#8221;1\/6&#8243;][vc_single_image media=&#8221;985&#8243; media_width_percent=&#8221;30&#8243; alignment=&#8221;center&#8221; css_animation=&#8221;left-t-right&#8221;][\/vc_column][vc_column width=&#8221;5\/6&#8243;][vc_column_text]Wykorzystujemy proste elementy technik teatralnych: nauczyciel stosuje techniki pantomimiczne, rysuje i ilustruje s\u0142owa gestami. Odgrywane s\u0105 mini-scenki, tworzy si\u0119 tr\u00f3jwymiarowy kontekst, w kt\u00f3rym \u0142atwo osadza si\u0119 konkretne zastosowania. <strong>Zapami\u0119tuj\u0105c dane wyra\u017cenie, b\u0119dziesz kojarzy\u0142 je z obrazem, gestem, okoliczno\u015bciami, uczuciami i emocjami,<\/strong> a po kr\u00f3tkim czasie \u2013 z komentarzem opartym na ju\u017c znanych, angielskich s\u0142owach.[\/vc_column_text][\/vc_column][\/vc_row][vc_row][vc_column column_width_percent=&#8221;100&#8243; position_vertical=&#8221;middle&#8221; gutter_size=&#8221;3&#8243; overlay_alpha=&#8221;50&#8243; shift_x=&#8221;0&#8243; shift_y=&#8221;0&#8243; shift_y_down=&#8221;0&#8243; z_index=&#8221;0&#8243; medium_width=&#8221;0&#8243; mobile_width=&#8221;0&#8243; width=&#8221;1\/6&#8243;][vc_single_image media=&#8221;985&#8243; media_width_percent=&#8221;30&#8243; alignment=&#8221;center&#8221; css_animation=&#8221;left-t-right&#8221;][\/vc_column][vc_column column_width_percent=&#8221;100&#8243; gutter_size=&#8221;3&#8243; back_color=&#8221;color-gyho&#8221; overlay_alpha=&#8221;50&#8243; shift_x=&#8221;0&#8243; shift_y=&#8221;0&#8243; shift_y_down=&#8221;0&#8243; z_index=&#8221;0&#8243; medium_width=&#8221;0&#8243; mobile_width=&#8221;0&#8243; width=&#8221;5\/6&#8243;][vc_column_text]Na nieco wy\u017cszych poziomach, opr\u00f3cz podr\u0119cznik\u00f3w, nauczyciele wykorzystuj\u0105 teksty prasowe, radiowe, telewizyjne, materia\u0142y video, piosenki, nowoczesne technologie &#8211; takie jak <strong>tablice interaktywne i podr\u0119czniki cyfrowe<\/strong> &#8211; oraz oczywi\u015bcie mo\u017cliwo\u015bci oferowane przez komputer i internet.[\/vc_column_text][\/vc_column][\/vc_row][vc_row][vc_column column_width_percent=&#8221;100&#8243; position_vertical=&#8221;middle&#8221; gutter_size=&#8221;3&#8243; overlay_alpha=&#8221;50&#8243; shift_x=&#8221;0&#8243; shift_y=&#8221;0&#8243; shift_y_down=&#8221;0&#8243; z_index=&#8221;0&#8243; medium_width=&#8221;0&#8243; mobile_width=&#8221;0&#8243; width=&#8221;1\/6&#8243;][vc_single_image media=&#8221;985&#8243; media_width_percent=&#8221;30&#8243; alignment=&#8221;center&#8221; css_animation=&#8221;left-t-right&#8221;][\/vc_column][vc_column width=&#8221;5\/6&#8243;][vc_column_text]Na ka\u017cdym poziomie zaawansowania i w ka\u017cdej grupie wiekowej <strong>wa\u017cnym za\u0142o\u017ceniem naszej metody jest aktywny udzia\u0142 s\u0142uchaczy<\/strong>. Ich potrzeby wynikaj\u0105ce z wieku, charakteru, zainteresowa\u0144 oraz celu nauki okre\u015blaj\u0105 tematyk\u0119 i charakter zaj\u0119\u0107, dob\u00f3r materia\u0142\u00f3w oraz technik nauczania.[\/vc_column_text][\/vc_column][\/vc_row][vc_row][vc_column column_width_percent=&#8221;100&#8243; position_vertical=&#8221;middle&#8221; gutter_size=&#8221;3&#8243; overlay_alpha=&#8221;50&#8243; shift_x=&#8221;0&#8243; shift_y=&#8221;0&#8243; shift_y_down=&#8221;0&#8243; z_index=&#8221;0&#8243; medium_width=&#8221;0&#8243; mobile_width=&#8221;0&#8243; width=&#8221;1\/6&#8243;][vc_single_image media=&#8221;985&#8243; media_width_percent=&#8221;30&#8243; alignment=&#8221;center&#8221; css_animation=&#8221;left-t-right&#8221;][\/vc_column][vc_column column_width_percent=&#8221;100&#8243; gutter_size=&#8221;3&#8243; back_color=&#8221;color-gyho&#8221; overlay_alpha=&#8221;50&#8243; shift_x=&#8221;0&#8243; shift_y=&#8221;0&#8243; shift_y_down=&#8221;0&#8243; z_index=&#8221;0&#8243; medium_width=&#8221;0&#8243; mobile_width=&#8221;0&#8243; width=&#8221;5\/6&#8243;][vc_column_text]Niezale\u017cnie od poziomu zaawansowania, <strong>uczni\u00f3w zach\u0119ca si\u0119 i mobilizuje do wypowiadania si\u0119 po angielsku<\/strong>. Nie chodzi bowiem o to, aby zacz\u0105\u0107 m\u00f3wi\u0107 dopiero wtedy, gdy ju\u017c pozna si\u0119 wszystkie regu\u0142y i zasady. Bezb\u0142\u0119dno\u015b\u0107 wypowiedzi jest oczywi\u015bcie wa\u017cna, lecz aby j\u0105 osi\u0105gn\u0105\u0107, trzeba nabra\u0107 wprawy, nie przejmowa\u0107 si\u0119 potkni\u0119ciami, patrze\u0107 na siebie nie przez pryzmat tego, w czym jeszcze nie jeste\u015bmy doskonali, lecz tego, co uda\u0142o si\u0119 nam ju\u017c osi\u0105gn\u0105\u0107. W IH \u0142atwo prze\u0142amiesz barier\u0119 j\u0119zykow\u0105.[\/vc_column_text][\/vc_column][\/vc_row][vc_row][vc_column column_width_percent=&#8221;100&#8243; position_vertical=&#8221;middle&#8221; gutter_size=&#8221;3&#8243; overlay_alpha=&#8221;50&#8243; shift_x=&#8221;0&#8243; shift_y=&#8221;0&#8243; shift_y_down=&#8221;0&#8243; z_index=&#8221;0&#8243; medium_width=&#8221;0&#8243; mobile_width=&#8221;0&#8243; width=&#8221;1\/6&#8243;][vc_single_image media=&#8221;985&#8243; media_width_percent=&#8221;30&#8243; alignment=&#8221;center&#8221; css_animation=&#8221;left-t-right&#8221;][\/vc_column][vc_column width=&#8221;5\/6&#8243;][vc_column_text]Relacja mi\u0119dzy uczniem i nauczycielem oparta jest o wzajemn\u0105 \u017cyczliwo\u015b\u0107, zrozumienie i szacunek. <strong>Zadaniem nauczyciela jest zaprzyja\u017ani\u0107 ucznia z j\u0119zykiem<\/strong> i zach\u0119ci\u0107 do jego poznawania. Osi\u0105ga to r\u00f3wnie\u017c poprzez stworzenie jak najlepszej atmosfery zaj\u0119\u0107, konsekwentnie skupionej na celu edukacyjnym.[\/vc_column_text][\/vc_column][\/vc_row][vc_row][vc_column column_width_percent=&#8221;100&#8243; position_vertical=&#8221;middle&#8221; gutter_size=&#8221;3&#8243; overlay_alpha=&#8221;50&#8243; shift_x=&#8221;0&#8243; shift_y=&#8221;0&#8243; shift_y_down=&#8221;0&#8243; z_index=&#8221;0&#8243; medium_width=&#8221;0&#8243; mobile_width=&#8221;0&#8243; width=&#8221;1\/6&#8243;][vc_single_image media=&#8221;985&#8243; media_width_percent=&#8221;30&#8243; alignment=&#8221;center&#8221; css_animation=&#8221;left-t-right&#8221;][\/vc_column][vc_column column_width_percent=&#8221;100&#8243; gutter_size=&#8221;3&#8243; back_color=&#8221;color-gyho&#8221; overlay_alpha=&#8221;50&#8243; shift_x=&#8221;0&#8243; shift_y=&#8221;0&#8243; shift_y_down=&#8221;0&#8243; z_index=&#8221;0&#8243; medium_width=&#8221;0&#8243; mobile_width=&#8221;0&#8243; width=&#8221;5\/6&#8243;][vc_column_text]<strong>Uzupe\u0142nieniem zaj\u0119\u0107 lekcyjnych s\u0105 oferowane przez nas kluby dyskusyjne, kluby dla dzieci oraz kluby egzaminacyjne<\/strong>, kt\u00f3re tworz\u0105 dodatkow\u0105 p\u0142aszczyzn\u0119 zastosowania j\u0119zyka angielskiego. Dodatkowo, w sytuacji, gdy pojawia si\u0119 trudno\u015b\u0107, lub trzeba nadrobi\u0107 zaleg\u0142o\u015bci, mo\u017cna skorzysta\u0107 z indywidualnych konsultacji z nauczycielem, tzw. Help Clubs.[\/vc_column_text][\/vc_column][\/vc_row]<\/p>\n<\/div>","protected":false},"excerpt":{"rendered":"<p>[vc_row][vc_column width=&#8221;1\/1&#8243;][vc_custom_heading]Metoda IH[\/vc_custom_heading][\/vc_column][\/vc_row][vc_row][vc_column column_width_percent=&#8221;100&#8243; gutter_size=&#8221;3&#8243; back_color=&#8221;color-gyho&#8221; overlay_alpha=&#8221;50&#8243; shift_x=&#8221;0&#8243; shift_y=&#8221;0&#8243; shift_y_down=&#8221;0&#8243; z_index=&#8221;0&#8243; medium_width=&#8221;0&#8243; mobile_width=&#8221;0&#8243; width=&#8221;1\/1&#8243;][vc_custom_heading heading_semantic=&#8221;h5&#8243; text_size=&#8221;h5&#8243; text_color=&#8221;color-210407&#8243;]Uczymy metod\u0105 IH, kt\u00f3ra, [&hellip;]<\/p>\n","protected":false},"author":1,"featured_media":0,"parent":0,"menu_order":0,"comment_status":"closed","ping_status":"closed","template":"","meta":{"footnotes":""},"class_list":["post-284","page","type-page","status-publish","hentry"],"yoast_head":"<!-- This site is optimized with the Yoast SEO plugin v26.8 - https:\/\/yoast.com\/product\/yoast-seo-wordpress\/ -->\n<title>Metoda IH - IH Bielsko - Bia\u0142a<\/title>\n<meta name=\"robots\" content=\"index, follow, max-snippet:-1, max-image-preview:large, max-video-preview:-1\" \/>\n<link rel=\"canonical\" href=\"https:\/\/www.ih.com.pl\/bielsko-biala\/metoda-ih\/\" \/>\n<meta property=\"og:locale\" content=\"pl_PL\" \/>\n<meta property=\"og:type\" content=\"article\" \/>\n<meta property=\"og:title\" content=\"Metoda IH - IH Bielsko - Bia\u0142a\" \/>\n<meta property=\"og:description\" content=\"[vc_row][vc_column width=&#8221;1\/1&#8243;][vc_custom_heading]Metoda IH[\/vc_custom_heading][\/vc_column][\/vc_row][vc_row][vc_column column_width_percent=&#8221;100&#8243; gutter_size=&#8221;3&#8243; back_color=&#8221;color-gyho&#8221; overlay_alpha=&#8221;50&#8243; shift_x=&#8221;0&#8243; shift_y=&#8221;0&#8243; shift_y_down=&#8221;0&#8243; z_index=&#8221;0&#8243; medium_width=&#8221;0&#8243; mobile_width=&#8221;0&#8243; width=&#8221;1\/1&#8243;][vc_custom_heading heading_semantic=&#8221;h5&#8243; text_size=&#8221;h5&#8243; text_color=&#8221;color-210407&#8243;]Uczymy metod\u0105 IH, kt\u00f3ra, [&hellip;]\" \/>\n<meta property=\"og:url\" content=\"https:\/\/www.ih.com.pl\/bielsko-biala\/metoda-ih\/\" \/>\n<meta property=\"og:site_name\" content=\"IH Bielsko - Bia\u0142a\" \/>\n<meta property=\"article:modified_time\" content=\"2020-02-28T12:23:47+00:00\" \/>\n<meta name=\"twitter:card\" content=\"summary_large_image\" \/>\n<meta name=\"twitter:label1\" content=\"Szacowany czas czytania\" \/>\n\t<meta name=\"twitter:data1\" content=\"7 minut\" \/>\n<script type=\"application\/ld+json\" class=\"yoast-schema-graph\">{\"@context\":\"https:\/\/schema.org\",\"@graph\":[{\"@type\":\"WebPage\",\"@id\":\"https:\/\/www.ih.com.pl\/bielsko-biala\/metoda-ih\/\",\"url\":\"https:\/\/www.ih.com.pl\/bielsko-biala\/metoda-ih\/\",\"name\":\"Metoda IH - IH Bielsko - Bia\u0142a\",\"isPartOf\":{\"@id\":\"https:\/\/www.ih.com.pl\/bielsko-biala\/#website\"},\"datePublished\":\"2019-12-11T11:05:56+00:00\",\"dateModified\":\"2020-02-28T12:23:47+00:00\",\"breadcrumb\":{\"@id\":\"https:\/\/www.ih.com.pl\/bielsko-biala\/metoda-ih\/#breadcrumb\"},\"inLanguage\":\"pl-PL\",\"potentialAction\":[{\"@type\":\"ReadAction\",\"target\":[\"https:\/\/www.ih.com.pl\/bielsko-biala\/metoda-ih\/\"]}]},{\"@type\":\"BreadcrumbList\",\"@id\":\"https:\/\/www.ih.com.pl\/bielsko-biala\/metoda-ih\/#breadcrumb\",\"itemListElement\":[{\"@type\":\"ListItem\",\"position\":1,\"name\":\"Strona g\u0142\u00f3wna\",\"item\":\"https:\/\/www.ih.com.pl\/bielsko-biala\/\"},{\"@type\":\"ListItem\",\"position\":2,\"name\":\"Metoda IH\"}]},{\"@type\":\"WebSite\",\"@id\":\"https:\/\/www.ih.com.pl\/bielsko-biala\/#website\",\"url\":\"https:\/\/www.ih.com.pl\/bielsko-biala\/\",\"name\":\"IH Bielsko - Bia\u0142a\",\"description\":\"\",\"potentialAction\":[{\"@type\":\"SearchAction\",\"target\":{\"@type\":\"EntryPoint\",\"urlTemplate\":\"https:\/\/www.ih.com.pl\/bielsko-biala\/?s={search_term_string}\"},\"query-input\":{\"@type\":\"PropertyValueSpecification\",\"valueRequired\":true,\"valueName\":\"search_term_string\"}}],\"inLanguage\":\"pl-PL\"}]}<\/script>\n<!-- \/ Yoast SEO plugin. -->","yoast_head_json":{"title":"Metoda IH - IH Bielsko - Bia\u0142a","robots":{"index":"index","follow":"follow","max-snippet":"max-snippet:-1","max-image-preview":"max-image-preview:large","max-video-preview":"max-video-preview:-1"},"canonical":"https:\/\/www.ih.com.pl\/bielsko-biala\/metoda-ih\/","og_locale":"pl_PL","og_type":"article","og_title":"Metoda IH - IH Bielsko - Bia\u0142a","og_description":"[vc_row][vc_column width=&#8221;1\/1&#8243;][vc_custom_heading]Metoda IH[\/vc_custom_heading][\/vc_column][\/vc_row][vc_row][vc_column column_width_percent=&#8221;100&#8243; gutter_size=&#8221;3&#8243; back_color=&#8221;color-gyho&#8221; overlay_alpha=&#8221;50&#8243; shift_x=&#8221;0&#8243; shift_y=&#8221;0&#8243; shift_y_down=&#8221;0&#8243; z_index=&#8221;0&#8243; medium_width=&#8221;0&#8243; mobile_width=&#8221;0&#8243; width=&#8221;1\/1&#8243;][vc_custom_heading heading_semantic=&#8221;h5&#8243; text_size=&#8221;h5&#8243; text_color=&#8221;color-210407&#8243;]Uczymy metod\u0105 IH, kt\u00f3ra, [&hellip;]","og_url":"https:\/\/www.ih.com.pl\/bielsko-biala\/metoda-ih\/","og_site_name":"IH Bielsko - Bia\u0142a","article_modified_time":"2020-02-28T12:23:47+00:00","twitter_card":"summary_large_image","twitter_misc":{"Szacowany czas czytania":"7 minut"},"schema":{"@context":"https:\/\/schema.org","@graph":[{"@type":"WebPage","@id":"https:\/\/www.ih.com.pl\/bielsko-biala\/metoda-ih\/","url":"https:\/\/www.ih.com.pl\/bielsko-biala\/metoda-ih\/","name":"Metoda IH - IH Bielsko - Bia\u0142a","isPartOf":{"@id":"https:\/\/www.ih.com.pl\/bielsko-biala\/#website"},"datePublished":"2019-12-11T11:05:56+00:00","dateModified":"2020-02-28T12:23:47+00:00","breadcrumb":{"@id":"https:\/\/www.ih.com.pl\/bielsko-biala\/metoda-ih\/#breadcrumb"},"inLanguage":"pl-PL","potentialAction":[{"@type":"ReadAction","target":["https:\/\/www.ih.com.pl\/bielsko-biala\/metoda-ih\/"]}]},{"@type":"BreadcrumbList","@id":"https:\/\/www.ih.com.pl\/bielsko-biala\/metoda-ih\/#breadcrumb","itemListElement":[{"@type":"ListItem","position":1,"name":"Strona g\u0142\u00f3wna","item":"https:\/\/www.ih.com.pl\/bielsko-biala\/"},{"@type":"ListItem","position":2,"name":"Metoda IH"}]},{"@type":"WebSite","@id":"https:\/\/www.ih.com.pl\/bielsko-biala\/#website","url":"https:\/\/www.ih.com.pl\/bielsko-biala\/","name":"IH Bielsko - Bia\u0142a","description":"","potentialAction":[{"@type":"SearchAction","target":{"@type":"EntryPoint","urlTemplate":"https:\/\/www.ih.com.pl\/bielsko-biala\/?s={search_term_string}"},"query-input":{"@type":"PropertyValueSpecification","valueRequired":true,"valueName":"search_term_string"}}],"inLanguage":"pl-PL"}]}},"_links":{"self":[{"href":"https:\/\/www.ih.com.pl\/bielsko-biala\/wp-json\/wp\/v2\/pages\/284","targetHints":{"allow":["GET"]}}],"collection":[{"href":"https:\/\/www.ih.com.pl\/bielsko-biala\/wp-json\/wp\/v2\/pages"}],"about":[{"href":"https:\/\/www.ih.com.pl\/bielsko-biala\/wp-json\/wp\/v2\/types\/page"}],"author":[{"embeddable":true,"href":"https:\/\/www.ih.com.pl\/bielsko-biala\/wp-json\/wp\/v2\/users\/1"}],"replies":[{"embeddable":true,"href":"https:\/\/www.ih.com.pl\/bielsko-biala\/wp-json\/wp\/v2\/comments?post=284"}],"version-history":[{"count":19,"href":"https:\/\/www.ih.com.pl\/bielsko-biala\/wp-json\/wp\/v2\/pages\/284\/revisions"}],"predecessor-version":[{"id":1012,"href":"https:\/\/www.ih.com.pl\/bielsko-biala\/wp-json\/wp\/v2\/pages\/284\/revisions\/1012"}],"wp:attachment":[{"href":"https:\/\/www.ih.com.pl\/bielsko-biala\/wp-json\/wp\/v2\/media?parent=284"}],"curies":[{"name":"wp","href":"https:\/\/api.w.org\/{rel}","templated":true}]}}