{"id":3023,"date":"2022-02-10T19:07:18","date_gmt":"2022-02-10T18:07:18","guid":{"rendered":"https:\/\/www.ih.com.pl\/bielsko-biala\/?page_id=3023"},"modified":"2025-10-29T11:28:17","modified_gmt":"2025-10-29T10:28:17","slug":"bezplatne-warsztaty-dla-maturzystow-i-8-klasistow","status":"publish","type":"page","link":"https:\/\/www.ih.com.pl\/bielsko-biala\/bezplatne-warsztaty-dla-maturzystow-i-8-klasistow\/","title":{"rendered":"Bezp\u0142atne warsztaty dla Maturzyst\u00f3w i 8-klasist\u00f3w"},"content":{"rendered":"<div class=\"wpb-content-wrapper\"><p>[vc_row][vc_column width=&#8221;1\/1&#8243;][vc_custom_heading]Przygotowanie do egzaminu 8-klasisty i Matury[\/vc_custom_heading][\/vc_column][\/vc_row][vc_row][vc_column width=&#8221;1\/2&#8243;][vc_column_text]Naszych s\u0142uchaczy zapraszamy na bezp\u0142atne warsztaty przygotowuj\u0105ce do egzaminu maturalnego i 8-klasisty. Zaj\u0119cia prowadzone s\u0105 zdalnie przez platform\u0119 Zoom ( (dost\u0119p otrzymuj\u0105 osoby, kt\u00f3re zarejestrowa\u0142y si\u0119 przez odpowiedni formularz, kt\u00f3ry udost\u0119pniany jest s\u0142uchaczom na dwa tygodnie przed planowanymi zaj\u0119ciami). Maj\u0105 charakter cyklicznych spotka\u0144 z lektorem, podczas kt\u00f3rych powtarzamy materia\u0142 egzaminacyjny.<br \/>\nOsoby, kt\u00f3re nie s\u0105 s\u0142uchaczami naszej szko\u0142y IH mog\u0105 skorzysta\u0107 z powy\u017cszych warsztat\u00f3w pod warunkiem, \u017ce s\u0105 wolne miejsca. Koszt jednorazowych zaj\u0119\u0107 wynosi 50 z\u0142.[\/vc_column_text][\/vc_column][vc_column width=&#8221;1\/2&#8243;][vc_single_image media=&#8221;2718&#8243; media_width_percent=&#8221;70&#8243;][\/vc_column][\/vc_row][vc_row row_height_percent=&#8221;0&#8243; back_color=&#8221;color-lxmt&#8221; overlay_alpha=&#8221;50&#8243; gutter_size=&#8221;3&#8243; column_width_percent=&#8221;100&#8243; shift_y=&#8221;0&#8243; z_index=&#8221;0&#8243;][vc_column column_width_percent=&#8221;100&#8243; gutter_size=&#8221;3&#8243; overlay_alpha=&#8221;50&#8243; shift_x=&#8221;0&#8243; shift_y=&#8221;0&#8243; shift_y_down=&#8221;0&#8243; z_index=&#8221;0&#8243; medium_width=&#8221;0&#8243; mobile_width=&#8221;0&#8243; width=&#8221;1\/2&#8243;][vc_column_text]Terminy warsztat\u00f3w przygotowuj\u0105cych do egzaminu 8-klasisty:<\/p>\n<p>17.11.2025<\/p>\n<p>01.12.2025<\/p>\n<p>12.01.2026<\/p>\n<p>02.02.2026<\/p>\n<p>02.03.2026<\/p>\n<p>16.03.2026<\/p>\n<p>30.03.2026<\/p>\n<p>27.04.2026[\/vc_column_text][\/vc_column][vc_column width=&#8221;1\/2&#8243;][vc_column_text]Terminy warsztat\u00f3w przygotowuj\u0105cych do matury:<\/p>\n<p>03.11.2025<\/p>\n<p>08.12.2025<\/p>\n<p>26.01.2026<\/p>\n<p>09.02.2026<\/p>\n<p>23.03.2026<\/p>\n<p>20.04.2026[\/vc_column_text][\/vc_column][\/vc_row]<\/p>\n<\/div>","protected":false},"excerpt":{"rendered":"<p>[vc_row][vc_column width=&#8221;1\/1&#8243;][vc_custom_heading]Przygotowanie do egzaminu 8-klasisty i Matury[\/vc_custom_heading][\/vc_column][\/vc_row][vc_row][vc_column width=&#8221;1\/2&#8243;][vc_column_text]Naszych s\u0142uchaczy zapraszamy na bezp\u0142atne warsztaty przygotowuj\u0105ce do egzaminu maturalnego i 8-klasisty. Zaj\u0119cia [&hellip;]<\/p>\n","protected":false},"author":4,"featured_media":0,"parent":0,"menu_order":0,"comment_status":"closed","ping_status":"closed","template":"","meta":{"footnotes":""},"class_list":["post-3023","page","type-page","status-publish","hentry"],"yoast_head":"<!-- This site is optimized with the Yoast SEO plugin v26.8 - https:\/\/yoast.com\/product\/yoast-seo-wordpress\/ -->\n<title>Bezp\u0142atne warsztaty dla Maturzyst\u00f3w i 8-klasist\u00f3w - IH Bielsko - Bia\u0142a<\/title>\n<meta name=\"robots\" content=\"index, follow, max-snippet:-1, max-image-preview:large, max-video-preview:-1\" \/>\n<link rel=\"canonical\" href=\"https:\/\/www.ih.com.pl\/bielsko-biala\/bezplatne-warsztaty-dla-maturzystow-i-8-klasistow\/\" \/>\n<meta property=\"og:locale\" content=\"pl_PL\" \/>\n<meta property=\"og:type\" content=\"article\" \/>\n<meta property=\"og:title\" content=\"Bezp\u0142atne warsztaty dla Maturzyst\u00f3w i 8-klasist\u00f3w - IH Bielsko - Bia\u0142a\" \/>\n<meta property=\"og:description\" content=\"[vc_row][vc_column width=&#8221;1\/1&#8243;][vc_custom_heading]Przygotowanie do egzaminu 8-klasisty i Matury[\/vc_custom_heading][\/vc_column][\/vc_row][vc_row][vc_column width=&#8221;1\/2&#8243;][vc_column_text]Naszych s\u0142uchaczy zapraszamy na bezp\u0142atne warsztaty przygotowuj\u0105ce do egzaminu maturalnego i 8-klasisty. Zaj\u0119cia [&hellip;]\" \/>\n<meta property=\"og:url\" content=\"https:\/\/www.ih.com.pl\/bielsko-biala\/bezplatne-warsztaty-dla-maturzystow-i-8-klasistow\/\" \/>\n<meta property=\"og:site_name\" content=\"IH Bielsko - Bia\u0142a\" \/>\n<meta property=\"article:modified_time\" content=\"2025-10-29T10:28:17+00:00\" \/>\n<meta name=\"twitter:card\" content=\"summary_large_image\" \/>\n<meta name=\"twitter:label1\" content=\"Szacowany czas czytania\" \/>\n\t<meta name=\"twitter:data1\" content=\"1 minuta\" \/>\n<script type=\"application\/ld+json\" class=\"yoast-schema-graph\">{\"@context\":\"https:\/\/schema.org\",\"@graph\":[{\"@type\":\"WebPage\",\"@id\":\"https:\/\/www.ih.com.pl\/bielsko-biala\/bezplatne-warsztaty-dla-maturzystow-i-8-klasistow\/\",\"url\":\"https:\/\/www.ih.com.pl\/bielsko-biala\/bezplatne-warsztaty-dla-maturzystow-i-8-klasistow\/\",\"name\":\"Bezp\u0142atne warsztaty dla Maturzyst\u00f3w i 8-klasist\u00f3w - IH Bielsko - Bia\u0142a\",\"isPartOf\":{\"@id\":\"https:\/\/www.ih.com.pl\/bielsko-biala\/#website\"},\"datePublished\":\"2022-02-10T18:07:18+00:00\",\"dateModified\":\"2025-10-29T10:28:17+00:00\",\"breadcrumb\":{\"@id\":\"https:\/\/www.ih.com.pl\/bielsko-biala\/bezplatne-warsztaty-dla-maturzystow-i-8-klasistow\/#breadcrumb\"},\"inLanguage\":\"pl-PL\",\"potentialAction\":[{\"@type\":\"ReadAction\",\"target\":[\"https:\/\/www.ih.com.pl\/bielsko-biala\/bezplatne-warsztaty-dla-maturzystow-i-8-klasistow\/\"]}]},{\"@type\":\"BreadcrumbList\",\"@id\":\"https:\/\/www.ih.com.pl\/bielsko-biala\/bezplatne-warsztaty-dla-maturzystow-i-8-klasistow\/#breadcrumb\",\"itemListElement\":[{\"@type\":\"ListItem\",\"position\":1,\"name\":\"Strona g\u0142\u00f3wna\",\"item\":\"https:\/\/www.ih.com.pl\/bielsko-biala\/\"},{\"@type\":\"ListItem\",\"position\":2,\"name\":\"Bezp\u0142atne warsztaty dla Maturzyst\u00f3w i 8-klasist\u00f3w\"}]},{\"@type\":\"WebSite\",\"@id\":\"https:\/\/www.ih.com.pl\/bielsko-biala\/#website\",\"url\":\"https:\/\/www.ih.com.pl\/bielsko-biala\/\",\"name\":\"IH Bielsko - Bia\u0142a\",\"description\":\"\",\"potentialAction\":[{\"@type\":\"SearchAction\",\"target\":{\"@type\":\"EntryPoint\",\"urlTemplate\":\"https:\/\/www.ih.com.pl\/bielsko-biala\/?s={search_term_string}\"},\"query-input\":{\"@type\":\"PropertyValueSpecification\",\"valueRequired\":true,\"valueName\":\"search_term_string\"}}],\"inLanguage\":\"pl-PL\"}]}<\/script>\n<!-- \/ Yoast SEO plugin. -->","yoast_head_json":{"title":"Bezp\u0142atne warsztaty dla Maturzyst\u00f3w i 8-klasist\u00f3w - IH Bielsko - Bia\u0142a","robots":{"index":"index","follow":"follow","max-snippet":"max-snippet:-1","max-image-preview":"max-image-preview:large","max-video-preview":"max-video-preview:-1"},"canonical":"https:\/\/www.ih.com.pl\/bielsko-biala\/bezplatne-warsztaty-dla-maturzystow-i-8-klasistow\/","og_locale":"pl_PL","og_type":"article","og_title":"Bezp\u0142atne warsztaty dla Maturzyst\u00f3w i 8-klasist\u00f3w - IH Bielsko - Bia\u0142a","og_description":"[vc_row][vc_column width=&#8221;1\/1&#8243;][vc_custom_heading]Przygotowanie do egzaminu 8-klasisty i Matury[\/vc_custom_heading][\/vc_column][\/vc_row][vc_row][vc_column width=&#8221;1\/2&#8243;][vc_column_text]Naszych s\u0142uchaczy zapraszamy na bezp\u0142atne warsztaty przygotowuj\u0105ce do egzaminu maturalnego i 8-klasisty. Zaj\u0119cia [&hellip;]","og_url":"https:\/\/www.ih.com.pl\/bielsko-biala\/bezplatne-warsztaty-dla-maturzystow-i-8-klasistow\/","og_site_name":"IH Bielsko - Bia\u0142a","article_modified_time":"2025-10-29T10:28:17+00:00","twitter_card":"summary_large_image","twitter_misc":{"Szacowany czas czytania":"1 minuta"},"schema":{"@context":"https:\/\/schema.org","@graph":[{"@type":"WebPage","@id":"https:\/\/www.ih.com.pl\/bielsko-biala\/bezplatne-warsztaty-dla-maturzystow-i-8-klasistow\/","url":"https:\/\/www.ih.com.pl\/bielsko-biala\/bezplatne-warsztaty-dla-maturzystow-i-8-klasistow\/","name":"Bezp\u0142atne warsztaty dla Maturzyst\u00f3w i 8-klasist\u00f3w - IH Bielsko - Bia\u0142a","isPartOf":{"@id":"https:\/\/www.ih.com.pl\/bielsko-biala\/#website"},"datePublished":"2022-02-10T18:07:18+00:00","dateModified":"2025-10-29T10:28:17+00:00","breadcrumb":{"@id":"https:\/\/www.ih.com.pl\/bielsko-biala\/bezplatne-warsztaty-dla-maturzystow-i-8-klasistow\/#breadcrumb"},"inLanguage":"pl-PL","potentialAction":[{"@type":"ReadAction","target":["https:\/\/www.ih.com.pl\/bielsko-biala\/bezplatne-warsztaty-dla-maturzystow-i-8-klasistow\/"]}]},{"@type":"BreadcrumbList","@id":"https:\/\/www.ih.com.pl\/bielsko-biala\/bezplatne-warsztaty-dla-maturzystow-i-8-klasistow\/#breadcrumb","itemListElement":[{"@type":"ListItem","position":1,"name":"Strona g\u0142\u00f3wna","item":"https:\/\/www.ih.com.pl\/bielsko-biala\/"},{"@type":"ListItem","position":2,"name":"Bezp\u0142atne warsztaty dla Maturzyst\u00f3w i 8-klasist\u00f3w"}]},{"@type":"WebSite","@id":"https:\/\/www.ih.com.pl\/bielsko-biala\/#website","url":"https:\/\/www.ih.com.pl\/bielsko-biala\/","name":"IH Bielsko - Bia\u0142a","description":"","potentialAction":[{"@type":"SearchAction","target":{"@type":"EntryPoint","urlTemplate":"https:\/\/www.ih.com.pl\/bielsko-biala\/?s={search_term_string}"},"query-input":{"@type":"PropertyValueSpecification","valueRequired":true,"valueName":"search_term_string"}}],"inLanguage":"pl-PL"}]}},"_links":{"self":[{"href":"https:\/\/www.ih.com.pl\/bielsko-biala\/wp-json\/wp\/v2\/pages\/3023","targetHints":{"allow":["GET"]}}],"collection":[{"href":"https:\/\/www.ih.com.pl\/bielsko-biala\/wp-json\/wp\/v2\/pages"}],"about":[{"href":"https:\/\/www.ih.com.pl\/bielsko-biala\/wp-json\/wp\/v2\/types\/page"}],"author":[{"embeddable":true,"href":"https:\/\/www.ih.com.pl\/bielsko-biala\/wp-json\/wp\/v2\/users\/4"}],"replies":[{"embeddable":true,"href":"https:\/\/www.ih.com.pl\/bielsko-biala\/wp-json\/wp\/v2\/comments?post=3023"}],"version-history":[{"count":28,"href":"https:\/\/www.ih.com.pl\/bielsko-biala\/wp-json\/wp\/v2\/pages\/3023\/revisions"}],"predecessor-version":[{"id":5385,"href":"https:\/\/www.ih.com.pl\/bielsko-biala\/wp-json\/wp\/v2\/pages\/3023\/revisions\/5385"}],"wp:attachment":[{"href":"https:\/\/www.ih.com.pl\/bielsko-biala\/wp-json\/wp\/v2\/media?parent=3023"}],"curies":[{"name":"wp","href":"https:\/\/api.w.org\/{rel}","templated":true}]}}