{"id":3426,"date":"2022-05-17T15:42:58","date_gmt":"2022-05-17T13:42:58","guid":{"rendered":"https:\/\/www.ih.com.pl\/bielsko-biala\/?page_id=3426"},"modified":"2022-05-19T16:08:08","modified_gmt":"2022-05-19T14:08:08","slug":"lato-2022","status":"publish","type":"page","link":"https:\/\/www.ih.com.pl\/bielsko-biala\/lato-2022\/","title":{"rendered":"Lato 2022"},"content":{"rendered":"<div class=\"wpb-content-wrapper\"><p>[vc_row][vc_column width=&#8221;1\/1&#8243;][vc_custom_heading text_font=&#8221;font-120118&#8243; text_size=&#8221;bigtext&#8221; text_color=&#8221;color-963377&#8243;]<strong>SUMMER ADVENTURE 2022<\/strong>[\/vc_custom_heading][vc_column_text]Jak co roku zapraszamy na wakacyjne zaj\u0119cia w j\u0119zyku angielskim dla dzieci, m\u0142odzie\u017cy i doros\u0142ych. Startujemy w ostatnim tygodniu czerwca.! Niewa\u017cne, czy znasz angielski, czy nie; czy jeste\u015b du\u017cy, czy ma\u0142y; m\u0142ody, czy starszy; ka\u017cdy znajdzie co\u015b dla siebie![\/vc_column_text][\/vc_column][\/vc_row][vc_row][vc_column width=&#8221;1\/2&#8243;][vc_custom_heading text_size=&#8221;h4&#8243; text_color=&#8221;color-210407&#8243;](Multi)cultural English Workshop[\/vc_custom_heading][vc_column_text]To tygodniowe bloki zaj\u0119\u0107 prowadzonych w j\u0119zyku angielskim dla starszych dzieci w wieku 11-14 lat.<\/p>\n<ul>\n<li>Wielka Brytania, Stany Zjednoczone, Australia i Kanada &#8211; w ka\u017cdym tygodniu inny kraj, lokalna kultura, j\u0119zykowe \u0142amig\u0142\u00f3wki, obyczaje i ciekawostki, o kt\u00f3rych niewielu s\u0142ysza\u0142o<\/li>\n<li>zaj\u0119cia od poniedzia\u0142ku do pi\u0105tku od 9:30 do 11:30 stacjonarnie w budynku szko\u0142y<\/li>\n<li>terminy:<br \/>\n27 czerwiec do 1 lipca,<br \/>\n4 do 8 lipca,<br \/>\n11 do 15 lipca,<br \/>\n18 do 22 lipca,<br \/>\n25 do 29 lipca.<\/li>\n<li>przede wszystkim \u015bwietna zabawa i (multi)kulturalna atmosfera<\/li>\n<li>cena za jeden tydzie\u0144: 359 z\u0142 (rabat 25 z\u0142 na drugi i kolejny tydzie\u0144)<\/li>\n<\/ul>\n<p>Aby zarezerwowa\u0107 miejsce prosimy klikn\u0105\u0107 w link, kt\u00f3ry ode\u015ble do formularza rejestracyjnego <a href=\"https:\/\/forms.gle\/U5E6ZddVERQrUNxa8\" target=\"_blank\" rel=\"noopener noreferrer\">https:\/\/forms.gle\/U5E6ZddVERQrUNxa8<\/a>[\/vc_column_text][\/vc_column][vc_column width=&#8221;1\/2&#8243;][vc_single_image media=&#8221;3436&#8243; media_width_percent=&#8221;100&#8243; shape=&#8221;img-circle&#8221;][\/vc_column][\/vc_row][vc_row][vc_column width=&#8221;1\/1&#8243;][vc_single_image media=&#8221;4&#8243; media_width_percent=&#8221;100&#8243;][\/vc_column][\/vc_row][vc_row][vc_column width=&#8221;1\/2&#8243;][vc_single_image media=&#8221;3439&#8243; media_width_percent=&#8221;100&#8243;][\/vc_column][vc_column width=&#8221;1\/2&#8243;][vc_custom_heading text_size=&#8221;h4&#8243; text_color=&#8221;color-963377&#8243;]Wakacyjne konwersacje dla nastolatk\u00f3w[\/vc_custom_heading][vc_column_text]To tygodniowe bloki konwersacyjne dla m\u0142odzie\u017cy w wieku 13-18 lat pod has\u0142em &#8222;Wrzu\u0107 na luz i rozgadaj si\u0119 po angielsku&#8221;<\/p>\n<ul>\n<li>bardzo ma\u0142e grupy (3-4 osobowe)<\/li>\n<li>zaj\u0119cia od poniedzia\u0142ku do pi\u0105tku od 12:00 do 13:30 stacjonarnie w budynku szko\u0142y<\/li>\n<li>terminy:<br \/>\n27 czerwiec do 1 lipca,<br \/>\n4 do 8 lipca,<br \/>\n11 do 15 lipca,<br \/>\n18 do 22 lipca,<br \/>\n25 do 29 lipca.<\/li>\n<li>cena za jeden tydzie\u0144: 330 z\u0142 (rabat 25 z\u0142 na drugi i kolejny tydzie\u0144)<\/li>\n<\/ul>\n<p>Aby zarezerwowa\u0107 miejsce prosimy klikn\u0105\u0107 w link, kt\u00f3ry ode\u015ble do formularza rejestracyjnego <a href=\"https:\/\/forms.gle\/meVWoLEy85cEAhw56\" target=\"_blank\" rel=\"noopener noreferrer\">https:\/\/forms.gle\/meVWoLEy85cEAhw56<\/a>[\/vc_column_text][\/vc_column][\/vc_row][vc_row][vc_column width=&#8221;1\/1&#8243;][vc_single_image media=&#8221;4&#8243; media_width_percent=&#8221;100&#8243;][\/vc_column][\/vc_row][vc_row][vc_column width=&#8221;1\/2&#8243;][vc_custom_heading text_size=&#8221;h4&#8243; text_color=&#8221;color-210407&#8243;]Wakacyjny trening przed egzaminem \u00f3smoklasisty[\/vc_custom_heading][vc_column_text]To tygodniowe bloki zaj\u0119\u0107 kierowane do \u00f3smoklasist\u00f3w, dla kt\u00f3rych ju\u017c po wakacjach rozpocznie si\u0119 odliczanie do pierwszego, powa\u017cnego egzaminu. Cho\u0107 czasu jest jeszcze sporo, to nie warto odk\u0142ada\u0107 przygotowa\u0144 na ostatni\u0105 chwil\u0119. Podczas zaj\u0119\u0107 przyjrzymy si\u0119 formule egzaminu, przyk\u0142adowym testom, poka\u017cemy jak mo\u017cna w \u0142atwy spos\u00f3b poradzi\u0107 sobie z zagadnieniami, kt\u00f3re z pozoru wygl\u0105daj\u0105 na trudne.<\/p>\n<ul>\n<li>wakacyjna formu\u0142a zaj\u0119\u0107 przy zachowaniu wymog\u00f3w egzaminu<\/li>\n<li>zaj\u0119cia od poniedzia\u0142ku do pi\u0105tku od 14:00 do 15:30 stacjonarnie w budynku szko\u0142y<\/li>\n<li>terminy:<br \/>\n27 czerwiec do 1 lipca,<br \/>\n4 do 8 lipca,<br \/>\n11 do 15 lipca,<br \/>\n18 do 22 lipca,<br \/>\n25 do 29 lipca.<\/li>\n<li>cena za jeden tydzie\u0144: 299 z\u0142 (rabat 25 z\u0142 na drugi i kolejny tydzie\u0144)<\/li>\n<\/ul>\n<p>Aby zarezerwowa\u0107 miejsce prosimy klikn\u0105\u0107 w link, kt\u00f3ry ode\u015ble do formularza rejestracyjnego <a href=\"https:\/\/forms.gle\/qJ3wip8cc69RddrG9\" target=\"_blank\" rel=\"noopener noreferrer\">https:\/\/forms.gle\/qJ3wip8cc69RddrG9<\/a>[\/vc_column_text][\/vc_column][vc_column width=&#8221;1\/2&#8243;][vc_empty_space empty_h=&#8221;3&#8243;][vc_single_image media=&#8221;3441&#8243; media_width_percent=&#8221;100&#8243; shape=&#8221;img-round&#8221;][\/vc_column][\/vc_row][vc_row][vc_column width=&#8221;1\/1&#8243;][vc_single_image media=&#8221;4&#8243; media_width_percent=&#8221;100&#8243;][\/vc_column][\/vc_row][vc_row][vc_column width=&#8221;1\/2&#8243;][vc_single_image media=&#8221;3444&#8243; media_width_percent=&#8221;100&#8243;][\/vc_column][vc_column width=&#8221;1\/2&#8243;][vc_custom_heading text_size=&#8221;h4&#8243; text_color=&#8221;color-963377&#8243;]Letnia rozgrzewka przed matur\u0105[\/vc_custom_heading][vc_column_text]To tygodniowe bloki zaj\u0119\u0107 kierowane do przysz\u0142orocznych maturzyst\u00f3w, bo im wcze\u015bniej tym spokojniej b\u0119dzie p\u00f3\u017aniej! Lato to dobry czas na powt\u00f3rki oraz \u0107wiczenia technik egzaminacyjnych. Bo ka\u017cdy wie, \u017ce trening przynosi rezultaty, gdy jest regularny i dobrze zaplanowany.<\/p>\n<ul>\n<li>zaj\u0119cia od poniedzia\u0142ku do pi\u0105tku od 14:00 do 15:30 stacjonarnie w budynku szko\u0142y<\/li>\n<li>terminy:<br \/>\n27 czerwiec do 1 lipca,<br \/>\n4 do 8 lipca,<br \/>\n11 do 15 lipca,<br \/>\n18 do 22 lipca,<br \/>\n25 do 29 lipca.<\/li>\n<li>cena za jeden tydzie\u0144: 299 z\u0142 (rabat 25 z\u0142 na drugi i kolejny tydzie\u0144)<\/li>\n<\/ul>\n<p>Aby zarezerwowa\u0107 miejsce prosimy klikn\u0105\u0107 w link, kt\u00f3ry ode\u015ble do formularza rejestracyjnego <a href=\"https:\/\/forms.gle\/qJ3wip8cc69RddrG9\" target=\"_blank\" rel=\"noopener noreferrer\">https:\/\/forms.gle\/qJ3wip8cc69RddrG9<\/a>[\/vc_column_text][\/vc_column][\/vc_row][vc_row][vc_column width=&#8221;1\/1&#8243;][vc_single_image media=&#8221;4&#8243; media_width_percent=&#8221;100&#8243;][\/vc_column][\/vc_row][vc_row][vc_column width=&#8221;1\/2&#8243;][vc_custom_heading text_size=&#8221;h4&#8243; text_color=&#8221;color-210407&#8243;]Wakacyjne konwersacje dla doros\u0142ych[\/vc_custom_heading][vc_column_text]To tygodniowe bloki zaj\u0119\u0107 dla os\u00f3b doros\u0142ych, kt\u00f3re chc\u0105 prze\u0142ama\u0107 barier\u0119 j\u0119zykow\u0105 i zacz\u0105\u0107 m\u00f3wi\u0107. To my s\u0142uchamy Was !<\/p>\n<ul>\n<li>zaj\u0119cia od poniedzia\u0142ku do pi\u0105tku od 17:30 do 19:00 zdalnie przez Zooma<\/li>\n<li>terminy:<br \/>\n27 czerwiec do 1 lipca,<br \/>\n4 do 8 lipca,<br \/>\n11 do 15 lipca,<br \/>\n18 do 22 lipca,<br \/>\n25 do 29 lipca.<\/li>\n<li>cena za jeden tydzie\u0144: 249 z\u0142 (rabat 25 z\u0142 na drugi i kolejny tydzie\u0144)<\/li>\n<\/ul>\n<p>Aby zarezerwowa\u0107 miejsce prosimy klikn\u0105\u0107 w link, kt\u00f3ry ode\u015ble do formularza rejestracyjnego <a href=\"https:\/\/forms.gle\/G1cCEvErzrEfkFb77\" target=\"_blank\" rel=\"noopener noreferrer\">https:\/\/forms.gle\/G1cCEvErzrEfkFb77<\/a>[\/vc_column_text][\/vc_column][vc_column width=&#8221;1\/2&#8243;][vc_single_image media=&#8221;3446&#8243; media_width_percent=&#8221;100&#8243; shape=&#8221;img-circle&#8221;][\/vc_column][\/vc_row]<\/p>\n<\/div>","protected":false},"excerpt":{"rendered":"<p>[vc_row][vc_column width=&#8221;1\/1&#8243;][vc_custom_heading text_font=&#8221;font-120118&#8243; text_size=&#8221;bigtext&#8221; text_color=&#8221;color-963377&#8243;]SUMMER ADVENTURE 2022[\/vc_custom_heading][vc_column_text]Jak co roku zapraszamy na wakacyjne zaj\u0119cia w j\u0119zyku angielskim dla dzieci, m\u0142odzie\u017cy i [&hellip;]<\/p>\n","protected":false},"author":4,"featured_media":0,"parent":0,"menu_order":0,"comment_status":"closed","ping_status":"closed","template":"","meta":{"footnotes":""},"class_list":["post-3426","page","type-page","status-publish","hentry"],"yoast_head":"<!-- This site is optimized with the Yoast SEO plugin v26.8 - https:\/\/yoast.com\/product\/yoast-seo-wordpress\/ -->\n<title>Lato 2022 - IH Bielsko - Bia\u0142a<\/title>\n<meta name=\"robots\" content=\"index, follow, max-snippet:-1, max-image-preview:large, max-video-preview:-1\" \/>\n<link rel=\"canonical\" href=\"https:\/\/www.ih.com.pl\/bielsko-biala\/lato-2022\/\" \/>\n<meta property=\"og:locale\" content=\"pl_PL\" \/>\n<meta property=\"og:type\" content=\"article\" \/>\n<meta property=\"og:title\" content=\"Lato 2022 - IH Bielsko - Bia\u0142a\" \/>\n<meta property=\"og:description\" content=\"[vc_row][vc_column width=&#8221;1\/1&#8243;][vc_custom_heading text_font=&#8221;font-120118&#8243; text_size=&#8221;bigtext&#8221; text_color=&#8221;color-963377&#8243;]SUMMER ADVENTURE 2022[\/vc_custom_heading][vc_column_text]Jak co roku zapraszamy na wakacyjne zaj\u0119cia w j\u0119zyku angielskim dla dzieci, m\u0142odzie\u017cy i [&hellip;]\" \/>\n<meta property=\"og:url\" content=\"https:\/\/www.ih.com.pl\/bielsko-biala\/lato-2022\/\" \/>\n<meta property=\"og:site_name\" content=\"IH Bielsko - Bia\u0142a\" \/>\n<meta property=\"article:modified_time\" content=\"2022-05-19T14:08:08+00:00\" \/>\n<meta name=\"twitter:card\" content=\"summary_large_image\" \/>\n<meta name=\"twitter:label1\" content=\"Szacowany czas czytania\" \/>\n\t<meta name=\"twitter:data1\" content=\"4 minuty\" \/>\n<script type=\"application\/ld+json\" class=\"yoast-schema-graph\">{\"@context\":\"https:\/\/schema.org\",\"@graph\":[{\"@type\":\"WebPage\",\"@id\":\"https:\/\/www.ih.com.pl\/bielsko-biala\/lato-2022\/\",\"url\":\"https:\/\/www.ih.com.pl\/bielsko-biala\/lato-2022\/\",\"name\":\"Lato 2022 - IH Bielsko - Bia\u0142a\",\"isPartOf\":{\"@id\":\"https:\/\/www.ih.com.pl\/bielsko-biala\/#website\"},\"datePublished\":\"2022-05-17T13:42:58+00:00\",\"dateModified\":\"2022-05-19T14:08:08+00:00\",\"breadcrumb\":{\"@id\":\"https:\/\/www.ih.com.pl\/bielsko-biala\/lato-2022\/#breadcrumb\"},\"inLanguage\":\"pl-PL\",\"potentialAction\":[{\"@type\":\"ReadAction\",\"target\":[\"https:\/\/www.ih.com.pl\/bielsko-biala\/lato-2022\/\"]}]},{\"@type\":\"BreadcrumbList\",\"@id\":\"https:\/\/www.ih.com.pl\/bielsko-biala\/lato-2022\/#breadcrumb\",\"itemListElement\":[{\"@type\":\"ListItem\",\"position\":1,\"name\":\"Strona g\u0142\u00f3wna\",\"item\":\"https:\/\/www.ih.com.pl\/bielsko-biala\/\"},{\"@type\":\"ListItem\",\"position\":2,\"name\":\"Lato 2022\"}]},{\"@type\":\"WebSite\",\"@id\":\"https:\/\/www.ih.com.pl\/bielsko-biala\/#website\",\"url\":\"https:\/\/www.ih.com.pl\/bielsko-biala\/\",\"name\":\"IH Bielsko - Bia\u0142a\",\"description\":\"\",\"potentialAction\":[{\"@type\":\"SearchAction\",\"target\":{\"@type\":\"EntryPoint\",\"urlTemplate\":\"https:\/\/www.ih.com.pl\/bielsko-biala\/?s={search_term_string}\"},\"query-input\":{\"@type\":\"PropertyValueSpecification\",\"valueRequired\":true,\"valueName\":\"search_term_string\"}}],\"inLanguage\":\"pl-PL\"}]}<\/script>\n<!-- \/ Yoast SEO plugin. -->","yoast_head_json":{"title":"Lato 2022 - IH Bielsko - Bia\u0142a","robots":{"index":"index","follow":"follow","max-snippet":"max-snippet:-1","max-image-preview":"max-image-preview:large","max-video-preview":"max-video-preview:-1"},"canonical":"https:\/\/www.ih.com.pl\/bielsko-biala\/lato-2022\/","og_locale":"pl_PL","og_type":"article","og_title":"Lato 2022 - IH Bielsko - Bia\u0142a","og_description":"[vc_row][vc_column width=&#8221;1\/1&#8243;][vc_custom_heading text_font=&#8221;font-120118&#8243; text_size=&#8221;bigtext&#8221; text_color=&#8221;color-963377&#8243;]SUMMER ADVENTURE 2022[\/vc_custom_heading][vc_column_text]Jak co roku zapraszamy na wakacyjne zaj\u0119cia w j\u0119zyku angielskim dla dzieci, m\u0142odzie\u017cy i [&hellip;]","og_url":"https:\/\/www.ih.com.pl\/bielsko-biala\/lato-2022\/","og_site_name":"IH Bielsko - Bia\u0142a","article_modified_time":"2022-05-19T14:08:08+00:00","twitter_card":"summary_large_image","twitter_misc":{"Szacowany czas czytania":"4 minuty"},"schema":{"@context":"https:\/\/schema.org","@graph":[{"@type":"WebPage","@id":"https:\/\/www.ih.com.pl\/bielsko-biala\/lato-2022\/","url":"https:\/\/www.ih.com.pl\/bielsko-biala\/lato-2022\/","name":"Lato 2022 - IH Bielsko - Bia\u0142a","isPartOf":{"@id":"https:\/\/www.ih.com.pl\/bielsko-biala\/#website"},"datePublished":"2022-05-17T13:42:58+00:00","dateModified":"2022-05-19T14:08:08+00:00","breadcrumb":{"@id":"https:\/\/www.ih.com.pl\/bielsko-biala\/lato-2022\/#breadcrumb"},"inLanguage":"pl-PL","potentialAction":[{"@type":"ReadAction","target":["https:\/\/www.ih.com.pl\/bielsko-biala\/lato-2022\/"]}]},{"@type":"BreadcrumbList","@id":"https:\/\/www.ih.com.pl\/bielsko-biala\/lato-2022\/#breadcrumb","itemListElement":[{"@type":"ListItem","position":1,"name":"Strona g\u0142\u00f3wna","item":"https:\/\/www.ih.com.pl\/bielsko-biala\/"},{"@type":"ListItem","position":2,"name":"Lato 2022"}]},{"@type":"WebSite","@id":"https:\/\/www.ih.com.pl\/bielsko-biala\/#website","url":"https:\/\/www.ih.com.pl\/bielsko-biala\/","name":"IH Bielsko - Bia\u0142a","description":"","potentialAction":[{"@type":"SearchAction","target":{"@type":"EntryPoint","urlTemplate":"https:\/\/www.ih.com.pl\/bielsko-biala\/?s={search_term_string}"},"query-input":{"@type":"PropertyValueSpecification","valueRequired":true,"valueName":"search_term_string"}}],"inLanguage":"pl-PL"}]}},"_links":{"self":[{"href":"https:\/\/www.ih.com.pl\/bielsko-biala\/wp-json\/wp\/v2\/pages\/3426","targetHints":{"allow":["GET"]}}],"collection":[{"href":"https:\/\/www.ih.com.pl\/bielsko-biala\/wp-json\/wp\/v2\/pages"}],"about":[{"href":"https:\/\/www.ih.com.pl\/bielsko-biala\/wp-json\/wp\/v2\/types\/page"}],"author":[{"embeddable":true,"href":"https:\/\/www.ih.com.pl\/bielsko-biala\/wp-json\/wp\/v2\/users\/4"}],"replies":[{"embeddable":true,"href":"https:\/\/www.ih.com.pl\/bielsko-biala\/wp-json\/wp\/v2\/comments?post=3426"}],"version-history":[{"count":25,"href":"https:\/\/www.ih.com.pl\/bielsko-biala\/wp-json\/wp\/v2\/pages\/3426\/revisions"}],"predecessor-version":[{"id":3489,"href":"https:\/\/www.ih.com.pl\/bielsko-biala\/wp-json\/wp\/v2\/pages\/3426\/revisions\/3489"}],"wp:attachment":[{"href":"https:\/\/www.ih.com.pl\/bielsko-biala\/wp-json\/wp\/v2\/media?parent=3426"}],"curies":[{"name":"wp","href":"https:\/\/api.w.org\/{rel}","templated":true}]}}