{"id":380,"date":"2019-12-11T15:29:05","date_gmt":"2019-12-11T14:29:05","guid":{"rendered":"https:\/\/ih.wizjanet.pl\/bielsko-biala\/?page_id=380"},"modified":"2025-11-12T16:44:07","modified_gmt":"2025-11-12T15:44:07","slug":"czesto-zadawane-pytania-ce","status":"publish","type":"page","link":"https:\/\/www.ih.com.pl\/bielsko-biala\/czesto-zadawane-pytania-ce\/","title":{"rendered":"Cz\u0119sto zadawane pytania"},"content":{"rendered":"<div class=\"wpb-content-wrapper\"><p>[vc_row][vc_column width=&#8221;1\/1&#8243;][vc_custom_heading] Cz\u0119sto zadawane pytania[\/vc_custom_heading][vc_accordion][vc_accordion_tab title=&#8221;Do jakich egzamin\u00f3w Cambridge English mo\u017cna przyst\u0105pi\u0107 w International House Bielsko-Bia\u0142a?&#8221; tab_id=&#8221;1576074546-1-65&#8243;][vc_column_text]International House Bielsko, we wsp\u00f3\u0142pracy z Centrum Egzaminacyjnym nr PL 277 Clan City w Gliwicach oferuje nast\u0119puj\u0105ce egzaminy Cambridge English:<\/p>\n<p><strong>Young Learners<\/strong> \u2013 egzaminy dla dzieci na 3 poziomach zaawansowania,<br \/>\n<strong>A2 Key<\/strong> \u2013 egzamin z j\u0119zyka angielskiego og\u00f3lnego na poziomie podstawowym,<br \/>\n<strong>A2 Key for Schools<\/strong> \u2013 egzamin z j\u0119zyka angielskiego og\u00f3lnego na poziomie podstawowym w specjalnej wersji dla m\u0142odzie\u017cy szkolnej,<br \/>\n<strong>B1 Preliminary<\/strong> \u2013 egzamin z j\u0119zyka angielskiego og\u00f3lnego na poziomie ponadpodstawowym,<br \/>\n<strong>B1 Preliminary for Schools<\/strong> \u2013 egzamin z j\u0119zyka angielskiego og\u00f3lnego na poziomie ponadpodstawowym w specjalnej wersji dla m\u0142odzie\u017cy szkolnej,<br \/>\n<strong>B2 First<\/strong> \u2013 egzamin z j\u0119zyka angielskiego og\u00f3lnego na poziomie \u015bredniozaawansowanym,<br \/>\n<strong>B2 First for Schools<\/strong> \u2013 egzamin z j\u0119zyka angielskiego og\u00f3lnego na poziomie \u015bredniozaawansowanym w specjalnej wersji dla m\u0142odzie\u017cy szkolnej,<br \/>\n<strong>C1 Advanced<\/strong> \u2013 egzamin z j\u0119zyka angielskiego og\u00f3lnego na poziomie zaawansowanym,<br \/>\n<strong>C2 Proficiency<\/strong> \u2013 egzamin z j\u0119zyka angielskiego og\u00f3lnego na poziomie bieg\u0142o\u015bci j\u0119zykowej,[\/vc_column_text][\/vc_accordion_tab][vc_accordion_tab title=&#8221;Czy b\u0119d\u0105c dyslektykiem mog\u0119 liczy\u0107 na zwolnienie z niekt\u00f3rych cz\u0119\u015bci egzaminu lub inne specjalne traktowanie?&#8221; tab_id=&#8221;1576074546-2-82&#8243;][vc_column_text]Dysleksja, dysgrafia i dysortografia nie stanowi\u0105 podstawy do zwolnienia z jakiejkolwiek cz\u0119\u015bci egzaminu. Mo\u017cna si\u0119 jednak ubiega\u0107 si\u0119 o wyd\u0142u\u017cenie czasu pisemnych cz\u0119\u015bci egzaminu (standardowo o 25%). W tym celu nale\u017cy, w terminie okre\u015blonym w regulaminie danej sesji, dostarczy\u0107:<br \/>\n1) za\u015bwiadczenie z poradni psychologicznej:<br \/>\n&#8211; zawieraj\u0105ce informacj\u0119 o stopniu zaawansowania dysleksji, dysgrafii lub dysortografii,<br \/>\n&#8211; zawieraj\u0105ce nazwy test\u00f3w u\u017cytych w celu zdiagnozowania dysleksji, dysgrafii lub dysortografii,<br \/>\n2) wype\u0142niony i podpisany wniosek o szczeg\u00f3lne udogodnienia.[\/vc_column_text][\/vc_accordion_tab][vc_accordion_tab title=&#8221;Jestem osob\u0105 niepe\u0142nosprawn\u0105, czy mog\u0119 liczy\u0107 na specjalne traktowanie w trakcie egzaminu?&#8221; tab_id=&#8221;1576074646588-2-5&#8243;][vc_column_text] Rejestruj\u0105c si\u0119 na egzamin Cambridge, kandydaci mog\u0105 stara\u0107 si\u0119 o szereg udogodnie\u0144 dla os\u00f3b niepe\u0142nosprawnych, w tym m.in. wyd\u0142u\u017cenie czasu egzaminu, specjalnie przygotowane materia\u0142y egzaminacyjne (np. z powi\u0119kszon\u0105 czcionk\u0105 dla os\u00f3b niedowidz\u0105cych, w systemie Braille\u2019a dla os\u00f3b niewidomych), osobn\u0105 sal\u0119 egzaminacyjn\u0105, etc. Ka\u017cdy przypadek rozpatrywany jest indywidualnie. Osoby zainteresowane specjalnymi udogodnieniami powinny zg\u0142osi\u0107 tak\u0105 potrzeb\u0119 w terminie okre\u015blonym w regulaminie danej sesji, wype\u0142niaj\u0105c wniosek o szczeg\u00f3lne udogodnienia. Do wniosku nale\u017cy za\u0142\u0105czy\u0107 odpowiednie za\u015bwiadczenie lekarskie, z wyj\u0105tkiem przypadk\u00f3w widocznej niepe\u0142nosprawno\u015bci. [\/vc_column_text][\/vc_accordion_tab][vc_accordion_tab title=&#8221;Czy je\u015bli po dokonaniu op\u0142aty egzaminacyjnej zrezygnuj\u0119 z uczestnictwa w egzaminie, Centrum zwr\u00f3ci mi wp\u0142acon\u0105 kwot\u0119?&#8221; tab_id=&#8221;1576074691700-3-10&#8243;][vc_column_text]Je\u015bli formalno\u015bci rejestracyjne nie zosta\u0142y dope\u0142nione, kandydat ma prawo do pe\u0142nego zwrotu op\u0142aty egzaminacyjnej.<br \/>\nPo dokonaniu rejestracji zwrot op\u0142aty mo\u017cliwy jest tylko pod warunkiem z\u0142o\u017cenia wniosku o zwrot op\u0142aty egzaminacyjnej za po\u015brednictwem International House najp\u00f3\u017aniej na 3 dni przed dat\u0105 zako\u0144czenia rejestracji na dany egzamin.<br \/>\nPo tym terminie mo\u017cliwe s\u0105 jedynie zwroty z przyczyn medycznych lub z powodu \u015bmierci bliskiej osoby w okresie bezpo\u015brednio poprzedzaj\u0105cym dat\u0119 egaminu, zgodnie z warunkami opisanymi w regulaminie sesji.[\/vc_column_text][\/vc_accordion_tab][vc_accordion_tab title=&#8221;Czy je\u015bli nie pojawi\u0119 si\u0119 na egzaminie, Centrum zwr\u00f3ci mi op\u0142at\u0119 egzaminacyjn\u0105?&#8221; tab_id=&#8221;1576074726801-4-2&#8243;][vc_column_text]W przypadku nieobecno\u015bci kandydata na egzaminie z przyczyn zdrowotnych lub z powodu \u015bmierci osoby bliskiej kandydatowi w okresie bezpo\u015brednio poprzedzaj\u0105cym dat\u0119 egzaminu szko\u0142a mo\u017ce wyst\u0105pi\u0107 w imieniu kandydata o cz\u0119\u015bciowy zwrot op\u0142aty za egzamin (80% ceny egzaminu).<\/p>\n<p>Aby m\u00f3c go otrzyma\u0107, szko\u0142a rejestruj\u0105ca kandydat\u00f3w musi dostarczy\u0107 do Centrum Egzaminacyjnego \u2013 w nieprzekraczalnym terminie okre\u015blonym w regulaminie danej sesji egzaminacyjnej \u2013 odpowiednie za\u015bwiadczenia (np. zwolnienie lekarskie, akt zgonu itp.), jak r\u00f3wnie\u017c wniosek o zwrot op\u0142aty egzaminacyjnej, kt\u00f3re powinna otrzyma\u0107 odpowiednio wcze\u015bniej od ubiegaj\u0105cego si\u0119 o zwrot kandydata lub jego rodzica\/opiekuna prawnego.[\/vc_column_text][\/vc_accordion_tab][vc_accordion_tab title=&#8221;Czy mo\u017cna prze\u0142o\u017cy\u0107 termin egzaminu?&#8221; tab_id=&#8221;1576074747446-5-4&#8243;][vc_column_text] Ze wzgl\u0119d\u00f3w bezpiecze\u0144stwa egzaminy pisemne i ze s\u0142uchu przeprowadzane s\u0105 na ca\u0142ym \u015bwiecie tego samego dnia. Z tego powodu nie ma mo\u017cliwo\u015bci prze\u0142o\u017cenia terminu cz\u0119\u015bci pisemnych i s\u0142uchowej. W niekt\u00f3rych przypadkach istnieje natomiast mo\u017cliwo\u015b\u0107 zmiany terminu egzaminu ustnego, je\u017celi pozwalaj\u0105 na to mo\u017cliwo\u015bci organizacyjne Centrum Egzaminacyjnego. Aby sprawdzi\u0107 czy jest taka mo\u017cliwo\u015b\u0107 oraz jakie warunki nale\u017cy spe\u0142ni\u0107, zapraszamy do zapoznania si\u0119 z regulaminem danej sesji egzaminacyjnej. [\/vc_column_text][\/vc_accordion_tab][vc_accordion_tab title=&#8221;Sp\u00f3\u017ani\u0142em si\u0119 na egzamin. Czy osoba prowadz\u0105ca egzamin ma prawo nie wpu\u015bci\u0107 mnie do sali?&#8221; tab_id=&#8221;1576074768040-6-4&#8243;][vc_column_text]Tak. Kandydaci powinni przyby\u0107 na egzamin minimum 30 minut przed podan\u0105 godzin\u0105 rozpocz\u0119cia egzaminu. Osoby sp\u00f3\u017anione, tj. przybywaj\u0105ce na egzamin na<strong> 15 minut i mniej<\/strong> przed podan\u0105 godzin\u0105 rozpocz\u0119cia egzaminu, ze wzgl\u0119d\u00f3w organizacyjnych nie s\u0105 wpuszczane do sali egzaminacyjnej i tym samym <strong>nie b\u0119d\u0105 mog\u0142y przyst\u0105pi\u0107 do egzaminu<\/strong>. Nie b\u0119dzie im przys\u0142ugiwa\u0107 zwrot wniesionej op\u0142aty egzaminacyjnej.[\/vc_column_text][\/vc_accordion_tab][vc_accordion_tab title=&#8221;Czy mo\u017cna zosta\u0107 zdyskwalifikowanym?&#8221; tab_id=&#8221;1576074784123-7-3&#8243;][vc_column_text]Tak. W przypadku z\u0142amania regulaminu (np. posiadanie przy sobie w czasie egzaminu lub w przerwach urz\u0105dze\u0144 elektronicznych (w tym telefon\u00f3w kom\u00f3rkowych) lub zegark\u00f3w na r\u0119k\u0119 (nawet zwyk\u0142ych), \u015bci\u0105ganie w trakcie egzaminu, rozmawianie, nie reagowanie na upomnienia osoby prowadz\u0105cej egzamin, itp.), kandydat mo\u017ce zosta\u0107 zdyskwalifikowany przez Cambridge na podstawie raportu przygotowanego przez osob\u0119 prowadz\u0105c\u0105 egzamin. Dyskwalifikacja wi\u0105\u017ce si\u0119 z nieujawnieniem przez Cambridge wyniku egzaminu.[\/vc_column_text][\/vc_accordion_tab][vc_accordion_tab title=&#8221;Jak d\u0142ugo czeka si\u0119 na wyniki?&#8221; tab_id=&#8221;1576074807559-8-3&#8243;][vc_column_text]Czas oczekiwania na wyniki okre\u015blony jest w regulaminie danej sesji egzaminacyjnej. W przypadku wi\u0119kszo\u015bci egzamin\u00f3w, wyniki udost\u0119pniane s\u0105 po ok. 6-8 tygodniach od daty egzaminu pisemnego. Wyniki sprawdzi\u0107 mo\u017cna przez stron\u0119 internetow\u0105 candidates.cambridgeenglish.org (szczeg\u00f3\u0142y dotycz\u0105ce loginu i has\u0142a umo\u017cliwiaj\u0105cych dost\u0119p do w\/w strony przekazywane s\u0105 kandydatom odpowiednio wcze\u015bniej).[\/vc_column_text][\/vc_accordion_tab][vc_accordion_tab title=&#8221;Nie zgadzam si\u0119 z wynikiem egzaminu. Czy mog\u0119 zobaczy\u0107 swoj\u0105 prac\u0119?&#8221; tab_id=&#8221;1576074823085-9-3&#8243;][vc_column_text]Nie ma mo\u017cliwo\u015bci wgl\u0105du w prace egzaminacyjne. S\u0105 one oceniane i przechowywane w Cambridge. Kandydaci, kt\u00f3rzy nie zgadzaj\u0105 si\u0119 z wynikiem egzaminu mog\u0105 wyst\u0105pi\u0107 o ponowne przeliczenie punkt\u00f3w. Nast\u0119pnie, je\u015bli nadal nie s\u0105 usatysfakcjonowani wynikiem, mog\u0105 wyst\u0105pi\u0107 o ponowne sprawdzenie i ocen\u0119 pracy egzaminacyjnej (z wyj\u0105tkiem egzaminu ustnego). Obie wymienione us\u0142ugi s\u0105 p\u0142atne. [\/vc_column_text][\/vc_accordion_tab][vc_accordion_tab title=&#8221;W jaki spos\u00f3b otrzymam certyfikat?&#8221; tab_id=&#8221;1576074842546-10-5&#8243;][vc_column_text] Kandydaci informowani s\u0105 o terminie odbioru certyfikat\u00f3w drog\u0105 e-mailow\u0105 przez szko\u0142\u0119 International House, kt\u00f3ra rejestrowa\u0142a ich na egzamin. Certyfikat nale\u017cy odebra\u0107 osobi\u015bcie w szkole (kandydat lub rodzic, zale\u017cnie od wieku kandydata) lub mo\u017cna upowa\u017cni\u0107 do tego inn\u0105 osob\u0119 wype\u0142niaj\u0105c formularz upowa\u017cnienia do odbioru certyfikatu. Aby odebra\u0107 certyfikat, nale\u017cy okaza\u0107 dow\u00f3d to\u017csamo\u015bci. Centrum Egzaminacyjne przechowuje certyfikaty przez dwa lata, licz\u0105c od pierwszego dnia, gdy mo\u017cliwy by\u0142 ich odbi\u00f3r. [\/vc_column_text][\/vc_accordion_tab][vc_accordion_tab title=&#8221;Jak d\u0142ugo wa\u017cny jest certyfikat?&#8221; tab_id=&#8221;1576074860229-11-3&#8243;][vc_column_text] Certyfikaty Cambridge English wa\u017cne s\u0105 bezterminowo. Jednak planuj\u0105c wykorzystanie certyfikatu przy ubieganiu si\u0119 o przyj\u0119cie na studia zagraniczne, warto sprawdzi\u0107, czy dana uczelnia nie \u017cyczy sobie, aby certyfikat nie by\u0142 starszy ni\u017c 1 rok lub 2 lata i uwzgl\u0119dni\u0107 to wybieraj\u0105c termin przyst\u0105pienia do egzaminu. [\/vc_column_text][\/vc_accordion_tab][vc_accordion_tab title=&#8221;Czy na egzaminie mo\u017cna u\u017cywa\u0107 s\u0142ownik\u00f3w?&#8221; tab_id=&#8221;1576074882782-12-5&#8243;][vc_column_text] Regulamin egzamin\u00f3w Cambridge English zabrania u\u017cywania s\u0142ownik\u00f3w w trakcie egzaminu. [\/vc_column_text][\/vc_accordion_tab][vc_accordion_tab title=&#8221;Ile punkt\u00f3w musz\u0119 uzyska\u0107, aby zda\u0107 egzamin?&#8221; tab_id=&#8221;1576074902241-13-1&#8243;][vc_column_text] Punktacja i skala ocen zale\u017cne s\u0105 od rodzaju egzaminu. Przyk\u0142adowo, poni\u017cej przedstawiamy wykaz ocen z podzia\u0142em punktowym dla egzaminu B2 First (FCE):<\/p>\n<p>A &#8211; ocena pozytywna CEFR Level C1 (180 &#8211; 190 pkt)<br \/>\nB &#8211; ocena pozytywna CEFR Level B2 (173 &#8211; 179 pkt)<br \/>\nC &#8211; ocena pozytywna CEFR Level B2 (160 &#8211; 172 pkt)<br \/>\nCEFR Level B1 &#8211; ocena po\u015bwiadczaj\u0105ca uzyskanie poziomu B1, (140 &#8211; 159 pkt)<br \/>\nFail &#8211; ocena negatywna (0 &#8211; 139)[\/vc_column_text][\/vc_accordion_tab][vc_accordion_tab title=&#8221;Czy z ka\u017cdej cz\u0119\u015bci egzaminu musz\u0119 uzyska\u0107 jak\u0105\u015b minimaln\u0105 ilo\u015b\u0107 punkt\u00f3w, aby zda\u0107 ca\u0142y egzamin?&#8221; tab_id=&#8221;1576074930507-14-2&#8243;][vc_column_text]Nie. Ocena ko\u0144cowa wystawiana jest po podsumowaniu ilo\u015bci punkt\u00f3w ze wszystkich cz\u0119\u015bci egzamin\u00f3w. Oznacza to, \u017ce cz\u0119\u015bci\u0105 egzaminu, w kt\u00f3rej kandydat czuje si\u0119 najlepiej (np. czytanie) mo\u017cna nadrobi\u0107 ilo\u015b\u0107 punkt\u00f3w straconych w innej cz\u0119\u015bci.[\/vc_column_text][\/vc_accordion_tab][vc_accordion_tab title=&#8221;Na egzamin przyszed\u0142em z osob\u0105 towarzysz\u0105c\u0105. Czy mo\u017ce ona poczeka\u0107 na mnie przed sal\u0105 egzaminacyjn\u0105?&#8221; tab_id=&#8221;1576074952887-15-6&#8243;][vc_column_text]Z przyczyn organizacyjnych oraz ze wzgl\u0119d\u00f3w bezpiecze\u0144stwa, w budynku, gdzie przeprowadzany jest egzamin nie ma wydzielonej poczekalni. Osoby towarzysz\u0105ce nie mog\u0105 czeka\u0107\u00a0 na zdaj\u0105cych przed sal\u0105 egzaminacyjn\u0105 ani w budynku szkolnym.[\/vc_column_text][\/vc_accordion_tab][\/vc_accordion][\/vc_column][\/vc_row]<\/p>\n<\/div>","protected":false},"excerpt":{"rendered":"<p>[vc_row][vc_column width=&#8221;1\/1&#8243;][vc_custom_heading] Cz\u0119sto zadawane pytania[\/vc_custom_heading][vc_accordion][vc_accordion_tab title=&#8221;Do jakich egzamin\u00f3w Cambridge English mo\u017cna przyst\u0105pi\u0107 w International House Bielsko-Bia\u0142a?&#8221; tab_id=&#8221;1576074546-1-65&#8243;][vc_column_text]International House Bielsko, we [&hellip;]<\/p>\n","protected":false},"author":1,"featured_media":0,"parent":0,"menu_order":0,"comment_status":"closed","ping_status":"closed","template":"","meta":{"footnotes":""},"class_list":["post-380","page","type-page","status-publish","hentry"],"yoast_head":"<!-- This site is optimized with the Yoast SEO plugin v26.8 - https:\/\/yoast.com\/product\/yoast-seo-wordpress\/ -->\n<title>Cz\u0119sto zadawane pytania - IH Bielsko - Bia\u0142a<\/title>\n<meta name=\"robots\" content=\"index, follow, max-snippet:-1, max-image-preview:large, max-video-preview:-1\" \/>\n<link rel=\"canonical\" href=\"https:\/\/www.ih.com.pl\/bielsko-biala\/czesto-zadawane-pytania-ce\/\" \/>\n<meta property=\"og:locale\" content=\"pl_PL\" \/>\n<meta property=\"og:type\" content=\"article\" \/>\n<meta property=\"og:title\" content=\"Cz\u0119sto zadawane pytania - IH Bielsko - Bia\u0142a\" \/>\n<meta property=\"og:description\" content=\"[vc_row][vc_column width=&#8221;1\/1&#8243;][vc_custom_heading] Cz\u0119sto zadawane pytania[\/vc_custom_heading][vc_accordion][vc_accordion_tab title=&#8221;Do jakich egzamin\u00f3w Cambridge English mo\u017cna przyst\u0105pi\u0107 w International House Bielsko-Bia\u0142a?&#8221; tab_id=&#8221;1576074546-1-65&#8243;][vc_column_text]International House Bielsko, we [&hellip;]\" \/>\n<meta property=\"og:url\" content=\"https:\/\/www.ih.com.pl\/bielsko-biala\/czesto-zadawane-pytania-ce\/\" \/>\n<meta property=\"og:site_name\" content=\"IH Bielsko - Bia\u0142a\" \/>\n<meta property=\"article:modified_time\" content=\"2025-11-12T15:44:07+00:00\" \/>\n<meta name=\"twitter:card\" content=\"summary_large_image\" \/>\n<meta name=\"twitter:label1\" content=\"Szacowany czas czytania\" \/>\n\t<meta name=\"twitter:data1\" content=\"8 minut\" \/>\n<script type=\"application\/ld+json\" class=\"yoast-schema-graph\">{\"@context\":\"https:\/\/schema.org\",\"@graph\":[{\"@type\":\"WebPage\",\"@id\":\"https:\/\/www.ih.com.pl\/bielsko-biala\/czesto-zadawane-pytania-ce\/\",\"url\":\"https:\/\/www.ih.com.pl\/bielsko-biala\/czesto-zadawane-pytania-ce\/\",\"name\":\"Cz\u0119sto zadawane pytania - IH Bielsko - Bia\u0142a\",\"isPartOf\":{\"@id\":\"https:\/\/www.ih.com.pl\/bielsko-biala\/#website\"},\"datePublished\":\"2019-12-11T14:29:05+00:00\",\"dateModified\":\"2025-11-12T15:44:07+00:00\",\"breadcrumb\":{\"@id\":\"https:\/\/www.ih.com.pl\/bielsko-biala\/czesto-zadawane-pytania-ce\/#breadcrumb\"},\"inLanguage\":\"pl-PL\",\"potentialAction\":[{\"@type\":\"ReadAction\",\"target\":[\"https:\/\/www.ih.com.pl\/bielsko-biala\/czesto-zadawane-pytania-ce\/\"]}]},{\"@type\":\"BreadcrumbList\",\"@id\":\"https:\/\/www.ih.com.pl\/bielsko-biala\/czesto-zadawane-pytania-ce\/#breadcrumb\",\"itemListElement\":[{\"@type\":\"ListItem\",\"position\":1,\"name\":\"Strona g\u0142\u00f3wna\",\"item\":\"https:\/\/www.ih.com.pl\/bielsko-biala\/\"},{\"@type\":\"ListItem\",\"position\":2,\"name\":\"Cz\u0119sto zadawane pytania\"}]},{\"@type\":\"WebSite\",\"@id\":\"https:\/\/www.ih.com.pl\/bielsko-biala\/#website\",\"url\":\"https:\/\/www.ih.com.pl\/bielsko-biala\/\",\"name\":\"IH Bielsko - Bia\u0142a\",\"description\":\"\",\"potentialAction\":[{\"@type\":\"SearchAction\",\"target\":{\"@type\":\"EntryPoint\",\"urlTemplate\":\"https:\/\/www.ih.com.pl\/bielsko-biala\/?s={search_term_string}\"},\"query-input\":{\"@type\":\"PropertyValueSpecification\",\"valueRequired\":true,\"valueName\":\"search_term_string\"}}],\"inLanguage\":\"pl-PL\"}]}<\/script>\n<!-- \/ Yoast SEO plugin. -->","yoast_head_json":{"title":"Cz\u0119sto zadawane pytania - IH Bielsko - Bia\u0142a","robots":{"index":"index","follow":"follow","max-snippet":"max-snippet:-1","max-image-preview":"max-image-preview:large","max-video-preview":"max-video-preview:-1"},"canonical":"https:\/\/www.ih.com.pl\/bielsko-biala\/czesto-zadawane-pytania-ce\/","og_locale":"pl_PL","og_type":"article","og_title":"Cz\u0119sto zadawane pytania - IH Bielsko - Bia\u0142a","og_description":"[vc_row][vc_column width=&#8221;1\/1&#8243;][vc_custom_heading] Cz\u0119sto zadawane pytania[\/vc_custom_heading][vc_accordion][vc_accordion_tab title=&#8221;Do jakich egzamin\u00f3w Cambridge English mo\u017cna przyst\u0105pi\u0107 w International House Bielsko-Bia\u0142a?&#8221; tab_id=&#8221;1576074546-1-65&#8243;][vc_column_text]International House Bielsko, we [&hellip;]","og_url":"https:\/\/www.ih.com.pl\/bielsko-biala\/czesto-zadawane-pytania-ce\/","og_site_name":"IH Bielsko - Bia\u0142a","article_modified_time":"2025-11-12T15:44:07+00:00","twitter_card":"summary_large_image","twitter_misc":{"Szacowany czas czytania":"8 minut"},"schema":{"@context":"https:\/\/schema.org","@graph":[{"@type":"WebPage","@id":"https:\/\/www.ih.com.pl\/bielsko-biala\/czesto-zadawane-pytania-ce\/","url":"https:\/\/www.ih.com.pl\/bielsko-biala\/czesto-zadawane-pytania-ce\/","name":"Cz\u0119sto zadawane pytania - IH Bielsko - Bia\u0142a","isPartOf":{"@id":"https:\/\/www.ih.com.pl\/bielsko-biala\/#website"},"datePublished":"2019-12-11T14:29:05+00:00","dateModified":"2025-11-12T15:44:07+00:00","breadcrumb":{"@id":"https:\/\/www.ih.com.pl\/bielsko-biala\/czesto-zadawane-pytania-ce\/#breadcrumb"},"inLanguage":"pl-PL","potentialAction":[{"@type":"ReadAction","target":["https:\/\/www.ih.com.pl\/bielsko-biala\/czesto-zadawane-pytania-ce\/"]}]},{"@type":"BreadcrumbList","@id":"https:\/\/www.ih.com.pl\/bielsko-biala\/czesto-zadawane-pytania-ce\/#breadcrumb","itemListElement":[{"@type":"ListItem","position":1,"name":"Strona g\u0142\u00f3wna","item":"https:\/\/www.ih.com.pl\/bielsko-biala\/"},{"@type":"ListItem","position":2,"name":"Cz\u0119sto zadawane pytania"}]},{"@type":"WebSite","@id":"https:\/\/www.ih.com.pl\/bielsko-biala\/#website","url":"https:\/\/www.ih.com.pl\/bielsko-biala\/","name":"IH Bielsko - Bia\u0142a","description":"","potentialAction":[{"@type":"SearchAction","target":{"@type":"EntryPoint","urlTemplate":"https:\/\/www.ih.com.pl\/bielsko-biala\/?s={search_term_string}"},"query-input":{"@type":"PropertyValueSpecification","valueRequired":true,"valueName":"search_term_string"}}],"inLanguage":"pl-PL"}]}},"_links":{"self":[{"href":"https:\/\/www.ih.com.pl\/bielsko-biala\/wp-json\/wp\/v2\/pages\/380","targetHints":{"allow":["GET"]}}],"collection":[{"href":"https:\/\/www.ih.com.pl\/bielsko-biala\/wp-json\/wp\/v2\/pages"}],"about":[{"href":"https:\/\/www.ih.com.pl\/bielsko-biala\/wp-json\/wp\/v2\/types\/page"}],"author":[{"embeddable":true,"href":"https:\/\/www.ih.com.pl\/bielsko-biala\/wp-json\/wp\/v2\/users\/1"}],"replies":[{"embeddable":true,"href":"https:\/\/www.ih.com.pl\/bielsko-biala\/wp-json\/wp\/v2\/comments?post=380"}],"version-history":[{"count":19,"href":"https:\/\/www.ih.com.pl\/bielsko-biala\/wp-json\/wp\/v2\/pages\/380\/revisions"}],"predecessor-version":[{"id":5394,"href":"https:\/\/www.ih.com.pl\/bielsko-biala\/wp-json\/wp\/v2\/pages\/380\/revisions\/5394"}],"wp:attachment":[{"href":"https:\/\/www.ih.com.pl\/bielsko-biala\/wp-json\/wp\/v2\/media?parent=380"}],"curies":[{"name":"wp","href":"https:\/\/api.w.org\/{rel}","templated":true}]}}