{"id":396,"date":"2019-12-12T10:52:37","date_gmt":"2019-12-12T09:52:37","guid":{"rendered":"https:\/\/ih.wizjanet.pl\/bielsko-biala\/?page_id=396"},"modified":"2025-11-12T18:15:07","modified_gmt":"2025-11-12T17:15:07","slug":"uzyteczne-linki","status":"publish","type":"page","link":"https:\/\/www.ih.com.pl\/bielsko-biala\/uzyteczne-linki\/","title":{"rendered":"U\u017cyteczne linki"},"content":{"rendered":"<div class=\"wpb-content-wrapper\"><p>[vc_row][vc_column width=&#8221;1\/1&#8243;][vc_custom_heading]U\u017cyteczne linki[\/vc_custom_heading][vc_column_text][\/vc_column_text][vc_row_inner][vc_column_inner column_width_percent=&#8221;100&#8243; align_horizontal=&#8221;align_center&#8221; gutter_size=&#8221;3&#8243; overlay_alpha=&#8221;50&#8243; shift_x=&#8221;0&#8243; shift_y=&#8221;0&#8243; shift_y_down=&#8221;0&#8243; z_index=&#8221;0&#8243; medium_width=&#8221;0&#8243; mobile_width=&#8221;0&#8243; width=&#8221;1\/3&#8243;][vc_column_text]<\/p>\n<p style=\"text-align: left\">Wszystkie przydatne materia\u0142y dla kandydat\u00f3w w jednym miejscu: lekcje video, przyk\u0142adowe testy, praktyczne wskaz\u00f3wki oraz materia\u0142y dodatkowe.<\/p>\n<p style=\"text-align: left\">\u015awiat jest ciekawszy z Cambridge English &#8211; <em>kliknij w zdj\u0119cie i sprawd\u017a<\/em><\/p>\n<p>[\/vc_column_text][vc_single_image media=&#8221;1057&#8243; media_width_percent=&#8221;75&#8243; media_link=&#8221;url:https%3A%2F%2Fwww.cambridgeenglish.org%2Fpl%2Flearning-english%2Finformation-for-students%2F|||&#8221;][\/vc_column_inner][vc_column_inner column_width_percent=&#8221;100&#8243; align_horizontal=&#8221;align_center&#8221; gutter_size=&#8221;3&#8243; overlay_alpha=&#8221;50&#8243; shift_x=&#8221;0&#8243; shift_y=&#8221;0&#8243; shift_y_down=&#8221;0&#8243; z_index=&#8221;0&#8243; medium_width=&#8221;0&#8243; mobile_width=&#8221;0&#8243; width=&#8221;1\/3&#8243;][vc_column_text]<\/p>\n<p style=\"text-align: left\">Najwa\u017cniejsze informacje dla rodzic\u00f3w: nagrania ekspert\u00f3w, opinie rodzic\u00f3w, materia\u0142y do pobrania oraz przyk\u0142adowe testy.<\/p>\n<p style=\"text-align: left\"><em>Kliknij w zdj\u0119cie i sprawd\u017a z dzieckiem ile potrafi!<\/em><\/p>\n<p>[\/vc_column_text][vc_single_image media=&#8221;1601&#8243; media_width_percent=&#8221;75&#8243; media_link=&#8221;url:https%3A%2F%2Fwww.cambridgeenglish.org%2Fpl%2Flearning-english%2Finformation-for-parents%2F|||&#8221;][\/vc_column_inner][\/vc_row_inner][vc_separator sep_color=&#8221;color-gyho&#8221; el_height=&#8221;2px&#8221;][vc_column_text]<\/p>\n<ul>\n<li><a href=\"http:\/\/www.cambridgeenglish.org\/pl\/\" target=\"_blank\" rel=\"noopener noreferrer\">Strona g\u0142\u00f3wna Cambridge English dla kandydat\u00f3w z Polski<\/a> &#8211; strona, od kt\u00f3rej warto rozpocz\u0105\u0107 przegl\u0105danie szczeg\u00f3\u0142owych informacji o Cambridge English<\/li>\n<li><a href=\"http:\/\/www.cambridgeenglish.org\/pl\/test-your-english\/\" target=\"_blank\" rel=\"noopener noreferrer\">Sprawd\u017a sw\u00f3j angielski<\/a> &#8211; zr\u00f3b kr\u00f3tki test i zobacz na jakim poziomie powiniene\u015b zdawa\u0107 egzamin<\/li>\n<li><a href=\"http:\/\/www.cambridgeenglish.org\/pl\/exams\/young-learners\/\" target=\"_blank\" rel=\"noopener noreferrer\">Lepszy start w nauce j\u0119zyka angielskiego dla Twojego dziecka<\/a> &#8211; praktyczne wskaz\u00f3wki i przydatne materia\u0142y dla rodzic\u00f3w zaintersowanych testami Cambridge English dla najm\u0142odszych<\/li>\n<li><a href=\"http:\/\/www.cambridgeenglish.org\/pl\/test-your-english\/young-learners\/\" target=\"_blank\" rel=\"noopener noreferrer\">Sprawd\u017a sw\u00f3j angielski<\/a> &#8211; dla dzieci &#8211; jeste\u015b rodzicem lub nauczycielem? Wypr\u00f3buj test, kt\u00f3ry w zabawny i przyjazny spos\u00f3b pozwala sprawdzi\u0107 poziom j\u0119zyka angielskiego najm\u0142odszych<\/li>\n<li><a href=\"http:\/\/www.cambridgeenglish.org\/pl\/why-cambridge-english\/global-recognition\/index.aspx?s=1\" target=\"_blank\" rel=\"noopener noreferrer\">Uznawalno\u015b\u0107 egzamin\u00f3w Cambridge<\/a> &#8211; sprawd\u017a kto uznaje egzaminy Cambridge<\/li>\n<li><a href=\"https:\/\/candidates.cambridgeenglish.org\/Members\/Login.aspx?M=None\" target=\"_blank\" rel=\"noopener noreferrer\">Results Online<\/a> &#8211; sprawd\u017a sw\u00f3j wynik egzaminu Cambridge<\/li>\n<li><a href=\"http:\/\/www.cambridgeenglish.org\/pl\/teaching-english\/\" target=\"_blank\" rel=\"noopener noreferrer\">Wsparcie dla nauczycieli<\/a> &#8211; strona po\u015bwi\u0119cona wspomaganiu nauczycieli, tutaj znajdzuj\u0105 si\u0119 materia\u0142y dydaktyczne, zaproszenia na szkolenia oraz u\u017cyteczne porady dotycz\u0105ce planowania lekcji oraz rozwoju zawodowego<\/li>\n<\/ul>\n<p>[\/vc_column_text][\/vc_column][\/vc_row]<\/p>\n<\/div>","protected":false},"excerpt":{"rendered":"<p>[vc_row][vc_column width=&#8221;1\/1&#8243;][vc_custom_heading]U\u017cyteczne linki[\/vc_custom_heading][vc_column_text][\/vc_column_text][vc_row_inner][vc_column_inner column_width_percent=&#8221;100&#8243; align_horizontal=&#8221;align_center&#8221; gutter_size=&#8221;3&#8243; overlay_alpha=&#8221;50&#8243; shift_x=&#8221;0&#8243; shift_y=&#8221;0&#8243; shift_y_down=&#8221;0&#8243; z_index=&#8221;0&#8243; medium_width=&#8221;0&#8243; mobile_width=&#8221;0&#8243; width=&#8221;1\/3&#8243;][vc_column_text] Wszystkie przydatne materia\u0142y dla kandydat\u00f3w w [&hellip;]<\/p>\n","protected":false},"author":1,"featured_media":0,"parent":0,"menu_order":0,"comment_status":"closed","ping_status":"closed","template":"","meta":{"footnotes":""},"class_list":["post-396","page","type-page","status-publish","hentry"],"yoast_head":"<!-- This site is optimized with the Yoast SEO plugin v26.8 - https:\/\/yoast.com\/product\/yoast-seo-wordpress\/ -->\n<title>U\u017cyteczne linki - IH Bielsko - Bia\u0142a<\/title>\n<meta name=\"robots\" content=\"index, follow, max-snippet:-1, max-image-preview:large, max-video-preview:-1\" \/>\n<link rel=\"canonical\" href=\"https:\/\/www.ih.com.pl\/bielsko-biala\/uzyteczne-linki\/\" \/>\n<meta property=\"og:locale\" content=\"pl_PL\" \/>\n<meta property=\"og:type\" content=\"article\" \/>\n<meta property=\"og:title\" content=\"U\u017cyteczne linki - IH Bielsko - Bia\u0142a\" \/>\n<meta property=\"og:description\" content=\"[vc_row][vc_column width=&#8221;1\/1&#8243;][vc_custom_heading]U\u017cyteczne linki[\/vc_custom_heading][vc_column_text][\/vc_column_text][vc_row_inner][vc_column_inner column_width_percent=&#8221;100&#8243; align_horizontal=&#8221;align_center&#8221; gutter_size=&#8221;3&#8243; overlay_alpha=&#8221;50&#8243; shift_x=&#8221;0&#8243; shift_y=&#8221;0&#8243; shift_y_down=&#8221;0&#8243; z_index=&#8221;0&#8243; medium_width=&#8221;0&#8243; mobile_width=&#8221;0&#8243; width=&#8221;1\/3&#8243;][vc_column_text] Wszystkie przydatne materia\u0142y dla kandydat\u00f3w w [&hellip;]\" \/>\n<meta property=\"og:url\" content=\"https:\/\/www.ih.com.pl\/bielsko-biala\/uzyteczne-linki\/\" \/>\n<meta property=\"og:site_name\" content=\"IH Bielsko - Bia\u0142a\" \/>\n<meta property=\"article:modified_time\" content=\"2025-11-12T17:15:07+00:00\" \/>\n<meta name=\"twitter:card\" content=\"summary_large_image\" \/>\n<meta name=\"twitter:label1\" content=\"Szacowany czas czytania\" \/>\n\t<meta name=\"twitter:data1\" content=\"2 minuty\" \/>\n<script type=\"application\/ld+json\" class=\"yoast-schema-graph\">{\"@context\":\"https:\/\/schema.org\",\"@graph\":[{\"@type\":\"WebPage\",\"@id\":\"https:\/\/www.ih.com.pl\/bielsko-biala\/uzyteczne-linki\/\",\"url\":\"https:\/\/www.ih.com.pl\/bielsko-biala\/uzyteczne-linki\/\",\"name\":\"U\u017cyteczne linki - IH Bielsko - Bia\u0142a\",\"isPartOf\":{\"@id\":\"https:\/\/www.ih.com.pl\/bielsko-biala\/#website\"},\"datePublished\":\"2019-12-12T09:52:37+00:00\",\"dateModified\":\"2025-11-12T17:15:07+00:00\",\"breadcrumb\":{\"@id\":\"https:\/\/www.ih.com.pl\/bielsko-biala\/uzyteczne-linki\/#breadcrumb\"},\"inLanguage\":\"pl-PL\",\"potentialAction\":[{\"@type\":\"ReadAction\",\"target\":[\"https:\/\/www.ih.com.pl\/bielsko-biala\/uzyteczne-linki\/\"]}]},{\"@type\":\"BreadcrumbList\",\"@id\":\"https:\/\/www.ih.com.pl\/bielsko-biala\/uzyteczne-linki\/#breadcrumb\",\"itemListElement\":[{\"@type\":\"ListItem\",\"position\":1,\"name\":\"Strona g\u0142\u00f3wna\",\"item\":\"https:\/\/www.ih.com.pl\/bielsko-biala\/\"},{\"@type\":\"ListItem\",\"position\":2,\"name\":\"U\u017cyteczne linki\"}]},{\"@type\":\"WebSite\",\"@id\":\"https:\/\/www.ih.com.pl\/bielsko-biala\/#website\",\"url\":\"https:\/\/www.ih.com.pl\/bielsko-biala\/\",\"name\":\"IH Bielsko - Bia\u0142a\",\"description\":\"\",\"potentialAction\":[{\"@type\":\"SearchAction\",\"target\":{\"@type\":\"EntryPoint\",\"urlTemplate\":\"https:\/\/www.ih.com.pl\/bielsko-biala\/?s={search_term_string}\"},\"query-input\":{\"@type\":\"PropertyValueSpecification\",\"valueRequired\":true,\"valueName\":\"search_term_string\"}}],\"inLanguage\":\"pl-PL\"}]}<\/script>\n<!-- \/ Yoast SEO plugin. -->","yoast_head_json":{"title":"U\u017cyteczne linki - IH Bielsko - Bia\u0142a","robots":{"index":"index","follow":"follow","max-snippet":"max-snippet:-1","max-image-preview":"max-image-preview:large","max-video-preview":"max-video-preview:-1"},"canonical":"https:\/\/www.ih.com.pl\/bielsko-biala\/uzyteczne-linki\/","og_locale":"pl_PL","og_type":"article","og_title":"U\u017cyteczne linki - IH Bielsko - Bia\u0142a","og_description":"[vc_row][vc_column width=&#8221;1\/1&#8243;][vc_custom_heading]U\u017cyteczne linki[\/vc_custom_heading][vc_column_text][\/vc_column_text][vc_row_inner][vc_column_inner column_width_percent=&#8221;100&#8243; align_horizontal=&#8221;align_center&#8221; gutter_size=&#8221;3&#8243; overlay_alpha=&#8221;50&#8243; shift_x=&#8221;0&#8243; shift_y=&#8221;0&#8243; shift_y_down=&#8221;0&#8243; z_index=&#8221;0&#8243; medium_width=&#8221;0&#8243; mobile_width=&#8221;0&#8243; width=&#8221;1\/3&#8243;][vc_column_text] Wszystkie przydatne materia\u0142y dla kandydat\u00f3w w [&hellip;]","og_url":"https:\/\/www.ih.com.pl\/bielsko-biala\/uzyteczne-linki\/","og_site_name":"IH Bielsko - Bia\u0142a","article_modified_time":"2025-11-12T17:15:07+00:00","twitter_card":"summary_large_image","twitter_misc":{"Szacowany czas czytania":"2 minuty"},"schema":{"@context":"https:\/\/schema.org","@graph":[{"@type":"WebPage","@id":"https:\/\/www.ih.com.pl\/bielsko-biala\/uzyteczne-linki\/","url":"https:\/\/www.ih.com.pl\/bielsko-biala\/uzyteczne-linki\/","name":"U\u017cyteczne linki - IH Bielsko - Bia\u0142a","isPartOf":{"@id":"https:\/\/www.ih.com.pl\/bielsko-biala\/#website"},"datePublished":"2019-12-12T09:52:37+00:00","dateModified":"2025-11-12T17:15:07+00:00","breadcrumb":{"@id":"https:\/\/www.ih.com.pl\/bielsko-biala\/uzyteczne-linki\/#breadcrumb"},"inLanguage":"pl-PL","potentialAction":[{"@type":"ReadAction","target":["https:\/\/www.ih.com.pl\/bielsko-biala\/uzyteczne-linki\/"]}]},{"@type":"BreadcrumbList","@id":"https:\/\/www.ih.com.pl\/bielsko-biala\/uzyteczne-linki\/#breadcrumb","itemListElement":[{"@type":"ListItem","position":1,"name":"Strona g\u0142\u00f3wna","item":"https:\/\/www.ih.com.pl\/bielsko-biala\/"},{"@type":"ListItem","position":2,"name":"U\u017cyteczne linki"}]},{"@type":"WebSite","@id":"https:\/\/www.ih.com.pl\/bielsko-biala\/#website","url":"https:\/\/www.ih.com.pl\/bielsko-biala\/","name":"IH Bielsko - Bia\u0142a","description":"","potentialAction":[{"@type":"SearchAction","target":{"@type":"EntryPoint","urlTemplate":"https:\/\/www.ih.com.pl\/bielsko-biala\/?s={search_term_string}"},"query-input":{"@type":"PropertyValueSpecification","valueRequired":true,"valueName":"search_term_string"}}],"inLanguage":"pl-PL"}]}},"_links":{"self":[{"href":"https:\/\/www.ih.com.pl\/bielsko-biala\/wp-json\/wp\/v2\/pages\/396","targetHints":{"allow":["GET"]}}],"collection":[{"href":"https:\/\/www.ih.com.pl\/bielsko-biala\/wp-json\/wp\/v2\/pages"}],"about":[{"href":"https:\/\/www.ih.com.pl\/bielsko-biala\/wp-json\/wp\/v2\/types\/page"}],"author":[{"embeddable":true,"href":"https:\/\/www.ih.com.pl\/bielsko-biala\/wp-json\/wp\/v2\/users\/1"}],"replies":[{"embeddable":true,"href":"https:\/\/www.ih.com.pl\/bielsko-biala\/wp-json\/wp\/v2\/comments?post=396"}],"version-history":[{"count":8,"href":"https:\/\/www.ih.com.pl\/bielsko-biala\/wp-json\/wp\/v2\/pages\/396\/revisions"}],"predecessor-version":[{"id":5396,"href":"https:\/\/www.ih.com.pl\/bielsko-biala\/wp-json\/wp\/v2\/pages\/396\/revisions\/5396"}],"wp:attachment":[{"href":"https:\/\/www.ih.com.pl\/bielsko-biala\/wp-json\/wp\/v2\/media?parent=396"}],"curies":[{"name":"wp","href":"https:\/\/api.w.org\/{rel}","templated":true}]}}