{"id":408,"date":"2019-12-12T11:03:12","date_gmt":"2019-12-12T10:03:12","guid":{"rendered":"https:\/\/ih.wizjanet.pl\/bielsko-biala\/?page_id=408"},"modified":"2025-11-25T08:22:16","modified_gmt":"2025-11-25T07:22:16","slug":"kontakt","status":"publish","type":"page","link":"https:\/\/www.ih.com.pl\/bielsko-biala\/kontakt\/","title":{"rendered":"Kontakt"},"content":{"rendered":"<div class=\"wpb-content-wrapper\"><p>[vc_row][vc_column width=&#8221;1\/1&#8243;][vc_custom_heading]Kontakt[\/vc_custom_heading][vc_row_inner][vc_column_inner width=&#8221;1\/2&#8243;][vc_column_text]<strong>Centrum J\u0119zyk\u00f3w Obcych &#8222;International House&#8221; Bielsko-Bia\u0142a Sp. z o.o. prowadz\u0105ca Plac\u00f3wk\u0119 Kszta\u0142cenia Ustawicznego &#8222;International House Integra Bielsko&#8221;<br \/>\n<\/strong><\/p>\n<p>ul. Zielona 32, 43-300 Bielsko-Bia\u0142a<br \/>\ntel.: <a class=\"kontakt_phone\" href=\"tel:338223330\">(033) 822-33-30<\/a><br \/>\ntel kom. <a class=\"kontakt_phone\" href=\"tel:514752620\">514 752 620<\/a> (w godzinach pracy biura szko\u0142y)<br \/>\ne-mail: <a href=\"mailto:bielsko@ih.com.pl\">bielsko@ih.com.pl<\/a><br \/>\nadres do e-dor\u0119cze\u0144: AE:PL-94979-39694-HRWCJ-20<\/p>\n<p>Biuro szko\u0142y czynne jest:<br \/>\nod poniedzia\u0142ku do czwartku od 10:00 do 19:00<br \/>\nw pi\u0105tki od 9:30 do 17:30<br \/>\nza wyj\u0105tkiem dni \u015bwi\u0105tecznych oraz innych dni wolnych wynikaj\u0105cych z kalendarza szkolnego.<\/p>\n<p>W okresie wakacyjnym biuro szko\u0142y czynne jest od poniedzia\u0142ku do pi\u0105tku od 10:00 do 17:00.[\/vc_column_text][\/vc_column_inner][vc_column_inner width=&#8221;1\/2&#8243;][vc_column_text]<strong>Dane sp\u00f3\u0142ki:<\/strong><\/p>\n<p>NIP: 547-02-07-741<br \/>\nKRS 0000047809<br \/>\nS\u0105d Rejonowy w Bielsku- Bia\u0142ej<br \/>\n<strong>Konto:<\/strong><br \/>\nBank ING<br \/>\nnumer konta: 90 1050 1070 1000 0024 2372 0420[\/vc_column_text][\/vc_column_inner][\/vc_row_inner][vc_raw_html]JTNDaWZyYW1lJTIwc3JjJTNEJTIyaHR0cHMlM0ElMkYlMkZ3d3cuZ29vZ2xlLmNvbSUyRm1hcHMlMkZlbWJlZCUzRnBiJTNEJTIxMW0xOCUyMTFtMTIlMjExbTMlMjExZDI1NzQuNDA0NDA2NzEwMDczJTIxMmQxOS4wNDY0MjgzMTU3MDg1NTMlMjEzZDQ5LjgxNjA2Mzk3OTM5MjkxNSUyMTJtMyUyMTFmMCUyMTJmMCUyMTNmMCUyMTNtMiUyMTFpMTAyNCUyMTJpNzY4JTIxNGYxMy4xJTIxM20zJTIxMW0yJTIxMXMweDQ3MTY5ZjdjYzE2N2U1YTklMjUzQTB4NWU2ZGQwNzc0NDhjOTgwZCUyMTJzWmllbG9uYSUyNTIwMzIlMjUyQyUyNTIwNDMtMzAwJTI1MjBCaWVsc2tvLUJpYSUyNUM1JTI1ODJhJTIxNWUwJTIxM20yJTIxMXNwbCUyMTJzcGwlMjE0djE1NzYxNDQ5NzIzNjElMjE1bTIlMjExc3BsJTIxMnNwbCUyMiUyMHdpZHRoJTNEJTIyMTAwJTI1JTIyJTIwaGVpZ2h0JTNEJTIyNjAwJTIyJTIwZnJhbWVib3JkZXIlM0QlMjIwJTIyJTIwc3R5bGUlM0QlMjJib3JkZXIlM0EwJTNCJTIyJTIwYWxsb3dmdWxsc2NyZWVuJTNEJTIyJTIyJTNFJTNDJTJGaWZyYW1lJTNF[\/vc_raw_html][\/vc_column][\/vc_row]<\/p>\n<\/div>","protected":false},"excerpt":{"rendered":"<p>[vc_row][vc_column width=&#8221;1\/1&#8243;][vc_custom_heading]Kontakt[\/vc_custom_heading][vc_row_inner][vc_column_inner width=&#8221;1\/2&#8243;][vc_column_text]Centrum J\u0119zyk\u00f3w Obcych &#8222;International House&#8221; Bielsko-Bia\u0142a Sp. z o.o. prowadz\u0105ca Plac\u00f3wk\u0119 Kszta\u0142cenia Ustawicznego &#8222;International House Integra Bielsko&#8221; ul. [&hellip;]<\/p>\n","protected":false},"author":1,"featured_media":0,"parent":0,"menu_order":0,"comment_status":"closed","ping_status":"closed","template":"","meta":{"footnotes":""},"class_list":["post-408","page","type-page","status-publish","hentry"],"yoast_head":"<!-- This site is optimized with the Yoast SEO plugin v26.8 - https:\/\/yoast.com\/product\/yoast-seo-wordpress\/ -->\n<title>Kontakt - IH Bielsko - Bia\u0142a<\/title>\n<meta name=\"robots\" content=\"index, follow, max-snippet:-1, max-image-preview:large, max-video-preview:-1\" \/>\n<link rel=\"canonical\" href=\"https:\/\/www.ih.com.pl\/bielsko-biala\/kontakt\/\" \/>\n<meta property=\"og:locale\" content=\"pl_PL\" \/>\n<meta property=\"og:type\" content=\"article\" \/>\n<meta property=\"og:title\" content=\"Kontakt - IH Bielsko - Bia\u0142a\" \/>\n<meta property=\"og:description\" content=\"[vc_row][vc_column width=&#8221;1\/1&#8243;][vc_custom_heading]Kontakt[\/vc_custom_heading][vc_row_inner][vc_column_inner width=&#8221;1\/2&#8243;][vc_column_text]Centrum J\u0119zyk\u00f3w Obcych &#8222;International House&#8221; Bielsko-Bia\u0142a Sp. z o.o. prowadz\u0105ca Plac\u00f3wk\u0119 Kszta\u0142cenia Ustawicznego &#8222;International House Integra Bielsko&#8221; ul. [&hellip;]\" \/>\n<meta property=\"og:url\" content=\"https:\/\/www.ih.com.pl\/bielsko-biala\/kontakt\/\" \/>\n<meta property=\"og:site_name\" content=\"IH Bielsko - Bia\u0142a\" \/>\n<meta property=\"article:modified_time\" content=\"2025-11-25T07:22:16+00:00\" \/>\n<meta name=\"twitter:card\" content=\"summary_large_image\" \/>\n<meta name=\"twitter:label1\" content=\"Szacowany czas czytania\" \/>\n\t<meta name=\"twitter:data1\" content=\"1 minuta\" \/>\n<script type=\"application\/ld+json\" class=\"yoast-schema-graph\">{\"@context\":\"https:\/\/schema.org\",\"@graph\":[{\"@type\":\"WebPage\",\"@id\":\"https:\/\/www.ih.com.pl\/bielsko-biala\/kontakt\/\",\"url\":\"https:\/\/www.ih.com.pl\/bielsko-biala\/kontakt\/\",\"name\":\"Kontakt - IH Bielsko - Bia\u0142a\",\"isPartOf\":{\"@id\":\"https:\/\/www.ih.com.pl\/bielsko-biala\/#website\"},\"datePublished\":\"2019-12-12T10:03:12+00:00\",\"dateModified\":\"2025-11-25T07:22:16+00:00\",\"breadcrumb\":{\"@id\":\"https:\/\/www.ih.com.pl\/bielsko-biala\/kontakt\/#breadcrumb\"},\"inLanguage\":\"pl-PL\",\"potentialAction\":[{\"@type\":\"ReadAction\",\"target\":[\"https:\/\/www.ih.com.pl\/bielsko-biala\/kontakt\/\"]}]},{\"@type\":\"BreadcrumbList\",\"@id\":\"https:\/\/www.ih.com.pl\/bielsko-biala\/kontakt\/#breadcrumb\",\"itemListElement\":[{\"@type\":\"ListItem\",\"position\":1,\"name\":\"Strona g\u0142\u00f3wna\",\"item\":\"https:\/\/www.ih.com.pl\/bielsko-biala\/\"},{\"@type\":\"ListItem\",\"position\":2,\"name\":\"Kontakt\"}]},{\"@type\":\"WebSite\",\"@id\":\"https:\/\/www.ih.com.pl\/bielsko-biala\/#website\",\"url\":\"https:\/\/www.ih.com.pl\/bielsko-biala\/\",\"name\":\"IH Bielsko - Bia\u0142a\",\"description\":\"\",\"potentialAction\":[{\"@type\":\"SearchAction\",\"target\":{\"@type\":\"EntryPoint\",\"urlTemplate\":\"https:\/\/www.ih.com.pl\/bielsko-biala\/?s={search_term_string}\"},\"query-input\":{\"@type\":\"PropertyValueSpecification\",\"valueRequired\":true,\"valueName\":\"search_term_string\"}}],\"inLanguage\":\"pl-PL\"}]}<\/script>\n<!-- \/ Yoast SEO plugin. -->","yoast_head_json":{"title":"Kontakt - IH Bielsko - Bia\u0142a","robots":{"index":"index","follow":"follow","max-snippet":"max-snippet:-1","max-image-preview":"max-image-preview:large","max-video-preview":"max-video-preview:-1"},"canonical":"https:\/\/www.ih.com.pl\/bielsko-biala\/kontakt\/","og_locale":"pl_PL","og_type":"article","og_title":"Kontakt - IH Bielsko - Bia\u0142a","og_description":"[vc_row][vc_column width=&#8221;1\/1&#8243;][vc_custom_heading]Kontakt[\/vc_custom_heading][vc_row_inner][vc_column_inner width=&#8221;1\/2&#8243;][vc_column_text]Centrum J\u0119zyk\u00f3w Obcych &#8222;International House&#8221; Bielsko-Bia\u0142a Sp. z o.o. prowadz\u0105ca Plac\u00f3wk\u0119 Kszta\u0142cenia Ustawicznego &#8222;International House Integra Bielsko&#8221; ul. [&hellip;]","og_url":"https:\/\/www.ih.com.pl\/bielsko-biala\/kontakt\/","og_site_name":"IH Bielsko - Bia\u0142a","article_modified_time":"2025-11-25T07:22:16+00:00","twitter_card":"summary_large_image","twitter_misc":{"Szacowany czas czytania":"1 minuta"},"schema":{"@context":"https:\/\/schema.org","@graph":[{"@type":"WebPage","@id":"https:\/\/www.ih.com.pl\/bielsko-biala\/kontakt\/","url":"https:\/\/www.ih.com.pl\/bielsko-biala\/kontakt\/","name":"Kontakt - IH Bielsko - Bia\u0142a","isPartOf":{"@id":"https:\/\/www.ih.com.pl\/bielsko-biala\/#website"},"datePublished":"2019-12-12T10:03:12+00:00","dateModified":"2025-11-25T07:22:16+00:00","breadcrumb":{"@id":"https:\/\/www.ih.com.pl\/bielsko-biala\/kontakt\/#breadcrumb"},"inLanguage":"pl-PL","potentialAction":[{"@type":"ReadAction","target":["https:\/\/www.ih.com.pl\/bielsko-biala\/kontakt\/"]}]},{"@type":"BreadcrumbList","@id":"https:\/\/www.ih.com.pl\/bielsko-biala\/kontakt\/#breadcrumb","itemListElement":[{"@type":"ListItem","position":1,"name":"Strona g\u0142\u00f3wna","item":"https:\/\/www.ih.com.pl\/bielsko-biala\/"},{"@type":"ListItem","position":2,"name":"Kontakt"}]},{"@type":"WebSite","@id":"https:\/\/www.ih.com.pl\/bielsko-biala\/#website","url":"https:\/\/www.ih.com.pl\/bielsko-biala\/","name":"IH Bielsko - Bia\u0142a","description":"","potentialAction":[{"@type":"SearchAction","target":{"@type":"EntryPoint","urlTemplate":"https:\/\/www.ih.com.pl\/bielsko-biala\/?s={search_term_string}"},"query-input":{"@type":"PropertyValueSpecification","valueRequired":true,"valueName":"search_term_string"}}],"inLanguage":"pl-PL"}]}},"_links":{"self":[{"href":"https:\/\/www.ih.com.pl\/bielsko-biala\/wp-json\/wp\/v2\/pages\/408","targetHints":{"allow":["GET"]}}],"collection":[{"href":"https:\/\/www.ih.com.pl\/bielsko-biala\/wp-json\/wp\/v2\/pages"}],"about":[{"href":"https:\/\/www.ih.com.pl\/bielsko-biala\/wp-json\/wp\/v2\/types\/page"}],"author":[{"embeddable":true,"href":"https:\/\/www.ih.com.pl\/bielsko-biala\/wp-json\/wp\/v2\/users\/1"}],"replies":[{"embeddable":true,"href":"https:\/\/www.ih.com.pl\/bielsko-biala\/wp-json\/wp\/v2\/comments?post=408"}],"version-history":[{"count":9,"href":"https:\/\/www.ih.com.pl\/bielsko-biala\/wp-json\/wp\/v2\/pages\/408\/revisions"}],"predecessor-version":[{"id":5403,"href":"https:\/\/www.ih.com.pl\/bielsko-biala\/wp-json\/wp\/v2\/pages\/408\/revisions\/5403"}],"wp:attachment":[{"href":"https:\/\/www.ih.com.pl\/bielsko-biala\/wp-json\/wp\/v2\/media?parent=408"}],"curies":[{"name":"wp","href":"https:\/\/api.w.org\/{rel}","templated":true}]}}