{"id":4094,"date":"2023-05-26T12:53:13","date_gmt":"2023-05-26T10:53:13","guid":{"rendered":"https:\/\/www.ih.com.pl\/bielsko-biala\/?page_id=4094"},"modified":"2023-06-15T07:55:18","modified_gmt":"2023-06-15T05:55:18","slug":"zajecia-dla-uczniow-klas-iv-vi","status":"publish","type":"page","link":"https:\/\/www.ih.com.pl\/bielsko-biala\/zajecia-dla-uczniow-klas-iv-vi\/","title":{"rendered":"Zaj\u0119cia dla uczni\u00f3w klas IV-VI"},"content":{"rendered":"<div class=\"wpb-content-wrapper\"><p>[vc_row][vc_column width=&#8221;1\/2&#8243;][vc_custom_heading]Wake-up call, czyli pobudka po angielsku[\/vc_custom_heading][vc_column_text]Nie b\u0105d\u017a \u015bpiochem, obud\u017a si\u0119 do \u017cycia z IH !<\/p>\n<ul>\n<li>zaj\u0119cia dla uczni\u00f3w z klas IV-VI<\/li>\n<li>lekka, wakacyjna formu\u0142a kursu j\u0119zyka angielskiego<\/li>\n<li>miks nauki i aktywno\u015bci fizycznej, czyli przyjemne z po\u017cytecznym, w ca\u0142o\u015bci po angielsku<\/li>\n<li>zaj\u0119cia startuj\u0105 w ka\u017cdy poniedzia\u0142ek lipca w godzinach od 10:30-12:00<br \/>\n03-07.07<br \/>\n10-14.07<br \/>\n24-28.07<\/li>\n<li>poprowadzi je Miles- lektor angloj\u0119zyczny<\/li>\n<li>cena za tygodniowy blok zaj\u0119\u0107 (od poniedzia\u0142ku do pi\u0105tku) 299 z\u0142<\/li>\n<\/ul>\n<p>Zapisy prowadzimy poprzez formularz <a href=\"https:\/\/forms.gle\/RLViSLfVbL7moYt86\" target=\"_blank\" rel=\"noopener noreferrer\">https:\/\/forms.gle\/RLViSLfVbL7moYt86<\/a><\/p>\n<p>W razie pyta\u0144 prosimy o kontakt telefoniczny 33 822 33 30 lub 514 752 620 lub mailowo bielsko@ih.com.pl[\/vc_column_text][\/vc_column][vc_column width=&#8221;1\/2&#8243;][vc_empty_space empty_h=&#8221;3&#8243;][vc_single_image media=&#8221;4176&#8243; media_width_percent=&#8221;100&#8243; shape=&#8221;img-circle&#8221;][\/vc_column][\/vc_row]<\/p>\n<\/div>","protected":false},"excerpt":{"rendered":"<p>[vc_row][vc_column width=&#8221;1\/2&#8243;][vc_custom_heading]Wake-up call, czyli pobudka po angielsku[\/vc_custom_heading][vc_column_text]Nie b\u0105d\u017a \u015bpiochem, obud\u017a si\u0119 do \u017cycia z IH ! zaj\u0119cia dla uczni\u00f3w z [&hellip;]<\/p>\n","protected":false},"author":4,"featured_media":0,"parent":0,"menu_order":0,"comment_status":"closed","ping_status":"closed","template":"","meta":{"footnotes":""},"class_list":["post-4094","page","type-page","status-publish","hentry"],"yoast_head":"<!-- This site is optimized with the Yoast SEO plugin v26.8 - https:\/\/yoast.com\/product\/yoast-seo-wordpress\/ -->\n<title>Zaj\u0119cia dla uczni\u00f3w klas IV-VI - IH Bielsko - Bia\u0142a<\/title>\n<meta name=\"robots\" content=\"index, follow, max-snippet:-1, max-image-preview:large, max-video-preview:-1\" \/>\n<link rel=\"canonical\" href=\"https:\/\/www.ih.com.pl\/bielsko-biala\/zajecia-dla-uczniow-klas-iv-vi\/\" \/>\n<meta property=\"og:locale\" content=\"pl_PL\" \/>\n<meta property=\"og:type\" content=\"article\" \/>\n<meta property=\"og:title\" content=\"Zaj\u0119cia dla uczni\u00f3w klas IV-VI - IH Bielsko - Bia\u0142a\" \/>\n<meta property=\"og:description\" content=\"[vc_row][vc_column width=&#8221;1\/2&#8243;][vc_custom_heading]Wake-up call, czyli pobudka po angielsku[\/vc_custom_heading][vc_column_text]Nie b\u0105d\u017a \u015bpiochem, obud\u017a si\u0119 do \u017cycia z IH ! zaj\u0119cia dla uczni\u00f3w z [&hellip;]\" \/>\n<meta property=\"og:url\" content=\"https:\/\/www.ih.com.pl\/bielsko-biala\/zajecia-dla-uczniow-klas-iv-vi\/\" \/>\n<meta property=\"og:site_name\" content=\"IH Bielsko - Bia\u0142a\" \/>\n<meta property=\"article:modified_time\" content=\"2023-06-15T05:55:18+00:00\" \/>\n<meta name=\"twitter:card\" content=\"summary_large_image\" \/>\n<meta name=\"twitter:label1\" content=\"Szacowany czas czytania\" \/>\n\t<meta name=\"twitter:data1\" content=\"1 minuta\" \/>\n<script type=\"application\/ld+json\" class=\"yoast-schema-graph\">{\"@context\":\"https:\/\/schema.org\",\"@graph\":[{\"@type\":\"WebPage\",\"@id\":\"https:\/\/www.ih.com.pl\/bielsko-biala\/zajecia-dla-uczniow-klas-iv-vi\/\",\"url\":\"https:\/\/www.ih.com.pl\/bielsko-biala\/zajecia-dla-uczniow-klas-iv-vi\/\",\"name\":\"Zaj\u0119cia dla uczni\u00f3w klas IV-VI - IH Bielsko - Bia\u0142a\",\"isPartOf\":{\"@id\":\"https:\/\/www.ih.com.pl\/bielsko-biala\/#website\"},\"datePublished\":\"2023-05-26T10:53:13+00:00\",\"dateModified\":\"2023-06-15T05:55:18+00:00\",\"breadcrumb\":{\"@id\":\"https:\/\/www.ih.com.pl\/bielsko-biala\/zajecia-dla-uczniow-klas-iv-vi\/#breadcrumb\"},\"inLanguage\":\"pl-PL\",\"potentialAction\":[{\"@type\":\"ReadAction\",\"target\":[\"https:\/\/www.ih.com.pl\/bielsko-biala\/zajecia-dla-uczniow-klas-iv-vi\/\"]}]},{\"@type\":\"BreadcrumbList\",\"@id\":\"https:\/\/www.ih.com.pl\/bielsko-biala\/zajecia-dla-uczniow-klas-iv-vi\/#breadcrumb\",\"itemListElement\":[{\"@type\":\"ListItem\",\"position\":1,\"name\":\"Strona g\u0142\u00f3wna\",\"item\":\"https:\/\/www.ih.com.pl\/bielsko-biala\/\"},{\"@type\":\"ListItem\",\"position\":2,\"name\":\"Zaj\u0119cia dla uczni\u00f3w klas IV-VI\"}]},{\"@type\":\"WebSite\",\"@id\":\"https:\/\/www.ih.com.pl\/bielsko-biala\/#website\",\"url\":\"https:\/\/www.ih.com.pl\/bielsko-biala\/\",\"name\":\"IH Bielsko - Bia\u0142a\",\"description\":\"\",\"potentialAction\":[{\"@type\":\"SearchAction\",\"target\":{\"@type\":\"EntryPoint\",\"urlTemplate\":\"https:\/\/www.ih.com.pl\/bielsko-biala\/?s={search_term_string}\"},\"query-input\":{\"@type\":\"PropertyValueSpecification\",\"valueRequired\":true,\"valueName\":\"search_term_string\"}}],\"inLanguage\":\"pl-PL\"}]}<\/script>\n<!-- \/ Yoast SEO plugin. -->","yoast_head_json":{"title":"Zaj\u0119cia dla uczni\u00f3w klas IV-VI - IH Bielsko - Bia\u0142a","robots":{"index":"index","follow":"follow","max-snippet":"max-snippet:-1","max-image-preview":"max-image-preview:large","max-video-preview":"max-video-preview:-1"},"canonical":"https:\/\/www.ih.com.pl\/bielsko-biala\/zajecia-dla-uczniow-klas-iv-vi\/","og_locale":"pl_PL","og_type":"article","og_title":"Zaj\u0119cia dla uczni\u00f3w klas IV-VI - IH Bielsko - Bia\u0142a","og_description":"[vc_row][vc_column width=&#8221;1\/2&#8243;][vc_custom_heading]Wake-up call, czyli pobudka po angielsku[\/vc_custom_heading][vc_column_text]Nie b\u0105d\u017a \u015bpiochem, obud\u017a si\u0119 do \u017cycia z IH ! zaj\u0119cia dla uczni\u00f3w z [&hellip;]","og_url":"https:\/\/www.ih.com.pl\/bielsko-biala\/zajecia-dla-uczniow-klas-iv-vi\/","og_site_name":"IH Bielsko - Bia\u0142a","article_modified_time":"2023-06-15T05:55:18+00:00","twitter_card":"summary_large_image","twitter_misc":{"Szacowany czas czytania":"1 minuta"},"schema":{"@context":"https:\/\/schema.org","@graph":[{"@type":"WebPage","@id":"https:\/\/www.ih.com.pl\/bielsko-biala\/zajecia-dla-uczniow-klas-iv-vi\/","url":"https:\/\/www.ih.com.pl\/bielsko-biala\/zajecia-dla-uczniow-klas-iv-vi\/","name":"Zaj\u0119cia dla uczni\u00f3w klas IV-VI - IH Bielsko - Bia\u0142a","isPartOf":{"@id":"https:\/\/www.ih.com.pl\/bielsko-biala\/#website"},"datePublished":"2023-05-26T10:53:13+00:00","dateModified":"2023-06-15T05:55:18+00:00","breadcrumb":{"@id":"https:\/\/www.ih.com.pl\/bielsko-biala\/zajecia-dla-uczniow-klas-iv-vi\/#breadcrumb"},"inLanguage":"pl-PL","potentialAction":[{"@type":"ReadAction","target":["https:\/\/www.ih.com.pl\/bielsko-biala\/zajecia-dla-uczniow-klas-iv-vi\/"]}]},{"@type":"BreadcrumbList","@id":"https:\/\/www.ih.com.pl\/bielsko-biala\/zajecia-dla-uczniow-klas-iv-vi\/#breadcrumb","itemListElement":[{"@type":"ListItem","position":1,"name":"Strona g\u0142\u00f3wna","item":"https:\/\/www.ih.com.pl\/bielsko-biala\/"},{"@type":"ListItem","position":2,"name":"Zaj\u0119cia dla uczni\u00f3w klas IV-VI"}]},{"@type":"WebSite","@id":"https:\/\/www.ih.com.pl\/bielsko-biala\/#website","url":"https:\/\/www.ih.com.pl\/bielsko-biala\/","name":"IH Bielsko - Bia\u0142a","description":"","potentialAction":[{"@type":"SearchAction","target":{"@type":"EntryPoint","urlTemplate":"https:\/\/www.ih.com.pl\/bielsko-biala\/?s={search_term_string}"},"query-input":{"@type":"PropertyValueSpecification","valueRequired":true,"valueName":"search_term_string"}}],"inLanguage":"pl-PL"}]}},"_links":{"self":[{"href":"https:\/\/www.ih.com.pl\/bielsko-biala\/wp-json\/wp\/v2\/pages\/4094","targetHints":{"allow":["GET"]}}],"collection":[{"href":"https:\/\/www.ih.com.pl\/bielsko-biala\/wp-json\/wp\/v2\/pages"}],"about":[{"href":"https:\/\/www.ih.com.pl\/bielsko-biala\/wp-json\/wp\/v2\/types\/page"}],"author":[{"embeddable":true,"href":"https:\/\/www.ih.com.pl\/bielsko-biala\/wp-json\/wp\/v2\/users\/4"}],"replies":[{"embeddable":true,"href":"https:\/\/www.ih.com.pl\/bielsko-biala\/wp-json\/wp\/v2\/comments?post=4094"}],"version-history":[{"count":10,"href":"https:\/\/www.ih.com.pl\/bielsko-biala\/wp-json\/wp\/v2\/pages\/4094\/revisions"}],"predecessor-version":[{"id":4202,"href":"https:\/\/www.ih.com.pl\/bielsko-biala\/wp-json\/wp\/v2\/pages\/4094\/revisions\/4202"}],"wp:attachment":[{"href":"https:\/\/www.ih.com.pl\/bielsko-biala\/wp-json\/wp\/v2\/media?parent=4094"}],"curies":[{"name":"wp","href":"https:\/\/api.w.org\/{rel}","templated":true}]}}