{"id":4111,"date":"2023-05-26T13:22:27","date_gmt":"2023-05-26T11:22:27","guid":{"rendered":"https:\/\/www.ih.com.pl\/bielsko-biala\/?page_id=4111"},"modified":"2023-05-30T13:47:59","modified_gmt":"2023-05-30T11:47:59","slug":"konwersacje-dla-doroslych","status":"publish","type":"page","link":"https:\/\/www.ih.com.pl\/bielsko-biala\/konwersacje-dla-doroslych\/","title":{"rendered":"Konwersacje dla doros\u0142ych"},"content":{"rendered":"<div class=\"wpb-content-wrapper\"><p>[vc_row][vc_column width=&#8221;1\/1&#8243;][vc_custom_heading text_size=&#8221;bigtext&#8221;]<strong>Konwersacje dla doros\u0142ych<\/strong>[\/vc_custom_heading][vc_separator sep_color=&#8221;color-jevc&#8221;][\/vc_column][\/vc_row][vc_row][vc_column column_width_percent=&#8221;100&#8243; gutter_size=&#8221;3&#8243; overlay_alpha=&#8221;50&#8243; shift_x=&#8221;0&#8243; shift_y=&#8221;0&#8243; shift_y_down=&#8221;0&#8243; z_index=&#8221;0&#8243; medium_width=&#8221;0&#8243; mobile_width=&#8221;0&#8243; width=&#8221;1\/2&#8243;][vc_custom_heading]English breakfast, czyli konwersacje przy porannej kawie[\/vc_custom_heading][vc_column_text]<\/p>\n<ul>\n<li>rozmowy przy porannej kawie lub herbacie o bie\u017c\u0105cych wydarzeniach<\/li>\n<li>zaj\u0119cia od poniedzia\u0142ku do pi\u0105tku w godzinach 9:00-10:00<\/li>\n<li>startujemy w ka\u017cdy poniedzia\u0142ek lipca, czyli<br \/>\n03-07.07<br \/>\n10-14.07<br \/>\n17-21.07<br \/>\n24-28.07<\/li>\n<li>zaj\u0119cia prowadzi nauczyciel angloj\u0119zyczny<\/li>\n<li>spotkania prowadzone s\u0105 przez platform\u0119 Zoom &#8211; nie musisz wychodzi\u0107 z domu, by po\u0107wiczy\u0107 sw\u00f3j angielski<\/li>\n<li>cena 249 z\u0142 za jeden blok tygodniowy (od poniedzia\u0142ku do pi\u0105tku)<\/li>\n<\/ul>\n<p>Zg\u0142oszenia przyjmujemy elektronicznie poprzez formularz <a href=\"https:\/\/forms.gle\/ZX2u3Xpb3eFdLFAd7\" target=\"_blank\" rel=\"noopener noreferrer\">https:\/\/forms.gle\/ZX2u3Xpb3eFdLFAd7<\/a><\/p>\n<p>Szczeg\u00f3\u0142owych informacji udziela recepcja szko\u0142y pod nr 33 822 33 30 lub 514 752 620.[\/vc_column_text][vc_separator sep_color=&#8221;color-jevc&#8221;][\/vc_column][vc_column column_width_percent=&#8221;100&#8243; gutter_size=&#8221;3&#8243; overlay_alpha=&#8221;50&#8243; shift_x=&#8221;0&#8243; shift_y=&#8221;0&#8243; shift_y_down=&#8221;0&#8243; z_index=&#8221;0&#8243; medium_width=&#8221;0&#8243; mobile_width=&#8221;0&#8243; width=&#8221;1\/2&#8243;][vc_empty_space empty_h=&#8221;2&#8243;][vc_single_image media=&#8221;4161&#8243; media_width_percent=&#8221;100&#8243; shape=&#8221;img-circle&#8221;][\/vc_column][\/vc_row][vc_row][vc_column width=&#8221;1\/2&#8243;][vc_custom_heading]<\/p>\n<p>Lunch chit-chat, czyli popo\u0142udniowy przegl\u0105d breaking news[\/vc_custom_heading][vc_column_text]<\/p>\n<ul>\n<li>popo\u0142udniowy przegl\u0105d breaking news, czyli konwersacje o tym co si\u0119 dzieje<\/li>\n<li>zaj\u0119cia od poniedzia\u0142ku do pi\u0105tku w godzinach 15:00-16:00<\/li>\n<li>startujemy w ka\u017cdy poniedzia\u0142ek lipca, czyli<br \/>\n03-07.07<br \/>\n10-14.07<br \/>\n17-21.07<br \/>\n24-28.07<\/li>\n<li>spotkania prowadzone s\u0105 przez platform\u0119 Zoom &#8211; nie musisz wychodzi\u0107 z domu, by po\u0107wiczy\u0107 sw\u00f3j angielski<\/li>\n<li>cena 249 z\u0142 za jeden blok tygodniowy (od poniedzia\u0142ku do pi\u0105tku)<\/li>\n<\/ul>\n<p>Zg\u0142oszenia przyjmujemy elektronicznie poprzez formularz <a href=\"https:\/\/forms.gle\/rioDM5qJDtRf7aeW8\" target=\"_blank\" rel=\"noopener noreferrer\">https:\/\/forms.gle\/ZX2u3Xpb3eFdLFAd7<\/a><\/p>\n<p>Szczeg\u00f3\u0142owych informacji udziela recepcja szko\u0142y pod nr 33 822 33 30 lub 514 752 620[\/vc_column_text][\/vc_column][vc_column width=&#8221;1\/2&#8243;][vc_single_image media=&#8221;4168&#8243; media_width_percent=&#8221;100&#8243; shape=&#8221;img-circle&#8221;][\/vc_column][\/vc_row]<\/p>\n<\/div>","protected":false},"excerpt":{"rendered":"<p>[vc_row][vc_column width=&#8221;1\/1&#8243;][vc_custom_heading text_size=&#8221;bigtext&#8221;]Konwersacje dla doros\u0142ych[\/vc_custom_heading][vc_separator sep_color=&#8221;color-jevc&#8221;][\/vc_column][\/vc_row][vc_row][vc_column column_width_percent=&#8221;100&#8243; gutter_size=&#8221;3&#8243; overlay_alpha=&#8221;50&#8243; shift_x=&#8221;0&#8243; shift_y=&#8221;0&#8243; shift_y_down=&#8221;0&#8243; z_index=&#8221;0&#8243; medium_width=&#8221;0&#8243; mobile_width=&#8221;0&#8243; width=&#8221;1\/2&#8243;][vc_custom_heading]English breakfast, czyli konwersacje przy [&hellip;]<\/p>\n","protected":false},"author":4,"featured_media":0,"parent":0,"menu_order":0,"comment_status":"closed","ping_status":"closed","template":"","meta":{"footnotes":""},"class_list":["post-4111","page","type-page","status-publish","hentry"],"yoast_head":"<!-- This site is optimized with the Yoast SEO plugin v26.8 - https:\/\/yoast.com\/product\/yoast-seo-wordpress\/ -->\n<title>Konwersacje dla doros\u0142ych - IH Bielsko - Bia\u0142a<\/title>\n<meta name=\"robots\" content=\"index, follow, max-snippet:-1, max-image-preview:large, max-video-preview:-1\" \/>\n<link rel=\"canonical\" href=\"https:\/\/www.ih.com.pl\/bielsko-biala\/konwersacje-dla-doroslych\/\" \/>\n<meta property=\"og:locale\" content=\"pl_PL\" \/>\n<meta property=\"og:type\" content=\"article\" \/>\n<meta property=\"og:title\" content=\"Konwersacje dla doros\u0142ych - IH Bielsko - Bia\u0142a\" \/>\n<meta property=\"og:description\" content=\"[vc_row][vc_column width=&#8221;1\/1&#8243;][vc_custom_heading text_size=&#8221;bigtext&#8221;]Konwersacje dla doros\u0142ych[\/vc_custom_heading][vc_separator sep_color=&#8221;color-jevc&#8221;][\/vc_column][\/vc_row][vc_row][vc_column column_width_percent=&#8221;100&#8243; gutter_size=&#8221;3&#8243; overlay_alpha=&#8221;50&#8243; shift_x=&#8221;0&#8243; shift_y=&#8221;0&#8243; shift_y_down=&#8221;0&#8243; z_index=&#8221;0&#8243; medium_width=&#8221;0&#8243; mobile_width=&#8221;0&#8243; width=&#8221;1\/2&#8243;][vc_custom_heading]English breakfast, czyli konwersacje przy [&hellip;]\" \/>\n<meta property=\"og:url\" content=\"https:\/\/www.ih.com.pl\/bielsko-biala\/konwersacje-dla-doroslych\/\" \/>\n<meta property=\"og:site_name\" content=\"IH Bielsko - Bia\u0142a\" \/>\n<meta property=\"article:modified_time\" content=\"2023-05-30T11:47:59+00:00\" \/>\n<meta name=\"twitter:card\" content=\"summary_large_image\" \/>\n<meta name=\"twitter:label1\" content=\"Szacowany czas czytania\" \/>\n\t<meta name=\"twitter:data1\" content=\"2 minuty\" \/>\n<script type=\"application\/ld+json\" class=\"yoast-schema-graph\">{\"@context\":\"https:\/\/schema.org\",\"@graph\":[{\"@type\":\"WebPage\",\"@id\":\"https:\/\/www.ih.com.pl\/bielsko-biala\/konwersacje-dla-doroslych\/\",\"url\":\"https:\/\/www.ih.com.pl\/bielsko-biala\/konwersacje-dla-doroslych\/\",\"name\":\"Konwersacje dla doros\u0142ych - IH Bielsko - Bia\u0142a\",\"isPartOf\":{\"@id\":\"https:\/\/www.ih.com.pl\/bielsko-biala\/#website\"},\"datePublished\":\"2023-05-26T11:22:27+00:00\",\"dateModified\":\"2023-05-30T11:47:59+00:00\",\"breadcrumb\":{\"@id\":\"https:\/\/www.ih.com.pl\/bielsko-biala\/konwersacje-dla-doroslych\/#breadcrumb\"},\"inLanguage\":\"pl-PL\",\"potentialAction\":[{\"@type\":\"ReadAction\",\"target\":[\"https:\/\/www.ih.com.pl\/bielsko-biala\/konwersacje-dla-doroslych\/\"]}]},{\"@type\":\"BreadcrumbList\",\"@id\":\"https:\/\/www.ih.com.pl\/bielsko-biala\/konwersacje-dla-doroslych\/#breadcrumb\",\"itemListElement\":[{\"@type\":\"ListItem\",\"position\":1,\"name\":\"Strona g\u0142\u00f3wna\",\"item\":\"https:\/\/www.ih.com.pl\/bielsko-biala\/\"},{\"@type\":\"ListItem\",\"position\":2,\"name\":\"Konwersacje dla doros\u0142ych\"}]},{\"@type\":\"WebSite\",\"@id\":\"https:\/\/www.ih.com.pl\/bielsko-biala\/#website\",\"url\":\"https:\/\/www.ih.com.pl\/bielsko-biala\/\",\"name\":\"IH Bielsko - Bia\u0142a\",\"description\":\"\",\"potentialAction\":[{\"@type\":\"SearchAction\",\"target\":{\"@type\":\"EntryPoint\",\"urlTemplate\":\"https:\/\/www.ih.com.pl\/bielsko-biala\/?s={search_term_string}\"},\"query-input\":{\"@type\":\"PropertyValueSpecification\",\"valueRequired\":true,\"valueName\":\"search_term_string\"}}],\"inLanguage\":\"pl-PL\"}]}<\/script>\n<!-- \/ Yoast SEO plugin. -->","yoast_head_json":{"title":"Konwersacje dla doros\u0142ych - IH Bielsko - Bia\u0142a","robots":{"index":"index","follow":"follow","max-snippet":"max-snippet:-1","max-image-preview":"max-image-preview:large","max-video-preview":"max-video-preview:-1"},"canonical":"https:\/\/www.ih.com.pl\/bielsko-biala\/konwersacje-dla-doroslych\/","og_locale":"pl_PL","og_type":"article","og_title":"Konwersacje dla doros\u0142ych - IH Bielsko - Bia\u0142a","og_description":"[vc_row][vc_column width=&#8221;1\/1&#8243;][vc_custom_heading text_size=&#8221;bigtext&#8221;]Konwersacje dla doros\u0142ych[\/vc_custom_heading][vc_separator sep_color=&#8221;color-jevc&#8221;][\/vc_column][\/vc_row][vc_row][vc_column column_width_percent=&#8221;100&#8243; gutter_size=&#8221;3&#8243; overlay_alpha=&#8221;50&#8243; shift_x=&#8221;0&#8243; shift_y=&#8221;0&#8243; shift_y_down=&#8221;0&#8243; z_index=&#8221;0&#8243; medium_width=&#8221;0&#8243; mobile_width=&#8221;0&#8243; width=&#8221;1\/2&#8243;][vc_custom_heading]English breakfast, czyli konwersacje przy [&hellip;]","og_url":"https:\/\/www.ih.com.pl\/bielsko-biala\/konwersacje-dla-doroslych\/","og_site_name":"IH Bielsko - Bia\u0142a","article_modified_time":"2023-05-30T11:47:59+00:00","twitter_card":"summary_large_image","twitter_misc":{"Szacowany czas czytania":"2 minuty"},"schema":{"@context":"https:\/\/schema.org","@graph":[{"@type":"WebPage","@id":"https:\/\/www.ih.com.pl\/bielsko-biala\/konwersacje-dla-doroslych\/","url":"https:\/\/www.ih.com.pl\/bielsko-biala\/konwersacje-dla-doroslych\/","name":"Konwersacje dla doros\u0142ych - IH Bielsko - Bia\u0142a","isPartOf":{"@id":"https:\/\/www.ih.com.pl\/bielsko-biala\/#website"},"datePublished":"2023-05-26T11:22:27+00:00","dateModified":"2023-05-30T11:47:59+00:00","breadcrumb":{"@id":"https:\/\/www.ih.com.pl\/bielsko-biala\/konwersacje-dla-doroslych\/#breadcrumb"},"inLanguage":"pl-PL","potentialAction":[{"@type":"ReadAction","target":["https:\/\/www.ih.com.pl\/bielsko-biala\/konwersacje-dla-doroslych\/"]}]},{"@type":"BreadcrumbList","@id":"https:\/\/www.ih.com.pl\/bielsko-biala\/konwersacje-dla-doroslych\/#breadcrumb","itemListElement":[{"@type":"ListItem","position":1,"name":"Strona g\u0142\u00f3wna","item":"https:\/\/www.ih.com.pl\/bielsko-biala\/"},{"@type":"ListItem","position":2,"name":"Konwersacje dla doros\u0142ych"}]},{"@type":"WebSite","@id":"https:\/\/www.ih.com.pl\/bielsko-biala\/#website","url":"https:\/\/www.ih.com.pl\/bielsko-biala\/","name":"IH Bielsko - Bia\u0142a","description":"","potentialAction":[{"@type":"SearchAction","target":{"@type":"EntryPoint","urlTemplate":"https:\/\/www.ih.com.pl\/bielsko-biala\/?s={search_term_string}"},"query-input":{"@type":"PropertyValueSpecification","valueRequired":true,"valueName":"search_term_string"}}],"inLanguage":"pl-PL"}]}},"_links":{"self":[{"href":"https:\/\/www.ih.com.pl\/bielsko-biala\/wp-json\/wp\/v2\/pages\/4111","targetHints":{"allow":["GET"]}}],"collection":[{"href":"https:\/\/www.ih.com.pl\/bielsko-biala\/wp-json\/wp\/v2\/pages"}],"about":[{"href":"https:\/\/www.ih.com.pl\/bielsko-biala\/wp-json\/wp\/v2\/types\/page"}],"author":[{"embeddable":true,"href":"https:\/\/www.ih.com.pl\/bielsko-biala\/wp-json\/wp\/v2\/users\/4"}],"replies":[{"embeddable":true,"href":"https:\/\/www.ih.com.pl\/bielsko-biala\/wp-json\/wp\/v2\/comments?post=4111"}],"version-history":[{"count":24,"href":"https:\/\/www.ih.com.pl\/bielsko-biala\/wp-json\/wp\/v2\/pages\/4111\/revisions"}],"predecessor-version":[{"id":4191,"href":"https:\/\/www.ih.com.pl\/bielsko-biala\/wp-json\/wp\/v2\/pages\/4111\/revisions\/4191"}],"wp:attachment":[{"href":"https:\/\/www.ih.com.pl\/bielsko-biala\/wp-json\/wp\/v2\/media?parent=4111"}],"curies":[{"name":"wp","href":"https:\/\/api.w.org\/{rel}","templated":true}]}}