{"id":413,"date":"2019-12-12T11:25:10","date_gmt":"2019-12-12T10:25:10","guid":{"rendered":"https:\/\/ih.wizjanet.pl\/bielsko-biala\/?page_id=413"},"modified":"2019-12-12T11:25:10","modified_gmt":"2019-12-12T10:25:10","slug":"czesto-zadawane-pytania","status":"publish","type":"page","link":"https:\/\/www.ih.com.pl\/bielsko-biala\/czesto-zadawane-pytania\/","title":{"rendered":"Cz\u0119sto zadawane pytania"},"content":{"rendered":"<div class=\"wpb-content-wrapper\"><p>[vc_row][vc_column width=&#8221;1\/1&#8243;][vc_custom_heading]Cz\u0119sto zadawane pytania[\/vc_custom_heading][vc_accordion][vc_accordion_tab title=&#8221;Do jakich egzamin\u00f3w Pearson mo\u017cna przyst\u0105pi\u0107 w International House Integra Bielsko?&#8221; tab_id=&#8221;1576146055-1-78&#8243;][vc_column_text]Centrum Egzaminacyjne przeprowadza egzaminy Pearson Tests of English General (PTE General) na wszystkich sze\u015bciu poziomach od A1 do 5.[\/vc_column_text][\/vc_accordion_tab][vc_accordion_tab title=&#8221;Czy b\u0119d\u0105c dyslektykiem mog\u0119 liczy\u0107 na zwolnienie z niekt\u00f3rych cz\u0119\u015bci egzaminu lub inne specjalne traktowanie?&#8221; tab_id=&#8221;1576146055-2-8&#8243;][vc_column_text]Dysleksja, dysgrafia i dysortografia nie stanowi\u0105 podstawy do zwolnienia z jakiejkolwiek cz\u0119\u015bci egzaminu. Mo\u017cna si\u0119 jednak ubiega\u0107 si\u0119 o wyd\u0142u\u017cenie czasu pisemnych cz\u0119\u015bci egzaminu wype\u0142niaj\u0105c stosowny wniosek i dostarczaj\u0105c go wraz z odpowiednim za\u015bwiadczenie w wymaganym przez Centrum Egzaminacyjne terminie.[\/vc_column_text][\/vc_accordion_tab][vc_accordion_tab title=&#8221;Jestem osob\u0105 niepe\u0142nosprawn\u0105, czy mog\u0119 liczy\u0107 na specjalne traktowanie w trakcie egzaminu?&#8221; tab_id=&#8221;1576146125808-2-2&#8243;][vc_column_text]Pearson oferuje szereg udogodnie\u0144 dla os\u00f3b niepe\u0142nosprawnych, w tym m.in. wyd\u0142u\u017cenie czasu egzaminu, specjalnie przygotowane materia\u0142y egzaminacyjne, osobn\u0105 sal\u0119 egzaminacyjn\u0105, etc. Ka\u017cdy przypadek rozpatrywany jest indywidualnie. Osoby zainteresowane specjalnymi udogodnieniami powinny zg\u0142osi\u0107 tak\u0105 potrzeb\u0119 przy rejestracji na egzamin i wype\u0142ni\u0107 odpowiedni wniosek o szczeg\u00f3lne udogodnienia. Do wniosku nale\u017cy za\u0142\u0105czy\u0107 odpowiednie za\u015bwiadczenie lekarskie.[\/vc_column_text][\/vc_accordion_tab][vc_accordion_tab title=&#8221;Czy je\u015bli po dokonaniu op\u0142aty egzaminacyjnej zrezygnuj\u0119 z uczestnictwa w egzaminie, Centrum zwr\u00f3ci mi wp\u0142acon\u0105 kwot\u0119?&#8221; tab_id=&#8221;1576146141707-3-1&#8243;][vc_column_text]Je\u015bli formalno\u015bci rejestracyjne nie zosta\u0142y dope\u0142nione, kandydat ma prawo do pe\u0142nego zwrotu op\u0142aty egzaminacyjnej. Po dokonaniu rejestracji zwrot op\u0142aty mo\u017cliwy jest jedynie z przyczyn medycznych.[\/vc_column_text][\/vc_accordion_tab][vc_accordion_tab title=&#8221;Czy je\u015bli nie pojawi\u0119 si\u0119 na egzaminie, Centrum zwr\u00f3ci mi op\u0142at\u0119 egzaminacyjn\u0105?&#8221; tab_id=&#8221;1576146162566-4-1&#8243;][vc_column_text]Refundacja mo\u017ce przys\u0142ugiwa\u0107 wy\u0142\u0105cznie osobom, kt\u00f3re ze wzgl\u0119d\u00f3w medycznych lub z powodu \u015bmierci bliskiej osoby nie mog\u0142y uczestniczy\u0107 w egzaminie, zgodnie z warunkami opisanymi w regulaminie sesji. W takich przypadkach mozliwy jest cz\u0119\u015bciowy zwrot op\u0142aty za egzamin. Osoby, kt\u00f3re chc\u0105 si\u0119 o niego ubiega\u0107 powinny dostarczy\u0107 do Centrum Egzaminacyjnego \u2013 w nieprzekraczalnym terminie okre\u015blonym w regulaminie danej sesji egzaminacyjnej \u2013 zwolnienie lekarskie lub akt zgonu jak r\u00f3wnie\u017c wniosek o zwrot op\u0142aty egzaminacyjnej.[\/vc_column_text][\/vc_accordion_tab][vc_accordion_tab title=&#8221; Czy mo\u017cna prze\u0142o\u017cy\u0107 termin egzaminu?&#8221; tab_id=&#8221;1576146181646-5-6&#8243;][vc_column_text]Ze wzgl\u0119d\u00f3w bezpiecze\u0144stwa egzaminy pisemne i ze s\u0142uchu przeprowadzane s\u0105 na ca\u0142ym \u015bwiecie tego samego dnia. Z tego powodu nie ma mo\u017cliwo\u015bci prze\u0142o\u017cenia terminu cz\u0119\u015bci pisemnych i s\u0142uchowej. W niekt\u00f3rych przypadkach istnieje natomiast mo\u017cliwo\u015b\u0107 zmiany terminu egzaminu ustnego, je\u017celi pozwalaj\u0105 na to mo\u017cliwo\u015bci organizacyjne Centrum Egzaminacyjnego. Aby sprawdzi\u0107 czy jest taka mo\u017cliwo\u015b\u0107 oraz jakie warunki nale\u017cy spe\u0142ni\u0107, zapraszamy do kontaktu z Centrum.[\/vc_column_text][\/vc_accordion_tab][vc_accordion_tab title=&#8221;Sp\u00f3\u017ani\u0142em si\u0119 na egzamin. Czy osoba prowadz\u0105ca egzamin ma prawo nie wpu\u015bci\u0107 mnie do sali?&#8221; tab_id=&#8221;1576146199927-6-5&#8243;][vc_column_text]Tak. Poniewa\u017c egzamin rozpoczyna si\u0119 testem ze s\u0142uchu, osoby sp\u00f3\u017anione nie zostan\u0105 wpuszczone na sal\u0119 egzaminacyjn\u0105 i nie mog\u0105 ubiega\u0107 si\u0119 z tego tytu\u0142u o zwrot op\u0142aty egzaminacynej. Radzimy wi\u0119c nie sp\u00f3\u017ania\u0107 si\u0119![\/vc_column_text][\/vc_accordion_tab][vc_accordion_tab title=&#8221;Czy mo\u017cna zosta\u0107 zdyskwalifikowanym?&#8221; tab_id=&#8221;1576146216158-7-2&#8243;][vc_column_text]Tak. W przypadku z\u0142amania regulaminu (np. korzystanie z telefonu kom\u00f3rkowego, urz\u0105dze\u0144 nagrywaj\u0105cych, \u015bci\u0105ganie, rozmawianie, nie reagowanie na upomnienia osoby prowadz\u0105cej egzamin, itp.).[\/vc_column_text][\/vc_accordion_tab][vc_accordion_tab title=&#8221; Jak d\u0142ugo czeka si\u0119 na wyniki?&#8221; tab_id=&#8221;1576146233226-8-2&#8243;][vc_column_text]Wyniki egzaminu wraz z Candidate Performance Report uzyskuje si\u0119 po oko\u0142o dw\u00f3ch miesi\u0105cach od daty egzaminu pisemnego, a certyfikaty s\u0105 dost\u0119pne po oko\u0142o 3 miesi\u0105cach.[\/vc_column_text][\/vc_accordion_tab][vc_accordion_tab title=&#8221;W jaki spos\u00f3b otrzymam certyfikat?&#8221; tab_id=&#8221;1576146246398-9-5&#8243;][vc_column_text]Kandydaci informowani s\u0105 o terminie odbioru certyfikat\u00f3w drog\u0105 e-mailow\u0105 oraz poprzez komunikaty na stronie internetowej Centrum Egzaminacyjnego. Certyfikat nale\u017cy odebra\u0107 osobi\u015bcie (kandydat lub rodzic, zale\u017cnie od wieku kandydata) lub mo\u017cna upowa\u017cni\u0107 do tego inn\u0105 osob\u0119 lub instytucj\u0119. Aby odebra\u0107 certyfikat, nale\u017cy okaza\u0107 dow\u00f3d to\u017csamo\u015bci.[\/vc_column_text][\/vc_accordion_tab][vc_accordion_tab title=&#8221;Czy na egzaminie mo\u017cna u\u017cywa\u0107 s\u0142ownik\u00f3w?&#8221; tab_id=&#8221;1576146261570-10-1&#8243;][vc_column_text]Regulamin egzamin\u00f3w zabrania u\u017cywania s\u0142ownik\u00f3w w trakcie egzaminu.[\/vc_column_text][\/vc_accordion_tab][vc_accordion_tab title=&#8221;Ile punkt\u00f3w musz\u0119 uzyska\u0107, aby zda\u0107 egzamin?&#8221; tab_id=&#8221;1576146280014-11-6&#8243;][vc_column_text]Punktacja i skala ocen zale\u017cne s\u0105 od rodzaju egzaminu. Przyk\u0142adowo, poni\u017cej przedstawiamy wykaz ocen z podzia\u0142em punktowym dla egzaminu PTE General Level 3:<\/p>\n<p>Pass with Distinction &#8211; ocena pozytywna (70 pkt i wi\u0119cej)<br \/>\nPass with Merit &#8211; ocena pozytywna (60 &#8211; 69 pkt)<br \/>\nPass &#8211; ocena pozytywna (50 i wi\u0119cej pkt)<br \/>\nFail &#8211; ocena negatywna (poni\u017cej 50 pkt)[\/vc_column_text][\/vc_accordion_tab][vc_accordion_tab title=&#8221;Na egzamin przyszed\u0142em z osob\u0105 towarzysz\u0105c\u0105. Czy mo\u017ce ona poczeka\u0107 na mnie przed sal\u0105 egzaminacyjn\u0105?&#8221; tab_id=&#8221;1576146294707-12-5&#8243;][vc_column_text]Z przyczyn organizacyjnych oraz ze wzgl\u0119d\u00f3w bezpiecze\u0144stwa, osoby towarzysz\u0105ce kandydatom nie mog\u0105 oczekiwa\u0107 na nich przed sal\u0105 egzaminacyjn\u0105, lecz w specjalnie wyznaczonym do tego celu miejscu. Je\u015bli natomiast w budynku, gdzie przeprowadzany jest egzamin nie ma wydzielonej poczekalni, osoby towarzysz\u0105ce mog\u0105 zosta\u0107 poproszone o jego opuszczenie.[\/vc_column_text][\/vc_accordion_tab][\/vc_accordion][\/vc_column][\/vc_row]<\/p>\n<\/div>","protected":false},"excerpt":{"rendered":"<p>[vc_row][vc_column width=&#8221;1\/1&#8243;][vc_custom_heading]Cz\u0119sto zadawane pytania[\/vc_custom_heading][vc_accordion][vc_accordion_tab title=&#8221;Do jakich egzamin\u00f3w Pearson mo\u017cna przyst\u0105pi\u0107 w International House Integra Bielsko?&#8221; tab_id=&#8221;1576146055-1-78&#8243;][vc_column_text]Centrum Egzaminacyjne przeprowadza egzaminy Pearson [&hellip;]<\/p>\n","protected":false},"author":1,"featured_media":0,"parent":0,"menu_order":0,"comment_status":"closed","ping_status":"closed","template":"","meta":{"footnotes":""},"class_list":["post-413","page","type-page","status-publish","hentry"],"yoast_head":"<!-- This site is optimized with the Yoast SEO plugin v26.8 - https:\/\/yoast.com\/product\/yoast-seo-wordpress\/ -->\n<title>Cz\u0119sto zadawane pytania - IH Bielsko - Bia\u0142a<\/title>\n<meta name=\"robots\" content=\"index, follow, max-snippet:-1, max-image-preview:large, max-video-preview:-1\" \/>\n<link rel=\"canonical\" href=\"https:\/\/www.ih.com.pl\/bielsko-biala\/czesto-zadawane-pytania\/\" \/>\n<meta property=\"og:locale\" content=\"pl_PL\" \/>\n<meta property=\"og:type\" content=\"article\" \/>\n<meta property=\"og:title\" content=\"Cz\u0119sto zadawane pytania - IH Bielsko - Bia\u0142a\" \/>\n<meta property=\"og:description\" content=\"[vc_row][vc_column width=&#8221;1\/1&#8243;][vc_custom_heading]Cz\u0119sto zadawane pytania[\/vc_custom_heading][vc_accordion][vc_accordion_tab title=&#8221;Do jakich egzamin\u00f3w Pearson mo\u017cna przyst\u0105pi\u0107 w International House Integra Bielsko?&#8221; tab_id=&#8221;1576146055-1-78&#8243;][vc_column_text]Centrum Egzaminacyjne przeprowadza egzaminy Pearson [&hellip;]\" \/>\n<meta property=\"og:url\" content=\"https:\/\/www.ih.com.pl\/bielsko-biala\/czesto-zadawane-pytania\/\" \/>\n<meta property=\"og:site_name\" content=\"IH Bielsko - Bia\u0142a\" \/>\n<meta name=\"twitter:card\" content=\"summary_large_image\" \/>\n<meta name=\"twitter:label1\" content=\"Szacowany czas czytania\" \/>\n\t<meta name=\"twitter:data1\" content=\"5 minut\" \/>\n<script type=\"application\/ld+json\" class=\"yoast-schema-graph\">{\"@context\":\"https:\/\/schema.org\",\"@graph\":[{\"@type\":\"WebPage\",\"@id\":\"https:\/\/www.ih.com.pl\/bielsko-biala\/czesto-zadawane-pytania\/\",\"url\":\"https:\/\/www.ih.com.pl\/bielsko-biala\/czesto-zadawane-pytania\/\",\"name\":\"Cz\u0119sto zadawane pytania - IH Bielsko - Bia\u0142a\",\"isPartOf\":{\"@id\":\"https:\/\/www.ih.com.pl\/bielsko-biala\/#website\"},\"datePublished\":\"2019-12-12T10:25:10+00:00\",\"breadcrumb\":{\"@id\":\"https:\/\/www.ih.com.pl\/bielsko-biala\/czesto-zadawane-pytania\/#breadcrumb\"},\"inLanguage\":\"pl-PL\",\"potentialAction\":[{\"@type\":\"ReadAction\",\"target\":[\"https:\/\/www.ih.com.pl\/bielsko-biala\/czesto-zadawane-pytania\/\"]}]},{\"@type\":\"BreadcrumbList\",\"@id\":\"https:\/\/www.ih.com.pl\/bielsko-biala\/czesto-zadawane-pytania\/#breadcrumb\",\"itemListElement\":[{\"@type\":\"ListItem\",\"position\":1,\"name\":\"Strona g\u0142\u00f3wna\",\"item\":\"https:\/\/www.ih.com.pl\/bielsko-biala\/\"},{\"@type\":\"ListItem\",\"position\":2,\"name\":\"Cz\u0119sto zadawane pytania\"}]},{\"@type\":\"WebSite\",\"@id\":\"https:\/\/www.ih.com.pl\/bielsko-biala\/#website\",\"url\":\"https:\/\/www.ih.com.pl\/bielsko-biala\/\",\"name\":\"IH Bielsko - Bia\u0142a\",\"description\":\"\",\"potentialAction\":[{\"@type\":\"SearchAction\",\"target\":{\"@type\":\"EntryPoint\",\"urlTemplate\":\"https:\/\/www.ih.com.pl\/bielsko-biala\/?s={search_term_string}\"},\"query-input\":{\"@type\":\"PropertyValueSpecification\",\"valueRequired\":true,\"valueName\":\"search_term_string\"}}],\"inLanguage\":\"pl-PL\"}]}<\/script>\n<!-- \/ Yoast SEO plugin. -->","yoast_head_json":{"title":"Cz\u0119sto zadawane pytania - IH Bielsko - Bia\u0142a","robots":{"index":"index","follow":"follow","max-snippet":"max-snippet:-1","max-image-preview":"max-image-preview:large","max-video-preview":"max-video-preview:-1"},"canonical":"https:\/\/www.ih.com.pl\/bielsko-biala\/czesto-zadawane-pytania\/","og_locale":"pl_PL","og_type":"article","og_title":"Cz\u0119sto zadawane pytania - IH Bielsko - Bia\u0142a","og_description":"[vc_row][vc_column width=&#8221;1\/1&#8243;][vc_custom_heading]Cz\u0119sto zadawane pytania[\/vc_custom_heading][vc_accordion][vc_accordion_tab title=&#8221;Do jakich egzamin\u00f3w Pearson mo\u017cna przyst\u0105pi\u0107 w International House Integra Bielsko?&#8221; tab_id=&#8221;1576146055-1-78&#8243;][vc_column_text]Centrum Egzaminacyjne przeprowadza egzaminy Pearson [&hellip;]","og_url":"https:\/\/www.ih.com.pl\/bielsko-biala\/czesto-zadawane-pytania\/","og_site_name":"IH Bielsko - Bia\u0142a","twitter_card":"summary_large_image","twitter_misc":{"Szacowany czas czytania":"5 minut"},"schema":{"@context":"https:\/\/schema.org","@graph":[{"@type":"WebPage","@id":"https:\/\/www.ih.com.pl\/bielsko-biala\/czesto-zadawane-pytania\/","url":"https:\/\/www.ih.com.pl\/bielsko-biala\/czesto-zadawane-pytania\/","name":"Cz\u0119sto zadawane pytania - IH Bielsko - Bia\u0142a","isPartOf":{"@id":"https:\/\/www.ih.com.pl\/bielsko-biala\/#website"},"datePublished":"2019-12-12T10:25:10+00:00","breadcrumb":{"@id":"https:\/\/www.ih.com.pl\/bielsko-biala\/czesto-zadawane-pytania\/#breadcrumb"},"inLanguage":"pl-PL","potentialAction":[{"@type":"ReadAction","target":["https:\/\/www.ih.com.pl\/bielsko-biala\/czesto-zadawane-pytania\/"]}]},{"@type":"BreadcrumbList","@id":"https:\/\/www.ih.com.pl\/bielsko-biala\/czesto-zadawane-pytania\/#breadcrumb","itemListElement":[{"@type":"ListItem","position":1,"name":"Strona g\u0142\u00f3wna","item":"https:\/\/www.ih.com.pl\/bielsko-biala\/"},{"@type":"ListItem","position":2,"name":"Cz\u0119sto zadawane pytania"}]},{"@type":"WebSite","@id":"https:\/\/www.ih.com.pl\/bielsko-biala\/#website","url":"https:\/\/www.ih.com.pl\/bielsko-biala\/","name":"IH Bielsko - Bia\u0142a","description":"","potentialAction":[{"@type":"SearchAction","target":{"@type":"EntryPoint","urlTemplate":"https:\/\/www.ih.com.pl\/bielsko-biala\/?s={search_term_string}"},"query-input":{"@type":"PropertyValueSpecification","valueRequired":true,"valueName":"search_term_string"}}],"inLanguage":"pl-PL"}]}},"_links":{"self":[{"href":"https:\/\/www.ih.com.pl\/bielsko-biala\/wp-json\/wp\/v2\/pages\/413","targetHints":{"allow":["GET"]}}],"collection":[{"href":"https:\/\/www.ih.com.pl\/bielsko-biala\/wp-json\/wp\/v2\/pages"}],"about":[{"href":"https:\/\/www.ih.com.pl\/bielsko-biala\/wp-json\/wp\/v2\/types\/page"}],"author":[{"embeddable":true,"href":"https:\/\/www.ih.com.pl\/bielsko-biala\/wp-json\/wp\/v2\/users\/1"}],"replies":[{"embeddable":true,"href":"https:\/\/www.ih.com.pl\/bielsko-biala\/wp-json\/wp\/v2\/comments?post=413"}],"version-history":[{"count":1,"href":"https:\/\/www.ih.com.pl\/bielsko-biala\/wp-json\/wp\/v2\/pages\/413\/revisions"}],"predecessor-version":[{"id":414,"href":"https:\/\/www.ih.com.pl\/bielsko-biala\/wp-json\/wp\/v2\/pages\/413\/revisions\/414"}],"wp:attachment":[{"href":"https:\/\/www.ih.com.pl\/bielsko-biala\/wp-json\/wp\/v2\/media?parent=413"}],"curies":[{"name":"wp","href":"https:\/\/api.w.org\/{rel}","templated":true}]}}