{"id":416,"date":"2019-12-12T11:28:26","date_gmt":"2019-12-12T10:28:26","guid":{"rendered":"https:\/\/ih.wizjanet.pl\/bielsko-biala\/?page_id=416"},"modified":"2020-02-13T14:12:16","modified_gmt":"2020-02-13T13:12:16","slug":"o-egzaminach-pte","status":"publish","type":"page","link":"https:\/\/www.ih.com.pl\/bielsko-biala\/o-egzaminach-pte\/","title":{"rendered":"O egzaminach PTE"},"content":{"rendered":"<div class=\"wpb-content-wrapper\"><p>[vc_row][vc_column width=&#8221;1\/1&#8243;][vc_custom_heading]O egzaminach PTE[\/vc_custom_heading][vc_row_inner][vc_column_inner width=&#8221;2\/3&#8243;][vc_column_text]Nasze Centrum Egzaminacyjne oferuje egzaminy Pearson Tests of English General na wszystkich poziomach (od A1 do 5), kt\u00f3re s\u0105 uznawane na ca\u0142ym \u015bwiecie przez uczelnie wy\u017csze, pracodawc\u00f3w, a tak\u017ce krajowe w\u0142adze o\u015bwiatowe wielu pa\u0144stw jako potwierdzenie opanowania wymaganego standardu j\u0119zyka angielskiego.<\/p>\n<p><strong>Egzaminy Pearson Test of English General (PTE General):<\/strong><br \/>\n&#8211; umo\u017cliwiaj\u0105 ocen\u0119 oraz zdobycie certyfikatu po\u015bwiadczaj\u0105cgo kompentencje j\u0119zykowe,<br \/>\n&#8211; skierowane s\u0105 do os\u00f3b, dla kt\u00f3rych j\u0119zyk angielski nie jest j\u0119zykiem ojczystym,<br \/>\n&#8211; k\u0142ad\u0105 nacisk na komunikacj\u0119 w sytuacjach z \u017cycia wzi\u0119tych, a nie na zapami\u0119tywanie specyficznego s\u0142ownictwa czy struktur j\u0119zykowych,<br \/>\n&#8211; sprawdzaj\u0105 cztery umiej\u0119tno\u015bci j\u0119zykowe: s\u0142uchanie, czytanie, pisanie i m\u00f3wienie,<br \/>\n&#8211; weryfikuj\u0105 wiedz\u0119 gramatyczn\u0105 w trackie oceny pozosta\u0142ych umiej\u0119tno\u015bci j\u0119zykowych,<br \/>\n&#8211; bazuj\u0105 na dost\u0119pnych na rynku materia\u0142ach dydaktycznych.<\/p>\n<p><strong>W Polsce egzaminy PTE General:<\/strong><br \/>\n&#8211; zwalniaj\u0105 z egzaminu doktorskiego w zakresie znajomo\u015bci nowo\u017cytnego j\u0119zyka obcego \u2013 Rozporz\u0105dzenie Ministra Nauki i Szkolnictwa Wy\u017cszego z dnia 22.09.2011r. (Dz.U. 204, poz. 1200)<br \/>\n&#8211; uznawane s\u0105 przez Ministerstwo Edukacji Narodowej jako potwierdzenie kwalifikacji j\u0119zykowych wymaganych od os\u00f3b, kt\u00f3re chc\u0105 zosta\u0107 nauczycielami j\u0119zyka angielskiego \u2013 Rozporz\u0105dzenie Ministra Edukacji Narodowej z dnia 17.04.2012 roku<br \/>\n&#8211; uznawane s\u0105 przez Urz\u0105d S\u0142u\u017cby Cywilnej jako potwierdzenie znajomo\u015bci j\u0119zyka angielskiego &#8211; Rozporz\u0105dzenie Prezesa Rady Ministr\u00f3w z dnia 16.12.2009r. (Dz.U. 218, poz. 1695)<\/p>\n<p>[\/vc_column_text][vc_button button_color=&#8221;color-210407&#8243; radius=&#8221;btn-circle&#8221; outline=&#8221;yes&#8221; border_width=&#8221;0&#8243; link=&#8221;url:https%3A%2F%2Fwww.pearson.pl%2Fegzaminy-pte-lcci-i-kwalifikacje-btec%2F||target:%20_blank|&#8221;]Wi\u0119cej informacji na temat\u00f3w egzamin\u00f3w PTE General [\/vc_button][\/vc_column_inner][vc_column_inner width=&#8221;1\/3&#8243;][vc_single_image media=&#8221;134&#8243; media_width_percent=&#8221;100&#8243;][\/vc_column_inner][\/vc_row_inner][\/vc_column][\/vc_row]<\/p>\n<\/div>","protected":false},"excerpt":{"rendered":"<p>[vc_row][vc_column width=&#8221;1\/1&#8243;][vc_custom_heading]O egzaminach PTE[\/vc_custom_heading][vc_row_inner][vc_column_inner width=&#8221;2\/3&#8243;][vc_column_text]Nasze Centrum Egzaminacyjne oferuje egzaminy Pearson Tests of English General na wszystkich poziomach (od A1 do [&hellip;]<\/p>\n","protected":false},"author":1,"featured_media":0,"parent":0,"menu_order":0,"comment_status":"closed","ping_status":"closed","template":"","meta":{"footnotes":""},"class_list":["post-416","page","type-page","status-publish","hentry"],"yoast_head":"<!-- This site is optimized with the Yoast SEO plugin v26.8 - https:\/\/yoast.com\/product\/yoast-seo-wordpress\/ -->\n<title>O egzaminach PTE - IH Bielsko - Bia\u0142a<\/title>\n<meta name=\"robots\" content=\"index, follow, max-snippet:-1, max-image-preview:large, max-video-preview:-1\" \/>\n<link rel=\"canonical\" href=\"https:\/\/www.ih.com.pl\/bielsko-biala\/o-egzaminach-pte\/\" \/>\n<meta property=\"og:locale\" content=\"pl_PL\" \/>\n<meta property=\"og:type\" content=\"article\" \/>\n<meta property=\"og:title\" content=\"O egzaminach PTE - IH Bielsko - Bia\u0142a\" \/>\n<meta property=\"og:description\" content=\"[vc_row][vc_column width=&#8221;1\/1&#8243;][vc_custom_heading]O egzaminach PTE[\/vc_custom_heading][vc_row_inner][vc_column_inner width=&#8221;2\/3&#8243;][vc_column_text]Nasze Centrum Egzaminacyjne oferuje egzaminy Pearson Tests of English General na wszystkich poziomach (od A1 do [&hellip;]\" \/>\n<meta property=\"og:url\" content=\"https:\/\/www.ih.com.pl\/bielsko-biala\/o-egzaminach-pte\/\" \/>\n<meta property=\"og:site_name\" content=\"IH Bielsko - Bia\u0142a\" \/>\n<meta property=\"article:modified_time\" content=\"2020-02-13T13:12:16+00:00\" \/>\n<meta name=\"twitter:card\" content=\"summary_large_image\" \/>\n<meta name=\"twitter:label1\" content=\"Szacowany czas czytania\" \/>\n\t<meta name=\"twitter:data1\" content=\"2 minuty\" \/>\n<script type=\"application\/ld+json\" class=\"yoast-schema-graph\">{\"@context\":\"https:\/\/schema.org\",\"@graph\":[{\"@type\":\"WebPage\",\"@id\":\"https:\/\/www.ih.com.pl\/bielsko-biala\/o-egzaminach-pte\/\",\"url\":\"https:\/\/www.ih.com.pl\/bielsko-biala\/o-egzaminach-pte\/\",\"name\":\"O egzaminach PTE - IH Bielsko - Bia\u0142a\",\"isPartOf\":{\"@id\":\"https:\/\/www.ih.com.pl\/bielsko-biala\/#website\"},\"datePublished\":\"2019-12-12T10:28:26+00:00\",\"dateModified\":\"2020-02-13T13:12:16+00:00\",\"breadcrumb\":{\"@id\":\"https:\/\/www.ih.com.pl\/bielsko-biala\/o-egzaminach-pte\/#breadcrumb\"},\"inLanguage\":\"pl-PL\",\"potentialAction\":[{\"@type\":\"ReadAction\",\"target\":[\"https:\/\/www.ih.com.pl\/bielsko-biala\/o-egzaminach-pte\/\"]}]},{\"@type\":\"BreadcrumbList\",\"@id\":\"https:\/\/www.ih.com.pl\/bielsko-biala\/o-egzaminach-pte\/#breadcrumb\",\"itemListElement\":[{\"@type\":\"ListItem\",\"position\":1,\"name\":\"Strona g\u0142\u00f3wna\",\"item\":\"https:\/\/www.ih.com.pl\/bielsko-biala\/\"},{\"@type\":\"ListItem\",\"position\":2,\"name\":\"O egzaminach PTE\"}]},{\"@type\":\"WebSite\",\"@id\":\"https:\/\/www.ih.com.pl\/bielsko-biala\/#website\",\"url\":\"https:\/\/www.ih.com.pl\/bielsko-biala\/\",\"name\":\"IH Bielsko - Bia\u0142a\",\"description\":\"\",\"potentialAction\":[{\"@type\":\"SearchAction\",\"target\":{\"@type\":\"EntryPoint\",\"urlTemplate\":\"https:\/\/www.ih.com.pl\/bielsko-biala\/?s={search_term_string}\"},\"query-input\":{\"@type\":\"PropertyValueSpecification\",\"valueRequired\":true,\"valueName\":\"search_term_string\"}}],\"inLanguage\":\"pl-PL\"}]}<\/script>\n<!-- \/ Yoast SEO plugin. -->","yoast_head_json":{"title":"O egzaminach PTE - IH Bielsko - Bia\u0142a","robots":{"index":"index","follow":"follow","max-snippet":"max-snippet:-1","max-image-preview":"max-image-preview:large","max-video-preview":"max-video-preview:-1"},"canonical":"https:\/\/www.ih.com.pl\/bielsko-biala\/o-egzaminach-pte\/","og_locale":"pl_PL","og_type":"article","og_title":"O egzaminach PTE - IH Bielsko - Bia\u0142a","og_description":"[vc_row][vc_column width=&#8221;1\/1&#8243;][vc_custom_heading]O egzaminach PTE[\/vc_custom_heading][vc_row_inner][vc_column_inner width=&#8221;2\/3&#8243;][vc_column_text]Nasze Centrum Egzaminacyjne oferuje egzaminy Pearson Tests of English General na wszystkich poziomach (od A1 do [&hellip;]","og_url":"https:\/\/www.ih.com.pl\/bielsko-biala\/o-egzaminach-pte\/","og_site_name":"IH Bielsko - Bia\u0142a","article_modified_time":"2020-02-13T13:12:16+00:00","twitter_card":"summary_large_image","twitter_misc":{"Szacowany czas czytania":"2 minuty"},"schema":{"@context":"https:\/\/schema.org","@graph":[{"@type":"WebPage","@id":"https:\/\/www.ih.com.pl\/bielsko-biala\/o-egzaminach-pte\/","url":"https:\/\/www.ih.com.pl\/bielsko-biala\/o-egzaminach-pte\/","name":"O egzaminach PTE - IH Bielsko - Bia\u0142a","isPartOf":{"@id":"https:\/\/www.ih.com.pl\/bielsko-biala\/#website"},"datePublished":"2019-12-12T10:28:26+00:00","dateModified":"2020-02-13T13:12:16+00:00","breadcrumb":{"@id":"https:\/\/www.ih.com.pl\/bielsko-biala\/o-egzaminach-pte\/#breadcrumb"},"inLanguage":"pl-PL","potentialAction":[{"@type":"ReadAction","target":["https:\/\/www.ih.com.pl\/bielsko-biala\/o-egzaminach-pte\/"]}]},{"@type":"BreadcrumbList","@id":"https:\/\/www.ih.com.pl\/bielsko-biala\/o-egzaminach-pte\/#breadcrumb","itemListElement":[{"@type":"ListItem","position":1,"name":"Strona g\u0142\u00f3wna","item":"https:\/\/www.ih.com.pl\/bielsko-biala\/"},{"@type":"ListItem","position":2,"name":"O egzaminach PTE"}]},{"@type":"WebSite","@id":"https:\/\/www.ih.com.pl\/bielsko-biala\/#website","url":"https:\/\/www.ih.com.pl\/bielsko-biala\/","name":"IH Bielsko - Bia\u0142a","description":"","potentialAction":[{"@type":"SearchAction","target":{"@type":"EntryPoint","urlTemplate":"https:\/\/www.ih.com.pl\/bielsko-biala\/?s={search_term_string}"},"query-input":{"@type":"PropertyValueSpecification","valueRequired":true,"valueName":"search_term_string"}}],"inLanguage":"pl-PL"}]}},"_links":{"self":[{"href":"https:\/\/www.ih.com.pl\/bielsko-biala\/wp-json\/wp\/v2\/pages\/416","targetHints":{"allow":["GET"]}}],"collection":[{"href":"https:\/\/www.ih.com.pl\/bielsko-biala\/wp-json\/wp\/v2\/pages"}],"about":[{"href":"https:\/\/www.ih.com.pl\/bielsko-biala\/wp-json\/wp\/v2\/types\/page"}],"author":[{"embeddable":true,"href":"https:\/\/www.ih.com.pl\/bielsko-biala\/wp-json\/wp\/v2\/users\/1"}],"replies":[{"embeddable":true,"href":"https:\/\/www.ih.com.pl\/bielsko-biala\/wp-json\/wp\/v2\/comments?post=416"}],"version-history":[{"count":3,"href":"https:\/\/www.ih.com.pl\/bielsko-biala\/wp-json\/wp\/v2\/pages\/416\/revisions"}],"predecessor-version":[{"id":850,"href":"https:\/\/www.ih.com.pl\/bielsko-biala\/wp-json\/wp\/v2\/pages\/416\/revisions\/850"}],"wp:attachment":[{"href":"https:\/\/www.ih.com.pl\/bielsko-biala\/wp-json\/wp\/v2\/media?parent=416"}],"curies":[{"name":"wp","href":"https:\/\/api.w.org\/{rel}","templated":true}]}}