{"id":419,"date":"2019-12-12T11:32:13","date_gmt":"2019-12-12T10:32:13","guid":{"rendered":"https:\/\/ih.wizjanet.pl\/bielsko-biala\/?page_id=419"},"modified":"2020-02-13T15:33:22","modified_gmt":"2020-02-13T14:33:22","slug":"uzyteczne-linki-pte","status":"publish","type":"page","link":"https:\/\/www.ih.com.pl\/bielsko-biala\/uzyteczne-linki-pte\/","title":{"rendered":"U\u017cyteczne linki"},"content":{"rendered":"<div class=\"wpb-content-wrapper\"><p>[vc_row][vc_column width=&#8221;1\/1&#8243;][vc_custom_heading]U\u017cyteczne linki[\/vc_custom_heading][vc_column_text]Poni\u017cej prezentujemy linki do kilku u\u017cytecznych stron internetowych zwi\u0105zanych za egzaminami PTE General:[\/vc_column_text][vc_column_text]<\/p>\n<ul>\n<li><a href=\"https:\/\/www.pearson.pl\/egzaminy-pte-lcci-i-kwalifikacje-btec\/\" target=\"_blank\" rel=\"noopener noreferrer\">O egzaminach PTE General<\/a><\/li>\n<li><a href=\"https:\/\/qualifications.pearson.com\/en\/qualifications\/pearson-test-of-english\/pearson-test-of-english-general\/where-is-it-accepted.html\" target=\"_blank\" rel=\"noopener noreferrer\">Uznawalno\u015b\u0107<\/a><\/li>\n<li><a href=\"https:\/\/www.youtube.com\/watch?v=3iqDJq4gGqw\">Format i czas trwania egzaminu<\/a><\/li>\n<li><a href=\"https:\/\/qualifications.pearson.com\/en\/qualifications\/pearson-test-of-english\/pearson-test-of-english-general\/resources.html\" target=\"_blank\" rel=\"noopener noreferrer\">Przyk\u0142adowe testy<\/a><\/li>\n<li><a href=\"https:\/\/www.english.com\/blog\/tips-for-success-in-pte-general\/\">Wskaz\u00f3wki egzaminacyjne<\/a><\/li>\n<\/ul>\n<p>[\/vc_column_text][\/vc_column][\/vc_row]<\/p>\n<\/div>","protected":false},"excerpt":{"rendered":"<p>[vc_row][vc_column width=&#8221;1\/1&#8243;][vc_custom_heading]U\u017cyteczne linki[\/vc_custom_heading][vc_column_text]Poni\u017cej prezentujemy linki do kilku u\u017cytecznych stron internetowych zwi\u0105zanych za egzaminami PTE General:[\/vc_column_text][vc_column_text] O egzaminach PTE General Uznawalno\u015b\u0107 [&hellip;]<\/p>\n","protected":false},"author":1,"featured_media":0,"parent":0,"menu_order":0,"comment_status":"closed","ping_status":"closed","template":"","meta":{"footnotes":""},"class_list":["post-419","page","type-page","status-publish","hentry"],"yoast_head":"<!-- This site is optimized with the Yoast SEO plugin v26.8 - https:\/\/yoast.com\/product\/yoast-seo-wordpress\/ -->\n<title>U\u017cyteczne linki - IH Bielsko - Bia\u0142a<\/title>\n<meta name=\"robots\" content=\"index, follow, max-snippet:-1, max-image-preview:large, max-video-preview:-1\" \/>\n<link rel=\"canonical\" href=\"https:\/\/www.ih.com.pl\/bielsko-biala\/uzyteczne-linki-pte\/\" \/>\n<meta property=\"og:locale\" content=\"pl_PL\" \/>\n<meta property=\"og:type\" content=\"article\" \/>\n<meta property=\"og:title\" content=\"U\u017cyteczne linki - IH Bielsko - Bia\u0142a\" \/>\n<meta property=\"og:description\" content=\"[vc_row][vc_column width=&#8221;1\/1&#8243;][vc_custom_heading]U\u017cyteczne linki[\/vc_custom_heading][vc_column_text]Poni\u017cej prezentujemy linki do kilku u\u017cytecznych stron internetowych zwi\u0105zanych za egzaminami PTE General:[\/vc_column_text][vc_column_text] O egzaminach PTE General Uznawalno\u015b\u0107 [&hellip;]\" \/>\n<meta property=\"og:url\" content=\"https:\/\/www.ih.com.pl\/bielsko-biala\/uzyteczne-linki-pte\/\" \/>\n<meta property=\"og:site_name\" content=\"IH Bielsko - Bia\u0142a\" \/>\n<meta property=\"article:modified_time\" content=\"2020-02-13T14:33:22+00:00\" \/>\n<meta name=\"twitter:card\" content=\"summary_large_image\" \/>\n<script type=\"application\/ld+json\" class=\"yoast-schema-graph\">{\"@context\":\"https:\/\/schema.org\",\"@graph\":[{\"@type\":\"WebPage\",\"@id\":\"https:\/\/www.ih.com.pl\/bielsko-biala\/uzyteczne-linki-pte\/\",\"url\":\"https:\/\/www.ih.com.pl\/bielsko-biala\/uzyteczne-linki-pte\/\",\"name\":\"U\u017cyteczne linki - IH Bielsko - Bia\u0142a\",\"isPartOf\":{\"@id\":\"https:\/\/www.ih.com.pl\/bielsko-biala\/#website\"},\"datePublished\":\"2019-12-12T10:32:13+00:00\",\"dateModified\":\"2020-02-13T14:33:22+00:00\",\"breadcrumb\":{\"@id\":\"https:\/\/www.ih.com.pl\/bielsko-biala\/uzyteczne-linki-pte\/#breadcrumb\"},\"inLanguage\":\"pl-PL\",\"potentialAction\":[{\"@type\":\"ReadAction\",\"target\":[\"https:\/\/www.ih.com.pl\/bielsko-biala\/uzyteczne-linki-pte\/\"]}]},{\"@type\":\"BreadcrumbList\",\"@id\":\"https:\/\/www.ih.com.pl\/bielsko-biala\/uzyteczne-linki-pte\/#breadcrumb\",\"itemListElement\":[{\"@type\":\"ListItem\",\"position\":1,\"name\":\"Strona g\u0142\u00f3wna\",\"item\":\"https:\/\/www.ih.com.pl\/bielsko-biala\/\"},{\"@type\":\"ListItem\",\"position\":2,\"name\":\"U\u017cyteczne linki\"}]},{\"@type\":\"WebSite\",\"@id\":\"https:\/\/www.ih.com.pl\/bielsko-biala\/#website\",\"url\":\"https:\/\/www.ih.com.pl\/bielsko-biala\/\",\"name\":\"IH Bielsko - Bia\u0142a\",\"description\":\"\",\"potentialAction\":[{\"@type\":\"SearchAction\",\"target\":{\"@type\":\"EntryPoint\",\"urlTemplate\":\"https:\/\/www.ih.com.pl\/bielsko-biala\/?s={search_term_string}\"},\"query-input\":{\"@type\":\"PropertyValueSpecification\",\"valueRequired\":true,\"valueName\":\"search_term_string\"}}],\"inLanguage\":\"pl-PL\"}]}<\/script>\n<!-- \/ Yoast SEO plugin. -->","yoast_head_json":{"title":"U\u017cyteczne linki - IH Bielsko - Bia\u0142a","robots":{"index":"index","follow":"follow","max-snippet":"max-snippet:-1","max-image-preview":"max-image-preview:large","max-video-preview":"max-video-preview:-1"},"canonical":"https:\/\/www.ih.com.pl\/bielsko-biala\/uzyteczne-linki-pte\/","og_locale":"pl_PL","og_type":"article","og_title":"U\u017cyteczne linki - IH Bielsko - Bia\u0142a","og_description":"[vc_row][vc_column width=&#8221;1\/1&#8243;][vc_custom_heading]U\u017cyteczne linki[\/vc_custom_heading][vc_column_text]Poni\u017cej prezentujemy linki do kilku u\u017cytecznych stron internetowych zwi\u0105zanych za egzaminami PTE General:[\/vc_column_text][vc_column_text] O egzaminach PTE General Uznawalno\u015b\u0107 [&hellip;]","og_url":"https:\/\/www.ih.com.pl\/bielsko-biala\/uzyteczne-linki-pte\/","og_site_name":"IH Bielsko - Bia\u0142a","article_modified_time":"2020-02-13T14:33:22+00:00","twitter_card":"summary_large_image","schema":{"@context":"https:\/\/schema.org","@graph":[{"@type":"WebPage","@id":"https:\/\/www.ih.com.pl\/bielsko-biala\/uzyteczne-linki-pte\/","url":"https:\/\/www.ih.com.pl\/bielsko-biala\/uzyteczne-linki-pte\/","name":"U\u017cyteczne linki - IH Bielsko - Bia\u0142a","isPartOf":{"@id":"https:\/\/www.ih.com.pl\/bielsko-biala\/#website"},"datePublished":"2019-12-12T10:32:13+00:00","dateModified":"2020-02-13T14:33:22+00:00","breadcrumb":{"@id":"https:\/\/www.ih.com.pl\/bielsko-biala\/uzyteczne-linki-pte\/#breadcrumb"},"inLanguage":"pl-PL","potentialAction":[{"@type":"ReadAction","target":["https:\/\/www.ih.com.pl\/bielsko-biala\/uzyteczne-linki-pte\/"]}]},{"@type":"BreadcrumbList","@id":"https:\/\/www.ih.com.pl\/bielsko-biala\/uzyteczne-linki-pte\/#breadcrumb","itemListElement":[{"@type":"ListItem","position":1,"name":"Strona g\u0142\u00f3wna","item":"https:\/\/www.ih.com.pl\/bielsko-biala\/"},{"@type":"ListItem","position":2,"name":"U\u017cyteczne linki"}]},{"@type":"WebSite","@id":"https:\/\/www.ih.com.pl\/bielsko-biala\/#website","url":"https:\/\/www.ih.com.pl\/bielsko-biala\/","name":"IH Bielsko - Bia\u0142a","description":"","potentialAction":[{"@type":"SearchAction","target":{"@type":"EntryPoint","urlTemplate":"https:\/\/www.ih.com.pl\/bielsko-biala\/?s={search_term_string}"},"query-input":{"@type":"PropertyValueSpecification","valueRequired":true,"valueName":"search_term_string"}}],"inLanguage":"pl-PL"}]}},"_links":{"self":[{"href":"https:\/\/www.ih.com.pl\/bielsko-biala\/wp-json\/wp\/v2\/pages\/419","targetHints":{"allow":["GET"]}}],"collection":[{"href":"https:\/\/www.ih.com.pl\/bielsko-biala\/wp-json\/wp\/v2\/pages"}],"about":[{"href":"https:\/\/www.ih.com.pl\/bielsko-biala\/wp-json\/wp\/v2\/types\/page"}],"author":[{"embeddable":true,"href":"https:\/\/www.ih.com.pl\/bielsko-biala\/wp-json\/wp\/v2\/users\/1"}],"replies":[{"embeddable":true,"href":"https:\/\/www.ih.com.pl\/bielsko-biala\/wp-json\/wp\/v2\/comments?post=419"}],"version-history":[{"count":5,"href":"https:\/\/www.ih.com.pl\/bielsko-biala\/wp-json\/wp\/v2\/pages\/419\/revisions"}],"predecessor-version":[{"id":865,"href":"https:\/\/www.ih.com.pl\/bielsko-biala\/wp-json\/wp\/v2\/pages\/419\/revisions\/865"}],"wp:attachment":[{"href":"https:\/\/www.ih.com.pl\/bielsko-biala\/wp-json\/wp\/v2\/media?parent=419"}],"curies":[{"name":"wp","href":"https:\/\/api.w.org\/{rel}","templated":true}]}}