{"id":444,"date":"2019-12-12T12:01:43","date_gmt":"2019-12-12T11:01:43","guid":{"rendered":"https:\/\/ih.wizjanet.pl\/bielsko-biala\/?page_id=444"},"modified":"2020-03-19T14:23:41","modified_gmt":"2020-03-19T13:23:41","slug":"yle-sesje-zamkniete","status":"publish","type":"page","link":"https:\/\/www.ih.com.pl\/bielsko-biala\/yle-sesje-zamkniete\/","title":{"rendered":"yle Sesje zamkni\u0119te"},"content":{"rendered":"<div class=\"wpb-content-wrapper\"><p>[vc_row][vc_column width=&#8221;1\/1&#8243;][vc_custom_heading]Sesje zamkni\u0119te[\/vc_custom_heading][vc_column_text]Szko\u0142y podstawowe i j\u0119zykowe maj\u0105 mo\u017cliwo\u015b\u0107 zg\u0142oszenia swoich uczni\u00f3w w wieku 7-12 lat na egzaminy Cambridge English: Young Learners (YLE). Egzamin mo\u017ce si\u0119 odby\u0107 w miejscu i terminie zaproponowanym przez szko\u0142\u0119. Najlepiej aby miejscem tym by\u0142a w\u0142a\u015bnie szko\u0142a, w kt\u00f3rej dzieci ucz\u0105 si\u0119 j\u0119zyka angielskiego, a wi\u0119c miejsce, kt\u00f3re dzieci dobrze znaj\u0105 i w kt\u00f3rym czuj\u0105 si\u0119 swobodnie.<\/p>\n<p>Szko\u0142y zainteresowane przeprowadzeniem egzaminu YLE powinny skontaktowa\u0107 si\u0119 z naszym Centrum Ezaminacyjnym na oko\u0142o 9 tygodni przed planowan\u0105 dat\u0105 egzaminu w celu jej ustalenia i potwierdzenia.<\/p>\n<p>Aby uzyska\u0107 szczeg\u00f3\u0142owe informacje co do procedur rejestracyjnych oraz cen egzamin\u00f3w zapraszamy do kontaktu z naszym Centrum na adres email: bielsko.exams@ih.com.pl lub telefonicznie +48 33 822 33 30. [\/vc_column_text][vc_message message_color=&#8221;color-210407&#8243;]UWAGA: Cambridge English wprowadzi\u0142 od stycznia 2018 r. zmiany w egzaminach YLE &#8211; informacje tutaj.[\/vc_message][vc_separator sep_color=&#8221;color-gyho&#8221; el_height=&#8221;2px&#8221;][vc_custom_heading heading_semantic=&#8221;h4&#8243; text_size=&#8221;h4&#8243;]DOKUMENTY DO POBRANIA:[\/vc_custom_heading][vc_row_inner][vc_column_inner width=&#8221;1\/3&#8243;][vc_column_text]<strong>Dokumenty g\u0142\u00f3wne:<\/strong><\/p>\n<ul>\n<li>Wst\u0119pny formularz zg\u0142oszeniowy<\/li>\n<li>Formularz rejestracyjny<\/li>\n<li>Upowa\u017cnienie dla szko\u0142y\/ instytucji do odbioru dyplom\u00f3w<\/li>\n<li>Informacja dla kandydat\u00f3w<\/li>\n<li>Rady dla rodzic\u00f3w i opiekun\u00f3w (wersja polska)<\/li>\n<\/ul>\n<p>[\/vc_column_text][\/vc_column_inner][vc_column_inner width=&#8221;1\/3&#8243;][vc_column_text]<strong>Dokumenty dodatkowe:<\/strong><\/p>\n<ul>\n<li><a href=\"https:\/\/www.ih.com.pl\/bielsko-biala\/wp-content\/uploads\/sites\/2\/2020\/03\/wniosek_o-_szczeg_udogodn_2020_lato.pdf\">Wniosek o przyznanie szczeg\u00f3lnych udogodnie\u0144<\/a><\/li>\n<li><a href=\"https:\/\/www.ih.com.pl\/bielsko-biala\/wp-content\/uploads\/sites\/2\/2020\/03\/wniosek_o_wystawienie_faktury_Mar_2020.pdf\">Wniosek o wystawienie faktury<\/a><\/li>\n<li><a href=\"https:\/\/www.ih.com.pl\/bielsko-biala\/wp-content\/uploads\/sites\/2\/2020\/03\/wniosek-_o_zwrot_op\u0142aty_egzam_2020.pdf\">Wniosek o zwrot op\u0142aty egzaminacyjnej<\/a><\/li>\n<li><a href=\"https:\/\/www.ih.com.pl\/bielsko-biala\/wp-content\/uploads\/sites\/2\/2020\/03\/formularz_za\u015bwiadczenia_lekarskiego_Mar_2020.pdf\">Formularz za\u015bwiadczenia lekarskiego<\/a><\/li>\n<\/ul>\n<p>[\/vc_column_text][\/vc_column_inner][vc_column_inner width=&#8221;1\/3&#8243;][vc_column_text]<strong>Ulotki informacyjne w j\u0119zyku angielskim:<\/strong><\/p>\n<ul>\n<li>Informacje dla kandydat\u00f3w i rodzic\u00f3w na temat test\u00f3w YLE<\/li>\n<li>Ulotka YLE dla rodzic\u00f3w<\/li>\n<li>Ulotka YLE dla szk\u00f3\u0142<\/li>\n<\/ul>\n<p>[\/vc_column_text][\/vc_column_inner][\/vc_row_inner][\/vc_column][\/vc_row]<\/p>\n<\/div>","protected":false},"excerpt":{"rendered":"<p>[vc_row][vc_column width=&#8221;1\/1&#8243;][vc_custom_heading]Sesje zamkni\u0119te[\/vc_custom_heading][vc_column_text]Szko\u0142y podstawowe i j\u0119zykowe maj\u0105 mo\u017cliwo\u015b\u0107 zg\u0142oszenia swoich uczni\u00f3w w wieku 7-12 lat na egzaminy Cambridge English: Young [&hellip;]<\/p>\n","protected":false},"author":1,"featured_media":0,"parent":0,"menu_order":0,"comment_status":"closed","ping_status":"closed","template":"","meta":{"footnotes":""},"class_list":["post-444","page","type-page","status-publish","hentry"],"yoast_head":"<!-- This site is optimized with the Yoast SEO plugin v26.8 - https:\/\/yoast.com\/product\/yoast-seo-wordpress\/ -->\n<title>yle Sesje zamkni\u0119te - IH Bielsko - Bia\u0142a<\/title>\n<meta name=\"robots\" content=\"index, follow, max-snippet:-1, max-image-preview:large, max-video-preview:-1\" \/>\n<link rel=\"canonical\" href=\"https:\/\/www.ih.com.pl\/bielsko-biala\/yle-sesje-zamkniete\/\" \/>\n<meta property=\"og:locale\" content=\"pl_PL\" \/>\n<meta property=\"og:type\" content=\"article\" \/>\n<meta property=\"og:title\" content=\"yle Sesje zamkni\u0119te - IH Bielsko - Bia\u0142a\" \/>\n<meta property=\"og:description\" content=\"[vc_row][vc_column width=&#8221;1\/1&#8243;][vc_custom_heading]Sesje zamkni\u0119te[\/vc_custom_heading][vc_column_text]Szko\u0142y podstawowe i j\u0119zykowe maj\u0105 mo\u017cliwo\u015b\u0107 zg\u0142oszenia swoich uczni\u00f3w w wieku 7-12 lat na egzaminy Cambridge English: Young [&hellip;]\" \/>\n<meta property=\"og:url\" content=\"https:\/\/www.ih.com.pl\/bielsko-biala\/yle-sesje-zamkniete\/\" \/>\n<meta property=\"og:site_name\" content=\"IH Bielsko - Bia\u0142a\" \/>\n<meta property=\"article:modified_time\" content=\"2020-03-19T13:23:41+00:00\" \/>\n<meta name=\"twitter:card\" content=\"summary_large_image\" \/>\n<meta name=\"twitter:label1\" content=\"Szacowany czas czytania\" \/>\n\t<meta name=\"twitter:data1\" content=\"2 minuty\" \/>\n<script type=\"application\/ld+json\" class=\"yoast-schema-graph\">{\"@context\":\"https:\/\/schema.org\",\"@graph\":[{\"@type\":\"WebPage\",\"@id\":\"https:\/\/www.ih.com.pl\/bielsko-biala\/yle-sesje-zamkniete\/\",\"url\":\"https:\/\/www.ih.com.pl\/bielsko-biala\/yle-sesje-zamkniete\/\",\"name\":\"yle Sesje zamkni\u0119te - IH Bielsko - Bia\u0142a\",\"isPartOf\":{\"@id\":\"https:\/\/www.ih.com.pl\/bielsko-biala\/#website\"},\"datePublished\":\"2019-12-12T11:01:43+00:00\",\"dateModified\":\"2020-03-19T13:23:41+00:00\",\"breadcrumb\":{\"@id\":\"https:\/\/www.ih.com.pl\/bielsko-biala\/yle-sesje-zamkniete\/#breadcrumb\"},\"inLanguage\":\"pl-PL\",\"potentialAction\":[{\"@type\":\"ReadAction\",\"target\":[\"https:\/\/www.ih.com.pl\/bielsko-biala\/yle-sesje-zamkniete\/\"]}]},{\"@type\":\"BreadcrumbList\",\"@id\":\"https:\/\/www.ih.com.pl\/bielsko-biala\/yle-sesje-zamkniete\/#breadcrumb\",\"itemListElement\":[{\"@type\":\"ListItem\",\"position\":1,\"name\":\"Strona g\u0142\u00f3wna\",\"item\":\"https:\/\/www.ih.com.pl\/bielsko-biala\/\"},{\"@type\":\"ListItem\",\"position\":2,\"name\":\"yle Sesje zamkni\u0119te\"}]},{\"@type\":\"WebSite\",\"@id\":\"https:\/\/www.ih.com.pl\/bielsko-biala\/#website\",\"url\":\"https:\/\/www.ih.com.pl\/bielsko-biala\/\",\"name\":\"IH Bielsko - Bia\u0142a\",\"description\":\"\",\"potentialAction\":[{\"@type\":\"SearchAction\",\"target\":{\"@type\":\"EntryPoint\",\"urlTemplate\":\"https:\/\/www.ih.com.pl\/bielsko-biala\/?s={search_term_string}\"},\"query-input\":{\"@type\":\"PropertyValueSpecification\",\"valueRequired\":true,\"valueName\":\"search_term_string\"}}],\"inLanguage\":\"pl-PL\"}]}<\/script>\n<!-- \/ Yoast SEO plugin. -->","yoast_head_json":{"title":"yle Sesje zamkni\u0119te - IH Bielsko - Bia\u0142a","robots":{"index":"index","follow":"follow","max-snippet":"max-snippet:-1","max-image-preview":"max-image-preview:large","max-video-preview":"max-video-preview:-1"},"canonical":"https:\/\/www.ih.com.pl\/bielsko-biala\/yle-sesje-zamkniete\/","og_locale":"pl_PL","og_type":"article","og_title":"yle Sesje zamkni\u0119te - IH Bielsko - Bia\u0142a","og_description":"[vc_row][vc_column width=&#8221;1\/1&#8243;][vc_custom_heading]Sesje zamkni\u0119te[\/vc_custom_heading][vc_column_text]Szko\u0142y podstawowe i j\u0119zykowe maj\u0105 mo\u017cliwo\u015b\u0107 zg\u0142oszenia swoich uczni\u00f3w w wieku 7-12 lat na egzaminy Cambridge English: Young [&hellip;]","og_url":"https:\/\/www.ih.com.pl\/bielsko-biala\/yle-sesje-zamkniete\/","og_site_name":"IH Bielsko - Bia\u0142a","article_modified_time":"2020-03-19T13:23:41+00:00","twitter_card":"summary_large_image","twitter_misc":{"Szacowany czas czytania":"2 minuty"},"schema":{"@context":"https:\/\/schema.org","@graph":[{"@type":"WebPage","@id":"https:\/\/www.ih.com.pl\/bielsko-biala\/yle-sesje-zamkniete\/","url":"https:\/\/www.ih.com.pl\/bielsko-biala\/yle-sesje-zamkniete\/","name":"yle Sesje zamkni\u0119te - IH Bielsko - Bia\u0142a","isPartOf":{"@id":"https:\/\/www.ih.com.pl\/bielsko-biala\/#website"},"datePublished":"2019-12-12T11:01:43+00:00","dateModified":"2020-03-19T13:23:41+00:00","breadcrumb":{"@id":"https:\/\/www.ih.com.pl\/bielsko-biala\/yle-sesje-zamkniete\/#breadcrumb"},"inLanguage":"pl-PL","potentialAction":[{"@type":"ReadAction","target":["https:\/\/www.ih.com.pl\/bielsko-biala\/yle-sesje-zamkniete\/"]}]},{"@type":"BreadcrumbList","@id":"https:\/\/www.ih.com.pl\/bielsko-biala\/yle-sesje-zamkniete\/#breadcrumb","itemListElement":[{"@type":"ListItem","position":1,"name":"Strona g\u0142\u00f3wna","item":"https:\/\/www.ih.com.pl\/bielsko-biala\/"},{"@type":"ListItem","position":2,"name":"yle Sesje zamkni\u0119te"}]},{"@type":"WebSite","@id":"https:\/\/www.ih.com.pl\/bielsko-biala\/#website","url":"https:\/\/www.ih.com.pl\/bielsko-biala\/","name":"IH Bielsko - Bia\u0142a","description":"","potentialAction":[{"@type":"SearchAction","target":{"@type":"EntryPoint","urlTemplate":"https:\/\/www.ih.com.pl\/bielsko-biala\/?s={search_term_string}"},"query-input":{"@type":"PropertyValueSpecification","valueRequired":true,"valueName":"search_term_string"}}],"inLanguage":"pl-PL"}]}},"_links":{"self":[{"href":"https:\/\/www.ih.com.pl\/bielsko-biala\/wp-json\/wp\/v2\/pages\/444","targetHints":{"allow":["GET"]}}],"collection":[{"href":"https:\/\/www.ih.com.pl\/bielsko-biala\/wp-json\/wp\/v2\/pages"}],"about":[{"href":"https:\/\/www.ih.com.pl\/bielsko-biala\/wp-json\/wp\/v2\/types\/page"}],"author":[{"embeddable":true,"href":"https:\/\/www.ih.com.pl\/bielsko-biala\/wp-json\/wp\/v2\/users\/1"}],"replies":[{"embeddable":true,"href":"https:\/\/www.ih.com.pl\/bielsko-biala\/wp-json\/wp\/v2\/comments?post=444"}],"version-history":[{"count":3,"href":"https:\/\/www.ih.com.pl\/bielsko-biala\/wp-json\/wp\/v2\/pages\/444\/revisions"}],"predecessor-version":[{"id":1156,"href":"https:\/\/www.ih.com.pl\/bielsko-biala\/wp-json\/wp\/v2\/pages\/444\/revisions\/1156"}],"wp:attachment":[{"href":"https:\/\/www.ih.com.pl\/bielsko-biala\/wp-json\/wp\/v2\/media?parent=444"}],"curies":[{"name":"wp","href":"https:\/\/api.w.org\/{rel}","templated":true}]}}