{"id":455,"date":"2019-12-12T12:09:49","date_gmt":"2019-12-12T11:09:49","guid":{"rendered":"https:\/\/ih.wizjanet.pl\/bielsko-biala\/?page_id=455"},"modified":"2025-08-27T09:41:24","modified_gmt":"2025-08-27T07:41:24","slug":"kursy-dla-dzieci-4-9-lat","status":"publish","type":"page","link":"https:\/\/www.ih.com.pl\/bielsko-biala\/kursy-dla-dzieci-4-9-lat\/","title":{"rendered":"Kursy dla dzieci 4-9 lat"},"content":{"rendered":"<div class=\"wpb-content-wrapper\"><p>[vc_row row_height_percent=&#8221;0&#8243; back_image=&#8221;1464&#8243; overlay_color=&#8221;color-210407&#8243; overlay_alpha=&#8221;75&#8243; gutter_size=&#8221;3&#8243; column_width_percent=&#8221;100&#8243; shift_y=&#8221;0&#8243; z_index=&#8221;0&#8243; row_height_pixel=&#8221;350&#8243;][vc_column column_width_percent=&#8221;100&#8243; position_vertical=&#8221;middle&#8221; gutter_size=&#8221;3&#8243; overlay_alpha=&#8221;50&#8243; shift_x=&#8221;0&#8243; shift_y=&#8221;0&#8243; shift_y_down=&#8221;0&#8243; z_index=&#8221;0&#8243; medium_width=&#8221;0&#8243; mobile_width=&#8221;0&#8243; width=&#8221;1\/1&#8243;][vc_custom_heading heading_semantic=&#8221;h1&#8243; text_color=&#8221;color-xsdn&#8221;]Angielski dla dzieci 4-9 lat[\/vc_custom_heading][\/vc_column][\/vc_row][vc_row row_height_percent=&#8221;0&#8243; override_padding=&#8221;yes&#8221; h_padding=&#8221;2&#8243; top_padding=&#8221;3&#8243; bottom_padding=&#8221;2&#8243; overlay_alpha=&#8221;50&#8243; gutter_size=&#8221;3&#8243; column_width_percent=&#8221;100&#8243; shift_y=&#8221;0&#8243; z_index=&#8221;0&#8243;][vc_column column_width_percent=&#8221;100&#8243; align_horizontal=&#8221;align_center&#8221; gutter_size=&#8221;3&#8243; overlay_alpha=&#8221;50&#8243; shift_x=&#8221;0&#8243; shift_y=&#8221;0&#8243; shift_y_down=&#8221;0&#8243; z_index=&#8221;0&#8243; medium_width=&#8221;0&#8243; mobile_width=&#8221;0&#8243; width=&#8221;1\/1&#8243;][vc_custom_heading heading_semantic=&#8221;h4&#8243; text_size=&#8221;h4&#8243;]W roku szkolnym 2025\/2026 dzieci w wieku 4-9 lat uczy\u0107 si\u0119 b\u0119d\u0105 w systemie \u201eEnglish for fun\u201d oraz \u201eEnglish for Young Learners\u201d w zale\u017cno\u015bci od wieku i znajomo\u015bci j\u0119zyka angielskiego.[\/vc_custom_heading][vc_row_inner][vc_column_inner width=&#8221;1\/2&#8243;][vc_column_text]<strong>\u201eEnglish for Fun\u201d (angielski dla przyjemno\u015bci, zabawy i frajdy) obejmuje 2 kategorie wiekowe:<\/strong><\/p>\n<ul>\n<li>4-5 latki na dw\u00f3ch poziomach zaawansowania<\/li>\n<li>6-7 latki (zer\u00f3wka-I klasa) na trzech poziomach zaawansowania<\/li>\n<\/ul>\n<p>Najm\u0142odsze dzieci maj\u0105 zaj\u0119cia dwa raz w tygodniu po 60 minut z nauczycielem angloj\u0119zycznym, w okresie od pa\u017adziernika do czerwca.<\/p>\n<p>Kursy dla zer\u00f3wkowicz\u00f3w i pierwszak\u00f3w prowadzone s\u0105 w tym samym trybie, ale s\u0105 d\u0142u\u017csze &#8211; trwaj\u0105 ka\u017cdorazowo 75 minut.[\/vc_column_text][\/vc_column_inner][vc_column_inner width=&#8221;1\/2&#8243;][vc_single_image media=&#8221;1464&#8243; media_width_percent=&#8221;100&#8243;][\/vc_column_inner][\/vc_row_inner][vc_row_inner][vc_column_inner width=&#8221;1\/2&#8243;][vc_column_text]<strong>\u201eEnglish for Young Learners\u201d obejmuje dzieci z klas II i III na 6 poziomach zaawansowania.<\/strong><\/p>\n<ul>\n<li>Zaj\u0119cia trwaj\u0105 od pa\u017adziernika do czerwca.<\/li>\n<li>Odbywaj\u0105 si\u0119 dwa razy w tygodniu po 90 minut<\/li>\n<li>Ca\u0142o\u015b\u0107 kursu to 120 godzin lekcyjnych.<\/li>\n<li>Grupy licz\u0105 od 5 do 10 os\u00f3b.<\/li>\n<li>Zaj\u0119cia prowadz\u0105 do\u015bwiadczeni nauczyciele angloj\u0119zyczni.<\/li>\n<\/ul>\n<p>Masz pytania \u2013 skontaktuj si\u0119 z naszym biurem mailowo <a href=\"mailto:bielsko@ih.com.pl\">bielsko@ih.com.pl<\/a> lub telefonicznie: <a href=\"tel:338223330\">33\u00a0822 33 30<\/a>.[\/vc_column_text][\/vc_column_inner][vc_column_inner width=&#8221;1\/2&#8243;][vc_single_image media=&#8221;1594&#8243; media_width_percent=&#8221;100&#8243;][\/vc_column_inner][\/vc_row_inner][vc_separator sep_color=&#8221;color-gyho&#8221; el_height=&#8221;2px&#8221;][\/vc_column][\/vc_row][vc_row][vc_column width=&#8221;2\/3&#8243;][vc_column_text]Im wcze\u015bniej zaczynamy uczy\u0107 si\u0119 j\u0119zyka obcego, tym \u0142atwiej \u2013 a przede wszystkim pr\u0119dzej \u2013 przebiega proces jego przyswajania. \u0141atwiejsza staje si\u0119 te\u017c nauka kolejnego j\u0119zyka. Dzieci bardzo szybko ucz\u0105 si\u0119 przez \u201cos\u0142uchanie\u201d. Ich ciekawo\u015b\u0107 \u015bwiata, wra\u017cliwo\u015b\u0107 i ch\u0119\u0107 poznania wszystkiego, co nowe, zmusza je do zadawania licznych pyta\u0144, a tym samym do powtarzania nowych nazw, zwrot\u00f3w i zda\u0144. Na wykorzystaniu tej prawid\u0142owo\u015bci opieramy nasze zaj\u0119cia z j\u0119zyka angielskiego i nie tylko, adresowane dla najm\u0142odszych uczni\u00f3w.[\/vc_column_text][vc_column_text]Grupy dzieci\u0119ce tworzone s\u0105 w niezwykle staranny spos\u00f3b w oparciu o kryterium wieku \u2013 rozpi\u0119to\u015b\u0107 wiekowa w jednej grupie wynosi maks. 3 lata \u2013 i poziom zaawansowania, kt\u00f3ry oceniany jest przez naszych lektor\u00f3w na podstawie testu i rozmowy z nauczycielem.<\/p>\n<p>Nauka angielskiego dla dzieci jest tak odmienna od nauczania m\u0142odzie\u017cy i doros\u0142ych, \u017ce w praktyce stanowi odr\u0119bn\u0105 specjalizacj\u0119 i mo\u017ce by\u0107 przeprowadzana tylko przez nauczycieli, kt\u00f3rzy posiadaj\u0105 odpowiednie kwalifikacje pedagogiczne, do\u015bwiadczenie i \u2013 co najwa\u017cniejsze \u2013 lubi\u0105 prac\u0119 z maluchami. Jest ona dla nich nie tyle wykonywaniem zawodu, co pasj\u0105. W\u0142a\u015bnie takie osoby ucz\u0105 naszych najm\u0142odszych uczni\u00f3w w International House w Bielsku-Bia\u0142ej.[\/vc_column_text][vc_column_text]Tematyka zaj\u0119\u0107 i materia\u0142y dobierane s\u0105 tak, by zaspokoi\u0107 \u201cdzieci\u0119cy g\u0142\u00f3d wiedzy\u201d, a zarazem rozwin\u0105\u0107 zainteresowania i poszerzy\u0107 horyzonty. Podczas zaj\u0119\u0107 z angielskiego bardzo szeroko wprowadzane s\u0105 techniki \u201cgier i zabaw\u201d, w kt\u00f3re wplatane s\u0105 odpowiednio dobrane proste zwroty, s\u0142ownictwo i wybrane elementy gramatyki praktycznej. Dzi\u0119ki temu kurs angielskiego dla dzieci w IH Bielsko-Bia\u0142a jest po prostu przyjemno\u015bci\u0105. Zapominaj\u0105, \u017ce si\u0119 ucz\u0105 \u2013 tak dobrze si\u0119 przy tym bawi\u0105.<\/p>\n<p>Nad ca\u0142okszta\u0142tem zaj\u0119\u0107, ich form\u0105 i programem czuwa do\u015bwiadczony koordynator do spraw kurs\u00f3w z j\u0119zyka angielskiego dla dzieci oraz metodyk.[\/vc_column_text][vc_column_text]Rodzice s\u0105 informowani o post\u0119pach dziecka w trakcie odbywaj\u0105cych si\u0119 regularnie spotka\u0144 z nauczycielem. Na zako\u0144czenie kursu ka\u017cdy ucze\u0144 otrzymuje certyfikat IH wraz z ocen\u0105, a tak\u017ce rekomendacj\u0119 do odpowiedniej grupy na kolejny rok szkolny. System poziom\u00f3w stworzony przez IH gwarantuje oczywi\u015bcie kontynuacj\u0119 nauki na kolejnych poziomach zaawansowania w odpowiedniej grupie wiekowej. Zapisz swoj\u0105 pociech\u0119 na angielski Bielsko-Bia\u0142a do International House i pom\u00f3\u017c jej szybciej opanowa\u0107 ten j\u0119zyk!<\/p>\n<p>Kids\u2019 Club \u2013 to dodatkowe zaj\u0119cia dla dzieci prowadzone wy\u0142\u0105cznie przez angielskoj\u0119zycznych nauczycieli. S\u0105 one skomponowane z r\u00f3\u017cnego rodzaju gier, konkurs\u00f3w i turniej\u00f3w w j\u0119zyku angielskim, przez co nauka zyskuje form\u0119 zabawy. Te spotkania z j\u0119zykiem angielskim w praktycznym wydaniu w ramach Kids\u2019 Club odbywaj\u0105 si\u0119 w wyznaczone soboty w godz. 10.00 \u2013 12.00.[\/vc_column_text][vc_column_text]<strong>Poni\u017cej zamieszczamy kilka istotnych wskaz\u00f3wek i pomys\u0142\u00f3w na to, jak pom\u00f3c dziecku w nauce j\u0119zyka angielskiego.<\/strong><\/p>\n<ul>\n<li>Po powrocie z zaj\u0119\u0107, po\u015bwi\u0119\u0107 kilka chwil na przegl\u0105danie zeszytu dziecka i podr\u0119cznika do nauki angielskiego.Powtarzaj z dzieckiem s\u0142\u00f3wka\/zwroty, kt\u00f3re pozna\u0142o podczas lekcji j\u0119zyka angielskiego lub zach\u0119\u0107 je, aby Ci\u0119 ich nauczy\u0142o.<\/li>\n<li>Kiedy jeste\u015b na zakupach, zadawaj dziecku pytania: \u201cA czy wiesz jak jest chleb\/m\u0105ka po angielsku?\u201d<\/li>\n<li>Pytaj o znaczenie etykiet na produktach zagranicznych\/ubraniach.<\/li>\n<li>\u0106wicz z dzieckiem kr\u00f3tkie rozm\u00f3wki (przywitania, zwroty grzeczno\u015bciowe).<\/li>\n<li>Czytaj dziecku bajki\/opowiadania\/komiksy w j\u0119zyku angielskim, a starsze dzieci zach\u0119caj do samodzielnego czytania.<\/li>\n<li>\u015apiewaj z dzieckiem proste piosenki po angielsku.<\/li>\n<li>Zorientuj si\u0119, jakie filmy, gry komputerowe do nauki angielskiego dla dzieci s\u0105 dost\u0119pne na rynku.<\/li>\n<li>Razem z dzieckiem s\u0142uchaj i ogl\u0105daj angielskie programy\/filmy\/bajki.<\/li>\n<li>Znajd\u017a w domu miejsce na \u2018K\u0105cik angielski\u2019, gdzie trzymane b\u0119d\u0105 s\u0142owniki, gry, p\u0142yty etc. do nauki angielskiego.<\/li>\n<\/ul>\n<p>[\/vc_column_text][\/vc_column][vc_column column_width_percent=&#8221;100&#8243; align_horizontal=&#8221;align_center&#8221; gutter_size=&#8221;3&#8243; overlay_alpha=&#8221;50&#8243; shift_x=&#8221;0&#8243; shift_y=&#8221;0&#8243; shift_y_down=&#8221;0&#8243; z_index=&#8221;0&#8243; medium_width=&#8221;0&#8243; mobile_width=&#8221;0&#8243; width=&#8221;1\/3&#8243;][vc_button button_color=&#8221;color-210407&#8243; size=&#8221;btn-lg&#8221; radius=&#8221;btn-circle&#8221; outline=&#8221;yes&#8221; border_width=&#8221;0&#8243; link=&#8221;url:https%3A%2F%2Fwww.ih.com.pl%2Fbielsko-biala%2Fcennik%2F|title:Cennik||&#8221;]Cennik[\/vc_button][vc_button button_color=&#8221;color-963377&#8243; size=&#8221;btn-xl&#8221; radius=&#8221;btn-circle&#8221; outline=&#8221;yes&#8221; border_width=&#8221;0&#8243; link=&#8221;url:https%3A%2F%2Fwww.ih.com.pl%2Fbielsko-biala%2Fwp-content%2Fuploads%2Fsites%2F2%2F2023%2F06%2Fdzieci-2023_2024-scaled.jpg|title:Poziomy%20zaawasowania|target:%20_blank|&#8221;]Poziomy zaawansowania[\/vc_button][vc_single_image media=&#8221;1603&#8243; media_width_percent=&#8221;76&#8243; alignment=&#8221;center&#8221; shape=&#8221;img-round&#8221;][vc_single_image media=&#8221;1600&#8243; media_width_percent=&#8221;76&#8243; alignment=&#8221;center&#8221; shape=&#8221;img-round&#8221;][vc_single_image media=&#8221;1602&#8243; media_width_percent=&#8221;76&#8243; alignment=&#8221;center&#8221; shape=&#8221;img-round&#8221;][vc_column_text]<\/p>\n<p style=\"text-align: left\">Masz pytania \u2013 skontaktuj si\u0119 z naszym biurem mailowo <a href=\"mailto:bielsko@ih.com.pl\">bielsko@ih.com.pl<\/a> lub telefonicznie: <a href=\"tel:338223330\">33\u00a0822 33 30<\/a>.<\/p>\n<p>[\/vc_column_text][\/vc_column][\/vc_row][vc_row][vc_column width=&#8221;1\/1&#8243;][vc_separator sep_color=&#8221;color-gyho&#8221; el_height=&#8221;2px&#8221;][vc_custom_heading]English for Young Learners, czyli kursy przygotowuj\u0105ce do egzamin\u00f3w YLE[\/vc_custom_heading][vc_custom_heading heading_semantic=&#8221;h4&#8243; text_size=&#8221;h4&#8243; text_color=&#8221;color-jevc&#8221;]\u201eEnglish for Young Learners\u201d obejmuje jedn\u0105 kategori\u0119 wiekow\u0105: Middle Primary (II, III klasa) na 6 poziomach zaawansowania,[\/vc_custom_heading][vc_row_inner][vc_column_inner width=&#8221;1\/2&#8243;][vc_column_text]W tej kategorii dzieci, realizuj\u0105c podstaw\u0119 programow\u0105 przewidzian\u0105 na dany poziom, przy okazji przygotowuj\u0105 si\u0119 do egzaminu Cambridge YLE (Young Learners English): Starters, Movers i Flyers. Standardowy cykl przygotowania do egzaminu na danym poziomie obejmuje 2 lata (pierwszy rok w grupie nieegzaminacyjnej, drugi rok w grupie egzaminacyjnej). Jednak\u017ce to post\u0119p i zakres opanowania j\u0119zyka decyduje, kiedy dziecko mo\u017ce do niego przyst\u0105pi\u0107. Podej\u015bcie do egzaminu nie jest obowi\u0105zkowe. Na ka\u017cdym z poziom\u00f3w zaawansowania dzieci rozwijaj\u0105 swoje umiej\u0119tno\u015bci, a uzyskanie samego certyfikatu Cambridge jest dodatkow\u0105 nagrod\u0105 za wysi\u0142ek ucznia, siln\u0105 motywacj\u0105 do dalszej nauki i wzmocnieniem wiary we w\u0142asne si\u0142y.[\/vc_column_text][\/vc_column_inner][vc_column_inner width=&#8221;1\/2&#8243;][vc_column_text]Na zaj\u0119ciach w grupach egzaminacyjnych dzieci rozwi\u0105zywa\u0107 b\u0119d\u0105 zadania typowe dla test\u00f3w YL, tak aby m\u00f3c si\u0119 z nimi oswoi\u0107 i jak najlepiej przygotowa\u0107 do samego egzaminu, kt\u00f3ry odbywa si\u0119 w po\u0142owie czerwca. Wykorzystywane na zaj\u0119cia podr\u0119czniki r\u00f3wnie\u017c skupiaj\u0105 si\u0119 na umiej\u0119tno\u015bciach z zakresu obj\u0119tego egzaminem. Dodatkowo w po\u0142owie roku szkolnego dzieci w grupach egzaminacyjnych w ramach egzaminu pr\u00f3bnego \u201dmock exam\u201d b\u0119d\u0105 mog\u0142y sprawdzi\u0107 stan swojego przygotowania przed przyst\u0105pieniem do w\u0142a\u015bciwego egzaminu Cambridge[\/vc_column_text][\/vc_column_inner][\/vc_row_inner][vc_column_text]Egzaminy Cambridge YLE (organizowane w naszej szkole) przebiegaj\u0105 bezstresowo i pozwalaj\u0105 dziecku zdoby\u0107 pozytywne do\u015bwiadczenia. Wiele zada\u0144 egzaminacyjnych polega mi\u0119dzy innymi na rysowaniu i kolorowaniu, a rozmowa z egzaminatorem ma przyjemn\u0105, bezstresow\u0105 form\u0119. Egzaminy YLE zawsze ko\u0144cz\u0105 si\u0119 uzyskaniem certyfikatu. Wyniki przedstawione s\u0105 w postaci tarcz. Ka\u017cda z trzech cz\u0119\u015bci testu (s\u0142uchanie, pisanie i czytanie oraz m\u00f3wienie) oferuje dziecku mo\u017cliwo\u015b\u0107 uzyskania 5 tarcz, co daje \u0142\u0105cznie 15 odznacze\u0144.[\/vc_column_text][vc_separator sep_color=&#8221;color-gyho&#8221; el_height=&#8221;2px&#8221;][vc_row_inner][vc_column_inner column_width_percent=&#8221;100&#8243; align_horizontal=&#8221;align_center&#8221; gutter_size=&#8221;3&#8243; overlay_alpha=&#8221;50&#8243; shift_x=&#8221;0&#8243; shift_y=&#8221;0&#8243; shift_y_down=&#8221;0&#8243; z_index=&#8221;0&#8243; medium_width=&#8221;0&#8243; mobile_width=&#8221;0&#8243; width=&#8221;1\/1&#8243;][vc_custom_heading heading_semantic=&#8221;h4&#8243; text_size=&#8221;h4&#8243;]Test YLE na ka\u017cdym poziomie sk\u0142ada si\u0119 z trzech cz\u0119\u015bci (tzw. Papers):[\/vc_custom_heading][\/vc_column_inner][\/vc_row_inner][vc_row_inner][vc_column_inner column_width_percent=&#8221;100&#8243; position_vertical=&#8221;middle&#8221; align_horizontal=&#8221;align_center&#8221; gutter_size=&#8221;3&#8243; override_padding=&#8221;yes&#8221; column_padding=&#8221;2&#8243; overlay_alpha=&#8221;50&#8243; shift_x=&#8221;0&#8243; shift_y=&#8221;0&#8243; shift_y_down=&#8221;0&#8243; z_index=&#8221;0&#8243; medium_width=&#8221;0&#8243; mobile_width=&#8221;0&#8243; width=&#8221;1\/3&#8243;][vc_icon icon=&#8221;fa fa-deaf&#8221; icon_color=&#8221;color-476022&#8243; size=&#8221;fa-4x&#8221; heading_semantic=&#8221;p&#8221; text_size=&#8221;&#8221; title=&#8221;Rozumienie ze s\u0142uchu (Listening)&#8221;][\/vc_icon][\/vc_column_inner][vc_column_inner column_width_percent=&#8221;100&#8243; align_horizontal=&#8221;align_center&#8221; gutter_size=&#8221;3&#8243; override_padding=&#8221;yes&#8221; column_padding=&#8221;2&#8243; overlay_alpha=&#8221;50&#8243; shift_x=&#8221;0&#8243; shift_y=&#8221;0&#8243; shift_y_down=&#8221;0&#8243; z_index=&#8221;0&#8243; medium_width=&#8221;0&#8243; mobile_width=&#8221;0&#8243; width=&#8221;1\/3&#8243;][vc_icon icon=&#8221;fa fa-pen&#8221; icon_color=&#8221;color-174087&#8243; size=&#8221;fa-4x&#8221; heading_semantic=&#8221;p&#8221; text_size=&#8221;&#8221; title=&#8221;Czytanie i pisanie (Reading and Writing)&#8221;][\/vc_icon][\/vc_column_inner][vc_column_inner column_width_percent=&#8221;100&#8243; align_horizontal=&#8221;align_center&#8221; gutter_size=&#8221;3&#8243; override_padding=&#8221;yes&#8221; column_padding=&#8221;2&#8243; overlay_alpha=&#8221;50&#8243; shift_x=&#8221;0&#8243; shift_y=&#8221;0&#8243; shift_y_down=&#8221;0&#8243; z_index=&#8221;0&#8243; medium_width=&#8221;0&#8243; mobile_width=&#8221;0&#8243; width=&#8221;1\/3&#8243;][vc_icon icon=&#8221;fa fa-bullhorn&#8221; icon_color=&#8221;color-963377&#8243; size=&#8221;fa-4x&#8221; heading_semantic=&#8221;p&#8221; text_size=&#8221;&#8221; title=&#8221;M\u00f3wienie (Speaking)&#8221;][\/vc_icon][\/vc_column_inner][\/vc_row_inner][\/vc_column][\/vc_row][vc_row row_height_percent=&#8221;0&#8243; override_padding=&#8221;yes&#8221; h_padding=&#8221;2&#8243; top_padding=&#8221;3&#8243; bottom_padding=&#8221;3&#8243; back_color=&#8221;color-963377&#8243; overlay_alpha=&#8221;50&#8243; gutter_size=&#8221;3&#8243; column_width_percent=&#8221;100&#8243; shift_y=&#8221;0&#8243; z_index=&#8221;0&#8243;][vc_column column_width_percent=&#8221;100&#8243; gutter_size=&#8221;3&#8243; style=&#8221;dark&#8221; overlay_alpha=&#8221;50&#8243; shift_x=&#8221;0&#8243; shift_y=&#8221;0&#8243; shift_y_down=&#8221;0&#8243; z_index=&#8221;0&#8243; medium_width=&#8221;0&#8243; mobile_width=&#8221;0&#8243; width=&#8221;1\/1&#8243;][vc_custom_heading text_color=&#8221;color-xsdn&#8221;]Dlaczego warto przyst\u0105pi\u0107 do egzamin\u00f3w YLE?[\/vc_custom_heading][vc_column_text]<\/p>\n<ul>\n<li>Egzamin YLE stanowi doskona\u0142y, niezale\u017cny sprawdzian oferty edukacyjnej danej plac\u00f3wki w zakresie nauczania j\u0119zyka angielskiego.<\/li>\n<li>Testy YLE w spos\u00f3b przyjazny i \u0142agodny pozwalaj\u0105 dziecku zdoby\u0107 pozytywne do\u015bwiadczenia wyniesione z pierwszych kontakt\u00f3w z egzaminami. Test przebiega bezstresowo, ma form\u0119 przyjaznej rozmowy z egzaminatorem Cambridge English Language Assessment, kt\u00f3ry jest odpowiednio przygotowany do pracy z dzie\u0107mi. Przeprowadzenie egzaminu koordynowane jest przez polskiego opiekuna.<\/li>\n<li>Badania pokazuj\u0105, \u017ce dzieci lubi\u0105 uczy\u0107 si\u0119 do egzamin\u00f3w YLE, a tak\u017ce je zdawa\u0107. Wiele zada\u0144 egzaminacyjnych polega mi\u0119dzy innymi na kolorowaniu, rysowaniu czy rozmowie z egzaminatorem, co bardzo zach\u0119ca i inspiruje kilkulatki.<\/li>\n<li>Test YLE to doskona\u0142y spos\u00f3b, by pokaza\u0107 dzieciom jak du\u017co ju\u017c umiej\u0105, a tym samym zach\u0119ci\u0107 je do dalszej nauki.<\/li>\n<li>Egzaminy YLE ko\u0144cz\u0105 si\u0119 zawsze otrzymaniem certyfikatu, kt\u00f3ry pozwala rodzicom i nauczycielom oceni\u0107 poczynione przez dziecko post\u0119py i przygotowa\u0107 je do nauki j\u0119zyka angielskiego na kolejnym poziomie.<\/li>\n<li>Sprawdziany YLE wzmacniaj\u0105 wiar\u0119 dziecka we w\u0142asne mo\u017cliwo\u015bci, a przez to przyczyniaj\u0105 si\u0119 do edukacyjnych sukces\u00f3w w przysz\u0142o\u015bci i nabycia umiej\u0119tno\u015bci zdawania coraz trudniejszych egzamin\u00f3w.<\/li>\n<\/ul>\n<p>Podaruj swojemu dziecku prezent w postaci trampoliny do nauki j\u0119zyk\u00f3w obcych. Zapytaj o ofert\u0119 egzamin\u00f3w YLE z angielskiego dla dzieci w International House Bielsko-Bia\u0142a![\/vc_column_text][\/vc_column][\/vc_row]<\/p>\n<\/div>","protected":false},"excerpt":{"rendered":"<p>[vc_row row_height_percent=&#8221;0&#8243; back_image=&#8221;1464&#8243; overlay_color=&#8221;color-210407&#8243; overlay_alpha=&#8221;75&#8243; gutter_size=&#8221;3&#8243; column_width_percent=&#8221;100&#8243; shift_y=&#8221;0&#8243; z_index=&#8221;0&#8243; row_height_pixel=&#8221;350&#8243;][vc_column column_width_percent=&#8221;100&#8243; position_vertical=&#8221;middle&#8221; gutter_size=&#8221;3&#8243; overlay_alpha=&#8221;50&#8243; shift_x=&#8221;0&#8243; shift_y=&#8221;0&#8243; shift_y_down=&#8221;0&#8243; z_index=&#8221;0&#8243; medium_width=&#8221;0&#8243; mobile_width=&#8221;0&#8243; [&hellip;]<\/p>\n","protected":false},"author":1,"featured_media":0,"parent":0,"menu_order":0,"comment_status":"closed","ping_status":"closed","template":"","meta":{"footnotes":""},"class_list":["post-455","page","type-page","status-publish","hentry"],"yoast_head":"<!-- This site is optimized with the Yoast SEO plugin v26.8 - https:\/\/yoast.com\/product\/yoast-seo-wordpress\/ -->\n<title>Angielski dla dzieci Bielsko kurs | Korepetycje Angielski - IH Bielsko<\/title>\n<meta name=\"description\" content=\"Prowadzimy kursy z j\u0119zyka angielskiego dla dzieci w wieku od 4 do 10 lat. Zajecia w ma\u0142ych grupach dobieranych wg wieku i poziomu zaawansowania. Sprawd\u017a!\" \/>\n<meta name=\"robots\" content=\"index, follow, max-snippet:-1, max-image-preview:large, max-video-preview:-1\" \/>\n<link rel=\"canonical\" href=\"https:\/\/www.ih.com.pl\/bielsko-biala\/kursy-dla-dzieci-4-9-lat\/\" \/>\n<meta property=\"og:locale\" content=\"pl_PL\" \/>\n<meta property=\"og:type\" content=\"article\" \/>\n<meta property=\"og:title\" content=\"Angielski dla dzieci Bielsko kurs | Korepetycje Angielski - IH Bielsko\" \/>\n<meta property=\"og:description\" content=\"Prowadzimy kursy z j\u0119zyka angielskiego dla dzieci w wieku od 4 do 10 lat. Zajecia w ma\u0142ych grupach dobieranych wg wieku i poziomu zaawansowania. Sprawd\u017a!\" \/>\n<meta property=\"og:url\" content=\"https:\/\/www.ih.com.pl\/bielsko-biala\/kursy-dla-dzieci-4-9-lat\/\" \/>\n<meta property=\"og:site_name\" content=\"IH Bielsko - Bia\u0142a\" \/>\n<meta property=\"article:modified_time\" content=\"2025-08-27T07:41:24+00:00\" \/>\n<meta name=\"twitter:card\" content=\"summary_large_image\" \/>\n<meta name=\"twitter:label1\" content=\"Szacowany czas czytania\" \/>\n\t<meta name=\"twitter:data1\" content=\"11 minut\" \/>\n<script type=\"application\/ld+json\" class=\"yoast-schema-graph\">{\"@context\":\"https:\/\/schema.org\",\"@graph\":[{\"@type\":\"WebPage\",\"@id\":\"https:\/\/www.ih.com.pl\/bielsko-biala\/kursy-dla-dzieci-4-9-lat\/\",\"url\":\"https:\/\/www.ih.com.pl\/bielsko-biala\/kursy-dla-dzieci-4-9-lat\/\",\"name\":\"Angielski dla dzieci Bielsko kurs | Korepetycje Angielski - IH Bielsko\",\"isPartOf\":{\"@id\":\"https:\/\/www.ih.com.pl\/bielsko-biala\/#website\"},\"datePublished\":\"2019-12-12T11:09:49+00:00\",\"dateModified\":\"2025-08-27T07:41:24+00:00\",\"description\":\"Prowadzimy kursy z j\u0119zyka angielskiego dla dzieci w wieku od 4 do 10 lat. Zajecia w ma\u0142ych grupach dobieranych wg wieku i poziomu zaawansowania. Sprawd\u017a!\",\"breadcrumb\":{\"@id\":\"https:\/\/www.ih.com.pl\/bielsko-biala\/kursy-dla-dzieci-4-9-lat\/#breadcrumb\"},\"inLanguage\":\"pl-PL\",\"potentialAction\":[{\"@type\":\"ReadAction\",\"target\":[\"https:\/\/www.ih.com.pl\/bielsko-biala\/kursy-dla-dzieci-4-9-lat\/\"]}]},{\"@type\":\"BreadcrumbList\",\"@id\":\"https:\/\/www.ih.com.pl\/bielsko-biala\/kursy-dla-dzieci-4-9-lat\/#breadcrumb\",\"itemListElement\":[{\"@type\":\"ListItem\",\"position\":1,\"name\":\"Strona g\u0142\u00f3wna\",\"item\":\"https:\/\/www.ih.com.pl\/bielsko-biala\/\"},{\"@type\":\"ListItem\",\"position\":2,\"name\":\"Kursy dla dzieci 4-9 lat\"}]},{\"@type\":\"WebSite\",\"@id\":\"https:\/\/www.ih.com.pl\/bielsko-biala\/#website\",\"url\":\"https:\/\/www.ih.com.pl\/bielsko-biala\/\",\"name\":\"IH Bielsko - Bia\u0142a\",\"description\":\"\",\"potentialAction\":[{\"@type\":\"SearchAction\",\"target\":{\"@type\":\"EntryPoint\",\"urlTemplate\":\"https:\/\/www.ih.com.pl\/bielsko-biala\/?s={search_term_string}\"},\"query-input\":{\"@type\":\"PropertyValueSpecification\",\"valueRequired\":true,\"valueName\":\"search_term_string\"}}],\"inLanguage\":\"pl-PL\"}]}<\/script>\n<!-- \/ Yoast SEO plugin. -->","yoast_head_json":{"title":"Angielski dla dzieci Bielsko kurs | Korepetycje Angielski - IH Bielsko","description":"Prowadzimy kursy z j\u0119zyka angielskiego dla dzieci w wieku od 4 do 10 lat. Zajecia w ma\u0142ych grupach dobieranych wg wieku i poziomu zaawansowania. Sprawd\u017a!","robots":{"index":"index","follow":"follow","max-snippet":"max-snippet:-1","max-image-preview":"max-image-preview:large","max-video-preview":"max-video-preview:-1"},"canonical":"https:\/\/www.ih.com.pl\/bielsko-biala\/kursy-dla-dzieci-4-9-lat\/","og_locale":"pl_PL","og_type":"article","og_title":"Angielski dla dzieci Bielsko kurs | Korepetycje Angielski - IH Bielsko","og_description":"Prowadzimy kursy z j\u0119zyka angielskiego dla dzieci w wieku od 4 do 10 lat. Zajecia w ma\u0142ych grupach dobieranych wg wieku i poziomu zaawansowania. Sprawd\u017a!","og_url":"https:\/\/www.ih.com.pl\/bielsko-biala\/kursy-dla-dzieci-4-9-lat\/","og_site_name":"IH Bielsko - Bia\u0142a","article_modified_time":"2025-08-27T07:41:24+00:00","twitter_card":"summary_large_image","twitter_misc":{"Szacowany czas czytania":"11 minut"},"schema":{"@context":"https:\/\/schema.org","@graph":[{"@type":"WebPage","@id":"https:\/\/www.ih.com.pl\/bielsko-biala\/kursy-dla-dzieci-4-9-lat\/","url":"https:\/\/www.ih.com.pl\/bielsko-biala\/kursy-dla-dzieci-4-9-lat\/","name":"Angielski dla dzieci Bielsko kurs | Korepetycje Angielski - IH Bielsko","isPartOf":{"@id":"https:\/\/www.ih.com.pl\/bielsko-biala\/#website"},"datePublished":"2019-12-12T11:09:49+00:00","dateModified":"2025-08-27T07:41:24+00:00","description":"Prowadzimy kursy z j\u0119zyka angielskiego dla dzieci w wieku od 4 do 10 lat. Zajecia w ma\u0142ych grupach dobieranych wg wieku i poziomu zaawansowania. Sprawd\u017a!","breadcrumb":{"@id":"https:\/\/www.ih.com.pl\/bielsko-biala\/kursy-dla-dzieci-4-9-lat\/#breadcrumb"},"inLanguage":"pl-PL","potentialAction":[{"@type":"ReadAction","target":["https:\/\/www.ih.com.pl\/bielsko-biala\/kursy-dla-dzieci-4-9-lat\/"]}]},{"@type":"BreadcrumbList","@id":"https:\/\/www.ih.com.pl\/bielsko-biala\/kursy-dla-dzieci-4-9-lat\/#breadcrumb","itemListElement":[{"@type":"ListItem","position":1,"name":"Strona g\u0142\u00f3wna","item":"https:\/\/www.ih.com.pl\/bielsko-biala\/"},{"@type":"ListItem","position":2,"name":"Kursy dla dzieci 4-9 lat"}]},{"@type":"WebSite","@id":"https:\/\/www.ih.com.pl\/bielsko-biala\/#website","url":"https:\/\/www.ih.com.pl\/bielsko-biala\/","name":"IH Bielsko - Bia\u0142a","description":"","potentialAction":[{"@type":"SearchAction","target":{"@type":"EntryPoint","urlTemplate":"https:\/\/www.ih.com.pl\/bielsko-biala\/?s={search_term_string}"},"query-input":{"@type":"PropertyValueSpecification","valueRequired":true,"valueName":"search_term_string"}}],"inLanguage":"pl-PL"}]}},"_links":{"self":[{"href":"https:\/\/www.ih.com.pl\/bielsko-biala\/wp-json\/wp\/v2\/pages\/455","targetHints":{"allow":["GET"]}}],"collection":[{"href":"https:\/\/www.ih.com.pl\/bielsko-biala\/wp-json\/wp\/v2\/pages"}],"about":[{"href":"https:\/\/www.ih.com.pl\/bielsko-biala\/wp-json\/wp\/v2\/types\/page"}],"author":[{"embeddable":true,"href":"https:\/\/www.ih.com.pl\/bielsko-biala\/wp-json\/wp\/v2\/users\/1"}],"replies":[{"embeddable":true,"href":"https:\/\/www.ih.com.pl\/bielsko-biala\/wp-json\/wp\/v2\/comments?post=455"}],"version-history":[{"count":57,"href":"https:\/\/www.ih.com.pl\/bielsko-biala\/wp-json\/wp\/v2\/pages\/455\/revisions"}],"predecessor-version":[{"id":5223,"href":"https:\/\/www.ih.com.pl\/bielsko-biala\/wp-json\/wp\/v2\/pages\/455\/revisions\/5223"}],"wp:attachment":[{"href":"https:\/\/www.ih.com.pl\/bielsko-biala\/wp-json\/wp\/v2\/media?parent=455"}],"curies":[{"name":"wp","href":"https:\/\/api.w.org\/{rel}","templated":true}]}}