{"id":478,"date":"2019-12-12T15:01:42","date_gmt":"2019-12-12T14:01:42","guid":{"rendered":"https:\/\/ih.wizjanet.pl\/bielsko-biala\/?page_id=478"},"modified":"2023-06-28T15:15:40","modified_gmt":"2023-06-28T13:15:40","slug":"kursy-dla-starszych-dzieci-mlodziezy","status":"publish","type":"page","link":"https:\/\/www.ih.com.pl\/bielsko-biala\/kursy-dla-starszych-dzieci-mlodziezy\/","title":{"rendered":"Kursy dla m\u0142odzie\u017cy 13+"},"content":{"rendered":"<div class=\"wpb-content-wrapper\"><p>[vc_row row_height_percent=&#8221;0&#8243; back_image=&#8221;479&#8243; overlay_color=&#8221;color-210407&#8243; overlay_alpha=&#8221;75&#8243; gutter_size=&#8221;3&#8243; column_width_percent=&#8221;100&#8243; shift_y=&#8221;0&#8243; z_index=&#8221;0&#8243; row_height_pixel=&#8221;350&#8243;][vc_column column_width_percent=&#8221;100&#8243; position_vertical=&#8221;middle&#8221; gutter_size=&#8221;3&#8243; overlay_alpha=&#8221;50&#8243; shift_x=&#8221;0&#8243; shift_y=&#8221;0&#8243; shift_y_down=&#8221;0&#8243; z_index=&#8221;0&#8243; medium_width=&#8221;0&#8243; mobile_width=&#8221;0&#8243; width=&#8221;1\/1&#8243;][vc_custom_heading heading_semantic=&#8221;h1&#8243; text_color=&#8221;color-xsdn&#8221;]Kursy j\u0119zyka angielskiego dla 7-8 klasist\u00f3w i uczni\u00f3w szk\u00f3\u0142 \u015brednich[\/vc_custom_heading][\/vc_column][\/vc_row][vc_row][vc_column width=&#8221;1\/1&#8243;][vc_row_inner row_inner_height_percent=&#8221;0&#8243; overlay_alpha=&#8221;50&#8243; gutter_size=&#8221;2&#8243; border_color=&#8221;color-gyho&#8221; border_style=&#8221;solid&#8221; shift_y=&#8221;0&#8243; z_index=&#8221;0&#8243; css=&#8221;.vc_custom_1576229437570{border-top-width: 4px !important;border-right-width: 4px !important;border-bottom-width: 4px !important;border-left-width: 4px !important;}&#8221;][vc_column_inner column_width_percent=&#8221;100&#8243; position_vertical=&#8221;middle&#8221; gutter_size=&#8221;2&#8243; override_padding=&#8221;yes&#8221; column_padding=&#8221;2&#8243; overlay_alpha=&#8221;50&#8243; shift_x=&#8221;0&#8243; shift_y=&#8221;0&#8243; shift_y_down=&#8221;0&#8243; z_index=&#8221;0&#8243; medium_width=&#8221;0&#8243; mobile_width=&#8221;0&#8243; width=&#8221;1\/3&#8243;][vc_custom_heading heading_semantic=&#8221;h4&#8243; text_size=&#8221;bigtext&#8221; text_color=&#8221;color-wayh&#8221; separator=&#8221;yes&#8221;]KURSY ANGIELSKIEGO DLA NASTOLATK\u00d3W OD 13 LAT[\/vc_custom_heading][vc_column_text]<\/p>\n<ul>\n<li>Trwaj\u0105 od pa\u017adziernika do czerwca<\/li>\n<li>Zaj\u0119cia odbywaj\u0105 si\u0119 dwa razy w tygodniu po 2 godziny lekcyjne<\/li>\n<li>Kurs j\u0119zykowy obejmuje \u0142\u0105cznie 120 godzin lekcyjnych<\/li>\n<li>Grupy licz\u0105 od 5 do 10 os\u00f3b.<\/li>\n<\/ul>\n<p>[\/vc_column_text][\/vc_column_inner][vc_column_inner column_width_percent=&#8221;100&#8243; position_vertical=&#8221;middle&#8221; gutter_size=&#8221;2&#8243; override_padding=&#8221;yes&#8221; column_padding=&#8221;2&#8243; overlay_alpha=&#8221;50&#8243; shift_x=&#8221;0&#8243; shift_y=&#8221;0&#8243; shift_y_down=&#8221;0&#8243; z_index=&#8221;0&#8243; medium_width=&#8221;0&#8243; mobile_width=&#8221;0&#8243; width=&#8221;2\/3&#8243;][vc_single_image media=&#8221;4233&#8243; media_width_percent=&#8221;100&#8243; media_link=&#8221;url:https%3A%2F%2Fwww.ih.com.pl%2Fbielsko-biala%2Fwp-content%2Fuploads%2Fsites%2F2%2F2023%2F06%2Fm%C5%82odzie%C5%BC-i-doro%C5%9Bli-2023_2024-scaled.jpg||target:%20_blank|&#8221;][\/vc_column_inner][\/vc_row_inner][vc_column_text]Metoda International House stawia na praktyczne wykorzystanie j\u0119zyka, dlatego podczas zaj\u0119\u0107 m\u0142odzi ludzie spotkaj\u0105 si\u0119 z realnymi, wzi\u0119tymi z \u017cycia sytuacjami i zadaniami. Dzi\u0119ki temu j\u0119zyk angielski w International House nie jest nudn\u0105 i abstrakcyjn\u0105 teori\u0105, ale praktyczn\u0105, przydatn\u0105 umiej\u0119tno\u015bci\u0105 i fascynuj\u0105c\u0105 przygod\u0105.<\/p>\n<p>Na zako\u0144czenie ka\u017cdego roku nauki w szkole angielskiego, ka\u017cdy ucze\u0144 otrzymuje certyfikat oraz indywidualny raport lektora, oceniaj\u0105cy poczynione post\u0119py i zawieraj\u0105cy rekomendacje dotycz\u0105ce dalszej nauki.<\/p>\n<p>System poziom\u00f3w funkcjonuj\u0105cy w International House gwarantuje kontynuacj\u0119 nauki w naszej szkole na kolejnych poziomach zaawansowania oraz w odpowiedniej grupie wiekowej.<\/p>\n<p>Kursy og\u00f3lne dla m\u0142odzie\u017cy odbywaj\u0105 si\u0119 na pi\u0119ciu poziomach zaawansowania. Programy kurs\u00f3w s\u0105 sp\u00f3jne, co oznacza, \u017ce rozpoczynaj\u0105c nauk\u0119 na poziomie 1 mo\u017cna j\u0105 kontynuowa\u0107 do poziomu 5.<\/p>\n<p>Po pomy\u015blnym uko\u0144czeniu poziomu 5 i rekomendacji lektora s\u0142uchacze mog\u0105 rozpocz\u0105\u0107 nauk\u0119 w grupach egzaminacyjnych, przygotowuj\u0105cych do egzamin\u00f3w Cambridge \u2013 FCE i CAE. Szczeg\u00f3\u0142owe informacje na temat tych kurs\u00f3w znajduj\u0105 si\u0119 w zak\u0142adce po\u015bwi\u0119conej kursom przygotowuj\u0105cym do egzamin\u00f3w.<\/p>\n<p>Rodzicom naszych m\u0142odych s\u0142uchaczy oferujemy mo\u017cliwo\u015b\u0107 bie\u017c\u0105cego wgl\u0105du w przebieg kursu poprzez korzystanie z udogodnie\u0144 Internetowego Sekretariatu, a dwa razy do roku zapraszamy na indywidualne spotkania z nauczycielem.<\/p>\n<p>Masz pytania \u2013 skontaktuj si\u0119 z naszym biurem mailowo <a href=\"mailto:bielsko@ih.com.pl\">bielsko@ih.com.pl<\/a> lub telefonicznie: <a href=\"tel:338223330\">33\u00a0822 33 30<\/a>.[\/vc_column_text][vc_separator sep_color=&#8221;color-gyho&#8221; el_height=&#8221;2px&#8221;][\/vc_column][\/vc_row][vc_row][vc_column width=&#8221;1\/3&#8243;][vc_single_image media=&#8221;2551&#8243; media_width_percent=&#8221;100&#8243;][\/vc_column][vc_column width=&#8221;1\/3&#8243;][vc_single_image media=&#8221;1502&#8243; media_width_percent=&#8221;100&#8243;][\/vc_column][vc_column width=&#8221;1\/3&#8243;][vc_single_image media=&#8221;2430&#8243; media_width_percent=&#8221;100&#8243;][\/vc_column][\/vc_row]<\/p>\n<\/div>","protected":false},"excerpt":{"rendered":"<p>[vc_row row_height_percent=&#8221;0&#8243; back_image=&#8221;479&#8243; overlay_color=&#8221;color-210407&#8243; overlay_alpha=&#8221;75&#8243; gutter_size=&#8221;3&#8243; column_width_percent=&#8221;100&#8243; shift_y=&#8221;0&#8243; z_index=&#8221;0&#8243; row_height_pixel=&#8221;350&#8243;][vc_column column_width_percent=&#8221;100&#8243; position_vertical=&#8221;middle&#8221; gutter_size=&#8221;3&#8243; overlay_alpha=&#8221;50&#8243; shift_x=&#8221;0&#8243; shift_y=&#8221;0&#8243; shift_y_down=&#8221;0&#8243; z_index=&#8221;0&#8243; medium_width=&#8221;0&#8243; mobile_width=&#8221;0&#8243; [&hellip;]<\/p>\n","protected":false},"author":1,"featured_media":0,"parent":0,"menu_order":0,"comment_status":"closed","ping_status":"closed","template":"","meta":{"footnotes":""},"class_list":["post-478","page","type-page","status-publish","hentry"],"yoast_head":"<!-- This site is optimized with the Yoast SEO plugin v26.8 - https:\/\/yoast.com\/product\/yoast-seo-wordpress\/ -->\n<title>Kurs j\u0119zyka angielskiego Bielsko dla m\u0142odzie\u017cy i doros\u0142ych - IH Bielsko<\/title>\n<meta name=\"description\" content=\"Oferujemy kursy j\u0119zyka angielskiego w Bielsku- Bia\u0142ej dla m\u0142odzie\u017cy w wieku od 11 do18 lat jak r\u00f3wnie\u017c kursy dla doros\u0142ych. Ma\u0142e grupy - od 5 do 10 os\u00f3b.\" \/>\n<meta name=\"robots\" content=\"index, follow, max-snippet:-1, max-image-preview:large, max-video-preview:-1\" \/>\n<link rel=\"canonical\" href=\"https:\/\/www.ih.com.pl\/bielsko-biala\/kursy-dla-starszych-dzieci-mlodziezy\/\" \/>\n<meta property=\"og:locale\" content=\"pl_PL\" \/>\n<meta property=\"og:type\" content=\"article\" \/>\n<meta property=\"og:title\" content=\"Kurs j\u0119zyka angielskiego Bielsko dla m\u0142odzie\u017cy i doros\u0142ych - IH Bielsko\" \/>\n<meta property=\"og:description\" content=\"Oferujemy kursy j\u0119zyka angielskiego w Bielsku- Bia\u0142ej dla m\u0142odzie\u017cy w wieku od 11 do18 lat jak r\u00f3wnie\u017c kursy dla doros\u0142ych. Ma\u0142e grupy - od 5 do 10 os\u00f3b.\" \/>\n<meta property=\"og:url\" content=\"https:\/\/www.ih.com.pl\/bielsko-biala\/kursy-dla-starszych-dzieci-mlodziezy\/\" \/>\n<meta property=\"og:site_name\" content=\"IH Bielsko - Bia\u0142a\" \/>\n<meta property=\"article:modified_time\" content=\"2023-06-28T13:15:40+00:00\" \/>\n<meta name=\"twitter:card\" content=\"summary_large_image\" \/>\n<meta name=\"twitter:label1\" content=\"Szacowany czas czytania\" \/>\n\t<meta name=\"twitter:data1\" content=\"3 minuty\" \/>\n<script type=\"application\/ld+json\" class=\"yoast-schema-graph\">{\"@context\":\"https:\/\/schema.org\",\"@graph\":[{\"@type\":\"WebPage\",\"@id\":\"https:\/\/www.ih.com.pl\/bielsko-biala\/kursy-dla-starszych-dzieci-mlodziezy\/\",\"url\":\"https:\/\/www.ih.com.pl\/bielsko-biala\/kursy-dla-starszych-dzieci-mlodziezy\/\",\"name\":\"Kurs j\u0119zyka angielskiego Bielsko dla m\u0142odzie\u017cy i doros\u0142ych - IH Bielsko\",\"isPartOf\":{\"@id\":\"https:\/\/www.ih.com.pl\/bielsko-biala\/#website\"},\"datePublished\":\"2019-12-12T14:01:42+00:00\",\"dateModified\":\"2023-06-28T13:15:40+00:00\",\"description\":\"Oferujemy kursy j\u0119zyka angielskiego w Bielsku- Bia\u0142ej dla m\u0142odzie\u017cy w wieku od 11 do18 lat jak r\u00f3wnie\u017c kursy dla doros\u0142ych. Ma\u0142e grupy - od 5 do 10 os\u00f3b.\",\"breadcrumb\":{\"@id\":\"https:\/\/www.ih.com.pl\/bielsko-biala\/kursy-dla-starszych-dzieci-mlodziezy\/#breadcrumb\"},\"inLanguage\":\"pl-PL\",\"potentialAction\":[{\"@type\":\"ReadAction\",\"target\":[\"https:\/\/www.ih.com.pl\/bielsko-biala\/kursy-dla-starszych-dzieci-mlodziezy\/\"]}]},{\"@type\":\"BreadcrumbList\",\"@id\":\"https:\/\/www.ih.com.pl\/bielsko-biala\/kursy-dla-starszych-dzieci-mlodziezy\/#breadcrumb\",\"itemListElement\":[{\"@type\":\"ListItem\",\"position\":1,\"name\":\"Strona g\u0142\u00f3wna\",\"item\":\"https:\/\/www.ih.com.pl\/bielsko-biala\/\"},{\"@type\":\"ListItem\",\"position\":2,\"name\":\"Kursy dla m\u0142odzie\u017cy 13+\"}]},{\"@type\":\"WebSite\",\"@id\":\"https:\/\/www.ih.com.pl\/bielsko-biala\/#website\",\"url\":\"https:\/\/www.ih.com.pl\/bielsko-biala\/\",\"name\":\"IH Bielsko - Bia\u0142a\",\"description\":\"\",\"potentialAction\":[{\"@type\":\"SearchAction\",\"target\":{\"@type\":\"EntryPoint\",\"urlTemplate\":\"https:\/\/www.ih.com.pl\/bielsko-biala\/?s={search_term_string}\"},\"query-input\":{\"@type\":\"PropertyValueSpecification\",\"valueRequired\":true,\"valueName\":\"search_term_string\"}}],\"inLanguage\":\"pl-PL\"}]}<\/script>\n<!-- \/ Yoast SEO plugin. -->","yoast_head_json":{"title":"Kurs j\u0119zyka angielskiego Bielsko dla m\u0142odzie\u017cy i doros\u0142ych - IH Bielsko","description":"Oferujemy kursy j\u0119zyka angielskiego w Bielsku- Bia\u0142ej dla m\u0142odzie\u017cy w wieku od 11 do18 lat jak r\u00f3wnie\u017c kursy dla doros\u0142ych. Ma\u0142e grupy - od 5 do 10 os\u00f3b.","robots":{"index":"index","follow":"follow","max-snippet":"max-snippet:-1","max-image-preview":"max-image-preview:large","max-video-preview":"max-video-preview:-1"},"canonical":"https:\/\/www.ih.com.pl\/bielsko-biala\/kursy-dla-starszych-dzieci-mlodziezy\/","og_locale":"pl_PL","og_type":"article","og_title":"Kurs j\u0119zyka angielskiego Bielsko dla m\u0142odzie\u017cy i doros\u0142ych - IH Bielsko","og_description":"Oferujemy kursy j\u0119zyka angielskiego w Bielsku- Bia\u0142ej dla m\u0142odzie\u017cy w wieku od 11 do18 lat jak r\u00f3wnie\u017c kursy dla doros\u0142ych. Ma\u0142e grupy - od 5 do 10 os\u00f3b.","og_url":"https:\/\/www.ih.com.pl\/bielsko-biala\/kursy-dla-starszych-dzieci-mlodziezy\/","og_site_name":"IH Bielsko - Bia\u0142a","article_modified_time":"2023-06-28T13:15:40+00:00","twitter_card":"summary_large_image","twitter_misc":{"Szacowany czas czytania":"3 minuty"},"schema":{"@context":"https:\/\/schema.org","@graph":[{"@type":"WebPage","@id":"https:\/\/www.ih.com.pl\/bielsko-biala\/kursy-dla-starszych-dzieci-mlodziezy\/","url":"https:\/\/www.ih.com.pl\/bielsko-biala\/kursy-dla-starszych-dzieci-mlodziezy\/","name":"Kurs j\u0119zyka angielskiego Bielsko dla m\u0142odzie\u017cy i doros\u0142ych - IH Bielsko","isPartOf":{"@id":"https:\/\/www.ih.com.pl\/bielsko-biala\/#website"},"datePublished":"2019-12-12T14:01:42+00:00","dateModified":"2023-06-28T13:15:40+00:00","description":"Oferujemy kursy j\u0119zyka angielskiego w Bielsku- Bia\u0142ej dla m\u0142odzie\u017cy w wieku od 11 do18 lat jak r\u00f3wnie\u017c kursy dla doros\u0142ych. Ma\u0142e grupy - od 5 do 10 os\u00f3b.","breadcrumb":{"@id":"https:\/\/www.ih.com.pl\/bielsko-biala\/kursy-dla-starszych-dzieci-mlodziezy\/#breadcrumb"},"inLanguage":"pl-PL","potentialAction":[{"@type":"ReadAction","target":["https:\/\/www.ih.com.pl\/bielsko-biala\/kursy-dla-starszych-dzieci-mlodziezy\/"]}]},{"@type":"BreadcrumbList","@id":"https:\/\/www.ih.com.pl\/bielsko-biala\/kursy-dla-starszych-dzieci-mlodziezy\/#breadcrumb","itemListElement":[{"@type":"ListItem","position":1,"name":"Strona g\u0142\u00f3wna","item":"https:\/\/www.ih.com.pl\/bielsko-biala\/"},{"@type":"ListItem","position":2,"name":"Kursy dla m\u0142odzie\u017cy 13+"}]},{"@type":"WebSite","@id":"https:\/\/www.ih.com.pl\/bielsko-biala\/#website","url":"https:\/\/www.ih.com.pl\/bielsko-biala\/","name":"IH Bielsko - Bia\u0142a","description":"","potentialAction":[{"@type":"SearchAction","target":{"@type":"EntryPoint","urlTemplate":"https:\/\/www.ih.com.pl\/bielsko-biala\/?s={search_term_string}"},"query-input":{"@type":"PropertyValueSpecification","valueRequired":true,"valueName":"search_term_string"}}],"inLanguage":"pl-PL"}]}},"_links":{"self":[{"href":"https:\/\/www.ih.com.pl\/bielsko-biala\/wp-json\/wp\/v2\/pages\/478","targetHints":{"allow":["GET"]}}],"collection":[{"href":"https:\/\/www.ih.com.pl\/bielsko-biala\/wp-json\/wp\/v2\/pages"}],"about":[{"href":"https:\/\/www.ih.com.pl\/bielsko-biala\/wp-json\/wp\/v2\/types\/page"}],"author":[{"embeddable":true,"href":"https:\/\/www.ih.com.pl\/bielsko-biala\/wp-json\/wp\/v2\/users\/1"}],"replies":[{"embeddable":true,"href":"https:\/\/www.ih.com.pl\/bielsko-biala\/wp-json\/wp\/v2\/comments?post=478"}],"version-history":[{"count":44,"href":"https:\/\/www.ih.com.pl\/bielsko-biala\/wp-json\/wp\/v2\/pages\/478\/revisions"}],"predecessor-version":[{"id":4258,"href":"https:\/\/www.ih.com.pl\/bielsko-biala\/wp-json\/wp\/v2\/pages\/478\/revisions\/4258"}],"wp:attachment":[{"href":"https:\/\/www.ih.com.pl\/bielsko-biala\/wp-json\/wp\/v2\/media?parent=478"}],"curies":[{"name":"wp","href":"https:\/\/api.w.org\/{rel}","templated":true}]}}