{"id":4881,"date":"2024-11-15T18:30:42","date_gmt":"2024-11-15T17:30:42","guid":{"rendered":"https:\/\/www.ih.com.pl\/bielsko-biala\/?page_id=4881"},"modified":"2025-04-29T17:25:00","modified_gmt":"2025-04-29T15:25:00","slug":"kursy-z-dofinansowaniem-unijnym","status":"publish","type":"page","link":"https:\/\/www.ih.com.pl\/bielsko-biala\/kursy-z-dofinansowaniem-unijnym\/","title":{"rendered":"Kursy z dofinansowaniem unijnym"},"content":{"rendered":"<div class=\"wpb-content-wrapper\"><p>[vc_row][vc_column width=&#8221;1\/1&#8243;][vc_custom_heading]Kursy j\u0119zyka angielskiego z dofinansowaniem ze \u015brodk\u00f3w unijnych.[\/vc_custom_heading][\/vc_column][\/vc_row][vc_row][vc_column width=&#8221;1\/2&#8243;][vc_column_text]Na terenie wojew\u00f3dztwa \u015bl\u0105skiego realizowany jest program <strong>6.6 Kszta\u0142cenie os\u00f3b doros\u0142ych, <\/strong>kt\u00f3rego uczestnikami w r\u00f3\u017cnych subregionach mog\u0105 by\u0107 wy\u0142\u0105cznie osoby doros\u0142e, z w\u0142asnej inicjatywy planuj\u0105ce podnie\u015b\u0107 swoje umiej\u0119tno\u015bci, kompetencje lub kwalifikacje, zamieszkuj\u0105ce i\/lub pracuj\u0105ce w wojew\u00f3dztwie \u015bl\u0105skim. W ramach projekt\u00f3w mo\u017cna ubiega\u0107 si\u0119 o dofinansowanie do r\u00f3\u017cnych szkole\u0144 (w tym kurs\u00f3w j\u0119zyka angielskiego) i studi\u00f3w podyplomowych.<\/p>\n<p>Wi\u0119cej informacji o dost\u0119pnych mo\u017cliwo\u015bciach pozyskania dofinansowania znajduje si\u0119 tutaj <a href=\"https:\/\/funduszeue.slaskie.pl\/web\/guest\/6.6.-ksztalcenie-osob-doroslych-efs-\" target=\"_blank\" rel=\"noopener noreferrer\">https:\/\/funduszeue.slaskie.pl\/web\/guest\/6.6.-ksztalcenie-osob-doroslych-efs-<\/a><\/p>\n<p>Zapraszamy do kontaktu z lokalnymi operatorami, kt\u00f3rzy udzielaj\u0105 szczeg\u00f3\u0142owych informacji o mo\u017cliwo\u015bciach dofinansowania ( np. wybieraj\u0105c Subregion Po\u0142udniowy i przechodz\u0105c na stron\u0119 internetow\u0105 konkretnego, lokalnego operatora).<br \/>\nOfert\u0119 dost\u0119pnych kurs\u00f3w, szkole\u0144 i studi\u00f3w podyplomowych mo\u017cna przejrze\u0107 na stronie <a href=\"https:\/\/uslugirozwojowe.parp.gov.pl\/\" target=\"_blank\" rel=\"noopener noreferrer\">https:\/\/uslugirozwojowe.parp.gov.pl\/<\/a>[\/vc_column_text][\/vc_column][vc_column width=&#8221;1\/2&#8243;][vc_single_image media=&#8221;4895&#8243; media_width_percent=&#8221;100&#8243;][\/vc_column][\/vc_row]<\/p>\n<\/div>","protected":false},"excerpt":{"rendered":"<p>[vc_row][vc_column width=&#8221;1\/1&#8243;][vc_custom_heading]Kursy j\u0119zyka angielskiego z dofinansowaniem ze \u015brodk\u00f3w unijnych.[\/vc_custom_heading][\/vc_column][\/vc_row][vc_row][vc_column width=&#8221;1\/2&#8243;][vc_column_text]Na terenie wojew\u00f3dztwa \u015bl\u0105skiego realizowany jest program 6.6 Kszta\u0142cenie os\u00f3b doros\u0142ych, [&hellip;]<\/p>\n","protected":false},"author":4,"featured_media":0,"parent":0,"menu_order":0,"comment_status":"closed","ping_status":"closed","template":"","meta":{"footnotes":""},"class_list":["post-4881","page","type-page","status-publish","hentry"],"yoast_head":"<!-- This site is optimized with the Yoast SEO plugin v26.8 - https:\/\/yoast.com\/product\/yoast-seo-wordpress\/ -->\n<title>Kursy z dofinansowaniem unijnym - IH Bielsko - Bia\u0142a<\/title>\n<meta name=\"robots\" content=\"index, follow, max-snippet:-1, max-image-preview:large, max-video-preview:-1\" \/>\n<link rel=\"canonical\" href=\"https:\/\/www.ih.com.pl\/bielsko-biala\/kursy-z-dofinansowaniem-unijnym\/\" \/>\n<meta property=\"og:locale\" content=\"pl_PL\" \/>\n<meta property=\"og:type\" content=\"article\" \/>\n<meta property=\"og:title\" content=\"Kursy z dofinansowaniem unijnym - IH Bielsko - Bia\u0142a\" \/>\n<meta property=\"og:description\" content=\"[vc_row][vc_column width=&#8221;1\/1&#8243;][vc_custom_heading]Kursy j\u0119zyka angielskiego z dofinansowaniem ze \u015brodk\u00f3w unijnych.[\/vc_custom_heading][\/vc_column][\/vc_row][vc_row][vc_column width=&#8221;1\/2&#8243;][vc_column_text]Na terenie wojew\u00f3dztwa \u015bl\u0105skiego realizowany jest program 6.6 Kszta\u0142cenie os\u00f3b doros\u0142ych, [&hellip;]\" \/>\n<meta property=\"og:url\" content=\"https:\/\/www.ih.com.pl\/bielsko-biala\/kursy-z-dofinansowaniem-unijnym\/\" \/>\n<meta property=\"og:site_name\" content=\"IH Bielsko - Bia\u0142a\" \/>\n<meta property=\"article:modified_time\" content=\"2025-04-29T15:25:00+00:00\" \/>\n<meta name=\"twitter:card\" content=\"summary_large_image\" \/>\n<meta name=\"twitter:label1\" content=\"Szacowany czas czytania\" \/>\n\t<meta name=\"twitter:data1\" content=\"1 minuta\" \/>\n<script type=\"application\/ld+json\" class=\"yoast-schema-graph\">{\"@context\":\"https:\/\/schema.org\",\"@graph\":[{\"@type\":\"WebPage\",\"@id\":\"https:\/\/www.ih.com.pl\/bielsko-biala\/kursy-z-dofinansowaniem-unijnym\/\",\"url\":\"https:\/\/www.ih.com.pl\/bielsko-biala\/kursy-z-dofinansowaniem-unijnym\/\",\"name\":\"Kursy z dofinansowaniem unijnym - IH Bielsko - Bia\u0142a\",\"isPartOf\":{\"@id\":\"https:\/\/www.ih.com.pl\/bielsko-biala\/#website\"},\"datePublished\":\"2024-11-15T17:30:42+00:00\",\"dateModified\":\"2025-04-29T15:25:00+00:00\",\"breadcrumb\":{\"@id\":\"https:\/\/www.ih.com.pl\/bielsko-biala\/kursy-z-dofinansowaniem-unijnym\/#breadcrumb\"},\"inLanguage\":\"pl-PL\",\"potentialAction\":[{\"@type\":\"ReadAction\",\"target\":[\"https:\/\/www.ih.com.pl\/bielsko-biala\/kursy-z-dofinansowaniem-unijnym\/\"]}]},{\"@type\":\"BreadcrumbList\",\"@id\":\"https:\/\/www.ih.com.pl\/bielsko-biala\/kursy-z-dofinansowaniem-unijnym\/#breadcrumb\",\"itemListElement\":[{\"@type\":\"ListItem\",\"position\":1,\"name\":\"Strona g\u0142\u00f3wna\",\"item\":\"https:\/\/www.ih.com.pl\/bielsko-biala\/\"},{\"@type\":\"ListItem\",\"position\":2,\"name\":\"Kursy z dofinansowaniem unijnym\"}]},{\"@type\":\"WebSite\",\"@id\":\"https:\/\/www.ih.com.pl\/bielsko-biala\/#website\",\"url\":\"https:\/\/www.ih.com.pl\/bielsko-biala\/\",\"name\":\"IH Bielsko - Bia\u0142a\",\"description\":\"\",\"potentialAction\":[{\"@type\":\"SearchAction\",\"target\":{\"@type\":\"EntryPoint\",\"urlTemplate\":\"https:\/\/www.ih.com.pl\/bielsko-biala\/?s={search_term_string}\"},\"query-input\":{\"@type\":\"PropertyValueSpecification\",\"valueRequired\":true,\"valueName\":\"search_term_string\"}}],\"inLanguage\":\"pl-PL\"}]}<\/script>\n<!-- \/ Yoast SEO plugin. -->","yoast_head_json":{"title":"Kursy z dofinansowaniem unijnym - IH Bielsko - Bia\u0142a","robots":{"index":"index","follow":"follow","max-snippet":"max-snippet:-1","max-image-preview":"max-image-preview:large","max-video-preview":"max-video-preview:-1"},"canonical":"https:\/\/www.ih.com.pl\/bielsko-biala\/kursy-z-dofinansowaniem-unijnym\/","og_locale":"pl_PL","og_type":"article","og_title":"Kursy z dofinansowaniem unijnym - IH Bielsko - Bia\u0142a","og_description":"[vc_row][vc_column width=&#8221;1\/1&#8243;][vc_custom_heading]Kursy j\u0119zyka angielskiego z dofinansowaniem ze \u015brodk\u00f3w unijnych.[\/vc_custom_heading][\/vc_column][\/vc_row][vc_row][vc_column width=&#8221;1\/2&#8243;][vc_column_text]Na terenie wojew\u00f3dztwa \u015bl\u0105skiego realizowany jest program 6.6 Kszta\u0142cenie os\u00f3b doros\u0142ych, [&hellip;]","og_url":"https:\/\/www.ih.com.pl\/bielsko-biala\/kursy-z-dofinansowaniem-unijnym\/","og_site_name":"IH Bielsko - Bia\u0142a","article_modified_time":"2025-04-29T15:25:00+00:00","twitter_card":"summary_large_image","twitter_misc":{"Szacowany czas czytania":"1 minuta"},"schema":{"@context":"https:\/\/schema.org","@graph":[{"@type":"WebPage","@id":"https:\/\/www.ih.com.pl\/bielsko-biala\/kursy-z-dofinansowaniem-unijnym\/","url":"https:\/\/www.ih.com.pl\/bielsko-biala\/kursy-z-dofinansowaniem-unijnym\/","name":"Kursy z dofinansowaniem unijnym - IH Bielsko - Bia\u0142a","isPartOf":{"@id":"https:\/\/www.ih.com.pl\/bielsko-biala\/#website"},"datePublished":"2024-11-15T17:30:42+00:00","dateModified":"2025-04-29T15:25:00+00:00","breadcrumb":{"@id":"https:\/\/www.ih.com.pl\/bielsko-biala\/kursy-z-dofinansowaniem-unijnym\/#breadcrumb"},"inLanguage":"pl-PL","potentialAction":[{"@type":"ReadAction","target":["https:\/\/www.ih.com.pl\/bielsko-biala\/kursy-z-dofinansowaniem-unijnym\/"]}]},{"@type":"BreadcrumbList","@id":"https:\/\/www.ih.com.pl\/bielsko-biala\/kursy-z-dofinansowaniem-unijnym\/#breadcrumb","itemListElement":[{"@type":"ListItem","position":1,"name":"Strona g\u0142\u00f3wna","item":"https:\/\/www.ih.com.pl\/bielsko-biala\/"},{"@type":"ListItem","position":2,"name":"Kursy z dofinansowaniem unijnym"}]},{"@type":"WebSite","@id":"https:\/\/www.ih.com.pl\/bielsko-biala\/#website","url":"https:\/\/www.ih.com.pl\/bielsko-biala\/","name":"IH Bielsko - Bia\u0142a","description":"","potentialAction":[{"@type":"SearchAction","target":{"@type":"EntryPoint","urlTemplate":"https:\/\/www.ih.com.pl\/bielsko-biala\/?s={search_term_string}"},"query-input":{"@type":"PropertyValueSpecification","valueRequired":true,"valueName":"search_term_string"}}],"inLanguage":"pl-PL"}]}},"_links":{"self":[{"href":"https:\/\/www.ih.com.pl\/bielsko-biala\/wp-json\/wp\/v2\/pages\/4881","targetHints":{"allow":["GET"]}}],"collection":[{"href":"https:\/\/www.ih.com.pl\/bielsko-biala\/wp-json\/wp\/v2\/pages"}],"about":[{"href":"https:\/\/www.ih.com.pl\/bielsko-biala\/wp-json\/wp\/v2\/types\/page"}],"author":[{"embeddable":true,"href":"https:\/\/www.ih.com.pl\/bielsko-biala\/wp-json\/wp\/v2\/users\/4"}],"replies":[{"embeddable":true,"href":"https:\/\/www.ih.com.pl\/bielsko-biala\/wp-json\/wp\/v2\/comments?post=4881"}],"version-history":[{"count":6,"href":"https:\/\/www.ih.com.pl\/bielsko-biala\/wp-json\/wp\/v2\/pages\/4881\/revisions"}],"predecessor-version":[{"id":5085,"href":"https:\/\/www.ih.com.pl\/bielsko-biala\/wp-json\/wp\/v2\/pages\/4881\/revisions\/5085"}],"wp:attachment":[{"href":"https:\/\/www.ih.com.pl\/bielsko-biala\/wp-json\/wp\/v2\/media?parent=4881"}],"curies":[{"name":"wp","href":"https:\/\/api.w.org\/{rel}","templated":true}]}}