{"id":511,"date":"2019-12-13T10:41:12","date_gmt":"2019-12-13T09:41:12","guid":{"rendered":"https:\/\/ih.wizjanet.pl\/bielsko-biala\/?page_id=511"},"modified":"2023-07-17T15:48:25","modified_gmt":"2023-07-17T13:48:25","slug":"kursy-egzaminacyjne","status":"publish","type":"page","link":"https:\/\/www.ih.com.pl\/bielsko-biala\/kursy-egzaminacyjne\/","title":{"rendered":"Kursy egzaminacyjne"},"content":{"rendered":"<div class=\"wpb-content-wrapper\"><p>[vc_row row_height_percent=&#8221;0&#8243; back_image=&#8221;23&#8243; overlay_color=&#8221;color-210407&#8243; overlay_alpha=&#8221;75&#8243; gutter_size=&#8221;3&#8243; column_width_percent=&#8221;100&#8243; shift_y=&#8221;0&#8243; z_index=&#8221;0&#8243; row_height_pixel=&#8221;350&#8243;][vc_column column_width_percent=&#8221;100&#8243; position_vertical=&#8221;middle&#8221; gutter_size=&#8221;3&#8243; overlay_alpha=&#8221;50&#8243; shift_x=&#8221;0&#8243; shift_y=&#8221;0&#8243; shift_y_down=&#8221;0&#8243; z_index=&#8221;0&#8243; medium_width=&#8221;0&#8243; mobile_width=&#8221;0&#8243; width=&#8221;1\/1&#8243;][vc_custom_heading text_color=&#8221;color-xsdn&#8221;]Kursy egzaminacyjne[\/vc_custom_heading][\/vc_column][\/vc_row][vc_row][vc_column width=&#8221;1\/2&#8243;][vc_separator sep_color=&#8221;color-gyho&#8221; el_height=&#8221;2px&#8221;][vc_custom_heading]Kursy przygotowuj\u0105ce do matury[\/vc_custom_heading][vc_column_text]Kurs przygotowawczy do rozszerzonej matury z j\u0119zyka angielskiego prowadzony przez do\u015bwiadczonych nauczycieli pozwoli Wam rozwin\u0105\u0107 Wasze umiej\u0119tno\u015bci i uzyska\u0107 wymarzony wynik na egzaminie. Korzystamy z najnowszych materia\u0142\u00f3w, dostosowanych do zasad obowi\u0105zuj\u0105cych na maturze. Egzaminy pr\u00f3bne \u2013 pisane w po\u0142owie i pod koniec kursu \u2013 pozwol\u0105 Wam na dok\u0142adne zapoznanie si\u0119 ze struktur\u0105 egzaminu, a ich wyniki b\u0119d\u0105 dok\u0142adnie analizowane przez prowadz\u0105cych i pozwol\u0105 nam dostosowa\u0107 powt\u00f3rki do Waszych potrzeb.<\/p>\n<p>Masz pytania \u2013 skontaktuj si\u0119 z naszym biurem mailowo <a href=\"mailto:bielsko@ih.com.pl\">bielsko@ih.com.pl<\/a> lub telefonicznie: <a href=\"tel:338223330\">33\u00a0822 33 30<\/a>.[\/vc_column_text][vc_single_image media=&#8221;2568&#8243; media_width_percent=&#8221;100&#8243;][\/vc_column][vc_column width=&#8221;1\/2&#8243;][vc_separator sep_color=&#8221;color-gyho&#8221; el_height=&#8221;2px&#8221;][vc_custom_heading]Kursy przygotowuj\u0105ce do egzamin\u00f3w Cambrigde English.[\/vc_custom_heading][vc_column_text]Kursy egzaminacyjne, kt\u00f3rych celem jest przygotowanie do egzamin\u00f3w Cambridge English Qualifications, obejmuj\u0105 zagadnienia gramatyczne i s\u0142ownictwo, systematycznie rozwijaj\u0105 sprawno\u015b\u0107 pisania i rozumienia ze s\u0142uchu. K\u0142ad\u0105 tak\u017ce nacisk na umiej\u0119tno\u015b\u0107 wypowiadania si\u0119 w j\u0119zyku angielskim. Du\u017c\u0105 uwag\u0119 przyk\u0142ada si\u0119 do poznania technik zdawania egzaminu: rozwi\u0105zywanie test\u00f3w, oswajanie si\u0119 z materia\u0142ami audio, poznawanie zasad pisania wypracowa\u0144, \u0107wiczenie sp\u00f3jno\u015bci wypowiedzi ustnej z zadanym tematem. Daje to gwarancj\u0119 bieg\u0142o\u015bci we wszystkich dziedzinach sprawdzanych na egzaminie, a tak\u017ce umo\u017cliwia poznanie sposobu przeprowadzania samego egzaminu.<\/p>\n<p>Skuteczno\u015b\u0107 kurs\u00f3w egzaminacyjnych prowadzonych przez International House poparta jest wysok\u0105 zdawalno\u015bci\u0105 samych egzamin\u00f3w.<\/p>\n<p>Oferujemy kursy przygotowuj\u0105ce do egzamin\u00f3w Cambridge English Qualifications w trybie standardowym (nauka trwa 9 miesi\u0119cy, zaj\u0119cia odbywaj\u0105 si\u0119 2 razy w tygodniu).<\/p>\n<p>Wszystkie zaj\u0119cia prowadzone s\u0105 przez do\u015bwiadczonych nauczycieli-specjalist\u00f3w (g\u0142\u00f3wnie angloj\u0119zycznych), w\u015br\u00f3d kt\u00f3rych s\u0105 r\u00f3wnie\u017c egzaminatorzy Cambridge English Qualifications. Ma to ogromne znaczenie, gdy\u017c studenci maj\u0105 mo\u017cliwo\u015b\u0107 uzyskania praktycznych informacji na temat poszczeg\u00f3lnych cz\u0119\u015bci egzaminacyjnych, a tak\u017ce wskaz\u00f3wek na temat wymaga\u0144 stawianych im w trakcie zdawania egzaminu.<\/p>\n<p>Istnieje r\u00f3wnie\u017c mo\u017cliwo\u015b\u0107 przygotowywania si\u0119 do powy\u017cszych, jak r\u00f3wnie\u017c innych egzamin\u00f3w na kursie indywidualnym.<\/p>\n<p><strong>Nasza szko\u0142a w Bielsku-Bia\u0142ej jest Preparation Centre (Centrum Przygotowuj\u0105cym do egzamin\u00f3w Cambridge English Qualifications).<\/strong>[\/vc_column_text][\/vc_column][\/vc_row][vc_row][vc_column width=&#8221;1\/1&#8243;][vc_custom_heading heading_semantic=&#8221;h4&#8243; text_size=&#8221;h4&#8243; text_color=&#8221;color-jevc&#8221; separator=&#8221;yes&#8221;]Ju\u017c od wielu lat przygotowujemy do honorowanych na ca\u0142ym \u015bwiecie egzamin\u00f3w Cambridge English Qualifications:[\/vc_custom_heading][vc_row_inner][vc_column_inner column_width_percent=&#8221;100&#8243; align_horizontal=&#8221;align_center&#8221; gutter_size=&#8221;3&#8243; overlay_alpha=&#8221;50&#8243; shift_x=&#8221;0&#8243; shift_y=&#8221;0&#8243; shift_y_down=&#8221;0&#8243; z_index=&#8221;0&#8243; medium_width=&#8221;0&#8243; mobile_width=&#8221;0&#8243; width=&#8221;1\/4&#8243;][vc_custom_heading text_size=&#8221;h3&#8243; separator=&#8221;yes&#8221; subheading=&#8221;Dawniej Cambridge English: First (FCE)&#8221;]B2 First[\/vc_custom_heading][\/vc_column_inner][vc_column_inner column_width_percent=&#8221;100&#8243; align_horizontal=&#8221;align_center&#8221; gutter_size=&#8221;3&#8243; overlay_alpha=&#8221;50&#8243; shift_x=&#8221;0&#8243; shift_y=&#8221;0&#8243; shift_y_down=&#8221;0&#8243; z_index=&#8221;0&#8243; medium_width=&#8221;0&#8243; mobile_width=&#8221;0&#8243; width=&#8221;1\/4&#8243;][vc_custom_heading text_size=&#8221;h3&#8243; separator=&#8221;yes&#8221; subheading=&#8221;Dawniej Cambridge English: Advanced (CAE)&#8221;]C1 Advanced[\/vc_custom_heading][\/vc_column_inner][vc_column_inner column_width_percent=&#8221;100&#8243; align_horizontal=&#8221;align_center&#8221; gutter_size=&#8221;3&#8243; overlay_alpha=&#8221;50&#8243; shift_x=&#8221;0&#8243; shift_y=&#8221;0&#8243; shift_y_down=&#8221;0&#8243; z_index=&#8221;0&#8243; medium_width=&#8221;0&#8243; mobile_width=&#8221;0&#8243; width=&#8221;1\/4&#8243;][vc_custom_heading text_size=&#8221;h3&#8243; separator=&#8221;yes&#8221; subheading=&#8221;Dawniej Cambridge English: Proficiency (CPE)&#8221;]C2 Proficiency[\/vc_custom_heading][\/vc_column_inner][vc_column_inner column_width_percent=&#8221;100&#8243; align_horizontal=&#8221;align_center&#8221; gutter_size=&#8221;3&#8243; overlay_alpha=&#8221;50&#8243; shift_x=&#8221;0&#8243; shift_y=&#8221;0&#8243; shift_y_down=&#8221;0&#8243; z_index=&#8221;0&#8243; medium_width=&#8221;0&#8243; mobile_width=&#8221;0&#8243; width=&#8221;1\/4&#8243;][vc_custom_heading text_size=&#8221;h3&#8243; separator=&#8221;yes&#8221; subheading=&#8221;Dawniej Cambridge English: Business (BEC)&#8221;]Business B1, B2, C1[\/vc_custom_heading][\/vc_column_inner][\/vc_row_inner][vc_separator sep_color=&#8221;color-gyho&#8221; el_height=&#8221;2px&#8221;][vc_row_inner][vc_column_inner column_width_percent=&#8221;100&#8243; align_horizontal=&#8221;align_center&#8221; gutter_size=&#8221;3&#8243; overlay_alpha=&#8221;50&#8243; shift_x=&#8221;0&#8243; shift_y=&#8221;0&#8243; shift_y_down=&#8221;0&#8243; z_index=&#8221;0&#8243; medium_width=&#8221;0&#8243; mobile_width=&#8221;0&#8243; width=&#8221;1\/4&#8243;][vc_custom_heading text_size=&#8221;h3&#8243; separator=&#8221;yes&#8221; subheading=&#8221;Dawniej Cambridge English: Young Learners Starters (YLE Starters)&#8221;]Pre A1 Starters [\/vc_custom_heading][\/vc_column_inner][vc_column_inner column_width_percent=&#8221;100&#8243; align_horizontal=&#8221;align_center&#8221; gutter_size=&#8221;3&#8243; overlay_alpha=&#8221;50&#8243; shift_x=&#8221;0&#8243; shift_y=&#8221;0&#8243; shift_y_down=&#8221;0&#8243; z_index=&#8221;0&#8243; medium_width=&#8221;0&#8243; mobile_width=&#8221;0&#8243; width=&#8221;1\/4&#8243;][vc_custom_heading text_size=&#8221;h3&#8243; separator=&#8221;yes&#8221; subheading=&#8221;Dawniej Cambridge English: Young Learners Movers (YLE Movers)&#8221;]A1 Movers [\/vc_custom_heading][\/vc_column_inner][vc_column_inner column_width_percent=&#8221;100&#8243; align_horizontal=&#8221;align_center&#8221; gutter_size=&#8221;3&#8243; overlay_alpha=&#8221;50&#8243; shift_x=&#8221;0&#8243; shift_y=&#8221;0&#8243; shift_y_down=&#8221;0&#8243; z_index=&#8221;0&#8243; medium_width=&#8221;0&#8243; mobile_width=&#8221;0&#8243; width=&#8221;1\/4&#8243;][vc_custom_heading text_size=&#8221;h3&#8243; separator=&#8221;yes&#8221; subheading=&#8221;Dawniej Cambridge English: Young Learners Flyers (YLE Flyers)&#8221;]A2 Flyers [\/vc_custom_heading][\/vc_column_inner][vc_column_inner column_width_percent=&#8221;100&#8243; align_horizontal=&#8221;align_center&#8221; gutter_size=&#8221;3&#8243; overlay_alpha=&#8221;50&#8243; shift_x=&#8221;0&#8243; shift_y=&#8221;0&#8243; shift_y_down=&#8221;0&#8243; z_index=&#8221;0&#8243; medium_width=&#8221;0&#8243; mobile_width=&#8221;0&#8243; width=&#8221;1\/4&#8243;][vc_single_image media=&#8221;1612&#8243; media_width_percent=&#8221;100&#8243;][\/vc_column_inner][\/vc_row_inner][\/vc_column][\/vc_row][vc_row][vc_column width=&#8221;1\/1&#8243;][vc_separator sep_color=&#8221;color-gyho&#8221; el_height=&#8221;2px&#8221;][vc_custom_heading]EGZAMINY PR\u00d3BNE[\/vc_custom_heading][vc_row_inner][vc_column_inner width=&#8221;2\/3&#8243;][vc_column_text]Organizujemy egzaminy pr\u00f3bne, tzw. \u201eMock Exams\u201d. Umo\u017cliwiaj\u0105 one ocen\u0119 w\u0142asnych mo\u017cliwo\u015bci oraz ucz\u0105 jak radzi\u0107 sobie w praktyce z technikami egzaminacyjnymi. Uczestnicy musz\u0105 wykaza\u0107 si\u0119 umiej\u0119tno\u015bciami z zakresu: \u201eUse of English\u201d, \u201eReading\u201d, \u201eListening\u201d i \u201eWriting\u201d, kt\u00f3re oceniane s\u0105 punktowo i procentowo. Pozwala to okre\u015bli\u0107 najsilniejsze i najs\u0142absze strony kandydata w \u0142atwy i przejrzysty spos\u00f3b. \u201eMock Exams\u201d s\u0105 przeprowadzane z odpowiednim wyprzedzeniem czasowym, aby okres, kt\u00f3ry pozostaje do egzaminu wykorzysta\u0107 na prac\u0119 nad elementami sprawiaj\u0105cymi najwi\u0119ksze trudno\u015bci.[\/vc_column_text][\/vc_column_inner][vc_column_inner width=&#8221;1\/3&#8243;][vc_single_image media=&#8221;1614&#8243; media_width_percent=&#8221;100&#8243;][\/vc_column_inner][\/vc_row_inner][vc_row_inner][vc_column_inner width=&#8221;1\/3&#8243;][vc_single_image media=&#8221;1097&#8243; media_width_percent=&#8221;100&#8243;][\/vc_column_inner][vc_column_inner width=&#8221;2\/3&#8243;][vc_column_text]<\/p>\n<ul>\n<li>Daty egzamin\u00f3w pr\u00f3bnych s\u0105 og\u0142aszane z du\u017cym wyprzedzeniem. Przyst\u0105pienie do egzaminu pr\u00f3bnego wymaga wcze\u015bniejszej rejestracji w Biurze Szko\u0142y, w okre\u015blonym terminie.<\/li>\n<li>Brak wcze\u015bniejszej rejestracji uniemo\u017cliwia przyst\u0105pienie do egzaminu pr\u00f3bnego, gdy\u017c dla ka\u017cdego uczestnika przewidziane s\u0105 odpowiednie materia\u0142y i w\u0142a\u015bciwie zorganizowane miejsce &#8211; \u201eMock Exams\u201d przeprowadzane s\u0105 \u015bci\u015ble wed\u0142ug regulaminu prawdziwych egzamin\u00f3w Cambridge English Qualifications.<\/li>\n<li>Rejestracja na \u201eMock Exam\u201d nie wi\u0105\u017c\u0119 si\u0119 w \u017caden spos\u00f3b z rejestracj\u0105 na w\u0142a\u015bciwy egzamin, kt\u00f3rej trzeba dokona\u0107 w odr\u0119bnym trybie.<\/li>\n<li>Zapisanie si\u0119 na kurs egzaminacyjny nie oznacza automatycznej rejestracji na egzamin w\u0142a\u015bciwy.<\/li>\n<li>Ceny kurs\u00f3w egzaminacyjnych nie obejmuj\u0105 ceny za egzamin.<\/li>\n<li>S\u0142uchaczom, kt\u00f3rzy zdali egzamin pr\u00f3bny, szko\u0142a udziela rekomendacji i gwarancji zdania egzaminu. W przypadku uzyskania negatywnego rezultatu na egzaminie, osoba z rekomendacj\u0105 uzyskuje obni\u017ck\u0119 na kolejny kurs egzaminacyjny w wysoko\u015bci po\u0142owy op\u0142aty egzaminacyjnej.<\/li>\n<\/ul>\n<p>[\/vc_column_text][\/vc_column_inner][\/vc_row_inner][\/vc_column][\/vc_row][vc_row][vc_column width=&#8221;1\/2&#8243;][vc_separator sep_color=&#8221;color-gyho&#8221; el_height=&#8221;2px&#8221;][vc_custom_heading]EXAM CLUBS[\/vc_custom_heading][vc_column_text]Exam Clubs to dodatkowe, bezp\u0142atne zaj\u0119cia dla s\u0142uchaczy zamierzaj\u0105cych zdawa\u0107 egzaminy Cambridge English Qualifications. Zaj\u0119cia odbywaj\u0105 si\u0119 regularnie i maj\u0105 charakter warsztat\u00f3w po\u015bwi\u0119conych konkretnym problemom. Czas dzielony jest na ich rozwi\u0105zywanie, a tak\u017ce na zapoznanie si\u0119 z przyk\u0142adowymi zestawami egzaminacyjnymi. Uczestnictwo w tych zaj\u0119ciach daje mo\u017cliwo\u015b\u0107 poznania technik zdawania egzamin\u00f3w Cambridge English Qualifications.[\/vc_column_text][\/vc_column][vc_column width=&#8221;1\/2&#8243;][vc_single_image media=&#8221;1985&#8243; media_width_percent=&#8221;100&#8243;][\/vc_column][\/vc_row]<\/p>\n<\/div>","protected":false},"excerpt":{"rendered":"<p>[vc_row row_height_percent=&#8221;0&#8243; back_image=&#8221;23&#8243; overlay_color=&#8221;color-210407&#8243; overlay_alpha=&#8221;75&#8243; gutter_size=&#8221;3&#8243; column_width_percent=&#8221;100&#8243; shift_y=&#8221;0&#8243; z_index=&#8221;0&#8243; row_height_pixel=&#8221;350&#8243;][vc_column column_width_percent=&#8221;100&#8243; position_vertical=&#8221;middle&#8221; gutter_size=&#8221;3&#8243; overlay_alpha=&#8221;50&#8243; shift_x=&#8221;0&#8243; shift_y=&#8221;0&#8243; shift_y_down=&#8221;0&#8243; z_index=&#8221;0&#8243; medium_width=&#8221;0&#8243; mobile_width=&#8221;0&#8243; [&hellip;]<\/p>\n","protected":false},"author":1,"featured_media":0,"parent":0,"menu_order":0,"comment_status":"closed","ping_status":"closed","template":"","meta":{"footnotes":""},"class_list":["post-511","page","type-page","status-publish","hentry"],"yoast_head":"<!-- This site is optimized with the Yoast SEO plugin v26.8 - https:\/\/yoast.com\/product\/yoast-seo-wordpress\/ -->\n<title>Kursy egzaminacyjne - IH Bielsko - Bia\u0142a<\/title>\n<meta name=\"robots\" content=\"index, follow, max-snippet:-1, max-image-preview:large, max-video-preview:-1\" \/>\n<link rel=\"canonical\" href=\"https:\/\/www.ih.com.pl\/bielsko-biala\/kursy-egzaminacyjne\/\" \/>\n<meta property=\"og:locale\" content=\"pl_PL\" \/>\n<meta property=\"og:type\" content=\"article\" \/>\n<meta property=\"og:title\" content=\"Kursy egzaminacyjne - IH Bielsko - Bia\u0142a\" \/>\n<meta property=\"og:description\" content=\"[vc_row row_height_percent=&#8221;0&#8243; back_image=&#8221;23&#8243; overlay_color=&#8221;color-210407&#8243; overlay_alpha=&#8221;75&#8243; gutter_size=&#8221;3&#8243; column_width_percent=&#8221;100&#8243; shift_y=&#8221;0&#8243; z_index=&#8221;0&#8243; row_height_pixel=&#8221;350&#8243;][vc_column column_width_percent=&#8221;100&#8243; position_vertical=&#8221;middle&#8221; gutter_size=&#8221;3&#8243; overlay_alpha=&#8221;50&#8243; shift_x=&#8221;0&#8243; shift_y=&#8221;0&#8243; shift_y_down=&#8221;0&#8243; z_index=&#8221;0&#8243; medium_width=&#8221;0&#8243; mobile_width=&#8221;0&#8243; [&hellip;]\" \/>\n<meta property=\"og:url\" content=\"https:\/\/www.ih.com.pl\/bielsko-biala\/kursy-egzaminacyjne\/\" \/>\n<meta property=\"og:site_name\" content=\"IH Bielsko - Bia\u0142a\" \/>\n<meta property=\"article:modified_time\" content=\"2023-07-17T13:48:25+00:00\" \/>\n<meta name=\"twitter:card\" content=\"summary_large_image\" \/>\n<meta name=\"twitter:label1\" content=\"Szacowany czas czytania\" \/>\n\t<meta name=\"twitter:data1\" content=\"7 minut\" \/>\n<script type=\"application\/ld+json\" class=\"yoast-schema-graph\">{\"@context\":\"https:\/\/schema.org\",\"@graph\":[{\"@type\":\"WebPage\",\"@id\":\"https:\/\/www.ih.com.pl\/bielsko-biala\/kursy-egzaminacyjne\/\",\"url\":\"https:\/\/www.ih.com.pl\/bielsko-biala\/kursy-egzaminacyjne\/\",\"name\":\"Kursy egzaminacyjne - IH Bielsko - Bia\u0142a\",\"isPartOf\":{\"@id\":\"https:\/\/www.ih.com.pl\/bielsko-biala\/#website\"},\"datePublished\":\"2019-12-13T09:41:12+00:00\",\"dateModified\":\"2023-07-17T13:48:25+00:00\",\"breadcrumb\":{\"@id\":\"https:\/\/www.ih.com.pl\/bielsko-biala\/kursy-egzaminacyjne\/#breadcrumb\"},\"inLanguage\":\"pl-PL\",\"potentialAction\":[{\"@type\":\"ReadAction\",\"target\":[\"https:\/\/www.ih.com.pl\/bielsko-biala\/kursy-egzaminacyjne\/\"]}]},{\"@type\":\"BreadcrumbList\",\"@id\":\"https:\/\/www.ih.com.pl\/bielsko-biala\/kursy-egzaminacyjne\/#breadcrumb\",\"itemListElement\":[{\"@type\":\"ListItem\",\"position\":1,\"name\":\"Strona g\u0142\u00f3wna\",\"item\":\"https:\/\/www.ih.com.pl\/bielsko-biala\/\"},{\"@type\":\"ListItem\",\"position\":2,\"name\":\"Kursy egzaminacyjne\"}]},{\"@type\":\"WebSite\",\"@id\":\"https:\/\/www.ih.com.pl\/bielsko-biala\/#website\",\"url\":\"https:\/\/www.ih.com.pl\/bielsko-biala\/\",\"name\":\"IH Bielsko - Bia\u0142a\",\"description\":\"\",\"potentialAction\":[{\"@type\":\"SearchAction\",\"target\":{\"@type\":\"EntryPoint\",\"urlTemplate\":\"https:\/\/www.ih.com.pl\/bielsko-biala\/?s={search_term_string}\"},\"query-input\":{\"@type\":\"PropertyValueSpecification\",\"valueRequired\":true,\"valueName\":\"search_term_string\"}}],\"inLanguage\":\"pl-PL\"}]}<\/script>\n<!-- \/ Yoast SEO plugin. -->","yoast_head_json":{"title":"Kursy egzaminacyjne - IH Bielsko - Bia\u0142a","robots":{"index":"index","follow":"follow","max-snippet":"max-snippet:-1","max-image-preview":"max-image-preview:large","max-video-preview":"max-video-preview:-1"},"canonical":"https:\/\/www.ih.com.pl\/bielsko-biala\/kursy-egzaminacyjne\/","og_locale":"pl_PL","og_type":"article","og_title":"Kursy egzaminacyjne - IH Bielsko - Bia\u0142a","og_description":"[vc_row row_height_percent=&#8221;0&#8243; back_image=&#8221;23&#8243; overlay_color=&#8221;color-210407&#8243; overlay_alpha=&#8221;75&#8243; gutter_size=&#8221;3&#8243; column_width_percent=&#8221;100&#8243; shift_y=&#8221;0&#8243; z_index=&#8221;0&#8243; row_height_pixel=&#8221;350&#8243;][vc_column column_width_percent=&#8221;100&#8243; position_vertical=&#8221;middle&#8221; gutter_size=&#8221;3&#8243; overlay_alpha=&#8221;50&#8243; shift_x=&#8221;0&#8243; shift_y=&#8221;0&#8243; shift_y_down=&#8221;0&#8243; z_index=&#8221;0&#8243; medium_width=&#8221;0&#8243; mobile_width=&#8221;0&#8243; [&hellip;]","og_url":"https:\/\/www.ih.com.pl\/bielsko-biala\/kursy-egzaminacyjne\/","og_site_name":"IH Bielsko - Bia\u0142a","article_modified_time":"2023-07-17T13:48:25+00:00","twitter_card":"summary_large_image","twitter_misc":{"Szacowany czas czytania":"7 minut"},"schema":{"@context":"https:\/\/schema.org","@graph":[{"@type":"WebPage","@id":"https:\/\/www.ih.com.pl\/bielsko-biala\/kursy-egzaminacyjne\/","url":"https:\/\/www.ih.com.pl\/bielsko-biala\/kursy-egzaminacyjne\/","name":"Kursy egzaminacyjne - IH Bielsko - Bia\u0142a","isPartOf":{"@id":"https:\/\/www.ih.com.pl\/bielsko-biala\/#website"},"datePublished":"2019-12-13T09:41:12+00:00","dateModified":"2023-07-17T13:48:25+00:00","breadcrumb":{"@id":"https:\/\/www.ih.com.pl\/bielsko-biala\/kursy-egzaminacyjne\/#breadcrumb"},"inLanguage":"pl-PL","potentialAction":[{"@type":"ReadAction","target":["https:\/\/www.ih.com.pl\/bielsko-biala\/kursy-egzaminacyjne\/"]}]},{"@type":"BreadcrumbList","@id":"https:\/\/www.ih.com.pl\/bielsko-biala\/kursy-egzaminacyjne\/#breadcrumb","itemListElement":[{"@type":"ListItem","position":1,"name":"Strona g\u0142\u00f3wna","item":"https:\/\/www.ih.com.pl\/bielsko-biala\/"},{"@type":"ListItem","position":2,"name":"Kursy egzaminacyjne"}]},{"@type":"WebSite","@id":"https:\/\/www.ih.com.pl\/bielsko-biala\/#website","url":"https:\/\/www.ih.com.pl\/bielsko-biala\/","name":"IH Bielsko - Bia\u0142a","description":"","potentialAction":[{"@type":"SearchAction","target":{"@type":"EntryPoint","urlTemplate":"https:\/\/www.ih.com.pl\/bielsko-biala\/?s={search_term_string}"},"query-input":{"@type":"PropertyValueSpecification","valueRequired":true,"valueName":"search_term_string"}}],"inLanguage":"pl-PL"}]}},"_links":{"self":[{"href":"https:\/\/www.ih.com.pl\/bielsko-biala\/wp-json\/wp\/v2\/pages\/511","targetHints":{"allow":["GET"]}}],"collection":[{"href":"https:\/\/www.ih.com.pl\/bielsko-biala\/wp-json\/wp\/v2\/pages"}],"about":[{"href":"https:\/\/www.ih.com.pl\/bielsko-biala\/wp-json\/wp\/v2\/types\/page"}],"author":[{"embeddable":true,"href":"https:\/\/www.ih.com.pl\/bielsko-biala\/wp-json\/wp\/v2\/users\/1"}],"replies":[{"embeddable":true,"href":"https:\/\/www.ih.com.pl\/bielsko-biala\/wp-json\/wp\/v2\/comments?post=511"}],"version-history":[{"count":31,"href":"https:\/\/www.ih.com.pl\/bielsko-biala\/wp-json\/wp\/v2\/pages\/511\/revisions"}],"predecessor-version":[{"id":4349,"href":"https:\/\/www.ih.com.pl\/bielsko-biala\/wp-json\/wp\/v2\/pages\/511\/revisions\/4349"}],"wp:attachment":[{"href":"https:\/\/www.ih.com.pl\/bielsko-biala\/wp-json\/wp\/v2\/media?parent=511"}],"curies":[{"name":"wp","href":"https:\/\/api.w.org\/{rel}","templated":true}]}}