{"id":550,"date":"2019-12-13T11:16:27","date_gmt":"2019-12-13T10:16:27","guid":{"rendered":"https:\/\/ih.wizjanet.pl\/bielsko-biala\/?page_id=550"},"modified":"2025-06-23T16:17:46","modified_gmt":"2025-06-23T14:17:46","slug":"cennik","status":"publish","type":"page","link":"https:\/\/www.ih.com.pl\/bielsko-biala\/cennik\/","title":{"rendered":"Cennik"},"content":{"rendered":"<div class=\"wpb-content-wrapper\"><p>[vc_row][vc_column width=&#8221;1\/1&#8243;][vc_custom_heading]Cennik[\/vc_custom_heading][vc_custom_heading heading_semantic=&#8221;h4&#8243; text_size=&#8221;h4&#8243; text_color=&#8221;color-jevc&#8221; separator=&#8221;yes&#8221;]Cennik kurs\u00f3w grupowych prowadzonych przez Szko\u0142\u0119 J\u0119zykow\u0105 International House w roku szkolnym 2025\/2026*[\/vc_custom_heading][vc_column_text]<\/p>\n<table cellspacing=\"1\" cellpadding=\"1\">\n<tbody>\n<tr>\n<td>Kursy dla maluszk\u00f3w 4-5 lat (80 godzin)<\/td>\n<td>9 rat po 380 z\u0142<\/td>\n<\/tr>\n<tr>\n<td>Kursy dla m\u0142odszych dzieci 6-7 lat (100 godzin)<\/td>\n<td>9 rat po 387 z\u0142<\/td>\n<\/tr>\n<tr>\n<td>Kursy standardowe dla dzieci starszych i m\u0142odzie\u017cy (120 godzin)<\/td>\n<td>9 rat po 450 z\u0142<\/td>\n<\/tr>\n<tr>\n<td>Kursy egzaminacyjne przygotowuj\u0105ce do egzamin\u00f3w Cambridge English: First, Advanced, Proficiency<\/td>\n<td>9 rat po 474 z\u0142<\/td>\n<\/tr>\n<tr>\n<td>Kursy przygotowuj\u0105ce do matury rozszerzonej (50 godzin, raz w tygodniu od pa\u017adziernika do kwietnia)<\/td>\n<td>7 rat po 241 z\u0142<\/td>\n<\/tr>\n<tr>\n<td>Kursy dla doros\u0142ych na poziomach nieegzaminacyjnych (110 godzin)<\/td>\n<td>9 rat po 413 z\u0142<\/td>\n<\/tr>\n<tr>\n<td>Kursy raz w tygodniu (60 godzin, raz w tygodniu 90 minut))<\/td>\n<td>9 rat po 226 z\u0142<\/td>\n<\/tr>\n<tr>\n<td>Kursy raz w tygodniu &#8222;Early start&#8221; (raz w tygodniu 75 minut)<\/td>\n<td>9 rat po 188 z\u0142<\/td>\n<\/tr>\n<\/tbody>\n<\/table>\n<p>1 godzina = 45 minut[\/vc_column_text][vc_column_text]* dotyczy kurs\u00f3w grupowych tworzonych z wolnego naboru. Nie dotyczy kurs\u00f3w grupowych tworzonych na zlecenie firm, plac\u00f3wek o\u015bwiatowych oraz zaj\u0119\u0107 indywidualnych.[\/vc_column_text][vc_separator sep_color=&#8221;color-gyho&#8221; el_height=&#8221;2px&#8221;][vc_row_inner][vc_column_inner width=&#8221;1\/2&#8243;][vc_custom_heading heading_semantic=&#8221;h4&#8243; text_size=&#8221;h4&#8243; separator=&#8221;yes&#8221;]Rabaty kwotowe[\/vc_custom_heading][vc_column_text]<\/p>\n<ul>\n<li>50 z\u0142 za kontynuacj\u0119<\/li>\n<li>rabat rodzinny dla kolejnej osoby z rodziny (drugiej, trzeciej itd.) korzystaj\u0105cej w tym samym czasie z kurs\u00f3w grupowych, z naszej bie\u017c\u0105cej oferty (jednorazowo 100 z\u0142).<\/li>\n<\/ul>\n<p>[\/vc_column_text][vc_custom_heading heading_semantic=&#8221;h4&#8243; text_size=&#8221;h4&#8243; separator=&#8221;yes&#8221;]Program &#8222;Rodzina +&#8221; oraz &#8222;Karta Du\u017cej Rodziny&#8221;[\/vc_custom_heading][vc_column_text]Dla posiadaczy Karty Du\u017cej Rodziny oraz Karty &#8222;Rodzina +&#8221; oferujemy rabat w wysoko\u015bci 10% na grupowy kurs j\u0119zyka angielskiego. S\u0142uchacz chc\u0105cy skorzysta\u0107 z w\/w rabatu proszony b\u0119dzie o okazanie wa\u017cnej karty uczestnika programu. Ulga ta nie \u0142\u0105czy si\u0119 z innymi rabatami udzielanymi przez Szko\u0142\u0119 International House.[\/vc_column_text][\/vc_column_inner][vc_column_inner width=&#8221;1\/2&#8243;][vc_empty_space empty_h=&#8221;2&#8243;][vc_single_image media=&#8221;2441&#8243; media_width_percent=&#8221;100&#8243;][\/vc_column_inner][\/vc_row_inner][\/vc_column][\/vc_row]<\/p>\n<\/div>","protected":false},"excerpt":{"rendered":"<p>[vc_row][vc_column width=&#8221;1\/1&#8243;][vc_custom_heading]Cennik[\/vc_custom_heading][vc_custom_heading heading_semantic=&#8221;h4&#8243; text_size=&#8221;h4&#8243; text_color=&#8221;color-jevc&#8221; separator=&#8221;yes&#8221;]Cennik kurs\u00f3w grupowych prowadzonych przez Szko\u0142\u0119 J\u0119zykow\u0105 International House w roku szkolnym 2025\/2026*[\/vc_custom_heading][vc_column_text] Kursy dla [&hellip;]<\/p>\n","protected":false},"author":1,"featured_media":0,"parent":0,"menu_order":0,"comment_status":"closed","ping_status":"closed","template":"","meta":{"footnotes":""},"class_list":["post-550","page","type-page","status-publish","hentry"],"yoast_head":"<!-- This site is optimized with the Yoast SEO plugin v26.8 - https:\/\/yoast.com\/product\/yoast-seo-wordpress\/ -->\n<title>Cennik - IH Bielsko - Bia\u0142a<\/title>\n<meta name=\"description\" content=\"-1361\" \/>\n<meta name=\"robots\" content=\"index, follow, max-snippet:-1, max-image-preview:large, max-video-preview:-1\" \/>\n<link rel=\"canonical\" href=\"https:\/\/www.ih.com.pl\/bielsko-biala\/cennik\/\" \/>\n<meta property=\"og:locale\" content=\"pl_PL\" \/>\n<meta property=\"og:type\" content=\"article\" \/>\n<meta property=\"og:title\" content=\"Cennik - IH Bielsko - Bia\u0142a\" \/>\n<meta property=\"og:description\" content=\"-1361\" \/>\n<meta property=\"og:url\" content=\"https:\/\/www.ih.com.pl\/bielsko-biala\/cennik\/\" \/>\n<meta property=\"og:site_name\" content=\"IH Bielsko - Bia\u0142a\" \/>\n<meta property=\"article:modified_time\" content=\"2025-06-23T14:17:46+00:00\" \/>\n<meta name=\"twitter:card\" content=\"summary_large_image\" \/>\n<meta name=\"twitter:label1\" content=\"Szacowany czas czytania\" \/>\n\t<meta name=\"twitter:data1\" content=\"2 minuty\" \/>\n<script type=\"application\/ld+json\" class=\"yoast-schema-graph\">{\"@context\":\"https:\/\/schema.org\",\"@graph\":[{\"@type\":\"WebPage\",\"@id\":\"https:\/\/www.ih.com.pl\/bielsko-biala\/cennik\/\",\"url\":\"https:\/\/www.ih.com.pl\/bielsko-biala\/cennik\/\",\"name\":\"Cennik - IH Bielsko - Bia\u0142a\",\"isPartOf\":{\"@id\":\"https:\/\/www.ih.com.pl\/bielsko-biala\/#website\"},\"datePublished\":\"2019-12-13T10:16:27+00:00\",\"dateModified\":\"2025-06-23T14:17:46+00:00\",\"description\":\"-1361\",\"breadcrumb\":{\"@id\":\"https:\/\/www.ih.com.pl\/bielsko-biala\/cennik\/#breadcrumb\"},\"inLanguage\":\"pl-PL\",\"potentialAction\":[{\"@type\":\"ReadAction\",\"target\":[\"https:\/\/www.ih.com.pl\/bielsko-biala\/cennik\/\"]}]},{\"@type\":\"BreadcrumbList\",\"@id\":\"https:\/\/www.ih.com.pl\/bielsko-biala\/cennik\/#breadcrumb\",\"itemListElement\":[{\"@type\":\"ListItem\",\"position\":1,\"name\":\"Strona g\u0142\u00f3wna\",\"item\":\"https:\/\/www.ih.com.pl\/bielsko-biala\/\"},{\"@type\":\"ListItem\",\"position\":2,\"name\":\"Cennik\"}]},{\"@type\":\"WebSite\",\"@id\":\"https:\/\/www.ih.com.pl\/bielsko-biala\/#website\",\"url\":\"https:\/\/www.ih.com.pl\/bielsko-biala\/\",\"name\":\"IH Bielsko - Bia\u0142a\",\"description\":\"\",\"potentialAction\":[{\"@type\":\"SearchAction\",\"target\":{\"@type\":\"EntryPoint\",\"urlTemplate\":\"https:\/\/www.ih.com.pl\/bielsko-biala\/?s={search_term_string}\"},\"query-input\":{\"@type\":\"PropertyValueSpecification\",\"valueRequired\":true,\"valueName\":\"search_term_string\"}}],\"inLanguage\":\"pl-PL\"}]}<\/script>\n<!-- \/ Yoast SEO plugin. -->","yoast_head_json":{"title":"Cennik - IH Bielsko - Bia\u0142a","description":"-1361","robots":{"index":"index","follow":"follow","max-snippet":"max-snippet:-1","max-image-preview":"max-image-preview:large","max-video-preview":"max-video-preview:-1"},"canonical":"https:\/\/www.ih.com.pl\/bielsko-biala\/cennik\/","og_locale":"pl_PL","og_type":"article","og_title":"Cennik - IH Bielsko - Bia\u0142a","og_description":"-1361","og_url":"https:\/\/www.ih.com.pl\/bielsko-biala\/cennik\/","og_site_name":"IH Bielsko - Bia\u0142a","article_modified_time":"2025-06-23T14:17:46+00:00","twitter_card":"summary_large_image","twitter_misc":{"Szacowany czas czytania":"2 minuty"},"schema":{"@context":"https:\/\/schema.org","@graph":[{"@type":"WebPage","@id":"https:\/\/www.ih.com.pl\/bielsko-biala\/cennik\/","url":"https:\/\/www.ih.com.pl\/bielsko-biala\/cennik\/","name":"Cennik - IH Bielsko - Bia\u0142a","isPartOf":{"@id":"https:\/\/www.ih.com.pl\/bielsko-biala\/#website"},"datePublished":"2019-12-13T10:16:27+00:00","dateModified":"2025-06-23T14:17:46+00:00","description":"-1361","breadcrumb":{"@id":"https:\/\/www.ih.com.pl\/bielsko-biala\/cennik\/#breadcrumb"},"inLanguage":"pl-PL","potentialAction":[{"@type":"ReadAction","target":["https:\/\/www.ih.com.pl\/bielsko-biala\/cennik\/"]}]},{"@type":"BreadcrumbList","@id":"https:\/\/www.ih.com.pl\/bielsko-biala\/cennik\/#breadcrumb","itemListElement":[{"@type":"ListItem","position":1,"name":"Strona g\u0142\u00f3wna","item":"https:\/\/www.ih.com.pl\/bielsko-biala\/"},{"@type":"ListItem","position":2,"name":"Cennik"}]},{"@type":"WebSite","@id":"https:\/\/www.ih.com.pl\/bielsko-biala\/#website","url":"https:\/\/www.ih.com.pl\/bielsko-biala\/","name":"IH Bielsko - Bia\u0142a","description":"","potentialAction":[{"@type":"SearchAction","target":{"@type":"EntryPoint","urlTemplate":"https:\/\/www.ih.com.pl\/bielsko-biala\/?s={search_term_string}"},"query-input":{"@type":"PropertyValueSpecification","valueRequired":true,"valueName":"search_term_string"}}],"inLanguage":"pl-PL"}]}},"_links":{"self":[{"href":"https:\/\/www.ih.com.pl\/bielsko-biala\/wp-json\/wp\/v2\/pages\/550","targetHints":{"allow":["GET"]}}],"collection":[{"href":"https:\/\/www.ih.com.pl\/bielsko-biala\/wp-json\/wp\/v2\/pages"}],"about":[{"href":"https:\/\/www.ih.com.pl\/bielsko-biala\/wp-json\/wp\/v2\/types\/page"}],"author":[{"embeddable":true,"href":"https:\/\/www.ih.com.pl\/bielsko-biala\/wp-json\/wp\/v2\/users\/1"}],"replies":[{"embeddable":true,"href":"https:\/\/www.ih.com.pl\/bielsko-biala\/wp-json\/wp\/v2\/comments?post=550"}],"version-history":[{"count":35,"href":"https:\/\/www.ih.com.pl\/bielsko-biala\/wp-json\/wp\/v2\/pages\/550\/revisions"}],"predecessor-version":[{"id":5132,"href":"https:\/\/www.ih.com.pl\/bielsko-biala\/wp-json\/wp\/v2\/pages\/550\/revisions\/5132"}],"wp:attachment":[{"href":"https:\/\/www.ih.com.pl\/bielsko-biala\/wp-json\/wp\/v2\/media?parent=550"}],"curies":[{"name":"wp","href":"https:\/\/api.w.org\/{rel}","templated":true}]}}