{"id":565,"date":"2019-12-13T14:00:46","date_gmt":"2019-12-13T13:00:46","guid":{"rendered":"https:\/\/ih.wizjanet.pl\/bielsko-biala\/?page_id=565"},"modified":"2019-12-13T14:03:53","modified_gmt":"2019-12-13T13:03:53","slug":"kwalifikacje-nauczycieli","status":"publish","type":"page","link":"https:\/\/www.ih.com.pl\/bielsko-biala\/kwalifikacje-nauczycieli\/","title":{"rendered":"Kwalifikacje nauczycieli"},"content":{"rendered":"<div class=\"wpb-content-wrapper\"><p>[vc_row][vc_column width=&#8221;1\/1&#8243;][vc_custom_heading]Kwalifikacje nauczycieli[\/vc_custom_heading][\/vc_column][\/vc_row][vc_row][vc_column column_width_percent=&#8221;100&#8243; align_horizontal=&#8221;align_center&#8221; gutter_size=&#8221;3&#8243; overlay_alpha=&#8221;50&#8243; shift_x=&#8221;0&#8243; shift_y=&#8221;0&#8243; shift_y_down=&#8221;0&#8243; z_index=&#8221;0&#8243; medium_width=&#8221;0&#8243; mobile_width=&#8221;0&#8243; width=&#8221;1\/1&#8243;][vc_custom_heading text_color=&#8221;color-jevc&#8221; separator=&#8221;yes&#8221; subheading=&#8221;John Haycraft, The Times Educational Supplement<br \/>\nJuly 8 , 1996&#8243;]&#8221;Being English is not enough&#8221;<br \/>\n(Nie wystarczy by\u0107 Anglikiem)<br \/>\n[\/vc_custom_heading][\/vc_column][\/vc_row][vc_row][vc_column width=&#8221;1\/2&#8243;][vc_custom_heading heading_semantic=&#8221;h4&#8243; text_size=&#8221;h4&#8243; separator=&#8221;yes&#8221;]Nasi lektorzy maj\u0105 kwalifikacje do nauczania angielskiego jako j\u0119zyka obcego[\/vc_custom_heading][vc_column_text]J\u0119zyka obcego mo\u017ce naucza\u0107 tylko osoba z odpowiednim przygotowaniem metodycznym. To w\u0142a\u015bnie w International House po raz pierwszy dostrze\u017cono konieczno\u015b\u0107 stosowania odr\u0119bnych metod i przygotowania metodycznego, wyodr\u0119bniono nauczanie j\u0119zyka angielskiego jako odr\u0119bn\u0105 profesj\u0119. Pierwszy na \u015bwiecie kurs metodyczny dla nauczycieli j\u0119zyka angielskiego by\u0142 przeprowadzony w 1953 roku w International House w Londynie. Sta\u0142 si\u0119 on nast\u0119pnie znany jako Cambridge CELTA (Certificate in English Language Teaching to Adults). Wszyscy nasi lektorzy posiadaj\u0105 co najmniej stopie\u0144 CELTA (lub odpowiednik).[\/vc_column_text][\/vc_column][vc_column width=&#8221;1\/2&#8243;][vc_custom_heading heading_semantic=&#8221;h4&#8243; text_size=&#8221;h4&#8243; separator=&#8221;yes&#8221;]Doskonalenie zawodowe lektor\u00f3w[\/vc_custom_heading][vc_column_text]Wiemy, \u017ce wysoka jako\u015b\u0107 naszej oferty edukacyjnej mo\u017ce by\u0107 osi\u0105gni\u0119ta tylko poprzez ci\u0105g\u0142e doskonalenie i rozw\u00f3j nauczycieli. Prac\u0105 naszych lektor\u00f3w kieruje dyplomowany australijski specjalista o wieloletnim do\u015bwiadczeniu jako metodyk. System regularnych sesji szkoleniowych, wyk\u0142ad\u00f3w, obserwacji zaj\u0119\u0107 oraz indywidualnego nadzoru metodycznego daje ka\u017cdemu lektorowi niezb\u0119dne, profesjonalne wsparcie, a tak\u017ce mo\u017cliwo\u015b\u0107 utrzymywania wysokiego poziomu kompetencji i dalszego ich doskonalenia.[\/vc_column_text][\/vc_column][\/vc_row][vc_row][vc_column width=&#8221;1\/2&#8243;][vc_custom_heading heading_semantic=&#8221;h4&#8243; text_size=&#8221;h4&#8243; separator=&#8221;yes&#8221;]Zdecydowana wi\u0119kszo\u015b\u0107 naszych lektor\u00f3w to lektorzy angloj\u0119zyczni[\/vc_custom_heading][vc_column_text]S\u0105 to osoby posiadaj\u0105ce wy\u017csze wykszta\u0142cenie, pozytywnie nastawione do \u015bwiata i ludzi, otwarte na r\u00f3\u017cnice kulturowe, z entuzjazmem podchodz\u0105ce do idei nauczania j\u0119zyka angielskiego na \u015bwiecie. Grupy dla doros\u0142ych na najni\u017cszych poziomach zaawansowania maj\u0105 zaj\u0119cia prowadzone w systemie tzw. \u2018tandem teaching\u2019, czyli naprzemiennie przez lektora angloj\u0119zycznego i lektora polskiego. Pozosta\u0142e grupy nauczane s\u0105 przez lektor\u00f3w angloj\u0119zycznych. Wszystkie zaj\u0119cia prowadzone s\u0105 od pocz\u0105tku wy\u0142\u0105cznie w j\u0119zyku angielskim. S\u0142u\u017c\u0105 temu odpowiednio dobrane i sprawdzone techniki nauczania, kt\u00f3re powoduj\u0105. \u017ce zaj\u0119cia s\u0105 bezstresowe i efektywne. Dotyczy to zar\u00f3wno grup dzieci\u0119cych, m\u0142odzie\u017cowych jak i dla os\u00f3b doros\u0142ych.[\/vc_column_text][\/vc_column][vc_column width=&#8221;1\/2&#8243;][vc_custom_heading heading_semantic=&#8221;h4&#8243; text_size=&#8221;h4&#8243; separator=&#8221;yes&#8221;]Lektorzy naszej szko\u0142y korzystaj\u0105 z do\u015bwiadcze\u0144 i dorobku \u015bwiatowej sieci International House[\/vc_custom_heading][vc_column_text]Nasi lektorzy korzystaj\u0105 z ponadsze\u015b\u0107dziesi\u0119cioletnich do\u015bwiadcze\u0144 sieci International House, kt\u00f3re przekazywane s\u0105 poprzez system szkole\u0144, wymian\u0119 do\u015bwiadcze\u0144 pomi\u0119dzy metodykami szk\u00f3\u0142 oraz mo\u017cliwo\u015b\u0107 czerpania z bazy zasob\u00f3w metodycznych IH. Wielu nauczycieli i metodyk\u00f3w naszej sieci to autorzy znanych podr\u0119cznik\u00f3w i klasycznych ju\u017c publikacji, np. Think First Certificate, Think Ahead to FC, FC Gold i Advanced Gold, czy te\u017c takich bestseller\u00f3w jak \u201cCutting Edge\u201d, \u201cChoice\u201d, \u201cHeadway\u201d lub \u201cEnglish Language Teaching\u201d. Wsp\u00f3\u0142pracuj\u0105 z czo\u0142owymi wydawnictwami: Cambridge University Press, Oxford University Press I Pearson Education Longman.[\/vc_column_text][\/vc_column][\/vc_row][vc_row][vc_column width=&#8221;1\/2&#8243;][vc_custom_heading heading_semantic=&#8221;h4&#8243; text_size=&#8221;h4&#8243; separator=&#8221;yes&#8221;]Nasi lektorzy starannie planuj\u0105 zaj\u0119cia[\/vc_custom_heading][vc_column_text]Lektorzy w International House Integra bardzo starannie przygotowuj\u0105 si\u0119 do zaj\u0119\u0107 poprzez planowanie i przygotowywanie materia\u0142\u00f3w dodatkowych.[\/vc_column_text][\/vc_column][vc_column width=&#8221;1\/2&#8243;][vc_custom_heading heading_semantic=&#8221;h4&#8243; text_size=&#8221;h4&#8243; separator=&#8221;yes&#8221;]W\u015br\u00f3d naszych lektor\u00f3w s\u0105 egzaminatorzy Cambridge Assesment English[\/vc_custom_heading][vc_column_text]Uczestnicz\u0105 oni w przeprowadzaniu egzamin\u00f3w University of Cambridge (KET, PET, FCE, CAE, CPE).[\/vc_column_text][\/vc_column][\/vc_row]<\/p>\n<\/div>","protected":false},"excerpt":{"rendered":"<p>[vc_row][vc_column width=&#8221;1\/1&#8243;][vc_custom_heading]Kwalifikacje nauczycieli[\/vc_custom_heading][\/vc_column][\/vc_row][vc_row][vc_column column_width_percent=&#8221;100&#8243; align_horizontal=&#8221;align_center&#8221; gutter_size=&#8221;3&#8243; overlay_alpha=&#8221;50&#8243; shift_x=&#8221;0&#8243; shift_y=&#8221;0&#8243; shift_y_down=&#8221;0&#8243; z_index=&#8221;0&#8243; medium_width=&#8221;0&#8243; mobile_width=&#8221;0&#8243; width=&#8221;1\/1&#8243;][vc_custom_heading text_color=&#8221;color-jevc&#8221; separator=&#8221;yes&#8221; subheading=&#8221;John Haycraft, The Times [&hellip;]<\/p>\n","protected":false},"author":1,"featured_media":0,"parent":0,"menu_order":0,"comment_status":"closed","ping_status":"closed","template":"","meta":{"footnotes":""},"class_list":["post-565","page","type-page","status-publish","hentry"],"yoast_head":"<!-- This site is optimized with the Yoast SEO plugin v26.8 - https:\/\/yoast.com\/product\/yoast-seo-wordpress\/ -->\n<title>Kwalifikacje nauczycieli - IH Bielsko - Bia\u0142a<\/title>\n<meta name=\"robots\" content=\"index, follow, max-snippet:-1, max-image-preview:large, max-video-preview:-1\" \/>\n<link rel=\"canonical\" href=\"https:\/\/www.ih.com.pl\/bielsko-biala\/kwalifikacje-nauczycieli\/\" \/>\n<meta property=\"og:locale\" content=\"pl_PL\" \/>\n<meta property=\"og:type\" content=\"article\" \/>\n<meta property=\"og:title\" content=\"Kwalifikacje nauczycieli - IH Bielsko - Bia\u0142a\" \/>\n<meta property=\"og:description\" content=\"[vc_row][vc_column width=&#8221;1\/1&#8243;][vc_custom_heading]Kwalifikacje nauczycieli[\/vc_custom_heading][\/vc_column][\/vc_row][vc_row][vc_column column_width_percent=&#8221;100&#8243; align_horizontal=&#8221;align_center&#8221; gutter_size=&#8221;3&#8243; overlay_alpha=&#8221;50&#8243; shift_x=&#8221;0&#8243; shift_y=&#8221;0&#8243; shift_y_down=&#8221;0&#8243; z_index=&#8221;0&#8243; medium_width=&#8221;0&#8243; mobile_width=&#8221;0&#8243; width=&#8221;1\/1&#8243;][vc_custom_heading text_color=&#8221;color-jevc&#8221; separator=&#8221;yes&#8221; subheading=&#8221;John Haycraft, The Times [&hellip;]\" \/>\n<meta property=\"og:url\" content=\"https:\/\/www.ih.com.pl\/bielsko-biala\/kwalifikacje-nauczycieli\/\" \/>\n<meta property=\"og:site_name\" content=\"IH Bielsko - Bia\u0142a\" \/>\n<meta property=\"article:modified_time\" content=\"2019-12-13T13:03:53+00:00\" \/>\n<meta name=\"twitter:card\" content=\"summary_large_image\" \/>\n<meta name=\"twitter:label1\" content=\"Szacowany czas czytania\" \/>\n\t<meta name=\"twitter:data1\" content=\"4 minuty\" \/>\n<script type=\"application\/ld+json\" class=\"yoast-schema-graph\">{\"@context\":\"https:\/\/schema.org\",\"@graph\":[{\"@type\":\"WebPage\",\"@id\":\"https:\/\/www.ih.com.pl\/bielsko-biala\/kwalifikacje-nauczycieli\/\",\"url\":\"https:\/\/www.ih.com.pl\/bielsko-biala\/kwalifikacje-nauczycieli\/\",\"name\":\"Kwalifikacje nauczycieli - IH Bielsko - Bia\u0142a\",\"isPartOf\":{\"@id\":\"https:\/\/www.ih.com.pl\/bielsko-biala\/#website\"},\"datePublished\":\"2019-12-13T13:00:46+00:00\",\"dateModified\":\"2019-12-13T13:03:53+00:00\",\"breadcrumb\":{\"@id\":\"https:\/\/www.ih.com.pl\/bielsko-biala\/kwalifikacje-nauczycieli\/#breadcrumb\"},\"inLanguage\":\"pl-PL\",\"potentialAction\":[{\"@type\":\"ReadAction\",\"target\":[\"https:\/\/www.ih.com.pl\/bielsko-biala\/kwalifikacje-nauczycieli\/\"]}]},{\"@type\":\"BreadcrumbList\",\"@id\":\"https:\/\/www.ih.com.pl\/bielsko-biala\/kwalifikacje-nauczycieli\/#breadcrumb\",\"itemListElement\":[{\"@type\":\"ListItem\",\"position\":1,\"name\":\"Strona g\u0142\u00f3wna\",\"item\":\"https:\/\/www.ih.com.pl\/bielsko-biala\/\"},{\"@type\":\"ListItem\",\"position\":2,\"name\":\"Kwalifikacje nauczycieli\"}]},{\"@type\":\"WebSite\",\"@id\":\"https:\/\/www.ih.com.pl\/bielsko-biala\/#website\",\"url\":\"https:\/\/www.ih.com.pl\/bielsko-biala\/\",\"name\":\"IH Bielsko - Bia\u0142a\",\"description\":\"\",\"potentialAction\":[{\"@type\":\"SearchAction\",\"target\":{\"@type\":\"EntryPoint\",\"urlTemplate\":\"https:\/\/www.ih.com.pl\/bielsko-biala\/?s={search_term_string}\"},\"query-input\":{\"@type\":\"PropertyValueSpecification\",\"valueRequired\":true,\"valueName\":\"search_term_string\"}}],\"inLanguage\":\"pl-PL\"}]}<\/script>\n<!-- \/ Yoast SEO plugin. -->","yoast_head_json":{"title":"Kwalifikacje nauczycieli - IH Bielsko - Bia\u0142a","robots":{"index":"index","follow":"follow","max-snippet":"max-snippet:-1","max-image-preview":"max-image-preview:large","max-video-preview":"max-video-preview:-1"},"canonical":"https:\/\/www.ih.com.pl\/bielsko-biala\/kwalifikacje-nauczycieli\/","og_locale":"pl_PL","og_type":"article","og_title":"Kwalifikacje nauczycieli - IH Bielsko - Bia\u0142a","og_description":"[vc_row][vc_column width=&#8221;1\/1&#8243;][vc_custom_heading]Kwalifikacje nauczycieli[\/vc_custom_heading][\/vc_column][\/vc_row][vc_row][vc_column column_width_percent=&#8221;100&#8243; align_horizontal=&#8221;align_center&#8221; gutter_size=&#8221;3&#8243; overlay_alpha=&#8221;50&#8243; shift_x=&#8221;0&#8243; shift_y=&#8221;0&#8243; shift_y_down=&#8221;0&#8243; z_index=&#8221;0&#8243; medium_width=&#8221;0&#8243; mobile_width=&#8221;0&#8243; width=&#8221;1\/1&#8243;][vc_custom_heading text_color=&#8221;color-jevc&#8221; separator=&#8221;yes&#8221; subheading=&#8221;John Haycraft, The Times [&hellip;]","og_url":"https:\/\/www.ih.com.pl\/bielsko-biala\/kwalifikacje-nauczycieli\/","og_site_name":"IH Bielsko - Bia\u0142a","article_modified_time":"2019-12-13T13:03:53+00:00","twitter_card":"summary_large_image","twitter_misc":{"Szacowany czas czytania":"4 minuty"},"schema":{"@context":"https:\/\/schema.org","@graph":[{"@type":"WebPage","@id":"https:\/\/www.ih.com.pl\/bielsko-biala\/kwalifikacje-nauczycieli\/","url":"https:\/\/www.ih.com.pl\/bielsko-biala\/kwalifikacje-nauczycieli\/","name":"Kwalifikacje nauczycieli - IH Bielsko - Bia\u0142a","isPartOf":{"@id":"https:\/\/www.ih.com.pl\/bielsko-biala\/#website"},"datePublished":"2019-12-13T13:00:46+00:00","dateModified":"2019-12-13T13:03:53+00:00","breadcrumb":{"@id":"https:\/\/www.ih.com.pl\/bielsko-biala\/kwalifikacje-nauczycieli\/#breadcrumb"},"inLanguage":"pl-PL","potentialAction":[{"@type":"ReadAction","target":["https:\/\/www.ih.com.pl\/bielsko-biala\/kwalifikacje-nauczycieli\/"]}]},{"@type":"BreadcrumbList","@id":"https:\/\/www.ih.com.pl\/bielsko-biala\/kwalifikacje-nauczycieli\/#breadcrumb","itemListElement":[{"@type":"ListItem","position":1,"name":"Strona g\u0142\u00f3wna","item":"https:\/\/www.ih.com.pl\/bielsko-biala\/"},{"@type":"ListItem","position":2,"name":"Kwalifikacje nauczycieli"}]},{"@type":"WebSite","@id":"https:\/\/www.ih.com.pl\/bielsko-biala\/#website","url":"https:\/\/www.ih.com.pl\/bielsko-biala\/","name":"IH Bielsko - Bia\u0142a","description":"","potentialAction":[{"@type":"SearchAction","target":{"@type":"EntryPoint","urlTemplate":"https:\/\/www.ih.com.pl\/bielsko-biala\/?s={search_term_string}"},"query-input":{"@type":"PropertyValueSpecification","valueRequired":true,"valueName":"search_term_string"}}],"inLanguage":"pl-PL"}]}},"_links":{"self":[{"href":"https:\/\/www.ih.com.pl\/bielsko-biala\/wp-json\/wp\/v2\/pages\/565","targetHints":{"allow":["GET"]}}],"collection":[{"href":"https:\/\/www.ih.com.pl\/bielsko-biala\/wp-json\/wp\/v2\/pages"}],"about":[{"href":"https:\/\/www.ih.com.pl\/bielsko-biala\/wp-json\/wp\/v2\/types\/page"}],"author":[{"embeddable":true,"href":"https:\/\/www.ih.com.pl\/bielsko-biala\/wp-json\/wp\/v2\/users\/1"}],"replies":[{"embeddable":true,"href":"https:\/\/www.ih.com.pl\/bielsko-biala\/wp-json\/wp\/v2\/comments?post=565"}],"version-history":[{"count":2,"href":"https:\/\/www.ih.com.pl\/bielsko-biala\/wp-json\/wp\/v2\/pages\/565\/revisions"}],"predecessor-version":[{"id":568,"href":"https:\/\/www.ih.com.pl\/bielsko-biala\/wp-json\/wp\/v2\/pages\/565\/revisions\/568"}],"wp:attachment":[{"href":"https:\/\/www.ih.com.pl\/bielsko-biala\/wp-json\/wp\/v2\/media?parent=565"}],"curies":[{"name":"wp","href":"https:\/\/api.w.org\/{rel}","templated":true}]}}