{"id":577,"date":"2019-12-13T14:09:56","date_gmt":"2019-12-13T13:09:56","guid":{"rendered":"https:\/\/ih.wizjanet.pl\/bielsko-biala\/?page_id=577"},"modified":"2025-02-17T15:07:34","modified_gmt":"2025-02-17T14:07:34","slug":"zasady-rekrutacji","status":"publish","type":"page","link":"https:\/\/www.ih.com.pl\/bielsko-biala\/zasady-rekrutacji\/","title":{"rendered":"Zasady rekrutacji"},"content":{"rendered":"<div class=\"wpb-content-wrapper\"><p>[vc_row][vc_column width=&#8221;1\/1&#8243;][vc_custom_heading]Zasady rekrutacji[\/vc_custom_heading][vc_row_inner row_inner_height_percent=&#8221;0&#8243; overlay_alpha=&#8221;50&#8243; gutter_size=&#8221;3&#8243; shift_y=&#8221;0&#8243; z_index=&#8221;0&#8243;][vc_column_inner column_width_percent=&#8221;100&#8243; gutter_size=&#8221;3&#8243; overlay_alpha=&#8221;50&#8243; shift_x=&#8221;0&#8243; shift_y=&#8221;0&#8243; shift_y_down=&#8221;0&#8243; z_index=&#8221;0&#8243; medium_width=&#8221;0&#8243; mobile_width=&#8221;0&#8243; width=&#8221;1\/2&#8243;][vc_custom_heading heading_semantic=&#8221;h4&#8243; text_size=&#8221;h4&#8243; text_color=&#8221;color-174087&#8243;]DLA OS\u00d3B, KT\u00d3RE JESZCZE NIE S\u0104 NASZYMI S\u0141UCHACZAMI[\/vc_custom_heading][vc_column_text]Przed zapisem na kurs j\u0119zyka angielskiego w IH Bielsko zapraszamy na bezp\u0142atny test kwalifikacyjny i kr\u00f3tk\u0105 rozmow\u0119 w j\u0119zyku angielskim z lektorem, kt\u00f3re pozwol\u0105 nam okre\u015bli\u0107 odpowiedni poziom zaawansowania i zaproponowa\u0107 odpowiedni\u0105 grup\u0119 (z uwagi na wiek i stopie\u0144 znajomo\u015bci j\u0119zyka). Test ten jest przeprowadzany w spos\u00f3b absolutnie bezstresowy- nie trzeba si\u0119 do niego przygotowywa\u0107, gdy\u017c celem jest okre\u015blenie rzeczywistego, a nie &#8222;dora\u017anie przygotowanego&#8221; poziomu zaawansowania. Na test mo\u017cna um\u00f3wi\u0107 si\u0119 telefonicznie, osobi\u015bcie lub mailowo.<br \/>\nAktualnie testy sprawdzaj\u0105ce poziom znajomo\u015bci j\u0119zyka mo\u017cna napisa\u0107 w siedzibie szko\u0142y IH przy ul. Zielonej 32 lub online w domu, bez konieczno\u015bci przyje\u017cd\u017cania do szko\u0142y. W przypadku wyboru opcji online prosimy o kontakt z recepcj\u0105 szko\u0142y (33 822 33 30), kt\u00f3ra udost\u0119pni linki i formularze zapisu.[\/vc_column_text][vc_separator sep_color=&#8221;color-jevc&#8221;][vc_custom_heading heading_semantic=&#8221;h4&#8243; text_size=&#8221;h4&#8243; text_color=&#8221;color-174087&#8243;]DLA NASZYCH S\u0141UCHACZY[\/vc_custom_heading][vc_column_text]Ka\u017cdy s\u0142uchacz na koniec roku szkolnego otrzymuje rekomendacj\u0119, czyli wskazanie, do kt\u00f3rej grupy powinien zapisa\u0107 si\u0119 w kolejnym roku szkolnym. System nauczania w naszej szkole IH zapewnia mo\u017cliwo\u015b\u0107 kontynuacji nauki na nast\u0119pnym poziomie. Rekomendacja przygotowywana jest w oparciu o ca\u0142oroczn\u0105 prac\u0119 s\u0142uchacza i rezultaty jego test\u00f3w.[\/vc_column_text][\/vc_column_inner][vc_column_inner width=&#8221;1\/2&#8243;][vc_empty_space empty_h=&#8221;2&#8243;][vc_single_image media=&#8221;1549&#8243; media_width_percent=&#8221;80&#8243; shape=&#8221;img-round&#8221;][vc_empty_space empty_h=&#8221;2&#8243;][vc_single_image media=&#8221;1552&#8243; media_width_percent=&#8221;80&#8243; shape=&#8221;img-round&#8221;][\/vc_column_inner][\/vc_row_inner][vc_row_inner row_inner_height_percent=&#8221;0&#8243; overlay_alpha=&#8221;50&#8243; gutter_size=&#8221;3&#8243; shift_y=&#8221;0&#8243; z_index=&#8221;0&#8243;][vc_column_inner column_width_percent=&#8221;100&#8243; gutter_size=&#8221;3&#8243; overlay_alpha=&#8221;50&#8243; shift_x=&#8221;0&#8243; shift_y=&#8221;0&#8243; shift_y_down=&#8221;0&#8243; z_index=&#8221;0&#8243; medium_width=&#8221;0&#8243; mobile_width=&#8221;0&#8243; width=&#8221;1\/2&#8243;][vc_separator sep_color=&#8221;color-jevc&#8221;][vc_custom_heading heading_semantic=&#8221;h4&#8243; text_size=&#8221;h4&#8243; text_color=&#8221;color-174087&#8243;]ZAPISY W CI\u0104GU ROKU SZKOLNEGO[\/vc_custom_heading][vc_column_text]Na kurs mo\u017cna zapisa\u0107 si\u0119 r\u00f3wnie\u017c w trakcie roku szkolnego, pod warunkiem, \u017ce w grupie, na kt\u00f3r\u0105 wskazuje test s\u0105 wolne miejsca. Z uwagi na fakt, ze zaj\u0119cia ju\u017c s\u0105 w toku, proponujemy pr\u00f3bne zaj\u0119cia, po kt\u00f3rych wsp\u00f3lnie z lektorem prowadz\u0105cym grup\u0119 mo\u017cna podj\u0105\u0107 decyzj\u0119 o do\u0142\u0105czeniu do grupy.[\/vc_column_text][vc_empty_space empty_h=&#8221;3&#8243;][vc_separator sep_color=&#8221;color-jevc&#8221;][vc_empty_space empty_h=&#8221;2&#8243;][vc_custom_heading heading_semantic=&#8221;h4&#8243; text_size=&#8221;h4&#8243; text_color=&#8221;color-174087&#8243;]DLA OS\u00d3B ROZPOCZYNAJ\u0104CYCH NAUK\u0118 OD STYCZNIA[\/vc_custom_heading][vc_column_text]Nowy Rok jest dobrym momentem, aby rozpocz\u0105\u0107 nauk\u0119 angielskiego. Wa\u017cne, aby trafi\u0107 do odpowiedniej grupy, na w\u0142a\u015bciwym poziomie zaawansowania. Ocen\u0105 Waszych umiej\u0119tno\u015bci zajmiemy si\u0119 my. Kolejnym krokiem b\u0119dzie zaproponowanie dw\u00f3ch tygodni bezp\u0142atnych, pr\u00f3bnych zaj\u0119\u0107 w grupie. I dopiero po tym czasie mo\u017cna podj\u0105\u0107 ostateczn\u0105 decyzj\u0119 o zapisie do nas. Bez stresu, bez ryzyka, obietnic bez pokrycia. Zapraszamy do naszej szko\u0142y IH. Aby pozna\u0107 wi\u0119cej szczeg\u00f3\u0142\u00f3w wystarczy nas nas zadzwoni\u0107\u00a0 (33 822 33 30) lub wys\u0142a\u0107 maila bielsko@ih.com.pl &#8211; skontaktujemy si\u0119 z Wami.[\/vc_column_text][\/vc_column_inner][vc_column_inner width=&#8221;1\/2&#8243;][vc_single_image media=&#8221;1357&#8243; media_width_percent=&#8221;80&#8243; shape=&#8221;img-round&#8221;][vc_empty_space empty_h=&#8221;2&#8243;][vc_single_image media=&#8221;3879&#8243; media_width_percent=&#8221;80&#8243; shape=&#8221;img-round&#8221;][\/vc_column_inner][\/vc_row_inner][\/vc_column][\/vc_row]<\/p>\n<\/div>","protected":false},"excerpt":{"rendered":"<p>[vc_row][vc_column width=&#8221;1\/1&#8243;][vc_custom_heading]Zasady rekrutacji[\/vc_custom_heading][vc_row_inner row_inner_height_percent=&#8221;0&#8243; overlay_alpha=&#8221;50&#8243; gutter_size=&#8221;3&#8243; shift_y=&#8221;0&#8243; z_index=&#8221;0&#8243;][vc_column_inner column_width_percent=&#8221;100&#8243; gutter_size=&#8221;3&#8243; overlay_alpha=&#8221;50&#8243; shift_x=&#8221;0&#8243; shift_y=&#8221;0&#8243; shift_y_down=&#8221;0&#8243; z_index=&#8221;0&#8243; medium_width=&#8221;0&#8243; mobile_width=&#8221;0&#8243; width=&#8221;1\/2&#8243;][vc_custom_heading heading_semantic=&#8221;h4&#8243; text_size=&#8221;h4&#8243; [&hellip;]<\/p>\n","protected":false},"author":1,"featured_media":0,"parent":0,"menu_order":0,"comment_status":"closed","ping_status":"closed","template":"","meta":{"footnotes":""},"class_list":["post-577","page","type-page","status-publish","hentry"],"yoast_head":"<!-- This site is optimized with the Yoast SEO plugin v26.8 - https:\/\/yoast.com\/product\/yoast-seo-wordpress\/ -->\n<title>Zasady rekrutacji - IH Bielsko - Bia\u0142a<\/title>\n<meta name=\"robots\" content=\"index, follow, max-snippet:-1, max-image-preview:large, max-video-preview:-1\" \/>\n<link rel=\"canonical\" href=\"https:\/\/www.ih.com.pl\/bielsko-biala\/zasady-rekrutacji\/\" \/>\n<meta property=\"og:locale\" content=\"pl_PL\" \/>\n<meta property=\"og:type\" content=\"article\" \/>\n<meta property=\"og:title\" content=\"Zasady rekrutacji - IH Bielsko - Bia\u0142a\" \/>\n<meta property=\"og:description\" content=\"[vc_row][vc_column width=&#8221;1\/1&#8243;][vc_custom_heading]Zasady rekrutacji[\/vc_custom_heading][vc_row_inner row_inner_height_percent=&#8221;0&#8243; overlay_alpha=&#8221;50&#8243; gutter_size=&#8221;3&#8243; shift_y=&#8221;0&#8243; z_index=&#8221;0&#8243;][vc_column_inner column_width_percent=&#8221;100&#8243; gutter_size=&#8221;3&#8243; overlay_alpha=&#8221;50&#8243; shift_x=&#8221;0&#8243; shift_y=&#8221;0&#8243; shift_y_down=&#8221;0&#8243; z_index=&#8221;0&#8243; medium_width=&#8221;0&#8243; mobile_width=&#8221;0&#8243; width=&#8221;1\/2&#8243;][vc_custom_heading heading_semantic=&#8221;h4&#8243; text_size=&#8221;h4&#8243; [&hellip;]\" \/>\n<meta property=\"og:url\" content=\"https:\/\/www.ih.com.pl\/bielsko-biala\/zasady-rekrutacji\/\" \/>\n<meta property=\"og:site_name\" content=\"IH Bielsko - Bia\u0142a\" \/>\n<meta property=\"article:modified_time\" content=\"2025-02-17T14:07:34+00:00\" \/>\n<meta name=\"twitter:card\" content=\"summary_large_image\" \/>\n<meta name=\"twitter:label1\" content=\"Szacowany czas czytania\" \/>\n\t<meta name=\"twitter:data1\" content=\"3 minuty\" \/>\n<script type=\"application\/ld+json\" class=\"yoast-schema-graph\">{\"@context\":\"https:\/\/schema.org\",\"@graph\":[{\"@type\":\"WebPage\",\"@id\":\"https:\/\/www.ih.com.pl\/bielsko-biala\/zasady-rekrutacji\/\",\"url\":\"https:\/\/www.ih.com.pl\/bielsko-biala\/zasady-rekrutacji\/\",\"name\":\"Zasady rekrutacji - IH Bielsko - Bia\u0142a\",\"isPartOf\":{\"@id\":\"https:\/\/www.ih.com.pl\/bielsko-biala\/#website\"},\"datePublished\":\"2019-12-13T13:09:56+00:00\",\"dateModified\":\"2025-02-17T14:07:34+00:00\",\"breadcrumb\":{\"@id\":\"https:\/\/www.ih.com.pl\/bielsko-biala\/zasady-rekrutacji\/#breadcrumb\"},\"inLanguage\":\"pl-PL\",\"potentialAction\":[{\"@type\":\"ReadAction\",\"target\":[\"https:\/\/www.ih.com.pl\/bielsko-biala\/zasady-rekrutacji\/\"]}]},{\"@type\":\"BreadcrumbList\",\"@id\":\"https:\/\/www.ih.com.pl\/bielsko-biala\/zasady-rekrutacji\/#breadcrumb\",\"itemListElement\":[{\"@type\":\"ListItem\",\"position\":1,\"name\":\"Strona g\u0142\u00f3wna\",\"item\":\"https:\/\/www.ih.com.pl\/bielsko-biala\/\"},{\"@type\":\"ListItem\",\"position\":2,\"name\":\"Zasady rekrutacji\"}]},{\"@type\":\"WebSite\",\"@id\":\"https:\/\/www.ih.com.pl\/bielsko-biala\/#website\",\"url\":\"https:\/\/www.ih.com.pl\/bielsko-biala\/\",\"name\":\"IH Bielsko - Bia\u0142a\",\"description\":\"\",\"potentialAction\":[{\"@type\":\"SearchAction\",\"target\":{\"@type\":\"EntryPoint\",\"urlTemplate\":\"https:\/\/www.ih.com.pl\/bielsko-biala\/?s={search_term_string}\"},\"query-input\":{\"@type\":\"PropertyValueSpecification\",\"valueRequired\":true,\"valueName\":\"search_term_string\"}}],\"inLanguage\":\"pl-PL\"}]}<\/script>\n<!-- \/ Yoast SEO plugin. -->","yoast_head_json":{"title":"Zasady rekrutacji - IH Bielsko - Bia\u0142a","robots":{"index":"index","follow":"follow","max-snippet":"max-snippet:-1","max-image-preview":"max-image-preview:large","max-video-preview":"max-video-preview:-1"},"canonical":"https:\/\/www.ih.com.pl\/bielsko-biala\/zasady-rekrutacji\/","og_locale":"pl_PL","og_type":"article","og_title":"Zasady rekrutacji - IH Bielsko - Bia\u0142a","og_description":"[vc_row][vc_column width=&#8221;1\/1&#8243;][vc_custom_heading]Zasady rekrutacji[\/vc_custom_heading][vc_row_inner row_inner_height_percent=&#8221;0&#8243; overlay_alpha=&#8221;50&#8243; gutter_size=&#8221;3&#8243; shift_y=&#8221;0&#8243; z_index=&#8221;0&#8243;][vc_column_inner column_width_percent=&#8221;100&#8243; gutter_size=&#8221;3&#8243; overlay_alpha=&#8221;50&#8243; shift_x=&#8221;0&#8243; shift_y=&#8221;0&#8243; shift_y_down=&#8221;0&#8243; z_index=&#8221;0&#8243; medium_width=&#8221;0&#8243; mobile_width=&#8221;0&#8243; width=&#8221;1\/2&#8243;][vc_custom_heading heading_semantic=&#8221;h4&#8243; text_size=&#8221;h4&#8243; [&hellip;]","og_url":"https:\/\/www.ih.com.pl\/bielsko-biala\/zasady-rekrutacji\/","og_site_name":"IH Bielsko - Bia\u0142a","article_modified_time":"2025-02-17T14:07:34+00:00","twitter_card":"summary_large_image","twitter_misc":{"Szacowany czas czytania":"3 minuty"},"schema":{"@context":"https:\/\/schema.org","@graph":[{"@type":"WebPage","@id":"https:\/\/www.ih.com.pl\/bielsko-biala\/zasady-rekrutacji\/","url":"https:\/\/www.ih.com.pl\/bielsko-biala\/zasady-rekrutacji\/","name":"Zasady rekrutacji - IH Bielsko - Bia\u0142a","isPartOf":{"@id":"https:\/\/www.ih.com.pl\/bielsko-biala\/#website"},"datePublished":"2019-12-13T13:09:56+00:00","dateModified":"2025-02-17T14:07:34+00:00","breadcrumb":{"@id":"https:\/\/www.ih.com.pl\/bielsko-biala\/zasady-rekrutacji\/#breadcrumb"},"inLanguage":"pl-PL","potentialAction":[{"@type":"ReadAction","target":["https:\/\/www.ih.com.pl\/bielsko-biala\/zasady-rekrutacji\/"]}]},{"@type":"BreadcrumbList","@id":"https:\/\/www.ih.com.pl\/bielsko-biala\/zasady-rekrutacji\/#breadcrumb","itemListElement":[{"@type":"ListItem","position":1,"name":"Strona g\u0142\u00f3wna","item":"https:\/\/www.ih.com.pl\/bielsko-biala\/"},{"@type":"ListItem","position":2,"name":"Zasady rekrutacji"}]},{"@type":"WebSite","@id":"https:\/\/www.ih.com.pl\/bielsko-biala\/#website","url":"https:\/\/www.ih.com.pl\/bielsko-biala\/","name":"IH Bielsko - Bia\u0142a","description":"","potentialAction":[{"@type":"SearchAction","target":{"@type":"EntryPoint","urlTemplate":"https:\/\/www.ih.com.pl\/bielsko-biala\/?s={search_term_string}"},"query-input":{"@type":"PropertyValueSpecification","valueRequired":true,"valueName":"search_term_string"}}],"inLanguage":"pl-PL"}]}},"_links":{"self":[{"href":"https:\/\/www.ih.com.pl\/bielsko-biala\/wp-json\/wp\/v2\/pages\/577","targetHints":{"allow":["GET"]}}],"collection":[{"href":"https:\/\/www.ih.com.pl\/bielsko-biala\/wp-json\/wp\/v2\/pages"}],"about":[{"href":"https:\/\/www.ih.com.pl\/bielsko-biala\/wp-json\/wp\/v2\/types\/page"}],"author":[{"embeddable":true,"href":"https:\/\/www.ih.com.pl\/bielsko-biala\/wp-json\/wp\/v2\/users\/1"}],"replies":[{"embeddable":true,"href":"https:\/\/www.ih.com.pl\/bielsko-biala\/wp-json\/wp\/v2\/comments?post=577"}],"version-history":[{"count":64,"href":"https:\/\/www.ih.com.pl\/bielsko-biala\/wp-json\/wp\/v2\/pages\/577\/revisions"}],"predecessor-version":[{"id":5034,"href":"https:\/\/www.ih.com.pl\/bielsko-biala\/wp-json\/wp\/v2\/pages\/577\/revisions\/5034"}],"wp:attachment":[{"href":"https:\/\/www.ih.com.pl\/bielsko-biala\/wp-json\/wp\/v2\/media?parent=577"}],"curies":[{"name":"wp","href":"https:\/\/api.w.org\/{rel}","templated":true}]}}