{"id":676,"date":"2020-01-16T14:17:14","date_gmt":"2020-01-16T13:17:14","guid":{"rendered":"https:\/\/ih.wizjanet.pl\/bielsko-biala\/?page_id=676"},"modified":"2021-08-24T13:11:05","modified_gmt":"2021-08-24T11:11:05","slug":"ffgfdgfg","status":"publish","type":"page","link":"https:\/\/www.ih.com.pl\/bielsko-biala\/ffgfdgfg\/","title":{"rendered":"ffgfdgfg"},"content":{"rendered":"<div class=\"wpb-content-wrapper\"><p>[vc_row][vc_column width=&#8221;1\/1&#8243;][uncode_index el_id=&#8221;index-109737&#8243; gutter_size=&#8221;3&#8243; screen_lg=&#8221;1000&#8243; screen_md=&#8221;600&#8243; screen_sm=&#8221;480&#8243; single_overlay_opacity=&#8221;50&#8243; single_padding=&#8221;2&#8243;]\n<div class=\"wpcf7 no-js\" id=\"wpcf7-f241-o1\" lang=\"pl-PL\" dir=\"ltr\" data-wpcf7-id=\"241\">\n<div class=\"screen-reader-response\"><p role=\"status\" aria-live=\"polite\" aria-atomic=\"true\"><\/p> <ul><\/ul><\/div>\n<form action=\"\/bielsko-biala\/wp-json\/wp\/v2\/pages\/676#wpcf7-f241-o1\" method=\"post\" class=\"wpcf7-form init\" aria-label=\"Formularz kontaktowy\" novalidate=\"novalidate\" data-status=\"init\">\n<fieldset class=\"hidden-fields-container\"><input type=\"hidden\" name=\"_wpcf7\" value=\"241\" \/><input type=\"hidden\" name=\"_wpcf7_version\" value=\"6.1.4\" \/><input type=\"hidden\" name=\"_wpcf7_locale\" value=\"pl_PL\" \/><input type=\"hidden\" name=\"_wpcf7_unit_tag\" value=\"wpcf7-f241-o1\" \/><input type=\"hidden\" name=\"_wpcf7_container_post\" value=\"0\" \/><input type=\"hidden\" name=\"_wpcf7_posted_data_hash\" value=\"\" \/><input type=\"hidden\" name=\"_wpcf7cf_hidden_group_fields\" value=\"[]\" \/><input type=\"hidden\" name=\"_wpcf7cf_hidden_groups\" value=\"[]\" \/><input type=\"hidden\" name=\"_wpcf7cf_visible_groups\" value=\"[]\" \/><input type=\"hidden\" name=\"_wpcf7cf_repeaters\" value=\"[]\" \/><input type=\"hidden\" name=\"_wpcf7cf_steps\" value=\"{}\" \/><input type=\"hidden\" name=\"_wpcf7cf_options\" value=\"{&quot;form_id&quot;:241,&quot;conditions&quot;:[{&quot;then_field&quot;:&quot;group-380&quot;,&quot;and_rules&quot;:[{&quot;if_field&quot;:&quot;udogodnienie&quot;,&quot;operator&quot;:&quot;equals&quot;,&quot;if_value&quot;:&quot;Wnosz\\u0119 o przyznanie mi szczeg\\u00f3lnych udogodnie\\u0144 przy zdawaniu cz\\u0119\\u015bci&quot;}]}],&quot;settings&quot;:{&quot;animation&quot;:&quot;yes&quot;,&quot;animation_intime&quot;:200,&quot;animation_outtime&quot;:200,&quot;conditions_ui&quot;:&quot;normal&quot;,&quot;notice_dismissed&quot;:false}}\" \/>\n<\/fieldset>\n<p><label> Egzamin: <span class=\"wpcf7-form-control-wrap\" data-name=\"radio-407\"><span class=\"wpcf7-form-control wpcf7-radio\"><span class=\"wpcf7-list-item first\"><input type=\"radio\" name=\"radio-407\" value=\"B2 First for Schools 25.06.\" checked=\"checked\" \/><span class=\"wpcf7-list-item-label\">B2 First for Schools 25.06.<\/span><\/span><span class=\"wpcf7-list-item last\"><input type=\"radio\" name=\"radio-407\" value=\"C2 Proficiency 09.06.\" \/><span class=\"wpcf7-list-item-label\">C2 Proficiency 09.06.<\/span><\/span><\/span><\/span> <\/label>\n<\/p>\n<p><label> Nazwisko *<br \/>\n<span class=\"wpcf7-form-control-wrap\" data-name=\"nazwisko\"><input size=\"40\" maxlength=\"400\" class=\"wpcf7-form-control wpcf7-text wpcf7-validates-as-required\" aria-required=\"true\" aria-invalid=\"false\" value=\"\" type=\"text\" name=\"nazwisko\" \/><\/span> <\/label><label> Imi\u0119 *<br \/>\n<span class=\"wpcf7-form-control-wrap\" data-name=\"imie\"><input size=\"40\" maxlength=\"400\" class=\"wpcf7-form-control wpcf7-text\" aria-invalid=\"false\" value=\"\" type=\"text\" name=\"imie\" \/><\/span> <\/label><label> Data urodzenia *<br \/>\n<span class=\"wpcf7-form-control-wrap\" data-name=\"datta\"><input class=\"wpcf7-form-control wpcf7-date wpcf7-validates-as-required wpcf7-validates-as-date\" aria-required=\"true\" aria-invalid=\"false\" value=\"YYYY-MM-DD\" type=\"date\" name=\"datta\" \/><\/span> <\/label><label> Ulica *<br \/>\n<span class=\"wpcf7-form-control-wrap\" data-name=\"ulica\"><input size=\"40\" maxlength=\"400\" class=\"wpcf7-form-control wpcf7-text wpcf7-validates-as-required\" aria-required=\"true\" aria-invalid=\"false\" value=\"\" type=\"text\" name=\"ulica\" \/><\/span> <\/label><label> Numer domu *<br \/>\n<span class=\"wpcf7-form-control-wrap\" data-name=\"numerdomu\"><input size=\"40\" maxlength=\"400\" class=\"wpcf7-form-control wpcf7-text wpcf7-validates-as-required\" aria-required=\"true\" aria-invalid=\"false\" value=\"\" type=\"text\" name=\"numerdomu\" \/><\/span> <\/label><label> Numer lokalu<br \/>\n<span class=\"wpcf7-form-control-wrap\" data-name=\"numerlokalu\"><input size=\"40\" maxlength=\"400\" class=\"wpcf7-form-control wpcf7-text\" aria-invalid=\"false\" value=\"\" type=\"text\" name=\"numerlokalu\" \/><\/span> <\/label><label> Kod pocztowy *<br \/>\n<span class=\"wpcf7-form-control-wrap\" data-name=\"kod\"><input size=\"40\" maxlength=\"400\" class=\"wpcf7-form-control wpcf7-text wpcf7-validates-as-required\" aria-required=\"true\" aria-invalid=\"false\" value=\"\" type=\"text\" name=\"kod\" \/><\/span> <\/label><label> Miasto *<br \/>\n<span class=\"wpcf7-form-control-wrap\" data-name=\"miasto\"><input size=\"40\" maxlength=\"400\" class=\"wpcf7-form-control wpcf7-text wpcf7-validates-as-required\" aria-required=\"true\" aria-invalid=\"false\" value=\"\" type=\"text\" name=\"miasto\" \/><\/span> <\/label><label> Telefon *<br \/>\n<span class=\"wpcf7-form-control-wrap\" data-name=\"telefon\"><input size=\"40\" maxlength=\"400\" class=\"wpcf7-form-control wpcf7-text wpcf7-validates-as-required\" aria-required=\"true\" aria-invalid=\"false\" value=\"\" type=\"text\" name=\"telefon\" \/><\/span> <\/label><label> Email *<br \/>\n<span class=\"wpcf7-form-control-wrap\" data-name=\"email\"><input size=\"40\" maxlength=\"400\" class=\"wpcf7-form-control wpcf7-email wpcf7-validates-as-required wpcf7-text wpcf7-validates-as-email\" aria-required=\"true\" aria-invalid=\"false\" value=\"\" type=\"email\" name=\"email\" \/><\/span><\/label><br \/>\n<span class=\"wpcf7-form-control-wrap\" data-name=\"acceptance-860\"><span class=\"wpcf7-form-control wpcf7-acceptance\"><span class=\"wpcf7-list-item\"><label><input type=\"checkbox\" name=\"acceptance-860\" value=\"1\" aria-invalid=\"false\" \/><span class=\"wpcf7-list-item-label\">Niniejszym o\u015bwiadczam, i\u017c zapozna\u0142am\/em si\u0119 z Regulaminem egzamin\u00f3w Cambridge English w Centrum Egzaminacyjnym CJO International House Bielsko-Bia\u0142a i godz\u0119 si\u0119 na wymienione w nim warunki. Zobowi\u0105zuj\u0119 si\u0119 do przestrzegania regulacji dotycz\u0105cych przeprowadzania sesji egzaminacyjnych w okresie zagro\u017cenia epidemiologicznego. Jednocze\u015bnie potwierdzam, i\u017c zawarte w niniejszym formularzu dane osobowe s\u0105 zgodne ze stanem faktycznym. Podaj\u0119 je dobrowolnie i przyjmuj\u0119 do wiadomo\u015bci, \u017ce mam prawo dost\u0119pu do ich tre\u015bci oraz prawo do ich poprawiania.  O\u015bwiadczam, \u017ce zosta\u0142em\/\u0142am poinformowany\/a o przys\u0142uguj\u0105cych mi prawach dotycz\u0105cych ochrony, przetwarzana, powierzenia, sprostowania, usuni\u0119cia danych osobowych moich\/mojego dziecka \u2013 w prostej i zrozumia\u0142ej formie. Wszystkie moje w\u0105tpliwo\u015bci zosta\u0142y mi wyja\u015bnione. O\u015bwiadczam, \u017ce przekazuj\u0119 dane osobowe \u015bwiadomie i dobrowolnie w znanym mi celu, dla kt\u00f3rego zosta\u0142y zebrane.<\/span><\/label><\/span><\/span><\/span>\n<\/p>\n<p><label><span class=\"wpcf7-form-control-wrap\" data-name=\"udogodnienie\"><span class=\"wpcf7-form-control wpcf7-checkbox wpcf7-exclusive-checkbox\"><span class=\"wpcf7-list-item first last\"><input type=\"checkbox\" name=\"udogodnienie\" value=\"Wnosz\u0119 o przyznanie mi szczeg\u00f3lnych udogodnie\u0144 przy zdawaniu cz\u0119\u015bci\" \/><span class=\"wpcf7-list-item-label\">Wnosz\u0119 o przyznanie mi szczeg\u00f3lnych udogodnie\u0144 przy zdawaniu cz\u0119\u015bci<\/span><\/span><\/span><\/span><br \/>\n<\/label>\n<\/p>\n<div data-id=\"group-380\" data-orig_data_id=\"group-380\" data-clear_on_hide class=\"\" data-class=\"wpcf7cf_group\">\n\t<p><span class=\"wpcf7-form-control-wrap\" data-name=\"dodatkowe\"><span class=\"wpcf7-form-control wpcf7-checkbox\"><span class=\"wpcf7-list-item first\"><input type=\"checkbox\" name=\"dodatkowe[]\" value=\"pisemnych\" \/><span class=\"wpcf7-list-item-label\">pisemnych<\/span><\/span><span class=\"wpcf7-list-item\"><input type=\"checkbox\" name=\"dodatkowe[]\" value=\"s\u0142uchowej\" \/><span class=\"wpcf7-list-item-label\">s\u0142uchowej<\/span><\/span><span class=\"wpcf7-list-item\"><input type=\"checkbox\" name=\"dodatkowe[]\" value=\"ustnej\" \/><span class=\"wpcf7-list-item-label\">ustnej<\/span><\/span><span class=\"wpcf7-list-item last\"><input type=\"checkbox\" name=\"dodatkowe[]\" value=\"dysleksja\/ dysgrafia\/ dysortografia (mo\u017cliwe jest przed\u0142u\u017cenie czasu pisemnych cz\u0119\u015bci egzaminu o 25% lub wi\u0119cej - w uzasadnionych przypadkach, na podstawie informacji zawartych w za\u015bwiadczeniu lekarskim)\" \/><span class=\"wpcf7-list-item-label\">dysleksja\/ dysgrafia\/ dysortografia (mo\u017cliwe jest przed\u0142u\u017cenie czasu pisemnych cz\u0119\u015bci egzaminu o 25% lub wi\u0119cej - w uzasadnionych przypadkach, na podstawie informacji zawartych w za\u015bwiadczeniu lekarskim)<\/span><\/span><\/span><\/span><br \/>\n<label>Inne problemy zdrowotne (prosimy o kr\u00f3tki opis)<br \/>\n<span class=\"wpcf7-form-control-wrap\" data-name=\"problemyzdrowotne\"><textarea cols=\"40\" rows=\"10\" maxlength=\"2000\" class=\"wpcf7-form-control wpcf7-textarea\" aria-invalid=\"false\" name=\"problemyzdrowotne\"><\/textarea><\/span><\/label>\n\t<\/p>\n<\/div>\n<p><label>Podpis *<br \/>\n<span class=\"wpcf7-form-control-wrap\" data-name=\"podpis\"><input size=\"40\" maxlength=\"400\" class=\"wpcf7-form-control wpcf7-text wpcf7-validates-as-required\" aria-required=\"true\" aria-invalid=\"false\" value=\"\" type=\"text\" name=\"podpis\" \/><\/span><\/label><label>Miejscowo\u015b\u0107 i data *<br \/>\n<span class=\"wpcf7-form-control-wrap\" data-name=\"data\"><input size=\"40\" maxlength=\"400\" class=\"wpcf7-form-control wpcf7-text wpcf7-validates-as-required\" aria-required=\"true\" aria-invalid=\"false\" value=\"\" type=\"text\" name=\"data\" \/><\/span><\/label><br \/>\n<input class=\"wpcf7-form-control wpcf7-submit has-spinner\" type=\"submit\" value=\"Wy\u015blij\" \/>\n<\/p><div class=\"wpcf7-response-output\" aria-hidden=\"true\"><\/div>\n<\/form>\n<\/div>\n[\/vc_column][\/vc_row]<\/p>\n<\/div>","protected":false},"excerpt":{"rendered":"<p>[vc_row][vc_column width=&#8221;1\/1&#8243;][uncode_index el_id=&#8221;index-109737&#8243; gutter_size=&#8221;3&#8243; screen_lg=&#8221;1000&#8243; screen_md=&#8221;600&#8243; screen_sm=&#8221;480&#8243; single_overlay_opacity=&#8221;50&#8243; single_padding=&#8221;2&#8243;][\/vc_column][\/vc_row]<\/p>\n","protected":false},"author":1,"featured_media":0,"parent":0,"menu_order":0,"comment_status":"closed","ping_status":"closed","template":"","meta":{"footnotes":""},"class_list":["post-676","page","type-page","status-publish","hentry"],"yoast_head":"<!-- This site is optimized with the Yoast SEO plugin v26.8 - https:\/\/yoast.com\/product\/yoast-seo-wordpress\/ -->\n<title>ffgfdgfg - IH Bielsko - Bia\u0142a<\/title>\n<meta name=\"robots\" content=\"index, follow, max-snippet:-1, max-image-preview:large, max-video-preview:-1\" \/>\n<link rel=\"canonical\" href=\"https:\/\/www.ih.com.pl\/bielsko-biala\/ffgfdgfg\/\" \/>\n<meta property=\"og:locale\" content=\"pl_PL\" \/>\n<meta property=\"og:type\" content=\"article\" \/>\n<meta property=\"og:title\" content=\"ffgfdgfg - IH Bielsko - Bia\u0142a\" \/>\n<meta property=\"og:description\" content=\"[vc_row][vc_column width=&#8221;1\/1&#8243;][uncode_index el_id=&#8221;index-109737&#8243; gutter_size=&#8221;3&#8243; screen_lg=&#8221;1000&#8243; screen_md=&#8221;600&#8243; screen_sm=&#8221;480&#8243; single_overlay_opacity=&#8221;50&#8243; single_padding=&#8221;2&#8243;][\/vc_column][\/vc_row]\" \/>\n<meta property=\"og:url\" content=\"https:\/\/www.ih.com.pl\/bielsko-biala\/ffgfdgfg\/\" \/>\n<meta property=\"og:site_name\" content=\"IH Bielsko - Bia\u0142a\" \/>\n<meta property=\"article:modified_time\" content=\"2021-08-24T11:11:05+00:00\" \/>\n<meta name=\"twitter:card\" content=\"summary_large_image\" \/>\n<script type=\"application\/ld+json\" class=\"yoast-schema-graph\">{\"@context\":\"https:\/\/schema.org\",\"@graph\":[{\"@type\":\"WebPage\",\"@id\":\"https:\/\/www.ih.com.pl\/bielsko-biala\/ffgfdgfg\/\",\"url\":\"https:\/\/www.ih.com.pl\/bielsko-biala\/ffgfdgfg\/\",\"name\":\"ffgfdgfg - IH Bielsko - Bia\u0142a\",\"isPartOf\":{\"@id\":\"https:\/\/www.ih.com.pl\/bielsko-biala\/#website\"},\"datePublished\":\"2020-01-16T13:17:14+00:00\",\"dateModified\":\"2021-08-24T11:11:05+00:00\",\"breadcrumb\":{\"@id\":\"https:\/\/www.ih.com.pl\/bielsko-biala\/ffgfdgfg\/#breadcrumb\"},\"inLanguage\":\"pl-PL\",\"potentialAction\":[{\"@type\":\"ReadAction\",\"target\":[\"https:\/\/www.ih.com.pl\/bielsko-biala\/ffgfdgfg\/\"]}]},{\"@type\":\"BreadcrumbList\",\"@id\":\"https:\/\/www.ih.com.pl\/bielsko-biala\/ffgfdgfg\/#breadcrumb\",\"itemListElement\":[{\"@type\":\"ListItem\",\"position\":1,\"name\":\"Strona g\u0142\u00f3wna\",\"item\":\"https:\/\/www.ih.com.pl\/bielsko-biala\/\"},{\"@type\":\"ListItem\",\"position\":2,\"name\":\"ffgfdgfg\"}]},{\"@type\":\"WebSite\",\"@id\":\"https:\/\/www.ih.com.pl\/bielsko-biala\/#website\",\"url\":\"https:\/\/www.ih.com.pl\/bielsko-biala\/\",\"name\":\"IH Bielsko - Bia\u0142a\",\"description\":\"\",\"potentialAction\":[{\"@type\":\"SearchAction\",\"target\":{\"@type\":\"EntryPoint\",\"urlTemplate\":\"https:\/\/www.ih.com.pl\/bielsko-biala\/?s={search_term_string}\"},\"query-input\":{\"@type\":\"PropertyValueSpecification\",\"valueRequired\":true,\"valueName\":\"search_term_string\"}}],\"inLanguage\":\"pl-PL\"}]}<\/script>\n<!-- \/ Yoast SEO plugin. -->","yoast_head_json":{"title":"ffgfdgfg - IH Bielsko - Bia\u0142a","robots":{"index":"index","follow":"follow","max-snippet":"max-snippet:-1","max-image-preview":"max-image-preview:large","max-video-preview":"max-video-preview:-1"},"canonical":"https:\/\/www.ih.com.pl\/bielsko-biala\/ffgfdgfg\/","og_locale":"pl_PL","og_type":"article","og_title":"ffgfdgfg - IH Bielsko - Bia\u0142a","og_description":"[vc_row][vc_column width=&#8221;1\/1&#8243;][uncode_index el_id=&#8221;index-109737&#8243; gutter_size=&#8221;3&#8243; screen_lg=&#8221;1000&#8243; screen_md=&#8221;600&#8243; screen_sm=&#8221;480&#8243; single_overlay_opacity=&#8221;50&#8243; single_padding=&#8221;2&#8243;][\/vc_column][\/vc_row]","og_url":"https:\/\/www.ih.com.pl\/bielsko-biala\/ffgfdgfg\/","og_site_name":"IH Bielsko - Bia\u0142a","article_modified_time":"2021-08-24T11:11:05+00:00","twitter_card":"summary_large_image","schema":{"@context":"https:\/\/schema.org","@graph":[{"@type":"WebPage","@id":"https:\/\/www.ih.com.pl\/bielsko-biala\/ffgfdgfg\/","url":"https:\/\/www.ih.com.pl\/bielsko-biala\/ffgfdgfg\/","name":"ffgfdgfg - IH Bielsko - Bia\u0142a","isPartOf":{"@id":"https:\/\/www.ih.com.pl\/bielsko-biala\/#website"},"datePublished":"2020-01-16T13:17:14+00:00","dateModified":"2021-08-24T11:11:05+00:00","breadcrumb":{"@id":"https:\/\/www.ih.com.pl\/bielsko-biala\/ffgfdgfg\/#breadcrumb"},"inLanguage":"pl-PL","potentialAction":[{"@type":"ReadAction","target":["https:\/\/www.ih.com.pl\/bielsko-biala\/ffgfdgfg\/"]}]},{"@type":"BreadcrumbList","@id":"https:\/\/www.ih.com.pl\/bielsko-biala\/ffgfdgfg\/#breadcrumb","itemListElement":[{"@type":"ListItem","position":1,"name":"Strona g\u0142\u00f3wna","item":"https:\/\/www.ih.com.pl\/bielsko-biala\/"},{"@type":"ListItem","position":2,"name":"ffgfdgfg"}]},{"@type":"WebSite","@id":"https:\/\/www.ih.com.pl\/bielsko-biala\/#website","url":"https:\/\/www.ih.com.pl\/bielsko-biala\/","name":"IH Bielsko - Bia\u0142a","description":"","potentialAction":[{"@type":"SearchAction","target":{"@type":"EntryPoint","urlTemplate":"https:\/\/www.ih.com.pl\/bielsko-biala\/?s={search_term_string}"},"query-input":{"@type":"PropertyValueSpecification","valueRequired":true,"valueName":"search_term_string"}}],"inLanguage":"pl-PL"}]}},"_links":{"self":[{"href":"https:\/\/www.ih.com.pl\/bielsko-biala\/wp-json\/wp\/v2\/pages\/676","targetHints":{"allow":["GET"]}}],"collection":[{"href":"https:\/\/www.ih.com.pl\/bielsko-biala\/wp-json\/wp\/v2\/pages"}],"about":[{"href":"https:\/\/www.ih.com.pl\/bielsko-biala\/wp-json\/wp\/v2\/types\/page"}],"author":[{"embeddable":true,"href":"https:\/\/www.ih.com.pl\/bielsko-biala\/wp-json\/wp\/v2\/users\/1"}],"replies":[{"embeddable":true,"href":"https:\/\/www.ih.com.pl\/bielsko-biala\/wp-json\/wp\/v2\/comments?post=676"}],"version-history":[{"count":2,"href":"https:\/\/www.ih.com.pl\/bielsko-biala\/wp-json\/wp\/v2\/pages\/676\/revisions"}],"predecessor-version":[{"id":2427,"href":"https:\/\/www.ih.com.pl\/bielsko-biala\/wp-json\/wp\/v2\/pages\/676\/revisions\/2427"}],"wp:attachment":[{"href":"https:\/\/www.ih.com.pl\/bielsko-biala\/wp-json\/wp\/v2\/media?parent=676"}],"curies":[{"name":"wp","href":"https:\/\/api.w.org\/{rel}","templated":true}]}}