{"id":1071,"date":"2020-05-28T14:43:55","date_gmt":"2020-05-28T12:43:55","guid":{"rendered":"https:\/\/www.ih.com.pl\/wroclaw\/?page_id=1071"},"modified":"2025-07-15T16:10:09","modified_gmt":"2025-07-15T14:10:09","slug":"ferie-z-angielskim","status":"publish","type":"page","link":"https:\/\/www.ih.com.pl\/wroclaw\/ferie-z-angielskim\/","title":{"rendered":"LATO IH &#8211; angielski dla m\u0142odzie\u017cy i doros\u0142ych"},"content":{"rendered":"<div class=\"wpb-content-wrapper\"><p>[vc_row row_height_percent=&#8221;35&#8243; back_image=&#8221;4010&#8243; overlay_alpha=&#8221;0&#8243; gutter_size=&#8221;3&#8243; column_width_percent=&#8221;100&#8243; shift_y=&#8221;0&#8243; z_index=&#8221;0&#8243;][vc_column column_width_percent=&#8221;100&#8243; position_vertical=&#8221;bottom&#8221; gutter_size=&#8221;3&#8243; overlay_alpha=&#8221;50&#8243; shift_x=&#8221;0&#8243; shift_y=&#8221;0&#8243; shift_y_down=&#8221;0&#8243; z_index=&#8221;0&#8243; medium_width=&#8221;0&#8243; mobile_width=&#8221;0&#8243; width=&#8221;1\/1&#8243;][vc_custom_heading text_color=&#8221;color-476022&#8243;]<\/p>\n<h2 style=\"text-align: left\"><span style=\"color: #ffcc00\">\u00a0 \u00a0 \u00a0 \u00a0 \u00a0 \u00a0 \u00a0 \u00a0 \u00a0 \u00a0 \u00a0 \u00a0 \u00a0 \u00a0 \u00a0 \u00a0 \u00a0 \u00a0 \u00a0 \u00a0 \u00a0 \u00a0 \u00a0 \u00a0 \u00a0 \u00a0 \u00a0 \u00a0 \u00a0 \u00a0 \u00a0<\/span><\/h2>\n<h2 style=\"text-align: left\"><span style=\"color: #ffcc00\"><strong>\u00a0 \u00a0 \u00a0 \u00a0 \u00a0 \u00a0 \u00a0 \u00a0 \u00a0 \u00a0 \u00a0 \u00a0 \u00a0 \u00a0 \u00a0 \u00a0 \u00a0 \u00a0 \u00a0 <span style=\"color: #ff6600\">\u00a0 \u00a0 \u00a0 \u00a0 \u00a0 \u00a0 \u00a0 \u00a0 \u00a0 \u00a0 \u00a0 \u00a0 \u00a0 \u00a0 \u00a0<span style=\"color: #ff9900\"> L<\/span><\/span><\/strong><\/span><span style=\"color: #ff9900\"><strong>ato z angielskim!<\/strong><\/span><\/h2>\n<p>[\/vc_custom_heading][\/vc_column][\/vc_row][vc_row row_height_percent=&#8221;0&#8243; overlay_alpha=&#8221;50&#8243; gutter_size=&#8221;3&#8243; column_width_percent=&#8221;100&#8243; shift_y=&#8221;0&#8243; z_index=&#8221;0&#8243;][vc_column column_width_percent=&#8221;85&#8243; gutter_size=&#8221;3&#8243; overlay_alpha=&#8221;50&#8243; shift_x=&#8221;0&#8243; shift_y=&#8221;0&#8243; shift_y_down=&#8221;0&#8243; z_index=&#8221;0&#8243; medium_width=&#8221;0&#8243; mobile_width=&#8221;0&#8243; width=&#8221;1\/2&#8243;][vc_custom_heading separator=&#8221;yes&#8221;]<\/p>\n<h5><span style=\"color: #003366\">Szukasz pomys\u0142u na aktywne lato? Doskonale!\u00a0<\/span><\/h5>\n<h5><span style=\"color: #003366\">Wakacyjne kursy intensywne s\u0105 w\u0142a\u015bnie dla Ciebie! <\/span><span style=\"color: #003366\">Wi\u0119cej angielskiego w kr\u00f3tszym czasie! <\/span><\/h5>\n<h5><span style=\"color: #003366\">Ci\u0105gle zbyt zaj\u0119ci, by solidnie si\u0119 przygotowa\u0107 i zda\u0107 <\/span><span style=\"color: #003366\">egzamin? Latem dni s\u0105 d\u0142u\u017csze!\u00a0<\/span><\/h5>\n<h5><span style=\"color: #003366\">Wyje\u017cdzasz? Nie szkodzi! Specjalnie dla Ciebie mamy r\u00f3wnie\u017c opcj\u0119 zaj\u0119\u0107 on-line!<\/span><\/h5>\n<h5><span style=\"color: #003366\">Sp\u0119d\u017a lato z angielskim. U nas zawsze \u015bwieci s\u0142o\u0144ce !<\/span><\/h5>\n<p>[\/vc_custom_heading][vc_single_image media=&#8221;5055&#8243; media_width_percent=&#8221;90&#8243; alignment=&#8221;center&#8221; shape=&#8221;img-circle&#8221; shadow=&#8221;yes&#8221; shadow_weight=&#8221;sm&#8221;][vc_column_text]<strong>J\u0119zykowe przyspieszenie (kursy intensywne, stacjonarnie lub on-line).<\/strong><\/p>\n<p>Twoje wakacyjne wyzwanie j\u0119zykowe! Czterotygodniowe zaj\u0119cia z naciskiem na konwersacj\u0119. Prze\u0142am si\u0119 i zacznij m\u00f3wi\u0107 po angielsku. Nie masz problemu z m\u00f3wieniem? \u015awietnie! Popracujmy razem nad swobod\u0105 i p\u0142ynno\u015bci\u0105 wypowiedzi! Nie zapomnimy te\u017c o s\u0142ownictwie i gramatyce. Z \u0142atwo\u015bci\u0105 przeskoczysz na wy\u017cszy poziom.\u00a0 A wszystko to w swobodnej, przyjaznej, letniej atmosferze.<\/p>\n<p>Terminy: 7 lipca \u2013 1 sierpnia, 4 &#8211; 29 sierpnia, 1 &#8211; 26 wrze\u015bnia<\/p>\n<p>Zaj\u0119cia od poniedzia\u0142ku do czwartku po 2 godziny lekcyjne, \u0142\u0105cznie 32 godziny lekcyjne<\/p>\n<p>Godziny zaj\u0119\u0107 stacjonarnych: 9.00 \u2013 10.30, 15.30 &#8211; 17.00 lub 17.15 \u2013 18.45<\/p>\n<p>Godziny zaje\u0107 on-line: 8.30 &#8211; 10.00, 16.15 &#8211; 17.45 lub 18.00 &#8211; 19.30<\/p>\n<p>Koszt: 900 z\u0142 (w przypadku zapisu na kr\u00f3tszy okres cena wyliczana jest proporcjonalnie)<\/p>\n<p>Aby si\u0119 zapisa\u0107 lub uzyska\u0107 wi\u0119cej informacji, napisz do nas: <a href=\"mailto:biurowroc@ih.com.pl\">biurowroc@ih.com.pl\u00a0<\/a>[\/vc_column_text][vc_column_text]<strong>Przygotowanie do egzaminu B2: First i C1: Advanced\u00a0<\/strong><\/p>\n<p>Czterotygodniowe powt\u00f3rkowe intensywne kursy on-line rozwijaj\u0105ce umiej\u0119tno\u015bci wymagane na egzaminie. Podczas zaj\u0119\u0107 poznasz strategie egzaminacyjne i rozwiniesz wszystkie sprawdzane umiej\u0119tno\u015bci, czyli m\u00f3wienie, s\u0142uchanie, czytanie i pisanie. Powt\u00f3rzysz te\u017c zagadnienia gramatyczne i s\u0142ownictwo. Kurs obejmuje 32 godziny lekcyjnych, zaj\u0119cia od poniedzia\u0142ku do czwartku po 2 godziny lekcyjne.<\/p>\n<p>Terminy: 7-31 lipca, 4-28 sieprnia, 1-26 wrze\u015bnia<\/p>\n<p>Cena: 950 z\u0142<\/p>\n<p>Godziny: 8:00 \u2013 9:30, 17.15 \u2013 18.45, 19.00 &#8211; 20.30<\/p>\n<p>Aby si\u0119 zapisa\u0107 lub uzyska\u0107 wi\u0119cej informacji, napisz do nas: <a href=\"mailto:biurowroc@ih.com.pl\">biurowroc@ih.com.pl\u00a0<\/a>[\/vc_column_text][vc_empty_space empty_h=&#8221;2&#8243;][vc_single_image media=&#8221;5049&#8243; media_width_percent=&#8221;90&#8243; alignment=&#8221;center&#8221; shape=&#8221;img-circle&#8221; shadow=&#8221;yes&#8221; shadow_weight=&#8221;sm&#8221;][\/vc_column][vc_column column_width_percent=&#8221;85&#8243; gutter_size=&#8221;3&#8243; overlay_alpha=&#8221;50&#8243; shift_x=&#8221;0&#8243; shift_y=&#8221;0&#8243; shift_y_down=&#8221;0&#8243; z_index=&#8221;0&#8243; medium_width=&#8221;0&#8243; mobile_width=&#8221;0&#8243; width=&#8221;1\/2&#8243;][vc_single_image media=&#8221;5057&#8243; media_width_percent=&#8221;90&#8243; shape=&#8221;img-circle&#8221;][vc_column_text]<span style=\"color: #003366\"><strong>Letnie warsztaty j\u0119zykowe <\/strong><\/span><span style=\"color: #003366\"><strong>dla dzieci i m\u0142odzie\u017cy\u00a0<\/strong><\/span><\/p>\n<p>Tygodniowe spotkania opartych o kreatywne zadania i projekty. Mn\u00f3stwo komunikacji i interakcji po angielsku.<\/p>\n<p>Zaj\u0119cia od poniedzia\u0142ku do pi\u0105tku, 10 godzin lekcyjnych kt\u00f3re min\u0105 tak szybko, jak d\u0142uga przerwa! \ud83d\ude42<\/p>\n<p>Terminy: 23 \u2013\u00a0 27 czerwca, 30 czerwca &#8211; 4 lipca, 7 &#8211; 11 lipca, 14 &#8211; 18 lipca, 21 &#8211; 25 lipca, 28 lipca &#8211; 1 sierpnia, 4- 8 sierpnia,\u00a0 25 &#8211; 19 sierpnia.<\/p>\n<p>Cena: 300z\u0142. Drugi i ka\u017cdy kolejny tydzie\u0144 275z\u0142.<\/p>\n<p>Godziny zaj\u0119\u0107: 10:30 \u2013 12:00 dzieci, 12.15 &#8211; 13.45 m\u0142odzie\u017c<\/p>\n<p>Aby si\u0119 zapisa\u0107 lub uzyska\u0107 wi\u0119cej informacji, napisz do nas: <a href=\"mailto:biurowroc@ih.com.pl\">biurowroc@ih.com.pl\u00a0<\/a>[\/vc_column_text][vc_single_image media=&#8221;5053&#8243; media_width_percent=&#8221;90&#8243; shape=&#8221;img-circle&#8221;][vc_column_text]<strong>KURSY BEZP\u0141ATNE<\/strong><\/p>\n<p>Bezp\u0142atne lekcje angielskiego oferowane s\u0105 na poziomach A2+\/B1 oraz B2 w cyklach dwutygodniowych. Zaj\u0119cia stacjonarne odbywaj\u0105 si\u0119 codziennie od poniedzia\u0142ku do pi\u0105tku od godziny 17.15 przez 90 do 120 minut.\u00a0 Terminy: 7 lipca &#8211; 1 sierpnia oraz 4 &#8211; 29 sierpnia.<\/p>\n<p>Zaj\u0119cia on-line odbywaj\u0105 si\u0119 sierpniu: 4 &#8211; 14 sierpnia poziom B2, 18 &#8211; 29 sierpnia poziom A2\/B1.<\/p>\n<p>Zaj\u0119cia prowadzone sa na potrzeby praktyk metodycznych na kursach dla nauczycieli angielskiego.<\/p>\n<p>Aby si\u0119 zapisa\u0107 lub uzyska\u0107 wi\u0119cej informacji, napisz do nas: <a href=\"mailto:biurowroc@ih.com.pl\">biurowroc@ih.com.pl\u00a0<\/a>[\/vc_column_text][vc_single_image media=&#8221;5051&#8243; media_width_percent=&#8221;100&#8243; shape=&#8221;img-circle&#8221;][vc_custom_heading text_color=&#8221;color-vyce&#8221;]<\/p>\n<h6 style=\"text-align: left\"><span style=\"color: #003366\">A mo\u017ce chcia\u0142by\u015b sprawdzi\u0107, jak wygl\u0105daj\u0105 u nas zaj\u0119cia indywidualne? Wakacje to \u015bwietny czas, by spr\u00f3bowa\u0107. Napisz do nas: <a style=\"color: #003366\" href=\"mailto:biurowroc@ih.com.pl\">biurowroc@ih.com.pl<\/a><\/span><\/h6>\n<h6 style=\"text-align: left\"><\/h6>\n<h6 style=\"text-align: right\"><\/h6>\n<p>[\/vc_custom_heading][\/vc_column][\/vc_row]<\/p>\n<\/div>","protected":false},"excerpt":{"rendered":"<p>[vc_row row_height_percent=&#8221;35&#8243; back_image=&#8221;4010&#8243; overlay_alpha=&#8221;0&#8243; gutter_size=&#8221;3&#8243; column_width_percent=&#8221;100&#8243; shift_y=&#8221;0&#8243; z_index=&#8221;0&#8243;][vc_column column_width_percent=&#8221;100&#8243; position_vertical=&#8221;bottom&#8221; gutter_size=&#8221;3&#8243; overlay_alpha=&#8221;50&#8243; shift_x=&#8221;0&#8243; shift_y=&#8221;0&#8243; shift_y_down=&#8221;0&#8243; z_index=&#8221;0&#8243; medium_width=&#8221;0&#8243; mobile_width=&#8221;0&#8243; width=&#8221;1\/1&#8243;][vc_custom_heading text_color=&#8221;color-476022&#8243;] [&hellip;]<\/p>\n","protected":false},"author":3,"featured_media":0,"parent":0,"menu_order":0,"comment_status":"closed","ping_status":"closed","template":"","meta":{"footnotes":""},"class_list":["post-1071","page","type-page","status-publish","hentry"],"yoast_head":"<!-- This site is optimized with the Yoast SEO plugin v26.8 - https:\/\/yoast.com\/product\/yoast-seo-wordpress\/ -->\n<title>WAKACJE Z ANGIELSKIM<\/title>\n<meta name=\"description\" content=\"Wakacje w mie\u015bcie? Wykorzystaj to! W letniej, swobodnej atmosferze lekko wskocz na kolejny poziom! Intensywne zaj\u0119cia dla doros\u0142ych, warsztaty dla dzieci i m\u0142odzie\u017cy.\" \/>\n<meta name=\"robots\" content=\"index, follow, max-snippet:-1, max-image-preview:large, max-video-preview:-1\" \/>\n<link rel=\"canonical\" href=\"https:\/\/www.ih.com.pl\/wroclaw\/ferie-z-angielskim\/\" \/>\n<meta property=\"og:locale\" content=\"pl_PL\" \/>\n<meta property=\"og:type\" content=\"article\" \/>\n<meta property=\"og:title\" content=\"WAKACJE Z ANGIELSKIM\" \/>\n<meta property=\"og:description\" content=\"Wakacje w mie\u015bcie? Wykorzystaj to! W letniej, swobodnej atmosferze lekko wskocz na kolejny poziom! Intensywne zaj\u0119cia dla doros\u0142ych, warsztaty dla dzieci i m\u0142odzie\u017cy.\" \/>\n<meta property=\"og:url\" content=\"https:\/\/www.ih.com.pl\/wroclaw\/ferie-z-angielskim\/\" \/>\n<meta property=\"og:site_name\" content=\"IH Wroc\u0142aw\" \/>\n<meta property=\"article:modified_time\" content=\"2025-07-15T14:10:09+00:00\" \/>\n<meta name=\"twitter:card\" content=\"summary_large_image\" \/>\n<meta name=\"twitter:label1\" content=\"Szacowany czas czytania\" \/>\n\t<meta name=\"twitter:data1\" content=\"4 minuty\" \/>\n<script type=\"application\/ld+json\" class=\"yoast-schema-graph\">{\"@context\":\"https:\/\/schema.org\",\"@graph\":[{\"@type\":\"WebPage\",\"@id\":\"https:\/\/www.ih.com.pl\/wroclaw\/ferie-z-angielskim\/\",\"url\":\"https:\/\/www.ih.com.pl\/wroclaw\/ferie-z-angielskim\/\",\"name\":\"WAKACJE Z ANGIELSKIM\",\"isPartOf\":{\"@id\":\"https:\/\/www.ih.com.pl\/wroclaw\/#website\"},\"datePublished\":\"2020-05-28T12:43:55+00:00\",\"dateModified\":\"2025-07-15T14:10:09+00:00\",\"description\":\"Wakacje w mie\u015bcie? Wykorzystaj to! W letniej, swobodnej atmosferze lekko wskocz na kolejny poziom! Intensywne zaj\u0119cia dla doros\u0142ych, warsztaty dla dzieci i m\u0142odzie\u017cy.\",\"breadcrumb\":{\"@id\":\"https:\/\/www.ih.com.pl\/wroclaw\/ferie-z-angielskim\/#breadcrumb\"},\"inLanguage\":\"pl-PL\",\"potentialAction\":[{\"@type\":\"ReadAction\",\"target\":[\"https:\/\/www.ih.com.pl\/wroclaw\/ferie-z-angielskim\/\"]}]},{\"@type\":\"BreadcrumbList\",\"@id\":\"https:\/\/www.ih.com.pl\/wroclaw\/ferie-z-angielskim\/#breadcrumb\",\"itemListElement\":[{\"@type\":\"ListItem\",\"position\":1,\"name\":\"Strona g\u0142\u00f3wna\",\"item\":\"https:\/\/www.ih.com.pl\/wroclaw\/\"},{\"@type\":\"ListItem\",\"position\":2,\"name\":\"LATO IH &#8211; angielski dla m\u0142odzie\u017cy i doros\u0142ych\"}]},{\"@type\":\"WebSite\",\"@id\":\"https:\/\/www.ih.com.pl\/wroclaw\/#website\",\"url\":\"https:\/\/www.ih.com.pl\/wroclaw\/\",\"name\":\"IH Wroc\u0142aw\",\"description\":\"\",\"potentialAction\":[{\"@type\":\"SearchAction\",\"target\":{\"@type\":\"EntryPoint\",\"urlTemplate\":\"https:\/\/www.ih.com.pl\/wroclaw\/?s={search_term_string}\"},\"query-input\":{\"@type\":\"PropertyValueSpecification\",\"valueRequired\":true,\"valueName\":\"search_term_string\"}}],\"inLanguage\":\"pl-PL\"}]}<\/script>\n<!-- \/ Yoast SEO plugin. -->","yoast_head_json":{"title":"WAKACJE Z ANGIELSKIM","description":"Wakacje w mie\u015bcie? Wykorzystaj to! W letniej, swobodnej atmosferze lekko wskocz na kolejny poziom! Intensywne zaj\u0119cia dla doros\u0142ych, warsztaty dla dzieci i m\u0142odzie\u017cy.","robots":{"index":"index","follow":"follow","max-snippet":"max-snippet:-1","max-image-preview":"max-image-preview:large","max-video-preview":"max-video-preview:-1"},"canonical":"https:\/\/www.ih.com.pl\/wroclaw\/ferie-z-angielskim\/","og_locale":"pl_PL","og_type":"article","og_title":"WAKACJE Z ANGIELSKIM","og_description":"Wakacje w mie\u015bcie? Wykorzystaj to! W letniej, swobodnej atmosferze lekko wskocz na kolejny poziom! Intensywne zaj\u0119cia dla doros\u0142ych, warsztaty dla dzieci i m\u0142odzie\u017cy.","og_url":"https:\/\/www.ih.com.pl\/wroclaw\/ferie-z-angielskim\/","og_site_name":"IH Wroc\u0142aw","article_modified_time":"2025-07-15T14:10:09+00:00","twitter_card":"summary_large_image","twitter_misc":{"Szacowany czas czytania":"4 minuty"},"schema":{"@context":"https:\/\/schema.org","@graph":[{"@type":"WebPage","@id":"https:\/\/www.ih.com.pl\/wroclaw\/ferie-z-angielskim\/","url":"https:\/\/www.ih.com.pl\/wroclaw\/ferie-z-angielskim\/","name":"WAKACJE Z ANGIELSKIM","isPartOf":{"@id":"https:\/\/www.ih.com.pl\/wroclaw\/#website"},"datePublished":"2020-05-28T12:43:55+00:00","dateModified":"2025-07-15T14:10:09+00:00","description":"Wakacje w mie\u015bcie? Wykorzystaj to! W letniej, swobodnej atmosferze lekko wskocz na kolejny poziom! Intensywne zaj\u0119cia dla doros\u0142ych, warsztaty dla dzieci i m\u0142odzie\u017cy.","breadcrumb":{"@id":"https:\/\/www.ih.com.pl\/wroclaw\/ferie-z-angielskim\/#breadcrumb"},"inLanguage":"pl-PL","potentialAction":[{"@type":"ReadAction","target":["https:\/\/www.ih.com.pl\/wroclaw\/ferie-z-angielskim\/"]}]},{"@type":"BreadcrumbList","@id":"https:\/\/www.ih.com.pl\/wroclaw\/ferie-z-angielskim\/#breadcrumb","itemListElement":[{"@type":"ListItem","position":1,"name":"Strona g\u0142\u00f3wna","item":"https:\/\/www.ih.com.pl\/wroclaw\/"},{"@type":"ListItem","position":2,"name":"LATO IH &#8211; angielski dla m\u0142odzie\u017cy i doros\u0142ych"}]},{"@type":"WebSite","@id":"https:\/\/www.ih.com.pl\/wroclaw\/#website","url":"https:\/\/www.ih.com.pl\/wroclaw\/","name":"IH Wroc\u0142aw","description":"","potentialAction":[{"@type":"SearchAction","target":{"@type":"EntryPoint","urlTemplate":"https:\/\/www.ih.com.pl\/wroclaw\/?s={search_term_string}"},"query-input":{"@type":"PropertyValueSpecification","valueRequired":true,"valueName":"search_term_string"}}],"inLanguage":"pl-PL"}]}},"_links":{"self":[{"href":"https:\/\/www.ih.com.pl\/wroclaw\/wp-json\/wp\/v2\/pages\/1071","targetHints":{"allow":["GET"]}}],"collection":[{"href":"https:\/\/www.ih.com.pl\/wroclaw\/wp-json\/wp\/v2\/pages"}],"about":[{"href":"https:\/\/www.ih.com.pl\/wroclaw\/wp-json\/wp\/v2\/types\/page"}],"author":[{"embeddable":true,"href":"https:\/\/www.ih.com.pl\/wroclaw\/wp-json\/wp\/v2\/users\/3"}],"replies":[{"embeddable":true,"href":"https:\/\/www.ih.com.pl\/wroclaw\/wp-json\/wp\/v2\/comments?post=1071"}],"version-history":[{"count":386,"href":"https:\/\/www.ih.com.pl\/wroclaw\/wp-json\/wp\/v2\/pages\/1071\/revisions"}],"predecessor-version":[{"id":5269,"href":"https:\/\/www.ih.com.pl\/wroclaw\/wp-json\/wp\/v2\/pages\/1071\/revisions\/5269"}],"wp:attachment":[{"href":"https:\/\/www.ih.com.pl\/wroclaw\/wp-json\/wp\/v2\/media?parent=1071"}],"curies":[{"name":"wp","href":"https:\/\/api.w.org\/{rel}","templated":true}]}}