{"id":1463,"date":"2020-08-21T14:17:31","date_gmt":"2020-08-21T12:17:31","guid":{"rendered":"https:\/\/www.ih.com.pl\/wroclaw\/?page_id=1463"},"modified":"2020-08-21T14:22:17","modified_gmt":"2020-08-21T12:22:17","slug":"szkola-on-line","status":"publish","type":"page","link":"https:\/\/www.ih.com.pl\/wroclaw\/szkola-on-line\/","title":{"rendered":"Szko\u0142a on-line"},"content":{"rendered":"<div class=\"wpb-content-wrapper\"><p>[vc_row][vc_column width=&#8221;1\/2&#8243;][vc_column_text]Teraz masz wyb\u00f3r! Pr\u00f3cz tradycyjnych zaj\u0119\u0107 stacjonarnych prowadzimy r\u00f3wnoleg\u0142e kursy on-line we wszystkich grupach wiekowych i na wszystkich poziomach zaawansowania. Korzystamy z platformy Zoom. Je\u015bli spodoba\u0142a Ci si\u0119 ta forma zaj\u0119\u0107, mo\u017cesz tak uczy\u0107 si\u0119 na sta\u0142e. Jest to te\u017c doskona\u0142a opcja dla os\u00f3b, kt\u00f3re chc\u0105 zaoszcz\u0119dzi\u0107 czas potrzebny na dojazd do szko\u0142y lub mieszkaj\u0105 poza Wroc\u0142awiem. Gdziekolwiek mieszkasz, mo\u017cesz teraz uczy\u0107 si\u0119 u najlepszych!<\/p>\n<p>&nbsp;<\/p>\n<p>Szczeg\u00f3\u0142y dotycz\u0105ce grup wiekowych i opisy poziom\u00f3w zaawansowania oraz rodzaj\u00f3w kurs\u00f3w mo\u017cna znale\u017a\u0107 w zak\u0142adce dotycz\u0105cej kurs\u00f3w stacjonarnych. Kursy r\u00f3\u017cni\u0105 si\u0119 tylko sposobem kontaktu z lektorem i innymi uczestnikami zaj\u0119\u0107 \u2013 osobistym lub on-line.[\/vc_column_text][\/vc_column][vc_column width=&#8221;1\/2&#8243;][vc_gallery el_id=&#8221;gallery-140140&#8243; isotope_mode=&#8221;fitRows&#8221; medias=&#8221;1406,1106,961,964&#8243; explode_albums=&#8221;yes&#8221; gutter_size=&#8221;3&#8243; screen_lg=&#8221;1000&#8243; screen_md=&#8221;600&#8243; screen_sm=&#8221;480&#8243; single_overlay_opacity=&#8221;50&#8243; single_padding=&#8221;2&#8243;][\/vc_column][\/vc_row]<\/p>\n<\/div>","protected":false},"excerpt":{"rendered":"<p>[vc_row][vc_column width=&#8221;1\/2&#8243;][vc_column_text]Teraz masz wyb\u00f3r! Pr\u00f3cz tradycyjnych zaj\u0119\u0107 stacjonarnych prowadzimy r\u00f3wnoleg\u0142e kursy on-line we wszystkich grupach wiekowych i na wszystkich poziomach [&hellip;]<\/p>\n","protected":false},"author":3,"featured_media":0,"parent":0,"menu_order":0,"comment_status":"closed","ping_status":"closed","template":"","meta":{"footnotes":""},"class_list":["post-1463","page","type-page","status-publish","hentry"],"yoast_head":"<!-- This site is optimized with the Yoast SEO plugin v26.8 - https:\/\/yoast.com\/product\/yoast-seo-wordpress\/ -->\n<title>Szko\u0142a on-line - IH Wroc\u0142aw<\/title>\n<meta name=\"robots\" content=\"index, follow, max-snippet:-1, max-image-preview:large, max-video-preview:-1\" \/>\n<link rel=\"canonical\" href=\"https:\/\/www.ih.com.pl\/wroclaw\/szkola-on-line\/\" \/>\n<meta property=\"og:locale\" content=\"pl_PL\" \/>\n<meta property=\"og:type\" content=\"article\" \/>\n<meta property=\"og:title\" content=\"Szko\u0142a on-line - IH Wroc\u0142aw\" \/>\n<meta property=\"og:description\" content=\"[vc_row][vc_column width=&#8221;1\/2&#8243;][vc_column_text]Teraz masz wyb\u00f3r! Pr\u00f3cz tradycyjnych zaj\u0119\u0107 stacjonarnych prowadzimy r\u00f3wnoleg\u0142e kursy on-line we wszystkich grupach wiekowych i na wszystkich poziomach [&hellip;]\" \/>\n<meta property=\"og:url\" content=\"https:\/\/www.ih.com.pl\/wroclaw\/szkola-on-line\/\" \/>\n<meta property=\"og:site_name\" content=\"IH Wroc\u0142aw\" \/>\n<meta property=\"article:modified_time\" content=\"2020-08-21T12:22:17+00:00\" \/>\n<meta name=\"twitter:card\" content=\"summary_large_image\" \/>\n<meta name=\"twitter:label1\" content=\"Szacowany czas czytania\" \/>\n\t<meta name=\"twitter:data1\" content=\"1 minuta\" \/>\n<script type=\"application\/ld+json\" class=\"yoast-schema-graph\">{\"@context\":\"https:\/\/schema.org\",\"@graph\":[{\"@type\":\"WebPage\",\"@id\":\"https:\/\/www.ih.com.pl\/wroclaw\/szkola-on-line\/\",\"url\":\"https:\/\/www.ih.com.pl\/wroclaw\/szkola-on-line\/\",\"name\":\"Szko\u0142a on-line - IH Wroc\u0142aw\",\"isPartOf\":{\"@id\":\"https:\/\/www.ih.com.pl\/wroclaw\/#website\"},\"datePublished\":\"2020-08-21T12:17:31+00:00\",\"dateModified\":\"2020-08-21T12:22:17+00:00\",\"breadcrumb\":{\"@id\":\"https:\/\/www.ih.com.pl\/wroclaw\/szkola-on-line\/#breadcrumb\"},\"inLanguage\":\"pl-PL\",\"potentialAction\":[{\"@type\":\"ReadAction\",\"target\":[\"https:\/\/www.ih.com.pl\/wroclaw\/szkola-on-line\/\"]}]},{\"@type\":\"BreadcrumbList\",\"@id\":\"https:\/\/www.ih.com.pl\/wroclaw\/szkola-on-line\/#breadcrumb\",\"itemListElement\":[{\"@type\":\"ListItem\",\"position\":1,\"name\":\"Strona g\u0142\u00f3wna\",\"item\":\"https:\/\/www.ih.com.pl\/wroclaw\/\"},{\"@type\":\"ListItem\",\"position\":2,\"name\":\"Szko\u0142a on-line\"}]},{\"@type\":\"WebSite\",\"@id\":\"https:\/\/www.ih.com.pl\/wroclaw\/#website\",\"url\":\"https:\/\/www.ih.com.pl\/wroclaw\/\",\"name\":\"IH Wroc\u0142aw\",\"description\":\"\",\"potentialAction\":[{\"@type\":\"SearchAction\",\"target\":{\"@type\":\"EntryPoint\",\"urlTemplate\":\"https:\/\/www.ih.com.pl\/wroclaw\/?s={search_term_string}\"},\"query-input\":{\"@type\":\"PropertyValueSpecification\",\"valueRequired\":true,\"valueName\":\"search_term_string\"}}],\"inLanguage\":\"pl-PL\"}]}<\/script>\n<!-- \/ Yoast SEO plugin. -->","yoast_head_json":{"title":"Szko\u0142a on-line - IH Wroc\u0142aw","robots":{"index":"index","follow":"follow","max-snippet":"max-snippet:-1","max-image-preview":"max-image-preview:large","max-video-preview":"max-video-preview:-1"},"canonical":"https:\/\/www.ih.com.pl\/wroclaw\/szkola-on-line\/","og_locale":"pl_PL","og_type":"article","og_title":"Szko\u0142a on-line - IH Wroc\u0142aw","og_description":"[vc_row][vc_column width=&#8221;1\/2&#8243;][vc_column_text]Teraz masz wyb\u00f3r! Pr\u00f3cz tradycyjnych zaj\u0119\u0107 stacjonarnych prowadzimy r\u00f3wnoleg\u0142e kursy on-line we wszystkich grupach wiekowych i na wszystkich poziomach [&hellip;]","og_url":"https:\/\/www.ih.com.pl\/wroclaw\/szkola-on-line\/","og_site_name":"IH Wroc\u0142aw","article_modified_time":"2020-08-21T12:22:17+00:00","twitter_card":"summary_large_image","twitter_misc":{"Szacowany czas czytania":"1 minuta"},"schema":{"@context":"https:\/\/schema.org","@graph":[{"@type":"WebPage","@id":"https:\/\/www.ih.com.pl\/wroclaw\/szkola-on-line\/","url":"https:\/\/www.ih.com.pl\/wroclaw\/szkola-on-line\/","name":"Szko\u0142a on-line - IH Wroc\u0142aw","isPartOf":{"@id":"https:\/\/www.ih.com.pl\/wroclaw\/#website"},"datePublished":"2020-08-21T12:17:31+00:00","dateModified":"2020-08-21T12:22:17+00:00","breadcrumb":{"@id":"https:\/\/www.ih.com.pl\/wroclaw\/szkola-on-line\/#breadcrumb"},"inLanguage":"pl-PL","potentialAction":[{"@type":"ReadAction","target":["https:\/\/www.ih.com.pl\/wroclaw\/szkola-on-line\/"]}]},{"@type":"BreadcrumbList","@id":"https:\/\/www.ih.com.pl\/wroclaw\/szkola-on-line\/#breadcrumb","itemListElement":[{"@type":"ListItem","position":1,"name":"Strona g\u0142\u00f3wna","item":"https:\/\/www.ih.com.pl\/wroclaw\/"},{"@type":"ListItem","position":2,"name":"Szko\u0142a on-line"}]},{"@type":"WebSite","@id":"https:\/\/www.ih.com.pl\/wroclaw\/#website","url":"https:\/\/www.ih.com.pl\/wroclaw\/","name":"IH Wroc\u0142aw","description":"","potentialAction":[{"@type":"SearchAction","target":{"@type":"EntryPoint","urlTemplate":"https:\/\/www.ih.com.pl\/wroclaw\/?s={search_term_string}"},"query-input":{"@type":"PropertyValueSpecification","valueRequired":true,"valueName":"search_term_string"}}],"inLanguage":"pl-PL"}]}},"_links":{"self":[{"href":"https:\/\/www.ih.com.pl\/wroclaw\/wp-json\/wp\/v2\/pages\/1463","targetHints":{"allow":["GET"]}}],"collection":[{"href":"https:\/\/www.ih.com.pl\/wroclaw\/wp-json\/wp\/v2\/pages"}],"about":[{"href":"https:\/\/www.ih.com.pl\/wroclaw\/wp-json\/wp\/v2\/types\/page"}],"author":[{"embeddable":true,"href":"https:\/\/www.ih.com.pl\/wroclaw\/wp-json\/wp\/v2\/users\/3"}],"replies":[{"embeddable":true,"href":"https:\/\/www.ih.com.pl\/wroclaw\/wp-json\/wp\/v2\/comments?post=1463"}],"version-history":[{"count":7,"href":"https:\/\/www.ih.com.pl\/wroclaw\/wp-json\/wp\/v2\/pages\/1463\/revisions"}],"predecessor-version":[{"id":1470,"href":"https:\/\/www.ih.com.pl\/wroclaw\/wp-json\/wp\/v2\/pages\/1463\/revisions\/1470"}],"wp:attachment":[{"href":"https:\/\/www.ih.com.pl\/wroclaw\/wp-json\/wp\/v2\/media?parent=1463"}],"curies":[{"name":"wp","href":"https:\/\/api.w.org\/{rel}","templated":true}]}}