{"id":2524,"date":"2022-08-29T16:21:36","date_gmt":"2022-08-29T14:21:36","guid":{"rendered":"https:\/\/www.ih.com.pl\/wroclaw\/?page_id=2524"},"modified":"2022-09-07T13:00:06","modified_gmt":"2022-09-07T11:00:06","slug":"lekcje-pokazowe","status":"publish","type":"page","link":"https:\/\/www.ih.com.pl\/wroclaw\/lekcje-pokazowe\/","title":{"rendered":"Lekcje Pokazowe"},"content":{"rendered":"<div class=\"wpb-content-wrapper\"><p>[vc_row][vc_column width=&#8221;1\/1&#8243;][vc_custom_heading]Lekcje pokazowe dla dzieci i m\u0142odzie\u017cy[\/vc_custom_heading][vc_column_text]<span class=\"font-555555\">Zale\u017cy Ci, by Twoje dziecko \u015bwietnie zna\u0142o angielski? Chcesz wybra\u0107 dobr\u0105 szko\u0142\u0119, ale nie mo\u017cesz si\u0119 zdecydowa\u0107? U\u0142atwimy Ci to &#8211; po prostu nas sprawd\u017a! Zobaczysz, \u017ce Twoje dziecko na angielski mo\u017ce chodzi\u0107 z rado\u015bci\u0105!<\/span>[\/vc_column_text][\/vc_column][\/vc_row][vc_row row_height_percent=&#8221;0&#8243; overlay_alpha=&#8221;50&#8243; gutter_size=&#8221;3&#8243; column_width_percent=&#8221;100&#8243; shift_y=&#8221;0&#8243; z_index=&#8221;0&#8243;][vc_column width=&#8221;1\/2&#8243;][vc_button border_width=&#8221;0&#8243; link=&#8221;url:https%3A%2F%2Fdocs.google.com%2Fforms%2Fd%2F1Oz5zmHormIG2TrdkRCIX6z-3NqniMagQC7lQmVPneK0%2Fviewform%3Fedit_requested%3Dtrue|||&#8221;]Rezerwuj\u0119 miejsce na lekcji pr\u00f3bnej![\/vc_button][\/vc_column][\/vc_row][vc_row][vc_column width=&#8221;1\/1&#8243;][vc_custom_heading]Lekcje pokazowe dla doros\u0142ych[\/vc_custom_heading][\/vc_column][\/vc_row][vc_row][vc_column width=&#8221;1\/1&#8243;][vc_column_text]Wiemy, \u017ce nikt nie lubi kupowa\u0107 kota w worku. Dlatego zapraszamy Was na lekcje pokazowe. Poznacie naszych nauczycieli i zobaczycie, jak wygl\u0105daj\u0105 zaj\u0119cia. Gwarantujemy, \u017ce si\u0119 Wam spodoba!\u00a0\u00a0Nie zwlekaj z rezerwacj\u0105, bo liczba miejsc jest ograniczona![\/vc_column_text][vc_button border_width=&#8221;0&#8243; link=&#8221;url:https%3A%2F%2Fdocs.google.com%2Fforms%2Fd%2F19lmWNrM-Y7cBejDB9AgWOTAZiClKWqXY6oXSHEr5IuA%2Fviewform%3Fedit_requested%3Dtrue%26fbclid%3DIwAR1ODzbpyHjI-F3_OKfWhX_cu6OlL4mHdplsFuN7QLvBHQxLSAWy3T5k3-8|||&#8221;]Rezerwuj\u0119 miejsce na lekcji pr\u00f3bnej![\/vc_button][\/vc_column][\/vc_row]<\/p>\n<\/div>","protected":false},"excerpt":{"rendered":"<p>[vc_row][vc_column width=&#8221;1\/1&#8243;][vc_custom_heading]Lekcje pokazowe dla dzieci i m\u0142odzie\u017cy[\/vc_custom_heading][vc_column_text]Zale\u017cy Ci, by Twoje dziecko \u015bwietnie zna\u0142o angielski? Chcesz wybra\u0107 dobr\u0105 szko\u0142\u0119, ale nie [&hellip;]<\/p>\n","protected":false},"author":3,"featured_media":0,"parent":0,"menu_order":0,"comment_status":"closed","ping_status":"closed","template":"","meta":{"footnotes":""},"class_list":["post-2524","page","type-page","status-publish","hentry"],"yoast_head":"<!-- This site is optimized with the Yoast SEO plugin v26.8 - https:\/\/yoast.com\/product\/yoast-seo-wordpress\/ -->\n<title>Lekcje Pokazowe - IH Wroc\u0142aw<\/title>\n<meta name=\"description\" content=\"Wiemy, \u017ce nikt nie lubi kupowa\u0107 kota w worku. Dlatego zapraszamy Was na lekcje pokazowe. Poznacie naszych nauczycieli i zobaczycie, jak wygl\u0105daj\u0105 zaj\u0119cia. Gwarantujemy, \u017ce si\u0119 Wam spodoba!\u00a0\u00a0Nie zwlekaj z rezerwacj\u0105, bo liczba miejsc jest ograniczona!\" \/>\n<meta name=\"robots\" content=\"index, follow, max-snippet:-1, max-image-preview:large, max-video-preview:-1\" \/>\n<link rel=\"canonical\" href=\"https:\/\/www.ih.com.pl\/wroclaw\/lekcje-pokazowe\/\" \/>\n<meta property=\"og:locale\" content=\"pl_PL\" \/>\n<meta property=\"og:type\" content=\"article\" \/>\n<meta property=\"og:title\" content=\"Lekcje Pokazowe - IH Wroc\u0142aw\" \/>\n<meta property=\"og:description\" content=\"Wiemy, \u017ce nikt nie lubi kupowa\u0107 kota w worku. Dlatego zapraszamy Was na lekcje pokazowe. Poznacie naszych nauczycieli i zobaczycie, jak wygl\u0105daj\u0105 zaj\u0119cia. Gwarantujemy, \u017ce si\u0119 Wam spodoba!\u00a0\u00a0Nie zwlekaj z rezerwacj\u0105, bo liczba miejsc jest ograniczona!\" \/>\n<meta property=\"og:url\" content=\"https:\/\/www.ih.com.pl\/wroclaw\/lekcje-pokazowe\/\" \/>\n<meta property=\"og:site_name\" content=\"IH Wroc\u0142aw\" \/>\n<meta property=\"article:modified_time\" content=\"2022-09-07T11:00:06+00:00\" \/>\n<meta name=\"twitter:card\" content=\"summary_large_image\" \/>\n<meta name=\"twitter:label1\" content=\"Szacowany czas czytania\" \/>\n\t<meta name=\"twitter:data1\" content=\"1 minuta\" \/>\n<script type=\"application\/ld+json\" class=\"yoast-schema-graph\">{\"@context\":\"https:\/\/schema.org\",\"@graph\":[{\"@type\":\"WebPage\",\"@id\":\"https:\/\/www.ih.com.pl\/wroclaw\/lekcje-pokazowe\/\",\"url\":\"https:\/\/www.ih.com.pl\/wroclaw\/lekcje-pokazowe\/\",\"name\":\"Lekcje Pokazowe - IH Wroc\u0142aw\",\"isPartOf\":{\"@id\":\"https:\/\/www.ih.com.pl\/wroclaw\/#website\"},\"datePublished\":\"2022-08-29T14:21:36+00:00\",\"dateModified\":\"2022-09-07T11:00:06+00:00\",\"description\":\"Wiemy, \u017ce nikt nie lubi kupowa\u0107 kota w worku. Dlatego zapraszamy Was na lekcje pokazowe. Poznacie naszych nauczycieli i zobaczycie, jak wygl\u0105daj\u0105 zaj\u0119cia. Gwarantujemy, \u017ce si\u0119 Wam spodoba!\u00a0\u00a0Nie zwlekaj z rezerwacj\u0105, bo liczba miejsc jest ograniczona!\",\"breadcrumb\":{\"@id\":\"https:\/\/www.ih.com.pl\/wroclaw\/lekcje-pokazowe\/#breadcrumb\"},\"inLanguage\":\"pl-PL\",\"potentialAction\":[{\"@type\":\"ReadAction\",\"target\":[\"https:\/\/www.ih.com.pl\/wroclaw\/lekcje-pokazowe\/\"]}]},{\"@type\":\"BreadcrumbList\",\"@id\":\"https:\/\/www.ih.com.pl\/wroclaw\/lekcje-pokazowe\/#breadcrumb\",\"itemListElement\":[{\"@type\":\"ListItem\",\"position\":1,\"name\":\"Strona g\u0142\u00f3wna\",\"item\":\"https:\/\/www.ih.com.pl\/wroclaw\/\"},{\"@type\":\"ListItem\",\"position\":2,\"name\":\"Lekcje Pokazowe\"}]},{\"@type\":\"WebSite\",\"@id\":\"https:\/\/www.ih.com.pl\/wroclaw\/#website\",\"url\":\"https:\/\/www.ih.com.pl\/wroclaw\/\",\"name\":\"IH Wroc\u0142aw\",\"description\":\"\",\"potentialAction\":[{\"@type\":\"SearchAction\",\"target\":{\"@type\":\"EntryPoint\",\"urlTemplate\":\"https:\/\/www.ih.com.pl\/wroclaw\/?s={search_term_string}\"},\"query-input\":{\"@type\":\"PropertyValueSpecification\",\"valueRequired\":true,\"valueName\":\"search_term_string\"}}],\"inLanguage\":\"pl-PL\"}]}<\/script>\n<!-- \/ Yoast SEO plugin. -->","yoast_head_json":{"title":"Lekcje Pokazowe - IH Wroc\u0142aw","description":"Wiemy, \u017ce nikt nie lubi kupowa\u0107 kota w worku. Dlatego zapraszamy Was na lekcje pokazowe. Poznacie naszych nauczycieli i zobaczycie, jak wygl\u0105daj\u0105 zaj\u0119cia. Gwarantujemy, \u017ce si\u0119 Wam spodoba!\u00a0\u00a0Nie zwlekaj z rezerwacj\u0105, bo liczba miejsc jest ograniczona!","robots":{"index":"index","follow":"follow","max-snippet":"max-snippet:-1","max-image-preview":"max-image-preview:large","max-video-preview":"max-video-preview:-1"},"canonical":"https:\/\/www.ih.com.pl\/wroclaw\/lekcje-pokazowe\/","og_locale":"pl_PL","og_type":"article","og_title":"Lekcje Pokazowe - IH Wroc\u0142aw","og_description":"Wiemy, \u017ce nikt nie lubi kupowa\u0107 kota w worku. Dlatego zapraszamy Was na lekcje pokazowe. Poznacie naszych nauczycieli i zobaczycie, jak wygl\u0105daj\u0105 zaj\u0119cia. Gwarantujemy, \u017ce si\u0119 Wam spodoba!\u00a0\u00a0Nie zwlekaj z rezerwacj\u0105, bo liczba miejsc jest ograniczona!","og_url":"https:\/\/www.ih.com.pl\/wroclaw\/lekcje-pokazowe\/","og_site_name":"IH Wroc\u0142aw","article_modified_time":"2022-09-07T11:00:06+00:00","twitter_card":"summary_large_image","twitter_misc":{"Szacowany czas czytania":"1 minuta"},"schema":{"@context":"https:\/\/schema.org","@graph":[{"@type":"WebPage","@id":"https:\/\/www.ih.com.pl\/wroclaw\/lekcje-pokazowe\/","url":"https:\/\/www.ih.com.pl\/wroclaw\/lekcje-pokazowe\/","name":"Lekcje Pokazowe - IH Wroc\u0142aw","isPartOf":{"@id":"https:\/\/www.ih.com.pl\/wroclaw\/#website"},"datePublished":"2022-08-29T14:21:36+00:00","dateModified":"2022-09-07T11:00:06+00:00","description":"Wiemy, \u017ce nikt nie lubi kupowa\u0107 kota w worku. Dlatego zapraszamy Was na lekcje pokazowe. Poznacie naszych nauczycieli i zobaczycie, jak wygl\u0105daj\u0105 zaj\u0119cia. Gwarantujemy, \u017ce si\u0119 Wam spodoba!\u00a0\u00a0Nie zwlekaj z rezerwacj\u0105, bo liczba miejsc jest ograniczona!","breadcrumb":{"@id":"https:\/\/www.ih.com.pl\/wroclaw\/lekcje-pokazowe\/#breadcrumb"},"inLanguage":"pl-PL","potentialAction":[{"@type":"ReadAction","target":["https:\/\/www.ih.com.pl\/wroclaw\/lekcje-pokazowe\/"]}]},{"@type":"BreadcrumbList","@id":"https:\/\/www.ih.com.pl\/wroclaw\/lekcje-pokazowe\/#breadcrumb","itemListElement":[{"@type":"ListItem","position":1,"name":"Strona g\u0142\u00f3wna","item":"https:\/\/www.ih.com.pl\/wroclaw\/"},{"@type":"ListItem","position":2,"name":"Lekcje Pokazowe"}]},{"@type":"WebSite","@id":"https:\/\/www.ih.com.pl\/wroclaw\/#website","url":"https:\/\/www.ih.com.pl\/wroclaw\/","name":"IH Wroc\u0142aw","description":"","potentialAction":[{"@type":"SearchAction","target":{"@type":"EntryPoint","urlTemplate":"https:\/\/www.ih.com.pl\/wroclaw\/?s={search_term_string}"},"query-input":{"@type":"PropertyValueSpecification","valueRequired":true,"valueName":"search_term_string"}}],"inLanguage":"pl-PL"}]}},"_links":{"self":[{"href":"https:\/\/www.ih.com.pl\/wroclaw\/wp-json\/wp\/v2\/pages\/2524","targetHints":{"allow":["GET"]}}],"collection":[{"href":"https:\/\/www.ih.com.pl\/wroclaw\/wp-json\/wp\/v2\/pages"}],"about":[{"href":"https:\/\/www.ih.com.pl\/wroclaw\/wp-json\/wp\/v2\/types\/page"}],"author":[{"embeddable":true,"href":"https:\/\/www.ih.com.pl\/wroclaw\/wp-json\/wp\/v2\/users\/3"}],"replies":[{"embeddable":true,"href":"https:\/\/www.ih.com.pl\/wroclaw\/wp-json\/wp\/v2\/comments?post=2524"}],"version-history":[{"count":22,"href":"https:\/\/www.ih.com.pl\/wroclaw\/wp-json\/wp\/v2\/pages\/2524\/revisions"}],"predecessor-version":[{"id":2594,"href":"https:\/\/www.ih.com.pl\/wroclaw\/wp-json\/wp\/v2\/pages\/2524\/revisions\/2594"}],"wp:attachment":[{"href":"https:\/\/www.ih.com.pl\/wroclaw\/wp-json\/wp\/v2\/media?parent=2524"}],"curies":[{"name":"wp","href":"https:\/\/api.w.org\/{rel}","templated":true}]}}