{"id":286,"date":"2020-01-24T08:34:51","date_gmt":"2020-01-24T07:34:51","guid":{"rendered":"https:\/\/ih.wizjanet.pl\/wroclaw\/?page_id=286"},"modified":"2020-01-24T08:39:35","modified_gmt":"2020-01-24T07:39:35","slug":"uzyteczne-linki","status":"publish","type":"page","link":"https:\/\/www.ih.com.pl\/wroclaw\/uzyteczne-linki\/","title":{"rendered":"U\u017cyteczne linki"},"content":{"rendered":"<div class=\"wpb-content-wrapper\"><p>[vc_row][vc_column width=&#8221;1\/1&#8243;][vc_custom_heading]U\u017cyteczne linki[\/vc_custom_heading][vc_column_text]Poni\u017cej prezentujemy linki do kilku u\u017cytecznych stron internetowych zwi\u0105zanych za egzaminami Cambridge English:[\/vc_column_text][vc_row_inner][vc_column_inner column_width_percent=&#8221;100&#8243; align_horizontal=&#8221;align_center&#8221; gutter_size=&#8221;3&#8243; overlay_alpha=&#8221;50&#8243; shift_x=&#8221;0&#8243; shift_y=&#8221;0&#8243; shift_y_down=&#8221;0&#8243; z_index=&#8221;0&#8243; medium_width=&#8221;0&#8243; mobile_width=&#8221;0&#8243; width=&#8221;1\/3&#8243;][vc_single_image media=&#8221;290&#8243; media_width_percent=&#8221;100&#8243; media_link=&#8221;url:http%3A%2F%2Fwww.cambridgeenglish.org%2Fpl%2Flearning-english%2Finformation-for-students%2F||target:%20_blank|&#8221;][vc_column_text]Wszystkie przydatne materia\u0142y dla kandydat\u00f3w w jednym miejscu: lekcje video, przyk\u0142adowe testy, praktyczne wskaz\u00f3wki oraz materia\u0142y dodatkowe.[\/vc_column_text][\/vc_column_inner][vc_column_inner column_width_percent=&#8221;100&#8243; align_horizontal=&#8221;align_center&#8221; gutter_size=&#8221;3&#8243; overlay_alpha=&#8221;50&#8243; shift_x=&#8221;0&#8243; shift_y=&#8221;0&#8243; shift_y_down=&#8221;0&#8243; z_index=&#8221;0&#8243; medium_width=&#8221;0&#8243; mobile_width=&#8221;0&#8243; width=&#8221;1\/3&#8243;][vc_single_image media=&#8221;288&#8243; media_width_percent=&#8221;100&#8243; media_link=&#8221;url:http%3A%2F%2Fwww.cambridgeenglish.org%2Fpl%2Flearning-english%2Finformation-for-students%2Flearn-with-matt%2F||target:%20_blank|&#8221;][vc_column_text]Seria kr\u00f3kich lekcji z lektorem, kt\u00f3ry poprzez praktyczne rady i wskaz\u00f3wki w jaki spos\u00f3b najlepiej przygotwoa\u0107 si\u0119 do egzaminu First (FCE) oraz Advanced (CAE).[\/vc_column_text][\/vc_column_inner][vc_column_inner column_width_percent=&#8221;100&#8243; align_horizontal=&#8221;align_center&#8221; gutter_size=&#8221;3&#8243; overlay_alpha=&#8221;50&#8243; shift_x=&#8221;0&#8243; shift_y=&#8221;0&#8243; shift_y_down=&#8221;0&#8243; z_index=&#8221;0&#8243; medium_width=&#8221;0&#8243; mobile_width=&#8221;0&#8243; width=&#8221;1\/3&#8243;][vc_single_image media=&#8221;289&#8243; media_width_percent=&#8221;100&#8243; media_link=&#8221;url:http%3A%2F%2Fwww.cambridgeenglish.org%2Fpl%2Flearning-english%2Finformation-for-parents%2F||target:%20_blank|&#8221;][vc_column_text]Najwa\u017cniejsze informacje dla rodzic\u00f3w: nagrania ekspert\u00f3w, opinie rodzic\u00f3w, materia\u0142y do pobrania oraz przyk\u0142adowe testy.[\/vc_column_text][\/vc_column_inner][\/vc_row_inner][vc_separator sep_color=&#8221;color-gyho&#8221; el_height=&#8221;2px&#8221;][vc_column_text]<\/p>\n<table width=\"517\">\n<tbody>\n<tr>\n<td width=\"246\">W j\u0119zyku angielskim<\/td>\n<td width=\"271\">W j\u0119zyku polskim<\/td>\n<\/tr>\n<tr>\n<td width=\"246\"><a href=\"http:\/\/www.cambridgeenglish.org\/\">Cambridge English Language Assessment\u00a0oficjalna strona Cambridge English<\/a><\/td>\n<td width=\"271\"><a href=\"http:\/\/www.cambridgeenglish.org\/pl\/\">Cambridge English\u00a0g\u0142\u00f3wna strona Cambridge English dla kandydat\u00f3w z Polski &#8211;<span style=\"color: #333333\"> strona, od kt\u00f3rej warto zacz\u0105\u0107 przegl\u0105danie szczeg\u00f3\u0142owych informacji Cambridge English.<\/span><\/a><\/td>\n<\/tr>\n<tr>\n<td width=\"246\"><a href=\"http:\/\/www.cambridgeenglish.org\/learning-english\/\">Prepare and practice\u00a0materia\u0142y dla os\u00f3b przygotowuj\u0105cych si\u0119 do egzamin\u00f3w Cambridge<\/a><\/td>\n<td width=\"271\"><a href=\"http:\/\/www.cambridgeenglish.org\/pl\/test-your-english\/\">Test Your English\u00a0Sprawd\u017a swoj angielski &#8211; <span style=\"color: #333333\">zr\u00f3b kr\u00f3tki test i zobacz na jakim poziomie powiniene\u015b zdawa\u0107 egzamin Cambridge English<\/span><\/a><\/td>\n<\/tr>\n<tr>\n<td width=\"246\"><a href=\"http:\/\/www.cambridgeenglish.org\/why-cambridge-english\/global-recognition\/index.aspx?s=1\">Recognition\u00a0strona, na kt\u00f3rej mozna sprawdzi\u0107 jakie uczelnie i instytucje na \u015bwiecie honoruj\u0105 egzaminy Cambridge English<\/a><\/td>\n<td width=\"271\"><a href=\"http:\/\/www.cambridgeenglish.org\/pl\/learning-english\/information-for-students\/learn-with-matt\/\">Ucz si\u0119 z Mattem\u00a0<span style=\"color: #333333\">seria kr\u00f3tkich lekcji z Mattem, kt\u00f3ry poprzez praktyczne rady i wskaz\u00f3wki wyja\u015bnia jak najlepiej przygotowa\u0107 si\u0119 do egzaminu First (FCE) i Advanced (CAE)<\/span><\/a><\/td>\n<\/tr>\n<tr>\n<td width=\"246\"><a href=\"http:\/\/www.cambridgeenglish.org\/test-your-english\/\">Test Your English\u00a0test poziomu angielskiego wg Cambridge English Language Assessment<\/a><\/td>\n<td width=\"271\"><a href=\"http:\/\/www.cambridgeenglish.org\/pl\/learning-english\/information-for-parents\/\">Sprawd\u017a z dzieckiem ile potrafi\u00a0\u00a0<span style=\"color: #333333\">najwa\u017cniejsze informacje dla rodzic\u00f3w najm\u0142odszych uczni\u00f3w &#8211; nagrania ekspert\u00f3w, opinie rodzic\u00f3w, materia\u0142y do pobrania i przyk\u0142adowe testy.<\/span><\/a><\/td>\n<\/tr>\n<tr>\n<td width=\"246\"><a href=\"http:\/\/www.cambridgeenglish.org\/consultancy\/cambridge-english-for-schools\/\">Information for Schools\u00a0informacje i materia\u0142y dla szk\u00f3\u0142<\/a><\/td>\n<td width=\"271\"><a href=\"http:\/\/www.cambridgeenglish.org\/pl\/test-your-english\/young-learners\/\">Sprawd\u017a sw\u00f3j angielski &#8211; dla dzieci\u00a0<span style=\"color: #333333\">jeste\u015b rodzicem lub nauczycielm? Wybr\u00f3buj test, kt\u00f3ry w zabawny i przyjazny spos\u00f3b pozwala sprawdzi\u0107 poziom j\u0119zyka angielskiego najm\u0142odszych uczni\u00f3w.<\/span><\/a><\/td>\n<\/tr>\n<tr>\n<td width=\"246\"><a href=\"http:\/\/www.cambridgeenglish.org\/teaching-english\/\">Teaching Support\u00a0materia\u0142y i wskaz\u00f3wki dla nauczycieli przygotowuj\u0105cych uczni\u00f3w do egzamin\u00f3w<\/a><\/td>\n<td width=\"271\"><\/td>\n<\/tr>\n<tr>\n<td width=\"246\"><a href=\"http:\/\/www.cambridgeenglish.org\/learning-english\/games-social\/\">Nauka przez zabaw\u0119\u00a0gry i zabawy dla dzieci opracowane przez Cambridge English<\/a><\/td>\n<td width=\"271\"><\/td>\n<\/tr>\n<tr>\n<td width=\"246\"><a href=\"https:\/\/www.youtube.com\/user\/cambridgeenglishtv\">Cambridge English TV\u00a0oficjalny kana\u0142 You Tube Cambridge English, gdzie mo\u017cna mi\u0119dzy innymi znale\u017a\u0107 nagrania egzamin\u00f3w ustnych<\/a><\/td>\n<td width=\"271\"><\/td>\n<\/tr>\n<\/tbody>\n<\/table>\n<p>[\/vc_column_text][\/vc_column][\/vc_row]<\/p>\n<\/div>","protected":false},"excerpt":{"rendered":"<p>[vc_row][vc_column width=&#8221;1\/1&#8243;][vc_custom_heading]U\u017cyteczne linki[\/vc_custom_heading][vc_column_text]Poni\u017cej prezentujemy linki do kilku u\u017cytecznych stron internetowych zwi\u0105zanych za egzaminami Cambridge English:[\/vc_column_text][vc_row_inner][vc_column_inner column_width_percent=&#8221;100&#8243; align_horizontal=&#8221;align_center&#8221; gutter_size=&#8221;3&#8243; overlay_alpha=&#8221;50&#8243; shift_x=&#8221;0&#8243; [&hellip;]<\/p>\n","protected":false},"author":1,"featured_media":0,"parent":0,"menu_order":0,"comment_status":"closed","ping_status":"closed","template":"","meta":{"footnotes":""},"class_list":["post-286","page","type-page","status-publish","hentry"],"yoast_head":"<!-- This site is optimized with the Yoast SEO plugin v26.8 - https:\/\/yoast.com\/product\/yoast-seo-wordpress\/ -->\n<title>U\u017cyteczne linki - IH Wroc\u0142aw<\/title>\n<meta name=\"robots\" content=\"index, follow, max-snippet:-1, max-image-preview:large, max-video-preview:-1\" \/>\n<link rel=\"canonical\" href=\"https:\/\/www.ih.com.pl\/wroclaw\/uzyteczne-linki\/\" \/>\n<meta property=\"og:locale\" content=\"pl_PL\" \/>\n<meta property=\"og:type\" content=\"article\" \/>\n<meta property=\"og:title\" content=\"U\u017cyteczne linki - IH Wroc\u0142aw\" \/>\n<meta property=\"og:description\" content=\"[vc_row][vc_column width=&#8221;1\/1&#8243;][vc_custom_heading]U\u017cyteczne linki[\/vc_custom_heading][vc_column_text]Poni\u017cej prezentujemy linki do kilku u\u017cytecznych stron internetowych zwi\u0105zanych za egzaminami Cambridge English:[\/vc_column_text][vc_row_inner][vc_column_inner column_width_percent=&#8221;100&#8243; align_horizontal=&#8221;align_center&#8221; gutter_size=&#8221;3&#8243; overlay_alpha=&#8221;50&#8243; shift_x=&#8221;0&#8243; [&hellip;]\" \/>\n<meta property=\"og:url\" content=\"https:\/\/www.ih.com.pl\/wroclaw\/uzyteczne-linki\/\" \/>\n<meta property=\"og:site_name\" content=\"IH Wroc\u0142aw\" \/>\n<meta property=\"article:modified_time\" content=\"2020-01-24T07:39:35+00:00\" \/>\n<meta name=\"twitter:card\" content=\"summary_large_image\" \/>\n<meta name=\"twitter:label1\" content=\"Szacowany czas czytania\" \/>\n\t<meta name=\"twitter:data1\" content=\"3 minuty\" \/>\n<script type=\"application\/ld+json\" class=\"yoast-schema-graph\">{\"@context\":\"https:\/\/schema.org\",\"@graph\":[{\"@type\":\"WebPage\",\"@id\":\"https:\/\/www.ih.com.pl\/wroclaw\/uzyteczne-linki\/\",\"url\":\"https:\/\/www.ih.com.pl\/wroclaw\/uzyteczne-linki\/\",\"name\":\"U\u017cyteczne linki - IH Wroc\u0142aw\",\"isPartOf\":{\"@id\":\"https:\/\/www.ih.com.pl\/wroclaw\/#website\"},\"datePublished\":\"2020-01-24T07:34:51+00:00\",\"dateModified\":\"2020-01-24T07:39:35+00:00\",\"breadcrumb\":{\"@id\":\"https:\/\/www.ih.com.pl\/wroclaw\/uzyteczne-linki\/#breadcrumb\"},\"inLanguage\":\"pl-PL\",\"potentialAction\":[{\"@type\":\"ReadAction\",\"target\":[\"https:\/\/www.ih.com.pl\/wroclaw\/uzyteczne-linki\/\"]}]},{\"@type\":\"BreadcrumbList\",\"@id\":\"https:\/\/www.ih.com.pl\/wroclaw\/uzyteczne-linki\/#breadcrumb\",\"itemListElement\":[{\"@type\":\"ListItem\",\"position\":1,\"name\":\"Strona g\u0142\u00f3wna\",\"item\":\"https:\/\/www.ih.com.pl\/wroclaw\/\"},{\"@type\":\"ListItem\",\"position\":2,\"name\":\"U\u017cyteczne linki\"}]},{\"@type\":\"WebSite\",\"@id\":\"https:\/\/www.ih.com.pl\/wroclaw\/#website\",\"url\":\"https:\/\/www.ih.com.pl\/wroclaw\/\",\"name\":\"IH Wroc\u0142aw\",\"description\":\"\",\"potentialAction\":[{\"@type\":\"SearchAction\",\"target\":{\"@type\":\"EntryPoint\",\"urlTemplate\":\"https:\/\/www.ih.com.pl\/wroclaw\/?s={search_term_string}\"},\"query-input\":{\"@type\":\"PropertyValueSpecification\",\"valueRequired\":true,\"valueName\":\"search_term_string\"}}],\"inLanguage\":\"pl-PL\"}]}<\/script>\n<!-- \/ Yoast SEO plugin. -->","yoast_head_json":{"title":"U\u017cyteczne linki - IH Wroc\u0142aw","robots":{"index":"index","follow":"follow","max-snippet":"max-snippet:-1","max-image-preview":"max-image-preview:large","max-video-preview":"max-video-preview:-1"},"canonical":"https:\/\/www.ih.com.pl\/wroclaw\/uzyteczne-linki\/","og_locale":"pl_PL","og_type":"article","og_title":"U\u017cyteczne linki - IH Wroc\u0142aw","og_description":"[vc_row][vc_column width=&#8221;1\/1&#8243;][vc_custom_heading]U\u017cyteczne linki[\/vc_custom_heading][vc_column_text]Poni\u017cej prezentujemy linki do kilku u\u017cytecznych stron internetowych zwi\u0105zanych za egzaminami Cambridge English:[\/vc_column_text][vc_row_inner][vc_column_inner column_width_percent=&#8221;100&#8243; align_horizontal=&#8221;align_center&#8221; gutter_size=&#8221;3&#8243; overlay_alpha=&#8221;50&#8243; shift_x=&#8221;0&#8243; [&hellip;]","og_url":"https:\/\/www.ih.com.pl\/wroclaw\/uzyteczne-linki\/","og_site_name":"IH Wroc\u0142aw","article_modified_time":"2020-01-24T07:39:35+00:00","twitter_card":"summary_large_image","twitter_misc":{"Szacowany czas czytania":"3 minuty"},"schema":{"@context":"https:\/\/schema.org","@graph":[{"@type":"WebPage","@id":"https:\/\/www.ih.com.pl\/wroclaw\/uzyteczne-linki\/","url":"https:\/\/www.ih.com.pl\/wroclaw\/uzyteczne-linki\/","name":"U\u017cyteczne linki - IH Wroc\u0142aw","isPartOf":{"@id":"https:\/\/www.ih.com.pl\/wroclaw\/#website"},"datePublished":"2020-01-24T07:34:51+00:00","dateModified":"2020-01-24T07:39:35+00:00","breadcrumb":{"@id":"https:\/\/www.ih.com.pl\/wroclaw\/uzyteczne-linki\/#breadcrumb"},"inLanguage":"pl-PL","potentialAction":[{"@type":"ReadAction","target":["https:\/\/www.ih.com.pl\/wroclaw\/uzyteczne-linki\/"]}]},{"@type":"BreadcrumbList","@id":"https:\/\/www.ih.com.pl\/wroclaw\/uzyteczne-linki\/#breadcrumb","itemListElement":[{"@type":"ListItem","position":1,"name":"Strona g\u0142\u00f3wna","item":"https:\/\/www.ih.com.pl\/wroclaw\/"},{"@type":"ListItem","position":2,"name":"U\u017cyteczne linki"}]},{"@type":"WebSite","@id":"https:\/\/www.ih.com.pl\/wroclaw\/#website","url":"https:\/\/www.ih.com.pl\/wroclaw\/","name":"IH Wroc\u0142aw","description":"","potentialAction":[{"@type":"SearchAction","target":{"@type":"EntryPoint","urlTemplate":"https:\/\/www.ih.com.pl\/wroclaw\/?s={search_term_string}"},"query-input":{"@type":"PropertyValueSpecification","valueRequired":true,"valueName":"search_term_string"}}],"inLanguage":"pl-PL"}]}},"_links":{"self":[{"href":"https:\/\/www.ih.com.pl\/wroclaw\/wp-json\/wp\/v2\/pages\/286","targetHints":{"allow":["GET"]}}],"collection":[{"href":"https:\/\/www.ih.com.pl\/wroclaw\/wp-json\/wp\/v2\/pages"}],"about":[{"href":"https:\/\/www.ih.com.pl\/wroclaw\/wp-json\/wp\/v2\/types\/page"}],"author":[{"embeddable":true,"href":"https:\/\/www.ih.com.pl\/wroclaw\/wp-json\/wp\/v2\/users\/1"}],"replies":[{"embeddable":true,"href":"https:\/\/www.ih.com.pl\/wroclaw\/wp-json\/wp\/v2\/comments?post=286"}],"version-history":[{"count":6,"href":"https:\/\/www.ih.com.pl\/wroclaw\/wp-json\/wp\/v2\/pages\/286\/revisions"}],"predecessor-version":[{"id":297,"href":"https:\/\/www.ih.com.pl\/wroclaw\/wp-json\/wp\/v2\/pages\/286\/revisions\/297"}],"wp:attachment":[{"href":"https:\/\/www.ih.com.pl\/wroclaw\/wp-json\/wp\/v2\/media?parent=286"}],"curies":[{"name":"wp","href":"https:\/\/api.w.org\/{rel}","templated":true}]}}