{"id":343,"date":"2020-01-27T05:20:15","date_gmt":"2020-01-27T04:20:15","guid":{"rendered":"https:\/\/ih.wizjanet.pl\/wroclaw\/?page_id=343"},"modified":"2023-09-18T15:41:53","modified_gmt":"2023-09-18T13:41:53","slug":"kursy-dla-dzieci","status":"publish","type":"page","link":"https:\/\/www.ih.com.pl\/wroclaw\/kursy-dla-dzieci\/","title":{"rendered":"Kursy dla dzieci"},"content":{"rendered":"<div class=\"wpb-content-wrapper\"><p>[vc_row row_height_percent=&#8221;0&#8243; back_image=&#8221;347&#8243; overlay_color=&#8221;color-210407&#8243; overlay_alpha=&#8221;75&#8243; gutter_size=&#8221;3&#8243; column_width_percent=&#8221;100&#8243; shift_y=&#8221;0&#8243; z_index=&#8221;0&#8243; row_height_pixel=&#8221;350&#8243;][vc_column column_width_percent=&#8221;100&#8243; position_vertical=&#8221;middle&#8221; gutter_size=&#8221;3&#8243; overlay_alpha=&#8221;50&#8243; shift_x=&#8221;0&#8243; shift_y=&#8221;0&#8243; shift_y_down=&#8221;0&#8243; z_index=&#8221;0&#8243; medium_width=&#8221;0&#8243; mobile_width=&#8221;0&#8243; width=&#8221;1\/1&#8243;][vc_custom_heading heading_semantic=&#8221;h1&#8243; text_color=&#8221;color-xsdn&#8221;]Angielski dla dzieci &#8211; kursy[\/vc_custom_heading][\/vc_column][\/vc_row][vc_row row_height_percent=&#8221;0&#8243; override_padding=&#8221;yes&#8221; h_padding=&#8221;2&#8243; top_padding=&#8221;3&#8243; bottom_padding=&#8221;2&#8243; overlay_alpha=&#8221;50&#8243; gutter_size=&#8221;3&#8243; column_width_percent=&#8221;100&#8243; shift_y=&#8221;0&#8243; z_index=&#8221;0&#8243;][vc_column column_width_percent=&#8221;100&#8243; align_horizontal=&#8221;align_center&#8221; gutter_size=&#8221;3&#8243; overlay_alpha=&#8221;50&#8243; shift_x=&#8221;0&#8243; shift_y=&#8221;0&#8243; shift_y_down=&#8221;0&#8243; z_index=&#8221;0&#8243; medium_width=&#8221;0&#8243; mobile_width=&#8221;0&#8243; width=&#8221;1\/1&#8243;][vc_custom_heading heading_semantic=&#8221;h4&#8243; text_size=&#8221;h4&#8243;]Zale\u017cnie od wieku i poziomu znajomo\u015bci j\u0119zyka dzieci ucz\u0105 si\u0119 wed\u0142ug nast\u0119puj\u0105cych system\u00f3w:[\/vc_custom_heading][vc_row_inner][vc_column_inner width=&#8221;1\/2&#8243;][vc_column_text]<strong>Play and Learn (5 &#8211; 6 lat)<\/strong>:<\/p>\n<ul>\n<li>Zaj\u0119cia trwaj\u0105 od pa\u017adziernika do czerwca<\/li>\n<li>Grupy licz\u0105 od 4 do 8 os\u00f3b<\/li>\n<li>Zaj\u0119cia odbywaj\u0105 si\u0119 dwa razy w tygodniu po 45 minut<\/li>\n<li>Ca\u0142o\u015b\u0107 kursu to 60 godzin lekcyjnych<\/li>\n<\/ul>\n<p><strong>English is Fun (6 &#8211; 7 lat)<\/strong>:<\/p>\n<ul>\n<li>Zaj\u0119cia trwaj\u0105 od pa\u017adziernika do czerwca<\/li>\n<li>Grupy licz\u0105 od 4 do 10 os\u00f3b<\/li>\n<li>Zaj\u0119cia odbywaj\u0105 si\u0119 dwa razy w tygodniu po 60 minut<\/li>\n<li>Ca\u0142o\u015b\u0107 kursu to 80 godzin lekcyjnych<\/li>\n<\/ul>\n<p>[\/vc_column_text][\/vc_column_inner][vc_column_inner width=&#8221;1\/2&#8243;][vc_column_text]<strong>English for Young Learners obejmuje dzieci w wieku od 8 &#8211; 12 lat na 3 poziomach zaawansowania:<\/strong><\/p>\n<ul>\n<li>Zaj\u0119cia trwaj\u0105 od pa\u017adziernika do czerwca.<\/li>\n<li>Odbywaj\u0105 si\u0119 dwa razy w tygodniu po 2 godz. lekcyjne.<\/li>\n<li>Ca\u0142o\u015b\u0107 kursu to 120 godzin lekcyjnych.<\/li>\n<li>Grupy licz\u0105 od 4 do 10 os\u00f3b.<\/li>\n<li>Zaj\u0119cia prowadz\u0105 do\u015bwiadczeni nauczyciele angloj\u0119zyczni.<\/li>\n<\/ul>\n<p>[\/vc_column_text][\/vc_column_inner][\/vc_row_inner][vc_separator sep_color=&#8221;color-gyho&#8221; el_height=&#8221;2px&#8221;][\/vc_column][\/vc_row][vc_row][vc_column width=&#8221;2\/3&#8243;][vc_column_text]Dziecko wcze\u015bnie zaczynaj\u0105ce nauk\u0119 j\u0119zyka ma du\u017c\u0105 szans\u0119 opanowa\u0107 go \u0142atwiej i szybciej. Maluchy b\u0142yskawicznie przyswajaj\u0105 nowy j\u0119zyk przez os\u0142uchanie, s\u0105 ciekawe \u015bwiata, ch\u0119tnie zadaj\u0105 pytania i powtarzaj\u0105 nowo poznane nazwy, zwroty i zdania. W nauczaniu najm\u0142odszych wykorzystujemy t\u0119 w\u0142a\u015bnie prawid\u0142owo\u015b\u0107.<\/p>\n<p>Grupy dzieci\u0119ce tworzymy bardzo starannie w oparciu o kryterium wieku i poziom zaawansowania, oceniany na podstawie testu i rozmowy z metodykiem.<\/p>\n<p>G\u0142\u00f3wny cel zaj\u0119\u0107 to umo\u017cliwienie dzieciom kontaktu z \u017cywym angielskim i naturalnym akcentem oraz zaznajomienie z podstawowymi elementami j\u0119zyka. Lekcje prowadzone s\u0105 tylko i wy\u0142\u0105cznie po angielsku. Atrakcyjna tematyka zaj\u0119\u0107 oraz starannie dobierane materia\u0142y stymuluj\u0105 naturaln\u0105 ciekawo\u015b\u0107 dzieci, rozwijaj\u0105 ich zainteresowania i poszerzaj\u0105 horyzonty. Wykorzystujemy techniki gier i zabaw, w kt\u00f3re wplatane s\u0105 odpowiednio dobrane zwroty, s\u0142ownictwo i wybrane elementy gramatyki praktycznej. Dzi\u0119ki temu kurs angielskiego jest dla dzieci przyjemno\u015bci\u0105. Zapominaj\u0105, \u017ce si\u0119 ucz\u0105, bo r\u00f3wnie\u017c dobrze si\u0119 przy tym bawi\u0105.<\/p>\n<p>Nauczyciele prowadz\u0105cy grupy dzieci\u0119ce maj\u0105 nie tylko odpowiednie kwalifikacje oraz do\u015bwiadczenie, ale &#8211; co najwa\u017cniejsze &#8211; lubi\u0105 prac\u0119 z dzie\u0107mi. Nad ca\u0142okszta\u0142tem zaj\u0119\u0107, ich form\u0105 i programem czuwa metodyk.<\/p>\n<p>Rodzice mog\u0105 na bie\u017c\u0105co \u015bledzi\u0107 przebieg szkolenia swojego dziecka w Sekretariacie Internetowym oraz uzyska\u0107 indywidualn\u0105 informacj\u0119 o post\u0119pach dziecka podczas wywiad\u00f3wek i konsultacji z lektorem.<\/p>\n<p>Na zako\u0144czenie kursu ka\u017cdy ucze\u0144 otrzymuje certyfikat, indywidualny raport o poczynionych post\u0119pach, a tak\u017ce rekomendacj\u0119 do odpowiedniej grupy na kolejny rok szkolny. Umo\u017cliwiamy kontynuacj\u0119 nauki na kolejnych poziomach zaawansowania i w odpowiedniej grupie wiekowej.<\/p>\n<p>Dla naszych m\u0142odszych s\u0142uchaczy przygotowali\u015bmy te\u017c program zaj\u0119\u0107 pozalekcyjnych: Kids\u2019 Club. S\u0105 to sobotnie spotkania tematyczne z grami i zabawami w j\u0119zyku angielskim.<\/p>\n<p>W przypadku d\u0142u\u017cszej nieobecno\u015bci dziecka na zaj\u0119ciach proponujemy bezp\u0142atny Help Club \u2013 trwaj\u0105ce oko\u0142o 30 minut indywidualne konsultacje pozwalaj\u0105ce nadrobi\u0107 zaleg\u0142o\u015bci.<\/p>\n<p>Zapewniamy wysoki poziom nauczania oraz ma\u0142e grupy, w kt\u00f3rych mo\u017cliwe jest zindywidualizowane podej\u015bcie do ka\u017cdego dziecka.[\/vc_column_text][\/vc_column][vc_column column_width_percent=&#8221;100&#8243; align_horizontal=&#8221;align_center&#8221; gutter_size=&#8221;3&#8243; overlay_alpha=&#8221;50&#8243; shift_x=&#8221;0&#8243; shift_y=&#8221;0&#8243; shift_y_down=&#8221;0&#8243; z_index=&#8221;0&#8243; medium_width=&#8221;0&#8243; mobile_width=&#8221;0&#8243; width=&#8221;1\/3&#8243;][vc_single_image media=&#8221;2557&#8243; media_lightbox=&#8221;yes&#8221; media_width_percent=&#8221;100&#8243; alignment=&#8221;center&#8221;][vc_button button_color=&#8221;color-210407&#8243; radius=&#8221;btn-circle&#8221; outline=&#8221;yes&#8221; border_width=&#8221;0&#8243; link=&#8221;url:https%3A%2F%2Fwww.ih.com.pl%2Fwroclaw%2Fcennik%2F|title:Cennik||&#8221;]Cennik zaj\u0119\u0107[\/vc_button][\/vc_column][\/vc_row][vc_row][vc_column width=&#8221;1\/1&#8243;][vc_separator sep_color=&#8221;color-gyho&#8221; el_height=&#8221;2px&#8221;][vc_custom_heading]Przygotowuj\u0105ce do egzamin\u00f3w YLE[\/vc_custom_heading][vc_custom_heading heading_semantic=&#8221;h4&#8243; text_size=&#8221;h4&#8243; text_color=&#8221;color-jevc&#8221;]\u201eEnglish for Young Learners\u201d obejmuje jedn\u0105 kategori\u0119 wiekow\u0105: Juniors na 3 poziomach zaawansowania,[\/vc_custom_heading][vc_row_inner][vc_column_inner width=&#8221;1\/3&#8243;][vc_column_text]<strong>O egzaminach YLE (Young Learners English Tests)<\/strong><\/p>\n<p>Egzaminy YLE stworzone zosta\u0142y z my\u015bl\u0105 o dzieciach w wieku 8-12 lat. Maj\u0105 trzy stopnie trudno\u015bci: Starters, Movers i Flyers.<\/p>\n<p>Testuj\u0105 praktyczny, \u017cywy j\u0119zyk w zakresie:<\/p>\n<p>&#8211; czytania i pisania<\/p>\n<p>&#8211; rozumienia ze s\u0142uchu<\/p>\n<p>&#8211; m\u00f3wienia<\/p>\n<p>Dzieci przygotowuj\u0105ce si\u0119 do egzaminu YLE opanowuj\u0105 wszystkie powy\u017csze umiej\u0119tno\u015bci j\u0119zykowe, a z uwagi na cz\u0119\u015b\u0107 ustn\u0105 s\u0105 zach\u0119cane, by du\u017co m\u00f3wi\u0107 po angielsku w czasie zaj\u0119\u0107. Zdobywaj\u0105 w ten spos\u00f3b wi\u0119ksz\u0105 praktyk\u0119, a tak\u017ce nabieraj\u0105 pewno\u015bci w m\u00f3wieniu.[\/vc_column_text][\/vc_column_inner][vc_column_inner width=&#8221;1\/3&#8243;][vc_column_text]<strong>Dobra zabawa<\/strong><\/p>\n<p>Zadania egzaminacyjne skonstruowane s\u0105 tak, aby dzieci mog\u0142y pochwali\u0107 si\u0119 tym, co ju\u017c umiej\u0105.<\/p>\n<p>Mog\u0105 polega\u0107 na przyk\u0142ad na kolorowaniu, rysowaniu, rozmowie z egzaminatorem na podstawie ilustracji.<\/p>\n<p>Testy YLE s\u0105 dla dziecka przyjazne, inspiruj\u0105ce i przede wszystkim niestresuj\u0105ce.<\/p>\n<p>Dlatego ciesz\u0105 si\u0119 powodzeniem i dzieci bardzo lubi\u0105 do nich podchodzi\u0107.[\/vc_column_text][\/vc_column_inner][vc_column_inner width=&#8221;1\/3&#8243;][vc_column_text]<strong>Nagroda dla ka\u017cdego<\/strong><\/p>\n<p>Ka\u017cde dziecko przyst\u0119puj\u0105ce do testu YLE otrzymuje certyfikat, kt\u00f3ry wyra\u017anie pokazuje post\u0119py w nauce, a tak\u017ce jest nieocenion\u0105 motywacj\u0105 do dalszej pracy. Wyniki ka\u017cdej z trzech cz\u0119\u015bci testu przedstawiane s\u0105 w postaci tarcz. Za ka\u017cd\u0105 cz\u0119\u015b\u0107 testu mo\u017cna otrzyma\u0107 maksymalnie 5, a w sumie 15 tarcz.[\/vc_column_text][\/vc_column_inner][\/vc_row_inner][vc_column_text]<strong>Nauka w grupach YLE:<\/strong><\/p>\n<p>W grupach tych realizowana jest podstawa programowa przewidziana na dany poziom , a przy okazji uczniowie przygotowuj\u0105 si\u0119 do egzaminu Cambridge YLE (Young Learners English) : Starters, Movers i Flyers, poprzez rozwi\u0105zywanie zada\u0144, z jakimi mog\u0105 spotka\u0107 si\u0119 podczas test\u00f3w. Standardowy cykl przygotowania do egzaminu na danym poziomie obejmuje 1 rok. Jednak\u017ce, to post\u0119p i zakres opanowania j\u0119zyka decyduje kiedy dziecko mo\u017ce do niego przyst\u0105pi\u0107. Przyst\u0105pienie do egzaminu nie jest obowi\u0105zkowe. Na ka\u017cdym z poziom\u00f3w zaawansowania dzieci rozwijaj\u0105 swoje umiej\u0119tno\u015bci, uzyskanie certyfikatu Cambridge jest natomiast dodatkow\u0105 nagrod\u0105 za wysi\u0142ek dziecka, siln\u0105 motywacj\u0105 do dalszej nauki i wzmocnieniem wiary we w\u0142asne si\u0142y.<\/p>\n<p>Egzaminy Cambridge YLE odbywaj\u0105 si\u0119 w naszej szkole, przebiegaj\u0105 bezstresowo i pozwalaj\u0105 dziecku zdoby\u0107 pozytywne do\u015bwiadczenia[\/vc_column_text][vc_separator sep_color=&#8221;color-gyho&#8221; el_height=&#8221;2px&#8221;][vc_row_inner][vc_column_inner column_width_percent=&#8221;100&#8243; align_horizontal=&#8221;align_center&#8221; gutter_size=&#8221;3&#8243; overlay_alpha=&#8221;50&#8243; shift_x=&#8221;0&#8243; shift_y=&#8221;0&#8243; shift_y_down=&#8221;0&#8243; z_index=&#8221;0&#8243; medium_width=&#8221;0&#8243; mobile_width=&#8221;0&#8243; width=&#8221;1\/1&#8243;][vc_custom_heading heading_semantic=&#8221;h4&#8243; text_size=&#8221;h4&#8243;]Test YLE na ka\u017cdym poziomie sk\u0142ada si\u0119 z trzech cz\u0119\u015bci (tzw. Papers):[\/vc_custom_heading][\/vc_column_inner][\/vc_row_inner][vc_row_inner][vc_column_inner column_width_percent=&#8221;100&#8243; position_vertical=&#8221;middle&#8221; align_horizontal=&#8221;align_center&#8221; gutter_size=&#8221;3&#8243; override_padding=&#8221;yes&#8221; column_padding=&#8221;2&#8243; overlay_alpha=&#8221;50&#8243; shift_x=&#8221;0&#8243; shift_y=&#8221;0&#8243; shift_y_down=&#8221;0&#8243; z_index=&#8221;0&#8243; medium_width=&#8221;0&#8243; mobile_width=&#8221;0&#8243; width=&#8221;1\/3&#8243;][vc_icon icon=&#8221;fa fa-deaf&#8221; icon_color=&#8221;color-476022&#8243; size=&#8221;fa-4x&#8221; heading_semantic=&#8221;p&#8221; text_size=&#8221;&#8221; title=&#8221;Rozumienie ze s\u0142uchu (Listening)&#8221;][\/vc_icon][\/vc_column_inner][vc_column_inner column_width_percent=&#8221;100&#8243; align_horizontal=&#8221;align_center&#8221; gutter_size=&#8221;3&#8243; override_padding=&#8221;yes&#8221; column_padding=&#8221;2&#8243; overlay_alpha=&#8221;50&#8243; shift_x=&#8221;0&#8243; shift_y=&#8221;0&#8243; shift_y_down=&#8221;0&#8243; z_index=&#8221;0&#8243; medium_width=&#8221;0&#8243; mobile_width=&#8221;0&#8243; width=&#8221;1\/3&#8243;][vc_icon icon=&#8221;fa fa-pen&#8221; icon_color=&#8221;color-174087&#8243; size=&#8221;fa-4x&#8221; heading_semantic=&#8221;p&#8221; text_size=&#8221;&#8221; title=&#8221;Czytanie i pisanie (Reading and Writing)&#8221;][\/vc_icon][\/vc_column_inner][vc_column_inner column_width_percent=&#8221;100&#8243; align_horizontal=&#8221;align_center&#8221; gutter_size=&#8221;3&#8243; override_padding=&#8221;yes&#8221; column_padding=&#8221;2&#8243; overlay_alpha=&#8221;50&#8243; shift_x=&#8221;0&#8243; shift_y=&#8221;0&#8243; shift_y_down=&#8221;0&#8243; z_index=&#8221;0&#8243; medium_width=&#8221;0&#8243; mobile_width=&#8221;0&#8243; width=&#8221;1\/3&#8243;][vc_icon icon=&#8221;fa fa-bullhorn&#8221; icon_color=&#8221;color-963377&#8243; size=&#8221;fa-4x&#8221; heading_semantic=&#8221;p&#8221; text_size=&#8221;&#8221; title=&#8221;M\u00f3wienie (Speaking)&#8221;][\/vc_icon][\/vc_column_inner][\/vc_row_inner][\/vc_column][\/vc_row][vc_row row_height_percent=&#8221;0&#8243; override_padding=&#8221;yes&#8221; h_padding=&#8221;2&#8243; top_padding=&#8221;3&#8243; bottom_padding=&#8221;3&#8243; back_color=&#8221;color-210407&#8243; overlay_alpha=&#8221;50&#8243; gutter_size=&#8221;3&#8243; column_width_percent=&#8221;100&#8243; shift_y=&#8221;0&#8243; z_index=&#8221;0&#8243;][vc_column column_width_percent=&#8221;100&#8243; gutter_size=&#8221;3&#8243; style=&#8221;dark&#8221; overlay_alpha=&#8221;50&#8243; shift_x=&#8221;0&#8243; shift_y=&#8221;0&#8243; shift_y_down=&#8221;0&#8243; z_index=&#8221;0&#8243; medium_width=&#8221;0&#8243; mobile_width=&#8221;0&#8243; width=&#8221;1\/1&#8243;][vc_custom_heading text_color=&#8221;color-xsdn&#8221;]Dlaczego warto przyst\u0105pi\u0107 do egzamin\u00f3w YLE?[\/vc_custom_heading][vc_column_text]<\/p>\n<ul>\n<li style=\"list-style-type: none\">\n<ul>\n<li>Egzamin YLE stanowi doskona\u0142y, niezale\u017cny sprawdzian oferty edukacyjnej danej plac\u00f3wki w zakresie nauczania j\u0119zyka angielskiego.<\/li>\n<li>Testy YLE w spos\u00f3b przyjazny i \u0142agodny pozwalaj\u0105 dziecku zdoby\u0107 pozytywne do\u015bwiadczenia wyniesione z pierwszych kontakt\u00f3w z egzaminami. Test przebiega bezstresowo, ma form\u0119 przyjaznej rozmowy z egzaminatorem Cambridge English Language Assesment, kt\u00f3ry jest odpowiednio przygotowany do pracy z dzie\u0107mi. Przeprowadzenie egzaminu koordynowane jest przez polskiego opiekuna.<\/li>\n<li>Badania pokazuj\u0105, \u017ce dzieci lubi\u0105 uczy\u0107 si\u0119 do egzamin\u00f3w YLE, a tak\u017ce je zdawa\u0107. Wiele zada\u0144 egzaminacyjnych polega mi\u0119dzy innymi na kolorowaniu, rysowaniu czy rozmowie z egzaminatorem, co bardzo zach\u0119ca i inspiruje dzieci.<\/li>\n<li>Egzamin YLE to doskona\u0142y spos\u00f3b, by pokaza\u0107 dzieciom jak du\u017co ju\u017c umiej\u0105, a tym samym zach\u0119ci\u0107 je do dalszej nauki.<\/li>\n<li>Egzaminy YLE ko\u0144cz\u0105 si\u0119 zawsze otrzymaniem certyfikatu, kt\u00f3ry jednak pozwala rodzicom i nauczycielom oceni\u0107 poczynione przez dziecko post\u0119py i przygotowa\u0107 je do nauki na kolejnym poziomie.<\/li>\n<li>Egzaminy YLE wzmacniaj\u0105 wiar\u0119 dziecka we w\u0142asne mo\u017cliwo\u015bci, a przez to przyczyniaj\u0105 si\u0119 do edukacyjnych sukces\u00f3w w przysz\u0142o\u015bci i nabycia umiej\u0119tno\u015bci zdawania coraz trudniejszych egzamin\u00f3w.<\/li>\n<\/ul>\n<\/li>\n<\/ul>\n<p>[\/vc_column_text][\/vc_column][\/vc_row]<\/p>\n<\/div>","protected":false},"excerpt":{"rendered":"<p>[vc_row row_height_percent=&#8221;0&#8243; back_image=&#8221;347&#8243; overlay_color=&#8221;color-210407&#8243; overlay_alpha=&#8221;75&#8243; gutter_size=&#8221;3&#8243; column_width_percent=&#8221;100&#8243; shift_y=&#8221;0&#8243; z_index=&#8221;0&#8243; row_height_pixel=&#8221;350&#8243;][vc_column column_width_percent=&#8221;100&#8243; position_vertical=&#8221;middle&#8221; gutter_size=&#8221;3&#8243; overlay_alpha=&#8221;50&#8243; shift_x=&#8221;0&#8243; shift_y=&#8221;0&#8243; shift_y_down=&#8221;0&#8243; z_index=&#8221;0&#8243; medium_width=&#8221;0&#8243; mobile_width=&#8221;0&#8243; [&hellip;]<\/p>\n","protected":false},"author":1,"featured_media":0,"parent":0,"menu_order":0,"comment_status":"closed","ping_status":"closed","template":"","meta":{"footnotes":""},"class_list":["post-343","page","type-page","status-publish","hentry"],"yoast_head":"<!-- This site is optimized with the Yoast SEO plugin v26.8 - https:\/\/yoast.com\/product\/yoast-seo-wordpress\/ -->\n<title>Angielski dla dzieci Wroc\u0142aw | kursy dla dzieci - IH Wroc\u0142aw<\/title>\n<meta name=\"description\" content=\"Sprawd\u017a oferowane przez nas kursy j\u0119zyka angielskiego dla dzieci w ma\u0142ych grupach dobieranych w oparciu o kryterium wieku i poziom zaawansowania. Sprawd\u017a!\" \/>\n<meta name=\"robots\" content=\"index, follow, max-snippet:-1, max-image-preview:large, max-video-preview:-1\" \/>\n<link rel=\"canonical\" href=\"https:\/\/www.ih.com.pl\/wroclaw\/kursy-dla-dzieci\/\" \/>\n<meta property=\"og:locale\" content=\"pl_PL\" \/>\n<meta property=\"og:type\" content=\"article\" \/>\n<meta property=\"og:title\" content=\"Angielski dla dzieci Wroc\u0142aw | kursy dla dzieci - IH Wroc\u0142aw\" \/>\n<meta property=\"og:description\" content=\"Sprawd\u017a oferowane przez nas kursy j\u0119zyka angielskiego dla dzieci w ma\u0142ych grupach dobieranych w oparciu o kryterium wieku i poziom zaawansowania. Sprawd\u017a!\" \/>\n<meta property=\"og:url\" content=\"https:\/\/www.ih.com.pl\/wroclaw\/kursy-dla-dzieci\/\" \/>\n<meta property=\"og:site_name\" content=\"IH Wroc\u0142aw\" \/>\n<meta property=\"article:modified_time\" content=\"2023-09-18T13:41:53+00:00\" \/>\n<meta name=\"twitter:card\" content=\"summary_large_image\" \/>\n<meta name=\"twitter:label1\" content=\"Szacowany czas czytania\" \/>\n\t<meta name=\"twitter:data1\" content=\"9 minut\" \/>\n<script type=\"application\/ld+json\" class=\"yoast-schema-graph\">{\"@context\":\"https:\/\/schema.org\",\"@graph\":[{\"@type\":\"WebPage\",\"@id\":\"https:\/\/www.ih.com.pl\/wroclaw\/kursy-dla-dzieci\/\",\"url\":\"https:\/\/www.ih.com.pl\/wroclaw\/kursy-dla-dzieci\/\",\"name\":\"Angielski dla dzieci Wroc\u0142aw | kursy dla dzieci - IH Wroc\u0142aw\",\"isPartOf\":{\"@id\":\"https:\/\/www.ih.com.pl\/wroclaw\/#website\"},\"datePublished\":\"2020-01-27T04:20:15+00:00\",\"dateModified\":\"2023-09-18T13:41:53+00:00\",\"description\":\"Sprawd\u017a oferowane przez nas kursy j\u0119zyka angielskiego dla dzieci w ma\u0142ych grupach dobieranych w oparciu o kryterium wieku i poziom zaawansowania. Sprawd\u017a!\",\"breadcrumb\":{\"@id\":\"https:\/\/www.ih.com.pl\/wroclaw\/kursy-dla-dzieci\/#breadcrumb\"},\"inLanguage\":\"pl-PL\",\"potentialAction\":[{\"@type\":\"ReadAction\",\"target\":[\"https:\/\/www.ih.com.pl\/wroclaw\/kursy-dla-dzieci\/\"]}]},{\"@type\":\"BreadcrumbList\",\"@id\":\"https:\/\/www.ih.com.pl\/wroclaw\/kursy-dla-dzieci\/#breadcrumb\",\"itemListElement\":[{\"@type\":\"ListItem\",\"position\":1,\"name\":\"Strona g\u0142\u00f3wna\",\"item\":\"https:\/\/www.ih.com.pl\/wroclaw\/\"},{\"@type\":\"ListItem\",\"position\":2,\"name\":\"Kursy dla dzieci\"}]},{\"@type\":\"WebSite\",\"@id\":\"https:\/\/www.ih.com.pl\/wroclaw\/#website\",\"url\":\"https:\/\/www.ih.com.pl\/wroclaw\/\",\"name\":\"IH Wroc\u0142aw\",\"description\":\"\",\"potentialAction\":[{\"@type\":\"SearchAction\",\"target\":{\"@type\":\"EntryPoint\",\"urlTemplate\":\"https:\/\/www.ih.com.pl\/wroclaw\/?s={search_term_string}\"},\"query-input\":{\"@type\":\"PropertyValueSpecification\",\"valueRequired\":true,\"valueName\":\"search_term_string\"}}],\"inLanguage\":\"pl-PL\"}]}<\/script>\n<!-- \/ Yoast SEO plugin. -->","yoast_head_json":{"title":"Angielski dla dzieci Wroc\u0142aw | kursy dla dzieci - IH Wroc\u0142aw","description":"Sprawd\u017a oferowane przez nas kursy j\u0119zyka angielskiego dla dzieci w ma\u0142ych grupach dobieranych w oparciu o kryterium wieku i poziom zaawansowania. Sprawd\u017a!","robots":{"index":"index","follow":"follow","max-snippet":"max-snippet:-1","max-image-preview":"max-image-preview:large","max-video-preview":"max-video-preview:-1"},"canonical":"https:\/\/www.ih.com.pl\/wroclaw\/kursy-dla-dzieci\/","og_locale":"pl_PL","og_type":"article","og_title":"Angielski dla dzieci Wroc\u0142aw | kursy dla dzieci - IH Wroc\u0142aw","og_description":"Sprawd\u017a oferowane przez nas kursy j\u0119zyka angielskiego dla dzieci w ma\u0142ych grupach dobieranych w oparciu o kryterium wieku i poziom zaawansowania. Sprawd\u017a!","og_url":"https:\/\/www.ih.com.pl\/wroclaw\/kursy-dla-dzieci\/","og_site_name":"IH Wroc\u0142aw","article_modified_time":"2023-09-18T13:41:53+00:00","twitter_card":"summary_large_image","twitter_misc":{"Szacowany czas czytania":"9 minut"},"schema":{"@context":"https:\/\/schema.org","@graph":[{"@type":"WebPage","@id":"https:\/\/www.ih.com.pl\/wroclaw\/kursy-dla-dzieci\/","url":"https:\/\/www.ih.com.pl\/wroclaw\/kursy-dla-dzieci\/","name":"Angielski dla dzieci Wroc\u0142aw | kursy dla dzieci - IH Wroc\u0142aw","isPartOf":{"@id":"https:\/\/www.ih.com.pl\/wroclaw\/#website"},"datePublished":"2020-01-27T04:20:15+00:00","dateModified":"2023-09-18T13:41:53+00:00","description":"Sprawd\u017a oferowane przez nas kursy j\u0119zyka angielskiego dla dzieci w ma\u0142ych grupach dobieranych w oparciu o kryterium wieku i poziom zaawansowania. Sprawd\u017a!","breadcrumb":{"@id":"https:\/\/www.ih.com.pl\/wroclaw\/kursy-dla-dzieci\/#breadcrumb"},"inLanguage":"pl-PL","potentialAction":[{"@type":"ReadAction","target":["https:\/\/www.ih.com.pl\/wroclaw\/kursy-dla-dzieci\/"]}]},{"@type":"BreadcrumbList","@id":"https:\/\/www.ih.com.pl\/wroclaw\/kursy-dla-dzieci\/#breadcrumb","itemListElement":[{"@type":"ListItem","position":1,"name":"Strona g\u0142\u00f3wna","item":"https:\/\/www.ih.com.pl\/wroclaw\/"},{"@type":"ListItem","position":2,"name":"Kursy dla dzieci"}]},{"@type":"WebSite","@id":"https:\/\/www.ih.com.pl\/wroclaw\/#website","url":"https:\/\/www.ih.com.pl\/wroclaw\/","name":"IH Wroc\u0142aw","description":"","potentialAction":[{"@type":"SearchAction","target":{"@type":"EntryPoint","urlTemplate":"https:\/\/www.ih.com.pl\/wroclaw\/?s={search_term_string}"},"query-input":{"@type":"PropertyValueSpecification","valueRequired":true,"valueName":"search_term_string"}}],"inLanguage":"pl-PL"}]}},"_links":{"self":[{"href":"https:\/\/www.ih.com.pl\/wroclaw\/wp-json\/wp\/v2\/pages\/343","targetHints":{"allow":["GET"]}}],"collection":[{"href":"https:\/\/www.ih.com.pl\/wroclaw\/wp-json\/wp\/v2\/pages"}],"about":[{"href":"https:\/\/www.ih.com.pl\/wroclaw\/wp-json\/wp\/v2\/types\/page"}],"author":[{"embeddable":true,"href":"https:\/\/www.ih.com.pl\/wroclaw\/wp-json\/wp\/v2\/users\/1"}],"replies":[{"embeddable":true,"href":"https:\/\/www.ih.com.pl\/wroclaw\/wp-json\/wp\/v2\/comments?post=343"}],"version-history":[{"count":40,"href":"https:\/\/www.ih.com.pl\/wroclaw\/wp-json\/wp\/v2\/pages\/343\/revisions"}],"predecessor-version":[{"id":3496,"href":"https:\/\/www.ih.com.pl\/wroclaw\/wp-json\/wp\/v2\/pages\/343\/revisions\/3496"}],"wp:attachment":[{"href":"https:\/\/www.ih.com.pl\/wroclaw\/wp-json\/wp\/v2\/media?parent=343"}],"curies":[{"name":"wp","href":"https:\/\/api.w.org\/{rel}","templated":true}]}}