{"id":349,"date":"2020-01-27T05:22:35","date_gmt":"2020-01-27T04:22:35","guid":{"rendered":"https:\/\/ih.wizjanet.pl\/wroclaw\/?page_id=349"},"modified":"2023-09-18T15:46:44","modified_gmt":"2023-09-18T13:46:44","slug":"kursy-dla-mlodziezy-i-doroslych","status":"publish","type":"page","link":"https:\/\/www.ih.com.pl\/wroclaw\/kursy-dla-mlodziezy-i-doroslych\/","title":{"rendered":"Kursy dla m\u0142odzie\u017cy i doros\u0142ych"},"content":{"rendered":"<div class=\"wpb-content-wrapper\"><p>[vc_row row_height_percent=&#8221;0&#8243; back_image=&#8221;352&#8243; overlay_color=&#8221;color-210407&#8243; overlay_alpha=&#8221;75&#8243; gutter_size=&#8221;3&#8243; column_width_percent=&#8221;100&#8243; shift_y=&#8221;0&#8243; z_index=&#8221;0&#8243; row_height_pixel=&#8221;350&#8243;][vc_column column_width_percent=&#8221;100&#8243; position_vertical=&#8221;middle&#8221; gutter_size=&#8221;3&#8243; overlay_alpha=&#8221;50&#8243; shift_x=&#8221;0&#8243; shift_y=&#8221;0&#8243; shift_y_down=&#8221;0&#8243; z_index=&#8221;0&#8243; medium_width=&#8221;0&#8243; mobile_width=&#8221;0&#8243; width=&#8221;1\/1&#8243;][vc_custom_heading heading_semantic=&#8221;h1&#8243; text_color=&#8221;color-xsdn&#8221;]Kursy angielskiego dla m\u0142odzie\u017cy i doros\u0142ych[\/vc_custom_heading][\/vc_column][\/vc_row][vc_row][vc_column width=&#8221;1\/1&#8243;][vc_tabs][vc_tab title=&#8221;Kursy dla m\u0142odzie\u017cy&#8221; tab_id=&#8221;1580297313-1-18&#8243;][vc_column_text]Juniors (11-12 lat)<\/p>\n<p>Seniors (13-15 lat)<\/p>\n<p>High School (15-18 lat)<\/p>\n<p>&nbsp;<\/p>\n<p>Kursy trwaj\u0105 od pa\u017adziernika do czerwca<\/p>\n<p>Grupy licz\u0105 od 4 do 10 os\u00f3b<\/p>\n<p>Zaj\u0119cia odbywaj\u0105 si\u0119 dwa razy w tygodniu po 90 minut<\/p>\n<p>Ca\u0142o\u015b\u0107 kursu obejmuje 120 godzin lekcyjnych<\/p>\n<p>Podzia\u0142 grup m\u0142odzie\u017cowych na trzy segmenty wiekowe \u00a0pozwala lepiej skorelowa\u0107 program zaj\u0119\u0107 z potrzebami i zainteresowaniami m\u0142odszych oraz starszych nastolatk\u00f3w.<\/p>\n<p>Nasza metoda stawia na praktyczne wykorzystanie j\u0119zyka, dlatego podczas zaj\u0119\u0107 m\u0142odzi ludzie spotkaj\u0105 si\u0119 z realnymi, wzi\u0119tymi z \u017cycia sytuacjami i zadaniami. Dzi\u0119ki temu angielski w IH nie jest nudn\u0105 i abstrakcyjn\u0105 teori\u0105, ale praktyczn\u0105, przydatn\u0105 umiej\u0119tno\u015bci\u0105.<\/p>\n<p>System poziom\u00f3w funkcjonuj\u0105cy w IH gwarantuje kontynuacj\u0119 nauki w naszej szkole na kolejnych poziomach zaawansowania oraz w odpowiedniej grupie wiekowej.<\/p>\n<p>Na zako\u0144czenie roku szkolnego, ka\u017cdy ucze\u0144 otrzymuje certyfikat oraz indywidualny raport lektora oceniaj\u0105cy poczynione post\u0119py i zawieraj\u0105ce rekomendacje dotycz\u0105ce dalszej nauki.<\/p>\n<p>Rodzicom naszych m\u0142odych s\u0142uchaczy oferujemy mo\u017cliwo\u015b\u0107 bie\u017c\u0105cego wgl\u0105du w przebieg kursu poprzez korzystanie z udogodnie\u0144 Internetowego Sekretariatu, a tak\u017ce poprzez indywidualne spotkania z nauczycielem.<\/p>\n<p>&nbsp;<\/p>\n<p><strong>Kursy egzaminacyjne \u00a0<\/strong><\/p>\n<p>Po pomy\u015blnym uko\u0144czeniu poziomu 5 i rekomendacji lektora s\u0142uchacze mog\u0105 rozpocz\u0105\u0107 nauk\u0119 w m\u0142odzie\u017cowych grupach przygotowuj\u0105cych do egzamin\u00f3w Cambridge \u2013\u00a0 B2: First (FCE) i C1: Advanced (CAE).<\/p>\n<p>&nbsp;<\/p>\n<p><strong>Kurs maturalny<\/strong><\/p>\n<p>W trakcie kursu realizowany jest materia\u0142 gramatyczny obowi\u0105zuj\u0105cy w szkole \u015bredniej oraz rozwijane wszystkie sprawno\u015bci j\u0119zykowe: m\u00f3wienie, pisanie, rozumienie ze s\u0142uchu oraz rozumienie tekstu czytanego. Program k\u0142adzie nacisk na komunikacj\u0119 j\u0119zykow\u0105 oraz praktyczne zastosowanie skutecznych strategii rozwi\u0105zywania zada\u0144 egzaminacyjnych. Kursy maturalne prowadzone s\u0105 na poziomie rozszerzonym. Kurs maturalny obejmuje 90 godzin lekcyjnych, a zaj\u0119cia ko\u0144cz\u0105 si\u0119 w kwietniu.[\/vc_column_text][\/vc_tab][vc_tab title=&#8221;Kursy dla doros\u0142ych&#8221; tab_id=&#8221;1580297313-2-30&#8243;][vc_column_text]KURSY DLA DOROS\u0141YCH (19 +)<\/p>\n<ul>\n<li>Kursy trwaj\u0105 od pa\u017adziernika do czerwca<\/li>\n<li>Zaj\u0119cia odbywaj\u0105 si\u0119 dwa razy w tygodniu po 90 minut<\/li>\n<li>Ca\u0142o\u015b\u0107 kursu obejmuje 120 godzin lekcyjnych<\/li>\n<li>Grupy licz\u0105 od 4 do 8 os\u00f3b<\/li>\n<\/ul>\n<p>Roczne kursy og\u00f3lnoj\u0119zykowe adresowane s\u0105 do os\u00f3b nastawionych na systematyczn\u0105 nauk\u0119. Kurs prowadzony jest w oparciu o praktyczn\u0105 metod\u0119 komunikacyjn\u0105, w ramach kt\u00f3rej \u0107wiczone s\u0105 umiej\u0119tno\u015bci swobodnego porozumiewania si\u0119 we wsp\u00f3\u0142czesnym \u015bwiecie, przy jednoczesnym rozwijaniu umiej\u0119tno\u015bci pisania, czytania, a tak\u017ce praktycznego stosowania zasad gramatycznych. Wykorzystujemy autorskie programy nauczania prezentuj\u0105ce najwy\u017cszy poziom merytoryczny. Stawiamy sobie za cel metodyczne, konsekwentne i skuteczne pog\u0142\u0119bianie wiedzy j\u0119zykowej naszych s\u0142uchaczy, a w rezultacie osi\u0105gni\u0119cie przez nich za\u0142o\u017conego poziomu bieg\u0142o\u015bci j\u0119zykowej.<\/p>\n<p>Na zako\u0144czenie ka\u017cdego roku nauki, uczestnik kursu otrzymuje certyfikat oraz indywidualny raport lektora oceniaj\u0105cy poczynione post\u0119py i zawieraj\u0105cy rekomendacje dotycz\u0105ce dalszej edukacji.<\/p>\n<p>&nbsp;<\/p>\n<p>System poziom\u00f3w funkcjonuj\u0105cy w International House Integra pomy\u015blany jest w spos\u00f3b gwarantuj\u0105cy kontynuacj\u0119 nauki w naszej szkole na kolejnych poziomach zaawansowania.<\/p>\n<p>&nbsp;<\/p>\n<p>Po pomy\u015blnym uko\u0144czeniu poziomu 5 i rekomendacji lektora s\u0142uchacze mog\u0105 rozpocz\u0105\u0107 nauk\u0119 w <strong>grupach egzaminacyjnych,<\/strong> przygotowuj\u0105cych do\u00a0<a href=\"https:\/\/www.ih.com.pl\/wroclaw\/centrum_egzaminacyjne.html\">egzamin\u00f3w Cambridge<\/a> \u2013\u00a0 B2: First (FCE), C1: Advanced (CAE) oraz C2: Proficiency (CPE). Przygotowujemy r\u00f3wnie\u017c do egzaminy <strong>IELTS.<\/strong><\/p>\n<p>Dla os\u00f3b o zaawansowanym stopniu znajomo\u015bci j\u0119zyka, kt\u00f3re nie zamierzaj\u0105 weryfikowa\u0107 swoich umiej\u0119tno\u015bci egzaminem, przeznaczone s\u0105 r\u00f3wnoleg\u0142e <strong>grupy nieegzaminacyjne<\/strong> doskonal\u0105ce bieg\u0142o\u015b\u0107 j\u0119zykow\u0105, rozwijaj\u0105ce s\u0142ownictwo i utrwalaj\u0105ce znajomo\u015b\u0107 struktur gramatycznych.<\/p>\n<p>Szczeg\u00f3lnie obci\u0105\u017conym obowi\u0105zkami polecamy\u00a0<strong><a href=\"https:\/\/www.ih.com.pl\/wroclaw\/english_for_lunch,s237.html\">kursy odbywaj\u0105ce si\u0119 raz w tygodniu.<\/a><\/strong><\/p>\n<p>Zaawansowanym proponujemy zaj\u0119cia konwersacyjne \u2013 <strong>Authentic English<\/strong> i <strong>Proficiency Plus<\/strong><\/p>\n<ul>\n<li>Kursy trwaj\u0105 od pa\u017adziernika do czerwca<\/li>\n<li>Ca\u0142o\u015b\u0107 kursu obejmuje 60 godzin lekcyjnych<\/li>\n<li>Grupy licz\u0105 od 4 do 10 os\u00f3b<\/li>\n<\/ul>\n<p>S\u0142uchacze IH mog\u0105 te\u017c korzysta\u0107 z programu zaj\u0119\u0107 pozalekcyjnych, b\u0119d\u0105cych doskona\u0142ym uzupe\u0142nieniem naszej oferty edukacyjnej.[\/vc_column_text][\/vc_tab][vc_tab title=&#8221;Poziomy&#8221; tab_id=&#8221;1580297442665-2-7&#8243;][vc_single_image media=&#8221;779&#8243; media_width_percent=&#8221;65&#8243; alignment=&#8221;center&#8221;][\/vc_tab][\/vc_tabs][\/vc_column][\/vc_row]<\/p>\n<\/div>","protected":false},"excerpt":{"rendered":"<p>[vc_row row_height_percent=&#8221;0&#8243; back_image=&#8221;352&#8243; overlay_color=&#8221;color-210407&#8243; overlay_alpha=&#8221;75&#8243; gutter_size=&#8221;3&#8243; column_width_percent=&#8221;100&#8243; shift_y=&#8221;0&#8243; z_index=&#8221;0&#8243; row_height_pixel=&#8221;350&#8243;][vc_column column_width_percent=&#8221;100&#8243; position_vertical=&#8221;middle&#8221; gutter_size=&#8221;3&#8243; overlay_alpha=&#8221;50&#8243; shift_x=&#8221;0&#8243; shift_y=&#8221;0&#8243; shift_y_down=&#8221;0&#8243; z_index=&#8221;0&#8243; medium_width=&#8221;0&#8243; mobile_width=&#8221;0&#8243; [&hellip;]<\/p>\n","protected":false},"author":1,"featured_media":0,"parent":0,"menu_order":0,"comment_status":"closed","ping_status":"closed","template":"","meta":{"footnotes":""},"class_list":["post-349","page","type-page","status-publish","hentry"],"yoast_head":"<!-- This site is optimized with the Yoast SEO plugin v26.8 - https:\/\/yoast.com\/product\/yoast-seo-wordpress\/ -->\n<title>Kurs angielskiego Wroc\u0142aw dla m\u0142odzie\u017cy i doros\u0142ych - IH Wroc\u0142aw<\/title>\n<meta name=\"description\" content=\"Oferujemy kursy angielskiego dla m\u0142odzie\u017cy w wieku od 11 do 18 lat jak r\u00f3wnie\u017c kursy dla doros\u0142ych. Wszystko w grupach od 5 do 10 os\u00f3b. Sprawd\u017a nasz\u0105 ofert\u0119!\" \/>\n<meta name=\"robots\" content=\"index, follow, max-snippet:-1, max-image-preview:large, max-video-preview:-1\" \/>\n<link rel=\"canonical\" href=\"https:\/\/www.ih.com.pl\/wroclaw\/kursy-dla-mlodziezy-i-doroslych\/\" \/>\n<meta property=\"og:locale\" content=\"pl_PL\" \/>\n<meta property=\"og:type\" content=\"article\" \/>\n<meta property=\"og:title\" content=\"Kurs angielskiego Wroc\u0142aw dla m\u0142odzie\u017cy i doros\u0142ych - IH Wroc\u0142aw\" \/>\n<meta property=\"og:description\" content=\"Oferujemy kursy angielskiego dla m\u0142odzie\u017cy w wieku od 11 do 18 lat jak r\u00f3wnie\u017c kursy dla doros\u0142ych. Wszystko w grupach od 5 do 10 os\u00f3b. Sprawd\u017a nasz\u0105 ofert\u0119!\" \/>\n<meta property=\"og:url\" content=\"https:\/\/www.ih.com.pl\/wroclaw\/kursy-dla-mlodziezy-i-doroslych\/\" \/>\n<meta property=\"og:site_name\" content=\"IH Wroc\u0142aw\" \/>\n<meta property=\"article:modified_time\" content=\"2023-09-18T13:46:44+00:00\" \/>\n<meta name=\"twitter:card\" content=\"summary_large_image\" \/>\n<meta name=\"twitter:label1\" content=\"Szacowany czas czytania\" \/>\n\t<meta name=\"twitter:data1\" content=\"4 minuty\" \/>\n<script type=\"application\/ld+json\" class=\"yoast-schema-graph\">{\"@context\":\"https:\/\/schema.org\",\"@graph\":[{\"@type\":\"WebPage\",\"@id\":\"https:\/\/www.ih.com.pl\/wroclaw\/kursy-dla-mlodziezy-i-doroslych\/\",\"url\":\"https:\/\/www.ih.com.pl\/wroclaw\/kursy-dla-mlodziezy-i-doroslych\/\",\"name\":\"Kurs angielskiego Wroc\u0142aw dla m\u0142odzie\u017cy i doros\u0142ych - IH Wroc\u0142aw\",\"isPartOf\":{\"@id\":\"https:\/\/www.ih.com.pl\/wroclaw\/#website\"},\"datePublished\":\"2020-01-27T04:22:35+00:00\",\"dateModified\":\"2023-09-18T13:46:44+00:00\",\"description\":\"Oferujemy kursy angielskiego dla m\u0142odzie\u017cy w wieku od 11 do 18 lat jak r\u00f3wnie\u017c kursy dla doros\u0142ych. Wszystko w grupach od 5 do 10 os\u00f3b. Sprawd\u017a nasz\u0105 ofert\u0119!\",\"breadcrumb\":{\"@id\":\"https:\/\/www.ih.com.pl\/wroclaw\/kursy-dla-mlodziezy-i-doroslych\/#breadcrumb\"},\"inLanguage\":\"pl-PL\",\"potentialAction\":[{\"@type\":\"ReadAction\",\"target\":[\"https:\/\/www.ih.com.pl\/wroclaw\/kursy-dla-mlodziezy-i-doroslych\/\"]}]},{\"@type\":\"BreadcrumbList\",\"@id\":\"https:\/\/www.ih.com.pl\/wroclaw\/kursy-dla-mlodziezy-i-doroslych\/#breadcrumb\",\"itemListElement\":[{\"@type\":\"ListItem\",\"position\":1,\"name\":\"Strona g\u0142\u00f3wna\",\"item\":\"https:\/\/www.ih.com.pl\/wroclaw\/\"},{\"@type\":\"ListItem\",\"position\":2,\"name\":\"Kursy dla m\u0142odzie\u017cy i doros\u0142ych\"}]},{\"@type\":\"WebSite\",\"@id\":\"https:\/\/www.ih.com.pl\/wroclaw\/#website\",\"url\":\"https:\/\/www.ih.com.pl\/wroclaw\/\",\"name\":\"IH Wroc\u0142aw\",\"description\":\"\",\"potentialAction\":[{\"@type\":\"SearchAction\",\"target\":{\"@type\":\"EntryPoint\",\"urlTemplate\":\"https:\/\/www.ih.com.pl\/wroclaw\/?s={search_term_string}\"},\"query-input\":{\"@type\":\"PropertyValueSpecification\",\"valueRequired\":true,\"valueName\":\"search_term_string\"}}],\"inLanguage\":\"pl-PL\"}]}<\/script>\n<!-- \/ Yoast SEO plugin. -->","yoast_head_json":{"title":"Kurs angielskiego Wroc\u0142aw dla m\u0142odzie\u017cy i doros\u0142ych - IH Wroc\u0142aw","description":"Oferujemy kursy angielskiego dla m\u0142odzie\u017cy w wieku od 11 do 18 lat jak r\u00f3wnie\u017c kursy dla doros\u0142ych. Wszystko w grupach od 5 do 10 os\u00f3b. Sprawd\u017a nasz\u0105 ofert\u0119!","robots":{"index":"index","follow":"follow","max-snippet":"max-snippet:-1","max-image-preview":"max-image-preview:large","max-video-preview":"max-video-preview:-1"},"canonical":"https:\/\/www.ih.com.pl\/wroclaw\/kursy-dla-mlodziezy-i-doroslych\/","og_locale":"pl_PL","og_type":"article","og_title":"Kurs angielskiego Wroc\u0142aw dla m\u0142odzie\u017cy i doros\u0142ych - IH Wroc\u0142aw","og_description":"Oferujemy kursy angielskiego dla m\u0142odzie\u017cy w wieku od 11 do 18 lat jak r\u00f3wnie\u017c kursy dla doros\u0142ych. Wszystko w grupach od 5 do 10 os\u00f3b. Sprawd\u017a nasz\u0105 ofert\u0119!","og_url":"https:\/\/www.ih.com.pl\/wroclaw\/kursy-dla-mlodziezy-i-doroslych\/","og_site_name":"IH Wroc\u0142aw","article_modified_time":"2023-09-18T13:46:44+00:00","twitter_card":"summary_large_image","twitter_misc":{"Szacowany czas czytania":"4 minuty"},"schema":{"@context":"https:\/\/schema.org","@graph":[{"@type":"WebPage","@id":"https:\/\/www.ih.com.pl\/wroclaw\/kursy-dla-mlodziezy-i-doroslych\/","url":"https:\/\/www.ih.com.pl\/wroclaw\/kursy-dla-mlodziezy-i-doroslych\/","name":"Kurs angielskiego Wroc\u0142aw dla m\u0142odzie\u017cy i doros\u0142ych - IH Wroc\u0142aw","isPartOf":{"@id":"https:\/\/www.ih.com.pl\/wroclaw\/#website"},"datePublished":"2020-01-27T04:22:35+00:00","dateModified":"2023-09-18T13:46:44+00:00","description":"Oferujemy kursy angielskiego dla m\u0142odzie\u017cy w wieku od 11 do 18 lat jak r\u00f3wnie\u017c kursy dla doros\u0142ych. Wszystko w grupach od 5 do 10 os\u00f3b. Sprawd\u017a nasz\u0105 ofert\u0119!","breadcrumb":{"@id":"https:\/\/www.ih.com.pl\/wroclaw\/kursy-dla-mlodziezy-i-doroslych\/#breadcrumb"},"inLanguage":"pl-PL","potentialAction":[{"@type":"ReadAction","target":["https:\/\/www.ih.com.pl\/wroclaw\/kursy-dla-mlodziezy-i-doroslych\/"]}]},{"@type":"BreadcrumbList","@id":"https:\/\/www.ih.com.pl\/wroclaw\/kursy-dla-mlodziezy-i-doroslych\/#breadcrumb","itemListElement":[{"@type":"ListItem","position":1,"name":"Strona g\u0142\u00f3wna","item":"https:\/\/www.ih.com.pl\/wroclaw\/"},{"@type":"ListItem","position":2,"name":"Kursy dla m\u0142odzie\u017cy i doros\u0142ych"}]},{"@type":"WebSite","@id":"https:\/\/www.ih.com.pl\/wroclaw\/#website","url":"https:\/\/www.ih.com.pl\/wroclaw\/","name":"IH Wroc\u0142aw","description":"","potentialAction":[{"@type":"SearchAction","target":{"@type":"EntryPoint","urlTemplate":"https:\/\/www.ih.com.pl\/wroclaw\/?s={search_term_string}"},"query-input":{"@type":"PropertyValueSpecification","valueRequired":true,"valueName":"search_term_string"}}],"inLanguage":"pl-PL"}]}},"_links":{"self":[{"href":"https:\/\/www.ih.com.pl\/wroclaw\/wp-json\/wp\/v2\/pages\/349","targetHints":{"allow":["GET"]}}],"collection":[{"href":"https:\/\/www.ih.com.pl\/wroclaw\/wp-json\/wp\/v2\/pages"}],"about":[{"href":"https:\/\/www.ih.com.pl\/wroclaw\/wp-json\/wp\/v2\/types\/page"}],"author":[{"embeddable":true,"href":"https:\/\/www.ih.com.pl\/wroclaw\/wp-json\/wp\/v2\/users\/1"}],"replies":[{"embeddable":true,"href":"https:\/\/www.ih.com.pl\/wroclaw\/wp-json\/wp\/v2\/comments?post=349"}],"version-history":[{"count":16,"href":"https:\/\/www.ih.com.pl\/wroclaw\/wp-json\/wp\/v2\/pages\/349\/revisions"}],"predecessor-version":[{"id":3498,"href":"https:\/\/www.ih.com.pl\/wroclaw\/wp-json\/wp\/v2\/pages\/349\/revisions\/3498"}],"wp:attachment":[{"href":"https:\/\/www.ih.com.pl\/wroclaw\/wp-json\/wp\/v2\/media?parent=349"}],"curies":[{"name":"wp","href":"https:\/\/api.w.org\/{rel}","templated":true}]}}