{"id":359,"date":"2020-01-27T05:25:15","date_gmt":"2020-01-27T04:25:15","guid":{"rendered":"https:\/\/ih.wizjanet.pl\/wroclaw\/?page_id=359"},"modified":"2020-01-29T12:52:16","modified_gmt":"2020-01-29T11:52:16","slug":"kursy-indywdualne-oraz-dla-firm","status":"publish","type":"page","link":"https:\/\/www.ih.com.pl\/wroclaw\/kursy-indywdualne-oraz-dla-firm\/","title":{"rendered":"Kursy indywidualne oraz dla firm"},"content":{"rendered":"<div class=\"wpb-content-wrapper\"><p>[vc_row row_height_percent=&#8221;0&#8243; back_image=&#8221;20&#8243; back_position=&#8221;center top&#8221; overlay_color=&#8221;color-210407&#8243; overlay_alpha=&#8221;75&#8243; gutter_size=&#8221;3&#8243; column_width_percent=&#8221;100&#8243; shift_y=&#8221;0&#8243; z_index=&#8221;0&#8243; row_height_pixel=&#8221;350&#8243;][vc_column column_width_percent=&#8221;100&#8243; position_vertical=&#8221;middle&#8221; gutter_size=&#8221;3&#8243; overlay_alpha=&#8221;50&#8243; shift_x=&#8221;0&#8243; shift_y=&#8221;0&#8243; shift_y_down=&#8221;0&#8243; z_index=&#8221;0&#8243; medium_width=&#8221;0&#8243; mobile_width=&#8221;0&#8243; width=&#8221;1\/1&#8243;][vc_custom_heading text_color=&#8221;color-xsdn&#8221;]Kursy indywidualne oraz dla firm[\/vc_custom_heading][\/vc_column][\/vc_row][vc_row][vc_column width=&#8221;2\/3&#8243;][vc_custom_heading heading_semantic=&#8221;h4&#8243; text_size=&#8221;h4&#8243; text_color=&#8221;color-jevc&#8221; separator=&#8221;yes&#8221;]Zajmujemy si\u0119 organizacj\u0105 kurs\u00f3w j\u0119zykowych na zlecenie firm oraz os\u00f3b prywatnych. Do naszych klient\u00f3w nale\u017c\u0105 zar\u00f3wno przedsi\u0119biorstwa znane na rynku lokalnym, jak i og\u00f3lnopolskim, w tym mi\u0119dzy innymi: banki, instytucje pa\u0144stwowe, firmy konsultingowe i firmy prywatne. Cz\u0119\u015b\u0107 z nich wsp\u00f3\u0142pracuje z nami ju\u017c od wielu lat.[\/vc_custom_heading][vc_column_text]Zapewniamy:<\/p>\n<ul>\n<li>najwy\u017csz\u0105 jako\u015b\u0107 nauczania;<\/li>\n<li>szkolenia o standardzie mi\u0119dzynarodowym;<\/li>\n<li>kursy \u2018skrojone na miar\u0119\u2019, dostosowane do potrzeb klienta;<\/li>\n<li>program przygotowywany w oparciu o analiz\u0119 potrzeb;<\/li>\n<li>wyb\u00f3r dowolnej formy i rodzaju kursu;<\/li>\n<li>opcj\u0119 modyfikowania programu w trakcie kursu;<\/li>\n<li>bezp\u0142atny audyt j\u0119zykowy;<\/li>\n<li>mo\u017cliwo\u015b\u0107 do\u0142\u0105czania nowych os\u00f3b do grupy;<\/li>\n<li>bezp\u0142atn\u0105 opiek\u0119 metodyczn\u0105 i merytoryczn\u0105;<\/li>\n<li>lekcje w siedzibie firmy lub w budynku szko\u0142y IH;<\/li>\n<li>profesjonalizm, elastyczno\u015b\u0107 i dostosowanie do potrzeb klienta;<\/li>\n<li>sprawdzon\u0105, skuteczn\u0105 metod\u0119 nauczania;<\/li>\n<li>odpowiedni\u0105 organizacj\u0119 oraz warunki nauki i pracy;<\/li>\n<li>raporty o post\u0119pach pracownik\u00f3w;<\/li>\n<li>profesjonaln\u0105 koordynacj\u0119 i obs\u0142ug\u0119 administracyjn\u0105;<\/li>\n<\/ul>\n<p>[\/vc_column_text][vc_separator sep_color=&#8221;color-gyho&#8221; el_height=&#8221;2px&#8221;][vc_row_inner][vc_column_inner column_width_percent=&#8221;100&#8243; align_horizontal=&#8221;align_center&#8221; gutter_size=&#8221;3&#8243; overlay_alpha=&#8221;50&#8243; shift_x=&#8221;0&#8243; shift_y=&#8221;0&#8243; shift_y_down=&#8221;0&#8243; z_index=&#8221;0&#8243; medium_width=&#8221;0&#8243; mobile_width=&#8221;0&#8243; width=&#8221;1\/1&#8243;][vc_custom_heading subheading=&#8221;W przypadku firm, istnieje r\u00f3wnie\u017c mo\u017cliwo\u015b\u0107 do\u0142\u0105czenia pracownik\u00f3w do odpowiednich grup prowadzonych w szkole International House.&#8221;]Rodzaje kurs\u00f3w dla firm i os\u00f3b indywidualnych:[\/vc_custom_heading][\/vc_column_inner][\/vc_row_inner][vc_row_inner][vc_column_inner column_width_percent=&#8221;100&#8243; gutter_size=&#8221;3&#8243; overlay_alpha=&#8221;50&#8243; shift_x=&#8221;0&#8243; shift_y=&#8221;0&#8243; shift_y_down=&#8221;0&#8243; z_index=&#8221;0&#8243; medium_width=&#8221;0&#8243; mobile_width=&#8221;0&#8243; width=&#8221;1\/2&#8243;][vc_column_text]<strong>Kursy indywidualne (one-to-one).<\/strong><br \/>\nOferta zaj\u0119\u0107 indywidualnych skierowana jest zar\u00f3wno do doros\u0142ych jaki i m\u0142odzie\u017cy i dzieci. Program kursu jest ustalany mi\u0119dzy studentem a lektorem. Mo\u017cliwe jest r\u00f3wnie\u017c zorganizowanie kursu dla grupy dw\u00f3ch lub trzech os\u00f3b indywidualnych. Program zaj\u0119\u0107 ustalany jest pomi\u0119dzy lektorem a studentem \/ jego rodzicem, w oparciu o szczeg\u00f3\u0142ow\u0105 analiz\u0119 potrzeb, tak aby jak najlepiej utrafi\u0107 w zapotrzebowanie klienta.[\/vc_column_text][vc_column_text]<strong>Modular Business English.<\/strong><br \/>\nKr\u00f3tkie kursy ukierunkowane na specyficzne aspekty komunikacji w \u015brodowisku biznesu. Sk\u0142adaj\u0105 si\u0119 na nie opcjonalne modu\u0142y: spotkania, telefonowanie, negocjacje, prezentacje, pisma i inne.[\/vc_column_text][vc_column_text]<strong>Konwersacje.<\/strong><br \/>\nZaj\u0119cia tego typu maj\u0105 na celu rozwini\u0119cie umiej\u0119tno\u015bci m\u00f3wienia i rozumienia ze s\u0142uchu. Tematyka zaj\u0119\u0107 dostosowywana jest do potrzeb uczestnik\u00f3w kursu.[\/vc_column_text][\/vc_column_inner][vc_column_inner width=&#8221;1\/2&#8243;][vc_column_text]<strong>General English.<\/strong><br \/>\nKursy oparte na standardowych podr\u0119cznikach i materia\u0142ach. Umo\u017cliwiaj\u0105 nauk\u0119 struktur gramatycznych, s\u0142ownictwa, rozwini\u0119cie umiej\u0119tno\u015bci m\u00f3wienia, rozumienia ze s\u0142uchu, czytania i pisania. W ramach tego typu kurs\u00f3w istnieje mo\u017cliwo\u015b\u0107 przygotowania do egzamin\u00f3w Cambridge English. Oferujemy r\u00f3wnie\u017c kursy dla dzieci i m\u0142odzie\u017cy.[\/vc_column_text][vc_column_text]<strong>Business English.<\/strong><br \/>\nKursy te oparte s\u0105 na podr\u0119cznikach i materia\u0142ach do Business English. Umo\u017cliwiaj\u0105 nabycie umiej\u0119tno\u015bci pos\u0142ugiwania si\u0119 j\u0119zykiem angielskim w \u015brodowisku biznesu. W ramach tego typu kursu istnieje mo\u017cliwo\u015b\u0107 przygotowania do egzaminu Cambridge English: Business (BEC).[\/vc_column_text][vc_column_text]<strong>Kursy specjalistyczne (z dziedziny prawa i medycyny).<\/strong><br \/>\nZaj\u0119cia indywidualne lub w ma\u0142ych grupach, prowadzone przez lektora specjalizuj\u0105cego si\u0119 w dziedzinie prawa i medycyny.[\/vc_column_text][\/vc_column_inner][\/vc_row_inner][vc_separator sep_color=&#8221;color-gyho&#8221; el_height=&#8221;2px&#8221;][\/vc_column][vc_column width=&#8221;1\/3&#8243;]\n<div class=\"wpcf7 no-js\" id=\"wpcf7-f523-o1\" lang=\"pl-PL\" dir=\"ltr\" data-wpcf7-id=\"523\">\n<div class=\"screen-reader-response\"><p role=\"status\" aria-live=\"polite\" aria-atomic=\"true\"><\/p> <ul><\/ul><\/div>\n<form action=\"\/wroclaw\/wp-json\/wp\/v2\/pages\/359#wpcf7-f523-o1\" method=\"post\" class=\"wpcf7-form init\" aria-label=\"Formularz kontaktowy\" novalidate=\"novalidate\" data-status=\"init\">\n<fieldset class=\"hidden-fields-container\"><input type=\"hidden\" name=\"_wpcf7\" value=\"523\" \/><input type=\"hidden\" name=\"_wpcf7_version\" value=\"6.1.4\" \/><input type=\"hidden\" name=\"_wpcf7_locale\" value=\"pl_PL\" \/><input type=\"hidden\" name=\"_wpcf7_unit_tag\" value=\"wpcf7-f523-o1\" \/><input type=\"hidden\" name=\"_wpcf7_container_post\" value=\"0\" \/><input type=\"hidden\" name=\"_wpcf7_posted_data_hash\" value=\"\" \/><input type=\"hidden\" name=\"_wpcf7cf_hidden_group_fields\" value=\"[]\" \/><input type=\"hidden\" name=\"_wpcf7cf_hidden_groups\" value=\"[]\" \/><input type=\"hidden\" name=\"_wpcf7cf_visible_groups\" value=\"[]\" \/><input type=\"hidden\" name=\"_wpcf7cf_repeaters\" value=\"[]\" \/><input type=\"hidden\" name=\"_wpcf7cf_steps\" value=\"{}\" \/><input type=\"hidden\" name=\"_wpcf7cf_options\" value=\"{&quot;form_id&quot;:523,&quot;conditions&quot;:[],&quot;settings&quot;:{&quot;animation&quot;:&quot;yes&quot;,&quot;animation_intime&quot;:200,&quot;animation_outtime&quot;:200,&quot;conditions_ui&quot;:&quot;normal&quot;,&quot;notice_dismissed&quot;:false}}\" \/>\n<\/fieldset>\n<p><label><strong>Nazwa Firmy b\u0105d\u017a imi\u0119 i nazwisko osoby prywatnej *<\/strong><br \/>\n<span class=\"wpcf7-form-control-wrap\" data-name=\"nazwisko\"><input size=\"40\" maxlength=\"400\" class=\"wpcf7-form-control wpcf7-text wpcf7-validates-as-required\" aria-required=\"true\" aria-invalid=\"false\" value=\"\" type=\"text\" name=\"nazwisko\" \/><\/span> <\/label><label> <strong>Adres Firmy<\/strong><br \/>\n<span class=\"wpcf7-form-control-wrap\" data-name=\"firma\"><input size=\"40\" maxlength=\"400\" class=\"wpcf7-form-control wpcf7-text wpcf7-validates-as-required\" aria-required=\"true\" aria-invalid=\"false\" value=\"\" type=\"text\" name=\"firma\" \/><\/span><\/label><br \/>\n<label> <strong>Liczba os\u00f3b chc\u0105cych si\u0119 uczy\u0107 <\/strong><span class=\"wpcf7-form-control-wrap\" data-name=\"liczbaosob\"><input size=\"40\" maxlength=\"400\" class=\"wpcf7-form-control wpcf7-text wpcf7-validates-as-required\" aria-required=\"true\" aria-invalid=\"false\" value=\"\" type=\"text\" name=\"liczbaosob\" \/><\/span><\/label><br \/>\n<label> <strong>Rodzaj kursu: <\/strong><br \/>\n<span class=\"wpcf7-form-control-wrap\" data-name=\"radio-407\"><span class=\"wpcf7-form-control wpcf7-radio\"><span class=\"wpcf7-list-item first\"><span class=\"wpcf7-list-item-label\">General English<\/span><input type=\"radio\" name=\"radio-407\" value=\"General English\" checked=\"checked\" \/><\/span><span class=\"wpcf7-list-item\"><span class=\"wpcf7-list-item-label\">Business English<\/span><input type=\"radio\" name=\"radio-407\" value=\"Business English\" \/><\/span><span class=\"wpcf7-list-item last\"><span class=\"wpcf7-list-item-label\">inny<\/span><input type=\"radio\" name=\"radio-407\" value=\"inny\" \/><\/span><\/span><\/span> <\/label>\n<\/p>\n<p><label><strong>D\u0142ugo\u015b\u0107 zaj\u0119\u0107 i cz\u0119stotliwo\u015b\u0107 w tygodniu <\/strong><br \/>\n<span class=\"wpcf7-form-control-wrap\" data-name=\"czestotliwosc\"><input size=\"40\" maxlength=\"400\" class=\"wpcf7-form-control wpcf7-text\" aria-invalid=\"false\" value=\"\" type=\"text\" name=\"czestotliwosc\" \/><\/span> <\/label><br \/>\n<label><strong>Proponowane godziny zaj\u0119\u0107 <\/strong><br \/>\n<span class=\"wpcf7-form-control-wrap\" data-name=\"godziny\"><input size=\"40\" maxlength=\"400\" class=\"wpcf7-form-control wpcf7-text\" aria-invalid=\"false\" value=\"\" type=\"text\" name=\"godziny\" \/><\/span> <\/label><br \/>\n<label><strong>D\u0142ugo\u015b\u0107 kontraktu <\/strong><br \/>\n<span class=\"wpcf7-form-control-wrap\" data-name=\"kontrakt\"><input size=\"40\" maxlength=\"400\" class=\"wpcf7-form-control wpcf7-text\" aria-invalid=\"false\" value=\"\" type=\"text\" name=\"kontrakt\" \/><\/span> <\/label><br \/>\n<label><strong>Miejsce przeprowadzenia kursu (siedziba firmy\/siedziba szko\u0142y)<\/strong><br \/>\n<span class=\"wpcf7-form-control-wrap\" data-name=\"miejsce\"><input size=\"40\" maxlength=\"400\" class=\"wpcf7-form-control wpcf7-text\" aria-invalid=\"false\" value=\"\" type=\"text\" name=\"miejsce\" \/><\/span> <\/label><br \/>\n<label><strong>Imi\u0119 i nazwisko osoby kontaktowej * <\/strong><br \/>\n<span class=\"wpcf7-form-control-wrap\" data-name=\"imieinazwisko\"><input size=\"40\" maxlength=\"400\" class=\"wpcf7-form-control wpcf7-text wpcf7-validates-as-required\" aria-required=\"true\" aria-invalid=\"false\" value=\"\" type=\"text\" name=\"imieinazwisko\" \/><\/span> <\/label><br \/>\n<label><strong>Nr telefonu osoby kontaktowej * <\/strong><br \/>\n<span class=\"wpcf7-form-control-wrap\" data-name=\"tel-781\"><input size=\"40\" maxlength=\"400\" class=\"wpcf7-form-control wpcf7-tel wpcf7-validates-as-required wpcf7-text wpcf7-validates-as-tel\" aria-required=\"true\" aria-invalid=\"false\" value=\"\" type=\"tel\" name=\"tel-781\" \/><\/span> <\/label><br \/>\n<label><strong>E-mail * <\/strong><br \/>\n<span class=\"wpcf7-form-control-wrap\" data-name=\"email-268\"><input size=\"40\" maxlength=\"400\" class=\"wpcf7-form-control wpcf7-email wpcf7-validates-as-required wpcf7-text wpcf7-validates-as-email\" aria-required=\"true\" aria-invalid=\"false\" value=\"\" type=\"email\" name=\"email-268\" \/><\/span> <\/label><br \/>\n<label><strong>Uwagi<\/strong><br \/>\n<span class=\"wpcf7-form-control-wrap\" data-name=\"uwagi\"><textarea cols=\"40\" rows=\"10\" maxlength=\"2000\" class=\"wpcf7-form-control wpcf7-textarea\" aria-invalid=\"false\" name=\"uwagi\"><\/textarea><\/span> <\/label>\n<\/p>\n<p><input class=\"wpcf7-form-control wpcf7-submit has-spinner\" type=\"submit\" value=\"Wy\u015blij\" \/>\n<\/p><div class=\"wpcf7-response-output\" aria-hidden=\"true\"><\/div>\n<\/form>\n<\/div>\n[\/vc_column][\/vc_row]<\/p>\n<\/div>","protected":false},"excerpt":{"rendered":"<p>[vc_row row_height_percent=&#8221;0&#8243; back_image=&#8221;20&#8243; back_position=&#8221;center top&#8221; overlay_color=&#8221;color-210407&#8243; overlay_alpha=&#8221;75&#8243; gutter_size=&#8221;3&#8243; column_width_percent=&#8221;100&#8243; shift_y=&#8221;0&#8243; z_index=&#8221;0&#8243; row_height_pixel=&#8221;350&#8243;][vc_column column_width_percent=&#8221;100&#8243; position_vertical=&#8221;middle&#8221; gutter_size=&#8221;3&#8243; overlay_alpha=&#8221;50&#8243; shift_x=&#8221;0&#8243; shift_y=&#8221;0&#8243; shift_y_down=&#8221;0&#8243; z_index=&#8221;0&#8243; [&hellip;]<\/p>\n","protected":false},"author":1,"featured_media":0,"parent":0,"menu_order":0,"comment_status":"closed","ping_status":"closed","template":"","meta":{"footnotes":""},"class_list":["post-359","page","type-page","status-publish","hentry"],"yoast_head":"<!-- This site is optimized with the Yoast SEO plugin v26.8 - https:\/\/yoast.com\/product\/yoast-seo-wordpress\/ -->\n<title>Kursy indywidualne oraz dla firm - IH Wroc\u0142aw<\/title>\n<meta name=\"robots\" content=\"index, follow, max-snippet:-1, max-image-preview:large, max-video-preview:-1\" \/>\n<link rel=\"canonical\" href=\"https:\/\/www.ih.com.pl\/wroclaw\/kursy-indywdualne-oraz-dla-firm\/\" \/>\n<meta property=\"og:locale\" content=\"pl_PL\" \/>\n<meta property=\"og:type\" content=\"article\" \/>\n<meta property=\"og:title\" content=\"Kursy indywidualne oraz dla firm - IH Wroc\u0142aw\" \/>\n<meta property=\"og:description\" content=\"[vc_row row_height_percent=&#8221;0&#8243; back_image=&#8221;20&#8243; back_position=&#8221;center top&#8221; overlay_color=&#8221;color-210407&#8243; overlay_alpha=&#8221;75&#8243; gutter_size=&#8221;3&#8243; column_width_percent=&#8221;100&#8243; shift_y=&#8221;0&#8243; z_index=&#8221;0&#8243; row_height_pixel=&#8221;350&#8243;][vc_column column_width_percent=&#8221;100&#8243; position_vertical=&#8221;middle&#8221; gutter_size=&#8221;3&#8243; overlay_alpha=&#8221;50&#8243; shift_x=&#8221;0&#8243; shift_y=&#8221;0&#8243; shift_y_down=&#8221;0&#8243; z_index=&#8221;0&#8243; [&hellip;]\" \/>\n<meta property=\"og:url\" content=\"https:\/\/www.ih.com.pl\/wroclaw\/kursy-indywdualne-oraz-dla-firm\/\" \/>\n<meta property=\"og:site_name\" content=\"IH Wroc\u0142aw\" \/>\n<meta property=\"article:modified_time\" content=\"2020-01-29T11:52:16+00:00\" \/>\n<meta name=\"twitter:card\" content=\"summary_large_image\" \/>\n<meta name=\"twitter:label1\" content=\"Szacowany czas czytania\" \/>\n\t<meta name=\"twitter:data1\" content=\"3 minuty\" \/>\n<script type=\"application\/ld+json\" class=\"yoast-schema-graph\">{\"@context\":\"https:\/\/schema.org\",\"@graph\":[{\"@type\":\"WebPage\",\"@id\":\"https:\/\/www.ih.com.pl\/wroclaw\/kursy-indywdualne-oraz-dla-firm\/\",\"url\":\"https:\/\/www.ih.com.pl\/wroclaw\/kursy-indywdualne-oraz-dla-firm\/\",\"name\":\"Kursy indywidualne oraz dla firm - IH Wroc\u0142aw\",\"isPartOf\":{\"@id\":\"https:\/\/www.ih.com.pl\/wroclaw\/#website\"},\"datePublished\":\"2020-01-27T04:25:15+00:00\",\"dateModified\":\"2020-01-29T11:52:16+00:00\",\"breadcrumb\":{\"@id\":\"https:\/\/www.ih.com.pl\/wroclaw\/kursy-indywdualne-oraz-dla-firm\/#breadcrumb\"},\"inLanguage\":\"pl-PL\",\"potentialAction\":[{\"@type\":\"ReadAction\",\"target\":[\"https:\/\/www.ih.com.pl\/wroclaw\/kursy-indywdualne-oraz-dla-firm\/\"]}]},{\"@type\":\"BreadcrumbList\",\"@id\":\"https:\/\/www.ih.com.pl\/wroclaw\/kursy-indywdualne-oraz-dla-firm\/#breadcrumb\",\"itemListElement\":[{\"@type\":\"ListItem\",\"position\":1,\"name\":\"Strona g\u0142\u00f3wna\",\"item\":\"https:\/\/www.ih.com.pl\/wroclaw\/\"},{\"@type\":\"ListItem\",\"position\":2,\"name\":\"Kursy indywidualne oraz dla firm\"}]},{\"@type\":\"WebSite\",\"@id\":\"https:\/\/www.ih.com.pl\/wroclaw\/#website\",\"url\":\"https:\/\/www.ih.com.pl\/wroclaw\/\",\"name\":\"IH Wroc\u0142aw\",\"description\":\"\",\"potentialAction\":[{\"@type\":\"SearchAction\",\"target\":{\"@type\":\"EntryPoint\",\"urlTemplate\":\"https:\/\/www.ih.com.pl\/wroclaw\/?s={search_term_string}\"},\"query-input\":{\"@type\":\"PropertyValueSpecification\",\"valueRequired\":true,\"valueName\":\"search_term_string\"}}],\"inLanguage\":\"pl-PL\"}]}<\/script>\n<!-- \/ Yoast SEO plugin. -->","yoast_head_json":{"title":"Kursy indywidualne oraz dla firm - IH Wroc\u0142aw","robots":{"index":"index","follow":"follow","max-snippet":"max-snippet:-1","max-image-preview":"max-image-preview:large","max-video-preview":"max-video-preview:-1"},"canonical":"https:\/\/www.ih.com.pl\/wroclaw\/kursy-indywdualne-oraz-dla-firm\/","og_locale":"pl_PL","og_type":"article","og_title":"Kursy indywidualne oraz dla firm - IH Wroc\u0142aw","og_description":"[vc_row row_height_percent=&#8221;0&#8243; back_image=&#8221;20&#8243; back_position=&#8221;center top&#8221; overlay_color=&#8221;color-210407&#8243; overlay_alpha=&#8221;75&#8243; gutter_size=&#8221;3&#8243; column_width_percent=&#8221;100&#8243; shift_y=&#8221;0&#8243; z_index=&#8221;0&#8243; row_height_pixel=&#8221;350&#8243;][vc_column column_width_percent=&#8221;100&#8243; position_vertical=&#8221;middle&#8221; gutter_size=&#8221;3&#8243; overlay_alpha=&#8221;50&#8243; shift_x=&#8221;0&#8243; shift_y=&#8221;0&#8243; shift_y_down=&#8221;0&#8243; z_index=&#8221;0&#8243; [&hellip;]","og_url":"https:\/\/www.ih.com.pl\/wroclaw\/kursy-indywdualne-oraz-dla-firm\/","og_site_name":"IH Wroc\u0142aw","article_modified_time":"2020-01-29T11:52:16+00:00","twitter_card":"summary_large_image","twitter_misc":{"Szacowany czas czytania":"3 minuty"},"schema":{"@context":"https:\/\/schema.org","@graph":[{"@type":"WebPage","@id":"https:\/\/www.ih.com.pl\/wroclaw\/kursy-indywdualne-oraz-dla-firm\/","url":"https:\/\/www.ih.com.pl\/wroclaw\/kursy-indywdualne-oraz-dla-firm\/","name":"Kursy indywidualne oraz dla firm - IH Wroc\u0142aw","isPartOf":{"@id":"https:\/\/www.ih.com.pl\/wroclaw\/#website"},"datePublished":"2020-01-27T04:25:15+00:00","dateModified":"2020-01-29T11:52:16+00:00","breadcrumb":{"@id":"https:\/\/www.ih.com.pl\/wroclaw\/kursy-indywdualne-oraz-dla-firm\/#breadcrumb"},"inLanguage":"pl-PL","potentialAction":[{"@type":"ReadAction","target":["https:\/\/www.ih.com.pl\/wroclaw\/kursy-indywdualne-oraz-dla-firm\/"]}]},{"@type":"BreadcrumbList","@id":"https:\/\/www.ih.com.pl\/wroclaw\/kursy-indywdualne-oraz-dla-firm\/#breadcrumb","itemListElement":[{"@type":"ListItem","position":1,"name":"Strona g\u0142\u00f3wna","item":"https:\/\/www.ih.com.pl\/wroclaw\/"},{"@type":"ListItem","position":2,"name":"Kursy indywidualne oraz dla firm"}]},{"@type":"WebSite","@id":"https:\/\/www.ih.com.pl\/wroclaw\/#website","url":"https:\/\/www.ih.com.pl\/wroclaw\/","name":"IH Wroc\u0142aw","description":"","potentialAction":[{"@type":"SearchAction","target":{"@type":"EntryPoint","urlTemplate":"https:\/\/www.ih.com.pl\/wroclaw\/?s={search_term_string}"},"query-input":{"@type":"PropertyValueSpecification","valueRequired":true,"valueName":"search_term_string"}}],"inLanguage":"pl-PL"}]}},"_links":{"self":[{"href":"https:\/\/www.ih.com.pl\/wroclaw\/wp-json\/wp\/v2\/pages\/359","targetHints":{"allow":["GET"]}}],"collection":[{"href":"https:\/\/www.ih.com.pl\/wroclaw\/wp-json\/wp\/v2\/pages"}],"about":[{"href":"https:\/\/www.ih.com.pl\/wroclaw\/wp-json\/wp\/v2\/types\/page"}],"author":[{"embeddable":true,"href":"https:\/\/www.ih.com.pl\/wroclaw\/wp-json\/wp\/v2\/users\/1"}],"replies":[{"embeddable":true,"href":"https:\/\/www.ih.com.pl\/wroclaw\/wp-json\/wp\/v2\/comments?post=359"}],"version-history":[{"count":12,"href":"https:\/\/www.ih.com.pl\/wroclaw\/wp-json\/wp\/v2\/pages\/359\/revisions"}],"predecessor-version":[{"id":529,"href":"https:\/\/www.ih.com.pl\/wroclaw\/wp-json\/wp\/v2\/pages\/359\/revisions\/529"}],"wp:attachment":[{"href":"https:\/\/www.ih.com.pl\/wroclaw\/wp-json\/wp\/v2\/media?parent=359"}],"curies":[{"name":"wp","href":"https:\/\/api.w.org\/{rel}","templated":true}]}}