{"id":365,"date":"2020-01-27T05:26:55","date_gmt":"2020-01-27T04:26:55","guid":{"rendered":"https:\/\/ih.wizjanet.pl\/wroclaw\/?page_id=365"},"modified":"2020-08-21T14:51:05","modified_gmt":"2020-08-21T12:51:05","slug":"zasady-rekrutacji","status":"publish","type":"page","link":"https:\/\/www.ih.com.pl\/wroclaw\/zasady-rekrutacji\/","title":{"rendered":"Zasady rekrutacji"},"content":{"rendered":"<div class=\"wpb-content-wrapper\"><p>[vc_row][vc_column width=&#8221;1\/1&#8243;][vc_row_inner][vc_column_inner width=&#8221;1\/1&#8243;][vc_custom_heading separator=&#8221;yes&#8221;]Zasady rekrutacji[\/vc_custom_heading][vc_column_text]Prawid\u0142owe okre\u015blenie poziomu zaawansowania i dob\u00f3r odpowiedniej grupy jest bardzo istotne dla efektywnej nauki, dlatego przyk\u0142adamy du\u017c\u0105 wag\u0119 do procedur kwalifikacyjnych.[\/vc_column_text][\/vc_column_inner][\/vc_row_inner][\/vc_column][\/vc_row][vc_row][vc_column column_width_percent=&#8221;100&#8243; gutter_size=&#8221;3&#8243; back_color=&#8221;color-uydo&#8221; overlay_alpha=&#8221;50&#8243; shift_x=&#8221;0&#8243; shift_y=&#8221;0&#8243; shift_y_down=&#8221;0&#8243; z_index=&#8221;0&#8243; medium_width=&#8221;0&#8243; mobile_width=&#8221;0&#8243; width=&#8221;1\/3&#8243;][vc_custom_heading separator=&#8221;under&#8221;]<\/p>\n<h5 style=\"text-align: center\">DLA NASZYCH S\u0141UCHACZY<\/h5>\n<p>[\/vc_custom_heading][vc_column_text]Przy kontynuacji nauki w International House podstaw\u0105 zakwalifikowania na kolejny rok szkolny jest rekomendacja nauczyciela. Po uzyskaniu rekomendacji nale\u017cy zg\u0142osi\u0107 si\u0119 do biura szko\u0142y, aby z dost\u0119pnej oferty wybra\u0107 najdogodniejsze dni i godziny zaj\u0119\u0107 oraz zarezerwowa\u0107 miejsce w wybranej grupie.[\/vc_column_text][\/vc_column][vc_column column_width_percent=&#8221;100&#8243; gutter_size=&#8221;4&#8243; overlay_alpha=&#8221;50&#8243; shift_x=&#8221;0&#8243; shift_y=&#8221;0&#8243; shift_y_down=&#8221;0&#8243; z_index=&#8221;0&#8243; medium_width=&#8221;0&#8243; mobile_width=&#8221;0&#8243; width=&#8221;1\/3&#8243;][vc_custom_heading separator=&#8221;under&#8221;]<\/p>\n<h5 style=\"text-align: center\">DLA POZOSTA\u0141YCH OS\u00d3B<\/h5>\n<p>[\/vc_custom_heading][vc_column_text]Osoby chc\u0105ce rozpocz\u0105\u0107 nauk\u0119 w IH zapraszamy na test oraz na rozmow\u0119 z lektorem. S\u0105 one bezp\u0142atne i nie obliguj\u0105 do zapisu, za to pozwalaj\u0105 dok\u0142adnie okre\u015bli\u0107, kt\u00f3re kursy z naszej oferty b\u0119d\u0105 odpowiednie. Test jest przeprowadzany w spos\u00f3b zupe\u0142nie bezstresowy i nie trzeba si\u0119 do niego specjalnie przygotowywa\u0107 \u2013 zale\u017cy nam na tym, aby pozna\u0107 rzeczywisty poziom zaawansowania naszych przysz\u0142ych S\u0142uchaczy i zaproponowa\u0107 grup\u0119, w kt\u00f3rej nauka b\u0119dzie dla nich najbardziej efektywna. Na test mo\u017cna um\u00f3wi\u0107 si\u0119 osobi\u015bcie, telefonicznie lub mailowo.<\/p>\n<p>Cz\u0119\u015b\u0107 pisemna trwa oko\u0142o 30-50 minut i mo\u017ce zawiera\u0107 pytania testowe, pytania otwarte, a tak\u017ce kr\u00f3tkie zadania opisowe &#8211; forma zale\u017cy od poziomu zaawansowania kandydat\u00f3w.<\/p>\n<p>Kandydaci pisz\u0105cy test nie s\u0105 nadzorowani, ale w ich interesie le\u017cy, by wykonali to zadanie samodzielnie, aby znale\u017ali si\u0119 w odpowiedniej dla siebie grupie.<\/p>\n<p>Po uko\u0144czeniu testu odbywa si\u0119 jeszcze kilkuminutowa rozmowa z lektorem, kt\u00f3ra ostatecznie weryfikuje i okre\u015bla poziom kompetencji j\u0119zykowej.[\/vc_column_text][\/vc_column][vc_column column_width_percent=&#8221;100&#8243; gutter_size=&#8221;3&#8243; back_color=&#8221;color-uydo&#8221; overlay_alpha=&#8221;50&#8243; shift_x=&#8221;0&#8243; shift_y=&#8221;0&#8243; shift_y_down=&#8221;0&#8243; z_index=&#8221;0&#8243; medium_width=&#8221;0&#8243; mobile_width=&#8221;0&#8243; width=&#8221;1\/3&#8243;][vc_custom_heading separator=&#8221;under&#8221;]<\/p>\n<h5 style=\"text-align: center\">TESTY ON-LINE<\/h5>\n<p>[\/vc_custom_heading][vc_column_text]Dost\u0119pna jest r\u00f3wnie\u017c opcja przetestowania si\u0119 przez Internet. Po wykonaniu testu on-line nale\u017cy wys\u0142a\u0107 go do naszej szko\u0142y, wybieraj\u0105c IH Wroc\u0142aw z listy. Wynik testu zostanie automatycznie przes\u0142any na Pa\u0144stwa adres mailowy oraz do biura IH Wroc\u0142aw. Pracownicy biura IH skontaktuj\u0105 si\u0119 z Pa\u0144stwem drog\u0105 mailow\u0105 najp\u00f3\u017aniej nast\u0119pnego dnia roboczego po otrzymaniu wyniku testu. Wynik testu on-line r\u00f3wnie\u017c weryfikujemy podczas rozmowy z metodykiem. Test Internetowy znajdziesz <a href=\"https:\/\/ihworld.com\/learn\/ih-english-language-level-test\/\">TUTAJ<\/a>.[\/vc_column_text][\/vc_column][\/vc_row][vc_row][vc_column width=&#8221;1\/3&#8243;][vc_custom_heading separator=&#8221;under&#8221;]<\/p>\n<h5 style=\"text-align: center\">PO TE\u015aCIE<\/h5>\n<p>[\/vc_custom_heading][vc_column_text]Po ustaleniu poziomu zaawansowania pracownicy biura podadz\u0105 Pa\u0144stwu dost\u0119pne terminy zaj\u0119\u0107 i odpowiedz\u0105 na wszelkie pytania. B\u0119dzie wtedy mo\u017cna wybra\u0107 najdogodniejsze dni i godziny zaj\u0119\u0107 oraz zarezerwowa\u0107 miejsce w grupie.[\/vc_column_text][\/vc_column][vc_column column_width_percent=&#8221;100&#8243; gutter_size=&#8221;3&#8243; back_color=&#8221;color-uydo&#8221; overlay_alpha=&#8221;50&#8243; shift_x=&#8221;0&#8243; shift_y=&#8221;0&#8243; shift_y_down=&#8221;0&#8243; z_index=&#8221;0&#8243; medium_width=&#8221;0&#8243; mobile_width=&#8221;0&#8243; width=&#8221;1\/3&#8243;][vc_custom_heading separator=&#8221;under&#8221;]<\/p>\n<h5 style=\"text-align: center\">ZAPISY W TRAKCIE ROKU SZKOLNEGO<\/h5>\n<p>[\/vc_custom_heading][vc_column_text]Zapisa\u0107 mo\u017cna si\u0119 r\u00f3wnie\u017c po rozpocz\u0119ciu kursu, pod warunkiem, \u017ce w na danym poziomie s\u0105 jeszcze wolne miejsca. Proponujemy wtedy lekcj\u0119 pr\u00f3bn\u0105 w wybranej grupie, by dodatkowo sprawdzi\u0107, czy b\u0119dzie ona odpowiednia.[\/vc_column_text][\/vc_column][vc_column width=&#8221;1\/3&#8243;][vc_custom_heading separator=&#8221;under&#8221;]<\/p>\n<h5 style=\"text-align: center\">PO ROZPOCZ\u0118CIU ZAJ\u0118\u0106<\/h5>\n<p>[\/vc_custom_heading][vc_column_text]Je\u015bli po rozpocz\u0119ciu zaj\u0119\u0107 s\u0142uchacz uzna, \u017ce poziom grupy nie jest jednak dla niego w\u0142a\u015bciwy, powinien jak najszybciej zg\u0142osi\u0107 si\u0119 do biura szko\u0142y \u2013 na pewno wsp\u00f3lnie rozwi\u0105\u017cemy ten problem.[\/vc_column_text][\/vc_column][\/vc_row]<\/p>\n<\/div>","protected":false},"excerpt":{"rendered":"<p>[vc_row][vc_column width=&#8221;1\/1&#8243;][vc_row_inner][vc_column_inner width=&#8221;1\/1&#8243;][vc_custom_heading separator=&#8221;yes&#8221;]Zasady rekrutacji[\/vc_custom_heading][vc_column_text]Prawid\u0142owe okre\u015blenie poziomu zaawansowania i dob\u00f3r odpowiedniej grupy jest bardzo istotne dla efektywnej nauki, dlatego przyk\u0142adamy [&hellip;]<\/p>\n","protected":false},"author":1,"featured_media":0,"parent":0,"menu_order":0,"comment_status":"closed","ping_status":"closed","template":"","meta":{"footnotes":""},"class_list":["post-365","page","type-page","status-publish","hentry"],"yoast_head":"<!-- This site is optimized with the Yoast SEO plugin v26.8 - https:\/\/yoast.com\/product\/yoast-seo-wordpress\/ -->\n<title>Zasady rekrutacji - IH Wroc\u0142aw<\/title>\n<meta name=\"robots\" content=\"index, follow, max-snippet:-1, max-image-preview:large, max-video-preview:-1\" \/>\n<link rel=\"canonical\" href=\"https:\/\/www.ih.com.pl\/wroclaw\/zasady-rekrutacji\/\" \/>\n<meta property=\"og:locale\" content=\"pl_PL\" \/>\n<meta property=\"og:type\" content=\"article\" \/>\n<meta property=\"og:title\" content=\"Zasady rekrutacji - IH Wroc\u0142aw\" \/>\n<meta property=\"og:description\" content=\"[vc_row][vc_column width=&#8221;1\/1&#8243;][vc_row_inner][vc_column_inner width=&#8221;1\/1&#8243;][vc_custom_heading separator=&#8221;yes&#8221;]Zasady rekrutacji[\/vc_custom_heading][vc_column_text]Prawid\u0142owe okre\u015blenie poziomu zaawansowania i dob\u00f3r odpowiedniej grupy jest bardzo istotne dla efektywnej nauki, dlatego przyk\u0142adamy [&hellip;]\" \/>\n<meta property=\"og:url\" content=\"https:\/\/www.ih.com.pl\/wroclaw\/zasady-rekrutacji\/\" \/>\n<meta property=\"og:site_name\" content=\"IH Wroc\u0142aw\" \/>\n<meta property=\"article:modified_time\" content=\"2020-08-21T12:51:05+00:00\" \/>\n<meta name=\"twitter:card\" content=\"summary_large_image\" \/>\n<meta name=\"twitter:label1\" content=\"Szacowany czas czytania\" \/>\n\t<meta name=\"twitter:data1\" content=\"4 minuty\" \/>\n<script type=\"application\/ld+json\" class=\"yoast-schema-graph\">{\"@context\":\"https:\/\/schema.org\",\"@graph\":[{\"@type\":\"WebPage\",\"@id\":\"https:\/\/www.ih.com.pl\/wroclaw\/zasady-rekrutacji\/\",\"url\":\"https:\/\/www.ih.com.pl\/wroclaw\/zasady-rekrutacji\/\",\"name\":\"Zasady rekrutacji - IH Wroc\u0142aw\",\"isPartOf\":{\"@id\":\"https:\/\/www.ih.com.pl\/wroclaw\/#website\"},\"datePublished\":\"2020-01-27T04:26:55+00:00\",\"dateModified\":\"2020-08-21T12:51:05+00:00\",\"breadcrumb\":{\"@id\":\"https:\/\/www.ih.com.pl\/wroclaw\/zasady-rekrutacji\/#breadcrumb\"},\"inLanguage\":\"pl-PL\",\"potentialAction\":[{\"@type\":\"ReadAction\",\"target\":[\"https:\/\/www.ih.com.pl\/wroclaw\/zasady-rekrutacji\/\"]}]},{\"@type\":\"BreadcrumbList\",\"@id\":\"https:\/\/www.ih.com.pl\/wroclaw\/zasady-rekrutacji\/#breadcrumb\",\"itemListElement\":[{\"@type\":\"ListItem\",\"position\":1,\"name\":\"Strona g\u0142\u00f3wna\",\"item\":\"https:\/\/www.ih.com.pl\/wroclaw\/\"},{\"@type\":\"ListItem\",\"position\":2,\"name\":\"Zasady rekrutacji\"}]},{\"@type\":\"WebSite\",\"@id\":\"https:\/\/www.ih.com.pl\/wroclaw\/#website\",\"url\":\"https:\/\/www.ih.com.pl\/wroclaw\/\",\"name\":\"IH Wroc\u0142aw\",\"description\":\"\",\"potentialAction\":[{\"@type\":\"SearchAction\",\"target\":{\"@type\":\"EntryPoint\",\"urlTemplate\":\"https:\/\/www.ih.com.pl\/wroclaw\/?s={search_term_string}\"},\"query-input\":{\"@type\":\"PropertyValueSpecification\",\"valueRequired\":true,\"valueName\":\"search_term_string\"}}],\"inLanguage\":\"pl-PL\"}]}<\/script>\n<!-- \/ Yoast SEO plugin. -->","yoast_head_json":{"title":"Zasady rekrutacji - IH Wroc\u0142aw","robots":{"index":"index","follow":"follow","max-snippet":"max-snippet:-1","max-image-preview":"max-image-preview:large","max-video-preview":"max-video-preview:-1"},"canonical":"https:\/\/www.ih.com.pl\/wroclaw\/zasady-rekrutacji\/","og_locale":"pl_PL","og_type":"article","og_title":"Zasady rekrutacji - IH Wroc\u0142aw","og_description":"[vc_row][vc_column width=&#8221;1\/1&#8243;][vc_row_inner][vc_column_inner width=&#8221;1\/1&#8243;][vc_custom_heading separator=&#8221;yes&#8221;]Zasady rekrutacji[\/vc_custom_heading][vc_column_text]Prawid\u0142owe okre\u015blenie poziomu zaawansowania i dob\u00f3r odpowiedniej grupy jest bardzo istotne dla efektywnej nauki, dlatego przyk\u0142adamy [&hellip;]","og_url":"https:\/\/www.ih.com.pl\/wroclaw\/zasady-rekrutacji\/","og_site_name":"IH Wroc\u0142aw","article_modified_time":"2020-08-21T12:51:05+00:00","twitter_card":"summary_large_image","twitter_misc":{"Szacowany czas czytania":"4 minuty"},"schema":{"@context":"https:\/\/schema.org","@graph":[{"@type":"WebPage","@id":"https:\/\/www.ih.com.pl\/wroclaw\/zasady-rekrutacji\/","url":"https:\/\/www.ih.com.pl\/wroclaw\/zasady-rekrutacji\/","name":"Zasady rekrutacji - IH Wroc\u0142aw","isPartOf":{"@id":"https:\/\/www.ih.com.pl\/wroclaw\/#website"},"datePublished":"2020-01-27T04:26:55+00:00","dateModified":"2020-08-21T12:51:05+00:00","breadcrumb":{"@id":"https:\/\/www.ih.com.pl\/wroclaw\/zasady-rekrutacji\/#breadcrumb"},"inLanguage":"pl-PL","potentialAction":[{"@type":"ReadAction","target":["https:\/\/www.ih.com.pl\/wroclaw\/zasady-rekrutacji\/"]}]},{"@type":"BreadcrumbList","@id":"https:\/\/www.ih.com.pl\/wroclaw\/zasady-rekrutacji\/#breadcrumb","itemListElement":[{"@type":"ListItem","position":1,"name":"Strona g\u0142\u00f3wna","item":"https:\/\/www.ih.com.pl\/wroclaw\/"},{"@type":"ListItem","position":2,"name":"Zasady rekrutacji"}]},{"@type":"WebSite","@id":"https:\/\/www.ih.com.pl\/wroclaw\/#website","url":"https:\/\/www.ih.com.pl\/wroclaw\/","name":"IH Wroc\u0142aw","description":"","potentialAction":[{"@type":"SearchAction","target":{"@type":"EntryPoint","urlTemplate":"https:\/\/www.ih.com.pl\/wroclaw\/?s={search_term_string}"},"query-input":{"@type":"PropertyValueSpecification","valueRequired":true,"valueName":"search_term_string"}}],"inLanguage":"pl-PL"}]}},"_links":{"self":[{"href":"https:\/\/www.ih.com.pl\/wroclaw\/wp-json\/wp\/v2\/pages\/365","targetHints":{"allow":["GET"]}}],"collection":[{"href":"https:\/\/www.ih.com.pl\/wroclaw\/wp-json\/wp\/v2\/pages"}],"about":[{"href":"https:\/\/www.ih.com.pl\/wroclaw\/wp-json\/wp\/v2\/types\/page"}],"author":[{"embeddable":true,"href":"https:\/\/www.ih.com.pl\/wroclaw\/wp-json\/wp\/v2\/users\/1"}],"replies":[{"embeddable":true,"href":"https:\/\/www.ih.com.pl\/wroclaw\/wp-json\/wp\/v2\/comments?post=365"}],"version-history":[{"count":34,"href":"https:\/\/www.ih.com.pl\/wroclaw\/wp-json\/wp\/v2\/pages\/365\/revisions"}],"predecessor-version":[{"id":1476,"href":"https:\/\/www.ih.com.pl\/wroclaw\/wp-json\/wp\/v2\/pages\/365\/revisions\/1476"}],"wp:attachment":[{"href":"https:\/\/www.ih.com.pl\/wroclaw\/wp-json\/wp\/v2\/media?parent=365"}],"curies":[{"name":"wp","href":"https:\/\/api.w.org\/{rel}","templated":true}]}}