{"id":435,"date":"2020-01-28T14:48:18","date_gmt":"2020-01-28T13:48:18","guid":{"rendered":"https:\/\/ih.wizjanet.pl\/wroclaw\/?page_id=435"},"modified":"2020-02-05T11:40:49","modified_gmt":"2020-02-05T10:40:49","slug":"o-szkole","status":"publish","type":"page","link":"https:\/\/www.ih.com.pl\/wroclaw\/o-szkole\/","title":{"rendered":"O szkole"},"content":{"rendered":"<div class=\"wpb-content-wrapper\"><p>[vc_row][vc_column width=&#8221;1\/1&#8243;][vc_column_text]<\/p>\n<h4 style=\"text-align: left\"><strong>International House to nowoczesne centrum j\u0119zykowe dbaj\u0105ce o najwy\u017csz\u0105 jako\u015b\u0107 nauczania i od wielu lat spe\u0142niaj\u0105ce surowe wymagania rynku \u2013 we Wroc\u0142awiu istniejemy od 1994 roku.<\/strong><\/h4>\n<h4 style=\"text-align: left\"><strong>O niepowtarzalnym charakterze IH decyduj\u0105 zaanga\u017cowani, profesjonalni lektorzy , autorska metoda szkoleniowa, program zaj\u0119\u0107 pozalekcyjnych oraz wyj\u0105tkowa, przyjazna atmosfera.<\/strong><\/h4>\n<p>[\/vc_column_text][\/vc_column][\/vc_row][vc_row row_height_percent=&#8221;0&#8243; back_color=&#8221;color-xsdn&#8221; overlay_alpha=&#8221;5&#8243; gutter_size=&#8221;3&#8243; column_width_percent=&#8221;100&#8243; shift_y=&#8221;0&#8243; z_index=&#8221;0&#8243;][vc_column column_width_percent=&#8221;100&#8243; gutter_size=&#8221;3&#8243; back_color=&#8221;color-963377&#8243; overlay_alpha=&#8221;50&#8243; shift_x=&#8221;0&#8243; shift_y=&#8221;0&#8243; shift_y_down=&#8221;0&#8243; z_index=&#8221;0&#8243; medium_width=&#8221;0&#8243; mobile_width=&#8221;0&#8243; width=&#8221;1\/2&#8243;][vc_column_text css_animation=&#8221;left-t-right&#8221; animation_delay=&#8221;500&#8243;]<\/p>\n<p style=\"text-align: center\"><span style=\"color: #000080\"><strong>Renoma<\/strong><\/span><\/p>\n<p>Cieszymy si\u0119 opini\u0105 jednej z najlepszych szk\u00f3\u0142 na Dolnym \u015al\u0105sku. W trakcie naszej dzia\u0142alno\u015bci wykszta\u0142cili\u015bmy ju\u017c ponad 15 000 s\u0142uchaczy, pocz\u0105wszy\u00a0 od dzieci, kt\u00f3rych rodzicom zale\u017cy na najwy\u017cszej jako\u015bci nauczania, po m\u0142odzie\u017c i osoby doros\u0142e, kt\u00f3re chc\u0105 szybko prze\u0142ama\u0107 bariery j\u0119zykowe, czy te\u017c dobrze przygotowa\u0107 si\u0119 do egzamin\u00f3w. Doskona\u0142e wyniki naszych uczni\u00f3w, ci\u0105g\u0142y nap\u0142yw nowych s\u0142uchaczy i stale powi\u0119kszaj\u0105ce si\u0119 grono os\u00f3b kontynuuj\u0105cych nauk\u0119, \u015bwiadcz\u0105 o skuteczno\u015bci naszych metod i wysokiej jako\u015bci nauczania.[\/vc_column_text][\/vc_column][vc_column column_width_percent=&#8221;100&#8243; gutter_size=&#8221;3&#8243; back_color=&#8221;color-uydo&#8221; overlay_alpha=&#8221;50&#8243; shift_x=&#8221;0&#8243; shift_y=&#8221;0&#8243; shift_y_down=&#8221;0&#8243; z_index=&#8221;0&#8243; medium_width=&#8221;0&#8243; mobile_width=&#8221;0&#8243; width=&#8221;1\/2&#8243;][vc_column_text css_animation=&#8221;right-t-left&#8221; animation_delay=&#8221;500&#8243;]<\/p>\n<p style=\"text-align: center\"><strong>Mi\u0119dzynarodowe Stowarzyszenie<\/strong><\/p>\n<p>International House World Organisation to marka, kt\u00f3ra od 1953 roku jest niekwestionowanym pionierem w nauczaniu j\u0119zyk\u00f3w obcych. Obecnie jej wizerunek wsp\u00f3\u0142tworzy 160 niezale\u017cnych szk\u00f3\u0142 z 50 kraj\u00f3w \u015bwiata. \u00a0Misj\u0105 organizacji jest promocja wysokich standard\u00f3w i innowacji w nauczaniu j\u0119zyk\u00f3w. Ka\u017cda ze szk\u00f3\u0142 IH podlega regularnym inspekcjom i wizytacjom.\u00a0 Jedynie ich pozytywny wynik daje prawo pos\u0142ugiwania si\u0119 nazw\u0105 International House i pozwala czerpa\u0107 z do\u015bwiadcze\u0144 sztabu najlepszych specjalist\u00f3w. Zapraszamy do odwiedzenia strony organizacji IHWO: www.ihworld.com.[\/vc_column_text][\/vc_column][\/vc_row][vc_row row_height_percent=&#8221;0&#8243; overlay_alpha=&#8221;5&#8243; gutter_size=&#8221;3&#8243; column_width_percent=&#8221;100&#8243; shift_y=&#8221;0&#8243; z_index=&#8221;0&#8243;][vc_column column_width_percent=&#8221;100&#8243; gutter_size=&#8221;3&#8243; back_color=&#8221;color-wvjs&#8221; overlay_alpha=&#8221;50&#8243; shift_x=&#8221;0&#8243; shift_y=&#8221;0&#8243; shift_y_down=&#8221;0&#8243; z_index=&#8221;0&#8243; medium_width=&#8221;0&#8243; mobile_width=&#8221;0&#8243; width=&#8221;1\/2&#8243;][vc_column_text css_animation=&#8221;left-t-right&#8221; animation_delay=&#8221;500&#8243;]<\/p>\n<p style=\"text-align: center\"><strong>Centrum Egzaminacyjne Cambridge English PL017<\/strong><\/p>\n<p>Jeste\u015bmy \u00a0Centrum Egzaminacyjnym Cambridge English. Mo\u017cna u nas przyst\u0105pi\u0107 do egzamin\u00f3w umo\u017cliwiaj\u0105cych uzyskanie renomowanych, uznawanych na ca\u0142ym \u015bwiecie certyfikat\u00f3w znajomo\u015bci j\u0119zyka angielskiego takich jak FCE, CAE, CPE i wielu innych. Szczeg\u00f3\u0142owe informacje o egzaminach mo\u017cna znale\u017a\u0107 <a href=\"https:\/\/ih.com.pl\/wroclaw\/egzaminy-cambridge-english\/\">TUTAJ<\/a>.[\/vc_column_text][\/vc_column][vc_column column_width_percent=&#8221;100&#8243; gutter_size=&#8221;3&#8243; back_color=&#8221;color-vyce&#8221; overlay_alpha=&#8221;50&#8243; shift_x=&#8221;0&#8243; shift_y=&#8221;0&#8243; shift_y_down=&#8221;0&#8243; z_index=&#8221;0&#8243; medium_width=&#8221;0&#8243; mobile_width=&#8221;0&#8243; width=&#8221;1\/2&#8243;][vc_column_text css_animation=&#8221;right-t-left&#8221; animation_delay=&#8221;500&#8243;]<\/p>\n<p style=\"text-align: center\"><strong>Centrum Kszta\u0142cenia Nauczycieli <\/strong><\/p>\n<p style=\"text-align: center\"><strong>(Teacher Training Centre)<\/strong><\/p>\n<p>Uczymy innych, jak uczy\u0107 j\u0119zyka. Prowadzimy kursy metodyczne, kt\u00f3re pozwalaj\u0105 zdoby\u0107 najpopularniejsze mi\u0119dzynarodowe kwalifikacje upowa\u017caniaj\u0105ce do nauczania j\u0119zyka angielskiego jako j\u0119zyka obcego &#8211; Cambridge Celta oraz Cambridge Delta.<\/p>\n<p>Wi\u0119cej o kursach metodycznych dowiesz si\u0119 <a href=\"https:\/\/ih.com.pl\/wroclaw\/teacher-training-centre\/\">TUTAJ<\/a>.[\/vc_column_text][\/vc_column][\/vc_row]<\/p>\n<\/div>","protected":false},"excerpt":{"rendered":"<p>[vc_row][vc_column width=&#8221;1\/1&#8243;][vc_column_text] International House to nowoczesne centrum j\u0119zykowe dbaj\u0105ce o najwy\u017csz\u0105 jako\u015b\u0107 nauczania i od wielu lat spe\u0142niaj\u0105ce surowe wymagania [&hellip;]<\/p>\n","protected":false},"author":3,"featured_media":0,"parent":0,"menu_order":0,"comment_status":"closed","ping_status":"closed","template":"","meta":{"footnotes":""},"class_list":["post-435","page","type-page","status-publish","hentry"],"yoast_head":"<!-- This site is optimized with the Yoast SEO plugin v26.8 - https:\/\/yoast.com\/product\/yoast-seo-wordpress\/ -->\n<title>O szkole - IH Wroc\u0142aw<\/title>\n<meta name=\"robots\" content=\"index, follow, max-snippet:-1, max-image-preview:large, max-video-preview:-1\" \/>\n<link rel=\"canonical\" href=\"https:\/\/www.ih.com.pl\/wroclaw\/o-szkole\/\" \/>\n<meta property=\"og:locale\" content=\"pl_PL\" \/>\n<meta property=\"og:type\" content=\"article\" \/>\n<meta property=\"og:title\" content=\"O szkole - IH Wroc\u0142aw\" \/>\n<meta property=\"og:description\" content=\"[vc_row][vc_column width=&#8221;1\/1&#8243;][vc_column_text] International House to nowoczesne centrum j\u0119zykowe dbaj\u0105ce o najwy\u017csz\u0105 jako\u015b\u0107 nauczania i od wielu lat spe\u0142niaj\u0105ce surowe wymagania [&hellip;]\" \/>\n<meta property=\"og:url\" content=\"https:\/\/www.ih.com.pl\/wroclaw\/o-szkole\/\" \/>\n<meta property=\"og:site_name\" content=\"IH Wroc\u0142aw\" \/>\n<meta property=\"article:modified_time\" content=\"2020-02-05T10:40:49+00:00\" \/>\n<meta name=\"twitter:card\" content=\"summary_large_image\" \/>\n<meta name=\"twitter:label1\" content=\"Szacowany czas czytania\" \/>\n\t<meta name=\"twitter:data1\" content=\"3 minuty\" \/>\n<script type=\"application\/ld+json\" class=\"yoast-schema-graph\">{\"@context\":\"https:\/\/schema.org\",\"@graph\":[{\"@type\":\"WebPage\",\"@id\":\"https:\/\/www.ih.com.pl\/wroclaw\/o-szkole\/\",\"url\":\"https:\/\/www.ih.com.pl\/wroclaw\/o-szkole\/\",\"name\":\"O szkole - IH Wroc\u0142aw\",\"isPartOf\":{\"@id\":\"https:\/\/www.ih.com.pl\/wroclaw\/#website\"},\"datePublished\":\"2020-01-28T13:48:18+00:00\",\"dateModified\":\"2020-02-05T10:40:49+00:00\",\"breadcrumb\":{\"@id\":\"https:\/\/www.ih.com.pl\/wroclaw\/o-szkole\/#breadcrumb\"},\"inLanguage\":\"pl-PL\",\"potentialAction\":[{\"@type\":\"ReadAction\",\"target\":[\"https:\/\/www.ih.com.pl\/wroclaw\/o-szkole\/\"]}]},{\"@type\":\"BreadcrumbList\",\"@id\":\"https:\/\/www.ih.com.pl\/wroclaw\/o-szkole\/#breadcrumb\",\"itemListElement\":[{\"@type\":\"ListItem\",\"position\":1,\"name\":\"Strona g\u0142\u00f3wna\",\"item\":\"https:\/\/www.ih.com.pl\/wroclaw\/\"},{\"@type\":\"ListItem\",\"position\":2,\"name\":\"O szkole\"}]},{\"@type\":\"WebSite\",\"@id\":\"https:\/\/www.ih.com.pl\/wroclaw\/#website\",\"url\":\"https:\/\/www.ih.com.pl\/wroclaw\/\",\"name\":\"IH Wroc\u0142aw\",\"description\":\"\",\"potentialAction\":[{\"@type\":\"SearchAction\",\"target\":{\"@type\":\"EntryPoint\",\"urlTemplate\":\"https:\/\/www.ih.com.pl\/wroclaw\/?s={search_term_string}\"},\"query-input\":{\"@type\":\"PropertyValueSpecification\",\"valueRequired\":true,\"valueName\":\"search_term_string\"}}],\"inLanguage\":\"pl-PL\"}]}<\/script>\n<!-- \/ Yoast SEO plugin. -->","yoast_head_json":{"title":"O szkole - IH Wroc\u0142aw","robots":{"index":"index","follow":"follow","max-snippet":"max-snippet:-1","max-image-preview":"max-image-preview:large","max-video-preview":"max-video-preview:-1"},"canonical":"https:\/\/www.ih.com.pl\/wroclaw\/o-szkole\/","og_locale":"pl_PL","og_type":"article","og_title":"O szkole - IH Wroc\u0142aw","og_description":"[vc_row][vc_column width=&#8221;1\/1&#8243;][vc_column_text] International House to nowoczesne centrum j\u0119zykowe dbaj\u0105ce o najwy\u017csz\u0105 jako\u015b\u0107 nauczania i od wielu lat spe\u0142niaj\u0105ce surowe wymagania [&hellip;]","og_url":"https:\/\/www.ih.com.pl\/wroclaw\/o-szkole\/","og_site_name":"IH Wroc\u0142aw","article_modified_time":"2020-02-05T10:40:49+00:00","twitter_card":"summary_large_image","twitter_misc":{"Szacowany czas czytania":"3 minuty"},"schema":{"@context":"https:\/\/schema.org","@graph":[{"@type":"WebPage","@id":"https:\/\/www.ih.com.pl\/wroclaw\/o-szkole\/","url":"https:\/\/www.ih.com.pl\/wroclaw\/o-szkole\/","name":"O szkole - IH Wroc\u0142aw","isPartOf":{"@id":"https:\/\/www.ih.com.pl\/wroclaw\/#website"},"datePublished":"2020-01-28T13:48:18+00:00","dateModified":"2020-02-05T10:40:49+00:00","breadcrumb":{"@id":"https:\/\/www.ih.com.pl\/wroclaw\/o-szkole\/#breadcrumb"},"inLanguage":"pl-PL","potentialAction":[{"@type":"ReadAction","target":["https:\/\/www.ih.com.pl\/wroclaw\/o-szkole\/"]}]},{"@type":"BreadcrumbList","@id":"https:\/\/www.ih.com.pl\/wroclaw\/o-szkole\/#breadcrumb","itemListElement":[{"@type":"ListItem","position":1,"name":"Strona g\u0142\u00f3wna","item":"https:\/\/www.ih.com.pl\/wroclaw\/"},{"@type":"ListItem","position":2,"name":"O szkole"}]},{"@type":"WebSite","@id":"https:\/\/www.ih.com.pl\/wroclaw\/#website","url":"https:\/\/www.ih.com.pl\/wroclaw\/","name":"IH Wroc\u0142aw","description":"","potentialAction":[{"@type":"SearchAction","target":{"@type":"EntryPoint","urlTemplate":"https:\/\/www.ih.com.pl\/wroclaw\/?s={search_term_string}"},"query-input":{"@type":"PropertyValueSpecification","valueRequired":true,"valueName":"search_term_string"}}],"inLanguage":"pl-PL"}]}},"_links":{"self":[{"href":"https:\/\/www.ih.com.pl\/wroclaw\/wp-json\/wp\/v2\/pages\/435","targetHints":{"allow":["GET"]}}],"collection":[{"href":"https:\/\/www.ih.com.pl\/wroclaw\/wp-json\/wp\/v2\/pages"}],"about":[{"href":"https:\/\/www.ih.com.pl\/wroclaw\/wp-json\/wp\/v2\/types\/page"}],"author":[{"embeddable":true,"href":"https:\/\/www.ih.com.pl\/wroclaw\/wp-json\/wp\/v2\/users\/3"}],"replies":[{"embeddable":true,"href":"https:\/\/www.ih.com.pl\/wroclaw\/wp-json\/wp\/v2\/comments?post=435"}],"version-history":[{"count":25,"href":"https:\/\/www.ih.com.pl\/wroclaw\/wp-json\/wp\/v2\/pages\/435\/revisions"}],"predecessor-version":[{"id":698,"href":"https:\/\/www.ih.com.pl\/wroclaw\/wp-json\/wp\/v2\/pages\/435\/revisions\/698"}],"wp:attachment":[{"href":"https:\/\/www.ih.com.pl\/wroclaw\/wp-json\/wp\/v2\/media?parent=435"}],"curies":[{"name":"wp","href":"https:\/\/api.w.org\/{rel}","templated":true}]}}