{"id":459,"date":"2020-01-28T16:57:46","date_gmt":"2020-01-28T15:57:46","guid":{"rendered":"https:\/\/ih.wizjanet.pl\/wroclaw\/?page_id=459"},"modified":"2020-02-05T13:04:32","modified_gmt":"2020-02-05T12:04:32","slug":"metoda-ih","status":"publish","type":"page","link":"https:\/\/www.ih.com.pl\/wroclaw\/metoda-ih\/","title":{"rendered":"Metoda IH"},"content":{"rendered":"<div class=\"wpb-content-wrapper\"><p>[vc_row row_height_percent=&#8221;0&#8243; overlay_alpha=&#8221;50&#8243; gutter_size=&#8221;3&#8243; column_width_percent=&#8221;100&#8243; shift_y=&#8221;0&#8243; z_index=&#8221;0&#8243;][vc_column width=&#8221;1\/1&#8243;][vc_custom_heading separator=&#8221;yes&#8221;]<b><span lang=\"EN-US\">Metoda International House<\/span><\/b>[\/vc_custom_heading][\/vc_column][\/vc_row][vc_row][vc_column width=&#8221;1\/6&#8243;][vc_empty_space empty_h=&#8221;0&#8243;][vc_single_image media=&#8221;699&#8243; media_width_percent=&#8221;40&#8243;][\/vc_column][vc_column width=&#8221;5\/6&#8243;][vc_empty_space empty_h=&#8221;0&#8243;][vc_column_text]<strong>Znajomo\u015b\u0107 j\u0119zyka angielskiego to sztuka u\u017cywania go w praktyce.<\/strong><\/p>\n<p>Podstawowa zasada w IH to nauka w niedu\u017cych grupach os\u00f3b na takim samym poziomie zaawansowania i w tym samym przedziale wiekowym.\u00a0 Lekcje s\u0105 dobrze zaplanowane, interesuj\u0105ce i \u017cywo prowadzone. Bazuj\u0105 na nowoczesnych podr\u0119cznikach i niezale\u017cnie od poziomu zach\u0119caj\u0105 do aktywno\u015bci. Prze\u0142amywaniu bariery j\u0119zykowej s\u0142u\u017cy r\u00f3wnie\u017c przyjazna, swobodna atmosfera podczas zaj\u0119\u0107.[\/vc_column_text][\/vc_column][\/vc_row][vc_row][vc_column width=&#8221;1\/6&#8243;][vc_empty_space empty_h=&#8221;0&#8243;][vc_single_image media=&#8221;708&#8243; media_width_percent=&#8221;40&#8243;][\/vc_column][vc_column width=&#8221;5\/6&#8243;][vc_empty_space empty_h=&#8221;0&#8243;][vc_column_text]<strong>Ma\u0142e grupy dopasowane do poziomu znajomo\u015bci j\u0119zyka i wieku s\u0142uchacza.<\/strong><\/p>\n<p>Poziom okre\u015blamy na podstawie rekomendacji z poprzedniego roku lub na podstawie testu i rozmowy wst\u0119pnej.[\/vc_column_text][\/vc_column][\/vc_row][vc_row][vc_column width=&#8221;1\/6&#8243;][vc_empty_space empty_h=&#8221;0&#8243;][vc_single_image media=&#8221;712&#8243; media_width_percent=&#8221;40&#8243;][\/vc_column][vc_column width=&#8221;5\/6&#8243;][vc_column_text]<strong>Uczymy angielskiego po angielsku.<\/strong><\/p>\n<p>Ju\u017c od pierwszej lekcji nauka przebiega wy\u0142\u0105cznie po angielsku. W tym j\u0119zyku odbywa si\u0119 komunikacja z lektorem i pozosta\u0142ymi uczestnikami zaj\u0119\u0107. Przy odpowiednim przygotowaniu i kompetencjach nauczyciela metoda ta przynosi doskona\u0142e rezultaty \u2013 nawet w grupach dla pocz\u0105tkuj\u0105cych s\u0142uchacze szybko prze\u0142amuj\u0105 barier\u0119 j\u0119zykow\u0105 i w niewymuszony, naturalny spos\u00f3b zaczynaj\u0105 m\u00f3wi\u0107 po angielsku.[\/vc_column_text][\/vc_column][\/vc_row][vc_row][vc_column width=&#8221;1\/6&#8243;][vc_empty_space empty_h=&#8221;0&#8243;][vc_single_image media=&#8221;714&#8243; media_width_percent=&#8221;40&#8243;][\/vc_column][vc_column width=&#8221;5\/6&#8243;][vc_empty_space empty_h=&#8221;0&#8243;][vc_column_text]<strong>Cele i potrzeby s\u0142uchaczy decyduj\u0105 o kszta\u0142cie zaj\u0119\u0107.<\/strong><\/p>\n<p>Potrzeby s\u0142uchacza wynikaj\u0105ce z wieku, charakteru, zainteresowa\u0144 oraz celu nauki okre\u015blaj\u0105 tematyk\u0119 i charakter zaj\u0119\u0107, dob\u00f3r materia\u0142\u00f3w oraz technik nauczania. Nawet najstaranniej przygotowany plan zaj\u0119\u0107 mo\u017ce ulec modyfikacji, je\u015bli jest to wskazane by zaktywizowa\u0107 grup\u0119.[\/vc_column_text][\/vc_column][\/vc_row][vc_row][vc_column width=&#8221;1\/6&#8243;][vc_empty_space empty_h=&#8221;0&#8243;][vc_single_image media=&#8221;699&#8243; media_width_percent=&#8221;40&#8243;][\/vc_column][vc_column width=&#8221;5\/6&#8243;][vc_column_text]<strong>Najwa\u017cniejsze jest u\u017cywanie j\u0119zyka, a nie perfekcja.<\/strong><\/p>\n<p>Naszym celem jest stworzenie motywacji i warunk\u00f3w, by s\u0142uchacze \u015bmia\u0142o u\u017cywali j\u0119zyka nie obawiaj\u0105c si\u0119 pope\u0142niania b\u0142\u0119d\u00f3w. Uczymy jak zapomnie\u0107 o l\u0119ku przed w\u0142asn\u0105 niedoskona\u0142o\u015bci\u0105, jak nie dopu\u015bci\u0107, by sta\u0142 si\u0119 on barier\u0105 i ograniczeniem dalszego rozwoju. Poprawno\u015b\u0107 wypowiedzi jest oczywi\u015bcie wa\u017cna, ale by j\u0105 osi\u0105gn\u0105\u0107 trzeba nabra\u0107 wprawy, nie przejmowa\u0107 si\u0119 potkni\u0119ciami, patrze\u0107 na siebie nie przez pryzmat tego, w czym jeszcze nie jeste\u015bmy doskonali, lecz tego, co ju\u017c uda\u0142o nam si\u0119 osi\u0105gn\u0105\u0107. Nasi nauczyciele stosuj\u0105 tak dobrane techniki korekty b\u0142\u0119d\u00f3w, kt\u00f3re nie zak\u0142\u00f3caj\u0105 wypowiedzi i nie zniech\u0119caj\u0105 do dalszych pr\u00f3b. W efekcie ka\u017cdy <strong>M\u00d3W<\/strong>I po angielsku niezale\u017cnie od poziomu zaawansowania.[\/vc_column_text][\/vc_column][\/vc_row][vc_row][vc_column width=&#8221;1\/6&#8243;][vc_empty_space empty_h=&#8221;0&#8243;][vc_single_image media=&#8221;708&#8243; media_width_percent=&#8221;40&#8243;][\/vc_column][vc_column width=&#8221;5\/6&#8243;][vc_empty_space empty_h=&#8221;0&#8243;][vc_column_text]<strong>Gramatyka jest narz\u0119dziem, nie celem.<\/strong><\/p>\n<p>Zasady gramatyki trzeba zna\u0107 i stosowa\u0107 w praktyce. W IH nie traktujemy ich jednak jak oderwanego od rzeczywisto\u015bci zbioru regu\u0142, kt\u00f3re nale\u017cy wyku\u0107 na pami\u0119\u0107. Gramatyka jest dla nas narz\u0119dziem s\u0142u\u017c\u0105cym praktycznemu celowi, jakim jest <strong>skuteczna komunikacja<\/strong>.[\/vc_column_text][\/vc_column][\/vc_row][vc_row][vc_column width=&#8221;1\/6&#8243;][vc_empty_space empty_h=&#8221;0&#8243;][vc_single_image media=&#8221;712&#8243; media_width_percent=&#8221;40&#8243;][\/vc_column][vc_column width=&#8221;5\/6&#8243;][vc_empty_space empty_h=&#8221;0&#8243;][vc_column_text]<strong>Uczymy my\u015ble\u0107 po angielsku<\/strong><\/p>\n<p>Bieg\u0142o\u015b\u0107 j\u0119zykowa nie polega na dokonywaniu w g\u0142owie mozolnych t\u0142umacze\u0144 z polskiego. Perfekcyjna znajomo\u015b\u0107 regu\u0142 i zasad nie gwarantuje p\u0142ynno\u015bci wypowiedzi. Nasi s\u0142uchacze zach\u0119cani do m\u00f3wienia po angielsku od samego pocz\u0105tku nauki i wykorzystuj\u0105cy swoje umiej\u0119tno\u015bci w praktyce, zaczynaj\u0105 z czasem w naturalny spos\u00f3b my\u015ble\u0107 po angielsku.[\/vc_column_text][\/vc_column][\/vc_row][vc_row][vc_column width=&#8221;1\/6&#8243;][vc_empty_space empty_h=&#8221;0&#8243;][vc_single_image media=&#8221;714&#8243; media_width_percent=&#8221;40&#8243;][\/vc_column][vc_column width=&#8221;5\/6&#8243;][vc_empty_space empty_h=&#8221;0&#8243;][vc_column_text]<strong>Grup\u0119 postrzegamy jako zbi\u00f3r indywidualno\u015bci<\/strong>.<\/p>\n<p>Liczebno\u015b\u0107 grup w IH daje nauczycielom komfort bliskiego kontaktu z ka\u017cdym uczniem. Praktyka pozwala lektorom dostrzec i zdiagnozowa\u0107 indywidualne potrzeby uczestnik\u00f3w kursu. Mog\u0105 na bie\u017c\u0105co rozmawia\u0107 o dokonanych post\u0119pach, zwracaj\u0105c uwag\u0119 na kwestie wymagaj\u0105ce wi\u0119kszego wysi\u0142ku.[\/vc_column_text][\/vc_column][\/vc_row][vc_row][vc_column width=&#8221;1\/6&#8243;][vc_empty_space empty_h=&#8221;0&#8243;][vc_single_image media=&#8221;699&#8243; media_width_percent=&#8221;40&#8243;][\/vc_column][vc_column width=&#8221;5\/6&#8243;][vc_empty_space empty_h=&#8221;0&#8243;][vc_column_text]<strong>Zaj\u0119cia s\u0105 planowane tak, aby s\u0142uchacz by\u0142 ca\u0142y czas aktywny i zainteresowany.<\/strong><\/p>\n<p>Nie powtarzamy do znudzenia banalnych i przewidywalnych \u0107wicze\u0144, nie marnujemy czasu na g\u0142o\u015bne odczytywanie tekst\u00f3w. Wszystkie umiej\u0119tno\u015bci j\u0119zykowe: m\u00f3wienie, s\u0142uchanie, czytanie i pisanie rozwijane s\u0105 w spos\u00f3b urozmaicony, ciekawy i anga\u017cuj\u0105cy.[\/vc_column_text][\/vc_column][\/vc_row][vc_row][vc_column width=&#8221;1\/6&#8243;][vc_empty_space empty_h=&#8221;0&#8243;][vc_single_image media=&#8221;708&#8243; media_width_percent=&#8221;40&#8243;][\/vc_column][vc_column width=&#8221;5\/6&#8243;][vc_empty_space empty_h=&#8221;0&#8243;][vc_column_text]<strong>Korzystamy z doskona\u0142ych materia\u0142\u00f3w oraz nowoczesnych technologii.<\/strong><\/p>\n<p>Kursy oparte s\u0105 o najlepsze podr\u0119czniki, wzbogacane autentycznymi materia\u0142ami prasowymi, radiowymi i telewizyjnymi. Wykorzystujemy tablice interaktywne, podr\u0119czniki cyfrowe oraz mo\u017cliwo\u015bci oferowane przez komputer i Internet.[\/vc_column_text][\/vc_column][\/vc_row][vc_row][vc_column width=&#8221;1\/6&#8243;][vc_empty_space empty_h=&#8221;0&#8243;][vc_single_image media=&#8221;712&#8243; media_width_percent=&#8221;40&#8243;][\/vc_column][vc_column width=&#8221;5\/6&#8243;][vc_empty_space empty_h=&#8221;0&#8243;][vc_column_text]<strong>Wa\u017cnym elementem metody IH jest u\u017cywanie j\u0119zyka angielskiego poza sal\u0105 lekcyjn\u0105.<\/strong><\/p>\n<p>W koncepcji nauczania IH\u00a0 wa\u017cnym elementem jest wykorzystywanie zaj\u0119\u0107 pozalekcyjnych \u2013 klub\u00f3w dyskusyjnych i specjalistycznych, klub\u00f3w dla dzieci, szkolnych imprez &#8211; do tworzenia dodatkowej p\u0142aszczyzny zastosowania j\u0119zyka angielskiego w sytuacjach niezwi\u0105zanych z lekcj\u0105.[\/vc_column_text][\/vc_column][\/vc_row][vc_row][vc_column width=&#8221;1\/1&#8243;][vc_empty_space empty_h=&#8221;2&#8243;][\/vc_column][\/vc_row]<\/p>\n<\/div>","protected":false},"excerpt":{"rendered":"<p>[vc_row row_height_percent=&#8221;0&#8243; overlay_alpha=&#8221;50&#8243; gutter_size=&#8221;3&#8243; column_width_percent=&#8221;100&#8243; shift_y=&#8221;0&#8243; z_index=&#8221;0&#8243;][vc_column width=&#8221;1\/1&#8243;][vc_custom_heading separator=&#8221;yes&#8221;]Metoda International House[\/vc_custom_heading][\/vc_column][\/vc_row][vc_row][vc_column width=&#8221;1\/6&#8243;][vc_empty_space empty_h=&#8221;0&#8243;][vc_single_image media=&#8221;699&#8243; media_width_percent=&#8221;40&#8243;][\/vc_column][vc_column width=&#8221;5\/6&#8243;][vc_empty_space empty_h=&#8221;0&#8243;][vc_column_text]Znajomo\u015b\u0107 j\u0119zyka angielskiego to [&hellip;]<\/p>\n","protected":false},"author":3,"featured_media":0,"parent":0,"menu_order":0,"comment_status":"closed","ping_status":"closed","template":"","meta":{"footnotes":""},"class_list":["post-459","page","type-page","status-publish","hentry"],"yoast_head":"<!-- This site is optimized with the Yoast SEO plugin v26.8 - https:\/\/yoast.com\/product\/yoast-seo-wordpress\/ -->\n<title>Metoda IH - IH Wroc\u0142aw<\/title>\n<meta name=\"robots\" content=\"index, follow, max-snippet:-1, max-image-preview:large, max-video-preview:-1\" \/>\n<link rel=\"canonical\" href=\"https:\/\/www.ih.com.pl\/wroclaw\/metoda-ih\/\" \/>\n<meta property=\"og:locale\" content=\"pl_PL\" \/>\n<meta property=\"og:type\" content=\"article\" \/>\n<meta property=\"og:title\" content=\"Metoda IH - IH Wroc\u0142aw\" \/>\n<meta property=\"og:description\" content=\"[vc_row row_height_percent=&#8221;0&#8243; overlay_alpha=&#8221;50&#8243; gutter_size=&#8221;3&#8243; column_width_percent=&#8221;100&#8243; shift_y=&#8221;0&#8243; z_index=&#8221;0&#8243;][vc_column width=&#8221;1\/1&#8243;][vc_custom_heading separator=&#8221;yes&#8221;]Metoda International House[\/vc_custom_heading][\/vc_column][\/vc_row][vc_row][vc_column width=&#8221;1\/6&#8243;][vc_empty_space empty_h=&#8221;0&#8243;][vc_single_image media=&#8221;699&#8243; media_width_percent=&#8221;40&#8243;][\/vc_column][vc_column width=&#8221;5\/6&#8243;][vc_empty_space empty_h=&#8221;0&#8243;][vc_column_text]Znajomo\u015b\u0107 j\u0119zyka angielskiego to [&hellip;]\" \/>\n<meta property=\"og:url\" content=\"https:\/\/www.ih.com.pl\/wroclaw\/metoda-ih\/\" \/>\n<meta property=\"og:site_name\" content=\"IH Wroc\u0142aw\" \/>\n<meta property=\"article:modified_time\" content=\"2020-02-05T12:04:32+00:00\" \/>\n<meta name=\"twitter:card\" content=\"summary_large_image\" \/>\n<meta name=\"twitter:label1\" content=\"Szacowany czas czytania\" \/>\n\t<meta name=\"twitter:data1\" content=\"6 minut\" \/>\n<script type=\"application\/ld+json\" class=\"yoast-schema-graph\">{\"@context\":\"https:\/\/schema.org\",\"@graph\":[{\"@type\":\"WebPage\",\"@id\":\"https:\/\/www.ih.com.pl\/wroclaw\/metoda-ih\/\",\"url\":\"https:\/\/www.ih.com.pl\/wroclaw\/metoda-ih\/\",\"name\":\"Metoda IH - IH Wroc\u0142aw\",\"isPartOf\":{\"@id\":\"https:\/\/www.ih.com.pl\/wroclaw\/#website\"},\"datePublished\":\"2020-01-28T15:57:46+00:00\",\"dateModified\":\"2020-02-05T12:04:32+00:00\",\"breadcrumb\":{\"@id\":\"https:\/\/www.ih.com.pl\/wroclaw\/metoda-ih\/#breadcrumb\"},\"inLanguage\":\"pl-PL\",\"potentialAction\":[{\"@type\":\"ReadAction\",\"target\":[\"https:\/\/www.ih.com.pl\/wroclaw\/metoda-ih\/\"]}]},{\"@type\":\"BreadcrumbList\",\"@id\":\"https:\/\/www.ih.com.pl\/wroclaw\/metoda-ih\/#breadcrumb\",\"itemListElement\":[{\"@type\":\"ListItem\",\"position\":1,\"name\":\"Strona g\u0142\u00f3wna\",\"item\":\"https:\/\/www.ih.com.pl\/wroclaw\/\"},{\"@type\":\"ListItem\",\"position\":2,\"name\":\"Metoda IH\"}]},{\"@type\":\"WebSite\",\"@id\":\"https:\/\/www.ih.com.pl\/wroclaw\/#website\",\"url\":\"https:\/\/www.ih.com.pl\/wroclaw\/\",\"name\":\"IH Wroc\u0142aw\",\"description\":\"\",\"potentialAction\":[{\"@type\":\"SearchAction\",\"target\":{\"@type\":\"EntryPoint\",\"urlTemplate\":\"https:\/\/www.ih.com.pl\/wroclaw\/?s={search_term_string}\"},\"query-input\":{\"@type\":\"PropertyValueSpecification\",\"valueRequired\":true,\"valueName\":\"search_term_string\"}}],\"inLanguage\":\"pl-PL\"}]}<\/script>\n<!-- \/ Yoast SEO plugin. -->","yoast_head_json":{"title":"Metoda IH - IH Wroc\u0142aw","robots":{"index":"index","follow":"follow","max-snippet":"max-snippet:-1","max-image-preview":"max-image-preview:large","max-video-preview":"max-video-preview:-1"},"canonical":"https:\/\/www.ih.com.pl\/wroclaw\/metoda-ih\/","og_locale":"pl_PL","og_type":"article","og_title":"Metoda IH - IH Wroc\u0142aw","og_description":"[vc_row row_height_percent=&#8221;0&#8243; overlay_alpha=&#8221;50&#8243; gutter_size=&#8221;3&#8243; column_width_percent=&#8221;100&#8243; shift_y=&#8221;0&#8243; z_index=&#8221;0&#8243;][vc_column width=&#8221;1\/1&#8243;][vc_custom_heading separator=&#8221;yes&#8221;]Metoda International House[\/vc_custom_heading][\/vc_column][\/vc_row][vc_row][vc_column width=&#8221;1\/6&#8243;][vc_empty_space empty_h=&#8221;0&#8243;][vc_single_image media=&#8221;699&#8243; media_width_percent=&#8221;40&#8243;][\/vc_column][vc_column width=&#8221;5\/6&#8243;][vc_empty_space empty_h=&#8221;0&#8243;][vc_column_text]Znajomo\u015b\u0107 j\u0119zyka angielskiego to [&hellip;]","og_url":"https:\/\/www.ih.com.pl\/wroclaw\/metoda-ih\/","og_site_name":"IH Wroc\u0142aw","article_modified_time":"2020-02-05T12:04:32+00:00","twitter_card":"summary_large_image","twitter_misc":{"Szacowany czas czytania":"6 minut"},"schema":{"@context":"https:\/\/schema.org","@graph":[{"@type":"WebPage","@id":"https:\/\/www.ih.com.pl\/wroclaw\/metoda-ih\/","url":"https:\/\/www.ih.com.pl\/wroclaw\/metoda-ih\/","name":"Metoda IH - IH Wroc\u0142aw","isPartOf":{"@id":"https:\/\/www.ih.com.pl\/wroclaw\/#website"},"datePublished":"2020-01-28T15:57:46+00:00","dateModified":"2020-02-05T12:04:32+00:00","breadcrumb":{"@id":"https:\/\/www.ih.com.pl\/wroclaw\/metoda-ih\/#breadcrumb"},"inLanguage":"pl-PL","potentialAction":[{"@type":"ReadAction","target":["https:\/\/www.ih.com.pl\/wroclaw\/metoda-ih\/"]}]},{"@type":"BreadcrumbList","@id":"https:\/\/www.ih.com.pl\/wroclaw\/metoda-ih\/#breadcrumb","itemListElement":[{"@type":"ListItem","position":1,"name":"Strona g\u0142\u00f3wna","item":"https:\/\/www.ih.com.pl\/wroclaw\/"},{"@type":"ListItem","position":2,"name":"Metoda IH"}]},{"@type":"WebSite","@id":"https:\/\/www.ih.com.pl\/wroclaw\/#website","url":"https:\/\/www.ih.com.pl\/wroclaw\/","name":"IH Wroc\u0142aw","description":"","potentialAction":[{"@type":"SearchAction","target":{"@type":"EntryPoint","urlTemplate":"https:\/\/www.ih.com.pl\/wroclaw\/?s={search_term_string}"},"query-input":{"@type":"PropertyValueSpecification","valueRequired":true,"valueName":"search_term_string"}}],"inLanguage":"pl-PL"}]}},"_links":{"self":[{"href":"https:\/\/www.ih.com.pl\/wroclaw\/wp-json\/wp\/v2\/pages\/459","targetHints":{"allow":["GET"]}}],"collection":[{"href":"https:\/\/www.ih.com.pl\/wroclaw\/wp-json\/wp\/v2\/pages"}],"about":[{"href":"https:\/\/www.ih.com.pl\/wroclaw\/wp-json\/wp\/v2\/types\/page"}],"author":[{"embeddable":true,"href":"https:\/\/www.ih.com.pl\/wroclaw\/wp-json\/wp\/v2\/users\/3"}],"replies":[{"embeddable":true,"href":"https:\/\/www.ih.com.pl\/wroclaw\/wp-json\/wp\/v2\/comments?post=459"}],"version-history":[{"count":33,"href":"https:\/\/www.ih.com.pl\/wroclaw\/wp-json\/wp\/v2\/pages\/459\/revisions"}],"predecessor-version":[{"id":728,"href":"https:\/\/www.ih.com.pl\/wroclaw\/wp-json\/wp\/v2\/pages\/459\/revisions\/728"}],"wp:attachment":[{"href":"https:\/\/www.ih.com.pl\/wroclaw\/wp-json\/wp\/v2\/media?parent=459"}],"curies":[{"name":"wp","href":"https:\/\/api.w.org\/{rel}","templated":true}]}}