{"id":555,"date":"2020-01-30T06:02:15","date_gmt":"2020-01-30T05:02:15","guid":{"rendered":"https:\/\/ih.wizjanet.pl\/wroclaw\/?page_id=555"},"modified":"2025-05-27T17:05:04","modified_gmt":"2025-05-27T15:05:04","slug":"egzaminy-cambridge-english","status":"publish","type":"page","link":"https:\/\/www.ih.com.pl\/wroclaw\/egzaminy-cambridge-english\/","title":{"rendered":"Egzaminy Cambridge English"},"content":{"rendered":"<div class=\"wpb-content-wrapper\"><p>[vc_row row_height_percent=&#8221;0&#8243; override_padding=&#8221;yes&#8221; h_padding=&#8221;2&#8243; top_padding=&#8221;2&#8243; bottom_padding=&#8221;1&#8243; overlay_alpha=&#8221;50&#8243; gutter_size=&#8221;3&#8243; column_width_percent=&#8221;100&#8243; shift_y=&#8221;0&#8243; z_index=&#8221;0&#8243;][vc_column column_width_percent=&#8221;100&#8243; align_horizontal=&#8221;align_center&#8221; gutter_size=&#8221;3&#8243; overlay_alpha=&#8221;50&#8243; shift_x=&#8221;0&#8243; shift_y=&#8221;0&#8243; shift_y_down=&#8221;0&#8243; z_index=&#8221;0&#8243; medium_width=&#8221;0&#8243; mobile_width=&#8221;0&#8243; width=&#8221;1\/1&#8243;][vc_column_text]Egzaminy Cambridge English umo\u017cliwiaj\u0105 uzyskanie renomowanych i uznawanych na ca\u0142ym \u015bwiecie certyfikat\u00f3w po\u015bwiadczaj\u0105cych znajomo\u015b\u0107 j\u0119zyka angielskiego, jak r\u00f3wnie\u017c posiadanie innych kwalifikacji zawodowych.[\/vc_column_text][vc_custom_heading text_size=&#8221;h4&#8243; separator=&#8221;yes&#8221;]Nasze Centrum Egzaminacyjne oferuje nast\u0119puj\u0105ce egzaminy Cambridge English:[\/vc_custom_heading][\/vc_column][\/vc_row][vc_row row_height_percent=&#8221;0&#8243; override_padding=&#8221;yes&#8221; h_padding=&#8221;2&#8243; top_padding=&#8221;2&#8243; bottom_padding=&#8221;0&#8243; overlay_alpha=&#8221;50&#8243; equal_height=&#8221;yes&#8221; gutter_size=&#8221;0&#8243; column_width_percent=&#8221;100&#8243; shift_y=&#8221;0&#8243; z_index=&#8221;0&#8243;][vc_column column_width_percent=&#8221;100&#8243; gutter_size=&#8221;3&#8243; override_padding=&#8221;yes&#8221; column_padding=&#8221;2&#8243; back_color=&#8221;color-lxmt&#8221; overlay_alpha=&#8221;50&#8243; shift_x=&#8221;0&#8243; shift_y=&#8221;0&#8243; shift_y_down=&#8221;0&#8243; z_index=&#8221;0&#8243; medium_width=&#8221;0&#8243; mobile_width=&#8221;0&#8243; width=&#8221;1\/2&#8243;][vc_custom_heading text_size=&#8221;h4&#8243;]Egzaminy z j\u0119zyka angielskiego og\u00f3lnego[\/vc_custom_heading][vc_column_text]G\u0142\u00f3wna grupa egzamin\u00f3w oferowanych przez Uniwersytet Cambridge. Najpopularniejsze egzaminy z j\u0119zyka angielskiego w Polsce i na \u015bwiecie. Ka\u017cdego roku setki tysi\u0119cy kandydat\u00f3w na ca\u0142ym \u015bwiecie przyst\u0119puj\u0105 do egzamin\u00f3w Cambridge English:[\/vc_column_text][uncode_list icon=&#8221;fa fa-check&#8221; icon_color=&#8221;color-vyce&#8221;]<\/p>\n<ul>\n<li>A2 Key (KET)- poziom podstawowy<\/li>\n<li>B1 Preliminary (PET) &#8211; poziom ponadpodstawowy<\/li>\n<li>B2 First (FCE) &#8211; poziom \u015bredniozaawansowany<\/li>\n<li>C1 Advanced (CAE) &#8211; poziom zaawansowany<\/li>\n<li>C2 Proficiency (CPE) &#8211; poziom bieg\u0142o\u015bci<\/li>\n<\/ul>\n<p>[\/uncode_list][\/vc_column][vc_column column_width_percent=&#8221;100&#8243; gutter_size=&#8221;3&#8243; override_padding=&#8221;yes&#8221; column_padding=&#8221;2&#8243; back_color=&#8221;color-gyho&#8221; overlay_alpha=&#8221;50&#8243; shift_x=&#8221;0&#8243; shift_y=&#8221;0&#8243; shift_y_down=&#8221;0&#8243; z_index=&#8221;0&#8243; medium_width=&#8221;0&#8243; mobile_width=&#8221;0&#8243; width=&#8221;1\/2&#8243;][vc_custom_heading text_size=&#8221;h4&#8243;]Egzaminy dla m\u0142odzie\u017cy szkolnej[\/vc_custom_heading][vc_column_text]Egzaminy polecane dla m\u0142odzie\u017cy w wieku 11-17 lat. Zagadnienia i uj\u0119cie temat\u00f3w s\u0105 dostosowane do zainteresowa\u0144 i do\u015bwiadcze\u0144 tej grupy wiekowej. Oferowane na trzech poziomach:[\/vc_column_text][uncode_list icon=&#8221;fa fa-check&#8221; icon_color=&#8221;color-vyce&#8221;]<\/p>\n<ul>\n<li>A2 Key for Schools (KET for Schools) &#8211; poziom podstawowy<\/li>\n<li>B1 Preliminary for Schools (PET for Schools) &#8211; poziom ponadpodstawowy<\/li>\n<li>B2 First for Schools (FCE for Schools) &#8211; poziom \u015bredniozaawansowany<\/li>\n<\/ul>\n<p>[\/uncode_list][\/vc_column][\/vc_row][vc_row row_height_percent=&#8221;0&#8243; override_padding=&#8221;yes&#8221; h_padding=&#8221;2&#8243; top_padding=&#8221;0&#8243; bottom_padding=&#8221;0&#8243; overlay_alpha=&#8221;50&#8243; equal_height=&#8221;yes&#8221; gutter_size=&#8221;0&#8243; column_width_percent=&#8221;100&#8243; shift_y=&#8221;0&#8243; z_index=&#8221;0&#8243;][vc_column column_width_percent=&#8221;100&#8243; gutter_size=&#8221;3&#8243; override_padding=&#8221;yes&#8221; column_padding=&#8221;2&#8243; back_color=&#8221;color-uydo&#8221; overlay_alpha=&#8221;10&#8243; border_color=&#8221;color-gyho&#8221; border_style=&#8221;solid&#8221; shift_x=&#8221;0&#8243; shift_y=&#8221;0&#8243; shift_y_down=&#8221;0&#8243; z_index=&#8221;0&#8243; medium_width=&#8221;0&#8243; mobile_width=&#8221;0&#8243; width=&#8221;1\/2&#8243;][vc_custom_heading text_size=&#8221;h4&#8243;]Egzaminy dla dzieci[\/vc_custom_heading][vc_column_text]Cambridge English: Young Learners (YLE) to testy dla dzieci w wieku 7 &#8211; 12 lat, kompleksowo oceniaj\u0105ce znajomo\u015b\u0107 j\u0119zyka angielskiego uczni\u00f3w szk\u00f3\u0142 podstawowych. Organizowane s\u0105 na \u017cyczenie dla grup co najmniej 10-osobowych. Oferowane na trzech poziomach:[\/vc_column_text][uncode_list icon=&#8221;fa fa-check&#8221; icon_color=&#8221;color-vyce&#8221;]<\/p>\n<ul>\n<li>Pre A1 Starters (YLE Starters)<\/li>\n<li>A1 Movers (YLE Movers)<\/li>\n<li>A2 Flyers (YLE Flyers)<\/li>\n<\/ul>\n<p>[\/uncode_list][\/vc_column][vc_column column_width_percent=&#8221;100&#8243; gutter_size=&#8221;3&#8243; override_padding=&#8221;yes&#8221; column_padding=&#8221;2&#8243; back_color=&#8221;color-lxmt&#8221; overlay_alpha=&#8221;50&#8243; shift_x=&#8221;0&#8243; shift_y=&#8221;0&#8243; shift_y_down=&#8221;0&#8243; z_index=&#8221;0&#8243; medium_width=&#8221;0&#8243; mobile_width=&#8221;0&#8243; width=&#8221;1\/2&#8243;][vc_custom_heading text_size=&#8221;h4&#8243;]Egzaminy dla m\u0142odzie\u017cy szkolnej[\/vc_custom_heading][vc_column_text]Egzaminy polecane dla m\u0142odzie\u017cy w wieku 11-17 lat. Zagadnienia i uj\u0119cie temat\u00f3w s\u0105 dostosowane do zainteresowa\u0144 i do\u015bwiadcze\u0144 tej grupy wiekowej. Oferowane na trzech poziomach:[\/vc_column_text][uncode_list icon=&#8221;fa fa-check&#8221; icon_color=&#8221;color-vyce&#8221;]<\/p>\n<ul>\n<li>A2 Key for Schools (KET for Schools) &#8211; poziom podstawowy<\/li>\n<li>B1 Preliminary for Schools (PET for Schools) &#8211; poziom ponadpodstawowy<\/li>\n<li>B2 First for Schools (FCE for Schools) &#8211; poziom \u015bredniozaawansowany<\/li>\n<\/ul>\n<p>[\/uncode_list][\/vc_column][\/vc_row][vc_row row_height_percent=&#8221;0&#8243; override_padding=&#8221;yes&#8221; h_padding=&#8221;2&#8243; top_padding=&#8221;0&#8243; bottom_padding=&#8221;0&#8243; overlay_alpha=&#8221;50&#8243; equal_height=&#8221;yes&#8221; gutter_size=&#8221;0&#8243; column_width_percent=&#8221;100&#8243; shift_y=&#8221;0&#8243; z_index=&#8221;0&#8243;][vc_column column_width_percent=&#8221;100&#8243; gutter_size=&#8221;3&#8243; override_padding=&#8221;yes&#8221; column_padding=&#8221;2&#8243; back_color=&#8221;color-lxmt&#8221; overlay_alpha=&#8221;50&#8243; border_color=&#8221;color-gyho&#8221; border_style=&#8221;solid&#8221; shift_x=&#8221;0&#8243; shift_y=&#8221;0&#8243; shift_y_down=&#8221;0&#8243; z_index=&#8221;0&#8243; medium_width=&#8221;0&#8243; mobile_width=&#8221;0&#8243; width=&#8221;1\/2&#8243;][vc_custom_heading]<\/p>\n<h4>Delta Module One<\/h4>\n<p>[\/vc_custom_heading][vc_column_text]Understanding language, methodology and resources for teaching.<\/p>\n<p>Focuses on the background to teaching and learning English in a range of contexts.<\/p>\n<p>Topics:<\/p>\n<p>[\/vc_column_text][uncode_list icon=&#8221;fa fa-check&#8221; icon_color=&#8221;color-vyce&#8221;]<\/p>\n<ul>\n<li>Theoretical perspectives on language acquisition and language teaching<\/li>\n<li>Different approaches and methodologies including current developments<\/li>\n<li>Language systems and learners&#8217; linguistic problems<\/li>\n<li>Language skills and learners&#8217; problems<\/li>\n<li>Knowledge of resources, materials and reference sources for language learning<\/li>\n<li>Key concepts and terminology related to assessment<\/li>\n<\/ul>\n<p>[\/uncode_list][\/vc_column][vc_column column_width_percent=&#8221;100&#8243; gutter_size=&#8221;3&#8243; override_padding=&#8221;yes&#8221; column_padding=&#8221;2&#8243; back_color=&#8221;color-uydo&#8221; overlay_alpha=&#8221;15&#8243; shift_x=&#8221;0&#8243; shift_y=&#8221;0&#8243; shift_y_down=&#8221;0&#8243; z_index=&#8221;0&#8243; medium_width=&#8221;0&#8243; mobile_width=&#8221;0&#8243; width=&#8221;1\/2&#8243;][vc_custom_heading text_size=&#8221;h4&#8243;]Teaching Knowledge Test (TKT)[\/vc_custom_heading][vc_column_text]Egzamin\u00a0<strong>Teaching Knowledge Test (TKT)<\/strong>\u00a0\u2013 test umiej\u0119tno\u015bci zawodowych dla nauczycieli j\u0119zyka angielskiego, obejmuj\u0105cy zagadnienia tj.: zr\u00f3\u017cnicowane sposoby nauczania j\u0119zyka, terminologia w nauczaniu j\u0119zyka, stosowanie materia\u0142\u00f3w dydaktycznych, g\u0142\u00f3wne elementy planowania lekcji, metody prowadzenia zaj\u0119\u0107 z grup\u0105 w zale\u017cno\u015bci od potrzeb.[\/vc_column_text][vc_empty_space empty_h=&#8221;4&#8243;][\/vc_column][\/vc_row][vc_row row_height_percent=&#8221;0&#8243; override_padding=&#8221;yes&#8221; h_padding=&#8221;2&#8243; top_padding=&#8221;0&#8243; bottom_padding=&#8221;2&#8243; overlay_alpha=&#8221;50&#8243; equal_height=&#8221;yes&#8221; gutter_size=&#8221;0&#8243; column_width_percent=&#8221;100&#8243; shift_y=&#8221;0&#8243; z_index=&#8221;0&#8243;][vc_column column_width_percent=&#8221;100&#8243; gutter_size=&#8221;3&#8243; override_padding=&#8221;yes&#8221; column_padding=&#8221;2&#8243; back_color=&#8221;color-lxmt&#8221; overlay_alpha=&#8221;50&#8243; border_color=&#8221;color-gyho&#8221; border_style=&#8221;solid&#8221; shift_x=&#8221;0&#8243; shift_y=&#8221;0&#8243; shift_y_down=&#8221;0&#8243; z_index=&#8221;0&#8243; medium_width=&#8221;0&#8243; mobile_width=&#8221;0&#8243; width=&#8221;1\/2&#8243;][\/vc_column][vc_column column_width_percent=&#8221;100&#8243; gutter_size=&#8221;3&#8243; override_padding=&#8221;yes&#8221; column_padding=&#8221;2&#8243; overlay_alpha=&#8221;50&#8243; shift_x=&#8221;0&#8243; shift_y=&#8221;0&#8243; shift_y_down=&#8221;0&#8243; z_index=&#8221;0&#8243; medium_width=&#8221;0&#8243; mobile_width=&#8221;0&#8243; width=&#8221;1\/2&#8243;][\/vc_column][\/vc_row]<\/p>\n<\/div>","protected":false},"excerpt":{"rendered":"<p>[vc_row row_height_percent=&#8221;0&#8243; override_padding=&#8221;yes&#8221; h_padding=&#8221;2&#8243; top_padding=&#8221;2&#8243; bottom_padding=&#8221;1&#8243; overlay_alpha=&#8221;50&#8243; gutter_size=&#8221;3&#8243; column_width_percent=&#8221;100&#8243; shift_y=&#8221;0&#8243; z_index=&#8221;0&#8243;][vc_column column_width_percent=&#8221;100&#8243; align_horizontal=&#8221;align_center&#8221; gutter_size=&#8221;3&#8243; overlay_alpha=&#8221;50&#8243; shift_x=&#8221;0&#8243; shift_y=&#8221;0&#8243; shift_y_down=&#8221;0&#8243; z_index=&#8221;0&#8243; medium_width=&#8221;0&#8243; [&hellip;]<\/p>\n","protected":false},"author":1,"featured_media":0,"parent":0,"menu_order":0,"comment_status":"closed","ping_status":"closed","template":"","meta":{"footnotes":""},"class_list":["post-555","page","type-page","status-publish","hentry"],"yoast_head":"<!-- This site is optimized with the Yoast SEO plugin v26.8 - https:\/\/yoast.com\/product\/yoast-seo-wordpress\/ -->\n<title>Egzaminy Cambridge English - IH Wroc\u0142aw<\/title>\n<meta name=\"robots\" content=\"index, follow, max-snippet:-1, max-image-preview:large, max-video-preview:-1\" \/>\n<link rel=\"canonical\" href=\"https:\/\/www.ih.com.pl\/wroclaw\/egzaminy-cambridge-english\/\" \/>\n<meta property=\"og:locale\" content=\"pl_PL\" \/>\n<meta property=\"og:type\" content=\"article\" \/>\n<meta property=\"og:title\" content=\"Egzaminy Cambridge English - IH Wroc\u0142aw\" \/>\n<meta property=\"og:description\" content=\"[vc_row row_height_percent=&#8221;0&#8243; override_padding=&#8221;yes&#8221; h_padding=&#8221;2&#8243; top_padding=&#8221;2&#8243; bottom_padding=&#8221;1&#8243; overlay_alpha=&#8221;50&#8243; gutter_size=&#8221;3&#8243; column_width_percent=&#8221;100&#8243; shift_y=&#8221;0&#8243; z_index=&#8221;0&#8243;][vc_column column_width_percent=&#8221;100&#8243; align_horizontal=&#8221;align_center&#8221; gutter_size=&#8221;3&#8243; overlay_alpha=&#8221;50&#8243; shift_x=&#8221;0&#8243; shift_y=&#8221;0&#8243; shift_y_down=&#8221;0&#8243; z_index=&#8221;0&#8243; medium_width=&#8221;0&#8243; [&hellip;]\" \/>\n<meta property=\"og:url\" content=\"https:\/\/www.ih.com.pl\/wroclaw\/egzaminy-cambridge-english\/\" \/>\n<meta property=\"og:site_name\" content=\"IH Wroc\u0142aw\" \/>\n<meta property=\"article:modified_time\" content=\"2025-05-27T15:05:04+00:00\" \/>\n<meta name=\"twitter:card\" content=\"summary_large_image\" \/>\n<meta name=\"twitter:label1\" content=\"Szacowany czas czytania\" \/>\n\t<meta name=\"twitter:data1\" content=\"5 minut\" \/>\n<script type=\"application\/ld+json\" class=\"yoast-schema-graph\">{\"@context\":\"https:\/\/schema.org\",\"@graph\":[{\"@type\":\"WebPage\",\"@id\":\"https:\/\/www.ih.com.pl\/wroclaw\/egzaminy-cambridge-english\/\",\"url\":\"https:\/\/www.ih.com.pl\/wroclaw\/egzaminy-cambridge-english\/\",\"name\":\"Egzaminy Cambridge English - IH Wroc\u0142aw\",\"isPartOf\":{\"@id\":\"https:\/\/www.ih.com.pl\/wroclaw\/#website\"},\"datePublished\":\"2020-01-30T05:02:15+00:00\",\"dateModified\":\"2025-05-27T15:05:04+00:00\",\"breadcrumb\":{\"@id\":\"https:\/\/www.ih.com.pl\/wroclaw\/egzaminy-cambridge-english\/#breadcrumb\"},\"inLanguage\":\"pl-PL\",\"potentialAction\":[{\"@type\":\"ReadAction\",\"target\":[\"https:\/\/www.ih.com.pl\/wroclaw\/egzaminy-cambridge-english\/\"]}]},{\"@type\":\"BreadcrumbList\",\"@id\":\"https:\/\/www.ih.com.pl\/wroclaw\/egzaminy-cambridge-english\/#breadcrumb\",\"itemListElement\":[{\"@type\":\"ListItem\",\"position\":1,\"name\":\"Strona g\u0142\u00f3wna\",\"item\":\"https:\/\/www.ih.com.pl\/wroclaw\/\"},{\"@type\":\"ListItem\",\"position\":2,\"name\":\"Egzaminy Cambridge English\"}]},{\"@type\":\"WebSite\",\"@id\":\"https:\/\/www.ih.com.pl\/wroclaw\/#website\",\"url\":\"https:\/\/www.ih.com.pl\/wroclaw\/\",\"name\":\"IH Wroc\u0142aw\",\"description\":\"\",\"potentialAction\":[{\"@type\":\"SearchAction\",\"target\":{\"@type\":\"EntryPoint\",\"urlTemplate\":\"https:\/\/www.ih.com.pl\/wroclaw\/?s={search_term_string}\"},\"query-input\":{\"@type\":\"PropertyValueSpecification\",\"valueRequired\":true,\"valueName\":\"search_term_string\"}}],\"inLanguage\":\"pl-PL\"}]}<\/script>\n<!-- \/ Yoast SEO plugin. -->","yoast_head_json":{"title":"Egzaminy Cambridge English - IH Wroc\u0142aw","robots":{"index":"index","follow":"follow","max-snippet":"max-snippet:-1","max-image-preview":"max-image-preview:large","max-video-preview":"max-video-preview:-1"},"canonical":"https:\/\/www.ih.com.pl\/wroclaw\/egzaminy-cambridge-english\/","og_locale":"pl_PL","og_type":"article","og_title":"Egzaminy Cambridge English - IH Wroc\u0142aw","og_description":"[vc_row row_height_percent=&#8221;0&#8243; override_padding=&#8221;yes&#8221; h_padding=&#8221;2&#8243; top_padding=&#8221;2&#8243; bottom_padding=&#8221;1&#8243; overlay_alpha=&#8221;50&#8243; gutter_size=&#8221;3&#8243; column_width_percent=&#8221;100&#8243; shift_y=&#8221;0&#8243; z_index=&#8221;0&#8243;][vc_column column_width_percent=&#8221;100&#8243; align_horizontal=&#8221;align_center&#8221; gutter_size=&#8221;3&#8243; overlay_alpha=&#8221;50&#8243; shift_x=&#8221;0&#8243; shift_y=&#8221;0&#8243; shift_y_down=&#8221;0&#8243; z_index=&#8221;0&#8243; medium_width=&#8221;0&#8243; [&hellip;]","og_url":"https:\/\/www.ih.com.pl\/wroclaw\/egzaminy-cambridge-english\/","og_site_name":"IH Wroc\u0142aw","article_modified_time":"2025-05-27T15:05:04+00:00","twitter_card":"summary_large_image","twitter_misc":{"Szacowany czas czytania":"5 minut"},"schema":{"@context":"https:\/\/schema.org","@graph":[{"@type":"WebPage","@id":"https:\/\/www.ih.com.pl\/wroclaw\/egzaminy-cambridge-english\/","url":"https:\/\/www.ih.com.pl\/wroclaw\/egzaminy-cambridge-english\/","name":"Egzaminy Cambridge English - IH Wroc\u0142aw","isPartOf":{"@id":"https:\/\/www.ih.com.pl\/wroclaw\/#website"},"datePublished":"2020-01-30T05:02:15+00:00","dateModified":"2025-05-27T15:05:04+00:00","breadcrumb":{"@id":"https:\/\/www.ih.com.pl\/wroclaw\/egzaminy-cambridge-english\/#breadcrumb"},"inLanguage":"pl-PL","potentialAction":[{"@type":"ReadAction","target":["https:\/\/www.ih.com.pl\/wroclaw\/egzaminy-cambridge-english\/"]}]},{"@type":"BreadcrumbList","@id":"https:\/\/www.ih.com.pl\/wroclaw\/egzaminy-cambridge-english\/#breadcrumb","itemListElement":[{"@type":"ListItem","position":1,"name":"Strona g\u0142\u00f3wna","item":"https:\/\/www.ih.com.pl\/wroclaw\/"},{"@type":"ListItem","position":2,"name":"Egzaminy Cambridge English"}]},{"@type":"WebSite","@id":"https:\/\/www.ih.com.pl\/wroclaw\/#website","url":"https:\/\/www.ih.com.pl\/wroclaw\/","name":"IH Wroc\u0142aw","description":"","potentialAction":[{"@type":"SearchAction","target":{"@type":"EntryPoint","urlTemplate":"https:\/\/www.ih.com.pl\/wroclaw\/?s={search_term_string}"},"query-input":{"@type":"PropertyValueSpecification","valueRequired":true,"valueName":"search_term_string"}}],"inLanguage":"pl-PL"}]}},"_links":{"self":[{"href":"https:\/\/www.ih.com.pl\/wroclaw\/wp-json\/wp\/v2\/pages\/555","targetHints":{"allow":["GET"]}}],"collection":[{"href":"https:\/\/www.ih.com.pl\/wroclaw\/wp-json\/wp\/v2\/pages"}],"about":[{"href":"https:\/\/www.ih.com.pl\/wroclaw\/wp-json\/wp\/v2\/types\/page"}],"author":[{"embeddable":true,"href":"https:\/\/www.ih.com.pl\/wroclaw\/wp-json\/wp\/v2\/users\/1"}],"replies":[{"embeddable":true,"href":"https:\/\/www.ih.com.pl\/wroclaw\/wp-json\/wp\/v2\/comments?post=555"}],"version-history":[{"count":24,"href":"https:\/\/www.ih.com.pl\/wroclaw\/wp-json\/wp\/v2\/pages\/555\/revisions"}],"predecessor-version":[{"id":5061,"href":"https:\/\/www.ih.com.pl\/wroclaw\/wp-json\/wp\/v2\/pages\/555\/revisions\/5061"}],"wp:attachment":[{"href":"https:\/\/www.ih.com.pl\/wroclaw\/wp-json\/wp\/v2\/media?parent=555"}],"curies":[{"name":"wp","href":"https:\/\/api.w.org\/{rel}","templated":true}]}}