{"id":598,"date":"2020-01-30T12:37:04","date_gmt":"2020-01-30T11:37:04","guid":{"rendered":"https:\/\/ih.wizjanet.pl\/wroclaw\/?page_id=598"},"modified":"2022-08-08T09:46:28","modified_gmt":"2022-08-08T07:46:28","slug":"polityka-prywatnosci","status":"publish","type":"page","link":"https:\/\/www.ih.com.pl\/wroclaw\/polityka-prywatnosci\/","title":{"rendered":"Polityka Prywatno\u015bci"},"content":{"rendered":"<div class=\"wpb-content-wrapper\"><p>[vc_row][vc_column width=&#8221;1\/1&#8243;][vc_column_text]<strong>Rozdzia\u0142 1<\/strong><\/p>\n<p><strong>Postanowienia og\u00f3lne<\/strong><\/p>\n<ol>\n<li>Polityka prywatno\u015bci reguluje kwestie przetwarzania danych osobowych uzyskiwanych przez Administratora poprzez formularze dost\u0119pne w Serwisie, oraz danych uzyskanych automatycznie za wiedz\u0105 u\u017cytkownika Serwisu (tzw. ciasteczek i log\u00f3w serwera).<br \/>\n2. Serwis internetowy ih.com.pl (zwany dalej Serwisem) prowadzony jest przez International House (zwanymi wsp\u00f3lnie dalej Administratorem lub W\u0142a\u015bcicielem).<br \/>\n3. Mo\u017cesz si\u0119 z nami skontaktowa\u0107 pisz\u0105c maila na adres biuro@ih.com.pl lub dzwoni\u0105c pod numer +48 71\u00a078-17-290.<br \/>\n4. Zawarto\u015b\u0107 stron internetowych Serwisu jest w\u0142asno\u015bci\u0105 International House. Wszystkie znaki towarowe i materia\u0142y, jakie mo\u017cna obejrze\u0107 lub przeczyta\u0107 na \u0142amach serwisu \u2013 o ile wyra\u017anie nie stwierdzono inaczej \u2013 chronione s\u0105 przepisami prawa i nie mog\u0105 by\u0107 wykorzystywane bez wcze\u015bniejszej pisemnej zgody W\u0142a\u015bciciela. Wszelkie autorskie prawa osobiste i maj\u0105tkowe do Serwisu, jak i do jakichkolwiek jego element\u00f3w s\u0105 zastrze\u017cone.<br \/>\n5. Administrator zbiera dane osobowe w zgodzie z Rozporz\u0105dzeniem Parlamentu Europejskiego i Rady (UE) 2016\/679 z dnia 27 kwietnia 2016 r. w sprawie ochrony os\u00f3b fizycznych w zwi\u0105zku z przetwarzaniem danych osobowych i w sprawie swobodnego przep\u0142ywu takich danych oraz uchylenia dyrektywy 95\/46\/WE (og\u00f3lne rozporz\u0105dzenie o ochronie danych) zwanego dalej RODO.<br \/>\n6. U\u017cytkownikiem Serwisu jest ka\u017cda odwiedzaj\u0105ca go osoba, niezale\u017cnie czy korzysta z jego funkcjonalno\u015bci:<\/li>\n<li>Mo\u017cliwo\u015b\u0107 wys\u0142ania zapytania poprzez formularz kontaktowy.<\/li>\n<li>Mo\u017cliwo\u015b\u0107 zarejestrowania si\u0119 na egzamin z j. angielskiego.<\/li>\n<li>Serwis realizuje funkcje pozyskiwania informacji o U\u017cytkownikach i ich zachowaniu w nast\u0119puj\u0105cy spos\u00f3b:<\/li>\n<li>Poprzez dobrowolnie wprowadzone przez U\u017cytkownika informacje o sobie np. wysy\u0142aj\u0105c formularz zapytania.<\/li>\n<li>Automatycznie za wiedz\u0105 U\u017cytkownika, poprzez zapisane w urz\u0105dzeniach ko\u0144cowych pliki cookie (tzw. \u201cciasteczka\u201d).<\/li>\n<li>Poprzez gromadzenie log\u00f3w serwera www przez operatora hostingowego.<\/li>\n<\/ol>\n<p><strong>Rozdzia\u0142 2<\/strong><\/p>\n<p><strong>Dane osobowe przekazane przez U\u017cytkownika<\/strong><\/p>\n<ol>\n<li>Serwis zbiera informacje podane dobrowolnie przez U\u017cytkownika.<br \/>\n2. Dane osobowe zebrane od U\u017cytkownik\u00f3w s\u0105 przetwarzane zgodnie z Art 32 RODO, a administrator zapewnia:<\/li>\n<li>Szyfrowanie danych osobowych.<\/li>\n<li>Przyj\u0119cia stosownych polityk wewn\u0119trznych maj\u0105cych na celu zapewnienie poufno\u015bci, integralno\u015bci, dost\u0119pno\u015bci, odporno\u015bci system\u00f3w, mo\u017cliwo\u015bci szybkiego przywr\u00f3cenia dost\u0119pno\u015bci danych osobowych.<\/li>\n<li>Regularne testowanie, mierzenie i ocenianie skuteczno\u015bci \u015brodk\u00f3w technicznych i organizacyjnych.<\/li>\n<li>Korzystanie wy\u0142\u0105cznie z Podmiot\u00f3w przetwarzaj\u0105cych, zapewniaj\u0105cych najwy\u017cszy poziom bezpiecze\u0144stwa i ochrony danych.<\/li>\n<li>Przes\u0142ane nam dane osobowe b\u0119d\u0105 przetwarzane do cel\u00f3w, kt\u00f3re wynikaj\u0105 z formularza do kt\u00f3rego wprowadzane s\u0105 dane, np. w celu prowadzenia korespondencji, zapisania si\u0119 na kursy, egzaminy. Dane b\u0119d\u0105 przetwarzane przez okres prowadzonej korespondencji, a po jej zako\u0144czeniu do up\u0142ywu terminu przedawnienia ewentualnych roszcze\u0144 z niej wynikaj\u0105cych.<br \/>\n4. Podstaw\u0105 prawn\u0105 przetwarzania danych osobowych jest zgoda oraz prawnie uzasadniony interes Administratora, polegaj\u0105cy na zabezpieczeniu dowod\u00f3w na potrzeby ewentualnych roszcze\u0144.<br \/>\n5. U\u017cytkownik Serwisu ma prawo do: wgl\u0105du w swoje dane osobowe, prawo do ich sprostowania, ograniczenia przetwarzania, usuni\u0119cia, zg\u0142oszenia sprzeciwu do ich przetwarzania lub przeniesienia do innego Administratora. Masz prawo cofn\u0105\u0107 zgod\u0119 na przetwarzanie danych osobowych, bez wp\u0142ywu na zgodno\u015b\u0107 z prawem przetwarzania, kt\u00f3rego dokonano na podstawie zgody przed jej cofni\u0119ciem.<br \/>\n6. W celu skorzystania z uprawnie\u0144 wynikaj\u0105cych z pkt 5, osoba, kt\u00f3rej dane osobowe s\u0105 przetwarzane, zobowi\u0105zana jest wys\u0142a\u0107 swoj\u0105 pro\u015bb\u0119 w formie pisemnej na adres mailowy lub korespondencyjny Administratora, wraz z umotywowaniem swojego wniosku w przypadku zg\u0142oszenia sprzeciwu. Administrator zastrzega sobie prawo do weryfikowania to\u017csamo\u015bci os\u00f3b, kt\u00f3rych wniosek ma rozpatrzy\u0107.<br \/>\n7. Administrator ma 30 dni na ustosunkowanie si\u0119 do pro\u015bby. Jednocze\u015bnie Administrator zastrzega sobie prawo odmowy usuni\u0119cia danych, je\u015bli narazi go to na konsekwencje karne lub finansowe (np. w przypadku przetwarzania danych w celach ksi\u0119gowych) lub dane s\u0105 mu niezb\u0119dne do dalszej realizacji us\u0142ugi lub realizacji obowi\u0105zku prawnego ci\u0105\u017c\u0105cego na Administratorze.<br \/>\n8. Dane osobowe udost\u0119pnione przez U\u017cytkownika s\u0105 przekazywane podmiotom trzecim, w celu realizacji (na rzecz Administratora) us\u0142ug technicznych i marketingowych, kt\u00f3re maj\u0105 na celu zapewnienie ci\u0105g\u0142o\u015bci dzia\u0142ania Serwisu lub realizacj\u0119 us\u0142ug \u015bwiadczonych w ramach Serwisu, np. zapis\u00f3w na kursy j\u0119zykowe, utrzymania serwisu internetowego.<\/li>\n<\/ol>\n<p><strong>Rozdzia\u0142 3<\/strong><\/p>\n<p><strong>Informacje o plikach cookies<\/strong><\/p>\n<ol>\n<li>Serwis korzysta z plik\u00f3w cookies.<br \/>\n2. Pliki cookies stanowi\u0105 dane informatyczne, w szczeg\u00f3lno\u015bci pliki tekstowe, kt\u00f3re gromadzone s\u0105 u Ciebie na komputerze, urz\u0105dzeniu przeno\u015bnym podczas przegl\u0105dania naszej strony internetowej. Cookies zazwyczaj zawieraj\u0105 nazw\u0119 strony internetowej, z kt\u00f3rej pochodz\u0105, czas przechowywania ich na urz\u0105dzeniu ko\u0144cowym oraz unikalny numer.<br \/>\n3. Podmiotem przetwarzaj\u0105cym dane zgromadzone dzi\u0119ki plikom cookies, jest Administrator serwisu.<br \/>\n4. Pliki cookies wykorzystywane s\u0105 w nast\u0119puj\u0105cych celach:<\/li>\n<li>Tworzenia anonimowych statystyk, kt\u00f3re pomagaj\u0105 zrozumie\u0107, w jaki spos\u00f3b U\u017cytkownicy Serwisu korzystaj\u0105 ze stron internetowych, np. jak\u0105 stron\u0119 odwiedzaj\u0105 najcz\u0119\u015bciej, ile czasu \u015brednio przebywaj\u0105 na stronie itp..<\/li>\n<li>\u015aledzenia aktywno\u015bci U\u017cytkownika w Serwisie w celu lepszego dopasowania tre\u015bci reklamowych, poprzez np. ograniczenie wysy\u0142ania reklam do U\u017cytkownika, kt\u00f3ry w ci\u0105gu ostatnich 30 dni odwiedzi\u0142 Serwis.<\/li>\n<li>Administrator przekazanych przez Ciebie danych (oraz danych uzyskanych w spos\u00f3b automatyczny), nie wykorzystuje do oceny niekt\u00f3rych czynnik\u00f3w, w szczeg\u00f3lno\u015bci do analizy Twojej sytuacji ekonomicznej, stanu zdrowia, osobistych preferencji, zainteresowa\u0144, wiarygodno\u015bci, zachowania, lokalizacji lub przemieszczania si\u0119.<br \/>\n6. W ramach Serwisu stosowane s\u0105 dwa plik\u00f3w cookies:<\/li>\n<li>Cookie tymczasowe (session cookies) \u2013 cookie umieszczone na czas korzystania z przegl\u0105darki (sesji), zostaje wykasowane po jej zamkni\u0119ciu,<\/li>\n<li>Cookie sta\u0142e (persistent cookie) \u2013 nie jest kasowane po zamkni\u0119ciu przegl\u0105darki i pozostaje w urz\u0105dzeniu U\u017cytkownika na okre\u015blony czas lub bez okresu wa\u017cno\u015bci w zale\u017cno\u015bci od ustawie\u0144 W\u0142a\u015bciciela Witryny lub do czasu ich r\u0119cznego usuni\u0119cia przez U\u017cytkownika.<\/li>\n<li>Oprogramowanie do przegl\u0105dania stron internetowych (przegl\u0105darka internetowa) zazwyczaj domy\u015blnie dopuszcza przechowywanie plik\u00f3w cookies w urz\u0105dzeniu ko\u0144cowym U\u017cytkownika. U\u017cytkownicy Serwisu mog\u0105 dokona\u0107 zmiany ustawie\u0144 w tym zakresie. Przegl\u0105darka internetowa umo\u017cliwia usuni\u0119cie plik\u00f3w cookies. Mo\u017cliwe jest tak\u017ce automatyczne blokowanie plik\u00f3w cookies Szczeg\u00f3\u0142owe informacje na ten temat zawiera pomoc lub dokumentacja przegl\u0105darki internetowej.<br \/>\n8. Pliki cookies zamieszczane na komputerze U\u017cytkownika Serwisu, s\u0105 udost\u0119pniane podmiotom \u015bwiadcz\u0105cym us\u0142ugi analityczne i przetwarzane za pomoc\u0105 Google Analytics i Pixel Facebook.<br \/>\n9. Pliki cookies mog\u0105 by\u0107 wykorzystane przez sieci reklamowe, w szczeg\u00f3lno\u015bci sie\u0107 Google i Facebook, do wy\u015bwietlenia reklam dopasowanych do sposobu, w jaki u\u017cytkownik korzysta z Serwisu.<br \/>\n10. W zakresie informacji o preferencjach u\u017cytkownika gromadzonych przez sie\u0107 reklamow\u0105 Google u\u017cytkownik mo\u017ce przegl\u0105da\u0107 i edytowa\u0107 informacje wynikaj\u0105ce z plik\u00f3w cookies przy pomocy narz\u0119dzia:\u00a0<a href=\"https:\/\/www.google.com\/ads\/preferences\/\">https:\/\/www.google.com\/ads\/preferences\/<\/a>.<br \/>\n11. W zakresie informacji o preferencjach u\u017cytkownika gromadzonych przez sie\u0107 reklamow\u0105 Facebook u\u017cytkownik mo\u017ce przegl\u0105da\u0107 i edytowa\u0107 informacje wynikaj\u0105ce z plik\u00f3w cookies przy pomocy narz\u0119dzia:\u00a0<a href=\"https:\/\/www.facebook.com\/about\/privacy\/update\">https:\/\/www.facebook.com\/about\/privacy\/update<\/a><br \/>\n12. Pliki cookie s\u0105 u\u017cywane do personalizacji reklam <a href=\"https:\/\/policies.google.com\/technologies\/partner-sites\" target=\"_blank\" rel=\"noopener noreferrer\">https:\/\/policies.google.com\/technologies\/partner-sites<\/a><\/li>\n<\/ol>\n<p><strong>Rozdzia\u0142 4<\/strong><\/p>\n<p><strong>Informacje o danych zbieranych automatycznie przez serwer<\/strong><\/p>\n<ol>\n<li>Informacje o niekt\u00f3rych zachowaniach U\u017cytkownik\u00f3w podlegaj\u0105 logowaniu w warstwie serwerowej. Dane te s\u0105 wykorzystywane wy\u0142\u0105cznie w celu administrowania serwisem oraz w celu zapewnienia jak najbardziej sprawnej obs\u0142ugi \u015bwiadczonych us\u0142ug hostingowych.<br \/>\n2. Dane te mog\u0105 zawiera\u0107 min.:<\/li>\n<li>Czas wej\u015bcia na stron\u0119 oraz przegl\u0105dania jej.<\/li>\n<li>Informacj\u0119 o b\u0142\u0119dach jakie nast\u0105pi\u0142y podczas przegl\u0105dania Serwisu.<\/li>\n<li>Adres URL sk\u0105d nast\u0105pi\u0142o przekierowanie do Serwisu (je\u015bli wej\u015bcie by\u0142o zrealizowane przy u\u017cyciu tzw. \u201clinka\u201d).<\/li>\n<li>Informacj\u0119 o nazwie przegl\u0105darki, kt\u00f3rej korzystasz.<\/li>\n<li>Informacj\u0119 o Twoim adresie IP, dzi\u0119ki czemu mo\u017cemy dowiedzie\u0107 si\u0119 sk\u0105d jeste\u015b (Pa\u0144stwo, region, miasto, stacja bazowa).<\/li>\n<li>Dane powy\u017csze nie s\u0105 kojarzone z konkretnymi osobami przegl\u0105daj\u0105cymi strony.<br \/>\n4. Dane powy\u017csze s\u0105 wykorzystywane jedynie dla cel\u00f3w administrowania serwerem.<\/li>\n<\/ol>\n<p><strong>Rozdzia\u0142 5<\/strong><\/p>\n<p><strong>Informacje ko\u0144cowe i prawne<\/strong><\/p>\n<ol>\n<li>Niniejsza Polityka Prywatno\u015bci obowi\u0105zuje od chwili zamieszczenia w Serwisie.<br \/>\n2. Administrator zastrzega sobie prawo do zmiany Polityki Prywatno\u015bci, poprzez og\u0142oszenie zmian na stronie Serwisu oraz wys\u0142anie informacji mailowej do zarejestrowanych U\u017cytkownik\u00f3w Serwisu.<br \/>\n3. Zarejestrowani U\u017cytkownicy Serwisu maj\u0105 prawo do wniesienia sprzeciwu wobec zmiany Polityki Prywatno\u015bci, poprzez wys\u0142anie emaila na adres Administratora w przeci\u0105gu 14 dni od chwili otrzymania powiadomienia o zmianie.<br \/>\n4. Skorzystanie z prawa, o kt\u00f3rym jest mowa w punkcie 3, skutkowa\u0107 b\u0119dzie zaprzestaniem przetwarzania danych osobowych uzyskanych przez Administratora w zakresie potrzebnym do korzystania z funkcjonalno\u015bci serwisu i tym samym spowoduje usuni\u0119cie konta U\u017cytkownika Serwisu, kt\u00f3ry wni\u00f3s\u0142 sprzeciw.<br \/>\n5. Administrator mo\u017ce mie\u0107 obowi\u0105zek udzielania informacji zebranych przez Serwis upowa\u017cnionym organom na podstawie zgodnych z prawem \u017c\u0105da\u0144 w zakresie wynikaj\u0105cym z \u017c\u0105dania.<br \/>\n6. W przypadku, gdy uznasz, \u017ce Twoje dane osobowe s\u0105 przetwarzane z naruszeniem przepis\u00f3w Rozporz\u0105dzenia Parlamentu Europejskiego I Rady (UE) 2016\/679 z dnia 27 kwietnia 2016 r. w sprawie ochrony os\u00f3b fizycznych w zwi\u0105zku z przetwarzaniem danych osobowych i w sprawie swobodnego przep\u0142ywu takich danych oraz uchylenia dyrektywy 95\/46\/WE masz prawo do wniesienia skargi do Prezesa Urz\u0119du Ochrony Danych Osobowych.<\/li>\n<\/ol>\n<p>[\/vc_column_text][\/vc_column][\/vc_row]<\/p>\n<\/div>","protected":false},"excerpt":{"rendered":"<p>[vc_row][vc_column width=&#8221;1\/1&#8243;][vc_column_text]Rozdzia\u0142 1 Postanowienia og\u00f3lne Polityka prywatno\u015bci reguluje kwestie przetwarzania danych osobowych uzyskiwanych przez Administratora poprzez formularze dost\u0119pne w Serwisie, [&hellip;]<\/p>\n","protected":false},"author":3,"featured_media":0,"parent":0,"menu_order":0,"comment_status":"closed","ping_status":"closed","template":"","meta":{"footnotes":""},"class_list":["post-598","page","type-page","status-publish","hentry"],"yoast_head":"<!-- This site is optimized with the Yoast SEO plugin v26.8 - https:\/\/yoast.com\/product\/yoast-seo-wordpress\/ -->\n<title>Polityka Prywatno\u015bci - IH Wroc\u0142aw<\/title>\n<meta name=\"robots\" content=\"index, follow, max-snippet:-1, max-image-preview:large, max-video-preview:-1\" \/>\n<link rel=\"canonical\" href=\"https:\/\/www.ih.com.pl\/wroclaw\/polityka-prywatnosci\/\" \/>\n<meta property=\"og:locale\" content=\"pl_PL\" \/>\n<meta property=\"og:type\" content=\"article\" \/>\n<meta property=\"og:title\" content=\"Polityka Prywatno\u015bci - IH Wroc\u0142aw\" \/>\n<meta property=\"og:description\" content=\"[vc_row][vc_column width=&#8221;1\/1&#8243;][vc_column_text]Rozdzia\u0142 1 Postanowienia og\u00f3lne Polityka prywatno\u015bci reguluje kwestie przetwarzania danych osobowych uzyskiwanych przez Administratora poprzez formularze dost\u0119pne w Serwisie, [&hellip;]\" \/>\n<meta property=\"og:url\" content=\"https:\/\/www.ih.com.pl\/wroclaw\/polityka-prywatnosci\/\" \/>\n<meta property=\"og:site_name\" content=\"IH Wroc\u0142aw\" \/>\n<meta property=\"article:modified_time\" content=\"2022-08-08T07:46:28+00:00\" \/>\n<meta name=\"twitter:card\" content=\"summary_large_image\" \/>\n<meta name=\"twitter:label1\" content=\"Szacowany czas czytania\" \/>\n\t<meta name=\"twitter:data1\" content=\"8 minut\" \/>\n<script type=\"application\/ld+json\" class=\"yoast-schema-graph\">{\"@context\":\"https:\/\/schema.org\",\"@graph\":[{\"@type\":\"WebPage\",\"@id\":\"https:\/\/www.ih.com.pl\/wroclaw\/polityka-prywatnosci\/\",\"url\":\"https:\/\/www.ih.com.pl\/wroclaw\/polityka-prywatnosci\/\",\"name\":\"Polityka Prywatno\u015bci - IH Wroc\u0142aw\",\"isPartOf\":{\"@id\":\"https:\/\/www.ih.com.pl\/wroclaw\/#website\"},\"datePublished\":\"2020-01-30T11:37:04+00:00\",\"dateModified\":\"2022-08-08T07:46:28+00:00\",\"breadcrumb\":{\"@id\":\"https:\/\/www.ih.com.pl\/wroclaw\/polityka-prywatnosci\/#breadcrumb\"},\"inLanguage\":\"pl-PL\",\"potentialAction\":[{\"@type\":\"ReadAction\",\"target\":[\"https:\/\/www.ih.com.pl\/wroclaw\/polityka-prywatnosci\/\"]}]},{\"@type\":\"BreadcrumbList\",\"@id\":\"https:\/\/www.ih.com.pl\/wroclaw\/polityka-prywatnosci\/#breadcrumb\",\"itemListElement\":[{\"@type\":\"ListItem\",\"position\":1,\"name\":\"Strona g\u0142\u00f3wna\",\"item\":\"https:\/\/www.ih.com.pl\/wroclaw\/\"},{\"@type\":\"ListItem\",\"position\":2,\"name\":\"Polityka Prywatno\u015bci\"}]},{\"@type\":\"WebSite\",\"@id\":\"https:\/\/www.ih.com.pl\/wroclaw\/#website\",\"url\":\"https:\/\/www.ih.com.pl\/wroclaw\/\",\"name\":\"IH Wroc\u0142aw\",\"description\":\"\",\"potentialAction\":[{\"@type\":\"SearchAction\",\"target\":{\"@type\":\"EntryPoint\",\"urlTemplate\":\"https:\/\/www.ih.com.pl\/wroclaw\/?s={search_term_string}\"},\"query-input\":{\"@type\":\"PropertyValueSpecification\",\"valueRequired\":true,\"valueName\":\"search_term_string\"}}],\"inLanguage\":\"pl-PL\"}]}<\/script>\n<!-- \/ Yoast SEO plugin. -->","yoast_head_json":{"title":"Polityka Prywatno\u015bci - IH Wroc\u0142aw","robots":{"index":"index","follow":"follow","max-snippet":"max-snippet:-1","max-image-preview":"max-image-preview:large","max-video-preview":"max-video-preview:-1"},"canonical":"https:\/\/www.ih.com.pl\/wroclaw\/polityka-prywatnosci\/","og_locale":"pl_PL","og_type":"article","og_title":"Polityka Prywatno\u015bci - IH Wroc\u0142aw","og_description":"[vc_row][vc_column width=&#8221;1\/1&#8243;][vc_column_text]Rozdzia\u0142 1 Postanowienia og\u00f3lne Polityka prywatno\u015bci reguluje kwestie przetwarzania danych osobowych uzyskiwanych przez Administratora poprzez formularze dost\u0119pne w Serwisie, [&hellip;]","og_url":"https:\/\/www.ih.com.pl\/wroclaw\/polityka-prywatnosci\/","og_site_name":"IH Wroc\u0142aw","article_modified_time":"2022-08-08T07:46:28+00:00","twitter_card":"summary_large_image","twitter_misc":{"Szacowany czas czytania":"8 minut"},"schema":{"@context":"https:\/\/schema.org","@graph":[{"@type":"WebPage","@id":"https:\/\/www.ih.com.pl\/wroclaw\/polityka-prywatnosci\/","url":"https:\/\/www.ih.com.pl\/wroclaw\/polityka-prywatnosci\/","name":"Polityka Prywatno\u015bci - IH Wroc\u0142aw","isPartOf":{"@id":"https:\/\/www.ih.com.pl\/wroclaw\/#website"},"datePublished":"2020-01-30T11:37:04+00:00","dateModified":"2022-08-08T07:46:28+00:00","breadcrumb":{"@id":"https:\/\/www.ih.com.pl\/wroclaw\/polityka-prywatnosci\/#breadcrumb"},"inLanguage":"pl-PL","potentialAction":[{"@type":"ReadAction","target":["https:\/\/www.ih.com.pl\/wroclaw\/polityka-prywatnosci\/"]}]},{"@type":"BreadcrumbList","@id":"https:\/\/www.ih.com.pl\/wroclaw\/polityka-prywatnosci\/#breadcrumb","itemListElement":[{"@type":"ListItem","position":1,"name":"Strona g\u0142\u00f3wna","item":"https:\/\/www.ih.com.pl\/wroclaw\/"},{"@type":"ListItem","position":2,"name":"Polityka Prywatno\u015bci"}]},{"@type":"WebSite","@id":"https:\/\/www.ih.com.pl\/wroclaw\/#website","url":"https:\/\/www.ih.com.pl\/wroclaw\/","name":"IH Wroc\u0142aw","description":"","potentialAction":[{"@type":"SearchAction","target":{"@type":"EntryPoint","urlTemplate":"https:\/\/www.ih.com.pl\/wroclaw\/?s={search_term_string}"},"query-input":{"@type":"PropertyValueSpecification","valueRequired":true,"valueName":"search_term_string"}}],"inLanguage":"pl-PL"}]}},"_links":{"self":[{"href":"https:\/\/www.ih.com.pl\/wroclaw\/wp-json\/wp\/v2\/pages\/598","targetHints":{"allow":["GET"]}}],"collection":[{"href":"https:\/\/www.ih.com.pl\/wroclaw\/wp-json\/wp\/v2\/pages"}],"about":[{"href":"https:\/\/www.ih.com.pl\/wroclaw\/wp-json\/wp\/v2\/types\/page"}],"author":[{"embeddable":true,"href":"https:\/\/www.ih.com.pl\/wroclaw\/wp-json\/wp\/v2\/users\/3"}],"replies":[{"embeddable":true,"href":"https:\/\/www.ih.com.pl\/wroclaw\/wp-json\/wp\/v2\/comments?post=598"}],"version-history":[{"count":4,"href":"https:\/\/www.ih.com.pl\/wroclaw\/wp-json\/wp\/v2\/pages\/598\/revisions"}],"predecessor-version":[{"id":2477,"href":"https:\/\/www.ih.com.pl\/wroclaw\/wp-json\/wp\/v2\/pages\/598\/revisions\/2477"}],"wp:attachment":[{"href":"https:\/\/www.ih.com.pl\/wroclaw\/wp-json\/wp\/v2\/media?parent=598"}],"curies":[{"name":"wp","href":"https:\/\/api.w.org\/{rel}","templated":true}]}}