{"id":644,"date":"2020-02-03T13:55:09","date_gmt":"2020-02-03T12:55:09","guid":{"rendered":"https:\/\/ih.wizjanet.pl\/wroclaw\/?page_id=644"},"modified":"2021-09-16T11:48:25","modified_gmt":"2021-09-16T09:48:25","slug":"hiszpanski","status":"publish","type":"page","link":"https:\/\/www.ih.com.pl\/wroclaw\/hiszpanski\/","title":{"rendered":"Hiszpa\u0144ski"},"content":{"rendered":"<div class=\"wpb-content-wrapper\"><p>[vc_row row_height_percent=&#8221;0&#8243; back_image=&#8221;352&#8243; overlay_color=&#8221;color-210407&#8243; overlay_alpha=&#8221;75&#8243; gutter_size=&#8221;3&#8243; column_width_percent=&#8221;100&#8243; shift_y=&#8221;0&#8243; z_index=&#8221;0&#8243;][vc_column width=&#8221;1\/1&#8243;][vc_custom_heading heading_semantic=&#8221;h1&#8243; text_color=&#8221;color-xsdn&#8221;]Kurs Hiszpa\u0144skiego[\/vc_custom_heading][\/vc_column][\/vc_row][vc_row row_height_percent=&#8221;0&#8243; back_color=&#8221;color-lxmt&#8221; overlay_alpha=&#8221;50&#8243; gutter_size=&#8221;3&#8243; column_width_percent=&#8221;100&#8243; shift_y=&#8221;0&#8243; z_index=&#8221;0&#8243;][vc_column width=&#8221;1\/1&#8243;][vc_column_text]<strong>Hola, \u00bfC\u00f3mo est\u00e1s? Ciekawi Ci\u0119 pi\u0119kne brzmienie j\u0119zyka hiszpa\u0144skiego i kultura kraj\u00f3w hiszpa\u0144skoj\u0119zycznych? A mo\u017ce chcesz nieco od\u015bwie\u017cy\u0107 sw\u00f3j \u201eEspa\u00f1ol\u201d i rozwin\u0105\u0107 umiej\u0119tno\u015bci? Nie zwlekaj &#8211; na nauk\u0119 j\u0119zyka nigdy nie jest za p\u00f3\u017ano!<\/strong>[\/vc_column_text][\/vc_column][\/vc_row][vc_row][vc_column width=&#8221;1\/1&#8243;][vc_tabs][vc_tab title=&#8221;Hiszpa\u0144ski w IH&#8221; tab_id=&#8221;1580734509-1-45&#8243;][vc_column_text]<a name=\"_GoBack\"><\/a> <span style=\"font-size: medium\"><span style=\"color: #494e4f\"><b>Hola, C\u00f3mo est\u00e1s? Intryguje Ci\u0119 pi\u0119kne brzmienie j\u0119zyka hiszpa\u0144skiego i kultura kraj\u00f3w hiszpa\u0144skoj\u0119zycznych? A mo\u017ce chcesz nieco od\u015bwie\u017cy\u0107 sw\u00f3j \u201eespa\u00f1ol\u201d i rozwin\u0105\u0107 nowe umiej\u0119tno\u015bci lingwistyczne? Nie zwlekaj \u2013 na nauk\u0119 j\u0119zyka nigdy nie jest za p\u00f3\u017ano! Zapisz si\u0119 ju\u017c dzi\u015b na kurs hiszpa\u0144skiego w International House Wroc\u0142aw!<\/b><\/span><\/span><\/p>\n<p><span style=\"font-size: medium\"><span style=\"color: #494e4f\"><b>w IH Wroc\u0142aw w pigu\u0142ce:<\/b><\/span><\/span><\/p>\n<ul>\n<li><span style=\"font-size: medium\"><span style=\"color: #494e4f\">Czas trwania zaj\u0119\u0107: od <\/span><span style=\"color: #494e4f\"><b>pa\u017adziernika<\/b><\/span> <span style=\"color: #494e4f\"><b>do czerwca<\/b><\/span><span style=\"color: #494e4f\">,<\/span><\/span><\/li>\n<li><span style=\"font-size: medium\"><span style=\"color: #494e4f\">Grupy ju\u017c od <\/span><span style=\"color: #494e4f\"><b>4<\/b><\/span><span style=\"color: #494e4f\"> os\u00f3b!<\/span><\/span><\/li>\n<li><span style=\"font-size: medium\"><span style=\"color: #494e4f\">Ca\u0142o\u015b\u0107 kursu to <\/span><span style=\"color: #494e4f\"><b>120<\/b><\/span><span style=\"color: #494e4f\"> godzin lekcyjnych.<\/span><\/span><\/li>\n<\/ul>\n<p><span style=\"font-size: medium\"><span style=\"color: #494e4f\"><b>Koszt kursu: <\/b><\/span><\/span><\/p>\n<ul>\n<li><span style=\"font-size: medium\"><span style=\"color: #494e4f\">p\u0142atno\u015b\u0107 jednorazowa: <\/span><span style=\"color: #494e4f\"><b>2600 z\u0142,<\/b><\/span><\/span><\/li>\n<li><span style=\"font-size: medium\"><span style=\"color: #494e4f\">p\u0142atno\u015b\u0107 semestralna:<\/span><span style=\"color: #494e4f\"><b> 2 x 1325 z\u0142,<\/b><\/span><\/span><\/li>\n<li><span style=\"font-size: medium\"><span style=\"color: #494e4f\">p\u0142atno\u015b\u0107 w ratach<\/span><span style=\"color: #494e4f\"><b>: 380 z\u0142 przy zapisie + 8 rat po 290 z\u0142.<\/b><\/span><\/span><\/li>\n<\/ul>\n<p><span style=\"font-size: medium\"><span style=\"color: #494e4f\"><b>Hiszpa\u0144ski dla doros\u0142ych:<\/b><\/span><\/span><\/p>\n<table border=\"1\" width=\"602\" cellspacing=\"0\" cellpadding=\"7\">\n<colgroup>\n<col width=\"286\" \/>\n<col width=\"286\" \/> <\/colgroup>\n<tbody>\n<tr valign=\"TOP\">\n<td bgcolor=\"#ffffff\" width=\"286\" height=\"107\">\n<ul>\n<li><span style=\"font-size: medium\"><span style=\"color: #494e4f\"><b>spotkania 2 razy w tygodniu &#8211; 90 minut,<\/b><\/span><\/span><\/li>\n<li><span style=\"font-size: medium\"><span style=\"color: #494e4f\"><b>poniedzia\u0142ek\/\u015broda <\/b><\/span><span style=\"color: #494e4f\">lub <\/span><span style=\"color: #494e4f\"><b>wtorek\/czwartek,<\/b><\/span><\/span><\/li>\n<li><span style=\"font-size: medium\"><span style=\"color: #494e4f\"><b>15:30 &#8211; 17:00, 17:15 &#8211; 18:45, 19:00- 20:30.<\/b><\/span><\/span><\/li>\n<\/ul>\n<\/td>\n<td bgcolor=\"#ffffff\" width=\"286\">\n<ul>\n<li><span style=\"font-size: medium\"><span style=\"color: #494e4f\"><b>spotkanie raz w tygodniu &#8211; 180 minut,<\/b><\/span><\/span><\/li>\n<li><span style=\"font-size: medium\"><span style=\"color: #494e4f\"><b>pi\u0105tek,<\/b><\/span><\/span><\/li>\n<li><span style=\"font-size: medium\"><span style=\"color: #494e4f\"><b>17:15 &#8211; 20:30.<\/b><\/span><\/span><\/li>\n<\/ul>\n<\/td>\n<\/tr>\n<\/tbody>\n<\/table>\n<p>&nbsp;<\/p>\n<p><span style=\"font-size: medium\"><span style=\"color: #494e4f\"><b>Kurs j\u0119zyka hiszpa\u0144skiego dla m\u0142odzie\u017cy (13-15 lat):<\/b><\/span><\/span><\/p>\n<ul>\n<li><span style=\"font-size: medium\"><span style=\"color: #494e4f\">spotkania <\/span><span style=\"color: #494e4f\"><b>2 <\/b><\/span><span style=\"color: #494e4f\">razy w tygodniu po <\/span><span style=\"color: #494e4f\"><b>90<\/b><\/span><span style=\"color: #494e4f\"> minut,<\/span><\/span><\/li>\n<li><span style=\"font-size: medium\"><span style=\"color: #494e4f\"><b>poniedzia\u0142ek\/ \u015broda<\/b><\/span><span style=\"color: #494e4f\"> lub <\/span><span style=\"color: #494e4f\"><b>wtorek\/czwartek<\/b><\/span><span style=\"color: #494e4f\"> w godzinach <\/span><span style=\"color: #494e4f\"><b>15:30 &#8211; 17:00. <\/b><\/span><\/span><\/li>\n<\/ul>\n<p><span style=\"font-size: medium\"><span style=\"color: #494e4f\"><b>Kurs hiszpa\u0144skiego Wroc\u0142aw \u2013 zaj\u0119cia indywidualne:<\/b><\/span><\/span><\/p>\n<ul>\n<li><span style=\"font-size: medium\"><span style=\"color: #494e4f\">zale\u017cnie od wolnych miejsc &#8211; <\/span><span style=\"color: #494e4f\"><b>mo\u017cliwy dowolny termin!<\/b><\/span><\/span><\/li>\n<li><span style=\"font-size: medium\"><span style=\"color: #494e4f\"><b>cena ustalana indywidualnie, <\/b><\/span><span style=\"color: #494e4f\">zale\u017cnie od terminu zaj\u0119\u0107 oraz liczby godzin.<\/span><\/span><\/li>\n<\/ul>\n<p><span style=\"font-size: medium\"><span style=\"color: #494e4f\"><b>Kontynuujesz nauk\u0119? Masz 50 z\u0142 zni\u017cki! Ucz\u0119szczasz do naszej szko\u0142y na kurs j\u0119zyka angielskiego? Je\u015bli tak, to za kurs hiszpa\u0144skiego zap\u0142acisz 500 z\u0142 mniej! Nie\u017ale, prawda?<\/b><\/span><\/span><\/p>\n<p><span style=\"font-size: medium\"><span style=\"color: #494e4f\"><b>Kto pyta, nie b\u0142\u0105dzi! Je\u017celi Ty te\u017c nie chcesz b\u0142\u0105dzi\u0107, masz pytania lub w\u0105tpliwo\u015bci, albo po prostu chcesz wiedzie\u0107 wi\u0119cej na temat kursu, wype\u0142nij formularz na stronie, a skontaktujemy si\u0119 z Tob\u0105! Czekamy na Twoje pytania dotycz\u0105ce kursu hiszpa\u0144skiego we Wroc\u0142awiu. Postaramy si\u0119 na nie odpowiedzie\u0107 bez zb\u0119dnej zw\u0142oki, a ju\u017c na pewno bez przerwy na sjest\u0119!<\/b><\/span><\/span>[\/vc_column_text][\/vc_tab][vc_tab title=&#8221;Dlaczego warto uczy\u0107 si\u0119 hiszpa\u0144skiego?&#8221; tab_id=&#8221;1580734674515-2-9&#8243;][vc_column_text]<span style=\"font-size: medium\"><b>Dlaczego warto uczy\u0107 si\u0119 hiszpa\u0144skiego?<\/b><\/span><\/p>\n<ul>\n<li style=\"list-style-type: none\">\n<ul>\n<li><span style=\"font-size: medium\">Oczywi\u015bcie dla przyjemno\u015bci. <\/span><\/li>\n<li><span style=\"font-size: medium\">\u017beby zrozumie\u0107 Despacito!<\/span><\/li>\n<li><span style=\"font-size: medium\">Mo\u017cesz zwiedzi\u0107 Hiszpani\u0119 i kraje Iberoameryka\u0144skie na w\u0142asn\u0105 r\u0119k\u0119, dog\u0142\u0119bnie poznaj\u0105c niuanse kultury i \u201clokals\u00f3w\u201d.<\/span><\/li>\n<li><span style=\"font-size: medium\">To w\u0142a\u015bnie po hiszpa\u0144sku m\u00f3wi si\u0119 w najbardziej imprezowych miejscach \u015bwiata. Ibiza, Majorka, Canc\u00fan, a nawet Acapulco czekaj\u0105 na Ciebie!<\/span><\/li>\n<li><span style=\"font-size: medium\">Ogl\u0105daj seriale hiszpa\u0144skoj\u0119zyczne w oryginale, w tym takie superprodukcje jak \u201cLa Casa De Papel\u201d czy \u201cNarcos\u201d oraz filmy Almodovara, del Toro, Cuar\u00f3na lub I\u00f1\u00e1rritu.<\/span><\/li>\n<li><a name=\"_GoBack1\"><\/a><span style=\"font-size: medium\">F\u00fatbol to Twoja pasja? M\u00f3wi\u0105c p\u0142ynnie po hiszpa\u0144sku, Primera Divisi\u00f3n stoi przed Tob\u0105 otworem!<\/span><\/li>\n<li><span style=\"font-size: medium\">Uwielbiasz ta\u0144czy\u0107? Opanuj tango argenty\u0144skie w Argentynie, sals\u0119, cha-ch\u0119 i mambo na Kubie czy flamenco w Hiszpanii. <\/span><\/li>\n<li><span style=\"font-size: medium\">Aby czyta\u0107 w oryginale Marqueza, Llos\u0119, Borgesa czy Mendoz\u0119. A mo\u017ce i samego Cervantesa! <\/span><\/li>\n<\/ul>\n<\/li>\n<\/ul>\n<p><span style=\"font-size: medium\"><b>A poza tym:<\/b><\/span><\/p>\n<ul>\n<li><span style=\"font-size: medium\">Hiszpa\u0144ski to j\u0119zyk ojczysty dla ponad czterystu milion\u00f3w ludzi. Kolejne 100 milion\u00f3w u\u017cywa go jako drugiego j\u0119zyka. Dzi\u0119ki temu jest trzecim najcz\u0119\u015bciej u\u017cywanym j\u0119zykiem na \u015bwiecie, zaraz po mandary\u0144skim i angielskim. <\/span><\/li>\n<li><span style=\"font-size: medium\">Hiszpa\u0144ski jest \u0142atwy! Szybko mo\u017cna opanowa\u0107 go na poziomie podstawowym. Obowi\u0105zuj\u0105 w nim takie same, proste zasady wymowy i porz\u0105dek zdania identyczny jak w j\u0119zyku polskim.<\/span><\/li>\n<li><span style=\"font-size: medium\">J\u0119zyk hiszpa\u0144ski nale\u017cy do grupy j\u0119zyk\u00f3w roma\u0144skich, dzi\u0119ki czemu nauka w\u0142oskiego czy portugalskiego przyjdzie z \u0142atwo\u015bci\u0105 po opanowaniu hiszpa\u0144skiego.<\/span><\/li>\n<li><span style=\"font-size: medium\">Hiszpa\u0144ski otwiera nowe mo\u017cliwo\u015bci kariery zawodowej. Doceniaj\u0105 go w korporacjach i mi\u0119dzynarodowych organizacjach politycznych, sportowych i gospodarczych.<\/span><\/li>\n<li><span style=\"font-size: medium\">Hiszpa\u0144ski to oficjalny j\u0119zyk nie tylko w Hiszpanii, ale te\u017c w zdecydowanej wi\u0119kszo\u015bci kraj\u00f3w Ameryki \u0141aci\u0144skiej, a tak\u017ce Gwinei R\u00f3wnikowej w Afryce i Puerto Rico.\u00a0<\/span><\/li>\n<\/ul>\n<p><span style=\"font-size: medium\">Powod\u00f3w do okrywania j\u0119zyka hiszpa\u0144skiego jest jeszcze wi\u0119cej, a ka\u017cdy z nich jest r\u00f3wnie dobry. Wiele inspiracji i jedno rozwi\u0105zanie: kurs hiszpa\u0144skiego Wroc\u0142aw w International House!<br \/>\n<\/span><\/p>\n<p><span style=\"color: #494e4f\"><span style=\"font-size: medium\"><b>Znajd\u017a swoj\u0105 motywacj\u0119 i do\u0142\u0105cz do dynamicznej spo\u0142eczno\u015bci ludzi m\u00f3wi\u0105cych po hiszpa\u0144sku dzi\u0119ki International House Wroc\u0142aw! <\/b><\/span><\/span>[\/vc_column_text][\/vc_tab][vc_tab title=&#8221;Wakacje z hiszpa\u0144skim&#8221; tab_id=&#8221;1580734509-2-95&#8243;][vc_column_text]Sp\u0119d\u017a letnie miesi\u0105ce wakacyjne produktywnie, ucz\u0119szczaj\u0105c na intensywny kurs hiszpa\u0144skiego. Spotkania odbywaj\u0105 si\u0119 od poniedzia\u0142ku do czwartku po 75 minut dziennie przez 4 tygodnie (5-30 lipca). Wakacyjny kurs hiszpa\u0144skiego Wroc\u0142aw to dawka wiedzy i praktycznych umiej\u0119tno\u015bci w skondensowanej formie, dzi\u0119ki kt\u00f3rej po wakacjach opanujesz podstawy j\u0119zyka Cervantesa.<\/p>\n<p>&nbsp;<\/p>\n<p>Koszt: 500z\u0142[\/vc_column_text][\/vc_tab][vc_tab title=&#8221;Poziomy zaawansowania&#8221; tab_id=&#8221;1580734710591-3-6&#8243;][vc_single_image media=&#8221;729&#8243; media_width_percent=&#8221;90&#8243;][\/vc_tab][vc_tab title=&#8221;Lektorzy&#8221; tab_id=&#8221;1580734735139-4-0&#8243;][vc_column_text]Zatrudniamy tylko wykwalifikowanych lektor\u00f3w z odpowiednim przeszkoleniem metodycznym, bo stawiamy na najwy\u017csz\u0105 jako\u015b\u0107 nauczania!<\/p>\n<p>&nbsp;<\/p>\n<p>Nasi lektorzy to rodzimi u\u017cytkownicy j\u0119zyka hiszpa\u0144skiego. S\u0105 to osoby z wy\u017cszym wykszta\u0142ceniem humanistycznym i odpowiednim przygotowaniem metodycznym. Zesp\u00f3\u0142 dydaktyczny tworz\u0105 ludzie pozytywnie nastawieni do \u015bwiata, otwarci na r\u00f3\u017cnice kulturowe, fachowcy, kt\u00f3rzy z entuzjazmem podchodz\u0105 do swojej pracy.<\/p>\n<p>&nbsp;<\/p>\n<p>IH zapewnia nauczycielom doskona\u0142e warunki \u2013 plac\u00f3wka we Wroc\u0142awiu posiada bogato wyposa\u017cone zaplecze dydaktyczne, dost\u0119p do naj\u015bwie\u017cszych publikacji i najnowszych technologii oraz sprzyjaj\u0105c\u0105 pracy atmosfer\u0119. Dzi\u0119ki temu prowadz\u0105cy mog\u0105 dok\u0142adnie przemy\u015ble\u0107 i zaplanowa\u0107 ka\u017cde zaj\u0119cia oraz przygotowa\u0107 w\u0142a\u015bciwe materia\u0142y uzupe\u0142niaj\u0105ce. Nasza kadra to jeden z g\u0142\u00f3wnych powod\u00f3w, dla kt\u00f3rych kurs hiszpa\u0144skiego Wroc\u0142aw w International House to najlepszy wyb\u00f3r.[\/vc_column_text][\/vc_tab][vc_tab title=&#8221;Zapisy&#8221; tab_id=&#8221;1580734771963-5-0&#8243;][vc_column_text]Prawid\u0142owe okre\u015blenie poziomu zaawansowania i dob\u00f3r odpowiedniej grupy jest bardzo istotne dla efektywnej nauki, dlatego przyk\u0142adamy du\u017c\u0105 wag\u0119 do procedur kwalifikacyjnych. Je\u015bli dopiero zaczynasz swoj\u0105 przygod\u0119 z j\u0119zykiem hiszpa\u0144skim, mo\u017cesz zapisa\u0107 si\u0119 do grupy dla pocz\u0105tkuj\u0105cych bez testu wst\u0119pnego. Wystarczy skontaktowa\u0107 si\u0119 z biurem szko\u0142y i wybra\u0107 terminy zaj\u0119\u0107. Je\u015bli mia\u0142e\u015b ju\u017c wcze\u015bniej kontakt z tym j\u0119zykiem, zapraszamy na test oraz na rozmow\u0119 z lektorem. S\u0105 one bezp\u0142atne i nie obliguj\u0105 do zapisu, za to pozwalaj\u0105 dok\u0142adnie okre\u015bli\u0107, na jakim poziomie zaawansowania jeste\u015b. Test jest przeprowadzany w spos\u00f3b zupe\u0142nie bezstresowy i nie trzeba si\u0119 do niego specjalnie przygotowywa\u0107 \u2013 zale\u017cy nam na tym, aby pozna\u0107 rzeczywiste umiej\u0119tno\u015bci naszych przysz\u0142ych S\u0142uchaczy i zaproponowa\u0107 grup\u0119, w kt\u00f3rej nauka b\u0119dzie dla nich najbardziej efektywna. Na test mo\u017cna um\u00f3wi\u0107 si\u0119 osobi\u015bcie, telefonicznie lub mailowo. Po uko\u0144czeniu testu odbywa si\u0119 jeszcze kilkuminutowa rozmowa z lektorem, kt\u00f3ra ostatecznie weryfikuje i okre\u015bla poziom kompetencji j\u0119zykowej. Po ustaleniu poziomu zaawansowania pracownicy biura podadz\u0105 Pa\u0144stwu dost\u0119pne terminy zaj\u0119\u0107 i odpowiedz\u0105 na wszelkie pytania.[\/vc_column_text][\/vc_tab][vc_tab title=&#8221;Ucz si\u0119 hiszpa\u0144skiego za granic\u0105!&#8221; tab_id=&#8221;1580734807512-6-5&#8243;][vc_row_inner][vc_column_inner width=&#8221;1\/1&#8243;][vc_single_image media=&#8221;788&#8243; media_width_percent=&#8221;85&#8243; alignment=&#8221;center&#8221;][vc_column_text]Ucz si\u0119 hiszpa\u0144skiego za granic\u0105!<\/p>\n<p>&nbsp;<\/p>\n<p>Jak najskuteczniej nauczy\u0107 si\u0119 j\u0119zyka obcego? Oczywi\u015bcie u\u017cywaj\u0105c go w praktyce! Mo\u017cliwo\u015b\u0107 tak\u0105 daj\u0105 wyjazdy w ramach programu IH Study Abroad do kraj\u00f3w, gdzie studiowany j\u0119zyk jest j\u0119zykiem narodowym.<\/p>\n<p>Kurs hiszpa\u0144skiego za granic\u0105 pozwoli Ci do\u015bwiadczy\u0107 innej kultury, sposobu \u017cycia i specyfiki nauki w mi\u0119dzynarodowym otoczeniu. Wyjazdowy kurs hiszpa\u0144skiego jest najlepszym sposobem, aby poprawi\u0107 znajomo\u015b\u0107 j\u0119zyka i prze\u017cy\u0107 niepowtarzaln\u0105 przygod\u0119. Poznaj nowych ludzi i po\u0142\u0105cz nauk\u0119 ze zwiedzaniem atrakcyjnych miejsc. Zamie\u0144 Wroc\u0142aw na Madryt, Barcelon\u0119, Meksyk, Montevideo albo Buenos Aires!<\/p>\n<p>&nbsp;<\/p>\n<p>IH oferuje:<\/p>\n<p>\u2022wyjazdy indywidualne, w wybranym przez uczestnika terminie, przez ca\u0142y rok kalendarzowy,<\/p>\n<p>\u2022kursy dwutygodniowe i d\u0142u\u017csze, nawet do 12 tygodni, o r\u00f3\u017cnej intensywno\u015bci,<\/p>\n<p>\u2022mo\u017cliwo\u015b\u0107 zakwaterowania u rodziny lub w domach studenta w danym kraju,<\/p>\n<p>\u2022mo\u017cliwo\u015b\u0107 uiszczenia op\u0142at w z\u0142ot\u00f3wkach,<\/p>\n<p>\u2022praktyczne informacje dotycz\u0105ce wyjazdu.<\/p>\n<p>&nbsp;<\/p>\n<p>IH zapewnia:<\/p>\n<p>\u2022wysoko wykwalifikowan\u0105 kadr\u0119 nauczycielsk\u0105,<\/p>\n<p>\u2022najwy\u017cszej klasy kursy, na wielu poziomach zaawansowania,<\/p>\n<p>\u202265 lat do\u015bwiadczenia w nauczaniu j\u0119zyk\u00f3w obcych,<\/p>\n<p>\u2022innowacj\u0119 i kreatywno\u015b\u0107 w dydaktyce,<\/p>\n<p>\u2022profesjonalny i przyjazny zesp\u00f3\u0142 pracownik\u00f3w.<\/p>\n<p>&nbsp;<\/p>\n<p>Na kurs hiszpa\u0144skiego zapraszamy do szk\u00f3\u0142 IH w Hiszpanii: Barcelona, Madryt, Sewilla, San Sebastian, Kordoba, Valencia, Cadiz i Tarragona czekaj\u0105 na Ciebie! Mi\u0142o\u015bnikom dalekich podr\u00f3\u017cy i Ameryki Po\u0142udniowej polecamy wyjazdy do Meksyku, Urugwaju, Argentyny i Kolumbii! Dost\u0119pne s\u0105 r\u00f3wnie\u017c wakacyjne wyjazdy dla m\u0142odzie\u017cy.<\/p>\n<p>Z\u0142\u00f3\u017c zapytanie w biurze, a przygotujemy ofert\u0119 specjalnie dla Ciebie!<\/p>\n<p>Dost\u0119pne s\u0105 r\u00f3wnie\u017c wakacyjne wyjazdy dla m\u0142odzie\u017cy!<\/p>\n<p>&nbsp;<\/p>\n<p>Wi\u0119cej informacji znajdziesz\u00a0<a href=\"http:\/\/www.ih.com.pl\/wroclaw\/kursy_zagraniczne,s58.html\">tutaj<\/a>[\/vc_column_text][\/vc_column_inner][\/vc_row_inner][\/vc_tab][\/vc_tabs][\/vc_column][\/vc_row]<\/p>\n<\/div>","protected":false},"excerpt":{"rendered":"<p>[vc_row row_height_percent=&#8221;0&#8243; back_image=&#8221;352&#8243; overlay_color=&#8221;color-210407&#8243; overlay_alpha=&#8221;75&#8243; gutter_size=&#8221;3&#8243; column_width_percent=&#8221;100&#8243; shift_y=&#8221;0&#8243; z_index=&#8221;0&#8243;][vc_column width=&#8221;1\/1&#8243;][vc_custom_heading heading_semantic=&#8221;h1&#8243; text_color=&#8221;color-xsdn&#8221;]Kurs Hiszpa\u0144skiego[\/vc_custom_heading][\/vc_column][\/vc_row][vc_row row_height_percent=&#8221;0&#8243; back_color=&#8221;color-lxmt&#8221; overlay_alpha=&#8221;50&#8243; gutter_size=&#8221;3&#8243; column_width_percent=&#8221;100&#8243; shift_y=&#8221;0&#8243; z_index=&#8221;0&#8243;][vc_column [&hellip;]<\/p>\n","protected":false},"author":3,"featured_media":0,"parent":0,"menu_order":0,"comment_status":"closed","ping_status":"closed","template":"","meta":{"footnotes":""},"class_list":["post-644","page","type-page","status-publish","hentry"],"yoast_head":"<!-- This site is optimized with the Yoast SEO plugin v26.8 - https:\/\/yoast.com\/product\/yoast-seo-wordpress\/ -->\n<title>Kurs Hiszpa\u0144skiego Wroc\u0142aw - IH Wroc\u0142aw<\/title>\n<meta name=\"description\" content=\"Ciekawi Ci\u0119 pi\u0119kne brzmienie j\u0119zyka hiszpa\u0144skiego i kultura kraj\u00f3w hiszpa\u0144skoj\u0119zycznych? Wybierz nasz kurs hiszpa\u0144skiego we Wroc\u0142awiu. Sprawd\u017a nasz\u0105 ofert\u0119!\" \/>\n<meta name=\"robots\" content=\"index, follow, max-snippet:-1, max-image-preview:large, max-video-preview:-1\" \/>\n<link rel=\"canonical\" href=\"https:\/\/www.ih.com.pl\/wroclaw\/hiszpanski\/\" \/>\n<meta property=\"og:locale\" content=\"pl_PL\" \/>\n<meta property=\"og:type\" content=\"article\" \/>\n<meta property=\"og:title\" content=\"Kurs Hiszpa\u0144skiego Wroc\u0142aw - IH Wroc\u0142aw\" \/>\n<meta property=\"og:description\" content=\"Ciekawi Ci\u0119 pi\u0119kne brzmienie j\u0119zyka hiszpa\u0144skiego i kultura kraj\u00f3w hiszpa\u0144skoj\u0119zycznych? Wybierz nasz kurs hiszpa\u0144skiego we Wroc\u0142awiu. Sprawd\u017a nasz\u0105 ofert\u0119!\" \/>\n<meta property=\"og:url\" content=\"https:\/\/www.ih.com.pl\/wroclaw\/hiszpanski\/\" \/>\n<meta property=\"og:site_name\" content=\"IH Wroc\u0142aw\" \/>\n<meta property=\"article:modified_time\" content=\"2021-09-16T09:48:25+00:00\" \/>\n<meta name=\"twitter:card\" content=\"summary_large_image\" \/>\n<meta name=\"twitter:label1\" content=\"Szacowany czas czytania\" \/>\n\t<meta name=\"twitter:data1\" content=\"8 minut\" \/>\n<script type=\"application\/ld+json\" class=\"yoast-schema-graph\">{\"@context\":\"https:\/\/schema.org\",\"@graph\":[{\"@type\":\"WebPage\",\"@id\":\"https:\/\/www.ih.com.pl\/wroclaw\/hiszpanski\/\",\"url\":\"https:\/\/www.ih.com.pl\/wroclaw\/hiszpanski\/\",\"name\":\"Kurs Hiszpa\u0144skiego Wroc\u0142aw - IH Wroc\u0142aw\",\"isPartOf\":{\"@id\":\"https:\/\/www.ih.com.pl\/wroclaw\/#website\"},\"datePublished\":\"2020-02-03T12:55:09+00:00\",\"dateModified\":\"2021-09-16T09:48:25+00:00\",\"description\":\"Ciekawi Ci\u0119 pi\u0119kne brzmienie j\u0119zyka hiszpa\u0144skiego i kultura kraj\u00f3w hiszpa\u0144skoj\u0119zycznych? Wybierz nasz kurs hiszpa\u0144skiego we Wroc\u0142awiu. Sprawd\u017a nasz\u0105 ofert\u0119!\",\"breadcrumb\":{\"@id\":\"https:\/\/www.ih.com.pl\/wroclaw\/hiszpanski\/#breadcrumb\"},\"inLanguage\":\"pl-PL\",\"potentialAction\":[{\"@type\":\"ReadAction\",\"target\":[\"https:\/\/www.ih.com.pl\/wroclaw\/hiszpanski\/\"]}]},{\"@type\":\"BreadcrumbList\",\"@id\":\"https:\/\/www.ih.com.pl\/wroclaw\/hiszpanski\/#breadcrumb\",\"itemListElement\":[{\"@type\":\"ListItem\",\"position\":1,\"name\":\"Strona g\u0142\u00f3wna\",\"item\":\"https:\/\/www.ih.com.pl\/wroclaw\/\"},{\"@type\":\"ListItem\",\"position\":2,\"name\":\"Hiszpa\u0144ski\"}]},{\"@type\":\"WebSite\",\"@id\":\"https:\/\/www.ih.com.pl\/wroclaw\/#website\",\"url\":\"https:\/\/www.ih.com.pl\/wroclaw\/\",\"name\":\"IH Wroc\u0142aw\",\"description\":\"\",\"potentialAction\":[{\"@type\":\"SearchAction\",\"target\":{\"@type\":\"EntryPoint\",\"urlTemplate\":\"https:\/\/www.ih.com.pl\/wroclaw\/?s={search_term_string}\"},\"query-input\":{\"@type\":\"PropertyValueSpecification\",\"valueRequired\":true,\"valueName\":\"search_term_string\"}}],\"inLanguage\":\"pl-PL\"}]}<\/script>\n<!-- \/ Yoast SEO plugin. -->","yoast_head_json":{"title":"Kurs Hiszpa\u0144skiego Wroc\u0142aw - IH Wroc\u0142aw","description":"Ciekawi Ci\u0119 pi\u0119kne brzmienie j\u0119zyka hiszpa\u0144skiego i kultura kraj\u00f3w hiszpa\u0144skoj\u0119zycznych? Wybierz nasz kurs hiszpa\u0144skiego we Wroc\u0142awiu. Sprawd\u017a nasz\u0105 ofert\u0119!","robots":{"index":"index","follow":"follow","max-snippet":"max-snippet:-1","max-image-preview":"max-image-preview:large","max-video-preview":"max-video-preview:-1"},"canonical":"https:\/\/www.ih.com.pl\/wroclaw\/hiszpanski\/","og_locale":"pl_PL","og_type":"article","og_title":"Kurs Hiszpa\u0144skiego Wroc\u0142aw - IH Wroc\u0142aw","og_description":"Ciekawi Ci\u0119 pi\u0119kne brzmienie j\u0119zyka hiszpa\u0144skiego i kultura kraj\u00f3w hiszpa\u0144skoj\u0119zycznych? Wybierz nasz kurs hiszpa\u0144skiego we Wroc\u0142awiu. Sprawd\u017a nasz\u0105 ofert\u0119!","og_url":"https:\/\/www.ih.com.pl\/wroclaw\/hiszpanski\/","og_site_name":"IH Wroc\u0142aw","article_modified_time":"2021-09-16T09:48:25+00:00","twitter_card":"summary_large_image","twitter_misc":{"Szacowany czas czytania":"8 minut"},"schema":{"@context":"https:\/\/schema.org","@graph":[{"@type":"WebPage","@id":"https:\/\/www.ih.com.pl\/wroclaw\/hiszpanski\/","url":"https:\/\/www.ih.com.pl\/wroclaw\/hiszpanski\/","name":"Kurs Hiszpa\u0144skiego Wroc\u0142aw - IH Wroc\u0142aw","isPartOf":{"@id":"https:\/\/www.ih.com.pl\/wroclaw\/#website"},"datePublished":"2020-02-03T12:55:09+00:00","dateModified":"2021-09-16T09:48:25+00:00","description":"Ciekawi Ci\u0119 pi\u0119kne brzmienie j\u0119zyka hiszpa\u0144skiego i kultura kraj\u00f3w hiszpa\u0144skoj\u0119zycznych? Wybierz nasz kurs hiszpa\u0144skiego we Wroc\u0142awiu. Sprawd\u017a nasz\u0105 ofert\u0119!","breadcrumb":{"@id":"https:\/\/www.ih.com.pl\/wroclaw\/hiszpanski\/#breadcrumb"},"inLanguage":"pl-PL","potentialAction":[{"@type":"ReadAction","target":["https:\/\/www.ih.com.pl\/wroclaw\/hiszpanski\/"]}]},{"@type":"BreadcrumbList","@id":"https:\/\/www.ih.com.pl\/wroclaw\/hiszpanski\/#breadcrumb","itemListElement":[{"@type":"ListItem","position":1,"name":"Strona g\u0142\u00f3wna","item":"https:\/\/www.ih.com.pl\/wroclaw\/"},{"@type":"ListItem","position":2,"name":"Hiszpa\u0144ski"}]},{"@type":"WebSite","@id":"https:\/\/www.ih.com.pl\/wroclaw\/#website","url":"https:\/\/www.ih.com.pl\/wroclaw\/","name":"IH Wroc\u0142aw","description":"","potentialAction":[{"@type":"SearchAction","target":{"@type":"EntryPoint","urlTemplate":"https:\/\/www.ih.com.pl\/wroclaw\/?s={search_term_string}"},"query-input":{"@type":"PropertyValueSpecification","valueRequired":true,"valueName":"search_term_string"}}],"inLanguage":"pl-PL"}]}},"_links":{"self":[{"href":"https:\/\/www.ih.com.pl\/wroclaw\/wp-json\/wp\/v2\/pages\/644","targetHints":{"allow":["GET"]}}],"collection":[{"href":"https:\/\/www.ih.com.pl\/wroclaw\/wp-json\/wp\/v2\/pages"}],"about":[{"href":"https:\/\/www.ih.com.pl\/wroclaw\/wp-json\/wp\/v2\/types\/page"}],"author":[{"embeddable":true,"href":"https:\/\/www.ih.com.pl\/wroclaw\/wp-json\/wp\/v2\/users\/3"}],"replies":[{"embeddable":true,"href":"https:\/\/www.ih.com.pl\/wroclaw\/wp-json\/wp\/v2\/comments?post=644"}],"version-history":[{"count":50,"href":"https:\/\/www.ih.com.pl\/wroclaw\/wp-json\/wp\/v2\/pages\/644\/revisions"}],"predecessor-version":[{"id":1846,"href":"https:\/\/www.ih.com.pl\/wroclaw\/wp-json\/wp\/v2\/pages\/644\/revisions\/1846"}],"wp:attachment":[{"href":"https:\/\/www.ih.com.pl\/wroclaw\/wp-json\/wp\/v2\/media?parent=644"}],"curies":[{"name":"wp","href":"https:\/\/api.w.org\/{rel}","templated":true}]}}