{"id":794,"date":"2020-02-28T11:22:27","date_gmt":"2020-02-28T10:22:27","guid":{"rendered":"https:\/\/www.ih.com.pl\/wroclaw\/?page_id=794"},"modified":"2020-02-28T15:26:49","modified_gmt":"2020-02-28T14:26:49","slug":"kursy-zagraniczne","status":"publish","type":"page","link":"https:\/\/www.ih.com.pl\/wroclaw\/kursy-zagraniczne\/","title":{"rendered":"Kursy zagraniczne"},"content":{"rendered":"<div class=\"wpb-content-wrapper\"><p>[vc_row][vc_column width=&#8221;2\/3&#8243;][vc_row_inner row_inner_height_percent=&#8221;0&#8243; back_image=&#8221;797&#8243; overlay_alpha=&#8221;50&#8243; gutter_size=&#8221;3&#8243; shift_y=&#8221;0&#8243; z_index=&#8221;0&#8243;][vc_column_inner width=&#8221;1\/1&#8243;][vc_empty_space empty_h=&#8221;5&#8243;][\/vc_column_inner][\/vc_row_inner][vc_column_text]<strong>Ucz si\u0119 j\u0119zyka za granic\u0105!<\/strong><\/p>\n<p>Angielski w Anglii? W\u0142oski we W\u0142oszech?<\/p>\n<p>Francuski we Francji? Naturalnie!<\/p>\n<p>&nbsp;<\/p>\n<p><strong>Kursy zagraniczne<\/strong><\/p>\n<p>J\u0119zyka uczymy si\u0119 najskuteczniej, gdy u\u017cywamy go w praktyce. Mo\u017cliwo\u015b\u0107 tak\u0105 daj\u0105 wyjazdy w ramach programu IH Study Abroad do kraj\u00f3w, gdzie studiowany j\u0119zyk jest j\u0119zykiem narodowym. Kursy zagraniczne pozwalaj\u0105 do\u015bwiadczy\u0107 innej kultury, sposobu \u017cycia i specyfiki nauki w mi\u0119dzynarodowym otoczeniu. S\u0105 najlepszym sposobem, aby poprawi\u0107 znajomo\u015b\u0107 j\u0119zyka, prze\u017cy\u0107 niepowtarzaln\u0105 przygod\u0119, pozna\u0107 nowych ludzi i po\u0142\u0105czy\u0107 nauk\u0119 ze zwiedzaniem atrakcyjnych miejsc.<\/p>\n<p>Misj\u0105 IHWO\u00a0(International House World Organisation), mi\u0119dzynarodowej organizacji skupiaj\u0105cej ponad 150 szk\u00f3\u0142 na ca\u0142ym \u015bwiecie, jest promocja wysokich standard\u00f3w w nauczaniu j\u0119zyk\u00f3w oraz umo\u017cliwienie ludziom r\u00f3\u017cnych narodowo\u015bci lepsze poznanie si\u0119 i zrozumienie dzi\u0119ki wsp\u00f3lnej nauce i pracy. Organizacja IH propaguje innowacyjne metody oraz profesjonalizm w szkoleniu nauczycieli. W ka\u017cdej ze szk\u00f3\u0142 IH w ponad 50 krajach \u015bwiata mo\u017cna uczy\u0107 si\u0119 j\u0119zyka angielskiego, a w wielu r\u00f3wnie\u017c j\u0119zyka danego kraju na przyk\u0142ad francuskiego, hiszpa\u0144skiego, w\u0142oskiego, czy niemieckiego.<\/p>\n<p>IH oferuje:<\/p>\n<ul>\n<li>wyjazdy indywidualne, w wybranym przez uczestnika terminie, przez ca\u0142y rok kalendarzowy,<\/li>\n<li>kursy dwutygodniowe i d\u0142u\u017csze, nawet do 12 tygodni, o r\u00f3\u017cnej intensywno\u015bci,<\/li>\n<li>mo\u017cliwo\u015b\u0107 zakwaterowania u rodziny lub w domach studenta w danym kraju,<\/li>\n<li>mo\u017cliwo\u015b\u0107 uiszczenia op\u0142at w z\u0142ot\u00f3wkach,<\/li>\n<li>praktyczne informacje dotycz\u0105ce wyjazdu.<\/li>\n<\/ul>\n<p>IH zapewnia:<\/p>\n<ul>\n<li>wysoko wykwalifikowan\u0105 kadr\u0119 nauczycielsk\u0105,<\/li>\n<li>najwy\u017cszej klasy kursy, na wielu poziomach zaawansowania,<\/li>\n<li>60 lat do\u015bwiadczenia w nauczaniu j\u0119zyk\u00f3w obcych,<\/li>\n<li>innowacj\u0119 i kreatywno\u015b\u0107,<\/li>\n<li>profesjonalny i przyjazny zesp\u00f3\u0142 pracownik\u00f3w.<\/li>\n<\/ul>\n<p>Wi\u0119cej informacji znajdziesz\u00a0<a href=\"https:\/\/www.ih.com.pl\/wroclaw\/kursy-zagraniczne\/\">tutaj<\/a>[\/vc_column_text][\/vc_column][vc_column width=&#8221;1\/3&#8243;][vc_column_text]<\/p>\n<h6 style=\"text-align: left\"><strong>Poni\u017cej prezentujemy kilka propozycji wyjazdowych:<\/strong><\/h6>\n<p>[\/vc_column_text][vc_button button_color=&#8221;color-vyce&#8221; radius=&#8221;btn-round&#8221; wide=&#8221;yes&#8221; border_width=&#8221;0&#8243; link=&#8221;url:https%3A%2F%2Fwww.ihlondon.com%2Flearn-english%2F|title:Londyn|target:%20_blank|&#8221;]Londyn[\/vc_button][vc_button button_color=&#8221;color-vyce&#8221; radius=&#8221;btn-round&#8221; wide=&#8221;yes&#8221; border_width=&#8221;0&#8243; link=&#8221;url:https%3A%2F%2Fwww.ihnewcastle.com%2F|||&#8221;]Newcastle[\/vc_button][vc_button button_color=&#8221;color-vyce&#8221; radius=&#8221;btn-round&#8221; wide=&#8221;yes&#8221; border_width=&#8221;0&#8243; link=&#8221;url:http%3A%2F%2Fwww.ihaberdeen.com%2Fenglish-courses-scotland%2F|||&#8221;]Aberdeen[\/vc_button][vc_button button_color=&#8221;color-vyce&#8221; radius=&#8221;btn-round&#8221; wide=&#8221;yes&#8221; border_width=&#8221;0&#8243; link=&#8221;url:https%3A%2F%2Fwww.ihbristol.com%2Fenglish-courses|||&#8221;]Bristol[\/vc_button][vc_button button_color=&#8221;color-vyce&#8221; radius=&#8221;btn-round&#8221; wide=&#8221;yes&#8221; border_width=&#8221;0&#8243; link=&#8221;url:https%3A%2F%2Fwww.ihmalta.com%2Fen%2F|||&#8221;]Malta[\/vc_button][\/vc_column][\/vc_row]<\/p>\n<\/div>","protected":false},"excerpt":{"rendered":"<p>[vc_row][vc_column width=&#8221;2\/3&#8243;][vc_row_inner row_inner_height_percent=&#8221;0&#8243; back_image=&#8221;797&#8243; overlay_alpha=&#8221;50&#8243; gutter_size=&#8221;3&#8243; shift_y=&#8221;0&#8243; z_index=&#8221;0&#8243;][vc_column_inner width=&#8221;1\/1&#8243;][vc_empty_space empty_h=&#8221;5&#8243;][\/vc_column_inner][\/vc_row_inner][vc_column_text]Ucz si\u0119 j\u0119zyka za granic\u0105! Angielski w Anglii? W\u0142oski we W\u0142oszech? [&hellip;]<\/p>\n","protected":false},"author":3,"featured_media":0,"parent":0,"menu_order":0,"comment_status":"closed","ping_status":"closed","template":"","meta":{"footnotes":""},"class_list":["post-794","page","type-page","status-publish","hentry"],"yoast_head":"<!-- This site is optimized with the Yoast SEO plugin v26.8 - https:\/\/yoast.com\/product\/yoast-seo-wordpress\/ -->\n<title>Kursy zagraniczne - IH Wroc\u0142aw<\/title>\n<meta name=\"robots\" content=\"index, follow, max-snippet:-1, max-image-preview:large, max-video-preview:-1\" \/>\n<link rel=\"canonical\" href=\"https:\/\/www.ih.com.pl\/wroclaw\/kursy-zagraniczne\/\" \/>\n<meta property=\"og:locale\" content=\"pl_PL\" \/>\n<meta property=\"og:type\" content=\"article\" \/>\n<meta property=\"og:title\" content=\"Kursy zagraniczne - IH Wroc\u0142aw\" \/>\n<meta property=\"og:description\" content=\"[vc_row][vc_column width=&#8221;2\/3&#8243;][vc_row_inner row_inner_height_percent=&#8221;0&#8243; back_image=&#8221;797&#8243; overlay_alpha=&#8221;50&#8243; gutter_size=&#8221;3&#8243; shift_y=&#8221;0&#8243; z_index=&#8221;0&#8243;][vc_column_inner width=&#8221;1\/1&#8243;][vc_empty_space empty_h=&#8221;5&#8243;][\/vc_column_inner][\/vc_row_inner][vc_column_text]Ucz si\u0119 j\u0119zyka za granic\u0105! Angielski w Anglii? W\u0142oski we W\u0142oszech? [&hellip;]\" \/>\n<meta property=\"og:url\" content=\"https:\/\/www.ih.com.pl\/wroclaw\/kursy-zagraniczne\/\" \/>\n<meta property=\"og:site_name\" content=\"IH Wroc\u0142aw\" \/>\n<meta property=\"article:modified_time\" content=\"2020-02-28T14:26:49+00:00\" \/>\n<meta name=\"twitter:card\" content=\"summary_large_image\" \/>\n<meta name=\"twitter:label1\" content=\"Szacowany czas czytania\" \/>\n\t<meta name=\"twitter:data1\" content=\"2 minuty\" \/>\n<script type=\"application\/ld+json\" class=\"yoast-schema-graph\">{\"@context\":\"https:\/\/schema.org\",\"@graph\":[{\"@type\":\"WebPage\",\"@id\":\"https:\/\/www.ih.com.pl\/wroclaw\/kursy-zagraniczne\/\",\"url\":\"https:\/\/www.ih.com.pl\/wroclaw\/kursy-zagraniczne\/\",\"name\":\"Kursy zagraniczne - IH Wroc\u0142aw\",\"isPartOf\":{\"@id\":\"https:\/\/www.ih.com.pl\/wroclaw\/#website\"},\"datePublished\":\"2020-02-28T10:22:27+00:00\",\"dateModified\":\"2020-02-28T14:26:49+00:00\",\"breadcrumb\":{\"@id\":\"https:\/\/www.ih.com.pl\/wroclaw\/kursy-zagraniczne\/#breadcrumb\"},\"inLanguage\":\"pl-PL\",\"potentialAction\":[{\"@type\":\"ReadAction\",\"target\":[\"https:\/\/www.ih.com.pl\/wroclaw\/kursy-zagraniczne\/\"]}]},{\"@type\":\"BreadcrumbList\",\"@id\":\"https:\/\/www.ih.com.pl\/wroclaw\/kursy-zagraniczne\/#breadcrumb\",\"itemListElement\":[{\"@type\":\"ListItem\",\"position\":1,\"name\":\"Strona g\u0142\u00f3wna\",\"item\":\"https:\/\/www.ih.com.pl\/wroclaw\/\"},{\"@type\":\"ListItem\",\"position\":2,\"name\":\"Kursy zagraniczne\"}]},{\"@type\":\"WebSite\",\"@id\":\"https:\/\/www.ih.com.pl\/wroclaw\/#website\",\"url\":\"https:\/\/www.ih.com.pl\/wroclaw\/\",\"name\":\"IH Wroc\u0142aw\",\"description\":\"\",\"potentialAction\":[{\"@type\":\"SearchAction\",\"target\":{\"@type\":\"EntryPoint\",\"urlTemplate\":\"https:\/\/www.ih.com.pl\/wroclaw\/?s={search_term_string}\"},\"query-input\":{\"@type\":\"PropertyValueSpecification\",\"valueRequired\":true,\"valueName\":\"search_term_string\"}}],\"inLanguage\":\"pl-PL\"}]}<\/script>\n<!-- \/ Yoast SEO plugin. -->","yoast_head_json":{"title":"Kursy zagraniczne - IH Wroc\u0142aw","robots":{"index":"index","follow":"follow","max-snippet":"max-snippet:-1","max-image-preview":"max-image-preview:large","max-video-preview":"max-video-preview:-1"},"canonical":"https:\/\/www.ih.com.pl\/wroclaw\/kursy-zagraniczne\/","og_locale":"pl_PL","og_type":"article","og_title":"Kursy zagraniczne - IH Wroc\u0142aw","og_description":"[vc_row][vc_column width=&#8221;2\/3&#8243;][vc_row_inner row_inner_height_percent=&#8221;0&#8243; back_image=&#8221;797&#8243; overlay_alpha=&#8221;50&#8243; gutter_size=&#8221;3&#8243; shift_y=&#8221;0&#8243; z_index=&#8221;0&#8243;][vc_column_inner width=&#8221;1\/1&#8243;][vc_empty_space empty_h=&#8221;5&#8243;][\/vc_column_inner][\/vc_row_inner][vc_column_text]Ucz si\u0119 j\u0119zyka za granic\u0105! Angielski w Anglii? W\u0142oski we W\u0142oszech? [&hellip;]","og_url":"https:\/\/www.ih.com.pl\/wroclaw\/kursy-zagraniczne\/","og_site_name":"IH Wroc\u0142aw","article_modified_time":"2020-02-28T14:26:49+00:00","twitter_card":"summary_large_image","twitter_misc":{"Szacowany czas czytania":"2 minuty"},"schema":{"@context":"https:\/\/schema.org","@graph":[{"@type":"WebPage","@id":"https:\/\/www.ih.com.pl\/wroclaw\/kursy-zagraniczne\/","url":"https:\/\/www.ih.com.pl\/wroclaw\/kursy-zagraniczne\/","name":"Kursy zagraniczne - IH Wroc\u0142aw","isPartOf":{"@id":"https:\/\/www.ih.com.pl\/wroclaw\/#website"},"datePublished":"2020-02-28T10:22:27+00:00","dateModified":"2020-02-28T14:26:49+00:00","breadcrumb":{"@id":"https:\/\/www.ih.com.pl\/wroclaw\/kursy-zagraniczne\/#breadcrumb"},"inLanguage":"pl-PL","potentialAction":[{"@type":"ReadAction","target":["https:\/\/www.ih.com.pl\/wroclaw\/kursy-zagraniczne\/"]}]},{"@type":"BreadcrumbList","@id":"https:\/\/www.ih.com.pl\/wroclaw\/kursy-zagraniczne\/#breadcrumb","itemListElement":[{"@type":"ListItem","position":1,"name":"Strona g\u0142\u00f3wna","item":"https:\/\/www.ih.com.pl\/wroclaw\/"},{"@type":"ListItem","position":2,"name":"Kursy zagraniczne"}]},{"@type":"WebSite","@id":"https:\/\/www.ih.com.pl\/wroclaw\/#website","url":"https:\/\/www.ih.com.pl\/wroclaw\/","name":"IH Wroc\u0142aw","description":"","potentialAction":[{"@type":"SearchAction","target":{"@type":"EntryPoint","urlTemplate":"https:\/\/www.ih.com.pl\/wroclaw\/?s={search_term_string}"},"query-input":{"@type":"PropertyValueSpecification","valueRequired":true,"valueName":"search_term_string"}}],"inLanguage":"pl-PL"}]}},"_links":{"self":[{"href":"https:\/\/www.ih.com.pl\/wroclaw\/wp-json\/wp\/v2\/pages\/794","targetHints":{"allow":["GET"]}}],"collection":[{"href":"https:\/\/www.ih.com.pl\/wroclaw\/wp-json\/wp\/v2\/pages"}],"about":[{"href":"https:\/\/www.ih.com.pl\/wroclaw\/wp-json\/wp\/v2\/types\/page"}],"author":[{"embeddable":true,"href":"https:\/\/www.ih.com.pl\/wroclaw\/wp-json\/wp\/v2\/users\/3"}],"replies":[{"embeddable":true,"href":"https:\/\/www.ih.com.pl\/wroclaw\/wp-json\/wp\/v2\/comments?post=794"}],"version-history":[{"count":30,"href":"https:\/\/www.ih.com.pl\/wroclaw\/wp-json\/wp\/v2\/pages\/794\/revisions"}],"predecessor-version":[{"id":828,"href":"https:\/\/www.ih.com.pl\/wroclaw\/wp-json\/wp\/v2\/pages\/794\/revisions\/828"}],"wp:attachment":[{"href":"https:\/\/www.ih.com.pl\/wroclaw\/wp-json\/wp\/v2\/media?parent=794"}],"curies":[{"name":"wp","href":"https:\/\/api.w.org\/{rel}","templated":true}]}}